{"id":29550,"date":"2023-05-23T16:31:14","date_gmt":"2023-05-23T14:31:14","guid":{"rendered":"https:\/\/stephaniecesaire.com\/boutique\/uncategorized\/titi-tie-nylon-tresse-multicolore\/"},"modified":"2024-07-09T16:00:45","modified_gmt":"2024-07-09T14:00:45","slug":"titi-tie-nylon-tresse-multicolore","status":"publish","type":"product","link":"https:\/\/www.stephaniecesaire.com\/en\/boutique\/bags\/titi-en\/titi-tie-nylon-tresse-multicolore\/","title":{"rendered":"Titi tie &#8211; Woven nylon &#8211; Multicolor"},"content":{"rendered":"<p>Titi Tie is made of twisted, hand-knotted nylon yarns and accessorized with a signed metal clasp to maintain its shape. Though unlined, it has a reclosable inner pouch made in 100% cotton.<\/p>\n<p>Done in collaboration with Kente Project, it is manufactured and developed by Togolese craftsmen.<\/p>\n","protected":false},"excerpt":{"rendered":"<p>Our fertile collaboration with Estelle Yom\u00e9da and *Kente project continues by updating the Titi tote bag using a technique from Togolese craftsmen.<\/p>\n<p>TITI TIE, handwoven in a twisted nylon yarn used by local fishermen, is made by a craftsman who inherited their traditional knotting technique and offers his colorful interpretation.<\/p>\n<p><em><strong><span style=\"color: #993300,;\"><a style=\"color: #993300,;\" href=\"https:\/\/www.kenteproject.com\/\">*Kente project<\/a> <\/span><\/strong>contributes to the economic development of very small structures and independent craftsmen and also the preservation of traditional Togolese skills.<\/em><\/p>\n","protected":false},"featured_media":25168,"template":"","meta":[],"product_cat":[613],"product_tag":[],"class_list":{"0":"post-29550","1":"product","2":"type-product","3":"status-publish","4":"has-post-thumbnail","6":"product_cat-titi-en","7":"product_shipping_class-classe-de-livraison-1","8":"pa_porte-shoulder-bags","9":"pa_volume-medium-bags","10":"pa_volume-sacs-souples-en","11":"pa_volume-sacs-tresses-en","13":"first","14":"instock","15":"sold-individually","16":"taxable","17":"shipping-taxable","18":"purchasable","19":"product-type-simple"},"yoast_head":"<!-- This site is optimized with the Yoast SEO plugin v23.1 - https:\/\/yoast.com\/wordpress\/plugins\/seo\/ -->\n<title>Titi tie - Woven nylon - Multicolor - C\u00e9saire<\/title>\n<meta name=\"description\" content=\"Le cabas tress\u00c3\u00a9 Titi Tie est r\u00c3\u00a9alis\u00c3\u00a9 \u00c3\u00a0 la main dans un fil de nylon torsad\u00c3\u00a9, coutumier des p\u00c3\u00aacheurs locaux par un artisan h\u00c3\u00a9ritier de cette technique de nouage traditionnelle.\" \/>\n<meta name=\"robots\" content=\"index, follow, max-snippet:-1, max-image-preview:large, max-video-preview:-1\" \/>\n<link rel=\"canonical\" href=\"https:\/\/www.stephaniecesaire.com\/en\/boutique\/bags\/titi-en\/titi-tie-nylon-tresse-multicolore\/\" \/>\n<meta property=\"og:locale\" content=\"en_US\" \/>\n<meta property=\"og:type\" content=\"article\" \/>\n<meta property=\"og:title\" content=\"Titi tie - Woven nylon - Multicolor - C\u00e9saire\" \/>\n<meta property=\"og:description\" content=\"Le cabas tress\u00c3\u00a9 Titi Tie est r\u00c3\u00a9alis\u00c3\u00a9 \u00c3\u00a0 la main dans un fil de nylon torsad\u00c3\u00a9, coutumier des p\u00c3\u00aacheurs locaux par un artisan h\u00c3\u00a9ritier de cette technique de nouage traditionnelle.\" \/>\n<meta property=\"og:url\" content=\"https:\/\/www.stephaniecesaire.com\/en\/boutique\/bags\/titi-en\/titi-tie-nylon-tresse-multicolore\/\" \/>\n<meta property=\"og:site_name\" content=\"C\u00e9saire\" \/>\n<meta property=\"article:publisher\" content=\"https:\/\/www.facebook.com\/cesaireparis\/\" \/>\n<meta property=\"article:modified_time\" content=\"2024-07-09T14:00:45+00:00\" \/>\n<meta property=\"og:image\" content=\"https:\/\/www.stephaniecesaire.com\/wp-content\/uploads\/2023\/09\/TITITIEMultiface-jpg.webp\" \/>\n\t<meta property=\"og:image:width\" content=\"630\" \/>\n\t<meta property=\"og:image:height\" content=\"945\" \/>\n\t<meta property=\"og:image:type\" content=\"image\/jpeg\" \/>\n<meta name=\"twitter:card\" content=\"summary_large_image\" \/>\n<meta name=\"twitter:label1\" content=\"Est. reading time\" \/>\n\t<meta name=\"twitter:data1\" content=\"1 minute\" \/>\n<script type=\"application\/ld+json\" class=\"yoast-schema-graph\">{\"@context\":\"https:\/\/schema.org\",\"@graph\":[{\"@type\":\"WebPage\",\"@id\":\"https:\/\/www.stephaniecesaire.com\/en\/boutique\/bags\/titi-en\/titi-tie-nylon-tresse-multicolore\/\",\"url\":\"https:\/\/www.stephaniecesaire.com\/en\/boutique\/bags\/titi-en\/titi-tie-nylon-tresse-multicolore\/\",\"name\":\"Titi tie - Woven nylon - Multicolor - C\u00e9saire\",\"isPartOf\":{\"@id\":\"https:\/\/www.stephaniecesaire.com\/en\/#website\"},\"primaryImageOfPage\":{\"@id\":\"https:\/\/www.stephaniecesaire.com\/en\/boutique\/bags\/titi-en\/titi-tie-nylon-tresse-multicolore\/#primaryimage\"},\"image\":{\"@id\":\"https:\/\/www.stephaniecesaire.com\/en\/boutique\/bags\/titi-en\/titi-tie-nylon-tresse-multicolore\/#primaryimage\"},\"thumbnailUrl\":\"https:\/\/www.stephaniecesaire.com\/wp-content\/uploads\/2023\/09\/TITITIEMultiface-jpg.webp\",\"datePublished\":\"2023-05-23T14:31:14+00:00\",\"dateModified\":\"2024-07-09T14:00:45+00:00\",\"description\":\"Le cabas tress\u00c3\u00a9 Titi Tie est r\u00c3\u00a9alis\u00c3\u00a9 \u00c3\u00a0 la main dans un fil de nylon torsad\u00c3\u00a9, coutumier des p\u00c3\u00aacheurs locaux par un artisan h\u00c3\u00a9ritier de cette technique de nouage traditionnelle.\",\"breadcrumb\":{\"@id\":\"https:\/\/www.stephaniecesaire.com\/en\/boutique\/bags\/titi-en\/titi-tie-nylon-tresse-multicolore\/#breadcrumb\"},\"inLanguage\":\"en-US\",\"potentialAction\":[{\"@type\":\"ReadAction\",\"target\":[\"https:\/\/www.stephaniecesaire.com\/en\/boutique\/bags\/titi-en\/titi-tie-nylon-tresse-multicolore\/\"]}]},{\"@type\":\"ImageObject\",\"inLanguage\":\"en-US\",\"@id\":\"https:\/\/www.stephaniecesaire.com\/en\/boutique\/bags\/titi-en\/titi-tie-nylon-tresse-multicolore\/#primaryimage\",\"url\":\"https:\/\/www.stephaniecesaire.com\/wp-content\/uploads\/2023\/09\/TITITIEMultiface-jpg.webp\",\"contentUrl\":\"https:\/\/www.stephaniecesaire.com\/wp-content\/uploads\/2023\/09\/TITITIEMultiface-jpg.webp\",\"width\":630,\"height\":945},{\"@type\":\"BreadcrumbList\",\"@id\":\"https:\/\/www.stephaniecesaire.com\/en\/boutique\/bags\/titi-en\/titi-tie-nylon-tresse-multicolore\/#breadcrumb\",\"itemListElement\":[{\"@type\":\"ListItem\",\"position\":1,\"name\":\"Accueil\",\"item\":\"https:\/\/www.stephaniecesaire.com\/en\/\"},{\"@type\":\"ListItem\",\"position\":2,\"name\":\"Shop\",\"item\":\"https:\/\/www.stephaniecesaire.com\/en\/shop\/\"},{\"@type\":\"ListItem\",\"position\":3,\"name\":\"Titi tie &#8211; Woven nylon &#8211; Multicolor\"}]},{\"@type\":\"WebSite\",\"@id\":\"https:\/\/www.stephaniecesaire.com\/en\/#website\",\"url\":\"https:\/\/www.stephaniecesaire.com\/en\/\",\"name\":\"St\u00e9phanie C\u00e9saire\",\"description\":\"Sac cr\u00e9ateur made in France - Maroquinerie de luxe\",\"publisher\":{\"@id\":\"https:\/\/www.stephaniecesaire.com\/en\/#organization\"},\"potentialAction\":[{\"@type\":\"SearchAction\",\"target\":{\"@type\":\"EntryPoint\",\"urlTemplate\":\"https:\/\/www.stephaniecesaire.com\/en\/?s={search_term_string}\"},\"query-input\":\"required name=search_term_string\"}],\"inLanguage\":\"en-US\"},{\"@type\":\"Organization\",\"@id\":\"https:\/\/www.stephaniecesaire.com\/en\/#organization\",\"name\":\"St\u00e9phanie C\u00e9saire\",\"url\":\"https:\/\/www.stephaniecesaire.com\/en\/\",\"logo\":{\"@type\":\"ImageObject\",\"inLanguage\":\"en-US\",\"@id\":\"https:\/\/www.stephaniecesaire.com\/en\/#\/schema\/logo\/image\/\",\"url\":\"https:\/\/www.stephaniecesaire.com\/wp-content\/uploads\/2023\/10\/favicon.png\",\"contentUrl\":\"https:\/\/www.stephaniecesaire.com\/wp-content\/uploads\/2023\/10\/favicon.png\",\"width\":512,\"height\":512,\"caption\":\"St\u00e9phanie C\u00e9saire\"},\"image\":{\"@id\":\"https:\/\/www.stephaniecesaire.com\/en\/#\/schema\/logo\/image\/\"},\"sameAs\":[\"https:\/\/www.facebook.com\/cesaireparis\/\",\"https:\/\/www.pinterest.fr\/cesaireparis\/\",\"https:\/\/www.instagram.com\/cesaireparis.official\/\"]}]}<\/script>\n<!-- \/ Yoast SEO plugin. -->","yoast_head_json":{"title":"Titi tie - Woven nylon - Multicolor - C\u00e9saire","description":"Le cabas tress\u00c3\u00a9 Titi Tie est r\u00c3\u00a9alis\u00c3\u00a9 \u00c3\u00a0 la main dans un fil de nylon torsad\u00c3\u00a9, coutumier des p\u00c3\u00aacheurs locaux par un artisan h\u00c3\u00a9ritier de cette technique de nouage traditionnelle.","robots":{"index":"index","follow":"follow","max-snippet":"max-snippet:-1","max-image-preview":"max-image-preview:large","max-video-preview":"max-video-preview:-1"},"canonical":"https:\/\/www.stephaniecesaire.com\/en\/boutique\/bags\/titi-en\/titi-tie-nylon-tresse-multicolore\/","og_locale":"en_US","og_type":"article","og_title":"Titi tie - Woven nylon - Multicolor - C\u00e9saire","og_description":"Le cabas tress\u00c3\u00a9 Titi Tie est r\u00c3\u00a9alis\u00c3\u00a9 \u00c3\u00a0 la main dans un fil de nylon torsad\u00c3\u00a9, coutumier des p\u00c3\u00aacheurs locaux par un artisan h\u00c3\u00a9ritier de cette technique de nouage traditionnelle.","og_url":"https:\/\/www.stephaniecesaire.com\/en\/boutique\/bags\/titi-en\/titi-tie-nylon-tresse-multicolore\/","og_site_name":"C\u00e9saire","article_publisher":"https:\/\/www.facebook.com\/cesaireparis\/","article_modified_time":"2024-07-09T14:00:45+00:00","og_image":[{"width":630,"height":945,"url":"https:\/\/www.stephaniecesaire.com\/wp-content\/uploads\/2023\/09\/TITITIEMultiface-jpg.webp","type":"image\/jpeg"}],"twitter_card":"summary_large_image","twitter_misc":{"Est. reading time":"1 minute"},"schema":{"@context":"https:\/\/schema.org","@graph":[{"@type":"WebPage","@id":"https:\/\/www.stephaniecesaire.com\/en\/boutique\/bags\/titi-en\/titi-tie-nylon-tresse-multicolore\/","url":"https:\/\/www.stephaniecesaire.com\/en\/boutique\/bags\/titi-en\/titi-tie-nylon-tresse-multicolore\/","name":"Titi tie - Woven nylon - Multicolor - C\u00e9saire","isPartOf":{"@id":"https:\/\/www.stephaniecesaire.com\/en\/#website"},"primaryImageOfPage":{"@id":"https:\/\/www.stephaniecesaire.com\/en\/boutique\/bags\/titi-en\/titi-tie-nylon-tresse-multicolore\/#primaryimage"},"image":{"@id":"https:\/\/www.stephaniecesaire.com\/en\/boutique\/bags\/titi-en\/titi-tie-nylon-tresse-multicolore\/#primaryimage"},"thumbnailUrl":"https:\/\/www.stephaniecesaire.com\/wp-content\/uploads\/2023\/09\/TITITIEMultiface-jpg.webp","datePublished":"2023-05-23T14:31:14+00:00","dateModified":"2024-07-09T14:00:45+00:00","description":"Le cabas tress\u00c3\u00a9 Titi Tie est r\u00c3\u00a9alis\u00c3\u00a9 \u00c3\u00a0 la main dans un fil de nylon torsad\u00c3\u00a9, coutumier des p\u00c3\u00aacheurs locaux par un artisan h\u00c3\u00a9ritier de cette technique de nouage traditionnelle.","breadcrumb":{"@id":"https:\/\/www.stephaniecesaire.com\/en\/boutique\/bags\/titi-en\/titi-tie-nylon-tresse-multicolore\/#breadcrumb"},"inLanguage":"en-US","potentialAction":[{"@type":"ReadAction","target":["https:\/\/www.stephaniecesaire.com\/en\/boutique\/bags\/titi-en\/titi-tie-nylon-tresse-multicolore\/"]}]},{"@type":"ImageObject","inLanguage":"en-US","@id":"https:\/\/www.stephaniecesaire.com\/en\/boutique\/bags\/titi-en\/titi-tie-nylon-tresse-multicolore\/#primaryimage","url":"https:\/\/www.stephaniecesaire.com\/wp-content\/uploads\/2023\/09\/TITITIEMultiface-jpg.webp","contentUrl":"https:\/\/www.stephaniecesaire.com\/wp-content\/uploads\/2023\/09\/TITITIEMultiface-jpg.webp","width":630,"height":945},{"@type":"BreadcrumbList","@id":"https:\/\/www.stephaniecesaire.com\/en\/boutique\/bags\/titi-en\/titi-tie-nylon-tresse-multicolore\/#breadcrumb","itemListElement":[{"@type":"ListItem","position":1,"name":"Accueil","item":"https:\/\/www.stephaniecesaire.com\/en\/"},{"@type":"ListItem","position":2,"name":"Shop","item":"https:\/\/www.stephaniecesaire.com\/en\/shop\/"},{"@type":"ListItem","position":3,"name":"Titi tie &#8211; Woven nylon &#8211; Multicolor"}]},{"@type":"WebSite","@id":"https:\/\/www.stephaniecesaire.com\/en\/#website","url":"https:\/\/www.stephaniecesaire.com\/en\/","name":"St\u00e9phanie C\u00e9saire","description":"Sac cr\u00e9ateur made in France - Maroquinerie de luxe","publisher":{"@id":"https:\/\/www.stephaniecesaire.com\/en\/#organization"},"potentialAction":[{"@type":"SearchAction","target":{"@type":"EntryPoint","urlTemplate":"https:\/\/www.stephaniecesaire.com\/en\/?s={search_term_string}"},"query-input":"required name=search_term_string"}],"inLanguage":"en-US"},{"@type":"Organization","@id":"https:\/\/www.stephaniecesaire.com\/en\/#organization","name":"St\u00e9phanie C\u00e9saire","url":"https:\/\/www.stephaniecesaire.com\/en\/","logo":{"@type":"ImageObject","inLanguage":"en-US","@id":"https:\/\/www.stephaniecesaire.com\/en\/#\/schema\/logo\/image\/","url":"https:\/\/www.stephaniecesaire.com\/wp-content\/uploads\/2023\/10\/favicon.png","contentUrl":"https:\/\/www.stephaniecesaire.com\/wp-content\/uploads\/2023\/10\/favicon.png","width":512,"height":512,"caption":"St\u00e9phanie C\u00e9saire"},"image":{"@id":"https:\/\/www.stephaniecesaire.com\/en\/#\/schema\/logo\/image\/"},"sameAs":["https:\/\/www.facebook.com\/cesaireparis\/","https:\/\/www.pinterest.fr\/cesaireparis\/","https:\/\/www.instagram.com\/cesaireparis.official\/"]}]}},"_links":{"self":[{"href":"https:\/\/www.stephaniecesaire.com\/en\/wp-json\/wp\/v2\/product\/29550","targetHints":{"allow":["GET"]}}],"collection":[{"href":"https:\/\/www.stephaniecesaire.com\/en\/wp-json\/wp\/v2\/product"}],"about":[{"href":"https:\/\/www.stephaniecesaire.com\/en\/wp-json\/wp\/v2\/types\/product"}],"wp:featuredmedia":[{"embeddable":true,"href":"https:\/\/www.stephaniecesaire.com\/en\/wp-json\/wp\/v2\/media\/25168"}],"wp:attachment":[{"href":"https:\/\/www.stephaniecesaire.com\/en\/wp-json\/wp\/v2\/media?parent=29550"}],"wp:term":[{"taxonomy":"product_cat","embeddable":true,"href":"https:\/\/www.stephaniecesaire.com\/en\/wp-json\/wp\/v2\/product_cat?post=29550"},{"taxonomy":"product_tag","embeddable":true,"href":"https:\/\/www.stephaniecesaire.com\/en\/wp-json\/wp\/v2\/product_tag?post=29550"}],"curies":[{"name":"wp","href":"https:\/\/api.w.org\/{rel}","templated":true}]}}