{"id":29559,"date":"2023-04-25T18:24:16","date_gmt":"2023-04-25T16:24:16","guid":{"rendered":"https:\/\/stephaniecesaire.com\/boutique\/uncategorized\/no-cuir-de-taurillon-graine-noir-2\/"},"modified":"2024-06-21T16:07:06","modified_gmt":"2024-06-21T14:07:06","slug":"no-cuir-de-taurillon-graine-noir-2","status":"publish","type":"product","link":"https:\/\/www.stephaniecesaire.com\/en\/boutique\/bags\/no-en\/no-cuir-de-taurillon-graine-noir-2\/","title":{"rendered":"N\u00f4 &#8211; grained bull leather Black."},"content":{"rendered":"<p>The simply-cut structure is done on skins that often have irregular looks or hands while the inside pouch in supple leather, closed by drawstring ties, can be changed at whim.\u00a0The unique leathers used guarantees that this beautiful combo will be unique and sustainable. N\u00f4 is made in France.<\/p>\n","protected":false},"excerpt":{"rendered":"<p>N\u00f4 is a timeless, singular, kinetic creation whose evolutive, visual concept is based on the simplicity of its conception.The symbolic principal of a flat cut that expands can be developed and used for other materials or universes.\u00a0This handcrafted, minimal creation that reveals beauty in an ultimate, simple object, represents a sustainable, responsible creation in harmony with our planet.<\/p>\n","protected":false},"featured_media":25859,"template":"","meta":[],"product_cat":[623],"product_tag":[672],"class_list":{"0":"post-29559","1":"product","2":"type-product","3":"status-publish","4":"has-post-thumbnail","6":"product_cat-no-en","7":"product_tag-new-products","8":"product_shipping_class-classe-de-livraison-1","9":"pa_porte-handbags","10":"pa_volume-sacs-souples-en","11":"pa_volume-small-bags","13":"first","14":"outofstock","15":"sold-individually","16":"taxable","17":"shipping-taxable","18":"purchasable","19":"product-type-simple"},"yoast_head":"<!-- This site is optimized with the Yoast SEO plugin v23.1 - https:\/\/yoast.com\/wordpress\/plugins\/seo\/ -->\n<title>Mini sac N\u00f4 - grained bull leather Black. - C\u00e9saire Paris - sac fabriqu\u00c3\u00a9 en France<\/title>\n<meta name=\"description\" content=\"N\u00c3\u00b4 mini sac adorable et changeant se d\u00c3\u00a9ploie en trois dimensions. Ravissant il donne \u00c3\u00a0 la silhouette une gait\u00c3\u00a9 singuli\u00c3\u00a8re. N\u00c3\u00b4 est fabriqu\u00c3\u00a9 en France.\" \/>\n<meta name=\"robots\" content=\"index, follow, max-snippet:-1, max-image-preview:large, max-video-preview:-1\" \/>\n<link rel=\"canonical\" href=\"https:\/\/www.stephaniecesaire.com\/en\/boutique\/bags\/no-en\/no-cuir-de-taurillon-graine-noir-2\/\" \/>\n<meta property=\"og:locale\" content=\"en_US\" \/>\n<meta property=\"og:type\" content=\"article\" \/>\n<meta property=\"og:title\" content=\"Mini sac N\u00f4 - grained bull leather Black. - C\u00e9saire Paris - sac fabriqu\u00c3\u00a9 en France\" \/>\n<meta property=\"og:description\" content=\"N\u00c3\u00b4 mini sac adorable et changeant se d\u00c3\u00a9ploie en trois dimensions. Ravissant il donne \u00c3\u00a0 la silhouette une gait\u00c3\u00a9 singuli\u00c3\u00a8re. N\u00c3\u00b4 est fabriqu\u00c3\u00a9 en France.\" \/>\n<meta property=\"og:url\" content=\"https:\/\/www.stephaniecesaire.com\/en\/boutique\/bags\/no-en\/no-cuir-de-taurillon-graine-noir-2\/\" \/>\n<meta property=\"og:site_name\" content=\"C\u00e9saire\" \/>\n<meta property=\"article:publisher\" content=\"https:\/\/www.facebook.com\/cesaireparis\/\" \/>\n<meta property=\"article:modified_time\" content=\"2024-06-21T14:07:06+00:00\" \/>\n<meta property=\"og:image\" content=\"https:\/\/www.stephaniecesaire.com\/wp-content\/uploads\/2023\/09\/NoRagNoirRoseFace-jpg.webp\" \/>\n\t<meta property=\"og:image:width\" content=\"630\" \/>\n\t<meta property=\"og:image:height\" content=\"945\" \/>\n\t<meta property=\"og:image:type\" content=\"image\/jpeg\" \/>\n<meta name=\"twitter:card\" content=\"summary_large_image\" \/>\n<meta name=\"twitter:label1\" content=\"Est. reading time\" \/>\n\t<meta name=\"twitter:data1\" content=\"1 minute\" \/>\n<script type=\"application\/ld+json\" class=\"yoast-schema-graph\">{\"@context\":\"https:\/\/schema.org\",\"@graph\":[{\"@type\":\"WebPage\",\"@id\":\"https:\/\/www.stephaniecesaire.com\/en\/boutique\/bags\/no-en\/no-cuir-de-taurillon-graine-noir-2\/\",\"url\":\"https:\/\/www.stephaniecesaire.com\/en\/boutique\/bags\/no-en\/no-cuir-de-taurillon-graine-noir-2\/\",\"name\":\"Mini sac N\u00f4 - grained bull leather Black. - C\u00e9saire Paris - sac fabriqu\u00c3\u00a9 en France\",\"isPartOf\":{\"@id\":\"https:\/\/www.stephaniecesaire.com\/en\/#website\"},\"primaryImageOfPage\":{\"@id\":\"https:\/\/www.stephaniecesaire.com\/en\/boutique\/bags\/no-en\/no-cuir-de-taurillon-graine-noir-2\/#primaryimage\"},\"image\":{\"@id\":\"https:\/\/www.stephaniecesaire.com\/en\/boutique\/bags\/no-en\/no-cuir-de-taurillon-graine-noir-2\/#primaryimage\"},\"thumbnailUrl\":\"https:\/\/www.stephaniecesaire.com\/wp-content\/uploads\/2023\/09\/NoRagNoirRoseFace-jpg.webp\",\"datePublished\":\"2023-04-25T16:24:16+00:00\",\"dateModified\":\"2024-06-21T14:07:06+00:00\",\"description\":\"N\u00c3\u00b4 mini sac adorable et changeant se d\u00c3\u00a9ploie en trois dimensions. Ravissant il donne \u00c3\u00a0 la silhouette une gait\u00c3\u00a9 singuli\u00c3\u00a8re. N\u00c3\u00b4 est fabriqu\u00c3\u00a9 en France.\",\"breadcrumb\":{\"@id\":\"https:\/\/www.stephaniecesaire.com\/en\/boutique\/bags\/no-en\/no-cuir-de-taurillon-graine-noir-2\/#breadcrumb\"},\"inLanguage\":\"en-US\",\"potentialAction\":[{\"@type\":\"ReadAction\",\"target\":[\"https:\/\/www.stephaniecesaire.com\/en\/boutique\/bags\/no-en\/no-cuir-de-taurillon-graine-noir-2\/\"]}]},{\"@type\":\"ImageObject\",\"inLanguage\":\"en-US\",\"@id\":\"https:\/\/www.stephaniecesaire.com\/en\/boutique\/bags\/no-en\/no-cuir-de-taurillon-graine-noir-2\/#primaryimage\",\"url\":\"https:\/\/www.stephaniecesaire.com\/wp-content\/uploads\/2023\/09\/NoRagNoirRoseFace-jpg.webp\",\"contentUrl\":\"https:\/\/www.stephaniecesaire.com\/wp-content\/uploads\/2023\/09\/NoRagNoirRoseFace-jpg.webp\",\"width\":630,\"height\":945},{\"@type\":\"BreadcrumbList\",\"@id\":\"https:\/\/www.stephaniecesaire.com\/en\/boutique\/bags\/no-en\/no-cuir-de-taurillon-graine-noir-2\/#breadcrumb\",\"itemListElement\":[{\"@type\":\"ListItem\",\"position\":1,\"name\":\"Accueil\",\"item\":\"https:\/\/www.stephaniecesaire.com\/en\/\"},{\"@type\":\"ListItem\",\"position\":2,\"name\":\"Shop\",\"item\":\"https:\/\/www.stephaniecesaire.com\/en\/shop\/\"},{\"@type\":\"ListItem\",\"position\":3,\"name\":\"N\u00f4 &#8211; grained bull leather Black.\"}]},{\"@type\":\"WebSite\",\"@id\":\"https:\/\/www.stephaniecesaire.com\/en\/#website\",\"url\":\"https:\/\/www.stephaniecesaire.com\/en\/\",\"name\":\"St\u00e9phanie C\u00e9saire\",\"description\":\"Sac cr\u00e9ateur made in France - Maroquinerie de luxe\",\"publisher\":{\"@id\":\"https:\/\/www.stephaniecesaire.com\/en\/#organization\"},\"potentialAction\":[{\"@type\":\"SearchAction\",\"target\":{\"@type\":\"EntryPoint\",\"urlTemplate\":\"https:\/\/www.stephaniecesaire.com\/en\/?s={search_term_string}\"},\"query-input\":\"required name=search_term_string\"}],\"inLanguage\":\"en-US\"},{\"@type\":\"Organization\",\"@id\":\"https:\/\/www.stephaniecesaire.com\/en\/#organization\",\"name\":\"St\u00e9phanie C\u00e9saire\",\"url\":\"https:\/\/www.stephaniecesaire.com\/en\/\",\"logo\":{\"@type\":\"ImageObject\",\"inLanguage\":\"en-US\",\"@id\":\"https:\/\/www.stephaniecesaire.com\/en\/#\/schema\/logo\/image\/\",\"url\":\"https:\/\/www.stephaniecesaire.com\/wp-content\/uploads\/2023\/10\/favicon.png\",\"contentUrl\":\"https:\/\/www.stephaniecesaire.com\/wp-content\/uploads\/2023\/10\/favicon.png\",\"width\":512,\"height\":512,\"caption\":\"St\u00e9phanie C\u00e9saire\"},\"image\":{\"@id\":\"https:\/\/www.stephaniecesaire.com\/en\/#\/schema\/logo\/image\/\"},\"sameAs\":[\"https:\/\/www.facebook.com\/cesaireparis\/\",\"https:\/\/www.pinterest.fr\/cesaireparis\/\",\"https:\/\/www.instagram.com\/cesaireparis.official\/\"]}]}<\/script>\n<!-- \/ Yoast SEO plugin. -->","yoast_head_json":{"title":"Mini sac N\u00f4 - grained bull leather Black. - C\u00e9saire Paris - sac fabriqu\u00c3\u00a9 en France","description":"N\u00c3\u00b4 mini sac adorable et changeant se d\u00c3\u00a9ploie en trois dimensions. Ravissant il donne \u00c3\u00a0 la silhouette une gait\u00c3\u00a9 singuli\u00c3\u00a8re. N\u00c3\u00b4 est fabriqu\u00c3\u00a9 en France.","robots":{"index":"index","follow":"follow","max-snippet":"max-snippet:-1","max-image-preview":"max-image-preview:large","max-video-preview":"max-video-preview:-1"},"canonical":"https:\/\/www.stephaniecesaire.com\/en\/boutique\/bags\/no-en\/no-cuir-de-taurillon-graine-noir-2\/","og_locale":"en_US","og_type":"article","og_title":"Mini sac N\u00f4 - grained bull leather Black. - C\u00e9saire Paris - sac fabriqu\u00c3\u00a9 en France","og_description":"N\u00c3\u00b4 mini sac adorable et changeant se d\u00c3\u00a9ploie en trois dimensions. Ravissant il donne \u00c3\u00a0 la silhouette une gait\u00c3\u00a9 singuli\u00c3\u00a8re. N\u00c3\u00b4 est fabriqu\u00c3\u00a9 en France.","og_url":"https:\/\/www.stephaniecesaire.com\/en\/boutique\/bags\/no-en\/no-cuir-de-taurillon-graine-noir-2\/","og_site_name":"C\u00e9saire","article_publisher":"https:\/\/www.facebook.com\/cesaireparis\/","article_modified_time":"2024-06-21T14:07:06+00:00","og_image":[{"width":630,"height":945,"url":"https:\/\/www.stephaniecesaire.com\/wp-content\/uploads\/2023\/09\/NoRagNoirRoseFace-jpg.webp","type":"image\/jpeg"}],"twitter_card":"summary_large_image","twitter_misc":{"Est. reading time":"1 minute"},"schema":{"@context":"https:\/\/schema.org","@graph":[{"@type":"WebPage","@id":"https:\/\/www.stephaniecesaire.com\/en\/boutique\/bags\/no-en\/no-cuir-de-taurillon-graine-noir-2\/","url":"https:\/\/www.stephaniecesaire.com\/en\/boutique\/bags\/no-en\/no-cuir-de-taurillon-graine-noir-2\/","name":"Mini sac N\u00f4 - grained bull leather Black. - C\u00e9saire Paris - sac fabriqu\u00c3\u00a9 en France","isPartOf":{"@id":"https:\/\/www.stephaniecesaire.com\/en\/#website"},"primaryImageOfPage":{"@id":"https:\/\/www.stephaniecesaire.com\/en\/boutique\/bags\/no-en\/no-cuir-de-taurillon-graine-noir-2\/#primaryimage"},"image":{"@id":"https:\/\/www.stephaniecesaire.com\/en\/boutique\/bags\/no-en\/no-cuir-de-taurillon-graine-noir-2\/#primaryimage"},"thumbnailUrl":"https:\/\/www.stephaniecesaire.com\/wp-content\/uploads\/2023\/09\/NoRagNoirRoseFace-jpg.webp","datePublished":"2023-04-25T16:24:16+00:00","dateModified":"2024-06-21T14:07:06+00:00","description":"N\u00c3\u00b4 mini sac adorable et changeant se d\u00c3\u00a9ploie en trois dimensions. Ravissant il donne \u00c3\u00a0 la silhouette une gait\u00c3\u00a9 singuli\u00c3\u00a8re. N\u00c3\u00b4 est fabriqu\u00c3\u00a9 en France.","breadcrumb":{"@id":"https:\/\/www.stephaniecesaire.com\/en\/boutique\/bags\/no-en\/no-cuir-de-taurillon-graine-noir-2\/#breadcrumb"},"inLanguage":"en-US","potentialAction":[{"@type":"ReadAction","target":["https:\/\/www.stephaniecesaire.com\/en\/boutique\/bags\/no-en\/no-cuir-de-taurillon-graine-noir-2\/"]}]},{"@type":"ImageObject","inLanguage":"en-US","@id":"https:\/\/www.stephaniecesaire.com\/en\/boutique\/bags\/no-en\/no-cuir-de-taurillon-graine-noir-2\/#primaryimage","url":"https:\/\/www.stephaniecesaire.com\/wp-content\/uploads\/2023\/09\/NoRagNoirRoseFace-jpg.webp","contentUrl":"https:\/\/www.stephaniecesaire.com\/wp-content\/uploads\/2023\/09\/NoRagNoirRoseFace-jpg.webp","width":630,"height":945},{"@type":"BreadcrumbList","@id":"https:\/\/www.stephaniecesaire.com\/en\/boutique\/bags\/no-en\/no-cuir-de-taurillon-graine-noir-2\/#breadcrumb","itemListElement":[{"@type":"ListItem","position":1,"name":"Accueil","item":"https:\/\/www.stephaniecesaire.com\/en\/"},{"@type":"ListItem","position":2,"name":"Shop","item":"https:\/\/www.stephaniecesaire.com\/en\/shop\/"},{"@type":"ListItem","position":3,"name":"N\u00f4 &#8211; grained bull leather Black."}]},{"@type":"WebSite","@id":"https:\/\/www.stephaniecesaire.com\/en\/#website","url":"https:\/\/www.stephaniecesaire.com\/en\/","name":"St\u00e9phanie C\u00e9saire","description":"Sac cr\u00e9ateur made in France - Maroquinerie de luxe","publisher":{"@id":"https:\/\/www.stephaniecesaire.com\/en\/#organization"},"potentialAction":[{"@type":"SearchAction","target":{"@type":"EntryPoint","urlTemplate":"https:\/\/www.stephaniecesaire.com\/en\/?s={search_term_string}"},"query-input":"required name=search_term_string"}],"inLanguage":"en-US"},{"@type":"Organization","@id":"https:\/\/www.stephaniecesaire.com\/en\/#organization","name":"St\u00e9phanie C\u00e9saire","url":"https:\/\/www.stephaniecesaire.com\/en\/","logo":{"@type":"ImageObject","inLanguage":"en-US","@id":"https:\/\/www.stephaniecesaire.com\/en\/#\/schema\/logo\/image\/","url":"https:\/\/www.stephaniecesaire.com\/wp-content\/uploads\/2023\/10\/favicon.png","contentUrl":"https:\/\/www.stephaniecesaire.com\/wp-content\/uploads\/2023\/10\/favicon.png","width":512,"height":512,"caption":"St\u00e9phanie C\u00e9saire"},"image":{"@id":"https:\/\/www.stephaniecesaire.com\/en\/#\/schema\/logo\/image\/"},"sameAs":["https:\/\/www.facebook.com\/cesaireparis\/","https:\/\/www.pinterest.fr\/cesaireparis\/","https:\/\/www.instagram.com\/cesaireparis.official\/"]}]}},"_links":{"self":[{"href":"https:\/\/www.stephaniecesaire.com\/en\/wp-json\/wp\/v2\/product\/29559","targetHints":{"allow":["GET"]}}],"collection":[{"href":"https:\/\/www.stephaniecesaire.com\/en\/wp-json\/wp\/v2\/product"}],"about":[{"href":"https:\/\/www.stephaniecesaire.com\/en\/wp-json\/wp\/v2\/types\/product"}],"wp:featuredmedia":[{"embeddable":true,"href":"https:\/\/www.stephaniecesaire.com\/en\/wp-json\/wp\/v2\/media\/25859"}],"wp:attachment":[{"href":"https:\/\/www.stephaniecesaire.com\/en\/wp-json\/wp\/v2\/media?parent=29559"}],"wp:term":[{"taxonomy":"product_cat","embeddable":true,"href":"https:\/\/www.stephaniecesaire.com\/en\/wp-json\/wp\/v2\/product_cat?post=29559"},{"taxonomy":"product_tag","embeddable":true,"href":"https:\/\/www.stephaniecesaire.com\/en\/wp-json\/wp\/v2\/product_tag?post=29559"}],"curies":[{"name":"wp","href":"https:\/\/api.w.org\/{rel}","templated":true}]}}