{"id":29591,"date":"2023-01-17T12:21:34","date_gmt":"2023-01-17T11:21:34","guid":{"rendered":"https:\/\/stephaniecesaire.com\/boutique\/uncategorized\/joh-cuir-dagneau-bulle-noir\/"},"modified":"2024-06-12T12:03:22","modified_gmt":"2024-06-12T10:03:22","slug":"joh-cuir-dagneau-bulle-noir","status":"publish","type":"product","link":"https:\/\/www.stephaniecesaire.com\/en\/boutique\/bags\/joh-en\/joh-cuir-dagneau-bulle-noir\/","title":{"rendered":"Joh &#8211; Bubble Lambskin &#8211; Black"},"content":{"rendered":"<p>The large, supple Joh pouch can be closed and have its volume modulated by folding it once or twice, thanks to its high belted strap. Its removable band can be adjusted with a metal clasp so it can be worn in different ways. Its taupe cotton twill lining has two inner pockets, one zipped, one for a cell phone. It is made in France.<\/p>\n","protected":false},"excerpt":{"rendered":"<p>The evolutive, nomadic, oversized Joh is inspired by a waterproof military bag. This unusual, large-volumed, supple, unisex leather bag falls easily from a strap that envelops it and the bag can also be wrapped on itself for more discretion. The high strap, closed with a metal clasp, has an adjustable band so it can be worn on the shoulder, across the body or belted like a leather apron. Its contemporary modularity and unique, beautiful leather truly make it an elusive nomad.<\/p>\n","protected":false},"featured_media":22966,"template":"","meta":[],"product_cat":[611],"product_tag":[],"class_list":{"0":"post-29591","1":"product","2":"type-product","3":"status-publish","4":"has-post-thumbnail","6":"product_cat-joh-en","7":"product_shipping_class-classe-de-livraison-3","8":"pa_porte-crossbody-bags","9":"pa_porte-shoulder-bags","10":"pa_volume-large-bags","11":"pa_volume-sacs-souples-en","13":"first","14":"outofstock","15":"sold-individually","16":"taxable","17":"shipping-taxable","18":"purchasable","19":"product-type-simple"},"yoast_head":"<!-- This site is optimized with the Yoast SEO plugin v23.1 - https:\/\/yoast.com\/wordpress\/plugins\/seo\/ -->\n<title>Oversize shoulder bag - C\u00e9saire Paris - French Designer Leather Goods<\/title>\n<meta name=\"description\" content=\"The evolutive, nomadic, oversized Joh is inspired by a waterproof military bag. This unusual, large-volumed, supple, unisex leather bag falls easily from a strap that envelops it and the bag can also be wrapped on itself for more discretion.\" \/>\n<meta name=\"robots\" content=\"index, follow, max-snippet:-1, max-image-preview:large, max-video-preview:-1\" \/>\n<link rel=\"canonical\" href=\"https:\/\/www.stephaniecesaire.com\/en\/boutique\/bags\/joh-en\/joh-cuir-dagneau-bulle-noir\/\" \/>\n<meta property=\"og:locale\" content=\"en_US\" \/>\n<meta property=\"og:type\" content=\"article\" \/>\n<meta property=\"og:title\" content=\"Oversize shoulder bag - C\u00e9saire Paris - French Designer Leather Goods\" \/>\n<meta property=\"og:description\" content=\"The evolutive, nomadic, oversized Joh is inspired by a waterproof military bag. This unusual, large-volumed, supple, unisex leather bag falls easily from a strap that envelops it and the bag can also be wrapped on itself for more discretion.\" \/>\n<meta property=\"og:url\" content=\"https:\/\/www.stephaniecesaire.com\/en\/boutique\/bags\/joh-en\/joh-cuir-dagneau-bulle-noir\/\" \/>\n<meta property=\"og:site_name\" content=\"C\u00e9saire\" \/>\n<meta property=\"article:publisher\" content=\"https:\/\/www.facebook.com\/cesaireparis\/\" \/>\n<meta property=\"article:modified_time\" content=\"2024-06-12T10:03:22+00:00\" \/>\n<meta property=\"og:image\" content=\"https:\/\/www.stephaniecesaire.com\/wp-content\/uploads\/2023\/09\/JohAGBNoirFace-jpg.webp\" \/>\n\t<meta property=\"og:image:width\" content=\"630\" \/>\n\t<meta property=\"og:image:height\" content=\"945\" \/>\n\t<meta property=\"og:image:type\" content=\"image\/jpeg\" \/>\n<meta name=\"twitter:card\" content=\"summary_large_image\" \/>\n<meta name=\"twitter:label1\" content=\"Est. reading time\" \/>\n\t<meta name=\"twitter:data1\" content=\"1 minute\" \/>\n<script type=\"application\/ld+json\" class=\"yoast-schema-graph\">{\"@context\":\"https:\/\/schema.org\",\"@graph\":[{\"@type\":\"WebPage\",\"@id\":\"https:\/\/www.stephaniecesaire.com\/en\/boutique\/bags\/joh-en\/joh-cuir-dagneau-bulle-noir\/\",\"url\":\"https:\/\/www.stephaniecesaire.com\/en\/boutique\/bags\/joh-en\/joh-cuir-dagneau-bulle-noir\/\",\"name\":\"Oversize shoulder bag - C\u00e9saire Paris - French Designer Leather Goods\",\"isPartOf\":{\"@id\":\"https:\/\/www.stephaniecesaire.com\/en\/#website\"},\"primaryImageOfPage\":{\"@id\":\"https:\/\/www.stephaniecesaire.com\/en\/boutique\/bags\/joh-en\/joh-cuir-dagneau-bulle-noir\/#primaryimage\"},\"image\":{\"@id\":\"https:\/\/www.stephaniecesaire.com\/en\/boutique\/bags\/joh-en\/joh-cuir-dagneau-bulle-noir\/#primaryimage\"},\"thumbnailUrl\":\"https:\/\/www.stephaniecesaire.com\/wp-content\/uploads\/2023\/09\/JohAGBNoirFace-jpg.webp\",\"datePublished\":\"2023-01-17T11:21:34+00:00\",\"dateModified\":\"2024-06-12T10:03:22+00:00\",\"description\":\"The evolutive, nomadic, oversized Joh is inspired by a waterproof military bag. This unusual, large-volumed, supple, unisex leather bag falls easily from a strap that envelops it and the bag can also be wrapped on itself for more discretion.\",\"breadcrumb\":{\"@id\":\"https:\/\/www.stephaniecesaire.com\/en\/boutique\/bags\/joh-en\/joh-cuir-dagneau-bulle-noir\/#breadcrumb\"},\"inLanguage\":\"en-US\",\"potentialAction\":[{\"@type\":\"ReadAction\",\"target\":[\"https:\/\/www.stephaniecesaire.com\/en\/boutique\/bags\/joh-en\/joh-cuir-dagneau-bulle-noir\/\"]}]},{\"@type\":\"ImageObject\",\"inLanguage\":\"en-US\",\"@id\":\"https:\/\/www.stephaniecesaire.com\/en\/boutique\/bags\/joh-en\/joh-cuir-dagneau-bulle-noir\/#primaryimage\",\"url\":\"https:\/\/www.stephaniecesaire.com\/wp-content\/uploads\/2023\/09\/JohAGBNoirFace-jpg.webp\",\"contentUrl\":\"https:\/\/www.stephaniecesaire.com\/wp-content\/uploads\/2023\/09\/JohAGBNoirFace-jpg.webp\",\"width\":630,\"height\":945,\"caption\":\"Oversize shoulder bag - C\u00e9saire Paris - French Designer Leather Goods\"},{\"@type\":\"BreadcrumbList\",\"@id\":\"https:\/\/www.stephaniecesaire.com\/en\/boutique\/bags\/joh-en\/joh-cuir-dagneau-bulle-noir\/#breadcrumb\",\"itemListElement\":[{\"@type\":\"ListItem\",\"position\":1,\"name\":\"Accueil\",\"item\":\"https:\/\/www.stephaniecesaire.com\/en\/\"},{\"@type\":\"ListItem\",\"position\":2,\"name\":\"Shop\",\"item\":\"https:\/\/www.stephaniecesaire.com\/en\/shop\/\"},{\"@type\":\"ListItem\",\"position\":3,\"name\":\"Joh &#8211; Bubble Lambskin &#8211; Black\"}]},{\"@type\":\"WebSite\",\"@id\":\"https:\/\/www.stephaniecesaire.com\/en\/#website\",\"url\":\"https:\/\/www.stephaniecesaire.com\/en\/\",\"name\":\"St\u00e9phanie C\u00e9saire\",\"description\":\"Sac cr\u00e9ateur made in France - Maroquinerie de luxe\",\"publisher\":{\"@id\":\"https:\/\/www.stephaniecesaire.com\/en\/#organization\"},\"potentialAction\":[{\"@type\":\"SearchAction\",\"target\":{\"@type\":\"EntryPoint\",\"urlTemplate\":\"https:\/\/www.stephaniecesaire.com\/en\/?s={search_term_string}\"},\"query-input\":\"required name=search_term_string\"}],\"inLanguage\":\"en-US\"},{\"@type\":\"Organization\",\"@id\":\"https:\/\/www.stephaniecesaire.com\/en\/#organization\",\"name\":\"St\u00e9phanie C\u00e9saire\",\"url\":\"https:\/\/www.stephaniecesaire.com\/en\/\",\"logo\":{\"@type\":\"ImageObject\",\"inLanguage\":\"en-US\",\"@id\":\"https:\/\/www.stephaniecesaire.com\/en\/#\/schema\/logo\/image\/\",\"url\":\"https:\/\/www.stephaniecesaire.com\/wp-content\/uploads\/2023\/10\/favicon.png\",\"contentUrl\":\"https:\/\/www.stephaniecesaire.com\/wp-content\/uploads\/2023\/10\/favicon.png\",\"width\":512,\"height\":512,\"caption\":\"St\u00e9phanie C\u00e9saire\"},\"image\":{\"@id\":\"https:\/\/www.stephaniecesaire.com\/en\/#\/schema\/logo\/image\/\"},\"sameAs\":[\"https:\/\/www.facebook.com\/cesaireparis\/\",\"https:\/\/www.pinterest.fr\/cesaireparis\/\",\"https:\/\/www.instagram.com\/cesaireparis.official\/\"]}]}<\/script>\n<!-- \/ Yoast SEO plugin. -->","yoast_head_json":{"title":"Oversize shoulder bag - C\u00e9saire Paris - French Designer Leather Goods","description":"The evolutive, nomadic, oversized Joh is inspired by a waterproof military bag. This unusual, large-volumed, supple, unisex leather bag falls easily from a strap that envelops it and the bag can also be wrapped on itself for more discretion.","robots":{"index":"index","follow":"follow","max-snippet":"max-snippet:-1","max-image-preview":"max-image-preview:large","max-video-preview":"max-video-preview:-1"},"canonical":"https:\/\/www.stephaniecesaire.com\/en\/boutique\/bags\/joh-en\/joh-cuir-dagneau-bulle-noir\/","og_locale":"en_US","og_type":"article","og_title":"Oversize shoulder bag - C\u00e9saire Paris - French Designer Leather Goods","og_description":"The evolutive, nomadic, oversized Joh is inspired by a waterproof military bag. This unusual, large-volumed, supple, unisex leather bag falls easily from a strap that envelops it and the bag can also be wrapped on itself for more discretion.","og_url":"https:\/\/www.stephaniecesaire.com\/en\/boutique\/bags\/joh-en\/joh-cuir-dagneau-bulle-noir\/","og_site_name":"C\u00e9saire","article_publisher":"https:\/\/www.facebook.com\/cesaireparis\/","article_modified_time":"2024-06-12T10:03:22+00:00","og_image":[{"width":630,"height":945,"url":"https:\/\/www.stephaniecesaire.com\/wp-content\/uploads\/2023\/09\/JohAGBNoirFace-jpg.webp","type":"image\/jpeg"}],"twitter_card":"summary_large_image","twitter_misc":{"Est. reading time":"1 minute"},"schema":{"@context":"https:\/\/schema.org","@graph":[{"@type":"WebPage","@id":"https:\/\/www.stephaniecesaire.com\/en\/boutique\/bags\/joh-en\/joh-cuir-dagneau-bulle-noir\/","url":"https:\/\/www.stephaniecesaire.com\/en\/boutique\/bags\/joh-en\/joh-cuir-dagneau-bulle-noir\/","name":"Oversize shoulder bag - C\u00e9saire Paris - French Designer Leather Goods","isPartOf":{"@id":"https:\/\/www.stephaniecesaire.com\/en\/#website"},"primaryImageOfPage":{"@id":"https:\/\/www.stephaniecesaire.com\/en\/boutique\/bags\/joh-en\/joh-cuir-dagneau-bulle-noir\/#primaryimage"},"image":{"@id":"https:\/\/www.stephaniecesaire.com\/en\/boutique\/bags\/joh-en\/joh-cuir-dagneau-bulle-noir\/#primaryimage"},"thumbnailUrl":"https:\/\/www.stephaniecesaire.com\/wp-content\/uploads\/2023\/09\/JohAGBNoirFace-jpg.webp","datePublished":"2023-01-17T11:21:34+00:00","dateModified":"2024-06-12T10:03:22+00:00","description":"The evolutive, nomadic, oversized Joh is inspired by a waterproof military bag. This unusual, large-volumed, supple, unisex leather bag falls easily from a strap that envelops it and the bag can also be wrapped on itself for more discretion.","breadcrumb":{"@id":"https:\/\/www.stephaniecesaire.com\/en\/boutique\/bags\/joh-en\/joh-cuir-dagneau-bulle-noir\/#breadcrumb"},"inLanguage":"en-US","potentialAction":[{"@type":"ReadAction","target":["https:\/\/www.stephaniecesaire.com\/en\/boutique\/bags\/joh-en\/joh-cuir-dagneau-bulle-noir\/"]}]},{"@type":"ImageObject","inLanguage":"en-US","@id":"https:\/\/www.stephaniecesaire.com\/en\/boutique\/bags\/joh-en\/joh-cuir-dagneau-bulle-noir\/#primaryimage","url":"https:\/\/www.stephaniecesaire.com\/wp-content\/uploads\/2023\/09\/JohAGBNoirFace-jpg.webp","contentUrl":"https:\/\/www.stephaniecesaire.com\/wp-content\/uploads\/2023\/09\/JohAGBNoirFace-jpg.webp","width":630,"height":945,"caption":"Oversize shoulder bag - C\u00e9saire Paris - French Designer Leather Goods"},{"@type":"BreadcrumbList","@id":"https:\/\/www.stephaniecesaire.com\/en\/boutique\/bags\/joh-en\/joh-cuir-dagneau-bulle-noir\/#breadcrumb","itemListElement":[{"@type":"ListItem","position":1,"name":"Accueil","item":"https:\/\/www.stephaniecesaire.com\/en\/"},{"@type":"ListItem","position":2,"name":"Shop","item":"https:\/\/www.stephaniecesaire.com\/en\/shop\/"},{"@type":"ListItem","position":3,"name":"Joh &#8211; Bubble Lambskin &#8211; Black"}]},{"@type":"WebSite","@id":"https:\/\/www.stephaniecesaire.com\/en\/#website","url":"https:\/\/www.stephaniecesaire.com\/en\/","name":"St\u00e9phanie C\u00e9saire","description":"Sac cr\u00e9ateur made in France - Maroquinerie de luxe","publisher":{"@id":"https:\/\/www.stephaniecesaire.com\/en\/#organization"},"potentialAction":[{"@type":"SearchAction","target":{"@type":"EntryPoint","urlTemplate":"https:\/\/www.stephaniecesaire.com\/en\/?s={search_term_string}"},"query-input":"required name=search_term_string"}],"inLanguage":"en-US"},{"@type":"Organization","@id":"https:\/\/www.stephaniecesaire.com\/en\/#organization","name":"St\u00e9phanie C\u00e9saire","url":"https:\/\/www.stephaniecesaire.com\/en\/","logo":{"@type":"ImageObject","inLanguage":"en-US","@id":"https:\/\/www.stephaniecesaire.com\/en\/#\/schema\/logo\/image\/","url":"https:\/\/www.stephaniecesaire.com\/wp-content\/uploads\/2023\/10\/favicon.png","contentUrl":"https:\/\/www.stephaniecesaire.com\/wp-content\/uploads\/2023\/10\/favicon.png","width":512,"height":512,"caption":"St\u00e9phanie C\u00e9saire"},"image":{"@id":"https:\/\/www.stephaniecesaire.com\/en\/#\/schema\/logo\/image\/"},"sameAs":["https:\/\/www.facebook.com\/cesaireparis\/","https:\/\/www.pinterest.fr\/cesaireparis\/","https:\/\/www.instagram.com\/cesaireparis.official\/"]}]}},"_links":{"self":[{"href":"https:\/\/www.stephaniecesaire.com\/en\/wp-json\/wp\/v2\/product\/29591","targetHints":{"allow":["GET"]}}],"collection":[{"href":"https:\/\/www.stephaniecesaire.com\/en\/wp-json\/wp\/v2\/product"}],"about":[{"href":"https:\/\/www.stephaniecesaire.com\/en\/wp-json\/wp\/v2\/types\/product"}],"wp:featuredmedia":[{"embeddable":true,"href":"https:\/\/www.stephaniecesaire.com\/en\/wp-json\/wp\/v2\/media\/22966"}],"wp:attachment":[{"href":"https:\/\/www.stephaniecesaire.com\/en\/wp-json\/wp\/v2\/media?parent=29591"}],"wp:term":[{"taxonomy":"product_cat","embeddable":true,"href":"https:\/\/www.stephaniecesaire.com\/en\/wp-json\/wp\/v2\/product_cat?post=29591"},{"taxonomy":"product_tag","embeddable":true,"href":"https:\/\/www.stephaniecesaire.com\/en\/wp-json\/wp\/v2\/product_tag?post=29591"}],"curies":[{"name":"wp","href":"https:\/\/api.w.org\/{rel}","templated":true}]}}