{"id":29711,"date":"2021-12-23T18:28:44","date_gmt":"2021-12-23T17:28:44","guid":{"rendered":"https:\/\/stephaniecesaire.com\/boutique\/uncategorized\/totem-cuir-de-buffle-graine-gold-etoile-bois\/"},"modified":"2024-07-10T03:55:45","modified_gmt":"2024-07-10T01:55:45","slug":"totem-cuir-de-buffle-graine-gold-etoile-bois","status":"publish","type":"product","link":"https:\/\/www.stephaniecesaire.com\/en\/boutique\/bags\/totem-en\/totem-cuir-de-buffle-graine-gold-etoile-bois\/","title":{"rendered":"Totem &#8211; Grained buffalo leather &#8211; Gold"},"content":{"rendered":"<p>The TOTEM Bracelet pouch can be held in the hand or worn on the wrist thanks to its wood bracelet sculpted by Togolese craftsmen. Its square-bottomed, paper-bag volume is closed with a magnetic snap. The unlined leather bag is made in France.<\/p>\n","protected":false},"excerpt":{"rendered":"<p>This minimal wood and leather bracelet pouch associates two creative worlds.<\/p>\n<p>Estelle Yomeda and St\u00e9phanie C\u00e9saire share a taste for craftsmanship and rarity. Both women design contemporary pieces that respect ancestral know-how and the people who perpetuate this workmanship.<\/p>\n<p>The simple TOTEM pouch, reminiscent of a square-bottomed paper bag, is made in unique leathers enhanced by a sculpted wood bracelet, a TOTEM piece by Estelle Yomeda.<\/p>\n<p>Only vital seams have been used to highlight the handcrafted materials in a bag crafted in Togo and France.<\/p>\n","protected":false},"featured_media":21909,"template":"","meta":[],"product_cat":[612],"product_tag":[1524],"class_list":{"0":"post-29711","1":"product","2":"type-product","3":"status-publish","4":"has-post-thumbnail","6":"product_cat-totem-en","7":"product_tag-backorder","8":"product_shipping_class-classe-de-livraison-1","9":"pa_porte-handbags","10":"pa_volume-small-bags","12":"first","13":"onbackorder","14":"sold-individually","15":"taxable","16":"shipping-taxable","17":"purchasable","18":"product-type-simple"},"yoast_head":"<!-- This site is optimized with the Yoast SEO plugin v23.1 - https:\/\/yoast.com\/wordpress\/plugins\/seo\/ -->\n<title>Sac Totem - cuir de buffle - C\u00e9saire - Sac cr\u00c3\u00a9ateur fabriqu\u00c3\u00a9 en France<\/title>\n<meta name=\"description\" content=\"La poche Bracelet TOTEM se porte \u00c3\u00a0 la main ou au poignet gr\u00c3\u00a2ce \u00c3\u00a0 son bracelet de bois sculpt\u00c3\u00a9. Taill\u00c3\u00a9e dans des cuirs singuliers telle une poche de papier au fond carr\u00c3\u00a9. Seules les coutures essentielles ont \u00c3\u00a9t\u00c3\u00a9 pr\u00c3\u00a9serv\u00c3\u00a9es pour laisser la part belle aux mati\u00c3\u00a8res travaill\u00c3\u00a9es de mani\u00c3\u00a8res artisanales en France.\" \/>\n<meta name=\"robots\" content=\"index, follow, max-snippet:-1, max-image-preview:large, max-video-preview:-1\" \/>\n<link rel=\"canonical\" href=\"https:\/\/www.stephaniecesaire.com\/en\/boutique\/bags\/totem-en\/totem-cuir-de-buffle-graine-gold-etoile-bois\/\" \/>\n<meta property=\"og:locale\" content=\"en_US\" \/>\n<meta property=\"og:type\" content=\"article\" \/>\n<meta property=\"og:title\" content=\"Sac Totem - cuir de buffle - C\u00e9saire - Sac cr\u00c3\u00a9ateur fabriqu\u00c3\u00a9 en France\" \/>\n<meta property=\"og:description\" content=\"La poche Bracelet TOTEM se porte \u00c3\u00a0 la main ou au poignet gr\u00c3\u00a2ce \u00c3\u00a0 son bracelet de bois sculpt\u00c3\u00a9. Taill\u00c3\u00a9e dans des cuirs singuliers telle une poche de papier au fond carr\u00c3\u00a9. Seules les coutures essentielles ont \u00c3\u00a9t\u00c3\u00a9 pr\u00c3\u00a9serv\u00c3\u00a9es pour laisser la part belle aux mati\u00c3\u00a8res travaill\u00c3\u00a9es de mani\u00c3\u00a8res artisanales en France.\" \/>\n<meta property=\"og:url\" content=\"https:\/\/www.stephaniecesaire.com\/en\/boutique\/bags\/totem-en\/totem-cuir-de-buffle-graine-gold-etoile-bois\/\" \/>\n<meta property=\"og:site_name\" content=\"C\u00e9saire\" \/>\n<meta property=\"article:publisher\" content=\"https:\/\/www.facebook.com\/cesaireparis\/\" \/>\n<meta property=\"article:modified_time\" content=\"2024-07-10T01:55:45+00:00\" \/>\n<meta property=\"og:image\" content=\"https:\/\/www.stephaniecesaire.com\/wp-content\/uploads\/2023\/09\/TotemBUFGoldEtoileFace-1-jpg.webp\" \/>\n\t<meta property=\"og:image:width\" content=\"630\" \/>\n\t<meta property=\"og:image:height\" content=\"945\" \/>\n\t<meta property=\"og:image:type\" content=\"image\/jpeg\" \/>\n<meta name=\"twitter:card\" content=\"summary_large_image\" \/>\n<meta name=\"twitter:label1\" content=\"Est. reading time\" \/>\n\t<meta name=\"twitter:data1\" content=\"1 minute\" \/>\n<script type=\"application\/ld+json\" class=\"yoast-schema-graph\">{\"@context\":\"https:\/\/schema.org\",\"@graph\":[{\"@type\":\"WebPage\",\"@id\":\"https:\/\/www.stephaniecesaire.com\/en\/boutique\/bags\/totem-en\/totem-cuir-de-buffle-graine-gold-etoile-bois\/\",\"url\":\"https:\/\/www.stephaniecesaire.com\/en\/boutique\/bags\/totem-en\/totem-cuir-de-buffle-graine-gold-etoile-bois\/\",\"name\":\"Sac Totem - cuir de buffle - C\u00e9saire - Sac cr\u00c3\u00a9ateur fabriqu\u00c3\u00a9 en France\",\"isPartOf\":{\"@id\":\"https:\/\/www.stephaniecesaire.com\/en\/#website\"},\"primaryImageOfPage\":{\"@id\":\"https:\/\/www.stephaniecesaire.com\/en\/boutique\/bags\/totem-en\/totem-cuir-de-buffle-graine-gold-etoile-bois\/#primaryimage\"},\"image\":{\"@id\":\"https:\/\/www.stephaniecesaire.com\/en\/boutique\/bags\/totem-en\/totem-cuir-de-buffle-graine-gold-etoile-bois\/#primaryimage\"},\"thumbnailUrl\":\"https:\/\/www.stephaniecesaire.com\/wp-content\/uploads\/2023\/09\/TotemBUFGoldEtoileFace-1-jpg.webp\",\"datePublished\":\"2021-12-23T17:28:44+00:00\",\"dateModified\":\"2024-07-10T01:55:45+00:00\",\"description\":\"La poche Bracelet TOTEM se porte \u00c3\u00a0 la main ou au poignet gr\u00c3\u00a2ce \u00c3\u00a0 son bracelet de bois sculpt\u00c3\u00a9. Taill\u00c3\u00a9e dans des cuirs singuliers telle une poche de papier au fond carr\u00c3\u00a9. Seules les coutures essentielles ont \u00c3\u00a9t\u00c3\u00a9 pr\u00c3\u00a9serv\u00c3\u00a9es pour laisser la part belle aux mati\u00c3\u00a8res travaill\u00c3\u00a9es de mani\u00c3\u00a8res artisanales en France.\",\"breadcrumb\":{\"@id\":\"https:\/\/www.stephaniecesaire.com\/en\/boutique\/bags\/totem-en\/totem-cuir-de-buffle-graine-gold-etoile-bois\/#breadcrumb\"},\"inLanguage\":\"en-US\",\"potentialAction\":[{\"@type\":\"ReadAction\",\"target\":[\"https:\/\/www.stephaniecesaire.com\/en\/boutique\/bags\/totem-en\/totem-cuir-de-buffle-graine-gold-etoile-bois\/\"]}]},{\"@type\":\"ImageObject\",\"inLanguage\":\"en-US\",\"@id\":\"https:\/\/www.stephaniecesaire.com\/en\/boutique\/bags\/totem-en\/totem-cuir-de-buffle-graine-gold-etoile-bois\/#primaryimage\",\"url\":\"https:\/\/www.stephaniecesaire.com\/wp-content\/uploads\/2023\/09\/TotemBUFGoldEtoileFace-1-jpg.webp\",\"contentUrl\":\"https:\/\/www.stephaniecesaire.com\/wp-content\/uploads\/2023\/09\/TotemBUFGoldEtoileFace-1-jpg.webp\",\"width\":630,\"height\":945},{\"@type\":\"BreadcrumbList\",\"@id\":\"https:\/\/www.stephaniecesaire.com\/en\/boutique\/bags\/totem-en\/totem-cuir-de-buffle-graine-gold-etoile-bois\/#breadcrumb\",\"itemListElement\":[{\"@type\":\"ListItem\",\"position\":1,\"name\":\"Accueil\",\"item\":\"https:\/\/www.stephaniecesaire.com\/en\/\"},{\"@type\":\"ListItem\",\"position\":2,\"name\":\"Shop\",\"item\":\"https:\/\/www.stephaniecesaire.com\/en\/shop\/\"},{\"@type\":\"ListItem\",\"position\":3,\"name\":\"Totem &#8211; Grained buffalo leather &#8211; Gold\"}]},{\"@type\":\"WebSite\",\"@id\":\"https:\/\/www.stephaniecesaire.com\/en\/#website\",\"url\":\"https:\/\/www.stephaniecesaire.com\/en\/\",\"name\":\"St\u00e9phanie C\u00e9saire\",\"description\":\"Sac cr\u00e9ateur made in France - Maroquinerie de luxe\",\"publisher\":{\"@id\":\"https:\/\/www.stephaniecesaire.com\/en\/#organization\"},\"potentialAction\":[{\"@type\":\"SearchAction\",\"target\":{\"@type\":\"EntryPoint\",\"urlTemplate\":\"https:\/\/www.stephaniecesaire.com\/en\/?s={search_term_string}\"},\"query-input\":\"required name=search_term_string\"}],\"inLanguage\":\"en-US\"},{\"@type\":\"Organization\",\"@id\":\"https:\/\/www.stephaniecesaire.com\/en\/#organization\",\"name\":\"St\u00e9phanie C\u00e9saire\",\"url\":\"https:\/\/www.stephaniecesaire.com\/en\/\",\"logo\":{\"@type\":\"ImageObject\",\"inLanguage\":\"en-US\",\"@id\":\"https:\/\/www.stephaniecesaire.com\/en\/#\/schema\/logo\/image\/\",\"url\":\"https:\/\/www.stephaniecesaire.com\/wp-content\/uploads\/2023\/10\/favicon.png\",\"contentUrl\":\"https:\/\/www.stephaniecesaire.com\/wp-content\/uploads\/2023\/10\/favicon.png\",\"width\":512,\"height\":512,\"caption\":\"St\u00e9phanie C\u00e9saire\"},\"image\":{\"@id\":\"https:\/\/www.stephaniecesaire.com\/en\/#\/schema\/logo\/image\/\"},\"sameAs\":[\"https:\/\/www.facebook.com\/cesaireparis\/\",\"https:\/\/www.pinterest.fr\/cesaireparis\/\",\"https:\/\/www.instagram.com\/cesaireparis.official\/\"]}]}<\/script>\n<!-- \/ Yoast SEO plugin. -->","yoast_head_json":{"title":"Sac Totem - cuir de buffle - C\u00e9saire - Sac cr\u00c3\u00a9ateur fabriqu\u00c3\u00a9 en France","description":"La poche Bracelet TOTEM se porte \u00c3\u00a0 la main ou au poignet gr\u00c3\u00a2ce \u00c3\u00a0 son bracelet de bois sculpt\u00c3\u00a9. Taill\u00c3\u00a9e dans des cuirs singuliers telle une poche de papier au fond carr\u00c3\u00a9. Seules les coutures essentielles ont \u00c3\u00a9t\u00c3\u00a9 pr\u00c3\u00a9serv\u00c3\u00a9es pour laisser la part belle aux mati\u00c3\u00a8res travaill\u00c3\u00a9es de mani\u00c3\u00a8res artisanales en France.","robots":{"index":"index","follow":"follow","max-snippet":"max-snippet:-1","max-image-preview":"max-image-preview:large","max-video-preview":"max-video-preview:-1"},"canonical":"https:\/\/www.stephaniecesaire.com\/en\/boutique\/bags\/totem-en\/totem-cuir-de-buffle-graine-gold-etoile-bois\/","og_locale":"en_US","og_type":"article","og_title":"Sac Totem - cuir de buffle - C\u00e9saire - Sac cr\u00c3\u00a9ateur fabriqu\u00c3\u00a9 en France","og_description":"La poche Bracelet TOTEM se porte \u00c3\u00a0 la main ou au poignet gr\u00c3\u00a2ce \u00c3\u00a0 son bracelet de bois sculpt\u00c3\u00a9. Taill\u00c3\u00a9e dans des cuirs singuliers telle une poche de papier au fond carr\u00c3\u00a9. Seules les coutures essentielles ont \u00c3\u00a9t\u00c3\u00a9 pr\u00c3\u00a9serv\u00c3\u00a9es pour laisser la part belle aux mati\u00c3\u00a8res travaill\u00c3\u00a9es de mani\u00c3\u00a8res artisanales en France.","og_url":"https:\/\/www.stephaniecesaire.com\/en\/boutique\/bags\/totem-en\/totem-cuir-de-buffle-graine-gold-etoile-bois\/","og_site_name":"C\u00e9saire","article_publisher":"https:\/\/www.facebook.com\/cesaireparis\/","article_modified_time":"2024-07-10T01:55:45+00:00","og_image":[{"width":630,"height":945,"url":"https:\/\/www.stephaniecesaire.com\/wp-content\/uploads\/2023\/09\/TotemBUFGoldEtoileFace-1-jpg.webp","type":"image\/jpeg"}],"twitter_card":"summary_large_image","twitter_misc":{"Est. reading time":"1 minute"},"schema":{"@context":"https:\/\/schema.org","@graph":[{"@type":"WebPage","@id":"https:\/\/www.stephaniecesaire.com\/en\/boutique\/bags\/totem-en\/totem-cuir-de-buffle-graine-gold-etoile-bois\/","url":"https:\/\/www.stephaniecesaire.com\/en\/boutique\/bags\/totem-en\/totem-cuir-de-buffle-graine-gold-etoile-bois\/","name":"Sac Totem - cuir de buffle - C\u00e9saire - Sac cr\u00c3\u00a9ateur fabriqu\u00c3\u00a9 en France","isPartOf":{"@id":"https:\/\/www.stephaniecesaire.com\/en\/#website"},"primaryImageOfPage":{"@id":"https:\/\/www.stephaniecesaire.com\/en\/boutique\/bags\/totem-en\/totem-cuir-de-buffle-graine-gold-etoile-bois\/#primaryimage"},"image":{"@id":"https:\/\/www.stephaniecesaire.com\/en\/boutique\/bags\/totem-en\/totem-cuir-de-buffle-graine-gold-etoile-bois\/#primaryimage"},"thumbnailUrl":"https:\/\/www.stephaniecesaire.com\/wp-content\/uploads\/2023\/09\/TotemBUFGoldEtoileFace-1-jpg.webp","datePublished":"2021-12-23T17:28:44+00:00","dateModified":"2024-07-10T01:55:45+00:00","description":"La poche Bracelet TOTEM se porte \u00c3\u00a0 la main ou au poignet gr\u00c3\u00a2ce \u00c3\u00a0 son bracelet de bois sculpt\u00c3\u00a9. Taill\u00c3\u00a9e dans des cuirs singuliers telle une poche de papier au fond carr\u00c3\u00a9. Seules les coutures essentielles ont \u00c3\u00a9t\u00c3\u00a9 pr\u00c3\u00a9serv\u00c3\u00a9es pour laisser la part belle aux mati\u00c3\u00a8res travaill\u00c3\u00a9es de mani\u00c3\u00a8res artisanales en France.","breadcrumb":{"@id":"https:\/\/www.stephaniecesaire.com\/en\/boutique\/bags\/totem-en\/totem-cuir-de-buffle-graine-gold-etoile-bois\/#breadcrumb"},"inLanguage":"en-US","potentialAction":[{"@type":"ReadAction","target":["https:\/\/www.stephaniecesaire.com\/en\/boutique\/bags\/totem-en\/totem-cuir-de-buffle-graine-gold-etoile-bois\/"]}]},{"@type":"ImageObject","inLanguage":"en-US","@id":"https:\/\/www.stephaniecesaire.com\/en\/boutique\/bags\/totem-en\/totem-cuir-de-buffle-graine-gold-etoile-bois\/#primaryimage","url":"https:\/\/www.stephaniecesaire.com\/wp-content\/uploads\/2023\/09\/TotemBUFGoldEtoileFace-1-jpg.webp","contentUrl":"https:\/\/www.stephaniecesaire.com\/wp-content\/uploads\/2023\/09\/TotemBUFGoldEtoileFace-1-jpg.webp","width":630,"height":945},{"@type":"BreadcrumbList","@id":"https:\/\/www.stephaniecesaire.com\/en\/boutique\/bags\/totem-en\/totem-cuir-de-buffle-graine-gold-etoile-bois\/#breadcrumb","itemListElement":[{"@type":"ListItem","position":1,"name":"Accueil","item":"https:\/\/www.stephaniecesaire.com\/en\/"},{"@type":"ListItem","position":2,"name":"Shop","item":"https:\/\/www.stephaniecesaire.com\/en\/shop\/"},{"@type":"ListItem","position":3,"name":"Totem &#8211; Grained buffalo leather &#8211; Gold"}]},{"@type":"WebSite","@id":"https:\/\/www.stephaniecesaire.com\/en\/#website","url":"https:\/\/www.stephaniecesaire.com\/en\/","name":"St\u00e9phanie C\u00e9saire","description":"Sac cr\u00e9ateur made in France - Maroquinerie de luxe","publisher":{"@id":"https:\/\/www.stephaniecesaire.com\/en\/#organization"},"potentialAction":[{"@type":"SearchAction","target":{"@type":"EntryPoint","urlTemplate":"https:\/\/www.stephaniecesaire.com\/en\/?s={search_term_string}"},"query-input":"required name=search_term_string"}],"inLanguage":"en-US"},{"@type":"Organization","@id":"https:\/\/www.stephaniecesaire.com\/en\/#organization","name":"St\u00e9phanie C\u00e9saire","url":"https:\/\/www.stephaniecesaire.com\/en\/","logo":{"@type":"ImageObject","inLanguage":"en-US","@id":"https:\/\/www.stephaniecesaire.com\/en\/#\/schema\/logo\/image\/","url":"https:\/\/www.stephaniecesaire.com\/wp-content\/uploads\/2023\/10\/favicon.png","contentUrl":"https:\/\/www.stephaniecesaire.com\/wp-content\/uploads\/2023\/10\/favicon.png","width":512,"height":512,"caption":"St\u00e9phanie C\u00e9saire"},"image":{"@id":"https:\/\/www.stephaniecesaire.com\/en\/#\/schema\/logo\/image\/"},"sameAs":["https:\/\/www.facebook.com\/cesaireparis\/","https:\/\/www.pinterest.fr\/cesaireparis\/","https:\/\/www.instagram.com\/cesaireparis.official\/"]}]}},"_links":{"self":[{"href":"https:\/\/www.stephaniecesaire.com\/en\/wp-json\/wp\/v2\/product\/29711","targetHints":{"allow":["GET"]}}],"collection":[{"href":"https:\/\/www.stephaniecesaire.com\/en\/wp-json\/wp\/v2\/product"}],"about":[{"href":"https:\/\/www.stephaniecesaire.com\/en\/wp-json\/wp\/v2\/types\/product"}],"wp:featuredmedia":[{"embeddable":true,"href":"https:\/\/www.stephaniecesaire.com\/en\/wp-json\/wp\/v2\/media\/21909"}],"wp:attachment":[{"href":"https:\/\/www.stephaniecesaire.com\/en\/wp-json\/wp\/v2\/media?parent=29711"}],"wp:term":[{"taxonomy":"product_cat","embeddable":true,"href":"https:\/\/www.stephaniecesaire.com\/en\/wp-json\/wp\/v2\/product_cat?post=29711"},{"taxonomy":"product_tag","embeddable":true,"href":"https:\/\/www.stephaniecesaire.com\/en\/wp-json\/wp\/v2\/product_tag?post=29711"}],"curies":[{"name":"wp","href":"https:\/\/api.w.org\/{rel}","templated":true}]}}