{"id":29814,"date":"2020-03-04T23:39:54","date_gmt":"2020-03-04T22:39:54","guid":{"rendered":"https:\/\/stephaniecesaire.com\/boutique\/uncategorized\/gaia-cuir-de-veau-estampe-croco-bronze\/"},"modified":"2024-02-20T19:09:50","modified_gmt":"2024-02-20T18:09:50","slug":"gaia-cuir-de-veau-estampe-croco-bronze","status":"publish","type":"product","link":"https:\/\/www.stephaniecesaire.com\/en\/boutique\/bags\/gaia-en\/gaia-cuir-de-veau-estampe-croco-bronze\/","title":{"rendered":"Ga\u00efa &#8211; Shiny CROCO-EMBOSSED CALF BRONZE"},"content":{"rendered":"<p>The Ga\u00efa mini saddle bag can either be hand-held by a handle attached by 2 curved metal buttons or worn bandoleer style thanks to a removable leather strap. Its flap is closed by a polished horn fibula. Entirely lined in cotton twill, it has a small, inside patch pocket.\u00a0Made in France.<\/p>\n","protected":false},"excerpt":{"rendered":"<p>Ga\u00efa, a mini saddle bag closed by a horn fibula, can be hand-held thanks to its delicate handle decorated with two curved metal buttons or be swingier when dangling from its thin, removable leather strap. A sophisticated, delicate saddle-stitching gives this small bag a unique modesty.<\/p>\n","protected":false},"featured_media":18298,"template":"","meta":[],"product_cat":[606],"product_tag":[],"class_list":{"0":"post-29814","1":"product","2":"type-product","3":"status-publish","4":"has-post-thumbnail","6":"product_cat-gaia-en","7":"product_shipping_class-classe-de-livraison-1","9":"first","10":"outofstock","11":"sold-individually","12":"taxable","13":"shipping-taxable","14":"purchasable","15":"product-type-simple"},"yoast_head":"<!-- This site is optimized with the Yoast SEO plugin v23.1 - https:\/\/yoast.com\/wordpress\/plugins\/seo\/ -->\n<title>Ga\u00efa - Shiny CROCO-EMBOSSED CALF BRONZE - C\u00e9saire sac \u00c3\u00a0 main fabriqu\u00c3\u00a9 en France<\/title>\n<meta name=\"description\" content=\"Sac bandouli\u00c3\u00a8re fabriqu\u00c3\u00a9 en France le sac Ga\u00c3\u00afa peut se porter du bout des doigts gr\u00c3\u00a2ce \u00c3\u00a0 sa poign\u00c3\u00a9e d\u00c3\u00a9licate orn\u00c3\u00a9e de 2 boutons de m\u00c3\u00a9tal bomb\u00c3\u00a9 ou virevoltante avec sa fine bandouli\u00c3\u00a8re de cuir amovible. Sac tendance, sac mode, sac cr\u00c3\u00a9ateur Fran\u00c3\u00a7ais. Maroquinerie de luxe artisanale Fran\u00c3\u00a7aise \u00e2\u20ac\u201c 100% made in France\" \/>\n<meta name=\"robots\" content=\"index, follow, max-snippet:-1, max-image-preview:large, max-video-preview:-1\" \/>\n<link rel=\"canonical\" href=\"https:\/\/www.stephaniecesaire.com\/en\/boutique\/bags\/gaia-en\/gaia-cuir-de-veau-estampe-croco-bronze\/\" \/>\n<meta property=\"og:locale\" content=\"en_US\" \/>\n<meta property=\"og:type\" content=\"article\" \/>\n<meta property=\"og:title\" content=\"Ga\u00efa - Shiny CROCO-EMBOSSED CALF BRONZE - C\u00e9saire sac \u00c3\u00a0 main fabriqu\u00c3\u00a9 en France\" \/>\n<meta property=\"og:description\" content=\"Sac bandouli\u00c3\u00a8re fabriqu\u00c3\u00a9 en France le sac Ga\u00c3\u00afa peut se porter du bout des doigts gr\u00c3\u00a2ce \u00c3\u00a0 sa poign\u00c3\u00a9e d\u00c3\u00a9licate orn\u00c3\u00a9e de 2 boutons de m\u00c3\u00a9tal bomb\u00c3\u00a9 ou virevoltante avec sa fine bandouli\u00c3\u00a8re de cuir amovible. Sac tendance, sac mode, sac cr\u00c3\u00a9ateur Fran\u00c3\u00a7ais. Maroquinerie de luxe artisanale Fran\u00c3\u00a7aise \u00e2\u20ac\u201c 100% made in France\" \/>\n<meta property=\"og:url\" content=\"https:\/\/www.stephaniecesaire.com\/en\/boutique\/bags\/gaia-en\/gaia-cuir-de-veau-estampe-croco-bronze\/\" \/>\n<meta property=\"og:site_name\" content=\"C\u00e9saire\" \/>\n<meta property=\"article:publisher\" content=\"https:\/\/www.facebook.com\/cesaireparis\/\" \/>\n<meta property=\"article:modified_time\" content=\"2024-02-20T18:09:50+00:00\" \/>\n<meta property=\"og:image\" content=\"https:\/\/www.stephaniecesaire.com\/wp-content\/uploads\/2023\/09\/GaiaVCBTaupeGIF.gif\" \/>\n\t<meta property=\"og:image:width\" content=\"630\" \/>\n\t<meta property=\"og:image:height\" content=\"945\" \/>\n\t<meta property=\"og:image:type\" content=\"image\/gif\" \/>\n<meta name=\"twitter:card\" content=\"summary_large_image\" \/>\n<meta name=\"twitter:label1\" content=\"Est. reading time\" \/>\n\t<meta name=\"twitter:data1\" content=\"1 minute\" \/>\n<script type=\"application\/ld+json\" class=\"yoast-schema-graph\">{\"@context\":\"https:\/\/schema.org\",\"@graph\":[{\"@type\":\"WebPage\",\"@id\":\"https:\/\/www.stephaniecesaire.com\/en\/boutique\/bags\/gaia-en\/gaia-cuir-de-veau-estampe-croco-bronze\/\",\"url\":\"https:\/\/www.stephaniecesaire.com\/en\/boutique\/bags\/gaia-en\/gaia-cuir-de-veau-estampe-croco-bronze\/\",\"name\":\"Ga\u00efa - Shiny CROCO-EMBOSSED CALF BRONZE - C\u00e9saire sac \u00c3\u00a0 main fabriqu\u00c3\u00a9 en France\",\"isPartOf\":{\"@id\":\"https:\/\/www.stephaniecesaire.com\/en\/#website\"},\"primaryImageOfPage\":{\"@id\":\"https:\/\/www.stephaniecesaire.com\/en\/boutique\/bags\/gaia-en\/gaia-cuir-de-veau-estampe-croco-bronze\/#primaryimage\"},\"image\":{\"@id\":\"https:\/\/www.stephaniecesaire.com\/en\/boutique\/bags\/gaia-en\/gaia-cuir-de-veau-estampe-croco-bronze\/#primaryimage\"},\"thumbnailUrl\":\"https:\/\/www.stephaniecesaire.com\/wp-content\/uploads\/2023\/09\/GaiaVCBTaupeGIF.gif\",\"datePublished\":\"2020-03-04T22:39:54+00:00\",\"dateModified\":\"2024-02-20T18:09:50+00:00\",\"description\":\"Sac bandouli\u00c3\u00a8re fabriqu\u00c3\u00a9 en France le sac Ga\u00c3\u00afa peut se porter du bout des doigts gr\u00c3\u00a2ce \u00c3\u00a0 sa poign\u00c3\u00a9e d\u00c3\u00a9licate orn\u00c3\u00a9e de 2 boutons de m\u00c3\u00a9tal bomb\u00c3\u00a9 ou virevoltante avec sa fine bandouli\u00c3\u00a8re de cuir amovible. Sac tendance, sac mode, sac cr\u00c3\u00a9ateur Fran\u00c3\u00a7ais. Maroquinerie de luxe artisanale Fran\u00c3\u00a7aise \u00e2\u20ac\u201c 100% made in France\",\"breadcrumb\":{\"@id\":\"https:\/\/www.stephaniecesaire.com\/en\/boutique\/bags\/gaia-en\/gaia-cuir-de-veau-estampe-croco-bronze\/#breadcrumb\"},\"inLanguage\":\"en-US\",\"potentialAction\":[{\"@type\":\"ReadAction\",\"target\":[\"https:\/\/www.stephaniecesaire.com\/en\/boutique\/bags\/gaia-en\/gaia-cuir-de-veau-estampe-croco-bronze\/\"]}]},{\"@type\":\"ImageObject\",\"inLanguage\":\"en-US\",\"@id\":\"https:\/\/www.stephaniecesaire.com\/en\/boutique\/bags\/gaia-en\/gaia-cuir-de-veau-estampe-croco-bronze\/#primaryimage\",\"url\":\"https:\/\/www.stephaniecesaire.com\/wp-content\/uploads\/2023\/09\/GaiaVCBTaupeGIF.gif\",\"contentUrl\":\"https:\/\/www.stephaniecesaire.com\/wp-content\/uploads\/2023\/09\/GaiaVCBTaupeGIF.gif\",\"width\":630,\"height\":945},{\"@type\":\"BreadcrumbList\",\"@id\":\"https:\/\/www.stephaniecesaire.com\/en\/boutique\/bags\/gaia-en\/gaia-cuir-de-veau-estampe-croco-bronze\/#breadcrumb\",\"itemListElement\":[{\"@type\":\"ListItem\",\"position\":1,\"name\":\"Accueil\",\"item\":\"https:\/\/www.stephaniecesaire.com\/en\/\"},{\"@type\":\"ListItem\",\"position\":2,\"name\":\"Shop\",\"item\":\"https:\/\/www.stephaniecesaire.com\/en\/shop\/\"},{\"@type\":\"ListItem\",\"position\":3,\"name\":\"Ga\u00efa &#8211; Shiny CROCO-EMBOSSED CALF BRONZE\"}]},{\"@type\":\"WebSite\",\"@id\":\"https:\/\/www.stephaniecesaire.com\/en\/#website\",\"url\":\"https:\/\/www.stephaniecesaire.com\/en\/\",\"name\":\"St\u00e9phanie C\u00e9saire\",\"description\":\"Sac cr\u00e9ateur made in France - Maroquinerie de luxe\",\"publisher\":{\"@id\":\"https:\/\/www.stephaniecesaire.com\/en\/#organization\"},\"potentialAction\":[{\"@type\":\"SearchAction\",\"target\":{\"@type\":\"EntryPoint\",\"urlTemplate\":\"https:\/\/www.stephaniecesaire.com\/en\/?s={search_term_string}\"},\"query-input\":\"required name=search_term_string\"}],\"inLanguage\":\"en-US\"},{\"@type\":\"Organization\",\"@id\":\"https:\/\/www.stephaniecesaire.com\/en\/#organization\",\"name\":\"St\u00e9phanie C\u00e9saire\",\"url\":\"https:\/\/www.stephaniecesaire.com\/en\/\",\"logo\":{\"@type\":\"ImageObject\",\"inLanguage\":\"en-US\",\"@id\":\"https:\/\/www.stephaniecesaire.com\/en\/#\/schema\/logo\/image\/\",\"url\":\"https:\/\/www.stephaniecesaire.com\/wp-content\/uploads\/2023\/10\/favicon.png\",\"contentUrl\":\"https:\/\/www.stephaniecesaire.com\/wp-content\/uploads\/2023\/10\/favicon.png\",\"width\":512,\"height\":512,\"caption\":\"St\u00e9phanie C\u00e9saire\"},\"image\":{\"@id\":\"https:\/\/www.stephaniecesaire.com\/en\/#\/schema\/logo\/image\/\"},\"sameAs\":[\"https:\/\/www.facebook.com\/cesaireparis\/\",\"https:\/\/www.pinterest.fr\/cesaireparis\/\",\"https:\/\/www.instagram.com\/cesaireparis.official\/\"]}]}<\/script>\n<!-- \/ Yoast SEO plugin. -->","yoast_head_json":{"title":"Ga\u00efa - Shiny CROCO-EMBOSSED CALF BRONZE - C\u00e9saire sac \u00c3\u00a0 main fabriqu\u00c3\u00a9 en France","description":"Sac bandouli\u00c3\u00a8re fabriqu\u00c3\u00a9 en France le sac Ga\u00c3\u00afa peut se porter du bout des doigts gr\u00c3\u00a2ce \u00c3\u00a0 sa poign\u00c3\u00a9e d\u00c3\u00a9licate orn\u00c3\u00a9e de 2 boutons de m\u00c3\u00a9tal bomb\u00c3\u00a9 ou virevoltante avec sa fine bandouli\u00c3\u00a8re de cuir amovible. Sac tendance, sac mode, sac cr\u00c3\u00a9ateur Fran\u00c3\u00a7ais. Maroquinerie de luxe artisanale Fran\u00c3\u00a7aise \u00e2\u20ac\u201c 100% made in France","robots":{"index":"index","follow":"follow","max-snippet":"max-snippet:-1","max-image-preview":"max-image-preview:large","max-video-preview":"max-video-preview:-1"},"canonical":"https:\/\/www.stephaniecesaire.com\/en\/boutique\/bags\/gaia-en\/gaia-cuir-de-veau-estampe-croco-bronze\/","og_locale":"en_US","og_type":"article","og_title":"Ga\u00efa - Shiny CROCO-EMBOSSED CALF BRONZE - C\u00e9saire sac \u00c3\u00a0 main fabriqu\u00c3\u00a9 en France","og_description":"Sac bandouli\u00c3\u00a8re fabriqu\u00c3\u00a9 en France le sac Ga\u00c3\u00afa peut se porter du bout des doigts gr\u00c3\u00a2ce \u00c3\u00a0 sa poign\u00c3\u00a9e d\u00c3\u00a9licate orn\u00c3\u00a9e de 2 boutons de m\u00c3\u00a9tal bomb\u00c3\u00a9 ou virevoltante avec sa fine bandouli\u00c3\u00a8re de cuir amovible. Sac tendance, sac mode, sac cr\u00c3\u00a9ateur Fran\u00c3\u00a7ais. Maroquinerie de luxe artisanale Fran\u00c3\u00a7aise \u00e2\u20ac\u201c 100% made in France","og_url":"https:\/\/www.stephaniecesaire.com\/en\/boutique\/bags\/gaia-en\/gaia-cuir-de-veau-estampe-croco-bronze\/","og_site_name":"C\u00e9saire","article_publisher":"https:\/\/www.facebook.com\/cesaireparis\/","article_modified_time":"2024-02-20T18:09:50+00:00","og_image":[{"width":630,"height":945,"url":"https:\/\/www.stephaniecesaire.com\/wp-content\/uploads\/2023\/09\/GaiaVCBTaupeGIF.gif","type":"image\/gif"}],"twitter_card":"summary_large_image","twitter_misc":{"Est. reading time":"1 minute"},"schema":{"@context":"https:\/\/schema.org","@graph":[{"@type":"WebPage","@id":"https:\/\/www.stephaniecesaire.com\/en\/boutique\/bags\/gaia-en\/gaia-cuir-de-veau-estampe-croco-bronze\/","url":"https:\/\/www.stephaniecesaire.com\/en\/boutique\/bags\/gaia-en\/gaia-cuir-de-veau-estampe-croco-bronze\/","name":"Ga\u00efa - Shiny CROCO-EMBOSSED CALF BRONZE - C\u00e9saire sac \u00c3\u00a0 main fabriqu\u00c3\u00a9 en France","isPartOf":{"@id":"https:\/\/www.stephaniecesaire.com\/en\/#website"},"primaryImageOfPage":{"@id":"https:\/\/www.stephaniecesaire.com\/en\/boutique\/bags\/gaia-en\/gaia-cuir-de-veau-estampe-croco-bronze\/#primaryimage"},"image":{"@id":"https:\/\/www.stephaniecesaire.com\/en\/boutique\/bags\/gaia-en\/gaia-cuir-de-veau-estampe-croco-bronze\/#primaryimage"},"thumbnailUrl":"https:\/\/www.stephaniecesaire.com\/wp-content\/uploads\/2023\/09\/GaiaVCBTaupeGIF.gif","datePublished":"2020-03-04T22:39:54+00:00","dateModified":"2024-02-20T18:09:50+00:00","description":"Sac bandouli\u00c3\u00a8re fabriqu\u00c3\u00a9 en France le sac Ga\u00c3\u00afa peut se porter du bout des doigts gr\u00c3\u00a2ce \u00c3\u00a0 sa poign\u00c3\u00a9e d\u00c3\u00a9licate orn\u00c3\u00a9e de 2 boutons de m\u00c3\u00a9tal bomb\u00c3\u00a9 ou virevoltante avec sa fine bandouli\u00c3\u00a8re de cuir amovible. Sac tendance, sac mode, sac cr\u00c3\u00a9ateur Fran\u00c3\u00a7ais. Maroquinerie de luxe artisanale Fran\u00c3\u00a7aise \u00e2\u20ac\u201c 100% made in France","breadcrumb":{"@id":"https:\/\/www.stephaniecesaire.com\/en\/boutique\/bags\/gaia-en\/gaia-cuir-de-veau-estampe-croco-bronze\/#breadcrumb"},"inLanguage":"en-US","potentialAction":[{"@type":"ReadAction","target":["https:\/\/www.stephaniecesaire.com\/en\/boutique\/bags\/gaia-en\/gaia-cuir-de-veau-estampe-croco-bronze\/"]}]},{"@type":"ImageObject","inLanguage":"en-US","@id":"https:\/\/www.stephaniecesaire.com\/en\/boutique\/bags\/gaia-en\/gaia-cuir-de-veau-estampe-croco-bronze\/#primaryimage","url":"https:\/\/www.stephaniecesaire.com\/wp-content\/uploads\/2023\/09\/GaiaVCBTaupeGIF.gif","contentUrl":"https:\/\/www.stephaniecesaire.com\/wp-content\/uploads\/2023\/09\/GaiaVCBTaupeGIF.gif","width":630,"height":945},{"@type":"BreadcrumbList","@id":"https:\/\/www.stephaniecesaire.com\/en\/boutique\/bags\/gaia-en\/gaia-cuir-de-veau-estampe-croco-bronze\/#breadcrumb","itemListElement":[{"@type":"ListItem","position":1,"name":"Accueil","item":"https:\/\/www.stephaniecesaire.com\/en\/"},{"@type":"ListItem","position":2,"name":"Shop","item":"https:\/\/www.stephaniecesaire.com\/en\/shop\/"},{"@type":"ListItem","position":3,"name":"Ga\u00efa &#8211; Shiny CROCO-EMBOSSED CALF BRONZE"}]},{"@type":"WebSite","@id":"https:\/\/www.stephaniecesaire.com\/en\/#website","url":"https:\/\/www.stephaniecesaire.com\/en\/","name":"St\u00e9phanie C\u00e9saire","description":"Sac cr\u00e9ateur made in France - Maroquinerie de luxe","publisher":{"@id":"https:\/\/www.stephaniecesaire.com\/en\/#organization"},"potentialAction":[{"@type":"SearchAction","target":{"@type":"EntryPoint","urlTemplate":"https:\/\/www.stephaniecesaire.com\/en\/?s={search_term_string}"},"query-input":"required name=search_term_string"}],"inLanguage":"en-US"},{"@type":"Organization","@id":"https:\/\/www.stephaniecesaire.com\/en\/#organization","name":"St\u00e9phanie C\u00e9saire","url":"https:\/\/www.stephaniecesaire.com\/en\/","logo":{"@type":"ImageObject","inLanguage":"en-US","@id":"https:\/\/www.stephaniecesaire.com\/en\/#\/schema\/logo\/image\/","url":"https:\/\/www.stephaniecesaire.com\/wp-content\/uploads\/2023\/10\/favicon.png","contentUrl":"https:\/\/www.stephaniecesaire.com\/wp-content\/uploads\/2023\/10\/favicon.png","width":512,"height":512,"caption":"St\u00e9phanie C\u00e9saire"},"image":{"@id":"https:\/\/www.stephaniecesaire.com\/en\/#\/schema\/logo\/image\/"},"sameAs":["https:\/\/www.facebook.com\/cesaireparis\/","https:\/\/www.pinterest.fr\/cesaireparis\/","https:\/\/www.instagram.com\/cesaireparis.official\/"]}]}},"_links":{"self":[{"href":"https:\/\/www.stephaniecesaire.com\/en\/wp-json\/wp\/v2\/product\/29814","targetHints":{"allow":["GET"]}}],"collection":[{"href":"https:\/\/www.stephaniecesaire.com\/en\/wp-json\/wp\/v2\/product"}],"about":[{"href":"https:\/\/www.stephaniecesaire.com\/en\/wp-json\/wp\/v2\/types\/product"}],"wp:featuredmedia":[{"embeddable":true,"href":"https:\/\/www.stephaniecesaire.com\/en\/wp-json\/wp\/v2\/media\/18298"}],"wp:attachment":[{"href":"https:\/\/www.stephaniecesaire.com\/en\/wp-json\/wp\/v2\/media?parent=29814"}],"wp:term":[{"taxonomy":"product_cat","embeddable":true,"href":"https:\/\/www.stephaniecesaire.com\/en\/wp-json\/wp\/v2\/product_cat?post=29814"},{"taxonomy":"product_tag","embeddable":true,"href":"https:\/\/www.stephaniecesaire.com\/en\/wp-json\/wp\/v2\/product_tag?post=29814"}],"curies":[{"name":"wp","href":"https:\/\/api.w.org\/{rel}","templated":true}]}}