{"id":29837,"date":"2019-12-05T18:13:42","date_gmt":"2019-12-05T17:13:42","guid":{"rendered":"https:\/\/stephaniecesaire.com\/boutique\/uncategorized\/grand-portefeuille-eventail-cuir-de-veau-nubuck-graine-cognac\/"},"modified":"2024-02-20T19:09:51","modified_gmt":"2024-02-20T18:09:51","slug":"grand-portefeuille-eventail-cuir-de-veau-nubuck-graine-cognac","status":"publish","type":"product","link":"https:\/\/www.stephaniecesaire.com\/en\/boutique\/small-leather-goods\/large-fan-wallet\/grand-portefeuille-eventail-cuir-de-veau-nubuck-graine-cognac\/","title":{"rendered":"LARGE FAN WALLET &#8211; Nubuck grained calf PLUM"},"content":{"rendered":"<p>It is composed of two modules a zipped pocket for coins, 12 credit cards&#8217; department, 7 pockets of various sizes for banknote, credit card slip tickets <\/p>\n","protected":false},"excerpt":{"rendered":"<p>Just a simple sliding cord and your precious belongings are in front of you. The wallet Eventail (fan) is made in the nomad spirit in the\u00a0 design aesthetics following the concept of being able to arrange all the necessary.<\/p>\n","protected":false},"featured_media":16284,"template":"","meta":[],"product_cat":[590],"product_tag":[1524],"class_list":{"0":"post-29837","1":"product","2":"type-product","3":"status-publish","4":"has-post-thumbnail","6":"product_cat-large-fan-wallet","7":"product_tag-backorder","8":"product_shipping_class-classe-de-livraison-5","10":"first","11":"outofstock","12":"sold-individually","13":"taxable","14":"shipping-taxable","15":"purchasable","16":"product-type-simple"},"yoast_head":"<!-- This site is optimized with the Yoast SEO plugin v23.1 - https:\/\/yoast.com\/wordpress\/plugins\/seo\/ -->\n<title>LARGE FAN WALLET - Nubuck grained calf PLUM - C\u00e9saire<\/title>\n<meta name=\"robots\" content=\"index, follow, max-snippet:-1, max-image-preview:large, max-video-preview:-1\" \/>\n<link rel=\"canonical\" href=\"https:\/\/www.stephaniecesaire.com\/en\/boutique\/small-leather-goods\/large-fan-wallet\/grand-portefeuille-eventail-cuir-de-veau-nubuck-graine-cognac\/\" \/>\n<meta property=\"og:locale\" content=\"en_US\" \/>\n<meta property=\"og:type\" content=\"article\" \/>\n<meta property=\"og:title\" content=\"LARGE FAN WALLET - Nubuck grained calf PLUM - C\u00e9saire\" \/>\n<meta property=\"og:description\" content=\"Just a simple sliding cord and your precious belongings are in front of you. The wallet Eventail (fan) is made in the nomad spirit in the\u00a0 design aesthetics following the concept of being able to arrange all the necessary.\" \/>\n<meta property=\"og:url\" content=\"https:\/\/www.stephaniecesaire.com\/en\/boutique\/small-leather-goods\/large-fan-wallet\/grand-portefeuille-eventail-cuir-de-veau-nubuck-graine-cognac\/\" \/>\n<meta property=\"og:site_name\" content=\"C\u00e9saire\" \/>\n<meta property=\"article:publisher\" content=\"https:\/\/www.facebook.com\/cesaireparis\/\" \/>\n<meta property=\"article:modified_time\" content=\"2024-02-20T18:09:51+00:00\" \/>\n<meta property=\"og:image\" content=\"https:\/\/www.stephaniecesaire.com\/wp-content\/uploads\/2023\/09\/GrandEventail_NUGPruneOuvert-jpg.webp\" \/>\n\t<meta property=\"og:image:width\" content=\"630\" \/>\n\t<meta property=\"og:image:height\" content=\"945\" \/>\n\t<meta property=\"og:image:type\" content=\"image\/jpeg\" \/>\n<meta name=\"twitter:card\" content=\"summary_large_image\" \/>\n<meta name=\"twitter:label1\" content=\"Est. reading time\" \/>\n\t<meta name=\"twitter:data1\" content=\"1 minute\" \/>\n<script type=\"application\/ld+json\" class=\"yoast-schema-graph\">{\"@context\":\"https:\/\/schema.org\",\"@graph\":[{\"@type\":\"WebPage\",\"@id\":\"https:\/\/www.stephaniecesaire.com\/en\/boutique\/small-leather-goods\/large-fan-wallet\/grand-portefeuille-eventail-cuir-de-veau-nubuck-graine-cognac\/\",\"url\":\"https:\/\/www.stephaniecesaire.com\/en\/boutique\/small-leather-goods\/large-fan-wallet\/grand-portefeuille-eventail-cuir-de-veau-nubuck-graine-cognac\/\",\"name\":\"LARGE FAN WALLET - Nubuck grained calf PLUM - C\u00e9saire\",\"isPartOf\":{\"@id\":\"https:\/\/www.stephaniecesaire.com\/en\/#website\"},\"primaryImageOfPage\":{\"@id\":\"https:\/\/www.stephaniecesaire.com\/en\/boutique\/small-leather-goods\/large-fan-wallet\/grand-portefeuille-eventail-cuir-de-veau-nubuck-graine-cognac\/#primaryimage\"},\"image\":{\"@id\":\"https:\/\/www.stephaniecesaire.com\/en\/boutique\/small-leather-goods\/large-fan-wallet\/grand-portefeuille-eventail-cuir-de-veau-nubuck-graine-cognac\/#primaryimage\"},\"thumbnailUrl\":\"https:\/\/www.stephaniecesaire.com\/wp-content\/uploads\/2023\/09\/GrandEventail_NUGPruneOuvert-jpg.webp\",\"datePublished\":\"2019-12-05T17:13:42+00:00\",\"dateModified\":\"2024-02-20T18:09:51+00:00\",\"breadcrumb\":{\"@id\":\"https:\/\/www.stephaniecesaire.com\/en\/boutique\/small-leather-goods\/large-fan-wallet\/grand-portefeuille-eventail-cuir-de-veau-nubuck-graine-cognac\/#breadcrumb\"},\"inLanguage\":\"en-US\",\"potentialAction\":[{\"@type\":\"ReadAction\",\"target\":[\"https:\/\/www.stephaniecesaire.com\/en\/boutique\/small-leather-goods\/large-fan-wallet\/grand-portefeuille-eventail-cuir-de-veau-nubuck-graine-cognac\/\"]}]},{\"@type\":\"ImageObject\",\"inLanguage\":\"en-US\",\"@id\":\"https:\/\/www.stephaniecesaire.com\/en\/boutique\/small-leather-goods\/large-fan-wallet\/grand-portefeuille-eventail-cuir-de-veau-nubuck-graine-cognac\/#primaryimage\",\"url\":\"https:\/\/www.stephaniecesaire.com\/wp-content\/uploads\/2023\/09\/GrandEventail_NUGPruneOuvert-jpg.webp\",\"contentUrl\":\"https:\/\/www.stephaniecesaire.com\/wp-content\/uploads\/2023\/09\/GrandEventail_NUGPruneOuvert-jpg.webp\",\"width\":630,\"height\":945},{\"@type\":\"BreadcrumbList\",\"@id\":\"https:\/\/www.stephaniecesaire.com\/en\/boutique\/small-leather-goods\/large-fan-wallet\/grand-portefeuille-eventail-cuir-de-veau-nubuck-graine-cognac\/#breadcrumb\",\"itemListElement\":[{\"@type\":\"ListItem\",\"position\":1,\"name\":\"Accueil\",\"item\":\"https:\/\/www.stephaniecesaire.com\/en\/\"},{\"@type\":\"ListItem\",\"position\":2,\"name\":\"Shop\",\"item\":\"https:\/\/www.stephaniecesaire.com\/en\/shop\/\"},{\"@type\":\"ListItem\",\"position\":3,\"name\":\"LARGE FAN WALLET &#8211; Nubuck grained calf PLUM\"}]},{\"@type\":\"WebSite\",\"@id\":\"https:\/\/www.stephaniecesaire.com\/en\/#website\",\"url\":\"https:\/\/www.stephaniecesaire.com\/en\/\",\"name\":\"St\u00e9phanie C\u00e9saire\",\"description\":\"Sac cr\u00e9ateur made in France - Maroquinerie de luxe\",\"publisher\":{\"@id\":\"https:\/\/www.stephaniecesaire.com\/en\/#organization\"},\"potentialAction\":[{\"@type\":\"SearchAction\",\"target\":{\"@type\":\"EntryPoint\",\"urlTemplate\":\"https:\/\/www.stephaniecesaire.com\/en\/?s={search_term_string}\"},\"query-input\":\"required name=search_term_string\"}],\"inLanguage\":\"en-US\"},{\"@type\":\"Organization\",\"@id\":\"https:\/\/www.stephaniecesaire.com\/en\/#organization\",\"name\":\"St\u00e9phanie C\u00e9saire\",\"url\":\"https:\/\/www.stephaniecesaire.com\/en\/\",\"logo\":{\"@type\":\"ImageObject\",\"inLanguage\":\"en-US\",\"@id\":\"https:\/\/www.stephaniecesaire.com\/en\/#\/schema\/logo\/image\/\",\"url\":\"https:\/\/www.stephaniecesaire.com\/wp-content\/uploads\/2023\/10\/favicon.png\",\"contentUrl\":\"https:\/\/www.stephaniecesaire.com\/wp-content\/uploads\/2023\/10\/favicon.png\",\"width\":512,\"height\":512,\"caption\":\"St\u00e9phanie C\u00e9saire\"},\"image\":{\"@id\":\"https:\/\/www.stephaniecesaire.com\/en\/#\/schema\/logo\/image\/\"},\"sameAs\":[\"https:\/\/www.facebook.com\/cesaireparis\/\",\"https:\/\/www.pinterest.fr\/cesaireparis\/\",\"https:\/\/www.instagram.com\/cesaireparis.official\/\"]}]}<\/script>\n<!-- \/ Yoast SEO plugin. -->","yoast_head_json":{"title":"LARGE FAN WALLET - Nubuck grained calf PLUM - C\u00e9saire","robots":{"index":"index","follow":"follow","max-snippet":"max-snippet:-1","max-image-preview":"max-image-preview:large","max-video-preview":"max-video-preview:-1"},"canonical":"https:\/\/www.stephaniecesaire.com\/en\/boutique\/small-leather-goods\/large-fan-wallet\/grand-portefeuille-eventail-cuir-de-veau-nubuck-graine-cognac\/","og_locale":"en_US","og_type":"article","og_title":"LARGE FAN WALLET - Nubuck grained calf PLUM - C\u00e9saire","og_description":"Just a simple sliding cord and your precious belongings are in front of you. The wallet Eventail (fan) is made in the nomad spirit in the\u00a0 design aesthetics following the concept of being able to arrange all the necessary.","og_url":"https:\/\/www.stephaniecesaire.com\/en\/boutique\/small-leather-goods\/large-fan-wallet\/grand-portefeuille-eventail-cuir-de-veau-nubuck-graine-cognac\/","og_site_name":"C\u00e9saire","article_publisher":"https:\/\/www.facebook.com\/cesaireparis\/","article_modified_time":"2024-02-20T18:09:51+00:00","og_image":[{"width":630,"height":945,"url":"https:\/\/www.stephaniecesaire.com\/wp-content\/uploads\/2023\/09\/GrandEventail_NUGPruneOuvert-jpg.webp","type":"image\/jpeg"}],"twitter_card":"summary_large_image","twitter_misc":{"Est. reading time":"1 minute"},"schema":{"@context":"https:\/\/schema.org","@graph":[{"@type":"WebPage","@id":"https:\/\/www.stephaniecesaire.com\/en\/boutique\/small-leather-goods\/large-fan-wallet\/grand-portefeuille-eventail-cuir-de-veau-nubuck-graine-cognac\/","url":"https:\/\/www.stephaniecesaire.com\/en\/boutique\/small-leather-goods\/large-fan-wallet\/grand-portefeuille-eventail-cuir-de-veau-nubuck-graine-cognac\/","name":"LARGE FAN WALLET - Nubuck grained calf PLUM - C\u00e9saire","isPartOf":{"@id":"https:\/\/www.stephaniecesaire.com\/en\/#website"},"primaryImageOfPage":{"@id":"https:\/\/www.stephaniecesaire.com\/en\/boutique\/small-leather-goods\/large-fan-wallet\/grand-portefeuille-eventail-cuir-de-veau-nubuck-graine-cognac\/#primaryimage"},"image":{"@id":"https:\/\/www.stephaniecesaire.com\/en\/boutique\/small-leather-goods\/large-fan-wallet\/grand-portefeuille-eventail-cuir-de-veau-nubuck-graine-cognac\/#primaryimage"},"thumbnailUrl":"https:\/\/www.stephaniecesaire.com\/wp-content\/uploads\/2023\/09\/GrandEventail_NUGPruneOuvert-jpg.webp","datePublished":"2019-12-05T17:13:42+00:00","dateModified":"2024-02-20T18:09:51+00:00","breadcrumb":{"@id":"https:\/\/www.stephaniecesaire.com\/en\/boutique\/small-leather-goods\/large-fan-wallet\/grand-portefeuille-eventail-cuir-de-veau-nubuck-graine-cognac\/#breadcrumb"},"inLanguage":"en-US","potentialAction":[{"@type":"ReadAction","target":["https:\/\/www.stephaniecesaire.com\/en\/boutique\/small-leather-goods\/large-fan-wallet\/grand-portefeuille-eventail-cuir-de-veau-nubuck-graine-cognac\/"]}]},{"@type":"ImageObject","inLanguage":"en-US","@id":"https:\/\/www.stephaniecesaire.com\/en\/boutique\/small-leather-goods\/large-fan-wallet\/grand-portefeuille-eventail-cuir-de-veau-nubuck-graine-cognac\/#primaryimage","url":"https:\/\/www.stephaniecesaire.com\/wp-content\/uploads\/2023\/09\/GrandEventail_NUGPruneOuvert-jpg.webp","contentUrl":"https:\/\/www.stephaniecesaire.com\/wp-content\/uploads\/2023\/09\/GrandEventail_NUGPruneOuvert-jpg.webp","width":630,"height":945},{"@type":"BreadcrumbList","@id":"https:\/\/www.stephaniecesaire.com\/en\/boutique\/small-leather-goods\/large-fan-wallet\/grand-portefeuille-eventail-cuir-de-veau-nubuck-graine-cognac\/#breadcrumb","itemListElement":[{"@type":"ListItem","position":1,"name":"Accueil","item":"https:\/\/www.stephaniecesaire.com\/en\/"},{"@type":"ListItem","position":2,"name":"Shop","item":"https:\/\/www.stephaniecesaire.com\/en\/shop\/"},{"@type":"ListItem","position":3,"name":"LARGE FAN WALLET &#8211; Nubuck grained calf PLUM"}]},{"@type":"WebSite","@id":"https:\/\/www.stephaniecesaire.com\/en\/#website","url":"https:\/\/www.stephaniecesaire.com\/en\/","name":"St\u00e9phanie C\u00e9saire","description":"Sac cr\u00e9ateur made in France - Maroquinerie de luxe","publisher":{"@id":"https:\/\/www.stephaniecesaire.com\/en\/#organization"},"potentialAction":[{"@type":"SearchAction","target":{"@type":"EntryPoint","urlTemplate":"https:\/\/www.stephaniecesaire.com\/en\/?s={search_term_string}"},"query-input":"required name=search_term_string"}],"inLanguage":"en-US"},{"@type":"Organization","@id":"https:\/\/www.stephaniecesaire.com\/en\/#organization","name":"St\u00e9phanie C\u00e9saire","url":"https:\/\/www.stephaniecesaire.com\/en\/","logo":{"@type":"ImageObject","inLanguage":"en-US","@id":"https:\/\/www.stephaniecesaire.com\/en\/#\/schema\/logo\/image\/","url":"https:\/\/www.stephaniecesaire.com\/wp-content\/uploads\/2023\/10\/favicon.png","contentUrl":"https:\/\/www.stephaniecesaire.com\/wp-content\/uploads\/2023\/10\/favicon.png","width":512,"height":512,"caption":"St\u00e9phanie C\u00e9saire"},"image":{"@id":"https:\/\/www.stephaniecesaire.com\/en\/#\/schema\/logo\/image\/"},"sameAs":["https:\/\/www.facebook.com\/cesaireparis\/","https:\/\/www.pinterest.fr\/cesaireparis\/","https:\/\/www.instagram.com\/cesaireparis.official\/"]}]}},"_links":{"self":[{"href":"https:\/\/www.stephaniecesaire.com\/en\/wp-json\/wp\/v2\/product\/29837","targetHints":{"allow":["GET"]}}],"collection":[{"href":"https:\/\/www.stephaniecesaire.com\/en\/wp-json\/wp\/v2\/product"}],"about":[{"href":"https:\/\/www.stephaniecesaire.com\/en\/wp-json\/wp\/v2\/types\/product"}],"wp:featuredmedia":[{"embeddable":true,"href":"https:\/\/www.stephaniecesaire.com\/en\/wp-json\/wp\/v2\/media\/16284"}],"wp:attachment":[{"href":"https:\/\/www.stephaniecesaire.com\/en\/wp-json\/wp\/v2\/media?parent=29837"}],"wp:term":[{"taxonomy":"product_cat","embeddable":true,"href":"https:\/\/www.stephaniecesaire.com\/en\/wp-json\/wp\/v2\/product_cat?post=29837"},{"taxonomy":"product_tag","embeddable":true,"href":"https:\/\/www.stephaniecesaire.com\/en\/wp-json\/wp\/v2\/product_tag?post=29837"}],"curies":[{"name":"wp","href":"https:\/\/api.w.org\/{rel}","templated":true}]}}