{"id":29945,"date":"2018-10-12T16:03:49","date_gmt":"2018-10-12T14:03:49","guid":{"rendered":"https:\/\/stephaniecesaire.com\/boutique\/uncategorized\/pochette-eventail-cuir-dagneau-estampe-iguane-noir\/"},"modified":"2024-04-08T18:41:26","modified_gmt":"2024-04-08T16:41:26","slug":"pochette-eventail-cuir-dagneau-estampe-iguane-noir","status":"publish","type":"product","link":"https:\/\/www.stephaniecesaire.com\/en\/boutique\/bags\/fan-clutch\/pochette-eventail-cuir-dagneau-estampe-iguane-noir\/","title":{"rendered":"FAN CLUTCH &#8211; Iguana-stamped lambskin Black"},"content":{"rendered":"<p>Articulated around two panels with pockets, the clutch is composed of a smartphone case, ten flat pockets for business and bank cards, two big compartments for bills, a wide zipped pocket for coins and keys  and a small steel mirror. A drawstring tie closes the fan clutch and is transformed into a short strap so it can be worn on the wrist.<\/p>\n","protected":false},"excerpt":{"rendered":"<p>In the continuity of wallets with a nomadic spirit, St\u00e9phanie proposes her vision of the &#8220;all-in-one\u20ac&#8221;: the fan clutch. The principle of this piece that has become new house signature thanks to its unique aesthetic is based on a single gesture: it can be spread like a fan. The drawstring tie is transformed into a short strap so it can be worn on the wrist. As either a daytime wallet or an evening clutch, this clever two-in-one accessory offers an.<\/p>\n","protected":false},"featured_media":7990,"template":"","meta":[],"product_cat":[620],"product_tag":[],"class_list":{"0":"post-29945","1":"product","2":"type-product","3":"status-publish","4":"has-post-thumbnail","6":"product_cat-fan-clutch","7":"product_shipping_class-classe-de-livraison-1","8":"pa_porte-handbags","9":"pa_volume-small-bags","11":"first","12":"outofstock","13":"sold-individually","14":"taxable","15":"shipping-taxable","16":"purchasable","17":"product-type-simple"},"yoast_head":"<!-- This site is optimized with the Yoast SEO plugin v23.1 - https:\/\/yoast.com\/wordpress\/plugins\/seo\/ -->\n<title>FAN CLUTCH - Iguana-stamped lambskin Black - C\u00e9saire<\/title>\n<meta name=\"robots\" content=\"index, follow, max-snippet:-1, max-image-preview:large, max-video-preview:-1\" \/>\n<link rel=\"canonical\" href=\"https:\/\/www.stephaniecesaire.com\/en\/boutique\/bags\/fan-clutch\/pochette-eventail-cuir-dagneau-estampe-iguane-noir\/\" \/>\n<meta property=\"og:locale\" content=\"en_US\" \/>\n<meta property=\"og:type\" content=\"article\" \/>\n<meta property=\"og:title\" content=\"FAN CLUTCH - Iguana-stamped lambskin Black - C\u00e9saire\" \/>\n<meta property=\"og:description\" content=\"In the continuity of wallets with a nomadic spirit, St\u00e9phanie proposes her vision of the &quot;all-in-one\u20ac&quot;: the fan clutch. The principle of this piece that has become new house signature thanks to its unique aesthetic is based on a single gesture: it can be spread like a fan. The drawstring tie is transformed into a short strap so it can be worn on the wrist. As either a daytime wallet or an evening clutch, this clever two-in-one accessory offers an.\" \/>\n<meta property=\"og:url\" content=\"https:\/\/www.stephaniecesaire.com\/en\/boutique\/bags\/fan-clutch\/pochette-eventail-cuir-dagneau-estampe-iguane-noir\/\" \/>\n<meta property=\"og:site_name\" content=\"C\u00e9saire\" \/>\n<meta property=\"article:publisher\" content=\"https:\/\/www.facebook.com\/cesaireparis\/\" \/>\n<meta property=\"article:modified_time\" content=\"2024-04-08T16:41:26+00:00\" \/>\n<meta property=\"og:image\" content=\"https:\/\/www.stephaniecesaire.com\/wp-content\/uploads\/2023\/09\/PEVAGI_Noir_WEB1-scaled.webp\" \/>\n\t<meta property=\"og:image:width\" content=\"1707\" \/>\n\t<meta property=\"og:image:height\" content=\"2560\" \/>\n\t<meta property=\"og:image:type\" content=\"image\/jpeg\" \/>\n<meta name=\"twitter:card\" content=\"summary_large_image\" \/>\n<meta name=\"twitter:label1\" content=\"Est. reading time\" \/>\n\t<meta name=\"twitter:data1\" content=\"1 minute\" \/>\n<script type=\"application\/ld+json\" class=\"yoast-schema-graph\">{\"@context\":\"https:\/\/schema.org\",\"@graph\":[{\"@type\":\"WebPage\",\"@id\":\"https:\/\/www.stephaniecesaire.com\/en\/boutique\/bags\/fan-clutch\/pochette-eventail-cuir-dagneau-estampe-iguane-noir\/\",\"url\":\"https:\/\/www.stephaniecesaire.com\/en\/boutique\/bags\/fan-clutch\/pochette-eventail-cuir-dagneau-estampe-iguane-noir\/\",\"name\":\"FAN CLUTCH - Iguana-stamped lambskin Black - C\u00e9saire\",\"isPartOf\":{\"@id\":\"https:\/\/www.stephaniecesaire.com\/en\/#website\"},\"primaryImageOfPage\":{\"@id\":\"https:\/\/www.stephaniecesaire.com\/en\/boutique\/bags\/fan-clutch\/pochette-eventail-cuir-dagneau-estampe-iguane-noir\/#primaryimage\"},\"image\":{\"@id\":\"https:\/\/www.stephaniecesaire.com\/en\/boutique\/bags\/fan-clutch\/pochette-eventail-cuir-dagneau-estampe-iguane-noir\/#primaryimage\"},\"thumbnailUrl\":\"https:\/\/www.stephaniecesaire.com\/wp-content\/uploads\/2023\/09\/PEVAGI_Noir_WEB1-scaled.webp\",\"datePublished\":\"2018-10-12T14:03:49+00:00\",\"dateModified\":\"2024-04-08T16:41:26+00:00\",\"breadcrumb\":{\"@id\":\"https:\/\/www.stephaniecesaire.com\/en\/boutique\/bags\/fan-clutch\/pochette-eventail-cuir-dagneau-estampe-iguane-noir\/#breadcrumb\"},\"inLanguage\":\"en-US\",\"potentialAction\":[{\"@type\":\"ReadAction\",\"target\":[\"https:\/\/www.stephaniecesaire.com\/en\/boutique\/bags\/fan-clutch\/pochette-eventail-cuir-dagneau-estampe-iguane-noir\/\"]}]},{\"@type\":\"ImageObject\",\"inLanguage\":\"en-US\",\"@id\":\"https:\/\/www.stephaniecesaire.com\/en\/boutique\/bags\/fan-clutch\/pochette-eventail-cuir-dagneau-estampe-iguane-noir\/#primaryimage\",\"url\":\"https:\/\/www.stephaniecesaire.com\/wp-content\/uploads\/2023\/09\/PEVAGI_Noir_WEB1-scaled.webp\",\"contentUrl\":\"https:\/\/www.stephaniecesaire.com\/wp-content\/uploads\/2023\/09\/PEVAGI_Noir_WEB1-scaled.webp\",\"width\":1707,\"height\":2560},{\"@type\":\"BreadcrumbList\",\"@id\":\"https:\/\/www.stephaniecesaire.com\/en\/boutique\/bags\/fan-clutch\/pochette-eventail-cuir-dagneau-estampe-iguane-noir\/#breadcrumb\",\"itemListElement\":[{\"@type\":\"ListItem\",\"position\":1,\"name\":\"Accueil\",\"item\":\"https:\/\/www.stephaniecesaire.com\/en\/\"},{\"@type\":\"ListItem\",\"position\":2,\"name\":\"Shop\",\"item\":\"https:\/\/www.stephaniecesaire.com\/en\/shop\/\"},{\"@type\":\"ListItem\",\"position\":3,\"name\":\"FAN CLUTCH &#8211; Iguana-stamped lambskin Black\"}]},{\"@type\":\"WebSite\",\"@id\":\"https:\/\/www.stephaniecesaire.com\/en\/#website\",\"url\":\"https:\/\/www.stephaniecesaire.com\/en\/\",\"name\":\"St\u00e9phanie C\u00e9saire\",\"description\":\"Sac cr\u00e9ateur made in France - Maroquinerie de luxe\",\"publisher\":{\"@id\":\"https:\/\/www.stephaniecesaire.com\/en\/#organization\"},\"potentialAction\":[{\"@type\":\"SearchAction\",\"target\":{\"@type\":\"EntryPoint\",\"urlTemplate\":\"https:\/\/www.stephaniecesaire.com\/en\/?s={search_term_string}\"},\"query-input\":\"required name=search_term_string\"}],\"inLanguage\":\"en-US\"},{\"@type\":\"Organization\",\"@id\":\"https:\/\/www.stephaniecesaire.com\/en\/#organization\",\"name\":\"St\u00e9phanie C\u00e9saire\",\"url\":\"https:\/\/www.stephaniecesaire.com\/en\/\",\"logo\":{\"@type\":\"ImageObject\",\"inLanguage\":\"en-US\",\"@id\":\"https:\/\/www.stephaniecesaire.com\/en\/#\/schema\/logo\/image\/\",\"url\":\"https:\/\/www.stephaniecesaire.com\/wp-content\/uploads\/2023\/10\/favicon.png\",\"contentUrl\":\"https:\/\/www.stephaniecesaire.com\/wp-content\/uploads\/2023\/10\/favicon.png\",\"width\":512,\"height\":512,\"caption\":\"St\u00e9phanie C\u00e9saire\"},\"image\":{\"@id\":\"https:\/\/www.stephaniecesaire.com\/en\/#\/schema\/logo\/image\/\"},\"sameAs\":[\"https:\/\/www.facebook.com\/cesaireparis\/\",\"https:\/\/www.pinterest.fr\/cesaireparis\/\",\"https:\/\/www.instagram.com\/cesaireparis.official\/\"]}]}<\/script>\n<!-- \/ Yoast SEO plugin. -->","yoast_head_json":{"title":"FAN CLUTCH - Iguana-stamped lambskin Black - C\u00e9saire","robots":{"index":"index","follow":"follow","max-snippet":"max-snippet:-1","max-image-preview":"max-image-preview:large","max-video-preview":"max-video-preview:-1"},"canonical":"https:\/\/www.stephaniecesaire.com\/en\/boutique\/bags\/fan-clutch\/pochette-eventail-cuir-dagneau-estampe-iguane-noir\/","og_locale":"en_US","og_type":"article","og_title":"FAN CLUTCH - Iguana-stamped lambskin Black - C\u00e9saire","og_description":"In the continuity of wallets with a nomadic spirit, St\u00e9phanie proposes her vision of the \"all-in-one\u20ac\": the fan clutch. The principle of this piece that has become new house signature thanks to its unique aesthetic is based on a single gesture: it can be spread like a fan. The drawstring tie is transformed into a short strap so it can be worn on the wrist. As either a daytime wallet or an evening clutch, this clever two-in-one accessory offers an.","og_url":"https:\/\/www.stephaniecesaire.com\/en\/boutique\/bags\/fan-clutch\/pochette-eventail-cuir-dagneau-estampe-iguane-noir\/","og_site_name":"C\u00e9saire","article_publisher":"https:\/\/www.facebook.com\/cesaireparis\/","article_modified_time":"2024-04-08T16:41:26+00:00","og_image":[{"width":1707,"height":2560,"url":"https:\/\/www.stephaniecesaire.com\/wp-content\/uploads\/2023\/09\/PEVAGI_Noir_WEB1-scaled.webp","type":"image\/jpeg"}],"twitter_card":"summary_large_image","twitter_misc":{"Est. reading time":"1 minute"},"schema":{"@context":"https:\/\/schema.org","@graph":[{"@type":"WebPage","@id":"https:\/\/www.stephaniecesaire.com\/en\/boutique\/bags\/fan-clutch\/pochette-eventail-cuir-dagneau-estampe-iguane-noir\/","url":"https:\/\/www.stephaniecesaire.com\/en\/boutique\/bags\/fan-clutch\/pochette-eventail-cuir-dagneau-estampe-iguane-noir\/","name":"FAN CLUTCH - Iguana-stamped lambskin Black - C\u00e9saire","isPartOf":{"@id":"https:\/\/www.stephaniecesaire.com\/en\/#website"},"primaryImageOfPage":{"@id":"https:\/\/www.stephaniecesaire.com\/en\/boutique\/bags\/fan-clutch\/pochette-eventail-cuir-dagneau-estampe-iguane-noir\/#primaryimage"},"image":{"@id":"https:\/\/www.stephaniecesaire.com\/en\/boutique\/bags\/fan-clutch\/pochette-eventail-cuir-dagneau-estampe-iguane-noir\/#primaryimage"},"thumbnailUrl":"https:\/\/www.stephaniecesaire.com\/wp-content\/uploads\/2023\/09\/PEVAGI_Noir_WEB1-scaled.webp","datePublished":"2018-10-12T14:03:49+00:00","dateModified":"2024-04-08T16:41:26+00:00","breadcrumb":{"@id":"https:\/\/www.stephaniecesaire.com\/en\/boutique\/bags\/fan-clutch\/pochette-eventail-cuir-dagneau-estampe-iguane-noir\/#breadcrumb"},"inLanguage":"en-US","potentialAction":[{"@type":"ReadAction","target":["https:\/\/www.stephaniecesaire.com\/en\/boutique\/bags\/fan-clutch\/pochette-eventail-cuir-dagneau-estampe-iguane-noir\/"]}]},{"@type":"ImageObject","inLanguage":"en-US","@id":"https:\/\/www.stephaniecesaire.com\/en\/boutique\/bags\/fan-clutch\/pochette-eventail-cuir-dagneau-estampe-iguane-noir\/#primaryimage","url":"https:\/\/www.stephaniecesaire.com\/wp-content\/uploads\/2023\/09\/PEVAGI_Noir_WEB1-scaled.webp","contentUrl":"https:\/\/www.stephaniecesaire.com\/wp-content\/uploads\/2023\/09\/PEVAGI_Noir_WEB1-scaled.webp","width":1707,"height":2560},{"@type":"BreadcrumbList","@id":"https:\/\/www.stephaniecesaire.com\/en\/boutique\/bags\/fan-clutch\/pochette-eventail-cuir-dagneau-estampe-iguane-noir\/#breadcrumb","itemListElement":[{"@type":"ListItem","position":1,"name":"Accueil","item":"https:\/\/www.stephaniecesaire.com\/en\/"},{"@type":"ListItem","position":2,"name":"Shop","item":"https:\/\/www.stephaniecesaire.com\/en\/shop\/"},{"@type":"ListItem","position":3,"name":"FAN CLUTCH &#8211; Iguana-stamped lambskin Black"}]},{"@type":"WebSite","@id":"https:\/\/www.stephaniecesaire.com\/en\/#website","url":"https:\/\/www.stephaniecesaire.com\/en\/","name":"St\u00e9phanie C\u00e9saire","description":"Sac cr\u00e9ateur made in France - Maroquinerie de luxe","publisher":{"@id":"https:\/\/www.stephaniecesaire.com\/en\/#organization"},"potentialAction":[{"@type":"SearchAction","target":{"@type":"EntryPoint","urlTemplate":"https:\/\/www.stephaniecesaire.com\/en\/?s={search_term_string}"},"query-input":"required name=search_term_string"}],"inLanguage":"en-US"},{"@type":"Organization","@id":"https:\/\/www.stephaniecesaire.com\/en\/#organization","name":"St\u00e9phanie C\u00e9saire","url":"https:\/\/www.stephaniecesaire.com\/en\/","logo":{"@type":"ImageObject","inLanguage":"en-US","@id":"https:\/\/www.stephaniecesaire.com\/en\/#\/schema\/logo\/image\/","url":"https:\/\/www.stephaniecesaire.com\/wp-content\/uploads\/2023\/10\/favicon.png","contentUrl":"https:\/\/www.stephaniecesaire.com\/wp-content\/uploads\/2023\/10\/favicon.png","width":512,"height":512,"caption":"St\u00e9phanie C\u00e9saire"},"image":{"@id":"https:\/\/www.stephaniecesaire.com\/en\/#\/schema\/logo\/image\/"},"sameAs":["https:\/\/www.facebook.com\/cesaireparis\/","https:\/\/www.pinterest.fr\/cesaireparis\/","https:\/\/www.instagram.com\/cesaireparis.official\/"]}]}},"_links":{"self":[{"href":"https:\/\/www.stephaniecesaire.com\/en\/wp-json\/wp\/v2\/product\/29945","targetHints":{"allow":["GET"]}}],"collection":[{"href":"https:\/\/www.stephaniecesaire.com\/en\/wp-json\/wp\/v2\/product"}],"about":[{"href":"https:\/\/www.stephaniecesaire.com\/en\/wp-json\/wp\/v2\/types\/product"}],"wp:featuredmedia":[{"embeddable":true,"href":"https:\/\/www.stephaniecesaire.com\/en\/wp-json\/wp\/v2\/media\/7990"}],"wp:attachment":[{"href":"https:\/\/www.stephaniecesaire.com\/en\/wp-json\/wp\/v2\/media?parent=29945"}],"wp:term":[{"taxonomy":"product_cat","embeddable":true,"href":"https:\/\/www.stephaniecesaire.com\/en\/wp-json\/wp\/v2\/product_cat?post=29945"},{"taxonomy":"product_tag","embeddable":true,"href":"https:\/\/www.stephaniecesaire.com\/en\/wp-json\/wp\/v2\/product_tag?post=29945"}],"curies":[{"name":"wp","href":"https:\/\/api.w.org\/{rel}","templated":true}]}}