{"id":30014,"date":"2018-03-13T16:46:54","date_gmt":"2018-03-13T15:46:54","guid":{"rendered":"https:\/\/stephaniecesaire.com\/boutique\/uncategorized\/grand-portefeuille-eventail-cuir-dagneau-estampe-iguane-terracotta\/"},"modified":"2024-09-20T18:54:13","modified_gmt":"2024-09-20T16:54:13","slug":"grand-portefeuille-eventail-cuir-dagneau-estampe-iguane-terracotta","status":"publish","type":"product","link":"https:\/\/www.stephaniecesaire.com\/en\/boutique\/small-leather-goods\/large-fan-wallet\/grand-portefeuille-eventail-cuir-dagneau-estampe-iguane-terracotta\/","title":{"rendered":"LARGE FAN WALLET &#8211; Iguana-stamped lambskin &#8211; Terracotta"},"content":{"rendered":"<p>It is composed of two modules a zipped pocket for coins, 12 credit cards&#8217; department, 7 pockets of various sizes for banknote, credit card slip tickets <\/p>\n","protected":false},"excerpt":{"rendered":"<p>Just a simple sliding cord and your precious belongings are in front of you. The wallet Eventail (fan) is made in the nomad spirit in the\u00a0 design aesthetics following the concept of being able to arrange all the necessary.<\/p>\n","protected":false},"featured_media":13315,"template":"","meta":[],"product_cat":[590],"product_tag":[],"class_list":{"0":"post-30014","1":"product","2":"type-product","3":"status-publish","4":"has-post-thumbnail","6":"product_cat-large-fan-wallet","7":"product_shipping_class-classe-de-livraison-5","9":"first","10":"outofstock","11":"sold-individually","12":"taxable","13":"shipping-taxable","14":"purchasable","15":"product-type-simple"},"yoast_head":"<!-- This site is optimized with the Yoast SEO plugin v23.1 - https:\/\/yoast.com\/wordpress\/plugins\/seo\/ -->\n<title>Fan Wallet \u00ab All in one\u201d \u2013 C\u00e9saire Paris \u2013 French handmade leather goods<\/title>\n<meta name=\"description\" content=\"This &quot;All-in-One&quot; wallet combines design and functionality, with a layout designed to hold the essentials. It unfolds in a unique and original gesture, like a fan.\" \/>\n<meta name=\"robots\" content=\"index, follow, max-snippet:-1, max-image-preview:large, max-video-preview:-1\" \/>\n<link rel=\"canonical\" href=\"https:\/\/www.stephaniecesaire.com\/en\/boutique\/small-leather-goods\/large-fan-wallet\/grand-portefeuille-eventail-cuir-dagneau-estampe-iguane-terracotta\/\" \/>\n<meta property=\"og:locale\" content=\"en_US\" \/>\n<meta property=\"og:type\" content=\"article\" \/>\n<meta property=\"og:title\" content=\"Fan Wallet \u00ab All in one\u201d \u2013 C\u00e9saire Paris \u2013 French handmade leather goods\" \/>\n<meta property=\"og:description\" content=\"This &quot;All-in-One&quot; wallet combines design and functionality, with a layout designed to hold the essentials. It unfolds in a unique and original gesture, like a fan.\" \/>\n<meta property=\"og:url\" content=\"https:\/\/www.stephaniecesaire.com\/en\/boutique\/small-leather-goods\/large-fan-wallet\/grand-portefeuille-eventail-cuir-dagneau-estampe-iguane-terracotta\/\" \/>\n<meta property=\"og:site_name\" content=\"C\u00e9saire\" \/>\n<meta property=\"article:publisher\" content=\"https:\/\/www.facebook.com\/cesaireparis\/\" \/>\n<meta property=\"article:modified_time\" content=\"2024-09-20T16:54:13+00:00\" \/>\n<meta property=\"og:image\" content=\"https:\/\/www.stephaniecesaire.com\/wp-content\/uploads\/2023\/09\/GrandEventail_AGITerraOuvert-jpg.webp\" \/>\n\t<meta property=\"og:image:width\" content=\"630\" \/>\n\t<meta property=\"og:image:height\" content=\"945\" \/>\n\t<meta property=\"og:image:type\" content=\"image\/jpeg\" \/>\n<meta name=\"twitter:card\" content=\"summary_large_image\" \/>\n<script type=\"application\/ld+json\" class=\"yoast-schema-graph\">{\"@context\":\"https:\/\/schema.org\",\"@graph\":[{\"@type\":\"WebPage\",\"@id\":\"https:\/\/www.stephaniecesaire.com\/en\/boutique\/small-leather-goods\/large-fan-wallet\/grand-portefeuille-eventail-cuir-dagneau-estampe-iguane-terracotta\/\",\"url\":\"https:\/\/www.stephaniecesaire.com\/en\/boutique\/small-leather-goods\/large-fan-wallet\/grand-portefeuille-eventail-cuir-dagneau-estampe-iguane-terracotta\/\",\"name\":\"Fan Wallet \u00ab All in one\u201d \u2013 C\u00e9saire Paris \u2013 French handmade leather goods\",\"isPartOf\":{\"@id\":\"https:\/\/www.stephaniecesaire.com\/en\/#website\"},\"primaryImageOfPage\":{\"@id\":\"https:\/\/www.stephaniecesaire.com\/en\/boutique\/small-leather-goods\/large-fan-wallet\/grand-portefeuille-eventail-cuir-dagneau-estampe-iguane-terracotta\/#primaryimage\"},\"image\":{\"@id\":\"https:\/\/www.stephaniecesaire.com\/en\/boutique\/small-leather-goods\/large-fan-wallet\/grand-portefeuille-eventail-cuir-dagneau-estampe-iguane-terracotta\/#primaryimage\"},\"thumbnailUrl\":\"https:\/\/www.stephaniecesaire.com\/wp-content\/uploads\/2023\/09\/GrandEventail_AGITerraOuvert-jpg.webp\",\"datePublished\":\"2018-03-13T15:46:54+00:00\",\"dateModified\":\"2024-09-20T16:54:13+00:00\",\"description\":\"This \\\"All-in-One\\\" wallet combines design and functionality, with a layout designed to hold the essentials. It unfolds in a unique and original gesture, like a fan.\",\"breadcrumb\":{\"@id\":\"https:\/\/www.stephaniecesaire.com\/en\/boutique\/small-leather-goods\/large-fan-wallet\/grand-portefeuille-eventail-cuir-dagneau-estampe-iguane-terracotta\/#breadcrumb\"},\"inLanguage\":\"en-US\",\"potentialAction\":[{\"@type\":\"ReadAction\",\"target\":[\"https:\/\/www.stephaniecesaire.com\/en\/boutique\/small-leather-goods\/large-fan-wallet\/grand-portefeuille-eventail-cuir-dagneau-estampe-iguane-terracotta\/\"]}]},{\"@type\":\"ImageObject\",\"inLanguage\":\"en-US\",\"@id\":\"https:\/\/www.stephaniecesaire.com\/en\/boutique\/small-leather-goods\/large-fan-wallet\/grand-portefeuille-eventail-cuir-dagneau-estampe-iguane-terracotta\/#primaryimage\",\"url\":\"https:\/\/www.stephaniecesaire.com\/wp-content\/uploads\/2023\/09\/GrandEventail_AGITerraOuvert-jpg.webp\",\"contentUrl\":\"https:\/\/www.stephaniecesaire.com\/wp-content\/uploads\/2023\/09\/GrandEventail_AGITerraOuvert-jpg.webp\",\"width\":630,\"height\":945,\"caption\":\"Fan Wallet \u00ab All in one\u201d \u2013 C\u00e9saire Paris \u2013 French handmade leather goods\"},{\"@type\":\"BreadcrumbList\",\"@id\":\"https:\/\/www.stephaniecesaire.com\/en\/boutique\/small-leather-goods\/large-fan-wallet\/grand-portefeuille-eventail-cuir-dagneau-estampe-iguane-terracotta\/#breadcrumb\",\"itemListElement\":[{\"@type\":\"ListItem\",\"position\":1,\"name\":\"Accueil\",\"item\":\"https:\/\/www.stephaniecesaire.com\/en\/\"},{\"@type\":\"ListItem\",\"position\":2,\"name\":\"Shop\",\"item\":\"https:\/\/www.stephaniecesaire.com\/en\/shop\/\"},{\"@type\":\"ListItem\",\"position\":3,\"name\":\"LARGE FAN WALLET &#8211; Iguana-stamped lambskin &#8211; Terracotta\"}]},{\"@type\":\"WebSite\",\"@id\":\"https:\/\/www.stephaniecesaire.com\/en\/#website\",\"url\":\"https:\/\/www.stephaniecesaire.com\/en\/\",\"name\":\"St\u00e9phanie C\u00e9saire\",\"description\":\"Sac cr\u00e9ateur made in France - Maroquinerie de luxe\",\"publisher\":{\"@id\":\"https:\/\/www.stephaniecesaire.com\/en\/#organization\"},\"potentialAction\":[{\"@type\":\"SearchAction\",\"target\":{\"@type\":\"EntryPoint\",\"urlTemplate\":\"https:\/\/www.stephaniecesaire.com\/en\/?s={search_term_string}\"},\"query-input\":\"required name=search_term_string\"}],\"inLanguage\":\"en-US\"},{\"@type\":\"Organization\",\"@id\":\"https:\/\/www.stephaniecesaire.com\/en\/#organization\",\"name\":\"St\u00e9phanie C\u00e9saire\",\"url\":\"https:\/\/www.stephaniecesaire.com\/en\/\",\"logo\":{\"@type\":\"ImageObject\",\"inLanguage\":\"en-US\",\"@id\":\"https:\/\/www.stephaniecesaire.com\/en\/#\/schema\/logo\/image\/\",\"url\":\"https:\/\/www.stephaniecesaire.com\/wp-content\/uploads\/2023\/10\/favicon.png\",\"contentUrl\":\"https:\/\/www.stephaniecesaire.com\/wp-content\/uploads\/2023\/10\/favicon.png\",\"width\":512,\"height\":512,\"caption\":\"St\u00e9phanie C\u00e9saire\"},\"image\":{\"@id\":\"https:\/\/www.stephaniecesaire.com\/en\/#\/schema\/logo\/image\/\"},\"sameAs\":[\"https:\/\/www.facebook.com\/cesaireparis\/\",\"https:\/\/www.pinterest.fr\/cesaireparis\/\",\"https:\/\/www.instagram.com\/cesaireparis.official\/\"]}]}<\/script>\n<!-- \/ Yoast SEO plugin. -->","yoast_head_json":{"title":"Fan Wallet \u00ab All in one\u201d \u2013 C\u00e9saire Paris \u2013 French handmade leather goods","description":"This \"All-in-One\" wallet combines design and functionality, with a layout designed to hold the essentials. It unfolds in a unique and original gesture, like a fan.","robots":{"index":"index","follow":"follow","max-snippet":"max-snippet:-1","max-image-preview":"max-image-preview:large","max-video-preview":"max-video-preview:-1"},"canonical":"https:\/\/www.stephaniecesaire.com\/en\/boutique\/small-leather-goods\/large-fan-wallet\/grand-portefeuille-eventail-cuir-dagneau-estampe-iguane-terracotta\/","og_locale":"en_US","og_type":"article","og_title":"Fan Wallet \u00ab All in one\u201d \u2013 C\u00e9saire Paris \u2013 French handmade leather goods","og_description":"This \"All-in-One\" wallet combines design and functionality, with a layout designed to hold the essentials. It unfolds in a unique and original gesture, like a fan.","og_url":"https:\/\/www.stephaniecesaire.com\/en\/boutique\/small-leather-goods\/large-fan-wallet\/grand-portefeuille-eventail-cuir-dagneau-estampe-iguane-terracotta\/","og_site_name":"C\u00e9saire","article_publisher":"https:\/\/www.facebook.com\/cesaireparis\/","article_modified_time":"2024-09-20T16:54:13+00:00","og_image":[{"width":630,"height":945,"url":"https:\/\/www.stephaniecesaire.com\/wp-content\/uploads\/2023\/09\/GrandEventail_AGITerraOuvert-jpg.webp","type":"image\/jpeg"}],"twitter_card":"summary_large_image","schema":{"@context":"https:\/\/schema.org","@graph":[{"@type":"WebPage","@id":"https:\/\/www.stephaniecesaire.com\/en\/boutique\/small-leather-goods\/large-fan-wallet\/grand-portefeuille-eventail-cuir-dagneau-estampe-iguane-terracotta\/","url":"https:\/\/www.stephaniecesaire.com\/en\/boutique\/small-leather-goods\/large-fan-wallet\/grand-portefeuille-eventail-cuir-dagneau-estampe-iguane-terracotta\/","name":"Fan Wallet \u00ab All in one\u201d \u2013 C\u00e9saire Paris \u2013 French handmade leather goods","isPartOf":{"@id":"https:\/\/www.stephaniecesaire.com\/en\/#website"},"primaryImageOfPage":{"@id":"https:\/\/www.stephaniecesaire.com\/en\/boutique\/small-leather-goods\/large-fan-wallet\/grand-portefeuille-eventail-cuir-dagneau-estampe-iguane-terracotta\/#primaryimage"},"image":{"@id":"https:\/\/www.stephaniecesaire.com\/en\/boutique\/small-leather-goods\/large-fan-wallet\/grand-portefeuille-eventail-cuir-dagneau-estampe-iguane-terracotta\/#primaryimage"},"thumbnailUrl":"https:\/\/www.stephaniecesaire.com\/wp-content\/uploads\/2023\/09\/GrandEventail_AGITerraOuvert-jpg.webp","datePublished":"2018-03-13T15:46:54+00:00","dateModified":"2024-09-20T16:54:13+00:00","description":"This \"All-in-One\" wallet combines design and functionality, with a layout designed to hold the essentials. It unfolds in a unique and original gesture, like a fan.","breadcrumb":{"@id":"https:\/\/www.stephaniecesaire.com\/en\/boutique\/small-leather-goods\/large-fan-wallet\/grand-portefeuille-eventail-cuir-dagneau-estampe-iguane-terracotta\/#breadcrumb"},"inLanguage":"en-US","potentialAction":[{"@type":"ReadAction","target":["https:\/\/www.stephaniecesaire.com\/en\/boutique\/small-leather-goods\/large-fan-wallet\/grand-portefeuille-eventail-cuir-dagneau-estampe-iguane-terracotta\/"]}]},{"@type":"ImageObject","inLanguage":"en-US","@id":"https:\/\/www.stephaniecesaire.com\/en\/boutique\/small-leather-goods\/large-fan-wallet\/grand-portefeuille-eventail-cuir-dagneau-estampe-iguane-terracotta\/#primaryimage","url":"https:\/\/www.stephaniecesaire.com\/wp-content\/uploads\/2023\/09\/GrandEventail_AGITerraOuvert-jpg.webp","contentUrl":"https:\/\/www.stephaniecesaire.com\/wp-content\/uploads\/2023\/09\/GrandEventail_AGITerraOuvert-jpg.webp","width":630,"height":945,"caption":"Fan Wallet \u00ab All in one\u201d \u2013 C\u00e9saire Paris \u2013 French handmade leather goods"},{"@type":"BreadcrumbList","@id":"https:\/\/www.stephaniecesaire.com\/en\/boutique\/small-leather-goods\/large-fan-wallet\/grand-portefeuille-eventail-cuir-dagneau-estampe-iguane-terracotta\/#breadcrumb","itemListElement":[{"@type":"ListItem","position":1,"name":"Accueil","item":"https:\/\/www.stephaniecesaire.com\/en\/"},{"@type":"ListItem","position":2,"name":"Shop","item":"https:\/\/www.stephaniecesaire.com\/en\/shop\/"},{"@type":"ListItem","position":3,"name":"LARGE FAN WALLET &#8211; Iguana-stamped lambskin &#8211; Terracotta"}]},{"@type":"WebSite","@id":"https:\/\/www.stephaniecesaire.com\/en\/#website","url":"https:\/\/www.stephaniecesaire.com\/en\/","name":"St\u00e9phanie C\u00e9saire","description":"Sac cr\u00e9ateur made in France - Maroquinerie de luxe","publisher":{"@id":"https:\/\/www.stephaniecesaire.com\/en\/#organization"},"potentialAction":[{"@type":"SearchAction","target":{"@type":"EntryPoint","urlTemplate":"https:\/\/www.stephaniecesaire.com\/en\/?s={search_term_string}"},"query-input":"required name=search_term_string"}],"inLanguage":"en-US"},{"@type":"Organization","@id":"https:\/\/www.stephaniecesaire.com\/en\/#organization","name":"St\u00e9phanie C\u00e9saire","url":"https:\/\/www.stephaniecesaire.com\/en\/","logo":{"@type":"ImageObject","inLanguage":"en-US","@id":"https:\/\/www.stephaniecesaire.com\/en\/#\/schema\/logo\/image\/","url":"https:\/\/www.stephaniecesaire.com\/wp-content\/uploads\/2023\/10\/favicon.png","contentUrl":"https:\/\/www.stephaniecesaire.com\/wp-content\/uploads\/2023\/10\/favicon.png","width":512,"height":512,"caption":"St\u00e9phanie C\u00e9saire"},"image":{"@id":"https:\/\/www.stephaniecesaire.com\/en\/#\/schema\/logo\/image\/"},"sameAs":["https:\/\/www.facebook.com\/cesaireparis\/","https:\/\/www.pinterest.fr\/cesaireparis\/","https:\/\/www.instagram.com\/cesaireparis.official\/"]}]}},"_links":{"self":[{"href":"https:\/\/www.stephaniecesaire.com\/en\/wp-json\/wp\/v2\/product\/30014","targetHints":{"allow":["GET"]}}],"collection":[{"href":"https:\/\/www.stephaniecesaire.com\/en\/wp-json\/wp\/v2\/product"}],"about":[{"href":"https:\/\/www.stephaniecesaire.com\/en\/wp-json\/wp\/v2\/types\/product"}],"wp:featuredmedia":[{"embeddable":true,"href":"https:\/\/www.stephaniecesaire.com\/en\/wp-json\/wp\/v2\/media\/13315"}],"wp:attachment":[{"href":"https:\/\/www.stephaniecesaire.com\/en\/wp-json\/wp\/v2\/media?parent=30014"}],"wp:term":[{"taxonomy":"product_cat","embeddable":true,"href":"https:\/\/www.stephaniecesaire.com\/en\/wp-json\/wp\/v2\/product_cat?post=30014"},{"taxonomy":"product_tag","embeddable":true,"href":"https:\/\/www.stephaniecesaire.com\/en\/wp-json\/wp\/v2\/product_tag?post=30014"}],"curies":[{"name":"wp","href":"https:\/\/api.w.org\/{rel}","templated":true}]}}