{"id":30026,"date":"2018-05-15T12:32:20","date_gmt":"2018-05-15T10:32:20","guid":{"rendered":"https:\/\/stephaniecesaire.com\/boutique\/uncategorized\/bracelet-double-tour-petit-modele-cuir-de-taurillon-graine-noir\/"},"modified":"2024-02-20T19:09:57","modified_gmt":"2024-02-20T18:09:57","slug":"bracelet-double-tour-petit-modele-cuir-de-taurillon-graine-noir","status":"publish","type":"product","link":"https:\/\/www.stephaniecesaire.com\/en\/boutique\/small-leather-goods\/double-wrap-bracelet-small-model\/bracelet-double-tour-petit-modele-cuir-de-taurillon-graine-noir\/","title":{"rendered":"DOUBLE-WRAP BRACELET Small Model Full grain bull leather Black"},"content":{"rendered":"<p>The leather bracelet wraps twice around the wrist and closes with a miniatur horn hook, held in place by a metal collar button with nickel finish. The edges are dyed and polished. For more comfort on the wrist, it is lined in a nubuck calfskin. Our leathers, of EEC origin, meet European safety directives. Made in France.<\/p>\n<p>Length 39cm\/15,35 inches including dog clasp, width 1cm\/0,39 inches (wrist measurement from 15 cm\/5,9 inches to 18,5 cm\/ 7,28 inches).<\/p>\n","protected":false},"excerpt":{"rendered":"<p>The C\u00e9saire double-wrap bracelet dresses up your wrist with its delicate, assertive design. A dog clasp in horn, the house&#8217;s symbol, and an impeccable finishing perfect its unique character. This leather jewelry will add a sophisticated touch to your outfit with its finely-finished, for a well-mastered style.<\/p>\n","protected":false},"featured_media":13470,"template":"","meta":[],"product_cat":[588],"product_tag":[],"class_list":{"0":"post-30026","1":"product","2":"type-product","3":"status-publish","4":"has-post-thumbnail","6":"product_cat-double-wrap-bracelet-small-model","7":"product_shipping_class-classe-de-livraison-6","9":"first","10":"outofstock","11":"sold-individually","12":"taxable","13":"shipping-taxable","14":"purchasable","15":"product-type-simple"},"yoast_head":"<!-- This site is optimized with the Yoast SEO plugin v23.1 - https:\/\/yoast.com\/wordpress\/plugins\/seo\/ -->\n<title>DOUBLE-WRAP BRACELET Small Model Full grain bull leather Black - C\u00e9saire<\/title>\n<meta name=\"description\" content=\"Bracelet cuir fabriqu\u00c3\u00a9 en France \u00e2\u20ac\u201c Petite maroquinerie Fran\u00c3\u00a7aise en cuir v\u00c3\u00a9ritable pleine fleur - maroquinerie de luxe artisanale Fran\u00c3\u00a7aise \u00e2\u20ac\u201c 100% made in France\" \/>\n<meta name=\"robots\" content=\"index, follow, max-snippet:-1, max-image-preview:large, max-video-preview:-1\" \/>\n<link rel=\"canonical\" href=\"https:\/\/www.stephaniecesaire.com\/en\/boutique\/small-leather-goods\/double-wrap-bracelet-small-model\/bracelet-double-tour-petit-modele-cuir-de-taurillon-graine-noir\/\" \/>\n<meta property=\"og:locale\" content=\"en_US\" \/>\n<meta property=\"og:type\" content=\"article\" \/>\n<meta property=\"og:title\" content=\"DOUBLE-WRAP BRACELET Small Model Full grain bull leather Black - C\u00e9saire\" \/>\n<meta property=\"og:description\" content=\"Bracelet cuir fabriqu\u00c3\u00a9 en France \u00e2\u20ac\u201c Petite maroquinerie Fran\u00c3\u00a7aise en cuir v\u00c3\u00a9ritable pleine fleur - maroquinerie de luxe artisanale Fran\u00c3\u00a7aise \u00e2\u20ac\u201c 100% made in France\" \/>\n<meta property=\"og:url\" content=\"https:\/\/www.stephaniecesaire.com\/en\/boutique\/small-leather-goods\/double-wrap-bracelet-small-model\/bracelet-double-tour-petit-modele-cuir-de-taurillon-graine-noir\/\" \/>\n<meta property=\"og:site_name\" content=\"C\u00e9saire\" \/>\n<meta property=\"article:publisher\" content=\"https:\/\/www.facebook.com\/cesaireparis\/\" \/>\n<meta property=\"article:modified_time\" content=\"2024-02-20T18:09:57+00:00\" \/>\n<meta property=\"og:image\" content=\"https:\/\/www.stephaniecesaire.com\/wp-content\/uploads\/2023\/09\/Bracelet_RAGNoirTroisQuart-1-jpg.webp\" \/>\n\t<meta property=\"og:image:width\" content=\"630\" \/>\n\t<meta property=\"og:image:height\" content=\"945\" \/>\n\t<meta property=\"og:image:type\" content=\"image\/jpeg\" \/>\n<meta name=\"twitter:card\" content=\"summary_large_image\" \/>\n<meta name=\"twitter:label1\" content=\"Est. reading time\" \/>\n\t<meta name=\"twitter:data1\" content=\"1 minute\" \/>\n<script type=\"application\/ld+json\" class=\"yoast-schema-graph\">{\"@context\":\"https:\/\/schema.org\",\"@graph\":[{\"@type\":\"WebPage\",\"@id\":\"https:\/\/www.stephaniecesaire.com\/en\/boutique\/small-leather-goods\/double-wrap-bracelet-small-model\/bracelet-double-tour-petit-modele-cuir-de-taurillon-graine-noir\/\",\"url\":\"https:\/\/www.stephaniecesaire.com\/en\/boutique\/small-leather-goods\/double-wrap-bracelet-small-model\/bracelet-double-tour-petit-modele-cuir-de-taurillon-graine-noir\/\",\"name\":\"DOUBLE-WRAP BRACELET Small Model Full grain bull leather Black - C\u00e9saire\",\"isPartOf\":{\"@id\":\"https:\/\/www.stephaniecesaire.com\/en\/#website\"},\"primaryImageOfPage\":{\"@id\":\"https:\/\/www.stephaniecesaire.com\/en\/boutique\/small-leather-goods\/double-wrap-bracelet-small-model\/bracelet-double-tour-petit-modele-cuir-de-taurillon-graine-noir\/#primaryimage\"},\"image\":{\"@id\":\"https:\/\/www.stephaniecesaire.com\/en\/boutique\/small-leather-goods\/double-wrap-bracelet-small-model\/bracelet-double-tour-petit-modele-cuir-de-taurillon-graine-noir\/#primaryimage\"},\"thumbnailUrl\":\"https:\/\/www.stephaniecesaire.com\/wp-content\/uploads\/2023\/09\/Bracelet_RAGNoirTroisQuart-1-jpg.webp\",\"datePublished\":\"2018-05-15T10:32:20+00:00\",\"dateModified\":\"2024-02-20T18:09:57+00:00\",\"description\":\"Bracelet cuir fabriqu\u00c3\u00a9 en France \u00e2\u20ac\u201c Petite maroquinerie Fran\u00c3\u00a7aise en cuir v\u00c3\u00a9ritable pleine fleur - maroquinerie de luxe artisanale Fran\u00c3\u00a7aise \u00e2\u20ac\u201c 100% made in France\",\"breadcrumb\":{\"@id\":\"https:\/\/www.stephaniecesaire.com\/en\/boutique\/small-leather-goods\/double-wrap-bracelet-small-model\/bracelet-double-tour-petit-modele-cuir-de-taurillon-graine-noir\/#breadcrumb\"},\"inLanguage\":\"en-US\",\"potentialAction\":[{\"@type\":\"ReadAction\",\"target\":[\"https:\/\/www.stephaniecesaire.com\/en\/boutique\/small-leather-goods\/double-wrap-bracelet-small-model\/bracelet-double-tour-petit-modele-cuir-de-taurillon-graine-noir\/\"]}]},{\"@type\":\"ImageObject\",\"inLanguage\":\"en-US\",\"@id\":\"https:\/\/www.stephaniecesaire.com\/en\/boutique\/small-leather-goods\/double-wrap-bracelet-small-model\/bracelet-double-tour-petit-modele-cuir-de-taurillon-graine-noir\/#primaryimage\",\"url\":\"https:\/\/www.stephaniecesaire.com\/wp-content\/uploads\/2023\/09\/Bracelet_RAGNoirTroisQuart-1-jpg.webp\",\"contentUrl\":\"https:\/\/www.stephaniecesaire.com\/wp-content\/uploads\/2023\/09\/Bracelet_RAGNoirTroisQuart-1-jpg.webp\",\"width\":630,\"height\":945},{\"@type\":\"BreadcrumbList\",\"@id\":\"https:\/\/www.stephaniecesaire.com\/en\/boutique\/small-leather-goods\/double-wrap-bracelet-small-model\/bracelet-double-tour-petit-modele-cuir-de-taurillon-graine-noir\/#breadcrumb\",\"itemListElement\":[{\"@type\":\"ListItem\",\"position\":1,\"name\":\"Accueil\",\"item\":\"https:\/\/www.stephaniecesaire.com\/en\/\"},{\"@type\":\"ListItem\",\"position\":2,\"name\":\"Shop\",\"item\":\"https:\/\/www.stephaniecesaire.com\/en\/shop\/\"},{\"@type\":\"ListItem\",\"position\":3,\"name\":\"DOUBLE-WRAP BRACELET Small Model Full grain bull leather Black\"}]},{\"@type\":\"WebSite\",\"@id\":\"https:\/\/www.stephaniecesaire.com\/en\/#website\",\"url\":\"https:\/\/www.stephaniecesaire.com\/en\/\",\"name\":\"St\u00e9phanie C\u00e9saire\",\"description\":\"Sac cr\u00e9ateur made in France - Maroquinerie de luxe\",\"publisher\":{\"@id\":\"https:\/\/www.stephaniecesaire.com\/en\/#organization\"},\"potentialAction\":[{\"@type\":\"SearchAction\",\"target\":{\"@type\":\"EntryPoint\",\"urlTemplate\":\"https:\/\/www.stephaniecesaire.com\/en\/?s={search_term_string}\"},\"query-input\":\"required name=search_term_string\"}],\"inLanguage\":\"en-US\"},{\"@type\":\"Organization\",\"@id\":\"https:\/\/www.stephaniecesaire.com\/en\/#organization\",\"name\":\"St\u00e9phanie C\u00e9saire\",\"url\":\"https:\/\/www.stephaniecesaire.com\/en\/\",\"logo\":{\"@type\":\"ImageObject\",\"inLanguage\":\"en-US\",\"@id\":\"https:\/\/www.stephaniecesaire.com\/en\/#\/schema\/logo\/image\/\",\"url\":\"https:\/\/www.stephaniecesaire.com\/wp-content\/uploads\/2023\/10\/favicon.png\",\"contentUrl\":\"https:\/\/www.stephaniecesaire.com\/wp-content\/uploads\/2023\/10\/favicon.png\",\"width\":512,\"height\":512,\"caption\":\"St\u00e9phanie C\u00e9saire\"},\"image\":{\"@id\":\"https:\/\/www.stephaniecesaire.com\/en\/#\/schema\/logo\/image\/\"},\"sameAs\":[\"https:\/\/www.facebook.com\/cesaireparis\/\",\"https:\/\/www.pinterest.fr\/cesaireparis\/\",\"https:\/\/www.instagram.com\/cesaireparis.official\/\"]}]}<\/script>\n<!-- \/ Yoast SEO plugin. -->","yoast_head_json":{"title":"DOUBLE-WRAP BRACELET Small Model Full grain bull leather Black - C\u00e9saire","description":"Bracelet cuir fabriqu\u00c3\u00a9 en France \u00e2\u20ac\u201c Petite maroquinerie Fran\u00c3\u00a7aise en cuir v\u00c3\u00a9ritable pleine fleur - maroquinerie de luxe artisanale Fran\u00c3\u00a7aise \u00e2\u20ac\u201c 100% made in France","robots":{"index":"index","follow":"follow","max-snippet":"max-snippet:-1","max-image-preview":"max-image-preview:large","max-video-preview":"max-video-preview:-1"},"canonical":"https:\/\/www.stephaniecesaire.com\/en\/boutique\/small-leather-goods\/double-wrap-bracelet-small-model\/bracelet-double-tour-petit-modele-cuir-de-taurillon-graine-noir\/","og_locale":"en_US","og_type":"article","og_title":"DOUBLE-WRAP BRACELET Small Model Full grain bull leather Black - C\u00e9saire","og_description":"Bracelet cuir fabriqu\u00c3\u00a9 en France \u00e2\u20ac\u201c Petite maroquinerie Fran\u00c3\u00a7aise en cuir v\u00c3\u00a9ritable pleine fleur - maroquinerie de luxe artisanale Fran\u00c3\u00a7aise \u00e2\u20ac\u201c 100% made in France","og_url":"https:\/\/www.stephaniecesaire.com\/en\/boutique\/small-leather-goods\/double-wrap-bracelet-small-model\/bracelet-double-tour-petit-modele-cuir-de-taurillon-graine-noir\/","og_site_name":"C\u00e9saire","article_publisher":"https:\/\/www.facebook.com\/cesaireparis\/","article_modified_time":"2024-02-20T18:09:57+00:00","og_image":[{"width":630,"height":945,"url":"https:\/\/www.stephaniecesaire.com\/wp-content\/uploads\/2023\/09\/Bracelet_RAGNoirTroisQuart-1-jpg.webp","type":"image\/jpeg"}],"twitter_card":"summary_large_image","twitter_misc":{"Est. reading time":"1 minute"},"schema":{"@context":"https:\/\/schema.org","@graph":[{"@type":"WebPage","@id":"https:\/\/www.stephaniecesaire.com\/en\/boutique\/small-leather-goods\/double-wrap-bracelet-small-model\/bracelet-double-tour-petit-modele-cuir-de-taurillon-graine-noir\/","url":"https:\/\/www.stephaniecesaire.com\/en\/boutique\/small-leather-goods\/double-wrap-bracelet-small-model\/bracelet-double-tour-petit-modele-cuir-de-taurillon-graine-noir\/","name":"DOUBLE-WRAP BRACELET Small Model Full grain bull leather Black - C\u00e9saire","isPartOf":{"@id":"https:\/\/www.stephaniecesaire.com\/en\/#website"},"primaryImageOfPage":{"@id":"https:\/\/www.stephaniecesaire.com\/en\/boutique\/small-leather-goods\/double-wrap-bracelet-small-model\/bracelet-double-tour-petit-modele-cuir-de-taurillon-graine-noir\/#primaryimage"},"image":{"@id":"https:\/\/www.stephaniecesaire.com\/en\/boutique\/small-leather-goods\/double-wrap-bracelet-small-model\/bracelet-double-tour-petit-modele-cuir-de-taurillon-graine-noir\/#primaryimage"},"thumbnailUrl":"https:\/\/www.stephaniecesaire.com\/wp-content\/uploads\/2023\/09\/Bracelet_RAGNoirTroisQuart-1-jpg.webp","datePublished":"2018-05-15T10:32:20+00:00","dateModified":"2024-02-20T18:09:57+00:00","description":"Bracelet cuir fabriqu\u00c3\u00a9 en France \u00e2\u20ac\u201c Petite maroquinerie Fran\u00c3\u00a7aise en cuir v\u00c3\u00a9ritable pleine fleur - maroquinerie de luxe artisanale Fran\u00c3\u00a7aise \u00e2\u20ac\u201c 100% made in France","breadcrumb":{"@id":"https:\/\/www.stephaniecesaire.com\/en\/boutique\/small-leather-goods\/double-wrap-bracelet-small-model\/bracelet-double-tour-petit-modele-cuir-de-taurillon-graine-noir\/#breadcrumb"},"inLanguage":"en-US","potentialAction":[{"@type":"ReadAction","target":["https:\/\/www.stephaniecesaire.com\/en\/boutique\/small-leather-goods\/double-wrap-bracelet-small-model\/bracelet-double-tour-petit-modele-cuir-de-taurillon-graine-noir\/"]}]},{"@type":"ImageObject","inLanguage":"en-US","@id":"https:\/\/www.stephaniecesaire.com\/en\/boutique\/small-leather-goods\/double-wrap-bracelet-small-model\/bracelet-double-tour-petit-modele-cuir-de-taurillon-graine-noir\/#primaryimage","url":"https:\/\/www.stephaniecesaire.com\/wp-content\/uploads\/2023\/09\/Bracelet_RAGNoirTroisQuart-1-jpg.webp","contentUrl":"https:\/\/www.stephaniecesaire.com\/wp-content\/uploads\/2023\/09\/Bracelet_RAGNoirTroisQuart-1-jpg.webp","width":630,"height":945},{"@type":"BreadcrumbList","@id":"https:\/\/www.stephaniecesaire.com\/en\/boutique\/small-leather-goods\/double-wrap-bracelet-small-model\/bracelet-double-tour-petit-modele-cuir-de-taurillon-graine-noir\/#breadcrumb","itemListElement":[{"@type":"ListItem","position":1,"name":"Accueil","item":"https:\/\/www.stephaniecesaire.com\/en\/"},{"@type":"ListItem","position":2,"name":"Shop","item":"https:\/\/www.stephaniecesaire.com\/en\/shop\/"},{"@type":"ListItem","position":3,"name":"DOUBLE-WRAP BRACELET Small Model Full grain bull leather Black"}]},{"@type":"WebSite","@id":"https:\/\/www.stephaniecesaire.com\/en\/#website","url":"https:\/\/www.stephaniecesaire.com\/en\/","name":"St\u00e9phanie C\u00e9saire","description":"Sac cr\u00e9ateur made in France - Maroquinerie de luxe","publisher":{"@id":"https:\/\/www.stephaniecesaire.com\/en\/#organization"},"potentialAction":[{"@type":"SearchAction","target":{"@type":"EntryPoint","urlTemplate":"https:\/\/www.stephaniecesaire.com\/en\/?s={search_term_string}"},"query-input":"required name=search_term_string"}],"inLanguage":"en-US"},{"@type":"Organization","@id":"https:\/\/www.stephaniecesaire.com\/en\/#organization","name":"St\u00e9phanie C\u00e9saire","url":"https:\/\/www.stephaniecesaire.com\/en\/","logo":{"@type":"ImageObject","inLanguage":"en-US","@id":"https:\/\/www.stephaniecesaire.com\/en\/#\/schema\/logo\/image\/","url":"https:\/\/www.stephaniecesaire.com\/wp-content\/uploads\/2023\/10\/favicon.png","contentUrl":"https:\/\/www.stephaniecesaire.com\/wp-content\/uploads\/2023\/10\/favicon.png","width":512,"height":512,"caption":"St\u00e9phanie C\u00e9saire"},"image":{"@id":"https:\/\/www.stephaniecesaire.com\/en\/#\/schema\/logo\/image\/"},"sameAs":["https:\/\/www.facebook.com\/cesaireparis\/","https:\/\/www.pinterest.fr\/cesaireparis\/","https:\/\/www.instagram.com\/cesaireparis.official\/"]}]}},"_links":{"self":[{"href":"https:\/\/www.stephaniecesaire.com\/en\/wp-json\/wp\/v2\/product\/30026","targetHints":{"allow":["GET"]}}],"collection":[{"href":"https:\/\/www.stephaniecesaire.com\/en\/wp-json\/wp\/v2\/product"}],"about":[{"href":"https:\/\/www.stephaniecesaire.com\/en\/wp-json\/wp\/v2\/types\/product"}],"wp:featuredmedia":[{"embeddable":true,"href":"https:\/\/www.stephaniecesaire.com\/en\/wp-json\/wp\/v2\/media\/13470"}],"wp:attachment":[{"href":"https:\/\/www.stephaniecesaire.com\/en\/wp-json\/wp\/v2\/media?parent=30026"}],"wp:term":[{"taxonomy":"product_cat","embeddable":true,"href":"https:\/\/www.stephaniecesaire.com\/en\/wp-json\/wp\/v2\/product_cat?post=30026"},{"taxonomy":"product_tag","embeddable":true,"href":"https:\/\/www.stephaniecesaire.com\/en\/wp-json\/wp\/v2\/product_tag?post=30026"}],"curies":[{"name":"wp","href":"https:\/\/api.w.org\/{rel}","templated":true}]}}