{"id":30295,"date":"2022-07-04T17:31:53","date_gmt":"2022-07-04T15:31:53","guid":{"rendered":"https:\/\/stephaniecesaire.com\/boutique\/uncategorized\/bahia-cuir-dagneau-tresse-noir\/"},"modified":"2024-06-20T12:58:17","modified_gmt":"2024-06-20T10:58:17","slug":"bahia-cuir-dagneau-tresse-noir","status":"publish","type":"product","link":"https:\/\/www.stephaniecesaire.com\/en\/boutique\/bags\/bahia-en\/bahia-cuir-dagneau-tresse-noir\/","title":{"rendered":"Bahia &#8211; Woven lambskin &#8211; Black"},"content":{"rendered":"<p>The Bahia clutch can be held in the hand or worn on the shoulder. Its single handle is attached with two brass metal buckles and it has a practical magnetic closure. The structured interior with two compartments also has large and small zipped pockets. Made in France<\/p>\n","protected":false},"excerpt":{"rendered":"<p>The remarkably glamorous Bahia is a structured clutch with surprising charm that can be worn two ways for an extremely chic femininity. A bold handle emphasizes its strict, geometric lines that evoke a contemporary elegance.<\/p>\n","protected":false},"featured_media":23413,"template":"","meta":[],"product_cat":[597],"product_tag":[1524,672],"class_list":{"0":"post-30295","1":"product","2":"type-product","3":"status-publish","4":"has-post-thumbnail","6":"product_cat-bahia-en","7":"product_tag-backorder","8":"product_tag-new-products","9":"product_shipping_class-classe-de-livraison-1","10":"pa_porte-handbags","11":"pa_porte-shoulder-bags","12":"pa_volume-small-bags","14":"first","15":"onbackorder","16":"sold-individually","17":"taxable","18":"shipping-taxable","19":"purchasable","20":"product-type-simple"},"yoast_head":"<!-- This site is optimized with the Yoast SEO plugin v23.1 - https:\/\/yoast.com\/wordpress\/plugins\/seo\/ -->\n<title>BAHIA - Sac cuir tress\u00c3\u00a9 - Made in France - C\u00e9saire<\/title>\n<meta name=\"description\" content=\"Des sacs cr\u00c3\u00a9ateur mode et tendance fabriqu\u00c3\u00a9s en France, cr\u00c3\u00a9\u00c3\u00a9s dans la plus pure tradition de la maroquinerie Fran\u00c3\u00a7aise - sacs en cuir artisanal France - marque de sac Fran\u00c3\u00a7ais \u00e2\u20ac\u201c maroquinerie de luxe artisanale Fran\u00c3\u00a7aise \u00e2\u20ac\u201c 100% made in France\" \/>\n<meta name=\"robots\" content=\"index, follow, max-snippet:-1, max-image-preview:large, max-video-preview:-1\" \/>\n<link rel=\"canonical\" href=\"https:\/\/www.stephaniecesaire.com\/en\/boutique\/bags\/bahia-en\/bahia-cuir-dagneau-tresse-noir\/\" \/>\n<meta property=\"og:locale\" content=\"en_US\" \/>\n<meta property=\"og:type\" content=\"article\" \/>\n<meta property=\"og:title\" content=\"BAHIA - Sac cuir tress\u00c3\u00a9 - Made in France - C\u00e9saire\" \/>\n<meta property=\"og:description\" content=\"Des sacs cr\u00c3\u00a9ateur mode et tendance fabriqu\u00c3\u00a9s en France, cr\u00c3\u00a9\u00c3\u00a9s dans la plus pure tradition de la maroquinerie Fran\u00c3\u00a7aise - sacs en cuir artisanal France - marque de sac Fran\u00c3\u00a7ais \u00e2\u20ac\u201c maroquinerie de luxe artisanale Fran\u00c3\u00a7aise \u00e2\u20ac\u201c 100% made in France\" \/>\n<meta property=\"og:url\" content=\"https:\/\/www.stephaniecesaire.com\/en\/boutique\/bags\/bahia-en\/bahia-cuir-dagneau-tresse-noir\/\" \/>\n<meta property=\"og:site_name\" content=\"C\u00e9saire\" \/>\n<meta property=\"article:publisher\" content=\"https:\/\/www.facebook.com\/cesaireparis\/\" \/>\n<meta property=\"article:modified_time\" content=\"2024-06-20T10:58:17+00:00\" \/>\n<meta property=\"og:image\" content=\"https:\/\/www.stephaniecesaire.com\/wp-content\/uploads\/2023\/09\/BahiaTRESNoirFace-jpg.webp\" \/>\n\t<meta property=\"og:image:width\" content=\"630\" \/>\n\t<meta property=\"og:image:height\" content=\"945\" \/>\n\t<meta property=\"og:image:type\" content=\"image\/jpeg\" \/>\n<meta name=\"twitter:card\" content=\"summary_large_image\" \/>\n<meta name=\"twitter:label1\" content=\"Est. reading time\" \/>\n\t<meta name=\"twitter:data1\" content=\"1 minute\" \/>\n<script type=\"application\/ld+json\" class=\"yoast-schema-graph\">{\"@context\":\"https:\/\/schema.org\",\"@graph\":[{\"@type\":\"WebPage\",\"@id\":\"https:\/\/www.stephaniecesaire.com\/en\/boutique\/bags\/bahia-en\/bahia-cuir-dagneau-tresse-noir\/\",\"url\":\"https:\/\/www.stephaniecesaire.com\/en\/boutique\/bags\/bahia-en\/bahia-cuir-dagneau-tresse-noir\/\",\"name\":\"BAHIA - Sac cuir tress\u00c3\u00a9 - Made in France - C\u00e9saire\",\"isPartOf\":{\"@id\":\"https:\/\/www.stephaniecesaire.com\/en\/#website\"},\"primaryImageOfPage\":{\"@id\":\"https:\/\/www.stephaniecesaire.com\/en\/boutique\/bags\/bahia-en\/bahia-cuir-dagneau-tresse-noir\/#primaryimage\"},\"image\":{\"@id\":\"https:\/\/www.stephaniecesaire.com\/en\/boutique\/bags\/bahia-en\/bahia-cuir-dagneau-tresse-noir\/#primaryimage\"},\"thumbnailUrl\":\"https:\/\/www.stephaniecesaire.com\/wp-content\/uploads\/2023\/09\/BahiaTRESNoirFace-jpg.webp\",\"datePublished\":\"2022-07-04T15:31:53+00:00\",\"dateModified\":\"2024-06-20T10:58:17+00:00\",\"description\":\"Des sacs cr\u00c3\u00a9ateur mode et tendance fabriqu\u00c3\u00a9s en France, cr\u00c3\u00a9\u00c3\u00a9s dans la plus pure tradition de la maroquinerie Fran\u00c3\u00a7aise - sacs en cuir artisanal France - marque de sac Fran\u00c3\u00a7ais \u00e2\u20ac\u201c maroquinerie de luxe artisanale Fran\u00c3\u00a7aise \u00e2\u20ac\u201c 100% made in France\",\"breadcrumb\":{\"@id\":\"https:\/\/www.stephaniecesaire.com\/en\/boutique\/bags\/bahia-en\/bahia-cuir-dagneau-tresse-noir\/#breadcrumb\"},\"inLanguage\":\"en-US\",\"potentialAction\":[{\"@type\":\"ReadAction\",\"target\":[\"https:\/\/www.stephaniecesaire.com\/en\/boutique\/bags\/bahia-en\/bahia-cuir-dagneau-tresse-noir\/\"]}]},{\"@type\":\"ImageObject\",\"inLanguage\":\"en-US\",\"@id\":\"https:\/\/www.stephaniecesaire.com\/en\/boutique\/bags\/bahia-en\/bahia-cuir-dagneau-tresse-noir\/#primaryimage\",\"url\":\"https:\/\/www.stephaniecesaire.com\/wp-content\/uploads\/2023\/09\/BahiaTRESNoirFace-jpg.webp\",\"contentUrl\":\"https:\/\/www.stephaniecesaire.com\/wp-content\/uploads\/2023\/09\/BahiaTRESNoirFace-jpg.webp\",\"width\":630,\"height\":945},{\"@type\":\"BreadcrumbList\",\"@id\":\"https:\/\/www.stephaniecesaire.com\/en\/boutique\/bags\/bahia-en\/bahia-cuir-dagneau-tresse-noir\/#breadcrumb\",\"itemListElement\":[{\"@type\":\"ListItem\",\"position\":1,\"name\":\"Accueil\",\"item\":\"https:\/\/www.stephaniecesaire.com\/en\/\"},{\"@type\":\"ListItem\",\"position\":2,\"name\":\"Shop\",\"item\":\"https:\/\/www.stephaniecesaire.com\/en\/shop\/\"},{\"@type\":\"ListItem\",\"position\":3,\"name\":\"Bahia &#8211; Woven lambskin &#8211; Black\"}]},{\"@type\":\"WebSite\",\"@id\":\"https:\/\/www.stephaniecesaire.com\/en\/#website\",\"url\":\"https:\/\/www.stephaniecesaire.com\/en\/\",\"name\":\"St\u00e9phanie C\u00e9saire\",\"description\":\"Sac cr\u00e9ateur made in France - Maroquinerie de luxe\",\"publisher\":{\"@id\":\"https:\/\/www.stephaniecesaire.com\/en\/#organization\"},\"potentialAction\":[{\"@type\":\"SearchAction\",\"target\":{\"@type\":\"EntryPoint\",\"urlTemplate\":\"https:\/\/www.stephaniecesaire.com\/en\/?s={search_term_string}\"},\"query-input\":\"required name=search_term_string\"}],\"inLanguage\":\"en-US\"},{\"@type\":\"Organization\",\"@id\":\"https:\/\/www.stephaniecesaire.com\/en\/#organization\",\"name\":\"St\u00e9phanie C\u00e9saire\",\"url\":\"https:\/\/www.stephaniecesaire.com\/en\/\",\"logo\":{\"@type\":\"ImageObject\",\"inLanguage\":\"en-US\",\"@id\":\"https:\/\/www.stephaniecesaire.com\/en\/#\/schema\/logo\/image\/\",\"url\":\"https:\/\/www.stephaniecesaire.com\/wp-content\/uploads\/2023\/10\/favicon.png\",\"contentUrl\":\"https:\/\/www.stephaniecesaire.com\/wp-content\/uploads\/2023\/10\/favicon.png\",\"width\":512,\"height\":512,\"caption\":\"St\u00e9phanie C\u00e9saire\"},\"image\":{\"@id\":\"https:\/\/www.stephaniecesaire.com\/en\/#\/schema\/logo\/image\/\"},\"sameAs\":[\"https:\/\/www.facebook.com\/cesaireparis\/\",\"https:\/\/www.pinterest.fr\/cesaireparis\/\",\"https:\/\/www.instagram.com\/cesaireparis.official\/\"]}]}<\/script>\n<!-- \/ Yoast SEO plugin. -->","yoast_head_json":{"title":"BAHIA - Sac cuir tress\u00c3\u00a9 - Made in France - C\u00e9saire","description":"Des sacs cr\u00c3\u00a9ateur mode et tendance fabriqu\u00c3\u00a9s en France, cr\u00c3\u00a9\u00c3\u00a9s dans la plus pure tradition de la maroquinerie Fran\u00c3\u00a7aise - sacs en cuir artisanal France - marque de sac Fran\u00c3\u00a7ais \u00e2\u20ac\u201c maroquinerie de luxe artisanale Fran\u00c3\u00a7aise \u00e2\u20ac\u201c 100% made in France","robots":{"index":"index","follow":"follow","max-snippet":"max-snippet:-1","max-image-preview":"max-image-preview:large","max-video-preview":"max-video-preview:-1"},"canonical":"https:\/\/www.stephaniecesaire.com\/en\/boutique\/bags\/bahia-en\/bahia-cuir-dagneau-tresse-noir\/","og_locale":"en_US","og_type":"article","og_title":"BAHIA - Sac cuir tress\u00c3\u00a9 - Made in France - C\u00e9saire","og_description":"Des sacs cr\u00c3\u00a9ateur mode et tendance fabriqu\u00c3\u00a9s en France, cr\u00c3\u00a9\u00c3\u00a9s dans la plus pure tradition de la maroquinerie Fran\u00c3\u00a7aise - sacs en cuir artisanal France - marque de sac Fran\u00c3\u00a7ais \u00e2\u20ac\u201c maroquinerie de luxe artisanale Fran\u00c3\u00a7aise \u00e2\u20ac\u201c 100% made in France","og_url":"https:\/\/www.stephaniecesaire.com\/en\/boutique\/bags\/bahia-en\/bahia-cuir-dagneau-tresse-noir\/","og_site_name":"C\u00e9saire","article_publisher":"https:\/\/www.facebook.com\/cesaireparis\/","article_modified_time":"2024-06-20T10:58:17+00:00","og_image":[{"width":630,"height":945,"url":"https:\/\/www.stephaniecesaire.com\/wp-content\/uploads\/2023\/09\/BahiaTRESNoirFace-jpg.webp","type":"image\/jpeg"}],"twitter_card":"summary_large_image","twitter_misc":{"Est. reading time":"1 minute"},"schema":{"@context":"https:\/\/schema.org","@graph":[{"@type":"WebPage","@id":"https:\/\/www.stephaniecesaire.com\/en\/boutique\/bags\/bahia-en\/bahia-cuir-dagneau-tresse-noir\/","url":"https:\/\/www.stephaniecesaire.com\/en\/boutique\/bags\/bahia-en\/bahia-cuir-dagneau-tresse-noir\/","name":"BAHIA - Sac cuir tress\u00c3\u00a9 - Made in France - C\u00e9saire","isPartOf":{"@id":"https:\/\/www.stephaniecesaire.com\/en\/#website"},"primaryImageOfPage":{"@id":"https:\/\/www.stephaniecesaire.com\/en\/boutique\/bags\/bahia-en\/bahia-cuir-dagneau-tresse-noir\/#primaryimage"},"image":{"@id":"https:\/\/www.stephaniecesaire.com\/en\/boutique\/bags\/bahia-en\/bahia-cuir-dagneau-tresse-noir\/#primaryimage"},"thumbnailUrl":"https:\/\/www.stephaniecesaire.com\/wp-content\/uploads\/2023\/09\/BahiaTRESNoirFace-jpg.webp","datePublished":"2022-07-04T15:31:53+00:00","dateModified":"2024-06-20T10:58:17+00:00","description":"Des sacs cr\u00c3\u00a9ateur mode et tendance fabriqu\u00c3\u00a9s en France, cr\u00c3\u00a9\u00c3\u00a9s dans la plus pure tradition de la maroquinerie Fran\u00c3\u00a7aise - sacs en cuir artisanal France - marque de sac Fran\u00c3\u00a7ais \u00e2\u20ac\u201c maroquinerie de luxe artisanale Fran\u00c3\u00a7aise \u00e2\u20ac\u201c 100% made in France","breadcrumb":{"@id":"https:\/\/www.stephaniecesaire.com\/en\/boutique\/bags\/bahia-en\/bahia-cuir-dagneau-tresse-noir\/#breadcrumb"},"inLanguage":"en-US","potentialAction":[{"@type":"ReadAction","target":["https:\/\/www.stephaniecesaire.com\/en\/boutique\/bags\/bahia-en\/bahia-cuir-dagneau-tresse-noir\/"]}]},{"@type":"ImageObject","inLanguage":"en-US","@id":"https:\/\/www.stephaniecesaire.com\/en\/boutique\/bags\/bahia-en\/bahia-cuir-dagneau-tresse-noir\/#primaryimage","url":"https:\/\/www.stephaniecesaire.com\/wp-content\/uploads\/2023\/09\/BahiaTRESNoirFace-jpg.webp","contentUrl":"https:\/\/www.stephaniecesaire.com\/wp-content\/uploads\/2023\/09\/BahiaTRESNoirFace-jpg.webp","width":630,"height":945},{"@type":"BreadcrumbList","@id":"https:\/\/www.stephaniecesaire.com\/en\/boutique\/bags\/bahia-en\/bahia-cuir-dagneau-tresse-noir\/#breadcrumb","itemListElement":[{"@type":"ListItem","position":1,"name":"Accueil","item":"https:\/\/www.stephaniecesaire.com\/en\/"},{"@type":"ListItem","position":2,"name":"Shop","item":"https:\/\/www.stephaniecesaire.com\/en\/shop\/"},{"@type":"ListItem","position":3,"name":"Bahia &#8211; Woven lambskin &#8211; Black"}]},{"@type":"WebSite","@id":"https:\/\/www.stephaniecesaire.com\/en\/#website","url":"https:\/\/www.stephaniecesaire.com\/en\/","name":"St\u00e9phanie C\u00e9saire","description":"Sac cr\u00e9ateur made in France - Maroquinerie de luxe","publisher":{"@id":"https:\/\/www.stephaniecesaire.com\/en\/#organization"},"potentialAction":[{"@type":"SearchAction","target":{"@type":"EntryPoint","urlTemplate":"https:\/\/www.stephaniecesaire.com\/en\/?s={search_term_string}"},"query-input":"required name=search_term_string"}],"inLanguage":"en-US"},{"@type":"Organization","@id":"https:\/\/www.stephaniecesaire.com\/en\/#organization","name":"St\u00e9phanie C\u00e9saire","url":"https:\/\/www.stephaniecesaire.com\/en\/","logo":{"@type":"ImageObject","inLanguage":"en-US","@id":"https:\/\/www.stephaniecesaire.com\/en\/#\/schema\/logo\/image\/","url":"https:\/\/www.stephaniecesaire.com\/wp-content\/uploads\/2023\/10\/favicon.png","contentUrl":"https:\/\/www.stephaniecesaire.com\/wp-content\/uploads\/2023\/10\/favicon.png","width":512,"height":512,"caption":"St\u00e9phanie C\u00e9saire"},"image":{"@id":"https:\/\/www.stephaniecesaire.com\/en\/#\/schema\/logo\/image\/"},"sameAs":["https:\/\/www.facebook.com\/cesaireparis\/","https:\/\/www.pinterest.fr\/cesaireparis\/","https:\/\/www.instagram.com\/cesaireparis.official\/"]}]}},"_links":{"self":[{"href":"https:\/\/www.stephaniecesaire.com\/en\/wp-json\/wp\/v2\/product\/30295","targetHints":{"allow":["GET"]}}],"collection":[{"href":"https:\/\/www.stephaniecesaire.com\/en\/wp-json\/wp\/v2\/product"}],"about":[{"href":"https:\/\/www.stephaniecesaire.com\/en\/wp-json\/wp\/v2\/types\/product"}],"wp:featuredmedia":[{"embeddable":true,"href":"https:\/\/www.stephaniecesaire.com\/en\/wp-json\/wp\/v2\/media\/23413"}],"wp:attachment":[{"href":"https:\/\/www.stephaniecesaire.com\/en\/wp-json\/wp\/v2\/media?parent=30295"}],"wp:term":[{"taxonomy":"product_cat","embeddable":true,"href":"https:\/\/www.stephaniecesaire.com\/en\/wp-json\/wp\/v2\/product_cat?post=30295"},{"taxonomy":"product_tag","embeddable":true,"href":"https:\/\/www.stephaniecesaire.com\/en\/wp-json\/wp\/v2\/product_tag?post=30295"}],"curies":[{"name":"wp","href":"https:\/\/api.w.org\/{rel}","templated":true}]}}