{"id":30308,"date":"2021-12-29T16:38:20","date_gmt":"2021-12-29T15:38:20","guid":{"rendered":"https:\/\/stephaniecesaire.com\/boutique\/uncategorized\/simple-cuir-de-chevre-lavee-bronze\/"},"modified":"2024-07-09T14:39:53","modified_gmt":"2024-07-09T12:39:53","slug":"simple-cuir-de-chevre-lavee-bronze","status":"publish","type":"product","link":"https:\/\/www.stephaniecesaire.com\/en\/boutique\/bags\/simple-en\/simple-cuir-de-chevre-lavee-bronze\/","title":{"rendered":"Simple &#8211; Washed goatskin &#8211; Bronze"},"content":{"rendered":"<p>Simple is a supple leather pocket with a narrow gusset made from a single, folded piece of leather. Thanks to its pass-through opening, it can be held in the hand or folded in half to be carried as a clutch. This unlined pouch is made in France.<\/p>\n","protected":false},"excerpt":{"rendered":"<p>The simple clutch or the simplicity of a folded leather pocket.<\/p>\n<p>Its concept was born from the idea of recycling our one-off or forgotten skins, all unique leathers with strong personalities that are highlighted by this pared-down design. The intentionally minimal, barely perceptible opening for the fingers gives a sober, authentic luxury to this supple clutch.<\/p>\n","protected":false},"featured_media":22114,"template":"","meta":[],"product_cat":[617],"product_tag":[],"class_list":{"0":"post-30308","1":"product","2":"type-product","3":"status-publish","4":"has-post-thumbnail","6":"product_cat-simple-en","7":"product_shipping_class-classe-de-livraison-2","8":"pa_porte-handbags","9":"pa_volume-sacs-souples-en","10":"pa_volume-small-bags","12":"first","13":"outofstock","14":"sold-individually","15":"taxable","16":"shipping-taxable","17":"purchasable","18":"product-type-simple"},"yoast_head":"<!-- This site is optimized with the Yoast SEO plugin v23.1 - https:\/\/yoast.com\/wordpress\/plugins\/seo\/ -->\n<title>Poche en cuir Simple - Washed goatskin - Bronze - C\u00e9saire Paris - Fabriqu\u00c3\u00a9 en France<\/title>\n<meta name=\"description\" content=\"La poche en cuir Simple ou la simplicit\u00c3\u00a9 d\u00e2\u20ac\u2122un pli\u00c3\u00a9. Un concept n\u00c3\u00a9 de l\u00e2\u20ac\u2122id\u00c3\u00a9e de recycler nos peaux orphelines ou oubli\u00c3\u00a9es, des peaux fortes et singuli\u00c3\u00a8res mises en sc\u00c3\u00a8ne par un dessin \u00c3\u00a9pur\u00c3\u00a9. La fa\u00c3\u00a7on, volontairement minimale, \u00c3\u00a0 peine perceptible ne laisse paraitre qu\u00e2\u20ac\u2122une entaille pour passer les doigts au travers cette poche souple au luxe sobre et authentique.\" \/>\n<meta name=\"robots\" content=\"index, follow, max-snippet:-1, max-image-preview:large, max-video-preview:-1\" \/>\n<link rel=\"canonical\" href=\"https:\/\/www.stephaniecesaire.com\/en\/boutique\/bags\/simple-en\/simple-cuir-de-chevre-lavee-bronze\/\" \/>\n<meta property=\"og:locale\" content=\"en_US\" \/>\n<meta property=\"og:type\" content=\"article\" \/>\n<meta property=\"og:title\" content=\"Poche en cuir Simple - Washed goatskin - Bronze - C\u00e9saire Paris - Fabriqu\u00c3\u00a9 en France\" \/>\n<meta property=\"og:description\" content=\"La poche en cuir Simple ou la simplicit\u00c3\u00a9 d\u00e2\u20ac\u2122un pli\u00c3\u00a9. Un concept n\u00c3\u00a9 de l\u00e2\u20ac\u2122id\u00c3\u00a9e de recycler nos peaux orphelines ou oubli\u00c3\u00a9es, des peaux fortes et singuli\u00c3\u00a8res mises en sc\u00c3\u00a8ne par un dessin \u00c3\u00a9pur\u00c3\u00a9. La fa\u00c3\u00a7on, volontairement minimale, \u00c3\u00a0 peine perceptible ne laisse paraitre qu\u00e2\u20ac\u2122une entaille pour passer les doigts au travers cette poche souple au luxe sobre et authentique.\" \/>\n<meta property=\"og:url\" content=\"https:\/\/www.stephaniecesaire.com\/en\/boutique\/bags\/simple-en\/simple-cuir-de-chevre-lavee-bronze\/\" \/>\n<meta property=\"og:site_name\" content=\"C\u00e9saire\" \/>\n<meta property=\"article:publisher\" content=\"https:\/\/www.facebook.com\/cesaireparis\/\" \/>\n<meta property=\"article:modified_time\" content=\"2024-07-09T12:39:53+00:00\" \/>\n<meta property=\"og:image\" content=\"https:\/\/www.stephaniecesaire.com\/wp-content\/uploads\/2023\/09\/SimpleCHFBronzeProfil-jpg.webp\" \/>\n\t<meta property=\"og:image:width\" content=\"630\" \/>\n\t<meta property=\"og:image:height\" content=\"945\" \/>\n\t<meta property=\"og:image:type\" content=\"image\/jpeg\" \/>\n<meta name=\"twitter:card\" content=\"summary_large_image\" \/>\n<meta name=\"twitter:label1\" content=\"Est. reading time\" \/>\n\t<meta name=\"twitter:data1\" content=\"1 minute\" \/>\n<script type=\"application\/ld+json\" class=\"yoast-schema-graph\">{\"@context\":\"https:\/\/schema.org\",\"@graph\":[{\"@type\":\"WebPage\",\"@id\":\"https:\/\/www.stephaniecesaire.com\/en\/boutique\/bags\/simple-en\/simple-cuir-de-chevre-lavee-bronze\/\",\"url\":\"https:\/\/www.stephaniecesaire.com\/en\/boutique\/bags\/simple-en\/simple-cuir-de-chevre-lavee-bronze\/\",\"name\":\"Poche en cuir Simple - Washed goatskin - Bronze - C\u00e9saire Paris - Fabriqu\u00c3\u00a9 en France\",\"isPartOf\":{\"@id\":\"https:\/\/www.stephaniecesaire.com\/en\/#website\"},\"primaryImageOfPage\":{\"@id\":\"https:\/\/www.stephaniecesaire.com\/en\/boutique\/bags\/simple-en\/simple-cuir-de-chevre-lavee-bronze\/#primaryimage\"},\"image\":{\"@id\":\"https:\/\/www.stephaniecesaire.com\/en\/boutique\/bags\/simple-en\/simple-cuir-de-chevre-lavee-bronze\/#primaryimage\"},\"thumbnailUrl\":\"https:\/\/www.stephaniecesaire.com\/wp-content\/uploads\/2023\/09\/SimpleCHFBronzeProfil-jpg.webp\",\"datePublished\":\"2021-12-29T15:38:20+00:00\",\"dateModified\":\"2024-07-09T12:39:53+00:00\",\"description\":\"La poche en cuir Simple ou la simplicit\u00c3\u00a9 d\u00e2\u20ac\u2122un pli\u00c3\u00a9. Un concept n\u00c3\u00a9 de l\u00e2\u20ac\u2122id\u00c3\u00a9e de recycler nos peaux orphelines ou oubli\u00c3\u00a9es, des peaux fortes et singuli\u00c3\u00a8res mises en sc\u00c3\u00a8ne par un dessin \u00c3\u00a9pur\u00c3\u00a9. La fa\u00c3\u00a7on, volontairement minimale, \u00c3\u00a0 peine perceptible ne laisse paraitre qu\u00e2\u20ac\u2122une entaille pour passer les doigts au travers cette poche souple au luxe sobre et authentique.\",\"breadcrumb\":{\"@id\":\"https:\/\/www.stephaniecesaire.com\/en\/boutique\/bags\/simple-en\/simple-cuir-de-chevre-lavee-bronze\/#breadcrumb\"},\"inLanguage\":\"en-US\",\"potentialAction\":[{\"@type\":\"ReadAction\",\"target\":[\"https:\/\/www.stephaniecesaire.com\/en\/boutique\/bags\/simple-en\/simple-cuir-de-chevre-lavee-bronze\/\"]}]},{\"@type\":\"ImageObject\",\"inLanguage\":\"en-US\",\"@id\":\"https:\/\/www.stephaniecesaire.com\/en\/boutique\/bags\/simple-en\/simple-cuir-de-chevre-lavee-bronze\/#primaryimage\",\"url\":\"https:\/\/www.stephaniecesaire.com\/wp-content\/uploads\/2023\/09\/SimpleCHFBronzeProfil-jpg.webp\",\"contentUrl\":\"https:\/\/www.stephaniecesaire.com\/wp-content\/uploads\/2023\/09\/SimpleCHFBronzeProfil-jpg.webp\",\"width\":630,\"height\":945},{\"@type\":\"BreadcrumbList\",\"@id\":\"https:\/\/www.stephaniecesaire.com\/en\/boutique\/bags\/simple-en\/simple-cuir-de-chevre-lavee-bronze\/#breadcrumb\",\"itemListElement\":[{\"@type\":\"ListItem\",\"position\":1,\"name\":\"Accueil\",\"item\":\"https:\/\/www.stephaniecesaire.com\/en\/\"},{\"@type\":\"ListItem\",\"position\":2,\"name\":\"Shop\",\"item\":\"https:\/\/www.stephaniecesaire.com\/en\/shop\/\"},{\"@type\":\"ListItem\",\"position\":3,\"name\":\"Simple &#8211; Washed goatskin &#8211; Bronze\"}]},{\"@type\":\"WebSite\",\"@id\":\"https:\/\/www.stephaniecesaire.com\/en\/#website\",\"url\":\"https:\/\/www.stephaniecesaire.com\/en\/\",\"name\":\"St\u00e9phanie C\u00e9saire\",\"description\":\"Sac cr\u00e9ateur made in France - Maroquinerie de luxe\",\"publisher\":{\"@id\":\"https:\/\/www.stephaniecesaire.com\/en\/#organization\"},\"potentialAction\":[{\"@type\":\"SearchAction\",\"target\":{\"@type\":\"EntryPoint\",\"urlTemplate\":\"https:\/\/www.stephaniecesaire.com\/en\/?s={search_term_string}\"},\"query-input\":\"required name=search_term_string\"}],\"inLanguage\":\"en-US\"},{\"@type\":\"Organization\",\"@id\":\"https:\/\/www.stephaniecesaire.com\/en\/#organization\",\"name\":\"St\u00e9phanie C\u00e9saire\",\"url\":\"https:\/\/www.stephaniecesaire.com\/en\/\",\"logo\":{\"@type\":\"ImageObject\",\"inLanguage\":\"en-US\",\"@id\":\"https:\/\/www.stephaniecesaire.com\/en\/#\/schema\/logo\/image\/\",\"url\":\"https:\/\/www.stephaniecesaire.com\/wp-content\/uploads\/2023\/10\/favicon.png\",\"contentUrl\":\"https:\/\/www.stephaniecesaire.com\/wp-content\/uploads\/2023\/10\/favicon.png\",\"width\":512,\"height\":512,\"caption\":\"St\u00e9phanie C\u00e9saire\"},\"image\":{\"@id\":\"https:\/\/www.stephaniecesaire.com\/en\/#\/schema\/logo\/image\/\"},\"sameAs\":[\"https:\/\/www.facebook.com\/cesaireparis\/\",\"https:\/\/www.pinterest.fr\/cesaireparis\/\",\"https:\/\/www.instagram.com\/cesaireparis.official\/\"]}]}<\/script>\n<!-- \/ Yoast SEO plugin. -->","yoast_head_json":{"title":"Poche en cuir Simple - Washed goatskin - Bronze - C\u00e9saire Paris - Fabriqu\u00c3\u00a9 en France","description":"La poche en cuir Simple ou la simplicit\u00c3\u00a9 d\u00e2\u20ac\u2122un pli\u00c3\u00a9. Un concept n\u00c3\u00a9 de l\u00e2\u20ac\u2122id\u00c3\u00a9e de recycler nos peaux orphelines ou oubli\u00c3\u00a9es, des peaux fortes et singuli\u00c3\u00a8res mises en sc\u00c3\u00a8ne par un dessin \u00c3\u00a9pur\u00c3\u00a9. La fa\u00c3\u00a7on, volontairement minimale, \u00c3\u00a0 peine perceptible ne laisse paraitre qu\u00e2\u20ac\u2122une entaille pour passer les doigts au travers cette poche souple au luxe sobre et authentique.","robots":{"index":"index","follow":"follow","max-snippet":"max-snippet:-1","max-image-preview":"max-image-preview:large","max-video-preview":"max-video-preview:-1"},"canonical":"https:\/\/www.stephaniecesaire.com\/en\/boutique\/bags\/simple-en\/simple-cuir-de-chevre-lavee-bronze\/","og_locale":"en_US","og_type":"article","og_title":"Poche en cuir Simple - Washed goatskin - Bronze - C\u00e9saire Paris - Fabriqu\u00c3\u00a9 en France","og_description":"La poche en cuir Simple ou la simplicit\u00c3\u00a9 d\u00e2\u20ac\u2122un pli\u00c3\u00a9. Un concept n\u00c3\u00a9 de l\u00e2\u20ac\u2122id\u00c3\u00a9e de recycler nos peaux orphelines ou oubli\u00c3\u00a9es, des peaux fortes et singuli\u00c3\u00a8res mises en sc\u00c3\u00a8ne par un dessin \u00c3\u00a9pur\u00c3\u00a9. La fa\u00c3\u00a7on, volontairement minimale, \u00c3\u00a0 peine perceptible ne laisse paraitre qu\u00e2\u20ac\u2122une entaille pour passer les doigts au travers cette poche souple au luxe sobre et authentique.","og_url":"https:\/\/www.stephaniecesaire.com\/en\/boutique\/bags\/simple-en\/simple-cuir-de-chevre-lavee-bronze\/","og_site_name":"C\u00e9saire","article_publisher":"https:\/\/www.facebook.com\/cesaireparis\/","article_modified_time":"2024-07-09T12:39:53+00:00","og_image":[{"width":630,"height":945,"url":"https:\/\/www.stephaniecesaire.com\/wp-content\/uploads\/2023\/09\/SimpleCHFBronzeProfil-jpg.webp","type":"image\/jpeg"}],"twitter_card":"summary_large_image","twitter_misc":{"Est. reading time":"1 minute"},"schema":{"@context":"https:\/\/schema.org","@graph":[{"@type":"WebPage","@id":"https:\/\/www.stephaniecesaire.com\/en\/boutique\/bags\/simple-en\/simple-cuir-de-chevre-lavee-bronze\/","url":"https:\/\/www.stephaniecesaire.com\/en\/boutique\/bags\/simple-en\/simple-cuir-de-chevre-lavee-bronze\/","name":"Poche en cuir Simple - Washed goatskin - Bronze - C\u00e9saire Paris - Fabriqu\u00c3\u00a9 en France","isPartOf":{"@id":"https:\/\/www.stephaniecesaire.com\/en\/#website"},"primaryImageOfPage":{"@id":"https:\/\/www.stephaniecesaire.com\/en\/boutique\/bags\/simple-en\/simple-cuir-de-chevre-lavee-bronze\/#primaryimage"},"image":{"@id":"https:\/\/www.stephaniecesaire.com\/en\/boutique\/bags\/simple-en\/simple-cuir-de-chevre-lavee-bronze\/#primaryimage"},"thumbnailUrl":"https:\/\/www.stephaniecesaire.com\/wp-content\/uploads\/2023\/09\/SimpleCHFBronzeProfil-jpg.webp","datePublished":"2021-12-29T15:38:20+00:00","dateModified":"2024-07-09T12:39:53+00:00","description":"La poche en cuir Simple ou la simplicit\u00c3\u00a9 d\u00e2\u20ac\u2122un pli\u00c3\u00a9. Un concept n\u00c3\u00a9 de l\u00e2\u20ac\u2122id\u00c3\u00a9e de recycler nos peaux orphelines ou oubli\u00c3\u00a9es, des peaux fortes et singuli\u00c3\u00a8res mises en sc\u00c3\u00a8ne par un dessin \u00c3\u00a9pur\u00c3\u00a9. La fa\u00c3\u00a7on, volontairement minimale, \u00c3\u00a0 peine perceptible ne laisse paraitre qu\u00e2\u20ac\u2122une entaille pour passer les doigts au travers cette poche souple au luxe sobre et authentique.","breadcrumb":{"@id":"https:\/\/www.stephaniecesaire.com\/en\/boutique\/bags\/simple-en\/simple-cuir-de-chevre-lavee-bronze\/#breadcrumb"},"inLanguage":"en-US","potentialAction":[{"@type":"ReadAction","target":["https:\/\/www.stephaniecesaire.com\/en\/boutique\/bags\/simple-en\/simple-cuir-de-chevre-lavee-bronze\/"]}]},{"@type":"ImageObject","inLanguage":"en-US","@id":"https:\/\/www.stephaniecesaire.com\/en\/boutique\/bags\/simple-en\/simple-cuir-de-chevre-lavee-bronze\/#primaryimage","url":"https:\/\/www.stephaniecesaire.com\/wp-content\/uploads\/2023\/09\/SimpleCHFBronzeProfil-jpg.webp","contentUrl":"https:\/\/www.stephaniecesaire.com\/wp-content\/uploads\/2023\/09\/SimpleCHFBronzeProfil-jpg.webp","width":630,"height":945},{"@type":"BreadcrumbList","@id":"https:\/\/www.stephaniecesaire.com\/en\/boutique\/bags\/simple-en\/simple-cuir-de-chevre-lavee-bronze\/#breadcrumb","itemListElement":[{"@type":"ListItem","position":1,"name":"Accueil","item":"https:\/\/www.stephaniecesaire.com\/en\/"},{"@type":"ListItem","position":2,"name":"Shop","item":"https:\/\/www.stephaniecesaire.com\/en\/shop\/"},{"@type":"ListItem","position":3,"name":"Simple &#8211; Washed goatskin &#8211; Bronze"}]},{"@type":"WebSite","@id":"https:\/\/www.stephaniecesaire.com\/en\/#website","url":"https:\/\/www.stephaniecesaire.com\/en\/","name":"St\u00e9phanie C\u00e9saire","description":"Sac cr\u00e9ateur made in France - Maroquinerie de luxe","publisher":{"@id":"https:\/\/www.stephaniecesaire.com\/en\/#organization"},"potentialAction":[{"@type":"SearchAction","target":{"@type":"EntryPoint","urlTemplate":"https:\/\/www.stephaniecesaire.com\/en\/?s={search_term_string}"},"query-input":"required name=search_term_string"}],"inLanguage":"en-US"},{"@type":"Organization","@id":"https:\/\/www.stephaniecesaire.com\/en\/#organization","name":"St\u00e9phanie C\u00e9saire","url":"https:\/\/www.stephaniecesaire.com\/en\/","logo":{"@type":"ImageObject","inLanguage":"en-US","@id":"https:\/\/www.stephaniecesaire.com\/en\/#\/schema\/logo\/image\/","url":"https:\/\/www.stephaniecesaire.com\/wp-content\/uploads\/2023\/10\/favicon.png","contentUrl":"https:\/\/www.stephaniecesaire.com\/wp-content\/uploads\/2023\/10\/favicon.png","width":512,"height":512,"caption":"St\u00e9phanie C\u00e9saire"},"image":{"@id":"https:\/\/www.stephaniecesaire.com\/en\/#\/schema\/logo\/image\/"},"sameAs":["https:\/\/www.facebook.com\/cesaireparis\/","https:\/\/www.pinterest.fr\/cesaireparis\/","https:\/\/www.instagram.com\/cesaireparis.official\/"]}]}},"_links":{"self":[{"href":"https:\/\/www.stephaniecesaire.com\/en\/wp-json\/wp\/v2\/product\/30308","targetHints":{"allow":["GET"]}}],"collection":[{"href":"https:\/\/www.stephaniecesaire.com\/en\/wp-json\/wp\/v2\/product"}],"about":[{"href":"https:\/\/www.stephaniecesaire.com\/en\/wp-json\/wp\/v2\/types\/product"}],"wp:featuredmedia":[{"embeddable":true,"href":"https:\/\/www.stephaniecesaire.com\/en\/wp-json\/wp\/v2\/media\/22114"}],"wp:attachment":[{"href":"https:\/\/www.stephaniecesaire.com\/en\/wp-json\/wp\/v2\/media?parent=30308"}],"wp:term":[{"taxonomy":"product_cat","embeddable":true,"href":"https:\/\/www.stephaniecesaire.com\/en\/wp-json\/wp\/v2\/product_cat?post=30308"},{"taxonomy":"product_tag","embeddable":true,"href":"https:\/\/www.stephaniecesaire.com\/en\/wp-json\/wp\/v2\/product_tag?post=30308"}],"curies":[{"name":"wp","href":"https:\/\/api.w.org\/{rel}","templated":true}]}}