{"id":30336,"date":"2019-04-18T11:55:58","date_gmt":"2019-04-18T09:55:58","guid":{"rendered":"https:\/\/stephaniecesaire.com\/boutique\/uncategorized\/neosellier-cuir-de-veau-sellier-bronze\/"},"modified":"2024-06-19T18:43:07","modified_gmt":"2024-06-19T16:43:07","slug":"neosellier-cuir-de-veau-sellier-bronze","status":"publish","type":"product","link":"https:\/\/www.stephaniecesaire.com\/en\/boutique\/bags\/neosellier-en\/neosellier-cuir-de-veau-sellier-bronze\/","title":{"rendered":"Neosellier &#8211; Full grain saddle calf &#8211; Bronze"},"content":{"rendered":"<p>The Neosellier proposes a volume that can contain an A4 format, fully lined with 100% cotton twill, it has an interior zipper pocket and a large cell phone pocket. The bag is accessorized with brass feet to protect the bottom of the bag. Made in France.<\/p>\n","protected":false},"excerpt":{"rendered":"<p>Inspired by values of saddlery traditions, Neosellier bag embodies the French refinement. Its contrast stitching, her handles and belted reveal feminine sophisticated contours. This shoulder bag gracefully marries your silhouette.<\/p>\n","protected":false},"featured_media":12365,"template":"","meta":[],"product_cat":[626],"product_tag":[1524,670],"class_list":{"0":"post-30336","1":"product","2":"type-product","3":"status-publish","4":"has-post-thumbnail","6":"product_cat-neosellier-en","7":"product_tag-backorder","8":"product_tag-iconic","9":"product_shipping_class-classe-de-livraison-4","10":"pa_porte-shoulder-bags","11":"pa_volume-large-bags","13":"first","14":"onbackorder","15":"sold-individually","16":"taxable","17":"shipping-taxable","18":"purchasable","19":"product-type-simple"},"yoast_head":"<!-- This site is optimized with the Yoast SEO plugin v23.1 - https:\/\/yoast.com\/wordpress\/plugins\/seo\/ -->\n<title>Sac Neosellier - Full grain saddle calf - Bronze - C\u00e9saire Paris - Fabriqu\u00c3\u00a9 en France<\/title>\n<meta name=\"description\" content=\"Inspir\u00c3\u00a9 des valeurs de la Sellerie traditionnelle, le Neosellier exprime le raffinement fran\u00c3\u00a7ais. Soulign\u00c3\u00a9 de piq\u00c3\u00bbres, ses anses et son ceintur\u00c3\u00a9 r\u00c3\u00a9v\u00c3\u00a8lent des courbes f\u00c3\u00a9minines et sophistiqu\u00c3\u00a9es. Port\u00c3\u00a9 \u00c3\u00a9paule il \u00c3\u00a9pouse votre silhouette avec style.\" \/>\n<meta name=\"robots\" content=\"index, follow, max-snippet:-1, max-image-preview:large, max-video-preview:-1\" \/>\n<link rel=\"canonical\" href=\"https:\/\/www.stephaniecesaire.com\/en\/boutique\/bags\/neosellier-en\/neosellier-cuir-de-veau-sellier-bronze\/\" \/>\n<meta property=\"og:locale\" content=\"en_US\" \/>\n<meta property=\"og:type\" content=\"article\" \/>\n<meta property=\"og:title\" content=\"Sac Neosellier - Full grain saddle calf - Bronze - C\u00e9saire Paris - Fabriqu\u00c3\u00a9 en France\" \/>\n<meta property=\"og:description\" content=\"Inspir\u00c3\u00a9 des valeurs de la Sellerie traditionnelle, le Neosellier exprime le raffinement fran\u00c3\u00a7ais. Soulign\u00c3\u00a9 de piq\u00c3\u00bbres, ses anses et son ceintur\u00c3\u00a9 r\u00c3\u00a9v\u00c3\u00a8lent des courbes f\u00c3\u00a9minines et sophistiqu\u00c3\u00a9es. Port\u00c3\u00a9 \u00c3\u00a9paule il \u00c3\u00a9pouse votre silhouette avec style.\" \/>\n<meta property=\"og:url\" content=\"https:\/\/www.stephaniecesaire.com\/en\/boutique\/bags\/neosellier-en\/neosellier-cuir-de-veau-sellier-bronze\/\" \/>\n<meta property=\"og:site_name\" content=\"C\u00e9saire\" \/>\n<meta property=\"article:publisher\" content=\"https:\/\/www.facebook.com\/cesaireparis\/\" \/>\n<meta property=\"article:modified_time\" content=\"2024-06-19T16:43:07+00:00\" \/>\n<meta property=\"og:image\" content=\"https:\/\/www.stephaniecesaire.com\/wp-content\/uploads\/2023\/09\/Neosellier_RAGBronzeFaceBIS-jpg.webp\" \/>\n\t<meta property=\"og:image:width\" content=\"630\" \/>\n\t<meta property=\"og:image:height\" content=\"945\" \/>\n\t<meta property=\"og:image:type\" content=\"image\/jpeg\" \/>\n<meta name=\"twitter:card\" content=\"summary_large_image\" \/>\n<meta name=\"twitter:label1\" content=\"Est. reading time\" \/>\n\t<meta name=\"twitter:data1\" content=\"1 minute\" \/>\n<script type=\"application\/ld+json\" class=\"yoast-schema-graph\">{\"@context\":\"https:\/\/schema.org\",\"@graph\":[{\"@type\":\"WebPage\",\"@id\":\"https:\/\/www.stephaniecesaire.com\/en\/boutique\/bags\/neosellier-en\/neosellier-cuir-de-veau-sellier-bronze\/\",\"url\":\"https:\/\/www.stephaniecesaire.com\/en\/boutique\/bags\/neosellier-en\/neosellier-cuir-de-veau-sellier-bronze\/\",\"name\":\"Sac Neosellier - Full grain saddle calf - Bronze - C\u00e9saire Paris - Fabriqu\u00c3\u00a9 en France\",\"isPartOf\":{\"@id\":\"https:\/\/www.stephaniecesaire.com\/en\/#website\"},\"primaryImageOfPage\":{\"@id\":\"https:\/\/www.stephaniecesaire.com\/en\/boutique\/bags\/neosellier-en\/neosellier-cuir-de-veau-sellier-bronze\/#primaryimage\"},\"image\":{\"@id\":\"https:\/\/www.stephaniecesaire.com\/en\/boutique\/bags\/neosellier-en\/neosellier-cuir-de-veau-sellier-bronze\/#primaryimage\"},\"thumbnailUrl\":\"https:\/\/www.stephaniecesaire.com\/wp-content\/uploads\/2023\/09\/Neosellier_RAGBronzeFaceBIS-jpg.webp\",\"datePublished\":\"2019-04-18T09:55:58+00:00\",\"dateModified\":\"2024-06-19T16:43:07+00:00\",\"description\":\"Inspir\u00c3\u00a9 des valeurs de la Sellerie traditionnelle, le Neosellier exprime le raffinement fran\u00c3\u00a7ais. Soulign\u00c3\u00a9 de piq\u00c3\u00bbres, ses anses et son ceintur\u00c3\u00a9 r\u00c3\u00a9v\u00c3\u00a8lent des courbes f\u00c3\u00a9minines et sophistiqu\u00c3\u00a9es. Port\u00c3\u00a9 \u00c3\u00a9paule il \u00c3\u00a9pouse votre silhouette avec style.\",\"breadcrumb\":{\"@id\":\"https:\/\/www.stephaniecesaire.com\/en\/boutique\/bags\/neosellier-en\/neosellier-cuir-de-veau-sellier-bronze\/#breadcrumb\"},\"inLanguage\":\"en-US\",\"potentialAction\":[{\"@type\":\"ReadAction\",\"target\":[\"https:\/\/www.stephaniecesaire.com\/en\/boutique\/bags\/neosellier-en\/neosellier-cuir-de-veau-sellier-bronze\/\"]}]},{\"@type\":\"ImageObject\",\"inLanguage\":\"en-US\",\"@id\":\"https:\/\/www.stephaniecesaire.com\/en\/boutique\/bags\/neosellier-en\/neosellier-cuir-de-veau-sellier-bronze\/#primaryimage\",\"url\":\"https:\/\/www.stephaniecesaire.com\/wp-content\/uploads\/2023\/09\/Neosellier_RAGBronzeFaceBIS-jpg.webp\",\"contentUrl\":\"https:\/\/www.stephaniecesaire.com\/wp-content\/uploads\/2023\/09\/Neosellier_RAGBronzeFaceBIS-jpg.webp\",\"width\":630,\"height\":945},{\"@type\":\"BreadcrumbList\",\"@id\":\"https:\/\/www.stephaniecesaire.com\/en\/boutique\/bags\/neosellier-en\/neosellier-cuir-de-veau-sellier-bronze\/#breadcrumb\",\"itemListElement\":[{\"@type\":\"ListItem\",\"position\":1,\"name\":\"Accueil\",\"item\":\"https:\/\/www.stephaniecesaire.com\/en\/\"},{\"@type\":\"ListItem\",\"position\":2,\"name\":\"Shop\",\"item\":\"https:\/\/www.stephaniecesaire.com\/en\/shop\/\"},{\"@type\":\"ListItem\",\"position\":3,\"name\":\"Neosellier &#8211; Full grain saddle calf &#8211; Bronze\"}]},{\"@type\":\"WebSite\",\"@id\":\"https:\/\/www.stephaniecesaire.com\/en\/#website\",\"url\":\"https:\/\/www.stephaniecesaire.com\/en\/\",\"name\":\"St\u00e9phanie C\u00e9saire\",\"description\":\"Sac cr\u00e9ateur made in France - Maroquinerie de luxe\",\"publisher\":{\"@id\":\"https:\/\/www.stephaniecesaire.com\/en\/#organization\"},\"potentialAction\":[{\"@type\":\"SearchAction\",\"target\":{\"@type\":\"EntryPoint\",\"urlTemplate\":\"https:\/\/www.stephaniecesaire.com\/en\/?s={search_term_string}\"},\"query-input\":\"required name=search_term_string\"}],\"inLanguage\":\"en-US\"},{\"@type\":\"Organization\",\"@id\":\"https:\/\/www.stephaniecesaire.com\/en\/#organization\",\"name\":\"St\u00e9phanie C\u00e9saire\",\"url\":\"https:\/\/www.stephaniecesaire.com\/en\/\",\"logo\":{\"@type\":\"ImageObject\",\"inLanguage\":\"en-US\",\"@id\":\"https:\/\/www.stephaniecesaire.com\/en\/#\/schema\/logo\/image\/\",\"url\":\"https:\/\/www.stephaniecesaire.com\/wp-content\/uploads\/2023\/10\/favicon.png\",\"contentUrl\":\"https:\/\/www.stephaniecesaire.com\/wp-content\/uploads\/2023\/10\/favicon.png\",\"width\":512,\"height\":512,\"caption\":\"St\u00e9phanie C\u00e9saire\"},\"image\":{\"@id\":\"https:\/\/www.stephaniecesaire.com\/en\/#\/schema\/logo\/image\/\"},\"sameAs\":[\"https:\/\/www.facebook.com\/cesaireparis\/\",\"https:\/\/www.pinterest.fr\/cesaireparis\/\",\"https:\/\/www.instagram.com\/cesaireparis.official\/\"]}]}<\/script>\n<!-- \/ Yoast SEO plugin. -->","yoast_head_json":{"title":"Sac Neosellier - Full grain saddle calf - Bronze - C\u00e9saire Paris - Fabriqu\u00c3\u00a9 en France","description":"Inspir\u00c3\u00a9 des valeurs de la Sellerie traditionnelle, le Neosellier exprime le raffinement fran\u00c3\u00a7ais. Soulign\u00c3\u00a9 de piq\u00c3\u00bbres, ses anses et son ceintur\u00c3\u00a9 r\u00c3\u00a9v\u00c3\u00a8lent des courbes f\u00c3\u00a9minines et sophistiqu\u00c3\u00a9es. Port\u00c3\u00a9 \u00c3\u00a9paule il \u00c3\u00a9pouse votre silhouette avec style.","robots":{"index":"index","follow":"follow","max-snippet":"max-snippet:-1","max-image-preview":"max-image-preview:large","max-video-preview":"max-video-preview:-1"},"canonical":"https:\/\/www.stephaniecesaire.com\/en\/boutique\/bags\/neosellier-en\/neosellier-cuir-de-veau-sellier-bronze\/","og_locale":"en_US","og_type":"article","og_title":"Sac Neosellier - Full grain saddle calf - Bronze - C\u00e9saire Paris - Fabriqu\u00c3\u00a9 en France","og_description":"Inspir\u00c3\u00a9 des valeurs de la Sellerie traditionnelle, le Neosellier exprime le raffinement fran\u00c3\u00a7ais. Soulign\u00c3\u00a9 de piq\u00c3\u00bbres, ses anses et son ceintur\u00c3\u00a9 r\u00c3\u00a9v\u00c3\u00a8lent des courbes f\u00c3\u00a9minines et sophistiqu\u00c3\u00a9es. Port\u00c3\u00a9 \u00c3\u00a9paule il \u00c3\u00a9pouse votre silhouette avec style.","og_url":"https:\/\/www.stephaniecesaire.com\/en\/boutique\/bags\/neosellier-en\/neosellier-cuir-de-veau-sellier-bronze\/","og_site_name":"C\u00e9saire","article_publisher":"https:\/\/www.facebook.com\/cesaireparis\/","article_modified_time":"2024-06-19T16:43:07+00:00","og_image":[{"width":630,"height":945,"url":"https:\/\/www.stephaniecesaire.com\/wp-content\/uploads\/2023\/09\/Neosellier_RAGBronzeFaceBIS-jpg.webp","type":"image\/jpeg"}],"twitter_card":"summary_large_image","twitter_misc":{"Est. reading time":"1 minute"},"schema":{"@context":"https:\/\/schema.org","@graph":[{"@type":"WebPage","@id":"https:\/\/www.stephaniecesaire.com\/en\/boutique\/bags\/neosellier-en\/neosellier-cuir-de-veau-sellier-bronze\/","url":"https:\/\/www.stephaniecesaire.com\/en\/boutique\/bags\/neosellier-en\/neosellier-cuir-de-veau-sellier-bronze\/","name":"Sac Neosellier - Full grain saddle calf - Bronze - C\u00e9saire Paris - Fabriqu\u00c3\u00a9 en France","isPartOf":{"@id":"https:\/\/www.stephaniecesaire.com\/en\/#website"},"primaryImageOfPage":{"@id":"https:\/\/www.stephaniecesaire.com\/en\/boutique\/bags\/neosellier-en\/neosellier-cuir-de-veau-sellier-bronze\/#primaryimage"},"image":{"@id":"https:\/\/www.stephaniecesaire.com\/en\/boutique\/bags\/neosellier-en\/neosellier-cuir-de-veau-sellier-bronze\/#primaryimage"},"thumbnailUrl":"https:\/\/www.stephaniecesaire.com\/wp-content\/uploads\/2023\/09\/Neosellier_RAGBronzeFaceBIS-jpg.webp","datePublished":"2019-04-18T09:55:58+00:00","dateModified":"2024-06-19T16:43:07+00:00","description":"Inspir\u00c3\u00a9 des valeurs de la Sellerie traditionnelle, le Neosellier exprime le raffinement fran\u00c3\u00a7ais. Soulign\u00c3\u00a9 de piq\u00c3\u00bbres, ses anses et son ceintur\u00c3\u00a9 r\u00c3\u00a9v\u00c3\u00a8lent des courbes f\u00c3\u00a9minines et sophistiqu\u00c3\u00a9es. Port\u00c3\u00a9 \u00c3\u00a9paule il \u00c3\u00a9pouse votre silhouette avec style.","breadcrumb":{"@id":"https:\/\/www.stephaniecesaire.com\/en\/boutique\/bags\/neosellier-en\/neosellier-cuir-de-veau-sellier-bronze\/#breadcrumb"},"inLanguage":"en-US","potentialAction":[{"@type":"ReadAction","target":["https:\/\/www.stephaniecesaire.com\/en\/boutique\/bags\/neosellier-en\/neosellier-cuir-de-veau-sellier-bronze\/"]}]},{"@type":"ImageObject","inLanguage":"en-US","@id":"https:\/\/www.stephaniecesaire.com\/en\/boutique\/bags\/neosellier-en\/neosellier-cuir-de-veau-sellier-bronze\/#primaryimage","url":"https:\/\/www.stephaniecesaire.com\/wp-content\/uploads\/2023\/09\/Neosellier_RAGBronzeFaceBIS-jpg.webp","contentUrl":"https:\/\/www.stephaniecesaire.com\/wp-content\/uploads\/2023\/09\/Neosellier_RAGBronzeFaceBIS-jpg.webp","width":630,"height":945},{"@type":"BreadcrumbList","@id":"https:\/\/www.stephaniecesaire.com\/en\/boutique\/bags\/neosellier-en\/neosellier-cuir-de-veau-sellier-bronze\/#breadcrumb","itemListElement":[{"@type":"ListItem","position":1,"name":"Accueil","item":"https:\/\/www.stephaniecesaire.com\/en\/"},{"@type":"ListItem","position":2,"name":"Shop","item":"https:\/\/www.stephaniecesaire.com\/en\/shop\/"},{"@type":"ListItem","position":3,"name":"Neosellier &#8211; Full grain saddle calf &#8211; Bronze"}]},{"@type":"WebSite","@id":"https:\/\/www.stephaniecesaire.com\/en\/#website","url":"https:\/\/www.stephaniecesaire.com\/en\/","name":"St\u00e9phanie C\u00e9saire","description":"Sac cr\u00e9ateur made in France - Maroquinerie de luxe","publisher":{"@id":"https:\/\/www.stephaniecesaire.com\/en\/#organization"},"potentialAction":[{"@type":"SearchAction","target":{"@type":"EntryPoint","urlTemplate":"https:\/\/www.stephaniecesaire.com\/en\/?s={search_term_string}"},"query-input":"required name=search_term_string"}],"inLanguage":"en-US"},{"@type":"Organization","@id":"https:\/\/www.stephaniecesaire.com\/en\/#organization","name":"St\u00e9phanie C\u00e9saire","url":"https:\/\/www.stephaniecesaire.com\/en\/","logo":{"@type":"ImageObject","inLanguage":"en-US","@id":"https:\/\/www.stephaniecesaire.com\/en\/#\/schema\/logo\/image\/","url":"https:\/\/www.stephaniecesaire.com\/wp-content\/uploads\/2023\/10\/favicon.png","contentUrl":"https:\/\/www.stephaniecesaire.com\/wp-content\/uploads\/2023\/10\/favicon.png","width":512,"height":512,"caption":"St\u00e9phanie C\u00e9saire"},"image":{"@id":"https:\/\/www.stephaniecesaire.com\/en\/#\/schema\/logo\/image\/"},"sameAs":["https:\/\/www.facebook.com\/cesaireparis\/","https:\/\/www.pinterest.fr\/cesaireparis\/","https:\/\/www.instagram.com\/cesaireparis.official\/"]}]}},"_links":{"self":[{"href":"https:\/\/www.stephaniecesaire.com\/en\/wp-json\/wp\/v2\/product\/30336","targetHints":{"allow":["GET"]}}],"collection":[{"href":"https:\/\/www.stephaniecesaire.com\/en\/wp-json\/wp\/v2\/product"}],"about":[{"href":"https:\/\/www.stephaniecesaire.com\/en\/wp-json\/wp\/v2\/types\/product"}],"wp:featuredmedia":[{"embeddable":true,"href":"https:\/\/www.stephaniecesaire.com\/en\/wp-json\/wp\/v2\/media\/12365"}],"wp:attachment":[{"href":"https:\/\/www.stephaniecesaire.com\/en\/wp-json\/wp\/v2\/media?parent=30336"}],"wp:term":[{"taxonomy":"product_cat","embeddable":true,"href":"https:\/\/www.stephaniecesaire.com\/en\/wp-json\/wp\/v2\/product_cat?post=30336"},{"taxonomy":"product_tag","embeddable":true,"href":"https:\/\/www.stephaniecesaire.com\/en\/wp-json\/wp\/v2\/product_tag?post=30336"}],"curies":[{"name":"wp","href":"https:\/\/api.w.org\/{rel}","templated":true}]}}