{"id":30355,"date":"2018-10-12T17:54:34","date_gmt":"2018-10-12T15:54:34","guid":{"rendered":"https:\/\/stephaniecesaire.com\/boutique\/uncategorized\/titi-cuir-de-veau-irise-gingembre\/"},"modified":"2024-02-20T19:10:09","modified_gmt":"2024-02-20T18:10:09","slug":"titi-cuir-de-veau-irise-gingembre","status":"publish","type":"product","link":"https:\/\/www.stephaniecesaire.com\/en\/boutique\/bags\/titi-en\/titi-cuir-de-veau-irise-gingembre\/","title":{"rendered":"TITI &#8211; Iridescent calfskin Ginger"},"content":{"rendered":"<p>Without lining, with a special pouch made from 100% cotton, Titi is accessorized with a hook made from horn and a chain section tied together with a belt. Made in France.<\/p>\n","protected":false},"excerpt":{"rendered":"<p>Simply cut, with a round shape, made from finest leather, this simple handbag follows the elemental codes of the House. Casual and elegant, Titi marries the silhouette naturally.<\/p>\n","protected":false},"featured_media":20885,"template":"","meta":[],"product_cat":[613],"product_tag":[670],"class_list":{"0":"post-30355","1":"product","2":"type-product","3":"status-publish","4":"has-post-thumbnail","6":"product_cat-titi-en","7":"product_tag-iconic","8":"product_shipping_class-classe-de-livraison-1","9":"pa_porte-shoulder-bags","10":"pa_volume-medium-bags","11":"pa_volume-sacs-souples-en","13":"first","14":"outofstock","15":"sold-individually","16":"taxable","17":"shipping-taxable","18":"purchasable","19":"product-type-simple"},"yoast_head":"<!-- This site is optimized with the Yoast SEO plugin v23.1 - https:\/\/yoast.com\/wordpress\/plugins\/seo\/ -->\n<title>Sac Cr\u00c3\u00a9ateur cabas Titi - C\u00e9saire - Maroquinerie Made in France<\/title>\n<meta name=\"description\" content=\"Le sac cabas Titi avec un volume tout en rondeurs, coup\u00c3\u00a9 franc, ce sac simple et \u00c3\u00a9vident joue des codes essentiels de la Maison. Casual et \u00c3\u00a9l\u00c3\u00a9gant, le Titi \u00c3\u00a9pouse la silhouette avec simplicit\u00c3\u00a9. Sac made in France.\" \/>\n<meta name=\"robots\" content=\"index, follow, max-snippet:-1, max-image-preview:large, max-video-preview:-1\" \/>\n<link rel=\"canonical\" href=\"https:\/\/www.stephaniecesaire.com\/en\/boutique\/bags\/titi-en\/titi-cuir-de-veau-irise-gingembre\/\" \/>\n<meta property=\"og:locale\" content=\"en_US\" \/>\n<meta property=\"og:type\" content=\"article\" \/>\n<meta property=\"og:title\" content=\"Sac Cr\u00c3\u00a9ateur cabas Titi - C\u00e9saire - Maroquinerie Made in France\" \/>\n<meta property=\"og:description\" content=\"Le sac cabas Titi avec un volume tout en rondeurs, coup\u00c3\u00a9 franc, ce sac simple et \u00c3\u00a9vident joue des codes essentiels de la Maison. Casual et \u00c3\u00a9l\u00c3\u00a9gant, le Titi \u00c3\u00a9pouse la silhouette avec simplicit\u00c3\u00a9. Sac made in France.\" \/>\n<meta property=\"og:url\" content=\"https:\/\/www.stephaniecesaire.com\/en\/boutique\/bags\/titi-en\/titi-cuir-de-veau-irise-gingembre\/\" \/>\n<meta property=\"og:site_name\" content=\"C\u00e9saire\" \/>\n<meta property=\"article:publisher\" content=\"https:\/\/www.facebook.com\/cesaireparis\/\" \/>\n<meta property=\"article:modified_time\" content=\"2024-02-20T18:10:09+00:00\" \/>\n<meta property=\"og:image\" content=\"https:\/\/www.stephaniecesaire.com\/wp-content\/uploads\/2023\/09\/TITIVEIGingembreFace-jpg.webp\" \/>\n\t<meta property=\"og:image:width\" content=\"630\" \/>\n\t<meta property=\"og:image:height\" content=\"945\" \/>\n\t<meta property=\"og:image:type\" content=\"image\/jpeg\" \/>\n<meta name=\"twitter:card\" content=\"summary_large_image\" \/>\n<meta name=\"twitter:label1\" content=\"Est. reading time\" \/>\n\t<meta name=\"twitter:data1\" content=\"1 minute\" \/>\n<script type=\"application\/ld+json\" class=\"yoast-schema-graph\">{\"@context\":\"https:\/\/schema.org\",\"@graph\":[{\"@type\":\"WebPage\",\"@id\":\"https:\/\/www.stephaniecesaire.com\/en\/boutique\/bags\/titi-en\/titi-cuir-de-veau-irise-gingembre\/\",\"url\":\"https:\/\/www.stephaniecesaire.com\/en\/boutique\/bags\/titi-en\/titi-cuir-de-veau-irise-gingembre\/\",\"name\":\"Sac Cr\u00c3\u00a9ateur cabas Titi - C\u00e9saire - Maroquinerie Made in France\",\"isPartOf\":{\"@id\":\"https:\/\/www.stephaniecesaire.com\/en\/#website\"},\"primaryImageOfPage\":{\"@id\":\"https:\/\/www.stephaniecesaire.com\/en\/boutique\/bags\/titi-en\/titi-cuir-de-veau-irise-gingembre\/#primaryimage\"},\"image\":{\"@id\":\"https:\/\/www.stephaniecesaire.com\/en\/boutique\/bags\/titi-en\/titi-cuir-de-veau-irise-gingembre\/#primaryimage\"},\"thumbnailUrl\":\"https:\/\/www.stephaniecesaire.com\/wp-content\/uploads\/2023\/09\/TITIVEIGingembreFace-jpg.webp\",\"datePublished\":\"2018-10-12T15:54:34+00:00\",\"dateModified\":\"2024-02-20T18:10:09+00:00\",\"description\":\"Le sac cabas Titi avec un volume tout en rondeurs, coup\u00c3\u00a9 franc, ce sac simple et \u00c3\u00a9vident joue des codes essentiels de la Maison. Casual et \u00c3\u00a9l\u00c3\u00a9gant, le Titi \u00c3\u00a9pouse la silhouette avec simplicit\u00c3\u00a9. Sac made in France.\",\"breadcrumb\":{\"@id\":\"https:\/\/www.stephaniecesaire.com\/en\/boutique\/bags\/titi-en\/titi-cuir-de-veau-irise-gingembre\/#breadcrumb\"},\"inLanguage\":\"en-US\",\"potentialAction\":[{\"@type\":\"ReadAction\",\"target\":[\"https:\/\/www.stephaniecesaire.com\/en\/boutique\/bags\/titi-en\/titi-cuir-de-veau-irise-gingembre\/\"]}]},{\"@type\":\"ImageObject\",\"inLanguage\":\"en-US\",\"@id\":\"https:\/\/www.stephaniecesaire.com\/en\/boutique\/bags\/titi-en\/titi-cuir-de-veau-irise-gingembre\/#primaryimage\",\"url\":\"https:\/\/www.stephaniecesaire.com\/wp-content\/uploads\/2023\/09\/TITIVEIGingembreFace-jpg.webp\",\"contentUrl\":\"https:\/\/www.stephaniecesaire.com\/wp-content\/uploads\/2023\/09\/TITIVEIGingembreFace-jpg.webp\",\"width\":630,\"height\":945},{\"@type\":\"BreadcrumbList\",\"@id\":\"https:\/\/www.stephaniecesaire.com\/en\/boutique\/bags\/titi-en\/titi-cuir-de-veau-irise-gingembre\/#breadcrumb\",\"itemListElement\":[{\"@type\":\"ListItem\",\"position\":1,\"name\":\"Accueil\",\"item\":\"https:\/\/www.stephaniecesaire.com\/en\/\"},{\"@type\":\"ListItem\",\"position\":2,\"name\":\"Shop\",\"item\":\"https:\/\/www.stephaniecesaire.com\/en\/shop\/\"},{\"@type\":\"ListItem\",\"position\":3,\"name\":\"TITI &#8211; Iridescent calfskin Ginger\"}]},{\"@type\":\"WebSite\",\"@id\":\"https:\/\/www.stephaniecesaire.com\/en\/#website\",\"url\":\"https:\/\/www.stephaniecesaire.com\/en\/\",\"name\":\"St\u00e9phanie C\u00e9saire\",\"description\":\"Sac cr\u00e9ateur made in France - Maroquinerie de luxe\",\"publisher\":{\"@id\":\"https:\/\/www.stephaniecesaire.com\/en\/#organization\"},\"potentialAction\":[{\"@type\":\"SearchAction\",\"target\":{\"@type\":\"EntryPoint\",\"urlTemplate\":\"https:\/\/www.stephaniecesaire.com\/en\/?s={search_term_string}\"},\"query-input\":\"required name=search_term_string\"}],\"inLanguage\":\"en-US\"},{\"@type\":\"Organization\",\"@id\":\"https:\/\/www.stephaniecesaire.com\/en\/#organization\",\"name\":\"St\u00e9phanie C\u00e9saire\",\"url\":\"https:\/\/www.stephaniecesaire.com\/en\/\",\"logo\":{\"@type\":\"ImageObject\",\"inLanguage\":\"en-US\",\"@id\":\"https:\/\/www.stephaniecesaire.com\/en\/#\/schema\/logo\/image\/\",\"url\":\"https:\/\/www.stephaniecesaire.com\/wp-content\/uploads\/2023\/10\/favicon.png\",\"contentUrl\":\"https:\/\/www.stephaniecesaire.com\/wp-content\/uploads\/2023\/10\/favicon.png\",\"width\":512,\"height\":512,\"caption\":\"St\u00e9phanie C\u00e9saire\"},\"image\":{\"@id\":\"https:\/\/www.stephaniecesaire.com\/en\/#\/schema\/logo\/image\/\"},\"sameAs\":[\"https:\/\/www.facebook.com\/cesaireparis\/\",\"https:\/\/www.pinterest.fr\/cesaireparis\/\",\"https:\/\/www.instagram.com\/cesaireparis.official\/\"]}]}<\/script>\n<!-- \/ Yoast SEO plugin. -->","yoast_head_json":{"title":"Sac Cr\u00c3\u00a9ateur cabas Titi - C\u00e9saire - Maroquinerie Made in France","description":"Le sac cabas Titi avec un volume tout en rondeurs, coup\u00c3\u00a9 franc, ce sac simple et \u00c3\u00a9vident joue des codes essentiels de la Maison. Casual et \u00c3\u00a9l\u00c3\u00a9gant, le Titi \u00c3\u00a9pouse la silhouette avec simplicit\u00c3\u00a9. Sac made in France.","robots":{"index":"index","follow":"follow","max-snippet":"max-snippet:-1","max-image-preview":"max-image-preview:large","max-video-preview":"max-video-preview:-1"},"canonical":"https:\/\/www.stephaniecesaire.com\/en\/boutique\/bags\/titi-en\/titi-cuir-de-veau-irise-gingembre\/","og_locale":"en_US","og_type":"article","og_title":"Sac Cr\u00c3\u00a9ateur cabas Titi - C\u00e9saire - Maroquinerie Made in France","og_description":"Le sac cabas Titi avec un volume tout en rondeurs, coup\u00c3\u00a9 franc, ce sac simple et \u00c3\u00a9vident joue des codes essentiels de la Maison. Casual et \u00c3\u00a9l\u00c3\u00a9gant, le Titi \u00c3\u00a9pouse la silhouette avec simplicit\u00c3\u00a9. Sac made in France.","og_url":"https:\/\/www.stephaniecesaire.com\/en\/boutique\/bags\/titi-en\/titi-cuir-de-veau-irise-gingembre\/","og_site_name":"C\u00e9saire","article_publisher":"https:\/\/www.facebook.com\/cesaireparis\/","article_modified_time":"2024-02-20T18:10:09+00:00","og_image":[{"width":630,"height":945,"url":"https:\/\/www.stephaniecesaire.com\/wp-content\/uploads\/2023\/09\/TITIVEIGingembreFace-jpg.webp","type":"image\/jpeg"}],"twitter_card":"summary_large_image","twitter_misc":{"Est. reading time":"1 minute"},"schema":{"@context":"https:\/\/schema.org","@graph":[{"@type":"WebPage","@id":"https:\/\/www.stephaniecesaire.com\/en\/boutique\/bags\/titi-en\/titi-cuir-de-veau-irise-gingembre\/","url":"https:\/\/www.stephaniecesaire.com\/en\/boutique\/bags\/titi-en\/titi-cuir-de-veau-irise-gingembre\/","name":"Sac Cr\u00c3\u00a9ateur cabas Titi - C\u00e9saire - Maroquinerie Made in France","isPartOf":{"@id":"https:\/\/www.stephaniecesaire.com\/en\/#website"},"primaryImageOfPage":{"@id":"https:\/\/www.stephaniecesaire.com\/en\/boutique\/bags\/titi-en\/titi-cuir-de-veau-irise-gingembre\/#primaryimage"},"image":{"@id":"https:\/\/www.stephaniecesaire.com\/en\/boutique\/bags\/titi-en\/titi-cuir-de-veau-irise-gingembre\/#primaryimage"},"thumbnailUrl":"https:\/\/www.stephaniecesaire.com\/wp-content\/uploads\/2023\/09\/TITIVEIGingembreFace-jpg.webp","datePublished":"2018-10-12T15:54:34+00:00","dateModified":"2024-02-20T18:10:09+00:00","description":"Le sac cabas Titi avec un volume tout en rondeurs, coup\u00c3\u00a9 franc, ce sac simple et \u00c3\u00a9vident joue des codes essentiels de la Maison. Casual et \u00c3\u00a9l\u00c3\u00a9gant, le Titi \u00c3\u00a9pouse la silhouette avec simplicit\u00c3\u00a9. Sac made in France.","breadcrumb":{"@id":"https:\/\/www.stephaniecesaire.com\/en\/boutique\/bags\/titi-en\/titi-cuir-de-veau-irise-gingembre\/#breadcrumb"},"inLanguage":"en-US","potentialAction":[{"@type":"ReadAction","target":["https:\/\/www.stephaniecesaire.com\/en\/boutique\/bags\/titi-en\/titi-cuir-de-veau-irise-gingembre\/"]}]},{"@type":"ImageObject","inLanguage":"en-US","@id":"https:\/\/www.stephaniecesaire.com\/en\/boutique\/bags\/titi-en\/titi-cuir-de-veau-irise-gingembre\/#primaryimage","url":"https:\/\/www.stephaniecesaire.com\/wp-content\/uploads\/2023\/09\/TITIVEIGingembreFace-jpg.webp","contentUrl":"https:\/\/www.stephaniecesaire.com\/wp-content\/uploads\/2023\/09\/TITIVEIGingembreFace-jpg.webp","width":630,"height":945},{"@type":"BreadcrumbList","@id":"https:\/\/www.stephaniecesaire.com\/en\/boutique\/bags\/titi-en\/titi-cuir-de-veau-irise-gingembre\/#breadcrumb","itemListElement":[{"@type":"ListItem","position":1,"name":"Accueil","item":"https:\/\/www.stephaniecesaire.com\/en\/"},{"@type":"ListItem","position":2,"name":"Shop","item":"https:\/\/www.stephaniecesaire.com\/en\/shop\/"},{"@type":"ListItem","position":3,"name":"TITI &#8211; Iridescent calfskin Ginger"}]},{"@type":"WebSite","@id":"https:\/\/www.stephaniecesaire.com\/en\/#website","url":"https:\/\/www.stephaniecesaire.com\/en\/","name":"St\u00e9phanie C\u00e9saire","description":"Sac cr\u00e9ateur made in France - Maroquinerie de luxe","publisher":{"@id":"https:\/\/www.stephaniecesaire.com\/en\/#organization"},"potentialAction":[{"@type":"SearchAction","target":{"@type":"EntryPoint","urlTemplate":"https:\/\/www.stephaniecesaire.com\/en\/?s={search_term_string}"},"query-input":"required name=search_term_string"}],"inLanguage":"en-US"},{"@type":"Organization","@id":"https:\/\/www.stephaniecesaire.com\/en\/#organization","name":"St\u00e9phanie C\u00e9saire","url":"https:\/\/www.stephaniecesaire.com\/en\/","logo":{"@type":"ImageObject","inLanguage":"en-US","@id":"https:\/\/www.stephaniecesaire.com\/en\/#\/schema\/logo\/image\/","url":"https:\/\/www.stephaniecesaire.com\/wp-content\/uploads\/2023\/10\/favicon.png","contentUrl":"https:\/\/www.stephaniecesaire.com\/wp-content\/uploads\/2023\/10\/favicon.png","width":512,"height":512,"caption":"St\u00e9phanie C\u00e9saire"},"image":{"@id":"https:\/\/www.stephaniecesaire.com\/en\/#\/schema\/logo\/image\/"},"sameAs":["https:\/\/www.facebook.com\/cesaireparis\/","https:\/\/www.pinterest.fr\/cesaireparis\/","https:\/\/www.instagram.com\/cesaireparis.official\/"]}]}},"_links":{"self":[{"href":"https:\/\/www.stephaniecesaire.com\/en\/wp-json\/wp\/v2\/product\/30355","targetHints":{"allow":["GET"]}}],"collection":[{"href":"https:\/\/www.stephaniecesaire.com\/en\/wp-json\/wp\/v2\/product"}],"about":[{"href":"https:\/\/www.stephaniecesaire.com\/en\/wp-json\/wp\/v2\/types\/product"}],"wp:featuredmedia":[{"embeddable":true,"href":"https:\/\/www.stephaniecesaire.com\/en\/wp-json\/wp\/v2\/media\/20885"}],"wp:attachment":[{"href":"https:\/\/www.stephaniecesaire.com\/en\/wp-json\/wp\/v2\/media?parent=30355"}],"wp:term":[{"taxonomy":"product_cat","embeddable":true,"href":"https:\/\/www.stephaniecesaire.com\/en\/wp-json\/wp\/v2\/product_cat?post=30355"},{"taxonomy":"product_tag","embeddable":true,"href":"https:\/\/www.stephaniecesaire.com\/en\/wp-json\/wp\/v2\/product_tag?post=30355"}],"curies":[{"name":"wp","href":"https:\/\/api.w.org\/{rel}","templated":true}]}}