{"id":34282,"date":"2024-05-11T18:23:19","date_gmt":"2024-05-11T16:23:19","guid":{"rendered":"https:\/\/stephaniecesaire.com\/?post_type=product&#038;p=34282"},"modified":"2024-06-19T17:26:14","modified_gmt":"2024-06-19T15:26:14","slug":"neokarl-nubuck-calfskin-khaki","status":"publish","type":"product","link":"https:\/\/www.stephaniecesaire.com\/en\/boutique\/bags\/neokarl-en\/neokarl-nubuck-calfskin-khaki\/","title":{"rendered":"Neokarl \u2013 Nubuck calfskin &#8211; Khaki"},"content":{"rendered":"<p>The Neokarl Bag is a medium-sized, soft bag crafted from a patchwork of supple leather. It fastens with a wide leather flap secured by a metal button. Its shoulder strap is generous, allowing for a shoulder carry. It is lined with taupe cotton twill and features an interior zip pocket and a mobile phone pocket. Made in France through artisanal craftsmanship.\u201d<\/p>\n","protected":false},"excerpt":{"rendered":"<p>A blend of avant-garde and nostalgia defines this supple trapeze bag, which exudes genuine modernity. It features a fluid leather volume defined by straight and curved lines that form an ever-evolving architectural patchwork. Its front, with rounded corners, is adorned simply with a leather flap and a metal button for closure, while its generous shoulder strap gives the ensemble a decidedly free and contemporary look.<\/p>\n","protected":false},"featured_media":34271,"template":"","meta":[],"product_cat":[1566],"product_tag":[],"class_list":{"0":"post-34282","1":"product","2":"type-product","3":"status-publish","4":"has-post-thumbnail","6":"product_cat-neokarl-en","7":"product_shipping_class-classe-de-livraison-3","8":"pa_porte-shoulder-bags","9":"pa_volume-large-bags","11":"first","12":"outofstock","13":"taxable","14":"shipping-taxable","15":"purchasable","16":"product-type-simple"},"yoast_head":"<!-- This site is optimized with the Yoast SEO plugin v23.1 - https:\/\/yoast.com\/wordpress\/plugins\/seo\/ -->\n<title>Cabas Bag Neokarl \u2013 Nubuck calfskin - Khaki - C\u00e9saire - Handmade in France<\/title>\n<meta name=\"description\" content=\"A blend of avant-garde and nostalgia defines this supple trapeze cabas bag, which exudes genuine modernity. It features a fluid leather volume defined by straight and curved lines that form an ever-evolving architectural patchwork.\" \/>\n<meta name=\"robots\" content=\"index, follow, max-snippet:-1, max-image-preview:large, max-video-preview:-1\" \/>\n<link rel=\"canonical\" href=\"https:\/\/www.stephaniecesaire.com\/en\/boutique\/bags\/neokarl-en\/neokarl-nubuck-calfskin-khaki\/\" \/>\n<meta property=\"og:locale\" content=\"en_US\" \/>\n<meta property=\"og:type\" content=\"article\" \/>\n<meta property=\"og:title\" content=\"Cabas Bag Neokarl \u2013 Nubuck calfskin - Khaki - C\u00e9saire - Handmade in France\" \/>\n<meta property=\"og:description\" content=\"A blend of avant-garde and nostalgia defines this supple trapeze cabas bag, which exudes genuine modernity. It features a fluid leather volume defined by straight and curved lines that form an ever-evolving architectural patchwork.\" \/>\n<meta property=\"og:url\" content=\"https:\/\/www.stephaniecesaire.com\/en\/boutique\/bags\/neokarl-en\/neokarl-nubuck-calfskin-khaki\/\" \/>\n<meta property=\"og:site_name\" content=\"C\u00e9saire\" \/>\n<meta property=\"article:publisher\" content=\"https:\/\/www.facebook.com\/cesaireparis\/\" \/>\n<meta property=\"article:modified_time\" content=\"2024-06-19T15:26:14+00:00\" \/>\n<meta property=\"og:image\" content=\"https:\/\/www.stephaniecesaire.com\/wp-content\/uploads\/2024\/05\/NeokarlNUGKakiFace-jpg.webp\" \/>\n\t<meta property=\"og:image:width\" content=\"630\" \/>\n\t<meta property=\"og:image:height\" content=\"945\" \/>\n\t<meta property=\"og:image:type\" content=\"image\/jpeg\" \/>\n<meta name=\"twitter:card\" content=\"summary_large_image\" \/>\n<meta name=\"twitter:label1\" content=\"Est. reading time\" \/>\n\t<meta name=\"twitter:data1\" content=\"1 minute\" \/>\n<script type=\"application\/ld+json\" class=\"yoast-schema-graph\">{\"@context\":\"https:\/\/schema.org\",\"@graph\":[{\"@type\":\"WebPage\",\"@id\":\"https:\/\/www.stephaniecesaire.com\/en\/boutique\/bags\/neokarl-en\/neokarl-nubuck-calfskin-khaki\/\",\"url\":\"https:\/\/www.stephaniecesaire.com\/en\/boutique\/bags\/neokarl-en\/neokarl-nubuck-calfskin-khaki\/\",\"name\":\"Cabas Bag Neokarl \u2013 Nubuck calfskin - Khaki - C\u00e9saire - Handmade in France\",\"isPartOf\":{\"@id\":\"https:\/\/www.stephaniecesaire.com\/en\/#website\"},\"primaryImageOfPage\":{\"@id\":\"https:\/\/www.stephaniecesaire.com\/en\/boutique\/bags\/neokarl-en\/neokarl-nubuck-calfskin-khaki\/#primaryimage\"},\"image\":{\"@id\":\"https:\/\/www.stephaniecesaire.com\/en\/boutique\/bags\/neokarl-en\/neokarl-nubuck-calfskin-khaki\/#primaryimage\"},\"thumbnailUrl\":\"https:\/\/www.stephaniecesaire.com\/wp-content\/uploads\/2024\/05\/NeokarlNUGKakiFace-jpg.webp\",\"datePublished\":\"2024-05-11T16:23:19+00:00\",\"dateModified\":\"2024-06-19T15:26:14+00:00\",\"description\":\"A blend of avant-garde and nostalgia defines this supple trapeze cabas bag, which exudes genuine modernity. It features a fluid leather volume defined by straight and curved lines that form an ever-evolving architectural patchwork.\",\"breadcrumb\":{\"@id\":\"https:\/\/www.stephaniecesaire.com\/en\/boutique\/bags\/neokarl-en\/neokarl-nubuck-calfskin-khaki\/#breadcrumb\"},\"inLanguage\":\"en-US\",\"potentialAction\":[{\"@type\":\"ReadAction\",\"target\":[\"https:\/\/www.stephaniecesaire.com\/en\/boutique\/bags\/neokarl-en\/neokarl-nubuck-calfskin-khaki\/\"]}]},{\"@type\":\"ImageObject\",\"inLanguage\":\"en-US\",\"@id\":\"https:\/\/www.stephaniecesaire.com\/en\/boutique\/bags\/neokarl-en\/neokarl-nubuck-calfskin-khaki\/#primaryimage\",\"url\":\"https:\/\/www.stephaniecesaire.com\/wp-content\/uploads\/2024\/05\/NeokarlNUGKakiFace-jpg.webp\",\"contentUrl\":\"https:\/\/www.stephaniecesaire.com\/wp-content\/uploads\/2024\/05\/NeokarlNUGKakiFace-jpg.webp\",\"width\":630,\"height\":945,\"caption\":\"Cabas Bag Neokarl C\u00e9saire Paris Made in France\"},{\"@type\":\"BreadcrumbList\",\"@id\":\"https:\/\/www.stephaniecesaire.com\/en\/boutique\/bags\/neokarl-en\/neokarl-nubuck-calfskin-khaki\/#breadcrumb\",\"itemListElement\":[{\"@type\":\"ListItem\",\"position\":1,\"name\":\"Accueil\",\"item\":\"https:\/\/www.stephaniecesaire.com\/en\/\"},{\"@type\":\"ListItem\",\"position\":2,\"name\":\"Shop\",\"item\":\"https:\/\/www.stephaniecesaire.com\/en\/shop\/\"},{\"@type\":\"ListItem\",\"position\":3,\"name\":\"Neokarl \u2013 Nubuck calfskin &#8211; Khaki\"}]},{\"@type\":\"WebSite\",\"@id\":\"https:\/\/www.stephaniecesaire.com\/en\/#website\",\"url\":\"https:\/\/www.stephaniecesaire.com\/en\/\",\"name\":\"St\u00e9phanie C\u00e9saire\",\"description\":\"Sac cr\u00e9ateur made in France - Maroquinerie de luxe\",\"publisher\":{\"@id\":\"https:\/\/www.stephaniecesaire.com\/en\/#organization\"},\"potentialAction\":[{\"@type\":\"SearchAction\",\"target\":{\"@type\":\"EntryPoint\",\"urlTemplate\":\"https:\/\/www.stephaniecesaire.com\/en\/?s={search_term_string}\"},\"query-input\":\"required name=search_term_string\"}],\"inLanguage\":\"en-US\"},{\"@type\":\"Organization\",\"@id\":\"https:\/\/www.stephaniecesaire.com\/en\/#organization\",\"name\":\"St\u00e9phanie C\u00e9saire\",\"url\":\"https:\/\/www.stephaniecesaire.com\/en\/\",\"logo\":{\"@type\":\"ImageObject\",\"inLanguage\":\"en-US\",\"@id\":\"https:\/\/www.stephaniecesaire.com\/en\/#\/schema\/logo\/image\/\",\"url\":\"https:\/\/www.stephaniecesaire.com\/wp-content\/uploads\/2023\/10\/favicon.png\",\"contentUrl\":\"https:\/\/www.stephaniecesaire.com\/wp-content\/uploads\/2023\/10\/favicon.png\",\"width\":512,\"height\":512,\"caption\":\"St\u00e9phanie C\u00e9saire\"},\"image\":{\"@id\":\"https:\/\/www.stephaniecesaire.com\/en\/#\/schema\/logo\/image\/\"},\"sameAs\":[\"https:\/\/www.facebook.com\/cesaireparis\/\",\"https:\/\/www.pinterest.fr\/cesaireparis\/\",\"https:\/\/www.instagram.com\/cesaireparis.official\/\"]}]}<\/script>\n<!-- \/ Yoast SEO plugin. -->","yoast_head_json":{"title":"Cabas Bag Neokarl \u2013 Nubuck calfskin - Khaki - C\u00e9saire - Handmade in France","description":"A blend of avant-garde and nostalgia defines this supple trapeze cabas bag, which exudes genuine modernity. It features a fluid leather volume defined by straight and curved lines that form an ever-evolving architectural patchwork.","robots":{"index":"index","follow":"follow","max-snippet":"max-snippet:-1","max-image-preview":"max-image-preview:large","max-video-preview":"max-video-preview:-1"},"canonical":"https:\/\/www.stephaniecesaire.com\/en\/boutique\/bags\/neokarl-en\/neokarl-nubuck-calfskin-khaki\/","og_locale":"en_US","og_type":"article","og_title":"Cabas Bag Neokarl \u2013 Nubuck calfskin - Khaki - C\u00e9saire - Handmade in France","og_description":"A blend of avant-garde and nostalgia defines this supple trapeze cabas bag, which exudes genuine modernity. It features a fluid leather volume defined by straight and curved lines that form an ever-evolving architectural patchwork.","og_url":"https:\/\/www.stephaniecesaire.com\/en\/boutique\/bags\/neokarl-en\/neokarl-nubuck-calfskin-khaki\/","og_site_name":"C\u00e9saire","article_publisher":"https:\/\/www.facebook.com\/cesaireparis\/","article_modified_time":"2024-06-19T15:26:14+00:00","og_image":[{"width":630,"height":945,"url":"https:\/\/www.stephaniecesaire.com\/wp-content\/uploads\/2024\/05\/NeokarlNUGKakiFace-jpg.webp","type":"image\/jpeg"}],"twitter_card":"summary_large_image","twitter_misc":{"Est. reading time":"1 minute"},"schema":{"@context":"https:\/\/schema.org","@graph":[{"@type":"WebPage","@id":"https:\/\/www.stephaniecesaire.com\/en\/boutique\/bags\/neokarl-en\/neokarl-nubuck-calfskin-khaki\/","url":"https:\/\/www.stephaniecesaire.com\/en\/boutique\/bags\/neokarl-en\/neokarl-nubuck-calfskin-khaki\/","name":"Cabas Bag Neokarl \u2013 Nubuck calfskin - Khaki - C\u00e9saire - Handmade in France","isPartOf":{"@id":"https:\/\/www.stephaniecesaire.com\/en\/#website"},"primaryImageOfPage":{"@id":"https:\/\/www.stephaniecesaire.com\/en\/boutique\/bags\/neokarl-en\/neokarl-nubuck-calfskin-khaki\/#primaryimage"},"image":{"@id":"https:\/\/www.stephaniecesaire.com\/en\/boutique\/bags\/neokarl-en\/neokarl-nubuck-calfskin-khaki\/#primaryimage"},"thumbnailUrl":"https:\/\/www.stephaniecesaire.com\/wp-content\/uploads\/2024\/05\/NeokarlNUGKakiFace-jpg.webp","datePublished":"2024-05-11T16:23:19+00:00","dateModified":"2024-06-19T15:26:14+00:00","description":"A blend of avant-garde and nostalgia defines this supple trapeze cabas bag, which exudes genuine modernity. It features a fluid leather volume defined by straight and curved lines that form an ever-evolving architectural patchwork.","breadcrumb":{"@id":"https:\/\/www.stephaniecesaire.com\/en\/boutique\/bags\/neokarl-en\/neokarl-nubuck-calfskin-khaki\/#breadcrumb"},"inLanguage":"en-US","potentialAction":[{"@type":"ReadAction","target":["https:\/\/www.stephaniecesaire.com\/en\/boutique\/bags\/neokarl-en\/neokarl-nubuck-calfskin-khaki\/"]}]},{"@type":"ImageObject","inLanguage":"en-US","@id":"https:\/\/www.stephaniecesaire.com\/en\/boutique\/bags\/neokarl-en\/neokarl-nubuck-calfskin-khaki\/#primaryimage","url":"https:\/\/www.stephaniecesaire.com\/wp-content\/uploads\/2024\/05\/NeokarlNUGKakiFace-jpg.webp","contentUrl":"https:\/\/www.stephaniecesaire.com\/wp-content\/uploads\/2024\/05\/NeokarlNUGKakiFace-jpg.webp","width":630,"height":945,"caption":"Cabas Bag Neokarl C\u00e9saire Paris Made in France"},{"@type":"BreadcrumbList","@id":"https:\/\/www.stephaniecesaire.com\/en\/boutique\/bags\/neokarl-en\/neokarl-nubuck-calfskin-khaki\/#breadcrumb","itemListElement":[{"@type":"ListItem","position":1,"name":"Accueil","item":"https:\/\/www.stephaniecesaire.com\/en\/"},{"@type":"ListItem","position":2,"name":"Shop","item":"https:\/\/www.stephaniecesaire.com\/en\/shop\/"},{"@type":"ListItem","position":3,"name":"Neokarl \u2013 Nubuck calfskin &#8211; Khaki"}]},{"@type":"WebSite","@id":"https:\/\/www.stephaniecesaire.com\/en\/#website","url":"https:\/\/www.stephaniecesaire.com\/en\/","name":"St\u00e9phanie C\u00e9saire","description":"Sac cr\u00e9ateur made in France - Maroquinerie de luxe","publisher":{"@id":"https:\/\/www.stephaniecesaire.com\/en\/#organization"},"potentialAction":[{"@type":"SearchAction","target":{"@type":"EntryPoint","urlTemplate":"https:\/\/www.stephaniecesaire.com\/en\/?s={search_term_string}"},"query-input":"required name=search_term_string"}],"inLanguage":"en-US"},{"@type":"Organization","@id":"https:\/\/www.stephaniecesaire.com\/en\/#organization","name":"St\u00e9phanie C\u00e9saire","url":"https:\/\/www.stephaniecesaire.com\/en\/","logo":{"@type":"ImageObject","inLanguage":"en-US","@id":"https:\/\/www.stephaniecesaire.com\/en\/#\/schema\/logo\/image\/","url":"https:\/\/www.stephaniecesaire.com\/wp-content\/uploads\/2023\/10\/favicon.png","contentUrl":"https:\/\/www.stephaniecesaire.com\/wp-content\/uploads\/2023\/10\/favicon.png","width":512,"height":512,"caption":"St\u00e9phanie C\u00e9saire"},"image":{"@id":"https:\/\/www.stephaniecesaire.com\/en\/#\/schema\/logo\/image\/"},"sameAs":["https:\/\/www.facebook.com\/cesaireparis\/","https:\/\/www.pinterest.fr\/cesaireparis\/","https:\/\/www.instagram.com\/cesaireparis.official\/"]}]}},"_links":{"self":[{"href":"https:\/\/www.stephaniecesaire.com\/en\/wp-json\/wp\/v2\/product\/34282","targetHints":{"allow":["GET"]}}],"collection":[{"href":"https:\/\/www.stephaniecesaire.com\/en\/wp-json\/wp\/v2\/product"}],"about":[{"href":"https:\/\/www.stephaniecesaire.com\/en\/wp-json\/wp\/v2\/types\/product"}],"wp:featuredmedia":[{"embeddable":true,"href":"https:\/\/www.stephaniecesaire.com\/en\/wp-json\/wp\/v2\/media\/34271"}],"wp:attachment":[{"href":"https:\/\/www.stephaniecesaire.com\/en\/wp-json\/wp\/v2\/media?parent=34282"}],"wp:term":[{"taxonomy":"product_cat","embeddable":true,"href":"https:\/\/www.stephaniecesaire.com\/en\/wp-json\/wp\/v2\/product_cat?post=34282"},{"taxonomy":"product_tag","embeddable":true,"href":"https:\/\/www.stephaniecesaire.com\/en\/wp-json\/wp\/v2\/product_tag?post=34282"}],"curies":[{"name":"wp","href":"https:\/\/api.w.org\/{rel}","templated":true}]}}