{"id":34722,"date":"2024-05-27T18:25:58","date_gmt":"2024-05-27T16:25:58","guid":{"rendered":"https:\/\/stephaniecesaire.com\/?post_type=product&#038;p=34722"},"modified":"2024-06-20T14:41:55","modified_gmt":"2024-06-20T12:41:55","slug":"flora-saddle-calf-handbag-anthracite-copie-2","status":"publish","type":"product","link":"https:\/\/www.stephaniecesaire.com\/en\/boutique\/bags\/flora-en\/flora-saddle-calf-handbag-anthracite-copie-2\/","title":{"rendered":"Flora &#8211; Nubuck calf &#8211; Maduro"},"content":{"rendered":"<p>The Flora pouch is worn on the shoulder thanks to its handle attached by two curved metal studs. It has an invisible magnetic snap closure, is lined in cotton twill and has an inside zipped pocket. Made in France.<\/p>\n","protected":false},"excerpt":{"rendered":"<p>A sober elegance is evoked by this flat triangular pouch with its pared-down graphics, edged by a simple piping.<\/p>\n<p>It is worn on the shoulder thanks to its saddle-stitched strap attached on each side by a curved metal stud.<\/p>\n","protected":false},"featured_media":34711,"template":"","meta":[],"product_cat":[602],"product_tag":[1524,670,672],"class_list":{"0":"post-34722","1":"product","2":"type-product","3":"status-publish","4":"has-post-thumbnail","6":"product_cat-flora-en","7":"product_tag-backorder","8":"product_tag-iconic","9":"product_tag-new-products","10":"product_shipping_class-classe-de-livraison-3","11":"pa_porte-shoulder-bags","12":"pa_volume-medium-bags","14":"first","15":"onbackorder","16":"sold-individually","17":"taxable","18":"shipping-taxable","19":"purchasable","20":"product-type-simple"},"yoast_head":"<!-- This site is optimized with the Yoast SEO plugin v23.1 - https:\/\/yoast.com\/wordpress\/plugins\/seo\/ -->\n<title>Flora pouch bag - C\u00e9saire Paris - French luxury leather goods<\/title>\n<meta name=\"description\" content=\"A sober elegance is evoked by this flat triangular pouch with its pared-down graphics, edged by a simple piping.\" \/>\n<meta name=\"robots\" content=\"index, follow, max-snippet:-1, max-image-preview:large, max-video-preview:-1\" \/>\n<link rel=\"canonical\" href=\"https:\/\/www.stephaniecesaire.com\/en\/boutique\/bags\/flora-en\/flora-saddle-calf-handbag-anthracite-copie-2\/\" \/>\n<meta property=\"og:locale\" content=\"en_US\" \/>\n<meta property=\"og:type\" content=\"article\" \/>\n<meta property=\"og:title\" content=\"Flora pouch bag - C\u00e9saire Paris - French luxury leather goods\" \/>\n<meta property=\"og:description\" content=\"A sober elegance is evoked by this flat triangular pouch with its pared-down graphics, edged by a simple piping.\" \/>\n<meta property=\"og:url\" content=\"https:\/\/www.stephaniecesaire.com\/en\/boutique\/bags\/flora-en\/flora-saddle-calf-handbag-anthracite-copie-2\/\" \/>\n<meta property=\"og:site_name\" content=\"C\u00e9saire\" \/>\n<meta property=\"article:publisher\" content=\"https:\/\/www.facebook.com\/cesaireparis\/\" \/>\n<meta property=\"article:modified_time\" content=\"2024-06-20T12:41:55+00:00\" \/>\n<meta property=\"og:image\" content=\"https:\/\/www.stephaniecesaire.com\/wp-content\/uploads\/2024\/05\/FloraNUGMaduroFace-jpg.webp\" \/>\n\t<meta property=\"og:image:width\" content=\"630\" \/>\n\t<meta property=\"og:image:height\" content=\"945\" \/>\n\t<meta property=\"og:image:type\" content=\"image\/jpeg\" \/>\n<meta name=\"twitter:card\" content=\"summary_large_image\" \/>\n<meta name=\"twitter:label1\" content=\"Est. reading time\" \/>\n\t<meta name=\"twitter:data1\" content=\"1 minute\" \/>\n<script type=\"application\/ld+json\" class=\"yoast-schema-graph\">{\"@context\":\"https:\/\/schema.org\",\"@graph\":[{\"@type\":\"WebPage\",\"@id\":\"https:\/\/www.stephaniecesaire.com\/en\/boutique\/bags\/flora-en\/flora-saddle-calf-handbag-anthracite-copie-2\/\",\"url\":\"https:\/\/www.stephaniecesaire.com\/en\/boutique\/bags\/flora-en\/flora-saddle-calf-handbag-anthracite-copie-2\/\",\"name\":\"Flora pouch bag - C\u00e9saire Paris - French luxury leather goods\",\"isPartOf\":{\"@id\":\"https:\/\/www.stephaniecesaire.com\/en\/#website\"},\"primaryImageOfPage\":{\"@id\":\"https:\/\/www.stephaniecesaire.com\/en\/boutique\/bags\/flora-en\/flora-saddle-calf-handbag-anthracite-copie-2\/#primaryimage\"},\"image\":{\"@id\":\"https:\/\/www.stephaniecesaire.com\/en\/boutique\/bags\/flora-en\/flora-saddle-calf-handbag-anthracite-copie-2\/#primaryimage\"},\"thumbnailUrl\":\"https:\/\/www.stephaniecesaire.com\/wp-content\/uploads\/2024\/05\/FloraNUGMaduroFace-jpg.webp\",\"datePublished\":\"2024-05-27T16:25:58+00:00\",\"dateModified\":\"2024-06-20T12:41:55+00:00\",\"description\":\"A sober elegance is evoked by this flat triangular pouch with its pared-down graphics, edged by a simple piping.\",\"breadcrumb\":{\"@id\":\"https:\/\/www.stephaniecesaire.com\/en\/boutique\/bags\/flora-en\/flora-saddle-calf-handbag-anthracite-copie-2\/#breadcrumb\"},\"inLanguage\":\"en-US\",\"potentialAction\":[{\"@type\":\"ReadAction\",\"target\":[\"https:\/\/www.stephaniecesaire.com\/en\/boutique\/bags\/flora-en\/flora-saddle-calf-handbag-anthracite-copie-2\/\"]}]},{\"@type\":\"ImageObject\",\"inLanguage\":\"en-US\",\"@id\":\"https:\/\/www.stephaniecesaire.com\/en\/boutique\/bags\/flora-en\/flora-saddle-calf-handbag-anthracite-copie-2\/#primaryimage\",\"url\":\"https:\/\/www.stephaniecesaire.com\/wp-content\/uploads\/2024\/05\/FloraNUGMaduroFace-jpg.webp\",\"contentUrl\":\"https:\/\/www.stephaniecesaire.com\/wp-content\/uploads\/2024\/05\/FloraNUGMaduroFace-jpg.webp\",\"width\":630,\"height\":945,\"caption\":\"Flora pouch bag - C\u00e9saire Paris - French luxury leather goods\"},{\"@type\":\"BreadcrumbList\",\"@id\":\"https:\/\/www.stephaniecesaire.com\/en\/boutique\/bags\/flora-en\/flora-saddle-calf-handbag-anthracite-copie-2\/#breadcrumb\",\"itemListElement\":[{\"@type\":\"ListItem\",\"position\":1,\"name\":\"Accueil\",\"item\":\"https:\/\/www.stephaniecesaire.com\/en\/\"},{\"@type\":\"ListItem\",\"position\":2,\"name\":\"Shop\",\"item\":\"https:\/\/www.stephaniecesaire.com\/en\/shop\/\"},{\"@type\":\"ListItem\",\"position\":3,\"name\":\"Flora &#8211; Nubuck calf &#8211; Maduro\"}]},{\"@type\":\"WebSite\",\"@id\":\"https:\/\/www.stephaniecesaire.com\/en\/#website\",\"url\":\"https:\/\/www.stephaniecesaire.com\/en\/\",\"name\":\"St\u00e9phanie C\u00e9saire\",\"description\":\"Sac cr\u00e9ateur made in France - Maroquinerie de luxe\",\"publisher\":{\"@id\":\"https:\/\/www.stephaniecesaire.com\/en\/#organization\"},\"potentialAction\":[{\"@type\":\"SearchAction\",\"target\":{\"@type\":\"EntryPoint\",\"urlTemplate\":\"https:\/\/www.stephaniecesaire.com\/en\/?s={search_term_string}\"},\"query-input\":\"required name=search_term_string\"}],\"inLanguage\":\"en-US\"},{\"@type\":\"Organization\",\"@id\":\"https:\/\/www.stephaniecesaire.com\/en\/#organization\",\"name\":\"St\u00e9phanie C\u00e9saire\",\"url\":\"https:\/\/www.stephaniecesaire.com\/en\/\",\"logo\":{\"@type\":\"ImageObject\",\"inLanguage\":\"en-US\",\"@id\":\"https:\/\/www.stephaniecesaire.com\/en\/#\/schema\/logo\/image\/\",\"url\":\"https:\/\/www.stephaniecesaire.com\/wp-content\/uploads\/2023\/10\/favicon.png\",\"contentUrl\":\"https:\/\/www.stephaniecesaire.com\/wp-content\/uploads\/2023\/10\/favicon.png\",\"width\":512,\"height\":512,\"caption\":\"St\u00e9phanie C\u00e9saire\"},\"image\":{\"@id\":\"https:\/\/www.stephaniecesaire.com\/en\/#\/schema\/logo\/image\/\"},\"sameAs\":[\"https:\/\/www.facebook.com\/cesaireparis\/\",\"https:\/\/www.pinterest.fr\/cesaireparis\/\",\"https:\/\/www.instagram.com\/cesaireparis.official\/\"]}]}<\/script>\n<!-- \/ Yoast SEO plugin. -->","yoast_head_json":{"title":"Flora pouch bag - C\u00e9saire Paris - French luxury leather goods","description":"A sober elegance is evoked by this flat triangular pouch with its pared-down graphics, edged by a simple piping.","robots":{"index":"index","follow":"follow","max-snippet":"max-snippet:-1","max-image-preview":"max-image-preview:large","max-video-preview":"max-video-preview:-1"},"canonical":"https:\/\/www.stephaniecesaire.com\/en\/boutique\/bags\/flora-en\/flora-saddle-calf-handbag-anthracite-copie-2\/","og_locale":"en_US","og_type":"article","og_title":"Flora pouch bag - C\u00e9saire Paris - French luxury leather goods","og_description":"A sober elegance is evoked by this flat triangular pouch with its pared-down graphics, edged by a simple piping.","og_url":"https:\/\/www.stephaniecesaire.com\/en\/boutique\/bags\/flora-en\/flora-saddle-calf-handbag-anthracite-copie-2\/","og_site_name":"C\u00e9saire","article_publisher":"https:\/\/www.facebook.com\/cesaireparis\/","article_modified_time":"2024-06-20T12:41:55+00:00","og_image":[{"width":630,"height":945,"url":"https:\/\/www.stephaniecesaire.com\/wp-content\/uploads\/2024\/05\/FloraNUGMaduroFace-jpg.webp","type":"image\/jpeg"}],"twitter_card":"summary_large_image","twitter_misc":{"Est. reading time":"1 minute"},"schema":{"@context":"https:\/\/schema.org","@graph":[{"@type":"WebPage","@id":"https:\/\/www.stephaniecesaire.com\/en\/boutique\/bags\/flora-en\/flora-saddle-calf-handbag-anthracite-copie-2\/","url":"https:\/\/www.stephaniecesaire.com\/en\/boutique\/bags\/flora-en\/flora-saddle-calf-handbag-anthracite-copie-2\/","name":"Flora pouch bag - C\u00e9saire Paris - French luxury leather goods","isPartOf":{"@id":"https:\/\/www.stephaniecesaire.com\/en\/#website"},"primaryImageOfPage":{"@id":"https:\/\/www.stephaniecesaire.com\/en\/boutique\/bags\/flora-en\/flora-saddle-calf-handbag-anthracite-copie-2\/#primaryimage"},"image":{"@id":"https:\/\/www.stephaniecesaire.com\/en\/boutique\/bags\/flora-en\/flora-saddle-calf-handbag-anthracite-copie-2\/#primaryimage"},"thumbnailUrl":"https:\/\/www.stephaniecesaire.com\/wp-content\/uploads\/2024\/05\/FloraNUGMaduroFace-jpg.webp","datePublished":"2024-05-27T16:25:58+00:00","dateModified":"2024-06-20T12:41:55+00:00","description":"A sober elegance is evoked by this flat triangular pouch with its pared-down graphics, edged by a simple piping.","breadcrumb":{"@id":"https:\/\/www.stephaniecesaire.com\/en\/boutique\/bags\/flora-en\/flora-saddle-calf-handbag-anthracite-copie-2\/#breadcrumb"},"inLanguage":"en-US","potentialAction":[{"@type":"ReadAction","target":["https:\/\/www.stephaniecesaire.com\/en\/boutique\/bags\/flora-en\/flora-saddle-calf-handbag-anthracite-copie-2\/"]}]},{"@type":"ImageObject","inLanguage":"en-US","@id":"https:\/\/www.stephaniecesaire.com\/en\/boutique\/bags\/flora-en\/flora-saddle-calf-handbag-anthracite-copie-2\/#primaryimage","url":"https:\/\/www.stephaniecesaire.com\/wp-content\/uploads\/2024\/05\/FloraNUGMaduroFace-jpg.webp","contentUrl":"https:\/\/www.stephaniecesaire.com\/wp-content\/uploads\/2024\/05\/FloraNUGMaduroFace-jpg.webp","width":630,"height":945,"caption":"Flora pouch bag - C\u00e9saire Paris - French luxury leather goods"},{"@type":"BreadcrumbList","@id":"https:\/\/www.stephaniecesaire.com\/en\/boutique\/bags\/flora-en\/flora-saddle-calf-handbag-anthracite-copie-2\/#breadcrumb","itemListElement":[{"@type":"ListItem","position":1,"name":"Accueil","item":"https:\/\/www.stephaniecesaire.com\/en\/"},{"@type":"ListItem","position":2,"name":"Shop","item":"https:\/\/www.stephaniecesaire.com\/en\/shop\/"},{"@type":"ListItem","position":3,"name":"Flora &#8211; Nubuck calf &#8211; Maduro"}]},{"@type":"WebSite","@id":"https:\/\/www.stephaniecesaire.com\/en\/#website","url":"https:\/\/www.stephaniecesaire.com\/en\/","name":"St\u00e9phanie C\u00e9saire","description":"Sac cr\u00e9ateur made in France - Maroquinerie de luxe","publisher":{"@id":"https:\/\/www.stephaniecesaire.com\/en\/#organization"},"potentialAction":[{"@type":"SearchAction","target":{"@type":"EntryPoint","urlTemplate":"https:\/\/www.stephaniecesaire.com\/en\/?s={search_term_string}"},"query-input":"required name=search_term_string"}],"inLanguage":"en-US"},{"@type":"Organization","@id":"https:\/\/www.stephaniecesaire.com\/en\/#organization","name":"St\u00e9phanie C\u00e9saire","url":"https:\/\/www.stephaniecesaire.com\/en\/","logo":{"@type":"ImageObject","inLanguage":"en-US","@id":"https:\/\/www.stephaniecesaire.com\/en\/#\/schema\/logo\/image\/","url":"https:\/\/www.stephaniecesaire.com\/wp-content\/uploads\/2023\/10\/favicon.png","contentUrl":"https:\/\/www.stephaniecesaire.com\/wp-content\/uploads\/2023\/10\/favicon.png","width":512,"height":512,"caption":"St\u00e9phanie C\u00e9saire"},"image":{"@id":"https:\/\/www.stephaniecesaire.com\/en\/#\/schema\/logo\/image\/"},"sameAs":["https:\/\/www.facebook.com\/cesaireparis\/","https:\/\/www.pinterest.fr\/cesaireparis\/","https:\/\/www.instagram.com\/cesaireparis.official\/"]}]}},"_links":{"self":[{"href":"https:\/\/www.stephaniecesaire.com\/en\/wp-json\/wp\/v2\/product\/34722","targetHints":{"allow":["GET"]}}],"collection":[{"href":"https:\/\/www.stephaniecesaire.com\/en\/wp-json\/wp\/v2\/product"}],"about":[{"href":"https:\/\/www.stephaniecesaire.com\/en\/wp-json\/wp\/v2\/types\/product"}],"wp:featuredmedia":[{"embeddable":true,"href":"https:\/\/www.stephaniecesaire.com\/en\/wp-json\/wp\/v2\/media\/34711"}],"wp:attachment":[{"href":"https:\/\/www.stephaniecesaire.com\/en\/wp-json\/wp\/v2\/media?parent=34722"}],"wp:term":[{"taxonomy":"product_cat","embeddable":true,"href":"https:\/\/www.stephaniecesaire.com\/en\/wp-json\/wp\/v2\/product_cat?post=34722"},{"taxonomy":"product_tag","embeddable":true,"href":"https:\/\/www.stephaniecesaire.com\/en\/wp-json\/wp\/v2\/product_tag?post=34722"}],"curies":[{"name":"wp","href":"https:\/\/api.w.org\/{rel}","templated":true}]}}