{"id":34855,"date":"2024-06-08T18:27:18","date_gmt":"2024-06-08T16:27:18","guid":{"rendered":"https:\/\/stephaniecesaire.com\/boutique\/uncategorized\/kente-cuir-de-veau-sellier-et-tissage-kente-cumin\/"},"modified":"2024-06-08T18:36:50","modified_gmt":"2024-06-08T16:36:50","slug":"kente-cuir-de-veau-sellier-et-tissage-kente-cumin","status":"publish","type":"product","link":"https:\/\/www.stephaniecesaire.com\/en\/boutique\/bags\/kente-en\/kente-cuir-de-veau-sellier-et-tissage-kente-cumin\/","title":{"rendered":"Kente \u2013 Saddle calf leather and woven Kente cloth \u2013 Cumin"},"content":{"rendered":"<p>The mini KENTE bag can be worn across the shoulder thanks to its handwoven scarf made by Togolese craftsmen. It can be easily adjusted by a leather loop. Its unlined, paper-sized leather pouch with a square bottom closes with a magnetic snap. A result of the meeting between French and Togolese craftsmen, Kente is made in French saddle calf and is also manufactured in France..<\/p>\n","protected":false},"excerpt":{"rendered":"<p>Our mini Kente scarf bag is the fruit of a collaboration between <a href=\"https:\/\/www.kenteproject.com\/copie-de-home-1\" target=\"_blank\" rel=\"noopener\">Estelle Yomeda<\/a> and St\u00e9phanie C\u00e9saire. A cloth kente scarf with brightly colored motifs and figures wraps around a supple leather pouch with minimal finishings and seams.<\/p>\n<p>Kente cloth is a handcrafted weave with a royal tradition that is made by assembling woven bands that are produced on mini looms by nomadic Togolese craftsmen. Handicrafts, ancestral traditions and rarity are the key elements in this nomadic mini bag where the minimal leather pouch highlights the woven cloth with its colorful West African accents.<\/p>\n","protected":false},"featured_media":34851,"template":"","meta":[],"product_cat":[1629],"product_tag":[],"class_list":{"0":"post-34855","1":"product","2":"type-product","3":"status-publish","4":"has-post-thumbnail","6":"product_cat-kente-en","7":"product_shipping_class-classe-de-livraison-1","8":"pa_porte-crossbody-bags","9":"pa_porte-shoulder-bags","10":"pa_volume-small-bags","12":"first","13":"outofstock","14":"taxable","15":"shipping-taxable","16":"purchasable","17":"product-type-simple"},"yoast_head":"<!-- This site is optimized with the Yoast SEO plugin v23.1 - https:\/\/yoast.com\/wordpress\/plugins\/seo\/ -->\n<title>Mini Kente scarf bag - C\u00e9saire Paris - Leather goods designer<\/title>\n<meta name=\"description\" content=\"Our mini Kente scarf bag is the fruit of a collaboration between Estelle Yomeda and St\u00e9phanie C\u00e9saire. A cloth kente scarf with brightly colored motifs and figures wraps around a supple leather pouch with minimal finishings and seams.\" \/>\n<meta name=\"robots\" content=\"index, follow, max-snippet:-1, max-image-preview:large, max-video-preview:-1\" \/>\n<link rel=\"canonical\" href=\"https:\/\/www.stephaniecesaire.com\/en\/boutique\/bags\/kente-en\/kente-cuir-de-veau-sellier-et-tissage-kente-cumin\/\" \/>\n<meta property=\"og:locale\" content=\"en_US\" \/>\n<meta property=\"og:type\" content=\"article\" \/>\n<meta property=\"og:title\" content=\"Mini Kente scarf bag - C\u00e9saire Paris - Leather goods designer\" \/>\n<meta property=\"og:description\" content=\"Our mini Kente scarf bag is the fruit of a collaboration between Estelle Yomeda and St\u00e9phanie C\u00e9saire. A cloth kente scarf with brightly colored motifs and figures wraps around a supple leather pouch with minimal finishings and seams.\" \/>\n<meta property=\"og:url\" content=\"https:\/\/www.stephaniecesaire.com\/en\/boutique\/bags\/kente-en\/kente-cuir-de-veau-sellier-et-tissage-kente-cumin\/\" \/>\n<meta property=\"og:site_name\" content=\"C\u00e9saire\" \/>\n<meta property=\"article:publisher\" content=\"https:\/\/www.facebook.com\/cesaireparis\/\" \/>\n<meta property=\"article:modified_time\" content=\"2024-06-08T16:36:50+00:00\" \/>\n<meta property=\"og:image\" content=\"https:\/\/www.stephaniecesaire.com\/wp-content\/uploads\/2024\/06\/KenteVPOCuminProfil-jpg.webp\" \/>\n\t<meta property=\"og:image:width\" content=\"630\" \/>\n\t<meta property=\"og:image:height\" content=\"945\" \/>\n\t<meta property=\"og:image:type\" content=\"image\/jpeg\" \/>\n<meta name=\"twitter:card\" content=\"summary_large_image\" \/>\n<meta name=\"twitter:label1\" content=\"Est. reading time\" \/>\n\t<meta name=\"twitter:data1\" content=\"1 minute\" \/>\n<script type=\"application\/ld+json\" class=\"yoast-schema-graph\">{\"@context\":\"https:\/\/schema.org\",\"@graph\":[{\"@type\":\"WebPage\",\"@id\":\"https:\/\/www.stephaniecesaire.com\/en\/boutique\/bags\/kente-en\/kente-cuir-de-veau-sellier-et-tissage-kente-cumin\/\",\"url\":\"https:\/\/www.stephaniecesaire.com\/en\/boutique\/bags\/kente-en\/kente-cuir-de-veau-sellier-et-tissage-kente-cumin\/\",\"name\":\"Mini Kente scarf bag - C\u00e9saire Paris - Leather goods designer\",\"isPartOf\":{\"@id\":\"https:\/\/www.stephaniecesaire.com\/en\/#website\"},\"primaryImageOfPage\":{\"@id\":\"https:\/\/www.stephaniecesaire.com\/en\/boutique\/bags\/kente-en\/kente-cuir-de-veau-sellier-et-tissage-kente-cumin\/#primaryimage\"},\"image\":{\"@id\":\"https:\/\/www.stephaniecesaire.com\/en\/boutique\/bags\/kente-en\/kente-cuir-de-veau-sellier-et-tissage-kente-cumin\/#primaryimage\"},\"thumbnailUrl\":\"https:\/\/www.stephaniecesaire.com\/wp-content\/uploads\/2024\/06\/KenteVPOCuminProfil-jpg.webp\",\"datePublished\":\"2024-06-08T16:27:18+00:00\",\"dateModified\":\"2024-06-08T16:36:50+00:00\",\"description\":\"Our mini Kente scarf bag is the fruit of a collaboration between Estelle Yomeda and St\u00e9phanie C\u00e9saire. A cloth kente scarf with brightly colored motifs and figures wraps around a supple leather pouch with minimal finishings and seams.\",\"breadcrumb\":{\"@id\":\"https:\/\/www.stephaniecesaire.com\/en\/boutique\/bags\/kente-en\/kente-cuir-de-veau-sellier-et-tissage-kente-cumin\/#breadcrumb\"},\"inLanguage\":\"en-US\",\"potentialAction\":[{\"@type\":\"ReadAction\",\"target\":[\"https:\/\/www.stephaniecesaire.com\/en\/boutique\/bags\/kente-en\/kente-cuir-de-veau-sellier-et-tissage-kente-cumin\/\"]}]},{\"@type\":\"ImageObject\",\"inLanguage\":\"en-US\",\"@id\":\"https:\/\/www.stephaniecesaire.com\/en\/boutique\/bags\/kente-en\/kente-cuir-de-veau-sellier-et-tissage-kente-cumin\/#primaryimage\",\"url\":\"https:\/\/www.stephaniecesaire.com\/wp-content\/uploads\/2024\/06\/KenteVPOCuminProfil-jpg.webp\",\"contentUrl\":\"https:\/\/www.stephaniecesaire.com\/wp-content\/uploads\/2024\/06\/KenteVPOCuminProfil-jpg.webp\",\"width\":630,\"height\":945,\"caption\":\"Mini Kente scarf bag - C\u00e9saire Paris - Leather goods designer\"},{\"@type\":\"BreadcrumbList\",\"@id\":\"https:\/\/www.stephaniecesaire.com\/en\/boutique\/bags\/kente-en\/kente-cuir-de-veau-sellier-et-tissage-kente-cumin\/#breadcrumb\",\"itemListElement\":[{\"@type\":\"ListItem\",\"position\":1,\"name\":\"Accueil\",\"item\":\"https:\/\/www.stephaniecesaire.com\/en\/\"},{\"@type\":\"ListItem\",\"position\":2,\"name\":\"Shop\",\"item\":\"https:\/\/www.stephaniecesaire.com\/en\/shop\/\"},{\"@type\":\"ListItem\",\"position\":3,\"name\":\"Kente \u2013 Saddle calf leather and woven Kente cloth \u2013 Cumin\"}]},{\"@type\":\"WebSite\",\"@id\":\"https:\/\/www.stephaniecesaire.com\/en\/#website\",\"url\":\"https:\/\/www.stephaniecesaire.com\/en\/\",\"name\":\"St\u00e9phanie C\u00e9saire\",\"description\":\"Sac cr\u00e9ateur made in France - Maroquinerie de luxe\",\"publisher\":{\"@id\":\"https:\/\/www.stephaniecesaire.com\/en\/#organization\"},\"potentialAction\":[{\"@type\":\"SearchAction\",\"target\":{\"@type\":\"EntryPoint\",\"urlTemplate\":\"https:\/\/www.stephaniecesaire.com\/en\/?s={search_term_string}\"},\"query-input\":\"required name=search_term_string\"}],\"inLanguage\":\"en-US\"},{\"@type\":\"Organization\",\"@id\":\"https:\/\/www.stephaniecesaire.com\/en\/#organization\",\"name\":\"St\u00e9phanie C\u00e9saire\",\"url\":\"https:\/\/www.stephaniecesaire.com\/en\/\",\"logo\":{\"@type\":\"ImageObject\",\"inLanguage\":\"en-US\",\"@id\":\"https:\/\/www.stephaniecesaire.com\/en\/#\/schema\/logo\/image\/\",\"url\":\"https:\/\/www.stephaniecesaire.com\/wp-content\/uploads\/2023\/10\/favicon.png\",\"contentUrl\":\"https:\/\/www.stephaniecesaire.com\/wp-content\/uploads\/2023\/10\/favicon.png\",\"width\":512,\"height\":512,\"caption\":\"St\u00e9phanie C\u00e9saire\"},\"image\":{\"@id\":\"https:\/\/www.stephaniecesaire.com\/en\/#\/schema\/logo\/image\/\"},\"sameAs\":[\"https:\/\/www.facebook.com\/cesaireparis\/\",\"https:\/\/www.pinterest.fr\/cesaireparis\/\",\"https:\/\/www.instagram.com\/cesaireparis.official\/\"]}]}<\/script>\n<!-- \/ Yoast SEO plugin. -->","yoast_head_json":{"title":"Mini Kente scarf bag - C\u00e9saire Paris - Leather goods designer","description":"Our mini Kente scarf bag is the fruit of a collaboration between Estelle Yomeda and St\u00e9phanie C\u00e9saire. A cloth kente scarf with brightly colored motifs and figures wraps around a supple leather pouch with minimal finishings and seams.","robots":{"index":"index","follow":"follow","max-snippet":"max-snippet:-1","max-image-preview":"max-image-preview:large","max-video-preview":"max-video-preview:-1"},"canonical":"https:\/\/www.stephaniecesaire.com\/en\/boutique\/bags\/kente-en\/kente-cuir-de-veau-sellier-et-tissage-kente-cumin\/","og_locale":"en_US","og_type":"article","og_title":"Mini Kente scarf bag - C\u00e9saire Paris - Leather goods designer","og_description":"Our mini Kente scarf bag is the fruit of a collaboration between Estelle Yomeda and St\u00e9phanie C\u00e9saire. A cloth kente scarf with brightly colored motifs and figures wraps around a supple leather pouch with minimal finishings and seams.","og_url":"https:\/\/www.stephaniecesaire.com\/en\/boutique\/bags\/kente-en\/kente-cuir-de-veau-sellier-et-tissage-kente-cumin\/","og_site_name":"C\u00e9saire","article_publisher":"https:\/\/www.facebook.com\/cesaireparis\/","article_modified_time":"2024-06-08T16:36:50+00:00","og_image":[{"width":630,"height":945,"url":"https:\/\/www.stephaniecesaire.com\/wp-content\/uploads\/2024\/06\/KenteVPOCuminProfil-jpg.webp","type":"image\/jpeg"}],"twitter_card":"summary_large_image","twitter_misc":{"Est. reading time":"1 minute"},"schema":{"@context":"https:\/\/schema.org","@graph":[{"@type":"WebPage","@id":"https:\/\/www.stephaniecesaire.com\/en\/boutique\/bags\/kente-en\/kente-cuir-de-veau-sellier-et-tissage-kente-cumin\/","url":"https:\/\/www.stephaniecesaire.com\/en\/boutique\/bags\/kente-en\/kente-cuir-de-veau-sellier-et-tissage-kente-cumin\/","name":"Mini Kente scarf bag - C\u00e9saire Paris - Leather goods designer","isPartOf":{"@id":"https:\/\/www.stephaniecesaire.com\/en\/#website"},"primaryImageOfPage":{"@id":"https:\/\/www.stephaniecesaire.com\/en\/boutique\/bags\/kente-en\/kente-cuir-de-veau-sellier-et-tissage-kente-cumin\/#primaryimage"},"image":{"@id":"https:\/\/www.stephaniecesaire.com\/en\/boutique\/bags\/kente-en\/kente-cuir-de-veau-sellier-et-tissage-kente-cumin\/#primaryimage"},"thumbnailUrl":"https:\/\/www.stephaniecesaire.com\/wp-content\/uploads\/2024\/06\/KenteVPOCuminProfil-jpg.webp","datePublished":"2024-06-08T16:27:18+00:00","dateModified":"2024-06-08T16:36:50+00:00","description":"Our mini Kente scarf bag is the fruit of a collaboration between Estelle Yomeda and St\u00e9phanie C\u00e9saire. A cloth kente scarf with brightly colored motifs and figures wraps around a supple leather pouch with minimal finishings and seams.","breadcrumb":{"@id":"https:\/\/www.stephaniecesaire.com\/en\/boutique\/bags\/kente-en\/kente-cuir-de-veau-sellier-et-tissage-kente-cumin\/#breadcrumb"},"inLanguage":"en-US","potentialAction":[{"@type":"ReadAction","target":["https:\/\/www.stephaniecesaire.com\/en\/boutique\/bags\/kente-en\/kente-cuir-de-veau-sellier-et-tissage-kente-cumin\/"]}]},{"@type":"ImageObject","inLanguage":"en-US","@id":"https:\/\/www.stephaniecesaire.com\/en\/boutique\/bags\/kente-en\/kente-cuir-de-veau-sellier-et-tissage-kente-cumin\/#primaryimage","url":"https:\/\/www.stephaniecesaire.com\/wp-content\/uploads\/2024\/06\/KenteVPOCuminProfil-jpg.webp","contentUrl":"https:\/\/www.stephaniecesaire.com\/wp-content\/uploads\/2024\/06\/KenteVPOCuminProfil-jpg.webp","width":630,"height":945,"caption":"Mini Kente scarf bag - C\u00e9saire Paris - Leather goods designer"},{"@type":"BreadcrumbList","@id":"https:\/\/www.stephaniecesaire.com\/en\/boutique\/bags\/kente-en\/kente-cuir-de-veau-sellier-et-tissage-kente-cumin\/#breadcrumb","itemListElement":[{"@type":"ListItem","position":1,"name":"Accueil","item":"https:\/\/www.stephaniecesaire.com\/en\/"},{"@type":"ListItem","position":2,"name":"Shop","item":"https:\/\/www.stephaniecesaire.com\/en\/shop\/"},{"@type":"ListItem","position":3,"name":"Kente \u2013 Saddle calf leather and woven Kente cloth \u2013 Cumin"}]},{"@type":"WebSite","@id":"https:\/\/www.stephaniecesaire.com\/en\/#website","url":"https:\/\/www.stephaniecesaire.com\/en\/","name":"St\u00e9phanie C\u00e9saire","description":"Sac cr\u00e9ateur made in France - Maroquinerie de luxe","publisher":{"@id":"https:\/\/www.stephaniecesaire.com\/en\/#organization"},"potentialAction":[{"@type":"SearchAction","target":{"@type":"EntryPoint","urlTemplate":"https:\/\/www.stephaniecesaire.com\/en\/?s={search_term_string}"},"query-input":"required name=search_term_string"}],"inLanguage":"en-US"},{"@type":"Organization","@id":"https:\/\/www.stephaniecesaire.com\/en\/#organization","name":"St\u00e9phanie C\u00e9saire","url":"https:\/\/www.stephaniecesaire.com\/en\/","logo":{"@type":"ImageObject","inLanguage":"en-US","@id":"https:\/\/www.stephaniecesaire.com\/en\/#\/schema\/logo\/image\/","url":"https:\/\/www.stephaniecesaire.com\/wp-content\/uploads\/2023\/10\/favicon.png","contentUrl":"https:\/\/www.stephaniecesaire.com\/wp-content\/uploads\/2023\/10\/favicon.png","width":512,"height":512,"caption":"St\u00e9phanie C\u00e9saire"},"image":{"@id":"https:\/\/www.stephaniecesaire.com\/en\/#\/schema\/logo\/image\/"},"sameAs":["https:\/\/www.facebook.com\/cesaireparis\/","https:\/\/www.pinterest.fr\/cesaireparis\/","https:\/\/www.instagram.com\/cesaireparis.official\/"]}]}},"_links":{"self":[{"href":"https:\/\/www.stephaniecesaire.com\/en\/wp-json\/wp\/v2\/product\/34855","targetHints":{"allow":["GET"]}}],"collection":[{"href":"https:\/\/www.stephaniecesaire.com\/en\/wp-json\/wp\/v2\/product"}],"about":[{"href":"https:\/\/www.stephaniecesaire.com\/en\/wp-json\/wp\/v2\/types\/product"}],"wp:featuredmedia":[{"embeddable":true,"href":"https:\/\/www.stephaniecesaire.com\/en\/wp-json\/wp\/v2\/media\/34851"}],"wp:attachment":[{"href":"https:\/\/www.stephaniecesaire.com\/en\/wp-json\/wp\/v2\/media?parent=34855"}],"wp:term":[{"taxonomy":"product_cat","embeddable":true,"href":"https:\/\/www.stephaniecesaire.com\/en\/wp-json\/wp\/v2\/product_cat?post=34855"},{"taxonomy":"product_tag","embeddable":true,"href":"https:\/\/www.stephaniecesaire.com\/en\/wp-json\/wp\/v2\/product_tag?post=34855"}],"curies":[{"name":"wp","href":"https:\/\/api.w.org\/{rel}","templated":true}]}}