{"id":35413,"date":"2024-07-08T14:08:20","date_gmt":"2024-07-08T12:08:20","guid":{"rendered":"https:\/\/stephaniecesaire.com\/?post_type=product&#038;p=35413"},"modified":"2024-08-01T18:02:45","modified_gmt":"2024-08-01T16:02:45","slug":"sonia-creased-lambskin-kaki-copie-copie","status":"publish","type":"product","link":"https:\/\/www.stephaniecesaire.com\/en\/boutique\/bags\/sonia-en\/sonia-creased-lambskin-kaki-copie-copie\/","title":{"rendered":"Sonia &#8211; Iguana stamped lambskin &#8211; Terracotta"},"content":{"rendered":"<p>Worn on the wrist or held in the hand, Sonia&#8217;s supple leather handle created by a horn ring keeps the leather scarf folded. Each seam hides a zipped compartment. This soft double pouch is lined in cotton twill. Made in France.<\/p>\n","protected":false},"excerpt":{"rendered":"<p>The Sonia pouch, like an unexpected and supple leather scarf, is held in place by a large horn ring. It can be slipped on the wrist or held in the hand for a sensual, minimal, original silhouette.<\/p>\n<p><img loading=\"lazy\" decoding=\"async\" class=\"alignnone wp-image-35408\" src=\"https:\/\/stephaniecesaire.com\/wp-content\/uploads\/2024\/07\/SoniaAnneauxChoix-jpg.webp\" alt=\"Pochette design Sonia - C\u00e9saire Paris - Sac \u00e0 main cr\u00e9ateur fabriqu\u00e9 en France\" width=\"403\" height=\"78\" srcset=\"https:\/\/www.stephaniecesaire.com\/wp-content\/uploads\/2024\/07\/SoniaAnneauxChoix-jpg.webp 2400w, https:\/\/www.stephaniecesaire.com\/wp-content\/uploads\/2024\/07\/SoniaAnneauxChoix-300x58.webp 300w, https:\/\/www.stephaniecesaire.com\/wp-content\/uploads\/2024\/07\/SoniaAnneauxChoix-1024x199.webp 1024w, https:\/\/www.stephaniecesaire.com\/wp-content\/uploads\/2024\/07\/SoniaAnneauxChoix-768x149.webp 768w, https:\/\/www.stephaniecesaire.com\/wp-content\/uploads\/2024\/07\/SoniaAnneauxChoix-1536x298.webp 1536w, https:\/\/www.stephaniecesaire.com\/wp-content\/uploads\/2024\/07\/SoniaAnneauxChoix-2048x398.webp 2048w, https:\/\/www.stephaniecesaire.com\/wp-content\/uploads\/2024\/07\/SoniaAnneauxChoix-150x29.webp 150w, https:\/\/www.stephaniecesaire.com\/wp-content\/uploads\/2024\/07\/SoniaAnneauxChoix-450x87.webp 450w, https:\/\/www.stephaniecesaire.com\/wp-content\/uploads\/2024\/07\/SoniaAnneauxChoix-1000x194.webp 1000w\" sizes=\"auto, (max-width: 403px) 100vw, 403px\" \/><\/p>\n<p><em>Sonia is worn with a horn ring. You can replace it with a nickel metal ring or a light or dark wood ring (from our collaboration with Kente project), in this case please specify your choice when ordering.<\/em><\/p>\n","protected":false},"featured_media":35406,"template":"","meta":[],"product_cat":[616],"product_tag":[1524],"class_list":{"0":"post-35413","1":"product","2":"type-product","3":"status-publish","4":"has-post-thumbnail","6":"product_cat-sonia-en","7":"product_tag-backorder","8":"pa_volume-sacs-souples-en","9":"pa_volume-small-bags","11":"first","12":"outofstock","13":"sold-individually","14":"taxable","15":"shipping-taxable","16":"purchasable","17":"product-type-simple"},"yoast_head":"<!-- This site is optimized with the Yoast SEO plugin v23.1 - https:\/\/yoast.com\/wordpress\/plugins\/seo\/ -->\n<title>Designer clutch Sonia - Iguana stamped lambskin - Terracotta - C\u00e9saire<\/title>\n<meta name=\"description\" content=\"A designer and unusual clutch, a soft leather scarf held folded by a ring, Sonia slips around the wrist for an original silhouette with sensual minimalism.\" \/>\n<meta name=\"robots\" content=\"index, follow, max-snippet:-1, max-image-preview:large, max-video-preview:-1\" \/>\n<link rel=\"canonical\" href=\"https:\/\/www.stephaniecesaire.com\/en\/boutique\/bags\/sonia-en\/sonia-creased-lambskin-kaki-copie-copie\/\" \/>\n<meta property=\"og:locale\" content=\"en_US\" \/>\n<meta property=\"og:type\" content=\"article\" \/>\n<meta property=\"og:title\" content=\"Designer clutch Sonia - Iguana stamped lambskin - Terracotta - C\u00e9saire\" \/>\n<meta property=\"og:description\" content=\"A designer and unusual clutch, a soft leather scarf held folded by a ring, Sonia slips around the wrist for an original silhouette with sensual minimalism.\" \/>\n<meta property=\"og:url\" content=\"https:\/\/www.stephaniecesaire.com\/en\/boutique\/bags\/sonia-en\/sonia-creased-lambskin-kaki-copie-copie\/\" \/>\n<meta property=\"og:site_name\" content=\"C\u00e9saire\" \/>\n<meta property=\"article:publisher\" content=\"https:\/\/www.facebook.com\/cesaireparis\/\" \/>\n<meta property=\"article:modified_time\" content=\"2024-08-01T16:02:45+00:00\" \/>\n<meta property=\"og:image\" content=\"https:\/\/www.stephaniecesaire.com\/wp-content\/uploads\/2024\/07\/SoniaAGITerracottaProfil-jpg.webp\" \/>\n\t<meta property=\"og:image:width\" content=\"630\" \/>\n\t<meta property=\"og:image:height\" content=\"945\" \/>\n\t<meta property=\"og:image:type\" content=\"image\/jpeg\" \/>\n<meta name=\"twitter:card\" content=\"summary_large_image\" \/>\n<meta name=\"twitter:label1\" content=\"Est. reading time\" \/>\n\t<meta name=\"twitter:data1\" content=\"1 minute\" \/>\n<script type=\"application\/ld+json\" class=\"yoast-schema-graph\">{\"@context\":\"https:\/\/schema.org\",\"@graph\":[{\"@type\":\"WebPage\",\"@id\":\"https:\/\/www.stephaniecesaire.com\/en\/boutique\/bags\/sonia-en\/sonia-creased-lambskin-kaki-copie-copie\/\",\"url\":\"https:\/\/www.stephaniecesaire.com\/en\/boutique\/bags\/sonia-en\/sonia-creased-lambskin-kaki-copie-copie\/\",\"name\":\"Designer clutch Sonia - Iguana stamped lambskin - Terracotta - C\u00e9saire\",\"isPartOf\":{\"@id\":\"https:\/\/www.stephaniecesaire.com\/en\/#website\"},\"primaryImageOfPage\":{\"@id\":\"https:\/\/www.stephaniecesaire.com\/en\/boutique\/bags\/sonia-en\/sonia-creased-lambskin-kaki-copie-copie\/#primaryimage\"},\"image\":{\"@id\":\"https:\/\/www.stephaniecesaire.com\/en\/boutique\/bags\/sonia-en\/sonia-creased-lambskin-kaki-copie-copie\/#primaryimage\"},\"thumbnailUrl\":\"https:\/\/www.stephaniecesaire.com\/wp-content\/uploads\/2024\/07\/SoniaAGITerracottaProfil-jpg.webp\",\"datePublished\":\"2024-07-08T12:08:20+00:00\",\"dateModified\":\"2024-08-01T16:02:45+00:00\",\"description\":\"A designer and unusual clutch, a soft leather scarf held folded by a ring, Sonia slips around the wrist for an original silhouette with sensual minimalism.\",\"breadcrumb\":{\"@id\":\"https:\/\/www.stephaniecesaire.com\/en\/boutique\/bags\/sonia-en\/sonia-creased-lambskin-kaki-copie-copie\/#breadcrumb\"},\"inLanguage\":\"en-US\",\"potentialAction\":[{\"@type\":\"ReadAction\",\"target\":[\"https:\/\/www.stephaniecesaire.com\/en\/boutique\/bags\/sonia-en\/sonia-creased-lambskin-kaki-copie-copie\/\"]}]},{\"@type\":\"ImageObject\",\"inLanguage\":\"en-US\",\"@id\":\"https:\/\/www.stephaniecesaire.com\/en\/boutique\/bags\/sonia-en\/sonia-creased-lambskin-kaki-copie-copie\/#primaryimage\",\"url\":\"https:\/\/www.stephaniecesaire.com\/wp-content\/uploads\/2024\/07\/SoniaAGITerracottaProfil-jpg.webp\",\"contentUrl\":\"https:\/\/www.stephaniecesaire.com\/wp-content\/uploads\/2024\/07\/SoniaAGITerracottaProfil-jpg.webp\",\"width\":630,\"height\":945,\"caption\":\"Pochette design Sonia - C\u00e9saire Paris - Sac \u00e0 main cr\u00e9ateur fabriqu\u00e9 en France\"},{\"@type\":\"BreadcrumbList\",\"@id\":\"https:\/\/www.stephaniecesaire.com\/en\/boutique\/bags\/sonia-en\/sonia-creased-lambskin-kaki-copie-copie\/#breadcrumb\",\"itemListElement\":[{\"@type\":\"ListItem\",\"position\":1,\"name\":\"Accueil\",\"item\":\"https:\/\/www.stephaniecesaire.com\/en\/\"},{\"@type\":\"ListItem\",\"position\":2,\"name\":\"Shop\",\"item\":\"https:\/\/www.stephaniecesaire.com\/en\/shop\/\"},{\"@type\":\"ListItem\",\"position\":3,\"name\":\"Sonia &#8211; Iguana stamped lambskin &#8211; Terracotta\"}]},{\"@type\":\"WebSite\",\"@id\":\"https:\/\/www.stephaniecesaire.com\/en\/#website\",\"url\":\"https:\/\/www.stephaniecesaire.com\/en\/\",\"name\":\"St\u00e9phanie C\u00e9saire\",\"description\":\"Sac cr\u00e9ateur made in France - Maroquinerie de luxe\",\"publisher\":{\"@id\":\"https:\/\/www.stephaniecesaire.com\/en\/#organization\"},\"potentialAction\":[{\"@type\":\"SearchAction\",\"target\":{\"@type\":\"EntryPoint\",\"urlTemplate\":\"https:\/\/www.stephaniecesaire.com\/en\/?s={search_term_string}\"},\"query-input\":\"required name=search_term_string\"}],\"inLanguage\":\"en-US\"},{\"@type\":\"Organization\",\"@id\":\"https:\/\/www.stephaniecesaire.com\/en\/#organization\",\"name\":\"St\u00e9phanie C\u00e9saire\",\"url\":\"https:\/\/www.stephaniecesaire.com\/en\/\",\"logo\":{\"@type\":\"ImageObject\",\"inLanguage\":\"en-US\",\"@id\":\"https:\/\/www.stephaniecesaire.com\/en\/#\/schema\/logo\/image\/\",\"url\":\"https:\/\/www.stephaniecesaire.com\/wp-content\/uploads\/2023\/10\/favicon.png\",\"contentUrl\":\"https:\/\/www.stephaniecesaire.com\/wp-content\/uploads\/2023\/10\/favicon.png\",\"width\":512,\"height\":512,\"caption\":\"St\u00e9phanie C\u00e9saire\"},\"image\":{\"@id\":\"https:\/\/www.stephaniecesaire.com\/en\/#\/schema\/logo\/image\/\"},\"sameAs\":[\"https:\/\/www.facebook.com\/cesaireparis\/\",\"https:\/\/www.pinterest.fr\/cesaireparis\/\",\"https:\/\/www.instagram.com\/cesaireparis.official\/\"]}]}<\/script>\n<!-- \/ Yoast SEO plugin. -->","yoast_head_json":{"title":"Designer clutch Sonia - Iguana stamped lambskin - Terracotta - C\u00e9saire","description":"A designer and unusual clutch, a soft leather scarf held folded by a ring, Sonia slips around the wrist for an original silhouette with sensual minimalism.","robots":{"index":"index","follow":"follow","max-snippet":"max-snippet:-1","max-image-preview":"max-image-preview:large","max-video-preview":"max-video-preview:-1"},"canonical":"https:\/\/www.stephaniecesaire.com\/en\/boutique\/bags\/sonia-en\/sonia-creased-lambskin-kaki-copie-copie\/","og_locale":"en_US","og_type":"article","og_title":"Designer clutch Sonia - Iguana stamped lambskin - Terracotta - C\u00e9saire","og_description":"A designer and unusual clutch, a soft leather scarf held folded by a ring, Sonia slips around the wrist for an original silhouette with sensual minimalism.","og_url":"https:\/\/www.stephaniecesaire.com\/en\/boutique\/bags\/sonia-en\/sonia-creased-lambskin-kaki-copie-copie\/","og_site_name":"C\u00e9saire","article_publisher":"https:\/\/www.facebook.com\/cesaireparis\/","article_modified_time":"2024-08-01T16:02:45+00:00","og_image":[{"width":630,"height":945,"url":"https:\/\/www.stephaniecesaire.com\/wp-content\/uploads\/2024\/07\/SoniaAGITerracottaProfil-jpg.webp","type":"image\/jpeg"}],"twitter_card":"summary_large_image","twitter_misc":{"Est. reading time":"1 minute"},"schema":{"@context":"https:\/\/schema.org","@graph":[{"@type":"WebPage","@id":"https:\/\/www.stephaniecesaire.com\/en\/boutique\/bags\/sonia-en\/sonia-creased-lambskin-kaki-copie-copie\/","url":"https:\/\/www.stephaniecesaire.com\/en\/boutique\/bags\/sonia-en\/sonia-creased-lambskin-kaki-copie-copie\/","name":"Designer clutch Sonia - Iguana stamped lambskin - Terracotta - C\u00e9saire","isPartOf":{"@id":"https:\/\/www.stephaniecesaire.com\/en\/#website"},"primaryImageOfPage":{"@id":"https:\/\/www.stephaniecesaire.com\/en\/boutique\/bags\/sonia-en\/sonia-creased-lambskin-kaki-copie-copie\/#primaryimage"},"image":{"@id":"https:\/\/www.stephaniecesaire.com\/en\/boutique\/bags\/sonia-en\/sonia-creased-lambskin-kaki-copie-copie\/#primaryimage"},"thumbnailUrl":"https:\/\/www.stephaniecesaire.com\/wp-content\/uploads\/2024\/07\/SoniaAGITerracottaProfil-jpg.webp","datePublished":"2024-07-08T12:08:20+00:00","dateModified":"2024-08-01T16:02:45+00:00","description":"A designer and unusual clutch, a soft leather scarf held folded by a ring, Sonia slips around the wrist for an original silhouette with sensual minimalism.","breadcrumb":{"@id":"https:\/\/www.stephaniecesaire.com\/en\/boutique\/bags\/sonia-en\/sonia-creased-lambskin-kaki-copie-copie\/#breadcrumb"},"inLanguage":"en-US","potentialAction":[{"@type":"ReadAction","target":["https:\/\/www.stephaniecesaire.com\/en\/boutique\/bags\/sonia-en\/sonia-creased-lambskin-kaki-copie-copie\/"]}]},{"@type":"ImageObject","inLanguage":"en-US","@id":"https:\/\/www.stephaniecesaire.com\/en\/boutique\/bags\/sonia-en\/sonia-creased-lambskin-kaki-copie-copie\/#primaryimage","url":"https:\/\/www.stephaniecesaire.com\/wp-content\/uploads\/2024\/07\/SoniaAGITerracottaProfil-jpg.webp","contentUrl":"https:\/\/www.stephaniecesaire.com\/wp-content\/uploads\/2024\/07\/SoniaAGITerracottaProfil-jpg.webp","width":630,"height":945,"caption":"Pochette design Sonia - C\u00e9saire Paris - Sac \u00e0 main cr\u00e9ateur fabriqu\u00e9 en France"},{"@type":"BreadcrumbList","@id":"https:\/\/www.stephaniecesaire.com\/en\/boutique\/bags\/sonia-en\/sonia-creased-lambskin-kaki-copie-copie\/#breadcrumb","itemListElement":[{"@type":"ListItem","position":1,"name":"Accueil","item":"https:\/\/www.stephaniecesaire.com\/en\/"},{"@type":"ListItem","position":2,"name":"Shop","item":"https:\/\/www.stephaniecesaire.com\/en\/shop\/"},{"@type":"ListItem","position":3,"name":"Sonia &#8211; Iguana stamped lambskin &#8211; Terracotta"}]},{"@type":"WebSite","@id":"https:\/\/www.stephaniecesaire.com\/en\/#website","url":"https:\/\/www.stephaniecesaire.com\/en\/","name":"St\u00e9phanie C\u00e9saire","description":"Sac cr\u00e9ateur made in France - Maroquinerie de luxe","publisher":{"@id":"https:\/\/www.stephaniecesaire.com\/en\/#organization"},"potentialAction":[{"@type":"SearchAction","target":{"@type":"EntryPoint","urlTemplate":"https:\/\/www.stephaniecesaire.com\/en\/?s={search_term_string}"},"query-input":"required name=search_term_string"}],"inLanguage":"en-US"},{"@type":"Organization","@id":"https:\/\/www.stephaniecesaire.com\/en\/#organization","name":"St\u00e9phanie C\u00e9saire","url":"https:\/\/www.stephaniecesaire.com\/en\/","logo":{"@type":"ImageObject","inLanguage":"en-US","@id":"https:\/\/www.stephaniecesaire.com\/en\/#\/schema\/logo\/image\/","url":"https:\/\/www.stephaniecesaire.com\/wp-content\/uploads\/2023\/10\/favicon.png","contentUrl":"https:\/\/www.stephaniecesaire.com\/wp-content\/uploads\/2023\/10\/favicon.png","width":512,"height":512,"caption":"St\u00e9phanie C\u00e9saire"},"image":{"@id":"https:\/\/www.stephaniecesaire.com\/en\/#\/schema\/logo\/image\/"},"sameAs":["https:\/\/www.facebook.com\/cesaireparis\/","https:\/\/www.pinterest.fr\/cesaireparis\/","https:\/\/www.instagram.com\/cesaireparis.official\/"]}]}},"_links":{"self":[{"href":"https:\/\/www.stephaniecesaire.com\/en\/wp-json\/wp\/v2\/product\/35413","targetHints":{"allow":["GET"]}}],"collection":[{"href":"https:\/\/www.stephaniecesaire.com\/en\/wp-json\/wp\/v2\/product"}],"about":[{"href":"https:\/\/www.stephaniecesaire.com\/en\/wp-json\/wp\/v2\/types\/product"}],"wp:featuredmedia":[{"embeddable":true,"href":"https:\/\/www.stephaniecesaire.com\/en\/wp-json\/wp\/v2\/media\/35406"}],"wp:attachment":[{"href":"https:\/\/www.stephaniecesaire.com\/en\/wp-json\/wp\/v2\/media?parent=35413"}],"wp:term":[{"taxonomy":"product_cat","embeddable":true,"href":"https:\/\/www.stephaniecesaire.com\/en\/wp-json\/wp\/v2\/product_cat?post=35413"},{"taxonomy":"product_tag","embeddable":true,"href":"https:\/\/www.stephaniecesaire.com\/en\/wp-json\/wp\/v2\/product_tag?post=35413"}],"curies":[{"name":"wp","href":"https:\/\/api.w.org\/{rel}","templated":true}]}}