{"id":35527,"date":"2024-08-02T17:31:52","date_gmt":"2024-08-02T15:31:52","guid":{"rendered":"https:\/\/stephaniecesaire.com\/?post_type=product&#038;p=35527"},"modified":"2025-02-01T18:25:04","modified_gmt":"2025-02-01T17:25:04","slug":"bettina-saddle-calfskin-red-cadmium-copie","status":"publish","type":"product","link":"https:\/\/www.stephaniecesaire.com\/en\/boutique\/bags\/bettina-en\/bettina-saddle-calfskin-red-cadmium-copie\/","title":{"rendered":"Bettina &#8211; Saddle calfskin &#8211; Olive"},"content":{"rendered":"<p>The Bettina features a shoulder strap, a unique handle, and an interior partition with two spaces, a zip pocket, and a large pocket for a mobile phone. Fully lined with 100% cotton twill, it is accessorized with a horn carabiner and brass studs to protect the bottom \u2013 Made in France.<\/p>\n","protected":false},"excerpt":{"rendered":"<p>The Bettina is a hand-carried or shoulder-carried bag with a classic volume, reimagined by the Maison\u2019s codes and enhanced by a unique handle that gives it a remarkable swinging carry. The saddler spirit of this bag makes it a sophisticated daily companion.<\/p>\n","protected":false},"featured_media":35491,"template":"","meta":[],"product_cat":[598],"product_tag":[670],"class_list":{"0":"post-35527","1":"product","2":"type-product","3":"status-publish","4":"has-post-thumbnail","6":"product_cat-bettina-en","7":"product_tag-iconic","8":"product_shipping_class-classe-de-livraison-2","9":"pa_porte-crossbody-bags","10":"pa_porte-handbags","11":"pa_volume-medium-bags","13":"first","14":"onbackorder","15":"sold-individually","16":"taxable","17":"shipping-taxable","18":"purchasable","19":"product-type-simple"},"yoast_head":"<!-- This site is optimized with the Yoast SEO plugin v23.1 - https:\/\/yoast.com\/wordpress\/plugins\/seo\/ -->\n<title>Bettina Handbag \u2013 C\u00e9saire Paris \u2013 French-made Bag<\/title>\n<meta name=\"description\" content=\"The Bettina handbag is a classic volume bag that can be carried by hand or worn over the shoulder. The saddle spirit of this bag makes it a sophisticated everyday companion.\" \/>\n<meta name=\"robots\" content=\"index, follow, max-snippet:-1, max-image-preview:large, max-video-preview:-1\" \/>\n<link rel=\"canonical\" href=\"https:\/\/www.stephaniecesaire.com\/en\/boutique\/bags\/bettina-en\/bettina-saddle-calfskin-red-cadmium-copie\/\" \/>\n<meta property=\"og:locale\" content=\"en_US\" \/>\n<meta property=\"og:type\" content=\"article\" \/>\n<meta property=\"og:title\" content=\"Bettina Handbag \u2013 C\u00e9saire Paris \u2013 French-made Bag\" \/>\n<meta property=\"og:description\" content=\"The Bettina handbag is a classic volume bag that can be carried by hand or worn over the shoulder. The saddle spirit of this bag makes it a sophisticated everyday companion.\" \/>\n<meta property=\"og:url\" content=\"https:\/\/www.stephaniecesaire.com\/en\/boutique\/bags\/bettina-en\/bettina-saddle-calfskin-red-cadmium-copie\/\" \/>\n<meta property=\"og:site_name\" content=\"C\u00e9saire\" \/>\n<meta property=\"article:publisher\" content=\"https:\/\/www.facebook.com\/cesaireparis\/\" \/>\n<meta property=\"article:modified_time\" content=\"2025-02-01T17:25:04+00:00\" \/>\n<meta property=\"og:image\" content=\"https:\/\/www.stephaniecesaire.com\/wp-content\/uploads\/2024\/08\/BettinaVPOOliveFace-jpg.webp\" \/>\n\t<meta property=\"og:image:width\" content=\"630\" \/>\n\t<meta property=\"og:image:height\" content=\"945\" \/>\n\t<meta property=\"og:image:type\" content=\"image\/jpeg\" \/>\n<meta name=\"twitter:card\" content=\"summary_large_image\" \/>\n<meta name=\"twitter:label1\" content=\"Est. reading time\" \/>\n\t<meta name=\"twitter:data1\" content=\"1 minute\" \/>\n<script type=\"application\/ld+json\" class=\"yoast-schema-graph\">{\"@context\":\"https:\/\/schema.org\",\"@graph\":[{\"@type\":\"WebPage\",\"@id\":\"https:\/\/www.stephaniecesaire.com\/en\/boutique\/bags\/bettina-en\/bettina-saddle-calfskin-red-cadmium-copie\/\",\"url\":\"https:\/\/www.stephaniecesaire.com\/en\/boutique\/bags\/bettina-en\/bettina-saddle-calfskin-red-cadmium-copie\/\",\"name\":\"Bettina Handbag \u2013 C\u00e9saire Paris \u2013 French-made Bag\",\"isPartOf\":{\"@id\":\"https:\/\/www.stephaniecesaire.com\/en\/#website\"},\"primaryImageOfPage\":{\"@id\":\"https:\/\/www.stephaniecesaire.com\/en\/boutique\/bags\/bettina-en\/bettina-saddle-calfskin-red-cadmium-copie\/#primaryimage\"},\"image\":{\"@id\":\"https:\/\/www.stephaniecesaire.com\/en\/boutique\/bags\/bettina-en\/bettina-saddle-calfskin-red-cadmium-copie\/#primaryimage\"},\"thumbnailUrl\":\"https:\/\/www.stephaniecesaire.com\/wp-content\/uploads\/2024\/08\/BettinaVPOOliveFace-jpg.webp\",\"datePublished\":\"2024-08-02T15:31:52+00:00\",\"dateModified\":\"2025-02-01T17:25:04+00:00\",\"description\":\"The Bettina handbag is a classic volume bag that can be carried by hand or worn over the shoulder. The saddle spirit of this bag makes it a sophisticated everyday companion.\",\"breadcrumb\":{\"@id\":\"https:\/\/www.stephaniecesaire.com\/en\/boutique\/bags\/bettina-en\/bettina-saddle-calfskin-red-cadmium-copie\/#breadcrumb\"},\"inLanguage\":\"en-US\",\"potentialAction\":[{\"@type\":\"ReadAction\",\"target\":[\"https:\/\/www.stephaniecesaire.com\/en\/boutique\/bags\/bettina-en\/bettina-saddle-calfskin-red-cadmium-copie\/\"]}]},{\"@type\":\"ImageObject\",\"inLanguage\":\"en-US\",\"@id\":\"https:\/\/www.stephaniecesaire.com\/en\/boutique\/bags\/bettina-en\/bettina-saddle-calfskin-red-cadmium-copie\/#primaryimage\",\"url\":\"https:\/\/www.stephaniecesaire.com\/wp-content\/uploads\/2024\/08\/BettinaVPOOliveFace-jpg.webp\",\"contentUrl\":\"https:\/\/www.stephaniecesaire.com\/wp-content\/uploads\/2024\/08\/BettinaVPOOliveFace-jpg.webp\",\"width\":630,\"height\":945,\"caption\":\"Bettina Handbag \u2013 C\u00e9saire Paris \u2013 French-made Bag\"},{\"@type\":\"BreadcrumbList\",\"@id\":\"https:\/\/www.stephaniecesaire.com\/en\/boutique\/bags\/bettina-en\/bettina-saddle-calfskin-red-cadmium-copie\/#breadcrumb\",\"itemListElement\":[{\"@type\":\"ListItem\",\"position\":1,\"name\":\"Accueil\",\"item\":\"https:\/\/www.stephaniecesaire.com\/en\/\"},{\"@type\":\"ListItem\",\"position\":2,\"name\":\"Shop\",\"item\":\"https:\/\/www.stephaniecesaire.com\/en\/shop\/\"},{\"@type\":\"ListItem\",\"position\":3,\"name\":\"Bettina &#8211; Saddle calfskin &#8211; Olive\"}]},{\"@type\":\"WebSite\",\"@id\":\"https:\/\/www.stephaniecesaire.com\/en\/#website\",\"url\":\"https:\/\/www.stephaniecesaire.com\/en\/\",\"name\":\"St\u00e9phanie C\u00e9saire\",\"description\":\"Sac cr\u00e9ateur made in France - Maroquinerie de luxe\",\"publisher\":{\"@id\":\"https:\/\/www.stephaniecesaire.com\/en\/#organization\"},\"potentialAction\":[{\"@type\":\"SearchAction\",\"target\":{\"@type\":\"EntryPoint\",\"urlTemplate\":\"https:\/\/www.stephaniecesaire.com\/en\/?s={search_term_string}\"},\"query-input\":\"required name=search_term_string\"}],\"inLanguage\":\"en-US\"},{\"@type\":\"Organization\",\"@id\":\"https:\/\/www.stephaniecesaire.com\/en\/#organization\",\"name\":\"St\u00e9phanie C\u00e9saire\",\"url\":\"https:\/\/www.stephaniecesaire.com\/en\/\",\"logo\":{\"@type\":\"ImageObject\",\"inLanguage\":\"en-US\",\"@id\":\"https:\/\/www.stephaniecesaire.com\/en\/#\/schema\/logo\/image\/\",\"url\":\"https:\/\/www.stephaniecesaire.com\/wp-content\/uploads\/2023\/10\/favicon.png\",\"contentUrl\":\"https:\/\/www.stephaniecesaire.com\/wp-content\/uploads\/2023\/10\/favicon.png\",\"width\":512,\"height\":512,\"caption\":\"St\u00e9phanie C\u00e9saire\"},\"image\":{\"@id\":\"https:\/\/www.stephaniecesaire.com\/en\/#\/schema\/logo\/image\/\"},\"sameAs\":[\"https:\/\/www.facebook.com\/cesaireparis\/\",\"https:\/\/www.pinterest.fr\/cesaireparis\/\",\"https:\/\/www.instagram.com\/cesaireparis.official\/\"]}]}<\/script>\n<!-- \/ Yoast SEO plugin. -->","yoast_head_json":{"title":"Bettina Handbag \u2013 C\u00e9saire Paris \u2013 French-made Bag","description":"The Bettina handbag is a classic volume bag that can be carried by hand or worn over the shoulder. The saddle spirit of this bag makes it a sophisticated everyday companion.","robots":{"index":"index","follow":"follow","max-snippet":"max-snippet:-1","max-image-preview":"max-image-preview:large","max-video-preview":"max-video-preview:-1"},"canonical":"https:\/\/www.stephaniecesaire.com\/en\/boutique\/bags\/bettina-en\/bettina-saddle-calfskin-red-cadmium-copie\/","og_locale":"en_US","og_type":"article","og_title":"Bettina Handbag \u2013 C\u00e9saire Paris \u2013 French-made Bag","og_description":"The Bettina handbag is a classic volume bag that can be carried by hand or worn over the shoulder. The saddle spirit of this bag makes it a sophisticated everyday companion.","og_url":"https:\/\/www.stephaniecesaire.com\/en\/boutique\/bags\/bettina-en\/bettina-saddle-calfskin-red-cadmium-copie\/","og_site_name":"C\u00e9saire","article_publisher":"https:\/\/www.facebook.com\/cesaireparis\/","article_modified_time":"2025-02-01T17:25:04+00:00","og_image":[{"width":630,"height":945,"url":"https:\/\/www.stephaniecesaire.com\/wp-content\/uploads\/2024\/08\/BettinaVPOOliveFace-jpg.webp","type":"image\/jpeg"}],"twitter_card":"summary_large_image","twitter_misc":{"Est. reading time":"1 minute"},"schema":{"@context":"https:\/\/schema.org","@graph":[{"@type":"WebPage","@id":"https:\/\/www.stephaniecesaire.com\/en\/boutique\/bags\/bettina-en\/bettina-saddle-calfskin-red-cadmium-copie\/","url":"https:\/\/www.stephaniecesaire.com\/en\/boutique\/bags\/bettina-en\/bettina-saddle-calfskin-red-cadmium-copie\/","name":"Bettina Handbag \u2013 C\u00e9saire Paris \u2013 French-made Bag","isPartOf":{"@id":"https:\/\/www.stephaniecesaire.com\/en\/#website"},"primaryImageOfPage":{"@id":"https:\/\/www.stephaniecesaire.com\/en\/boutique\/bags\/bettina-en\/bettina-saddle-calfskin-red-cadmium-copie\/#primaryimage"},"image":{"@id":"https:\/\/www.stephaniecesaire.com\/en\/boutique\/bags\/bettina-en\/bettina-saddle-calfskin-red-cadmium-copie\/#primaryimage"},"thumbnailUrl":"https:\/\/www.stephaniecesaire.com\/wp-content\/uploads\/2024\/08\/BettinaVPOOliveFace-jpg.webp","datePublished":"2024-08-02T15:31:52+00:00","dateModified":"2025-02-01T17:25:04+00:00","description":"The Bettina handbag is a classic volume bag that can be carried by hand or worn over the shoulder. The saddle spirit of this bag makes it a sophisticated everyday companion.","breadcrumb":{"@id":"https:\/\/www.stephaniecesaire.com\/en\/boutique\/bags\/bettina-en\/bettina-saddle-calfskin-red-cadmium-copie\/#breadcrumb"},"inLanguage":"en-US","potentialAction":[{"@type":"ReadAction","target":["https:\/\/www.stephaniecesaire.com\/en\/boutique\/bags\/bettina-en\/bettina-saddle-calfskin-red-cadmium-copie\/"]}]},{"@type":"ImageObject","inLanguage":"en-US","@id":"https:\/\/www.stephaniecesaire.com\/en\/boutique\/bags\/bettina-en\/bettina-saddle-calfskin-red-cadmium-copie\/#primaryimage","url":"https:\/\/www.stephaniecesaire.com\/wp-content\/uploads\/2024\/08\/BettinaVPOOliveFace-jpg.webp","contentUrl":"https:\/\/www.stephaniecesaire.com\/wp-content\/uploads\/2024\/08\/BettinaVPOOliveFace-jpg.webp","width":630,"height":945,"caption":"Bettina Handbag \u2013 C\u00e9saire Paris \u2013 French-made Bag"},{"@type":"BreadcrumbList","@id":"https:\/\/www.stephaniecesaire.com\/en\/boutique\/bags\/bettina-en\/bettina-saddle-calfskin-red-cadmium-copie\/#breadcrumb","itemListElement":[{"@type":"ListItem","position":1,"name":"Accueil","item":"https:\/\/www.stephaniecesaire.com\/en\/"},{"@type":"ListItem","position":2,"name":"Shop","item":"https:\/\/www.stephaniecesaire.com\/en\/shop\/"},{"@type":"ListItem","position":3,"name":"Bettina &#8211; Saddle calfskin &#8211; Olive"}]},{"@type":"WebSite","@id":"https:\/\/www.stephaniecesaire.com\/en\/#website","url":"https:\/\/www.stephaniecesaire.com\/en\/","name":"St\u00e9phanie C\u00e9saire","description":"Sac cr\u00e9ateur made in France - Maroquinerie de luxe","publisher":{"@id":"https:\/\/www.stephaniecesaire.com\/en\/#organization"},"potentialAction":[{"@type":"SearchAction","target":{"@type":"EntryPoint","urlTemplate":"https:\/\/www.stephaniecesaire.com\/en\/?s={search_term_string}"},"query-input":"required name=search_term_string"}],"inLanguage":"en-US"},{"@type":"Organization","@id":"https:\/\/www.stephaniecesaire.com\/en\/#organization","name":"St\u00e9phanie C\u00e9saire","url":"https:\/\/www.stephaniecesaire.com\/en\/","logo":{"@type":"ImageObject","inLanguage":"en-US","@id":"https:\/\/www.stephaniecesaire.com\/en\/#\/schema\/logo\/image\/","url":"https:\/\/www.stephaniecesaire.com\/wp-content\/uploads\/2023\/10\/favicon.png","contentUrl":"https:\/\/www.stephaniecesaire.com\/wp-content\/uploads\/2023\/10\/favicon.png","width":512,"height":512,"caption":"St\u00e9phanie C\u00e9saire"},"image":{"@id":"https:\/\/www.stephaniecesaire.com\/en\/#\/schema\/logo\/image\/"},"sameAs":["https:\/\/www.facebook.com\/cesaireparis\/","https:\/\/www.pinterest.fr\/cesaireparis\/","https:\/\/www.instagram.com\/cesaireparis.official\/"]}]}},"_links":{"self":[{"href":"https:\/\/www.stephaniecesaire.com\/en\/wp-json\/wp\/v2\/product\/35527","targetHints":{"allow":["GET"]}}],"collection":[{"href":"https:\/\/www.stephaniecesaire.com\/en\/wp-json\/wp\/v2\/product"}],"about":[{"href":"https:\/\/www.stephaniecesaire.com\/en\/wp-json\/wp\/v2\/types\/product"}],"wp:featuredmedia":[{"embeddable":true,"href":"https:\/\/www.stephaniecesaire.com\/en\/wp-json\/wp\/v2\/media\/35491"}],"wp:attachment":[{"href":"https:\/\/www.stephaniecesaire.com\/en\/wp-json\/wp\/v2\/media?parent=35527"}],"wp:term":[{"taxonomy":"product_cat","embeddable":true,"href":"https:\/\/www.stephaniecesaire.com\/en\/wp-json\/wp\/v2\/product_cat?post=35527"},{"taxonomy":"product_tag","embeddable":true,"href":"https:\/\/www.stephaniecesaire.com\/en\/wp-json\/wp\/v2\/product_tag?post=35527"}],"curies":[{"name":"wp","href":"https:\/\/api.w.org\/{rel}","templated":true}]}}