{"id":35847,"date":"2024-06-05T12:47:41","date_gmt":"2024-06-05T10:47:41","guid":{"rendered":"https:\/\/stephaniecesaire.com\/?post_type=product&#038;p=35847"},"modified":"2024-10-05T13:34:22","modified_gmt":"2024-10-05T11:34:22","slug":"little-joh-croco-embossed-lambskin-black-copie","status":"publish","type":"product","link":"https:\/\/www.stephaniecesaire.com\/en\/boutique\/bags\/little-joh-en\/little-joh-croco-embossed-lambskin-black-copie\/","title":{"rendered":"Little Joh &#8211; Croco embossed lambskin &#8211; Chocolate"},"content":{"rendered":"<p>The Little Joh modular bag is a smaller version of the Joh model, supple it can be closed and have its volume modulated by folding it, thanks to its high belted strap. Its removable band can be adjusted with a metal clasp so it can be worn in different ways. Its taupe cotton twill lining has two inner pockets, one zipped, one for a cell phone. It is made in France.<\/p>\n","protected":false},"excerpt":{"rendered":"<p>The evolutive, nomadic, Little Joh is inspired by a waterproof military bag. This unusual supple, unisex leather bag falls easily from a strap that envelops it and the bag can also be wrapped on itself for more discretion. The high strap, closed with a metal clasp, has an adjustable band so it can be worn on the shoulder, across the body or belted like a leather apron. Its contemporary modularity and unique, beautiful leather truly make it an elusive nomad.<\/p>\n","protected":false},"featured_media":35871,"template":"","meta":[],"product_cat":[1563],"product_tag":[1524,672],"class_list":{"0":"post-35847","1":"product","2":"type-product","3":"status-publish","4":"has-post-thumbnail","6":"product_cat-little-joh-en","7":"product_tag-backorder","8":"product_tag-new-products","9":"product_shipping_class-classe-de-livraison-3","10":"pa_porte-crossbody-bags","11":"pa_porte-shoulder-bags","12":"pa_volume-large-bags","14":"first","15":"outofstock","16":"sold-individually","17":"taxable","18":"shipping-taxable","19":"purchasable","20":"product-type-simple"},"yoast_head":"<!-- This site is optimized with the Yoast SEO plugin v23.1 - https:\/\/yoast.com\/wordpress\/plugins\/seo\/ -->\n<title>Little Joh Modular Shoulder Bag - C\u00e9saire Paris - French Designer Bags<\/title>\n<meta name=\"description\" content=\"Nomadic and contemporary, this is the Little Joh modular crossbody bag, a versatile design inspired by the military waterproof bag. Unisex and unconventional, its soft leather volume simply drapes at the end of the strap that cinches it.\" \/>\n<meta name=\"robots\" content=\"index, follow, max-snippet:-1, max-image-preview:large, max-video-preview:-1\" \/>\n<link rel=\"canonical\" href=\"https:\/\/www.stephaniecesaire.com\/en\/boutique\/bags\/little-joh-en\/little-joh-croco-embossed-lambskin-black-copie\/\" \/>\n<meta property=\"og:locale\" content=\"en_US\" \/>\n<meta property=\"og:type\" content=\"article\" \/>\n<meta property=\"og:title\" content=\"Little Joh Modular Shoulder Bag - C\u00e9saire Paris - French Designer Bags\" \/>\n<meta property=\"og:description\" content=\"Nomadic and contemporary, this is the Little Joh modular crossbody bag, a versatile design inspired by the military waterproof bag. Unisex and unconventional, its soft leather volume simply drapes at the end of the strap that cinches it.\" \/>\n<meta property=\"og:url\" content=\"https:\/\/www.stephaniecesaire.com\/en\/boutique\/bags\/little-joh-en\/little-joh-croco-embossed-lambskin-black-copie\/\" \/>\n<meta property=\"og:site_name\" content=\"C\u00e9saire\" \/>\n<meta property=\"article:publisher\" content=\"https:\/\/www.facebook.com\/cesaireparis\/\" \/>\n<meta property=\"article:modified_time\" content=\"2024-10-05T11:34:22+00:00\" \/>\n<meta property=\"og:image\" content=\"https:\/\/www.stephaniecesaire.com\/wp-content\/uploads\/2024\/10\/LittleJohAGCrocoBrunFace-jpg.webp\" \/>\n\t<meta property=\"og:image:width\" content=\"630\" \/>\n\t<meta property=\"og:image:height\" content=\"945\" \/>\n\t<meta property=\"og:image:type\" content=\"image\/jpeg\" \/>\n<meta name=\"twitter:card\" content=\"summary_large_image\" \/>\n<meta name=\"twitter:label1\" content=\"Est. reading time\" \/>\n\t<meta name=\"twitter:data1\" content=\"1 minute\" \/>\n<script type=\"application\/ld+json\" class=\"yoast-schema-graph\">{\"@context\":\"https:\/\/schema.org\",\"@graph\":[{\"@type\":\"WebPage\",\"@id\":\"https:\/\/www.stephaniecesaire.com\/en\/boutique\/bags\/little-joh-en\/little-joh-croco-embossed-lambskin-black-copie\/\",\"url\":\"https:\/\/www.stephaniecesaire.com\/en\/boutique\/bags\/little-joh-en\/little-joh-croco-embossed-lambskin-black-copie\/\",\"name\":\"Little Joh Modular Shoulder Bag - C\u00e9saire Paris - French Designer Bags\",\"isPartOf\":{\"@id\":\"https:\/\/www.stephaniecesaire.com\/en\/#website\"},\"primaryImageOfPage\":{\"@id\":\"https:\/\/www.stephaniecesaire.com\/en\/boutique\/bags\/little-joh-en\/little-joh-croco-embossed-lambskin-black-copie\/#primaryimage\"},\"image\":{\"@id\":\"https:\/\/www.stephaniecesaire.com\/en\/boutique\/bags\/little-joh-en\/little-joh-croco-embossed-lambskin-black-copie\/#primaryimage\"},\"thumbnailUrl\":\"https:\/\/www.stephaniecesaire.com\/wp-content\/uploads\/2024\/10\/LittleJohAGCrocoBrunFace-jpg.webp\",\"datePublished\":\"2024-06-05T10:47:41+00:00\",\"dateModified\":\"2024-10-05T11:34:22+00:00\",\"description\":\"Nomadic and contemporary, this is the Little Joh modular crossbody bag, a versatile design inspired by the military waterproof bag. Unisex and unconventional, its soft leather volume simply drapes at the end of the strap that cinches it.\",\"breadcrumb\":{\"@id\":\"https:\/\/www.stephaniecesaire.com\/en\/boutique\/bags\/little-joh-en\/little-joh-croco-embossed-lambskin-black-copie\/#breadcrumb\"},\"inLanguage\":\"en-US\",\"potentialAction\":[{\"@type\":\"ReadAction\",\"target\":[\"https:\/\/www.stephaniecesaire.com\/en\/boutique\/bags\/little-joh-en\/little-joh-croco-embossed-lambskin-black-copie\/\"]}]},{\"@type\":\"ImageObject\",\"inLanguage\":\"en-US\",\"@id\":\"https:\/\/www.stephaniecesaire.com\/en\/boutique\/bags\/little-joh-en\/little-joh-croco-embossed-lambskin-black-copie\/#primaryimage\",\"url\":\"https:\/\/www.stephaniecesaire.com\/wp-content\/uploads\/2024\/10\/LittleJohAGCrocoBrunFace-jpg.webp\",\"contentUrl\":\"https:\/\/www.stephaniecesaire.com\/wp-content\/uploads\/2024\/10\/LittleJohAGCrocoBrunFace-jpg.webp\",\"width\":630,\"height\":945,\"caption\":\"Little Joh modular crossbody bag - C\u00e9saire Paris French Designer Bag\"},{\"@type\":\"BreadcrumbList\",\"@id\":\"https:\/\/www.stephaniecesaire.com\/en\/boutique\/bags\/little-joh-en\/little-joh-croco-embossed-lambskin-black-copie\/#breadcrumb\",\"itemListElement\":[{\"@type\":\"ListItem\",\"position\":1,\"name\":\"Accueil\",\"item\":\"https:\/\/www.stephaniecesaire.com\/en\/\"},{\"@type\":\"ListItem\",\"position\":2,\"name\":\"Shop\",\"item\":\"https:\/\/www.stephaniecesaire.com\/en\/shop\/\"},{\"@type\":\"ListItem\",\"position\":3,\"name\":\"Little Joh &#8211; Croco embossed lambskin &#8211; Chocolate\"}]},{\"@type\":\"WebSite\",\"@id\":\"https:\/\/www.stephaniecesaire.com\/en\/#website\",\"url\":\"https:\/\/www.stephaniecesaire.com\/en\/\",\"name\":\"St\u00e9phanie C\u00e9saire\",\"description\":\"Sac cr\u00e9ateur made in France - Maroquinerie de luxe\",\"publisher\":{\"@id\":\"https:\/\/www.stephaniecesaire.com\/en\/#organization\"},\"potentialAction\":[{\"@type\":\"SearchAction\",\"target\":{\"@type\":\"EntryPoint\",\"urlTemplate\":\"https:\/\/www.stephaniecesaire.com\/en\/?s={search_term_string}\"},\"query-input\":\"required name=search_term_string\"}],\"inLanguage\":\"en-US\"},{\"@type\":\"Organization\",\"@id\":\"https:\/\/www.stephaniecesaire.com\/en\/#organization\",\"name\":\"St\u00e9phanie C\u00e9saire\",\"url\":\"https:\/\/www.stephaniecesaire.com\/en\/\",\"logo\":{\"@type\":\"ImageObject\",\"inLanguage\":\"en-US\",\"@id\":\"https:\/\/www.stephaniecesaire.com\/en\/#\/schema\/logo\/image\/\",\"url\":\"https:\/\/www.stephaniecesaire.com\/wp-content\/uploads\/2023\/10\/favicon.png\",\"contentUrl\":\"https:\/\/www.stephaniecesaire.com\/wp-content\/uploads\/2023\/10\/favicon.png\",\"width\":512,\"height\":512,\"caption\":\"St\u00e9phanie C\u00e9saire\"},\"image\":{\"@id\":\"https:\/\/www.stephaniecesaire.com\/en\/#\/schema\/logo\/image\/\"},\"sameAs\":[\"https:\/\/www.facebook.com\/cesaireparis\/\",\"https:\/\/www.pinterest.fr\/cesaireparis\/\",\"https:\/\/www.instagram.com\/cesaireparis.official\/\"]}]}<\/script>\n<!-- \/ Yoast SEO plugin. -->","yoast_head_json":{"title":"Little Joh Modular Shoulder Bag - C\u00e9saire Paris - French Designer Bags","description":"Nomadic and contemporary, this is the Little Joh modular crossbody bag, a versatile design inspired by the military waterproof bag. Unisex and unconventional, its soft leather volume simply drapes at the end of the strap that cinches it.","robots":{"index":"index","follow":"follow","max-snippet":"max-snippet:-1","max-image-preview":"max-image-preview:large","max-video-preview":"max-video-preview:-1"},"canonical":"https:\/\/www.stephaniecesaire.com\/en\/boutique\/bags\/little-joh-en\/little-joh-croco-embossed-lambskin-black-copie\/","og_locale":"en_US","og_type":"article","og_title":"Little Joh Modular Shoulder Bag - C\u00e9saire Paris - French Designer Bags","og_description":"Nomadic and contemporary, this is the Little Joh modular crossbody bag, a versatile design inspired by the military waterproof bag. Unisex and unconventional, its soft leather volume simply drapes at the end of the strap that cinches it.","og_url":"https:\/\/www.stephaniecesaire.com\/en\/boutique\/bags\/little-joh-en\/little-joh-croco-embossed-lambskin-black-copie\/","og_site_name":"C\u00e9saire","article_publisher":"https:\/\/www.facebook.com\/cesaireparis\/","article_modified_time":"2024-10-05T11:34:22+00:00","og_image":[{"width":630,"height":945,"url":"https:\/\/www.stephaniecesaire.com\/wp-content\/uploads\/2024\/10\/LittleJohAGCrocoBrunFace-jpg.webp","type":"image\/jpeg"}],"twitter_card":"summary_large_image","twitter_misc":{"Est. reading time":"1 minute"},"schema":{"@context":"https:\/\/schema.org","@graph":[{"@type":"WebPage","@id":"https:\/\/www.stephaniecesaire.com\/en\/boutique\/bags\/little-joh-en\/little-joh-croco-embossed-lambskin-black-copie\/","url":"https:\/\/www.stephaniecesaire.com\/en\/boutique\/bags\/little-joh-en\/little-joh-croco-embossed-lambskin-black-copie\/","name":"Little Joh Modular Shoulder Bag - C\u00e9saire Paris - French Designer Bags","isPartOf":{"@id":"https:\/\/www.stephaniecesaire.com\/en\/#website"},"primaryImageOfPage":{"@id":"https:\/\/www.stephaniecesaire.com\/en\/boutique\/bags\/little-joh-en\/little-joh-croco-embossed-lambskin-black-copie\/#primaryimage"},"image":{"@id":"https:\/\/www.stephaniecesaire.com\/en\/boutique\/bags\/little-joh-en\/little-joh-croco-embossed-lambskin-black-copie\/#primaryimage"},"thumbnailUrl":"https:\/\/www.stephaniecesaire.com\/wp-content\/uploads\/2024\/10\/LittleJohAGCrocoBrunFace-jpg.webp","datePublished":"2024-06-05T10:47:41+00:00","dateModified":"2024-10-05T11:34:22+00:00","description":"Nomadic and contemporary, this is the Little Joh modular crossbody bag, a versatile design inspired by the military waterproof bag. Unisex and unconventional, its soft leather volume simply drapes at the end of the strap that cinches it.","breadcrumb":{"@id":"https:\/\/www.stephaniecesaire.com\/en\/boutique\/bags\/little-joh-en\/little-joh-croco-embossed-lambskin-black-copie\/#breadcrumb"},"inLanguage":"en-US","potentialAction":[{"@type":"ReadAction","target":["https:\/\/www.stephaniecesaire.com\/en\/boutique\/bags\/little-joh-en\/little-joh-croco-embossed-lambskin-black-copie\/"]}]},{"@type":"ImageObject","inLanguage":"en-US","@id":"https:\/\/www.stephaniecesaire.com\/en\/boutique\/bags\/little-joh-en\/little-joh-croco-embossed-lambskin-black-copie\/#primaryimage","url":"https:\/\/www.stephaniecesaire.com\/wp-content\/uploads\/2024\/10\/LittleJohAGCrocoBrunFace-jpg.webp","contentUrl":"https:\/\/www.stephaniecesaire.com\/wp-content\/uploads\/2024\/10\/LittleJohAGCrocoBrunFace-jpg.webp","width":630,"height":945,"caption":"Little Joh modular crossbody bag - C\u00e9saire Paris French Designer Bag"},{"@type":"BreadcrumbList","@id":"https:\/\/www.stephaniecesaire.com\/en\/boutique\/bags\/little-joh-en\/little-joh-croco-embossed-lambskin-black-copie\/#breadcrumb","itemListElement":[{"@type":"ListItem","position":1,"name":"Accueil","item":"https:\/\/www.stephaniecesaire.com\/en\/"},{"@type":"ListItem","position":2,"name":"Shop","item":"https:\/\/www.stephaniecesaire.com\/en\/shop\/"},{"@type":"ListItem","position":3,"name":"Little Joh &#8211; Croco embossed lambskin &#8211; Chocolate"}]},{"@type":"WebSite","@id":"https:\/\/www.stephaniecesaire.com\/en\/#website","url":"https:\/\/www.stephaniecesaire.com\/en\/","name":"St\u00e9phanie C\u00e9saire","description":"Sac cr\u00e9ateur made in France - Maroquinerie de luxe","publisher":{"@id":"https:\/\/www.stephaniecesaire.com\/en\/#organization"},"potentialAction":[{"@type":"SearchAction","target":{"@type":"EntryPoint","urlTemplate":"https:\/\/www.stephaniecesaire.com\/en\/?s={search_term_string}"},"query-input":"required name=search_term_string"}],"inLanguage":"en-US"},{"@type":"Organization","@id":"https:\/\/www.stephaniecesaire.com\/en\/#organization","name":"St\u00e9phanie C\u00e9saire","url":"https:\/\/www.stephaniecesaire.com\/en\/","logo":{"@type":"ImageObject","inLanguage":"en-US","@id":"https:\/\/www.stephaniecesaire.com\/en\/#\/schema\/logo\/image\/","url":"https:\/\/www.stephaniecesaire.com\/wp-content\/uploads\/2023\/10\/favicon.png","contentUrl":"https:\/\/www.stephaniecesaire.com\/wp-content\/uploads\/2023\/10\/favicon.png","width":512,"height":512,"caption":"St\u00e9phanie C\u00e9saire"},"image":{"@id":"https:\/\/www.stephaniecesaire.com\/en\/#\/schema\/logo\/image\/"},"sameAs":["https:\/\/www.facebook.com\/cesaireparis\/","https:\/\/www.pinterest.fr\/cesaireparis\/","https:\/\/www.instagram.com\/cesaireparis.official\/"]}]}},"_links":{"self":[{"href":"https:\/\/www.stephaniecesaire.com\/en\/wp-json\/wp\/v2\/product\/35847","targetHints":{"allow":["GET"]}}],"collection":[{"href":"https:\/\/www.stephaniecesaire.com\/en\/wp-json\/wp\/v2\/product"}],"about":[{"href":"https:\/\/www.stephaniecesaire.com\/en\/wp-json\/wp\/v2\/types\/product"}],"wp:featuredmedia":[{"embeddable":true,"href":"https:\/\/www.stephaniecesaire.com\/en\/wp-json\/wp\/v2\/media\/35871"}],"wp:attachment":[{"href":"https:\/\/www.stephaniecesaire.com\/en\/wp-json\/wp\/v2\/media?parent=35847"}],"wp:term":[{"taxonomy":"product_cat","embeddable":true,"href":"https:\/\/www.stephaniecesaire.com\/en\/wp-json\/wp\/v2\/product_cat?post=35847"},{"taxonomy":"product_tag","embeddable":true,"href":"https:\/\/www.stephaniecesaire.com\/en\/wp-json\/wp\/v2\/product_tag?post=35847"}],"curies":[{"name":"wp","href":"https:\/\/api.w.org\/{rel}","templated":true}]}}