{"id":35929,"date":"2024-10-07T16:22:28","date_gmt":"2024-10-07T14:22:28","guid":{"rendered":"https:\/\/stephaniecesaire.com\/?post_type=product&#038;p=35929"},"modified":"2024-10-07T16:27:19","modified_gmt":"2024-10-07T14:27:19","slug":"little-joh-woven-lambskin-blue-copie","status":"publish","type":"product","link":"https:\/\/www.stephaniecesaire.com\/en\/boutique\/uncategorized\/little-joh-woven-lambskin-blue-copie\/","title":{"rendered":"Little Joh &#8211; Woven lambskin &#8211; Blue (Copie)"},"content":{"rendered":"<p>The Little Joh modular bag is a smaller version of the Joh model, supple it can be closed and have its volume modulated by folding it, thanks to its high belted strap. Its removable band can be adjusted with a metal clasp so it can be worn in different ways. Its taupe cotton twill lining has two inner pockets, one zipped, one for a cell phone. Little Joh is made in France.<\/p>\n","protected":false},"excerpt":{"rendered":"<p>The evolutive, nomadic, Little Joh is inspired by a waterproof military bag. This unusual supple, unisex leather bag falls easily from a strap that envelops it and the bag can also be wrapped on itself for more discretion. The high strap, closed with a metal clasp, has an adjustable band so it can be worn on the shoulder, across the body or belted like a leather apron. Its contemporary modularity and unique, beautiful leather truly make it an elusive nomad.<\/p>\n","protected":false},"featured_media":35938,"template":"","meta":[],"product_cat":[],"product_tag":[],"class_list":{"0":"post-35929","1":"product","2":"type-product","3":"status-publish","4":"has-post-thumbnail","7":"first","8":"onbackorder","9":"sold-individually","10":"taxable","11":"shipping-taxable","12":"purchasable","13":"product-type-simple"},"yoast_head":"<!-- This site is optimized with the Yoast SEO plugin v23.1 - https:\/\/yoast.com\/wordpress\/plugins\/seo\/ -->\n<title>Sac modulable Joh - Cuir d&#039;agneau tress\u00c3\u00a9 - C\u00e9saire Paris - fabriqu\u00c3\u00a9 en France<\/title>\n<meta name=\"description\" content=\"Nomade et contemporain, voici le sac modulable Joh, oversize \u00c3\u00a9volutif inspir\u00c3\u00a9 du sac \u00c3\u00a9tanche militaire. Mixte et atypique, son grand volume de cuir souple tombe simplement au bout de la sangle qui le ceinture.\" \/>\n<meta name=\"robots\" content=\"index, follow, max-snippet:-1, max-image-preview:large, max-video-preview:-1\" \/>\n<link rel=\"canonical\" href=\"https:\/\/www.stephaniecesaire.com\/en\/boutique\/uncategorized\/little-joh-woven-lambskin-blue-copie\/\" \/>\n<meta property=\"og:locale\" content=\"en_US\" \/>\n<meta property=\"og:type\" content=\"article\" \/>\n<meta property=\"og:title\" content=\"Sac modulable Joh - Cuir d&#039;agneau tress\u00c3\u00a9 - C\u00e9saire Paris - fabriqu\u00c3\u00a9 en France\" \/>\n<meta property=\"og:description\" content=\"Nomade et contemporain, voici le sac modulable Joh, oversize \u00c3\u00a9volutif inspir\u00c3\u00a9 du sac \u00c3\u00a9tanche militaire. Mixte et atypique, son grand volume de cuir souple tombe simplement au bout de la sangle qui le ceinture.\" \/>\n<meta property=\"og:url\" content=\"https:\/\/www.stephaniecesaire.com\/en\/boutique\/uncategorized\/little-joh-woven-lambskin-blue-copie\/\" \/>\n<meta property=\"og:site_name\" content=\"C\u00e9saire\" \/>\n<meta property=\"article:publisher\" content=\"https:\/\/www.facebook.com\/cesaireparis\/\" \/>\n<meta property=\"article:modified_time\" content=\"2024-10-07T14:27:19+00:00\" \/>\n<meta property=\"og:image\" content=\"https:\/\/www.stephaniecesaire.com\/wp-content\/uploads\/2024\/10\/LittleJohTreMadrasGoldFace-jpg.webp\" \/>\n\t<meta property=\"og:image:width\" content=\"630\" \/>\n\t<meta property=\"og:image:height\" content=\"945\" \/>\n\t<meta property=\"og:image:type\" content=\"image\/jpeg\" \/>\n<meta name=\"twitter:card\" content=\"summary_large_image\" \/>\n<meta name=\"twitter:label1\" content=\"Est. reading time\" \/>\n\t<meta name=\"twitter:data1\" content=\"1 minute\" \/>\n<script type=\"application\/ld+json\" class=\"yoast-schema-graph\">{\"@context\":\"https:\/\/schema.org\",\"@graph\":[{\"@type\":\"WebPage\",\"@id\":\"https:\/\/www.stephaniecesaire.com\/en\/boutique\/uncategorized\/little-joh-woven-lambskin-blue-copie\/\",\"url\":\"https:\/\/www.stephaniecesaire.com\/en\/boutique\/uncategorized\/little-joh-woven-lambskin-blue-copie\/\",\"name\":\"Sac modulable Joh - Cuir d'agneau tress\u00c3\u00a9 - C\u00e9saire Paris - fabriqu\u00c3\u00a9 en France\",\"isPartOf\":{\"@id\":\"https:\/\/www.stephaniecesaire.com\/en\/#website\"},\"primaryImageOfPage\":{\"@id\":\"https:\/\/www.stephaniecesaire.com\/en\/boutique\/uncategorized\/little-joh-woven-lambskin-blue-copie\/#primaryimage\"},\"image\":{\"@id\":\"https:\/\/www.stephaniecesaire.com\/en\/boutique\/uncategorized\/little-joh-woven-lambskin-blue-copie\/#primaryimage\"},\"thumbnailUrl\":\"https:\/\/www.stephaniecesaire.com\/wp-content\/uploads\/2024\/10\/LittleJohTreMadrasGoldFace-jpg.webp\",\"datePublished\":\"2024-10-07T14:22:28+00:00\",\"dateModified\":\"2024-10-07T14:27:19+00:00\",\"description\":\"Nomade et contemporain, voici le sac modulable Joh, oversize \u00c3\u00a9volutif inspir\u00c3\u00a9 du sac \u00c3\u00a9tanche militaire. Mixte et atypique, son grand volume de cuir souple tombe simplement au bout de la sangle qui le ceinture.\",\"breadcrumb\":{\"@id\":\"https:\/\/www.stephaniecesaire.com\/en\/boutique\/uncategorized\/little-joh-woven-lambskin-blue-copie\/#breadcrumb\"},\"inLanguage\":\"en-US\",\"potentialAction\":[{\"@type\":\"ReadAction\",\"target\":[\"https:\/\/www.stephaniecesaire.com\/en\/boutique\/uncategorized\/little-joh-woven-lambskin-blue-copie\/\"]}]},{\"@type\":\"ImageObject\",\"inLanguage\":\"en-US\",\"@id\":\"https:\/\/www.stephaniecesaire.com\/en\/boutique\/uncategorized\/little-joh-woven-lambskin-blue-copie\/#primaryimage\",\"url\":\"https:\/\/www.stephaniecesaire.com\/wp-content\/uploads\/2024\/10\/LittleJohTreMadrasGoldFace-jpg.webp\",\"contentUrl\":\"https:\/\/www.stephaniecesaire.com\/wp-content\/uploads\/2024\/10\/LittleJohTreMadrasGoldFace-jpg.webp\",\"width\":630,\"height\":945,\"caption\":\"Woven crossbody bag - C\u00e9saire Paris - Leather goods made in France\"},{\"@type\":\"BreadcrumbList\",\"@id\":\"https:\/\/www.stephaniecesaire.com\/en\/boutique\/uncategorized\/little-joh-woven-lambskin-blue-copie\/#breadcrumb\",\"itemListElement\":[{\"@type\":\"ListItem\",\"position\":1,\"name\":\"Accueil\",\"item\":\"https:\/\/www.stephaniecesaire.com\/en\/\"},{\"@type\":\"ListItem\",\"position\":2,\"name\":\"Shop\",\"item\":\"https:\/\/www.stephaniecesaire.com\/en\/shop\/\"},{\"@type\":\"ListItem\",\"position\":3,\"name\":\"Little Joh &#8211; Woven lambskin &#8211; Blue (Copie)\"}]},{\"@type\":\"WebSite\",\"@id\":\"https:\/\/www.stephaniecesaire.com\/en\/#website\",\"url\":\"https:\/\/www.stephaniecesaire.com\/en\/\",\"name\":\"St\u00e9phanie C\u00e9saire\",\"description\":\"Sac cr\u00e9ateur made in France - Maroquinerie de luxe\",\"publisher\":{\"@id\":\"https:\/\/www.stephaniecesaire.com\/en\/#organization\"},\"potentialAction\":[{\"@type\":\"SearchAction\",\"target\":{\"@type\":\"EntryPoint\",\"urlTemplate\":\"https:\/\/www.stephaniecesaire.com\/en\/?s={search_term_string}\"},\"query-input\":\"required name=search_term_string\"}],\"inLanguage\":\"en-US\"},{\"@type\":\"Organization\",\"@id\":\"https:\/\/www.stephaniecesaire.com\/en\/#organization\",\"name\":\"St\u00e9phanie C\u00e9saire\",\"url\":\"https:\/\/www.stephaniecesaire.com\/en\/\",\"logo\":{\"@type\":\"ImageObject\",\"inLanguage\":\"en-US\",\"@id\":\"https:\/\/www.stephaniecesaire.com\/en\/#\/schema\/logo\/image\/\",\"url\":\"https:\/\/www.stephaniecesaire.com\/wp-content\/uploads\/2023\/10\/favicon.png\",\"contentUrl\":\"https:\/\/www.stephaniecesaire.com\/wp-content\/uploads\/2023\/10\/favicon.png\",\"width\":512,\"height\":512,\"caption\":\"St\u00e9phanie C\u00e9saire\"},\"image\":{\"@id\":\"https:\/\/www.stephaniecesaire.com\/en\/#\/schema\/logo\/image\/\"},\"sameAs\":[\"https:\/\/www.facebook.com\/cesaireparis\/\",\"https:\/\/www.pinterest.fr\/cesaireparis\/\",\"https:\/\/www.instagram.com\/cesaireparis.official\/\"]}]}<\/script>\n<!-- \/ Yoast SEO plugin. -->","yoast_head_json":{"title":"Sac modulable Joh - Cuir d'agneau tress\u00c3\u00a9 - C\u00e9saire Paris - fabriqu\u00c3\u00a9 en France","description":"Nomade et contemporain, voici le sac modulable Joh, oversize \u00c3\u00a9volutif inspir\u00c3\u00a9 du sac \u00c3\u00a9tanche militaire. Mixte et atypique, son grand volume de cuir souple tombe simplement au bout de la sangle qui le ceinture.","robots":{"index":"index","follow":"follow","max-snippet":"max-snippet:-1","max-image-preview":"max-image-preview:large","max-video-preview":"max-video-preview:-1"},"canonical":"https:\/\/www.stephaniecesaire.com\/en\/boutique\/uncategorized\/little-joh-woven-lambskin-blue-copie\/","og_locale":"en_US","og_type":"article","og_title":"Sac modulable Joh - Cuir d'agneau tress\u00c3\u00a9 - C\u00e9saire Paris - fabriqu\u00c3\u00a9 en France","og_description":"Nomade et contemporain, voici le sac modulable Joh, oversize \u00c3\u00a9volutif inspir\u00c3\u00a9 du sac \u00c3\u00a9tanche militaire. Mixte et atypique, son grand volume de cuir souple tombe simplement au bout de la sangle qui le ceinture.","og_url":"https:\/\/www.stephaniecesaire.com\/en\/boutique\/uncategorized\/little-joh-woven-lambskin-blue-copie\/","og_site_name":"C\u00e9saire","article_publisher":"https:\/\/www.facebook.com\/cesaireparis\/","article_modified_time":"2024-10-07T14:27:19+00:00","og_image":[{"width":630,"height":945,"url":"https:\/\/www.stephaniecesaire.com\/wp-content\/uploads\/2024\/10\/LittleJohTreMadrasGoldFace-jpg.webp","type":"image\/jpeg"}],"twitter_card":"summary_large_image","twitter_misc":{"Est. reading time":"1 minute"},"schema":{"@context":"https:\/\/schema.org","@graph":[{"@type":"WebPage","@id":"https:\/\/www.stephaniecesaire.com\/en\/boutique\/uncategorized\/little-joh-woven-lambskin-blue-copie\/","url":"https:\/\/www.stephaniecesaire.com\/en\/boutique\/uncategorized\/little-joh-woven-lambskin-blue-copie\/","name":"Sac modulable Joh - Cuir d'agneau tress\u00c3\u00a9 - C\u00e9saire Paris - fabriqu\u00c3\u00a9 en France","isPartOf":{"@id":"https:\/\/www.stephaniecesaire.com\/en\/#website"},"primaryImageOfPage":{"@id":"https:\/\/www.stephaniecesaire.com\/en\/boutique\/uncategorized\/little-joh-woven-lambskin-blue-copie\/#primaryimage"},"image":{"@id":"https:\/\/www.stephaniecesaire.com\/en\/boutique\/uncategorized\/little-joh-woven-lambskin-blue-copie\/#primaryimage"},"thumbnailUrl":"https:\/\/www.stephaniecesaire.com\/wp-content\/uploads\/2024\/10\/LittleJohTreMadrasGoldFace-jpg.webp","datePublished":"2024-10-07T14:22:28+00:00","dateModified":"2024-10-07T14:27:19+00:00","description":"Nomade et contemporain, voici le sac modulable Joh, oversize \u00c3\u00a9volutif inspir\u00c3\u00a9 du sac \u00c3\u00a9tanche militaire. Mixte et atypique, son grand volume de cuir souple tombe simplement au bout de la sangle qui le ceinture.","breadcrumb":{"@id":"https:\/\/www.stephaniecesaire.com\/en\/boutique\/uncategorized\/little-joh-woven-lambskin-blue-copie\/#breadcrumb"},"inLanguage":"en-US","potentialAction":[{"@type":"ReadAction","target":["https:\/\/www.stephaniecesaire.com\/en\/boutique\/uncategorized\/little-joh-woven-lambskin-blue-copie\/"]}]},{"@type":"ImageObject","inLanguage":"en-US","@id":"https:\/\/www.stephaniecesaire.com\/en\/boutique\/uncategorized\/little-joh-woven-lambskin-blue-copie\/#primaryimage","url":"https:\/\/www.stephaniecesaire.com\/wp-content\/uploads\/2024\/10\/LittleJohTreMadrasGoldFace-jpg.webp","contentUrl":"https:\/\/www.stephaniecesaire.com\/wp-content\/uploads\/2024\/10\/LittleJohTreMadrasGoldFace-jpg.webp","width":630,"height":945,"caption":"Woven crossbody bag - C\u00e9saire Paris - Leather goods made in France"},{"@type":"BreadcrumbList","@id":"https:\/\/www.stephaniecesaire.com\/en\/boutique\/uncategorized\/little-joh-woven-lambskin-blue-copie\/#breadcrumb","itemListElement":[{"@type":"ListItem","position":1,"name":"Accueil","item":"https:\/\/www.stephaniecesaire.com\/en\/"},{"@type":"ListItem","position":2,"name":"Shop","item":"https:\/\/www.stephaniecesaire.com\/en\/shop\/"},{"@type":"ListItem","position":3,"name":"Little Joh &#8211; Woven lambskin &#8211; Blue (Copie)"}]},{"@type":"WebSite","@id":"https:\/\/www.stephaniecesaire.com\/en\/#website","url":"https:\/\/www.stephaniecesaire.com\/en\/","name":"St\u00e9phanie C\u00e9saire","description":"Sac cr\u00e9ateur made in France - Maroquinerie de luxe","publisher":{"@id":"https:\/\/www.stephaniecesaire.com\/en\/#organization"},"potentialAction":[{"@type":"SearchAction","target":{"@type":"EntryPoint","urlTemplate":"https:\/\/www.stephaniecesaire.com\/en\/?s={search_term_string}"},"query-input":"required name=search_term_string"}],"inLanguage":"en-US"},{"@type":"Organization","@id":"https:\/\/www.stephaniecesaire.com\/en\/#organization","name":"St\u00e9phanie C\u00e9saire","url":"https:\/\/www.stephaniecesaire.com\/en\/","logo":{"@type":"ImageObject","inLanguage":"en-US","@id":"https:\/\/www.stephaniecesaire.com\/en\/#\/schema\/logo\/image\/","url":"https:\/\/www.stephaniecesaire.com\/wp-content\/uploads\/2023\/10\/favicon.png","contentUrl":"https:\/\/www.stephaniecesaire.com\/wp-content\/uploads\/2023\/10\/favicon.png","width":512,"height":512,"caption":"St\u00e9phanie C\u00e9saire"},"image":{"@id":"https:\/\/www.stephaniecesaire.com\/en\/#\/schema\/logo\/image\/"},"sameAs":["https:\/\/www.facebook.com\/cesaireparis\/","https:\/\/www.pinterest.fr\/cesaireparis\/","https:\/\/www.instagram.com\/cesaireparis.official\/"]}]}},"_links":{"self":[{"href":"https:\/\/www.stephaniecesaire.com\/en\/wp-json\/wp\/v2\/product\/35929","targetHints":{"allow":["GET"]}}],"collection":[{"href":"https:\/\/www.stephaniecesaire.com\/en\/wp-json\/wp\/v2\/product"}],"about":[{"href":"https:\/\/www.stephaniecesaire.com\/en\/wp-json\/wp\/v2\/types\/product"}],"wp:featuredmedia":[{"embeddable":true,"href":"https:\/\/www.stephaniecesaire.com\/en\/wp-json\/wp\/v2\/media\/35938"}],"wp:attachment":[{"href":"https:\/\/www.stephaniecesaire.com\/en\/wp-json\/wp\/v2\/media?parent=35929"}],"wp:term":[{"taxonomy":"product_cat","embeddable":true,"href":"https:\/\/www.stephaniecesaire.com\/en\/wp-json\/wp\/v2\/product_cat?post=35929"},{"taxonomy":"product_tag","embeddable":true,"href":"https:\/\/www.stephaniecesaire.com\/en\/wp-json\/wp\/v2\/product_tag?post=35929"}],"curies":[{"name":"wp","href":"https:\/\/api.w.org\/{rel}","templated":true}]}}