{"id":36342,"date":"2024-10-26T18:19:18","date_gmt":"2024-10-26T16:19:18","guid":{"rendered":"https:\/\/stephaniecesaire.com\/?post_type=product&#038;p=36342"},"modified":"2024-10-26T18:27:36","modified_gmt":"2024-10-26T16:27:36","slug":"ema-woven-lambskin-satin-calf-black-multicolored-copie","status":"publish","type":"product","link":"https:\/\/www.stephaniecesaire.com\/en\/boutique\/bags\/ema-en\/ema-woven-lambskin-satin-calf-black-multicolored-copie\/","title":{"rendered":"Ema &#8211; Woven lambskin &#038; satin calf &#8211; Black"},"content":{"rendered":"<p>The small Ema flapped bag can be worn long &#8211; either bandoleer style or on the shoulder &#8211; or under the arm thanks to its leather strap that slides through metal D-rings. Its enveloping flap is closed with a brass collar button. Ema is lined in cotton twill and has an inside leather patch pocket. Made in France.<\/p>\n","protected":false},"excerpt":{"rendered":"<p>Ema is our small urban flapped bag with a streamlined, vintage silhouette. The plunging, enveloping form of its flap held down by a wide, buttoned leather tab give an aerodynamic line to its structured, mini oblong shape. It has a minimal authenticity thanks to its simple saddle-stitching and two metal rings.<\/p>\n","protected":false},"featured_media":36359,"template":"","meta":[],"product_cat":[601],"product_tag":[],"class_list":{"0":"post-36342","1":"product","2":"type-product","3":"status-publish","4":"has-post-thumbnail","6":"product_cat-ema-en","7":"product_shipping_class-classe-de-livraison-1","8":"pa_porte-crossbody-bags","9":"pa_volume-sacs-tresses-en","10":"pa_volume-small-bags","12":"first","13":"instock","14":"sold-individually","15":"taxable","16":"shipping-taxable","17":"purchasable","18":"product-type-simple"},"yoast_head":"<!-- This site is optimized with the Yoast SEO plugin v23.1 - https:\/\/yoast.com\/wordpress\/plugins\/seo\/ -->\n<title>Vintage Designer Crossbody Bag - C\u00e9saire Paris - Made in France<\/title>\n<meta name=\"description\" content=\"Vintage crossbody bag, Ema, our small urban satchel with a vintage fairing, can be worn over the shoulder or as a crossbody. Its sloping lines and enveloping flap, secured by a wide buttoned leather strap, give this structured mini racer an aerodynamic look.\" \/>\n<meta name=\"robots\" content=\"index, follow, max-snippet:-1, max-image-preview:large, max-video-preview:-1\" \/>\n<link rel=\"canonical\" href=\"https:\/\/www.stephaniecesaire.com\/en\/boutique\/bags\/ema-en\/ema-woven-lambskin-satin-calf-black-multicolored-copie\/\" \/>\n<meta property=\"og:locale\" content=\"en_US\" \/>\n<meta property=\"og:type\" content=\"article\" \/>\n<meta property=\"og:title\" content=\"Vintage Designer Crossbody Bag - C\u00e9saire Paris - Made in France\" \/>\n<meta property=\"og:description\" content=\"Vintage crossbody bag, Ema, our small urban satchel with a vintage fairing, can be worn over the shoulder or as a crossbody. Its sloping lines and enveloping flap, secured by a wide buttoned leather strap, give this structured mini racer an aerodynamic look.\" \/>\n<meta property=\"og:url\" content=\"https:\/\/www.stephaniecesaire.com\/en\/boutique\/bags\/ema-en\/ema-woven-lambskin-satin-calf-black-multicolored-copie\/\" \/>\n<meta property=\"og:site_name\" content=\"C\u00e9saire\" \/>\n<meta property=\"article:publisher\" content=\"https:\/\/www.facebook.com\/cesaireparis\/\" \/>\n<meta property=\"article:modified_time\" content=\"2024-10-26T16:27:36+00:00\" \/>\n<meta property=\"og:image\" content=\"https:\/\/www.stephaniecesaire.com\/wp-content\/uploads\/2024\/10\/EmaTRENoirProfil.jpg\" \/>\n\t<meta property=\"og:image:width\" content=\"630\" \/>\n\t<meta property=\"og:image:height\" content=\"945\" \/>\n\t<meta property=\"og:image:type\" content=\"image\/jpeg\" \/>\n<meta name=\"twitter:card\" content=\"summary_large_image\" \/>\n<meta name=\"twitter:label1\" content=\"Est. reading time\" \/>\n\t<meta name=\"twitter:data1\" content=\"1 minute\" \/>\n<script type=\"application\/ld+json\" class=\"yoast-schema-graph\">{\"@context\":\"https:\/\/schema.org\",\"@graph\":[{\"@type\":\"WebPage\",\"@id\":\"https:\/\/www.stephaniecesaire.com\/en\/boutique\/bags\/ema-en\/ema-woven-lambskin-satin-calf-black-multicolored-copie\/\",\"url\":\"https:\/\/www.stephaniecesaire.com\/en\/boutique\/bags\/ema-en\/ema-woven-lambskin-satin-calf-black-multicolored-copie\/\",\"name\":\"Vintage Designer Crossbody Bag - C\u00e9saire Paris - Made in France\",\"isPartOf\":{\"@id\":\"https:\/\/www.stephaniecesaire.com\/en\/#website\"},\"primaryImageOfPage\":{\"@id\":\"https:\/\/www.stephaniecesaire.com\/en\/boutique\/bags\/ema-en\/ema-woven-lambskin-satin-calf-black-multicolored-copie\/#primaryimage\"},\"image\":{\"@id\":\"https:\/\/www.stephaniecesaire.com\/en\/boutique\/bags\/ema-en\/ema-woven-lambskin-satin-calf-black-multicolored-copie\/#primaryimage\"},\"thumbnailUrl\":\"https:\/\/www.stephaniecesaire.com\/wp-content\/uploads\/2024\/10\/EmaTRENoirProfil.jpg\",\"datePublished\":\"2024-10-26T16:19:18+00:00\",\"dateModified\":\"2024-10-26T16:27:36+00:00\",\"description\":\"Vintage crossbody bag, Ema, our small urban satchel with a vintage fairing, can be worn over the shoulder or as a crossbody. Its sloping lines and enveloping flap, secured by a wide buttoned leather strap, give this structured mini racer an aerodynamic look.\",\"breadcrumb\":{\"@id\":\"https:\/\/www.stephaniecesaire.com\/en\/boutique\/bags\/ema-en\/ema-woven-lambskin-satin-calf-black-multicolored-copie\/#breadcrumb\"},\"inLanguage\":\"en-US\",\"potentialAction\":[{\"@type\":\"ReadAction\",\"target\":[\"https:\/\/www.stephaniecesaire.com\/en\/boutique\/bags\/ema-en\/ema-woven-lambskin-satin-calf-black-multicolored-copie\/\"]}]},{\"@type\":\"ImageObject\",\"inLanguage\":\"en-US\",\"@id\":\"https:\/\/www.stephaniecesaire.com\/en\/boutique\/bags\/ema-en\/ema-woven-lambskin-satin-calf-black-multicolored-copie\/#primaryimage\",\"url\":\"https:\/\/www.stephaniecesaire.com\/wp-content\/uploads\/2024\/10\/EmaTRENoirProfil.jpg\",\"contentUrl\":\"https:\/\/www.stephaniecesaire.com\/wp-content\/uploads\/2024\/10\/EmaTRENoirProfil.jpg\",\"width\":630,\"height\":945,\"caption\":\"Vintage Designer Crossbody Bag - C\u00e9saire Paris - Made in France\"},{\"@type\":\"BreadcrumbList\",\"@id\":\"https:\/\/www.stephaniecesaire.com\/en\/boutique\/bags\/ema-en\/ema-woven-lambskin-satin-calf-black-multicolored-copie\/#breadcrumb\",\"itemListElement\":[{\"@type\":\"ListItem\",\"position\":1,\"name\":\"Accueil\",\"item\":\"https:\/\/www.stephaniecesaire.com\/en\/\"},{\"@type\":\"ListItem\",\"position\":2,\"name\":\"Shop\",\"item\":\"https:\/\/www.stephaniecesaire.com\/en\/shop\/\"},{\"@type\":\"ListItem\",\"position\":3,\"name\":\"Ema &#8211; Woven lambskin &#038; satin calf &#8211; Black\"}]},{\"@type\":\"WebSite\",\"@id\":\"https:\/\/www.stephaniecesaire.com\/en\/#website\",\"url\":\"https:\/\/www.stephaniecesaire.com\/en\/\",\"name\":\"St\u00e9phanie C\u00e9saire\",\"description\":\"Sac cr\u00e9ateur made in France - Maroquinerie de luxe\",\"publisher\":{\"@id\":\"https:\/\/www.stephaniecesaire.com\/en\/#organization\"},\"potentialAction\":[{\"@type\":\"SearchAction\",\"target\":{\"@type\":\"EntryPoint\",\"urlTemplate\":\"https:\/\/www.stephaniecesaire.com\/en\/?s={search_term_string}\"},\"query-input\":\"required name=search_term_string\"}],\"inLanguage\":\"en-US\"},{\"@type\":\"Organization\",\"@id\":\"https:\/\/www.stephaniecesaire.com\/en\/#organization\",\"name\":\"St\u00e9phanie C\u00e9saire\",\"url\":\"https:\/\/www.stephaniecesaire.com\/en\/\",\"logo\":{\"@type\":\"ImageObject\",\"inLanguage\":\"en-US\",\"@id\":\"https:\/\/www.stephaniecesaire.com\/en\/#\/schema\/logo\/image\/\",\"url\":\"https:\/\/www.stephaniecesaire.com\/wp-content\/uploads\/2023\/10\/favicon.png\",\"contentUrl\":\"https:\/\/www.stephaniecesaire.com\/wp-content\/uploads\/2023\/10\/favicon.png\",\"width\":512,\"height\":512,\"caption\":\"St\u00e9phanie C\u00e9saire\"},\"image\":{\"@id\":\"https:\/\/www.stephaniecesaire.com\/en\/#\/schema\/logo\/image\/\"},\"sameAs\":[\"https:\/\/www.facebook.com\/cesaireparis\/\",\"https:\/\/www.pinterest.fr\/cesaireparis\/\",\"https:\/\/www.instagram.com\/cesaireparis.official\/\"]}]}<\/script>\n<!-- \/ Yoast SEO plugin. -->","yoast_head_json":{"title":"Vintage Designer Crossbody Bag - C\u00e9saire Paris - Made in France","description":"Vintage crossbody bag, Ema, our small urban satchel with a vintage fairing, can be worn over the shoulder or as a crossbody. Its sloping lines and enveloping flap, secured by a wide buttoned leather strap, give this structured mini racer an aerodynamic look.","robots":{"index":"index","follow":"follow","max-snippet":"max-snippet:-1","max-image-preview":"max-image-preview:large","max-video-preview":"max-video-preview:-1"},"canonical":"https:\/\/www.stephaniecesaire.com\/en\/boutique\/bags\/ema-en\/ema-woven-lambskin-satin-calf-black-multicolored-copie\/","og_locale":"en_US","og_type":"article","og_title":"Vintage Designer Crossbody Bag - C\u00e9saire Paris - Made in France","og_description":"Vintage crossbody bag, Ema, our small urban satchel with a vintage fairing, can be worn over the shoulder or as a crossbody. Its sloping lines and enveloping flap, secured by a wide buttoned leather strap, give this structured mini racer an aerodynamic look.","og_url":"https:\/\/www.stephaniecesaire.com\/en\/boutique\/bags\/ema-en\/ema-woven-lambskin-satin-calf-black-multicolored-copie\/","og_site_name":"C\u00e9saire","article_publisher":"https:\/\/www.facebook.com\/cesaireparis\/","article_modified_time":"2024-10-26T16:27:36+00:00","og_image":[{"width":630,"height":945,"url":"https:\/\/www.stephaniecesaire.com\/wp-content\/uploads\/2024\/10\/EmaTRENoirProfil.jpg","type":"image\/jpeg"}],"twitter_card":"summary_large_image","twitter_misc":{"Est. reading time":"1 minute"},"schema":{"@context":"https:\/\/schema.org","@graph":[{"@type":"WebPage","@id":"https:\/\/www.stephaniecesaire.com\/en\/boutique\/bags\/ema-en\/ema-woven-lambskin-satin-calf-black-multicolored-copie\/","url":"https:\/\/www.stephaniecesaire.com\/en\/boutique\/bags\/ema-en\/ema-woven-lambskin-satin-calf-black-multicolored-copie\/","name":"Vintage Designer Crossbody Bag - C\u00e9saire Paris - Made in France","isPartOf":{"@id":"https:\/\/www.stephaniecesaire.com\/en\/#website"},"primaryImageOfPage":{"@id":"https:\/\/www.stephaniecesaire.com\/en\/boutique\/bags\/ema-en\/ema-woven-lambskin-satin-calf-black-multicolored-copie\/#primaryimage"},"image":{"@id":"https:\/\/www.stephaniecesaire.com\/en\/boutique\/bags\/ema-en\/ema-woven-lambskin-satin-calf-black-multicolored-copie\/#primaryimage"},"thumbnailUrl":"https:\/\/www.stephaniecesaire.com\/wp-content\/uploads\/2024\/10\/EmaTRENoirProfil.jpg","datePublished":"2024-10-26T16:19:18+00:00","dateModified":"2024-10-26T16:27:36+00:00","description":"Vintage crossbody bag, Ema, our small urban satchel with a vintage fairing, can be worn over the shoulder or as a crossbody. Its sloping lines and enveloping flap, secured by a wide buttoned leather strap, give this structured mini racer an aerodynamic look.","breadcrumb":{"@id":"https:\/\/www.stephaniecesaire.com\/en\/boutique\/bags\/ema-en\/ema-woven-lambskin-satin-calf-black-multicolored-copie\/#breadcrumb"},"inLanguage":"en-US","potentialAction":[{"@type":"ReadAction","target":["https:\/\/www.stephaniecesaire.com\/en\/boutique\/bags\/ema-en\/ema-woven-lambskin-satin-calf-black-multicolored-copie\/"]}]},{"@type":"ImageObject","inLanguage":"en-US","@id":"https:\/\/www.stephaniecesaire.com\/en\/boutique\/bags\/ema-en\/ema-woven-lambskin-satin-calf-black-multicolored-copie\/#primaryimage","url":"https:\/\/www.stephaniecesaire.com\/wp-content\/uploads\/2024\/10\/EmaTRENoirProfil.jpg","contentUrl":"https:\/\/www.stephaniecesaire.com\/wp-content\/uploads\/2024\/10\/EmaTRENoirProfil.jpg","width":630,"height":945,"caption":"Vintage Designer Crossbody Bag - C\u00e9saire Paris - Made in France"},{"@type":"BreadcrumbList","@id":"https:\/\/www.stephaniecesaire.com\/en\/boutique\/bags\/ema-en\/ema-woven-lambskin-satin-calf-black-multicolored-copie\/#breadcrumb","itemListElement":[{"@type":"ListItem","position":1,"name":"Accueil","item":"https:\/\/www.stephaniecesaire.com\/en\/"},{"@type":"ListItem","position":2,"name":"Shop","item":"https:\/\/www.stephaniecesaire.com\/en\/shop\/"},{"@type":"ListItem","position":3,"name":"Ema &#8211; Woven lambskin &#038; satin calf &#8211; Black"}]},{"@type":"WebSite","@id":"https:\/\/www.stephaniecesaire.com\/en\/#website","url":"https:\/\/www.stephaniecesaire.com\/en\/","name":"St\u00e9phanie C\u00e9saire","description":"Sac cr\u00e9ateur made in France - Maroquinerie de luxe","publisher":{"@id":"https:\/\/www.stephaniecesaire.com\/en\/#organization"},"potentialAction":[{"@type":"SearchAction","target":{"@type":"EntryPoint","urlTemplate":"https:\/\/www.stephaniecesaire.com\/en\/?s={search_term_string}"},"query-input":"required name=search_term_string"}],"inLanguage":"en-US"},{"@type":"Organization","@id":"https:\/\/www.stephaniecesaire.com\/en\/#organization","name":"St\u00e9phanie C\u00e9saire","url":"https:\/\/www.stephaniecesaire.com\/en\/","logo":{"@type":"ImageObject","inLanguage":"en-US","@id":"https:\/\/www.stephaniecesaire.com\/en\/#\/schema\/logo\/image\/","url":"https:\/\/www.stephaniecesaire.com\/wp-content\/uploads\/2023\/10\/favicon.png","contentUrl":"https:\/\/www.stephaniecesaire.com\/wp-content\/uploads\/2023\/10\/favicon.png","width":512,"height":512,"caption":"St\u00e9phanie C\u00e9saire"},"image":{"@id":"https:\/\/www.stephaniecesaire.com\/en\/#\/schema\/logo\/image\/"},"sameAs":["https:\/\/www.facebook.com\/cesaireparis\/","https:\/\/www.pinterest.fr\/cesaireparis\/","https:\/\/www.instagram.com\/cesaireparis.official\/"]}]}},"_links":{"self":[{"href":"https:\/\/www.stephaniecesaire.com\/en\/wp-json\/wp\/v2\/product\/36342","targetHints":{"allow":["GET"]}}],"collection":[{"href":"https:\/\/www.stephaniecesaire.com\/en\/wp-json\/wp\/v2\/product"}],"about":[{"href":"https:\/\/www.stephaniecesaire.com\/en\/wp-json\/wp\/v2\/types\/product"}],"wp:featuredmedia":[{"embeddable":true,"href":"https:\/\/www.stephaniecesaire.com\/en\/wp-json\/wp\/v2\/media\/36359"}],"wp:attachment":[{"href":"https:\/\/www.stephaniecesaire.com\/en\/wp-json\/wp\/v2\/media?parent=36342"}],"wp:term":[{"taxonomy":"product_cat","embeddable":true,"href":"https:\/\/www.stephaniecesaire.com\/en\/wp-json\/wp\/v2\/product_cat?post=36342"},{"taxonomy":"product_tag","embeddable":true,"href":"https:\/\/www.stephaniecesaire.com\/en\/wp-json\/wp\/v2\/product_tag?post=36342"}],"curies":[{"name":"wp","href":"https:\/\/api.w.org\/{rel}","templated":true}]}}