{"id":36400,"date":"2024-11-01T18:04:58","date_gmt":"2024-11-01T17:04:58","guid":{"rendered":"https:\/\/stephaniecesaire.com\/?post_type=product&#038;p=36400"},"modified":"2024-12-16T16:21:12","modified_gmt":"2024-12-16T15:21:12","slug":"flora-nubuck-grained-calf-chamois","status":"publish","type":"product","link":"https:\/\/www.stephaniecesaire.com\/en\/boutique\/bags\/flora-en\/flora-nubuck-grained-calf-chamois\/","title":{"rendered":"Flora &#8211; Nubuck grained calf &#8211; Chamois"},"content":{"rendered":"<p>The Flora pouch is worn on the shoulder thanks to its handle attached by two curved metal studs. It has an invisible magnetic snap closure, is lined in cotton twill and has an inside zipped pocket. Made in France.<\/p>\n","protected":false},"excerpt":{"rendered":"<p>A sober elegance is evoked by this flat triangular pouch with its pared-down graphics, edged by a simple piping.\u00a0It is worn on the shoulder thanks to its saddle-stitched strap attached on each side by a curved metal stud.<\/p>\n","protected":false},"featured_media":36370,"template":"","meta":[],"product_cat":[602],"product_tag":[670,672],"class_list":{"0":"post-36400","1":"product","2":"type-product","3":"status-publish","4":"has-post-thumbnail","6":"product_cat-flora-en","7":"product_tag-iconic","8":"product_tag-new-products","9":"product_shipping_class-classe-de-livraison-3","10":"pa_porte-shoulder-bags","11":"pa_volume-medium-bags","13":"first","14":"instock","15":"sold-individually","16":"taxable","17":"shipping-taxable","18":"purchasable","19":"product-type-simple"},"yoast_head":"<!-- This site is optimized with the Yoast SEO plugin v23.1 - https:\/\/yoast.com\/wordpress\/plugins\/seo\/ -->\n<title>Designer Shoulder Bag - C\u00e9saire Paris \u2013 Best handbag shop in Paris<\/title>\n<meta name=\"description\" content=\"A refined elegance emanates from this flat, triangular leather pocket with minimalist lines, accented by simple piping. It\u2019s perfectly suited for shoulder wear, thanks to its strap with saddle-stitched finishes.\" \/>\n<meta name=\"robots\" content=\"index, follow, max-snippet:-1, max-image-preview:large, max-video-preview:-1\" \/>\n<link rel=\"canonical\" href=\"https:\/\/www.stephaniecesaire.com\/en\/boutique\/bags\/flora-en\/flora-nubuck-grained-calf-chamois\/\" \/>\n<meta property=\"og:locale\" content=\"en_US\" \/>\n<meta property=\"og:type\" content=\"article\" \/>\n<meta property=\"og:title\" content=\"Designer Shoulder Bag - C\u00e9saire Paris \u2013 Best handbag shop in Paris\" \/>\n<meta property=\"og:description\" content=\"A refined elegance emanates from this flat, triangular leather pocket with minimalist lines, accented by simple piping. It\u2019s perfectly suited for shoulder wear, thanks to its strap with saddle-stitched finishes.\" \/>\n<meta property=\"og:url\" content=\"https:\/\/www.stephaniecesaire.com\/en\/boutique\/bags\/flora-en\/flora-nubuck-grained-calf-chamois\/\" \/>\n<meta property=\"og:site_name\" content=\"C\u00e9saire\" \/>\n<meta property=\"article:publisher\" content=\"https:\/\/www.facebook.com\/cesaireparis\/\" \/>\n<meta property=\"article:modified_time\" content=\"2024-12-16T15:21:12+00:00\" \/>\n<meta property=\"og:image\" content=\"https:\/\/www.stephaniecesaire.com\/wp-content\/uploads\/2024\/11\/FloraNUGChamoisFace.jpg\" \/>\n\t<meta property=\"og:image:width\" content=\"630\" \/>\n\t<meta property=\"og:image:height\" content=\"945\" \/>\n\t<meta property=\"og:image:type\" content=\"image\/jpeg\" \/>\n<meta name=\"twitter:card\" content=\"summary_large_image\" \/>\n<meta name=\"twitter:label1\" content=\"Est. reading time\" \/>\n\t<meta name=\"twitter:data1\" content=\"1 minute\" \/>\n<script type=\"application\/ld+json\" class=\"yoast-schema-graph\">{\"@context\":\"https:\/\/schema.org\",\"@graph\":[{\"@type\":\"WebPage\",\"@id\":\"https:\/\/www.stephaniecesaire.com\/en\/boutique\/bags\/flora-en\/flora-nubuck-grained-calf-chamois\/\",\"url\":\"https:\/\/www.stephaniecesaire.com\/en\/boutique\/bags\/flora-en\/flora-nubuck-grained-calf-chamois\/\",\"name\":\"Designer Shoulder Bag - C\u00e9saire Paris \u2013 Best handbag shop in Paris\",\"isPartOf\":{\"@id\":\"https:\/\/www.stephaniecesaire.com\/en\/#website\"},\"primaryImageOfPage\":{\"@id\":\"https:\/\/www.stephaniecesaire.com\/en\/boutique\/bags\/flora-en\/flora-nubuck-grained-calf-chamois\/#primaryimage\"},\"image\":{\"@id\":\"https:\/\/www.stephaniecesaire.com\/en\/boutique\/bags\/flora-en\/flora-nubuck-grained-calf-chamois\/#primaryimage\"},\"thumbnailUrl\":\"https:\/\/www.stephaniecesaire.com\/wp-content\/uploads\/2024\/11\/FloraNUGChamoisFace.jpg\",\"datePublished\":\"2024-11-01T17:04:58+00:00\",\"dateModified\":\"2024-12-16T15:21:12+00:00\",\"description\":\"A refined elegance emanates from this flat, triangular leather pocket with minimalist lines, accented by simple piping. It\u2019s perfectly suited for shoulder wear, thanks to its strap with saddle-stitched finishes.\",\"breadcrumb\":{\"@id\":\"https:\/\/www.stephaniecesaire.com\/en\/boutique\/bags\/flora-en\/flora-nubuck-grained-calf-chamois\/#breadcrumb\"},\"inLanguage\":\"en-US\",\"potentialAction\":[{\"@type\":\"ReadAction\",\"target\":[\"https:\/\/www.stephaniecesaire.com\/en\/boutique\/bags\/flora-en\/flora-nubuck-grained-calf-chamois\/\"]}]},{\"@type\":\"ImageObject\",\"inLanguage\":\"en-US\",\"@id\":\"https:\/\/www.stephaniecesaire.com\/en\/boutique\/bags\/flora-en\/flora-nubuck-grained-calf-chamois\/#primaryimage\",\"url\":\"https:\/\/www.stephaniecesaire.com\/wp-content\/uploads\/2024\/11\/FloraNUGChamoisFace.jpg\",\"contentUrl\":\"https:\/\/www.stephaniecesaire.com\/wp-content\/uploads\/2024\/11\/FloraNUGChamoisFace.jpg\",\"width\":630,\"height\":945,\"caption\":\"Designer Shoulder Bag - C\u00e9saire Paris \u2013 Best handbag shop in Paris\"},{\"@type\":\"BreadcrumbList\",\"@id\":\"https:\/\/www.stephaniecesaire.com\/en\/boutique\/bags\/flora-en\/flora-nubuck-grained-calf-chamois\/#breadcrumb\",\"itemListElement\":[{\"@type\":\"ListItem\",\"position\":1,\"name\":\"Accueil\",\"item\":\"https:\/\/www.stephaniecesaire.com\/en\/\"},{\"@type\":\"ListItem\",\"position\":2,\"name\":\"Shop\",\"item\":\"https:\/\/www.stephaniecesaire.com\/en\/shop\/\"},{\"@type\":\"ListItem\",\"position\":3,\"name\":\"Flora &#8211; Nubuck grained calf &#8211; Chamois\"}]},{\"@type\":\"WebSite\",\"@id\":\"https:\/\/www.stephaniecesaire.com\/en\/#website\",\"url\":\"https:\/\/www.stephaniecesaire.com\/en\/\",\"name\":\"St\u00e9phanie C\u00e9saire\",\"description\":\"Sac cr\u00e9ateur made in France - Maroquinerie de luxe\",\"publisher\":{\"@id\":\"https:\/\/www.stephaniecesaire.com\/en\/#organization\"},\"potentialAction\":[{\"@type\":\"SearchAction\",\"target\":{\"@type\":\"EntryPoint\",\"urlTemplate\":\"https:\/\/www.stephaniecesaire.com\/en\/?s={search_term_string}\"},\"query-input\":\"required name=search_term_string\"}],\"inLanguage\":\"en-US\"},{\"@type\":\"Organization\",\"@id\":\"https:\/\/www.stephaniecesaire.com\/en\/#organization\",\"name\":\"St\u00e9phanie C\u00e9saire\",\"url\":\"https:\/\/www.stephaniecesaire.com\/en\/\",\"logo\":{\"@type\":\"ImageObject\",\"inLanguage\":\"en-US\",\"@id\":\"https:\/\/www.stephaniecesaire.com\/en\/#\/schema\/logo\/image\/\",\"url\":\"https:\/\/www.stephaniecesaire.com\/wp-content\/uploads\/2023\/10\/favicon.png\",\"contentUrl\":\"https:\/\/www.stephaniecesaire.com\/wp-content\/uploads\/2023\/10\/favicon.png\",\"width\":512,\"height\":512,\"caption\":\"St\u00e9phanie C\u00e9saire\"},\"image\":{\"@id\":\"https:\/\/www.stephaniecesaire.com\/en\/#\/schema\/logo\/image\/\"},\"sameAs\":[\"https:\/\/www.facebook.com\/cesaireparis\/\",\"https:\/\/www.pinterest.fr\/cesaireparis\/\",\"https:\/\/www.instagram.com\/cesaireparis.official\/\"]}]}<\/script>\n<!-- \/ Yoast SEO plugin. -->","yoast_head_json":{"title":"Designer Shoulder Bag - C\u00e9saire Paris \u2013 Best handbag shop in Paris","description":"A refined elegance emanates from this flat, triangular leather pocket with minimalist lines, accented by simple piping. It\u2019s perfectly suited for shoulder wear, thanks to its strap with saddle-stitched finishes.","robots":{"index":"index","follow":"follow","max-snippet":"max-snippet:-1","max-image-preview":"max-image-preview:large","max-video-preview":"max-video-preview:-1"},"canonical":"https:\/\/www.stephaniecesaire.com\/en\/boutique\/bags\/flora-en\/flora-nubuck-grained-calf-chamois\/","og_locale":"en_US","og_type":"article","og_title":"Designer Shoulder Bag - C\u00e9saire Paris \u2013 Best handbag shop in Paris","og_description":"A refined elegance emanates from this flat, triangular leather pocket with minimalist lines, accented by simple piping. It\u2019s perfectly suited for shoulder wear, thanks to its strap with saddle-stitched finishes.","og_url":"https:\/\/www.stephaniecesaire.com\/en\/boutique\/bags\/flora-en\/flora-nubuck-grained-calf-chamois\/","og_site_name":"C\u00e9saire","article_publisher":"https:\/\/www.facebook.com\/cesaireparis\/","article_modified_time":"2024-12-16T15:21:12+00:00","og_image":[{"width":630,"height":945,"url":"https:\/\/www.stephaniecesaire.com\/wp-content\/uploads\/2024\/11\/FloraNUGChamoisFace.jpg","type":"image\/jpeg"}],"twitter_card":"summary_large_image","twitter_misc":{"Est. reading time":"1 minute"},"schema":{"@context":"https:\/\/schema.org","@graph":[{"@type":"WebPage","@id":"https:\/\/www.stephaniecesaire.com\/en\/boutique\/bags\/flora-en\/flora-nubuck-grained-calf-chamois\/","url":"https:\/\/www.stephaniecesaire.com\/en\/boutique\/bags\/flora-en\/flora-nubuck-grained-calf-chamois\/","name":"Designer Shoulder Bag - C\u00e9saire Paris \u2013 Best handbag shop in Paris","isPartOf":{"@id":"https:\/\/www.stephaniecesaire.com\/en\/#website"},"primaryImageOfPage":{"@id":"https:\/\/www.stephaniecesaire.com\/en\/boutique\/bags\/flora-en\/flora-nubuck-grained-calf-chamois\/#primaryimage"},"image":{"@id":"https:\/\/www.stephaniecesaire.com\/en\/boutique\/bags\/flora-en\/flora-nubuck-grained-calf-chamois\/#primaryimage"},"thumbnailUrl":"https:\/\/www.stephaniecesaire.com\/wp-content\/uploads\/2024\/11\/FloraNUGChamoisFace.jpg","datePublished":"2024-11-01T17:04:58+00:00","dateModified":"2024-12-16T15:21:12+00:00","description":"A refined elegance emanates from this flat, triangular leather pocket with minimalist lines, accented by simple piping. It\u2019s perfectly suited for shoulder wear, thanks to its strap with saddle-stitched finishes.","breadcrumb":{"@id":"https:\/\/www.stephaniecesaire.com\/en\/boutique\/bags\/flora-en\/flora-nubuck-grained-calf-chamois\/#breadcrumb"},"inLanguage":"en-US","potentialAction":[{"@type":"ReadAction","target":["https:\/\/www.stephaniecesaire.com\/en\/boutique\/bags\/flora-en\/flora-nubuck-grained-calf-chamois\/"]}]},{"@type":"ImageObject","inLanguage":"en-US","@id":"https:\/\/www.stephaniecesaire.com\/en\/boutique\/bags\/flora-en\/flora-nubuck-grained-calf-chamois\/#primaryimage","url":"https:\/\/www.stephaniecesaire.com\/wp-content\/uploads\/2024\/11\/FloraNUGChamoisFace.jpg","contentUrl":"https:\/\/www.stephaniecesaire.com\/wp-content\/uploads\/2024\/11\/FloraNUGChamoisFace.jpg","width":630,"height":945,"caption":"Designer Shoulder Bag - C\u00e9saire Paris \u2013 Best handbag shop in Paris"},{"@type":"BreadcrumbList","@id":"https:\/\/www.stephaniecesaire.com\/en\/boutique\/bags\/flora-en\/flora-nubuck-grained-calf-chamois\/#breadcrumb","itemListElement":[{"@type":"ListItem","position":1,"name":"Accueil","item":"https:\/\/www.stephaniecesaire.com\/en\/"},{"@type":"ListItem","position":2,"name":"Shop","item":"https:\/\/www.stephaniecesaire.com\/en\/shop\/"},{"@type":"ListItem","position":3,"name":"Flora &#8211; Nubuck grained calf &#8211; Chamois"}]},{"@type":"WebSite","@id":"https:\/\/www.stephaniecesaire.com\/en\/#website","url":"https:\/\/www.stephaniecesaire.com\/en\/","name":"St\u00e9phanie C\u00e9saire","description":"Sac cr\u00e9ateur made in France - Maroquinerie de luxe","publisher":{"@id":"https:\/\/www.stephaniecesaire.com\/en\/#organization"},"potentialAction":[{"@type":"SearchAction","target":{"@type":"EntryPoint","urlTemplate":"https:\/\/www.stephaniecesaire.com\/en\/?s={search_term_string}"},"query-input":"required name=search_term_string"}],"inLanguage":"en-US"},{"@type":"Organization","@id":"https:\/\/www.stephaniecesaire.com\/en\/#organization","name":"St\u00e9phanie C\u00e9saire","url":"https:\/\/www.stephaniecesaire.com\/en\/","logo":{"@type":"ImageObject","inLanguage":"en-US","@id":"https:\/\/www.stephaniecesaire.com\/en\/#\/schema\/logo\/image\/","url":"https:\/\/www.stephaniecesaire.com\/wp-content\/uploads\/2023\/10\/favicon.png","contentUrl":"https:\/\/www.stephaniecesaire.com\/wp-content\/uploads\/2023\/10\/favicon.png","width":512,"height":512,"caption":"St\u00e9phanie C\u00e9saire"},"image":{"@id":"https:\/\/www.stephaniecesaire.com\/en\/#\/schema\/logo\/image\/"},"sameAs":["https:\/\/www.facebook.com\/cesaireparis\/","https:\/\/www.pinterest.fr\/cesaireparis\/","https:\/\/www.instagram.com\/cesaireparis.official\/"]}]}},"_links":{"self":[{"href":"https:\/\/www.stephaniecesaire.com\/en\/wp-json\/wp\/v2\/product\/36400","targetHints":{"allow":["GET"]}}],"collection":[{"href":"https:\/\/www.stephaniecesaire.com\/en\/wp-json\/wp\/v2\/product"}],"about":[{"href":"https:\/\/www.stephaniecesaire.com\/en\/wp-json\/wp\/v2\/types\/product"}],"wp:featuredmedia":[{"embeddable":true,"href":"https:\/\/www.stephaniecesaire.com\/en\/wp-json\/wp\/v2\/media\/36370"}],"wp:attachment":[{"href":"https:\/\/www.stephaniecesaire.com\/en\/wp-json\/wp\/v2\/media?parent=36400"}],"wp:term":[{"taxonomy":"product_cat","embeddable":true,"href":"https:\/\/www.stephaniecesaire.com\/en\/wp-json\/wp\/v2\/product_cat?post=36400"},{"taxonomy":"product_tag","embeddable":true,"href":"https:\/\/www.stephaniecesaire.com\/en\/wp-json\/wp\/v2\/product_tag?post=36400"}],"curies":[{"name":"wp","href":"https:\/\/api.w.org\/{rel}","templated":true}]}}