{"id":38175,"date":"2025-02-25T17:42:44","date_gmt":"2025-02-25T16:42:44","guid":{"rendered":"https:\/\/www.stephaniecesaire.com\/?post_type=product&#038;p=38175"},"modified":"2025-02-25T17:50:44","modified_gmt":"2025-02-25T16:50:44","slug":"gaga-saddle-calfskin-chocolate-copie","status":"publish","type":"product","link":"https:\/\/www.stephaniecesaire.com\/en\/boutique\/bags\/gaga-en\/gaga-saddle-calfskin-chocolate-copie\/","title":{"rendered":"Gaga &#8211; Bull grained leather \u2013 Storm"},"content":{"rendered":"<div>\n<p><span lang=\"EN-US\">Mini satchel Gaga, its flap, with soft lines bordered by delicate relief modeling, is kept closed by two oversized collar buttons. Its sliding shoulder strap, held by two leather loops, allows for adjustment for different ways of carrying. Fully lined with 100% cotton twill, the Gaga features a zip pocket and a large pocket for a mobile phone. <\/span>The Gaga bag is handmade in France.<\/p>\n<\/div>\n","protected":false},"excerpt":{"rendered":"<div>\n<p><span lang=\"EN-US\">Inspired by messenger bags, our mini satchel Gaga with its rolled flap inspires Parisian strolls. Designed with curves, its pure and sophisticated lines offer a captivating look, and its compact volume enhances the silhouette of the wearer. It will be charming worn on the shoulder, across the body, or in hand, and its casual style will easily adapt to your everyday wardrobe. <\/span>The Gaga bag is handmade in France.<\/p>\n<\/div>\n","protected":false},"featured_media":38210,"template":"","meta":[],"product_cat":[1747],"product_tag":[672],"class_list":{"0":"post-38175","1":"product","2":"type-product","3":"status-publish","4":"has-post-thumbnail","6":"product_cat-gaga-en","7":"product_tag-new-products","8":"product_shipping_class-classe-de-livraison-2","9":"pa_porte-crossbody-bags","10":"pa_porte-handbags","11":"pa_porte-shoulder-bags","12":"pa_volume-medium-bags","13":"pa_volume-small-bags","15":"first","16":"outofstock","17":"sold-individually","18":"taxable","19":"shipping-taxable","20":"purchasable","21":"product-type-simple"},"yoast_head":"<!-- This site is optimized with the Yoast SEO plugin v23.1 - https:\/\/yoast.com\/wordpress\/plugins\/seo\/ -->\n<title>Mini leather satchel for women Gaga - C\u00e9saire Paris - Handmade bag made in France<\/title>\n<meta name=\"description\" content=\"Inspired by messenger bags, our mini leather satchel Gaga with its rolled flap offers a captivating look and inspires Parisian strolls.\" \/>\n<meta name=\"robots\" content=\"index, follow, max-snippet:-1, max-image-preview:large, max-video-preview:-1\" \/>\n<link rel=\"canonical\" href=\"https:\/\/www.stephaniecesaire.com\/en\/boutique\/bags\/gaga-en\/gaga-saddle-calfskin-chocolate-copie\/\" \/>\n<meta property=\"og:locale\" content=\"en_US\" \/>\n<meta property=\"og:type\" content=\"article\" \/>\n<meta property=\"og:title\" content=\"Mini leather satchel for women Gaga - C\u00e9saire Paris - Handmade bag made in France\" \/>\n<meta property=\"og:description\" content=\"Inspired by messenger bags, our mini leather satchel Gaga with its rolled flap offers a captivating look and inspires Parisian strolls.\" \/>\n<meta property=\"og:url\" content=\"https:\/\/www.stephaniecesaire.com\/en\/boutique\/bags\/gaga-en\/gaga-saddle-calfskin-chocolate-copie\/\" \/>\n<meta property=\"og:site_name\" content=\"C\u00e9saire\" \/>\n<meta property=\"article:publisher\" content=\"https:\/\/www.facebook.com\/cesaireparis\/\" \/>\n<meta property=\"article:modified_time\" content=\"2025-02-25T16:50:44+00:00\" \/>\n<meta property=\"og:image\" content=\"https:\/\/www.stephaniecesaire.com\/wp-content\/uploads\/2025\/02\/GagaRAGOrageFace.jpg\" \/>\n\t<meta property=\"og:image:width\" content=\"630\" \/>\n\t<meta property=\"og:image:height\" content=\"945\" \/>\n\t<meta property=\"og:image:type\" content=\"image\/jpeg\" \/>\n<meta name=\"twitter:card\" content=\"summary_large_image\" \/>\n<meta name=\"twitter:label1\" content=\"Est. reading time\" \/>\n\t<meta name=\"twitter:data1\" content=\"1 minute\" \/>\n<script type=\"application\/ld+json\" class=\"yoast-schema-graph\">{\"@context\":\"https:\/\/schema.org\",\"@graph\":[{\"@type\":\"WebPage\",\"@id\":\"https:\/\/www.stephaniecesaire.com\/en\/boutique\/bags\/gaga-en\/gaga-saddle-calfskin-chocolate-copie\/\",\"url\":\"https:\/\/www.stephaniecesaire.com\/en\/boutique\/bags\/gaga-en\/gaga-saddle-calfskin-chocolate-copie\/\",\"name\":\"Mini leather satchel for women Gaga - C\u00e9saire Paris - Handmade bag made in France\",\"isPartOf\":{\"@id\":\"https:\/\/www.stephaniecesaire.com\/en\/#website\"},\"primaryImageOfPage\":{\"@id\":\"https:\/\/www.stephaniecesaire.com\/en\/boutique\/bags\/gaga-en\/gaga-saddle-calfskin-chocolate-copie\/#primaryimage\"},\"image\":{\"@id\":\"https:\/\/www.stephaniecesaire.com\/en\/boutique\/bags\/gaga-en\/gaga-saddle-calfskin-chocolate-copie\/#primaryimage\"},\"thumbnailUrl\":\"https:\/\/www.stephaniecesaire.com\/wp-content\/uploads\/2025\/02\/GagaRAGOrageFace-1.jpg\",\"datePublished\":\"2025-02-25T16:42:44+00:00\",\"dateModified\":\"2025-02-25T16:50:44+00:00\",\"description\":\"Inspired by messenger bags, our mini leather satchel Gaga with its rolled flap offers a captivating look and inspires Parisian strolls.\",\"breadcrumb\":{\"@id\":\"https:\/\/www.stephaniecesaire.com\/en\/boutique\/bags\/gaga-en\/gaga-saddle-calfskin-chocolate-copie\/#breadcrumb\"},\"inLanguage\":\"en-US\",\"potentialAction\":[{\"@type\":\"ReadAction\",\"target\":[\"https:\/\/www.stephaniecesaire.com\/en\/boutique\/bags\/gaga-en\/gaga-saddle-calfskin-chocolate-copie\/\"]}]},{\"@type\":\"ImageObject\",\"inLanguage\":\"en-US\",\"@id\":\"https:\/\/www.stephaniecesaire.com\/en\/boutique\/bags\/gaga-en\/gaga-saddle-calfskin-chocolate-copie\/#primaryimage\",\"url\":\"https:\/\/www.stephaniecesaire.com\/wp-content\/uploads\/2025\/02\/GagaRAGOrageFace-1.jpg\",\"contentUrl\":\"https:\/\/www.stephaniecesaire.com\/wp-content\/uploads\/2025\/02\/GagaRAGOrageFace-1.jpg\",\"width\":630,\"height\":945,\"caption\":\"Sacoche bandouli\u00e8re Gaga - C\u00e9saire Paris \u2013 Sac cr\u00e9ateur fabriqu\u00e9 en France\"},{\"@type\":\"BreadcrumbList\",\"@id\":\"https:\/\/www.stephaniecesaire.com\/en\/boutique\/bags\/gaga-en\/gaga-saddle-calfskin-chocolate-copie\/#breadcrumb\",\"itemListElement\":[{\"@type\":\"ListItem\",\"position\":1,\"name\":\"Accueil\",\"item\":\"https:\/\/www.stephaniecesaire.com\/en\/\"},{\"@type\":\"ListItem\",\"position\":2,\"name\":\"Shop\",\"item\":\"https:\/\/www.stephaniecesaire.com\/en\/shop\/\"},{\"@type\":\"ListItem\",\"position\":3,\"name\":\"Gaga &#8211; Bull grained leather \u2013 Storm\"}]},{\"@type\":\"WebSite\",\"@id\":\"https:\/\/www.stephaniecesaire.com\/en\/#website\",\"url\":\"https:\/\/www.stephaniecesaire.com\/en\/\",\"name\":\"St\u00e9phanie C\u00e9saire\",\"description\":\"Sac cr\u00e9ateur made in France - Maroquinerie de luxe\",\"publisher\":{\"@id\":\"https:\/\/www.stephaniecesaire.com\/en\/#organization\"},\"potentialAction\":[{\"@type\":\"SearchAction\",\"target\":{\"@type\":\"EntryPoint\",\"urlTemplate\":\"https:\/\/www.stephaniecesaire.com\/en\/?s={search_term_string}\"},\"query-input\":\"required name=search_term_string\"}],\"inLanguage\":\"en-US\"},{\"@type\":\"Organization\",\"@id\":\"https:\/\/www.stephaniecesaire.com\/en\/#organization\",\"name\":\"St\u00e9phanie C\u00e9saire\",\"url\":\"https:\/\/www.stephaniecesaire.com\/en\/\",\"logo\":{\"@type\":\"ImageObject\",\"inLanguage\":\"en-US\",\"@id\":\"https:\/\/www.stephaniecesaire.com\/en\/#\/schema\/logo\/image\/\",\"url\":\"https:\/\/www.stephaniecesaire.com\/wp-content\/uploads\/2023\/10\/favicon.png\",\"contentUrl\":\"https:\/\/www.stephaniecesaire.com\/wp-content\/uploads\/2023\/10\/favicon.png\",\"width\":512,\"height\":512,\"caption\":\"St\u00e9phanie C\u00e9saire\"},\"image\":{\"@id\":\"https:\/\/www.stephaniecesaire.com\/en\/#\/schema\/logo\/image\/\"},\"sameAs\":[\"https:\/\/www.facebook.com\/cesaireparis\/\",\"https:\/\/www.pinterest.fr\/cesaireparis\/\",\"https:\/\/www.instagram.com\/cesaireparis.official\/\"]}]}<\/script>\n<!-- \/ Yoast SEO plugin. -->","yoast_head_json":{"title":"Mini leather satchel for women Gaga - C\u00e9saire Paris - Handmade bag made in France","description":"Inspired by messenger bags, our mini leather satchel Gaga with its rolled flap offers a captivating look and inspires Parisian strolls.","robots":{"index":"index","follow":"follow","max-snippet":"max-snippet:-1","max-image-preview":"max-image-preview:large","max-video-preview":"max-video-preview:-1"},"canonical":"https:\/\/www.stephaniecesaire.com\/en\/boutique\/bags\/gaga-en\/gaga-saddle-calfskin-chocolate-copie\/","og_locale":"en_US","og_type":"article","og_title":"Mini leather satchel for women Gaga - C\u00e9saire Paris - Handmade bag made in France","og_description":"Inspired by messenger bags, our mini leather satchel Gaga with its rolled flap offers a captivating look and inspires Parisian strolls.","og_url":"https:\/\/www.stephaniecesaire.com\/en\/boutique\/bags\/gaga-en\/gaga-saddle-calfskin-chocolate-copie\/","og_site_name":"C\u00e9saire","article_publisher":"https:\/\/www.facebook.com\/cesaireparis\/","article_modified_time":"2025-02-25T16:50:44+00:00","og_image":[{"width":630,"height":945,"url":"https:\/\/www.stephaniecesaire.com\/wp-content\/uploads\/2025\/02\/GagaRAGOrageFace.jpg","type":"image\/jpeg"}],"twitter_card":"summary_large_image","twitter_misc":{"Est. reading time":"1 minute"},"schema":{"@context":"https:\/\/schema.org","@graph":[{"@type":"WebPage","@id":"https:\/\/www.stephaniecesaire.com\/en\/boutique\/bags\/gaga-en\/gaga-saddle-calfskin-chocolate-copie\/","url":"https:\/\/www.stephaniecesaire.com\/en\/boutique\/bags\/gaga-en\/gaga-saddle-calfskin-chocolate-copie\/","name":"Mini leather satchel for women Gaga - C\u00e9saire Paris - Handmade bag made in France","isPartOf":{"@id":"https:\/\/www.stephaniecesaire.com\/en\/#website"},"primaryImageOfPage":{"@id":"https:\/\/www.stephaniecesaire.com\/en\/boutique\/bags\/gaga-en\/gaga-saddle-calfskin-chocolate-copie\/#primaryimage"},"image":{"@id":"https:\/\/www.stephaniecesaire.com\/en\/boutique\/bags\/gaga-en\/gaga-saddle-calfskin-chocolate-copie\/#primaryimage"},"thumbnailUrl":"https:\/\/www.stephaniecesaire.com\/wp-content\/uploads\/2025\/02\/GagaRAGOrageFace-1.jpg","datePublished":"2025-02-25T16:42:44+00:00","dateModified":"2025-02-25T16:50:44+00:00","description":"Inspired by messenger bags, our mini leather satchel Gaga with its rolled flap offers a captivating look and inspires Parisian strolls.","breadcrumb":{"@id":"https:\/\/www.stephaniecesaire.com\/en\/boutique\/bags\/gaga-en\/gaga-saddle-calfskin-chocolate-copie\/#breadcrumb"},"inLanguage":"en-US","potentialAction":[{"@type":"ReadAction","target":["https:\/\/www.stephaniecesaire.com\/en\/boutique\/bags\/gaga-en\/gaga-saddle-calfskin-chocolate-copie\/"]}]},{"@type":"ImageObject","inLanguage":"en-US","@id":"https:\/\/www.stephaniecesaire.com\/en\/boutique\/bags\/gaga-en\/gaga-saddle-calfskin-chocolate-copie\/#primaryimage","url":"https:\/\/www.stephaniecesaire.com\/wp-content\/uploads\/2025\/02\/GagaRAGOrageFace-1.jpg","contentUrl":"https:\/\/www.stephaniecesaire.com\/wp-content\/uploads\/2025\/02\/GagaRAGOrageFace-1.jpg","width":630,"height":945,"caption":"Sacoche bandouli\u00e8re Gaga - C\u00e9saire Paris \u2013 Sac cr\u00e9ateur fabriqu\u00e9 en France"},{"@type":"BreadcrumbList","@id":"https:\/\/www.stephaniecesaire.com\/en\/boutique\/bags\/gaga-en\/gaga-saddle-calfskin-chocolate-copie\/#breadcrumb","itemListElement":[{"@type":"ListItem","position":1,"name":"Accueil","item":"https:\/\/www.stephaniecesaire.com\/en\/"},{"@type":"ListItem","position":2,"name":"Shop","item":"https:\/\/www.stephaniecesaire.com\/en\/shop\/"},{"@type":"ListItem","position":3,"name":"Gaga &#8211; Bull grained leather \u2013 Storm"}]},{"@type":"WebSite","@id":"https:\/\/www.stephaniecesaire.com\/en\/#website","url":"https:\/\/www.stephaniecesaire.com\/en\/","name":"St\u00e9phanie C\u00e9saire","description":"Sac cr\u00e9ateur made in France - Maroquinerie de luxe","publisher":{"@id":"https:\/\/www.stephaniecesaire.com\/en\/#organization"},"potentialAction":[{"@type":"SearchAction","target":{"@type":"EntryPoint","urlTemplate":"https:\/\/www.stephaniecesaire.com\/en\/?s={search_term_string}"},"query-input":"required name=search_term_string"}],"inLanguage":"en-US"},{"@type":"Organization","@id":"https:\/\/www.stephaniecesaire.com\/en\/#organization","name":"St\u00e9phanie C\u00e9saire","url":"https:\/\/www.stephaniecesaire.com\/en\/","logo":{"@type":"ImageObject","inLanguage":"en-US","@id":"https:\/\/www.stephaniecesaire.com\/en\/#\/schema\/logo\/image\/","url":"https:\/\/www.stephaniecesaire.com\/wp-content\/uploads\/2023\/10\/favicon.png","contentUrl":"https:\/\/www.stephaniecesaire.com\/wp-content\/uploads\/2023\/10\/favicon.png","width":512,"height":512,"caption":"St\u00e9phanie C\u00e9saire"},"image":{"@id":"https:\/\/www.stephaniecesaire.com\/en\/#\/schema\/logo\/image\/"},"sameAs":["https:\/\/www.facebook.com\/cesaireparis\/","https:\/\/www.pinterest.fr\/cesaireparis\/","https:\/\/www.instagram.com\/cesaireparis.official\/"]}]}},"_links":{"self":[{"href":"https:\/\/www.stephaniecesaire.com\/en\/wp-json\/wp\/v2\/product\/38175","targetHints":{"allow":["GET"]}}],"collection":[{"href":"https:\/\/www.stephaniecesaire.com\/en\/wp-json\/wp\/v2\/product"}],"about":[{"href":"https:\/\/www.stephaniecesaire.com\/en\/wp-json\/wp\/v2\/types\/product"}],"wp:featuredmedia":[{"embeddable":true,"href":"https:\/\/www.stephaniecesaire.com\/en\/wp-json\/wp\/v2\/media\/38210"}],"wp:attachment":[{"href":"https:\/\/www.stephaniecesaire.com\/en\/wp-json\/wp\/v2\/media?parent=38175"}],"wp:term":[{"taxonomy":"product_cat","embeddable":true,"href":"https:\/\/www.stephaniecesaire.com\/en\/wp-json\/wp\/v2\/product_cat?post=38175"},{"taxonomy":"product_tag","embeddable":true,"href":"https:\/\/www.stephaniecesaire.com\/en\/wp-json\/wp\/v2\/product_tag?post=38175"}],"curies":[{"name":"wp","href":"https:\/\/api.w.org\/{rel}","templated":true}]}}