{"id":38476,"date":"2025-04-07T17:07:10","date_gmt":"2025-04-07T15:07:10","guid":{"rendered":"https:\/\/www.stephaniecesaire.com\/?post_type=product&#038;p=38476"},"modified":"2025-04-07T18:33:55","modified_gmt":"2025-04-07T16:33:55","slug":"carambole-saddle-calfskin-gold-copie","status":"publish","type":"product","link":"https:\/\/www.stephaniecesaire.com\/en\/boutique\/bags\/carambole-en\/carambole-saddle-calfskin-gold-copie\/","title":{"rendered":"Carambole &#8211; Saddle calfskin &#8211; Mastic"},"content":{"rendered":"<p>The Carambole bag is worn across the body thanks to an adjustable strap attached to a metal ring sculpted specifically for each model by the sculptor Ronan Masson.<\/p>\n<p>The bag&#8217;s supple, saddle-stitched leather volume has a zipper hidden in its folds.<\/p>\n<p>Carambole is lined in cotton twill and the bag is manufactured in France by skilled craftsmen.<\/p>\n","protected":false},"excerpt":{"rendered":"<p>This supple, oblong-shaped leather sheath is worn across the body. It is defined on one end by a leather bell decorated with a metal ring and on the other by simple folds held together in a circle by a leather tie.<\/p>\n<p>Worn against the body, the pliable volume reveals a sculped metal ring that resembles a piece of jewelry while the bag&#8217;s folds hide a zip closure.<\/p>\n<p>This unique bag with relaxed, nomadic overtones creates a link between craftsmanship and art.<\/p>\n","protected":false},"featured_media":38481,"template":"","meta":[],"product_cat":[600],"product_tag":[672],"class_list":{"0":"post-38476","1":"product","2":"type-product","3":"status-publish","4":"has-post-thumbnail","6":"product_cat-carambole-en","7":"product_tag-new-products","8":"product_shipping_class-classe-de-livraison-2","9":"pa_porte-crossbody-bags","10":"pa_volume-medium-bags","11":"pa_volume-sacs-souples-en","13":"first","14":"outofstock","15":"sold-individually","16":"taxable","17":"shipping-taxable","18":"purchasable","19":"product-type-simple"},"yoast_head":"<!-- This site is optimized with the Yoast SEO plugin v23.1 - https:\/\/yoast.com\/wordpress\/plugins\/seo\/ -->\n<title>Carambole designer crossbody bag - C\u00e9saire Paris - Bag made in France<\/title>\n<meta name=\"description\" content=\"Sac bandouli\u00e8re design, Carambole est un \u00e9tui de cuir souple \u00e0 la forme oblongue qui se porte en travers du corps. Il se dessine \u00e0 une extr\u00e9mit\u00e9 par une cloche de cuir rehauss\u00e9e d\u2019un anneau de m\u00e9tal et \u00e0 l\u2019autre par de simples plis maintenus en corolle par un lien.\" \/>\n<meta name=\"robots\" content=\"index, follow, max-snippet:-1, max-image-preview:large, max-video-preview:-1\" \/>\n<link rel=\"canonical\" href=\"https:\/\/www.stephaniecesaire.com\/en\/boutique\/bags\/carambole-en\/carambole-saddle-calfskin-gold-copie\/\" \/>\n<meta property=\"og:locale\" content=\"en_US\" \/>\n<meta property=\"og:type\" content=\"article\" \/>\n<meta property=\"og:title\" content=\"Carambole designer crossbody bag - C\u00e9saire Paris - Bag made in France\" \/>\n<meta property=\"og:description\" content=\"Sac bandouli\u00e8re design, Carambole est un \u00e9tui de cuir souple \u00e0 la forme oblongue qui se porte en travers du corps. Il se dessine \u00e0 une extr\u00e9mit\u00e9 par une cloche de cuir rehauss\u00e9e d\u2019un anneau de m\u00e9tal et \u00e0 l\u2019autre par de simples plis maintenus en corolle par un lien.\" \/>\n<meta property=\"og:url\" content=\"https:\/\/www.stephaniecesaire.com\/en\/boutique\/bags\/carambole-en\/carambole-saddle-calfskin-gold-copie\/\" \/>\n<meta property=\"og:site_name\" content=\"C\u00e9saire\" \/>\n<meta property=\"article:publisher\" content=\"https:\/\/www.facebook.com\/cesaireparis\/\" \/>\n<meta property=\"article:modified_time\" content=\"2025-04-07T16:33:55+00:00\" \/>\n<meta property=\"og:image\" content=\"https:\/\/www.stephaniecesaire.com\/wp-content\/uploads\/2025\/04\/CaramboleVPOMasticFace.jpg\" \/>\n\t<meta property=\"og:image:width\" content=\"630\" \/>\n\t<meta property=\"og:image:height\" content=\"945\" \/>\n\t<meta property=\"og:image:type\" content=\"image\/jpeg\" \/>\n<meta name=\"twitter:card\" content=\"summary_large_image\" \/>\n<meta name=\"twitter:label1\" content=\"Est. reading time\" \/>\n\t<meta name=\"twitter:data1\" content=\"1 minute\" \/>\n<script type=\"application\/ld+json\" class=\"yoast-schema-graph\">{\"@context\":\"https:\/\/schema.org\",\"@graph\":[{\"@type\":\"WebPage\",\"@id\":\"https:\/\/www.stephaniecesaire.com\/en\/boutique\/bags\/carambole-en\/carambole-saddle-calfskin-gold-copie\/\",\"url\":\"https:\/\/www.stephaniecesaire.com\/en\/boutique\/bags\/carambole-en\/carambole-saddle-calfskin-gold-copie\/\",\"name\":\"Carambole designer crossbody bag - C\u00e9saire Paris - Bag made in France\",\"isPartOf\":{\"@id\":\"https:\/\/www.stephaniecesaire.com\/en\/#website\"},\"primaryImageOfPage\":{\"@id\":\"https:\/\/www.stephaniecesaire.com\/en\/boutique\/bags\/carambole-en\/carambole-saddle-calfskin-gold-copie\/#primaryimage\"},\"image\":{\"@id\":\"https:\/\/www.stephaniecesaire.com\/en\/boutique\/bags\/carambole-en\/carambole-saddle-calfskin-gold-copie\/#primaryimage\"},\"thumbnailUrl\":\"https:\/\/www.stephaniecesaire.com\/wp-content\/uploads\/2025\/04\/CaramboleVPOMasticFace.jpg\",\"datePublished\":\"2025-04-07T15:07:10+00:00\",\"dateModified\":\"2025-04-07T16:33:55+00:00\",\"description\":\"Sac bandouli\u00e8re design, Carambole est un \u00e9tui de cuir souple \u00e0 la forme oblongue qui se porte en travers du corps. Il se dessine \u00e0 une extr\u00e9mit\u00e9 par une cloche de cuir rehauss\u00e9e d\u2019un anneau de m\u00e9tal et \u00e0 l\u2019autre par de simples plis maintenus en corolle par un lien.\",\"breadcrumb\":{\"@id\":\"https:\/\/www.stephaniecesaire.com\/en\/boutique\/bags\/carambole-en\/carambole-saddle-calfskin-gold-copie\/#breadcrumb\"},\"inLanguage\":\"en-US\",\"potentialAction\":[{\"@type\":\"ReadAction\",\"target\":[\"https:\/\/www.stephaniecesaire.com\/en\/boutique\/bags\/carambole-en\/carambole-saddle-calfskin-gold-copie\/\"]}]},{\"@type\":\"ImageObject\",\"inLanguage\":\"en-US\",\"@id\":\"https:\/\/www.stephaniecesaire.com\/en\/boutique\/bags\/carambole-en\/carambole-saddle-calfskin-gold-copie\/#primaryimage\",\"url\":\"https:\/\/www.stephaniecesaire.com\/wp-content\/uploads\/2025\/04\/CaramboleVPOMasticFace.jpg\",\"contentUrl\":\"https:\/\/www.stephaniecesaire.com\/wp-content\/uploads\/2025\/04\/CaramboleVPOMasticFace.jpg\",\"width\":630,\"height\":945,\"caption\":\"Carambole designer crossbody bag - C\u00e9saire Paris - Bag made in France\"},{\"@type\":\"BreadcrumbList\",\"@id\":\"https:\/\/www.stephaniecesaire.com\/en\/boutique\/bags\/carambole-en\/carambole-saddle-calfskin-gold-copie\/#breadcrumb\",\"itemListElement\":[{\"@type\":\"ListItem\",\"position\":1,\"name\":\"Accueil\",\"item\":\"https:\/\/www.stephaniecesaire.com\/en\/\"},{\"@type\":\"ListItem\",\"position\":2,\"name\":\"Shop\",\"item\":\"https:\/\/www.stephaniecesaire.com\/en\/shop\/\"},{\"@type\":\"ListItem\",\"position\":3,\"name\":\"Carambole &#8211; Saddle calfskin &#8211; Mastic\"}]},{\"@type\":\"WebSite\",\"@id\":\"https:\/\/www.stephaniecesaire.com\/en\/#website\",\"url\":\"https:\/\/www.stephaniecesaire.com\/en\/\",\"name\":\"St\u00e9phanie C\u00e9saire\",\"description\":\"Sac cr\u00e9ateur made in France - Maroquinerie de luxe\",\"publisher\":{\"@id\":\"https:\/\/www.stephaniecesaire.com\/en\/#organization\"},\"potentialAction\":[{\"@type\":\"SearchAction\",\"target\":{\"@type\":\"EntryPoint\",\"urlTemplate\":\"https:\/\/www.stephaniecesaire.com\/en\/?s={search_term_string}\"},\"query-input\":\"required name=search_term_string\"}],\"inLanguage\":\"en-US\"},{\"@type\":\"Organization\",\"@id\":\"https:\/\/www.stephaniecesaire.com\/en\/#organization\",\"name\":\"St\u00e9phanie C\u00e9saire\",\"url\":\"https:\/\/www.stephaniecesaire.com\/en\/\",\"logo\":{\"@type\":\"ImageObject\",\"inLanguage\":\"en-US\",\"@id\":\"https:\/\/www.stephaniecesaire.com\/en\/#\/schema\/logo\/image\/\",\"url\":\"https:\/\/www.stephaniecesaire.com\/wp-content\/uploads\/2023\/10\/favicon.png\",\"contentUrl\":\"https:\/\/www.stephaniecesaire.com\/wp-content\/uploads\/2023\/10\/favicon.png\",\"width\":512,\"height\":512,\"caption\":\"St\u00e9phanie C\u00e9saire\"},\"image\":{\"@id\":\"https:\/\/www.stephaniecesaire.com\/en\/#\/schema\/logo\/image\/\"},\"sameAs\":[\"https:\/\/www.facebook.com\/cesaireparis\/\",\"https:\/\/www.pinterest.fr\/cesaireparis\/\",\"https:\/\/www.instagram.com\/cesaireparis.official\/\"]}]}<\/script>\n<!-- \/ Yoast SEO plugin. -->","yoast_head_json":{"title":"Carambole designer crossbody bag - C\u00e9saire Paris - Bag made in France","description":"Sac bandouli\u00e8re design, Carambole est un \u00e9tui de cuir souple \u00e0 la forme oblongue qui se porte en travers du corps. Il se dessine \u00e0 une extr\u00e9mit\u00e9 par une cloche de cuir rehauss\u00e9e d\u2019un anneau de m\u00e9tal et \u00e0 l\u2019autre par de simples plis maintenus en corolle par un lien.","robots":{"index":"index","follow":"follow","max-snippet":"max-snippet:-1","max-image-preview":"max-image-preview:large","max-video-preview":"max-video-preview:-1"},"canonical":"https:\/\/www.stephaniecesaire.com\/en\/boutique\/bags\/carambole-en\/carambole-saddle-calfskin-gold-copie\/","og_locale":"en_US","og_type":"article","og_title":"Carambole designer crossbody bag - C\u00e9saire Paris - Bag made in France","og_description":"Sac bandouli\u00e8re design, Carambole est un \u00e9tui de cuir souple \u00e0 la forme oblongue qui se porte en travers du corps. Il se dessine \u00e0 une extr\u00e9mit\u00e9 par une cloche de cuir rehauss\u00e9e d\u2019un anneau de m\u00e9tal et \u00e0 l\u2019autre par de simples plis maintenus en corolle par un lien.","og_url":"https:\/\/www.stephaniecesaire.com\/en\/boutique\/bags\/carambole-en\/carambole-saddle-calfskin-gold-copie\/","og_site_name":"C\u00e9saire","article_publisher":"https:\/\/www.facebook.com\/cesaireparis\/","article_modified_time":"2025-04-07T16:33:55+00:00","og_image":[{"width":630,"height":945,"url":"https:\/\/www.stephaniecesaire.com\/wp-content\/uploads\/2025\/04\/CaramboleVPOMasticFace.jpg","type":"image\/jpeg"}],"twitter_card":"summary_large_image","twitter_misc":{"Est. reading time":"1 minute"},"schema":{"@context":"https:\/\/schema.org","@graph":[{"@type":"WebPage","@id":"https:\/\/www.stephaniecesaire.com\/en\/boutique\/bags\/carambole-en\/carambole-saddle-calfskin-gold-copie\/","url":"https:\/\/www.stephaniecesaire.com\/en\/boutique\/bags\/carambole-en\/carambole-saddle-calfskin-gold-copie\/","name":"Carambole designer crossbody bag - C\u00e9saire Paris - Bag made in France","isPartOf":{"@id":"https:\/\/www.stephaniecesaire.com\/en\/#website"},"primaryImageOfPage":{"@id":"https:\/\/www.stephaniecesaire.com\/en\/boutique\/bags\/carambole-en\/carambole-saddle-calfskin-gold-copie\/#primaryimage"},"image":{"@id":"https:\/\/www.stephaniecesaire.com\/en\/boutique\/bags\/carambole-en\/carambole-saddle-calfskin-gold-copie\/#primaryimage"},"thumbnailUrl":"https:\/\/www.stephaniecesaire.com\/wp-content\/uploads\/2025\/04\/CaramboleVPOMasticFace.jpg","datePublished":"2025-04-07T15:07:10+00:00","dateModified":"2025-04-07T16:33:55+00:00","description":"Sac bandouli\u00e8re design, Carambole est un \u00e9tui de cuir souple \u00e0 la forme oblongue qui se porte en travers du corps. Il se dessine \u00e0 une extr\u00e9mit\u00e9 par une cloche de cuir rehauss\u00e9e d\u2019un anneau de m\u00e9tal et \u00e0 l\u2019autre par de simples plis maintenus en corolle par un lien.","breadcrumb":{"@id":"https:\/\/www.stephaniecesaire.com\/en\/boutique\/bags\/carambole-en\/carambole-saddle-calfskin-gold-copie\/#breadcrumb"},"inLanguage":"en-US","potentialAction":[{"@type":"ReadAction","target":["https:\/\/www.stephaniecesaire.com\/en\/boutique\/bags\/carambole-en\/carambole-saddle-calfskin-gold-copie\/"]}]},{"@type":"ImageObject","inLanguage":"en-US","@id":"https:\/\/www.stephaniecesaire.com\/en\/boutique\/bags\/carambole-en\/carambole-saddle-calfskin-gold-copie\/#primaryimage","url":"https:\/\/www.stephaniecesaire.com\/wp-content\/uploads\/2025\/04\/CaramboleVPOMasticFace.jpg","contentUrl":"https:\/\/www.stephaniecesaire.com\/wp-content\/uploads\/2025\/04\/CaramboleVPOMasticFace.jpg","width":630,"height":945,"caption":"Carambole designer crossbody bag - C\u00e9saire Paris - Bag made in France"},{"@type":"BreadcrumbList","@id":"https:\/\/www.stephaniecesaire.com\/en\/boutique\/bags\/carambole-en\/carambole-saddle-calfskin-gold-copie\/#breadcrumb","itemListElement":[{"@type":"ListItem","position":1,"name":"Accueil","item":"https:\/\/www.stephaniecesaire.com\/en\/"},{"@type":"ListItem","position":2,"name":"Shop","item":"https:\/\/www.stephaniecesaire.com\/en\/shop\/"},{"@type":"ListItem","position":3,"name":"Carambole &#8211; Saddle calfskin &#8211; Mastic"}]},{"@type":"WebSite","@id":"https:\/\/www.stephaniecesaire.com\/en\/#website","url":"https:\/\/www.stephaniecesaire.com\/en\/","name":"St\u00e9phanie C\u00e9saire","description":"Sac cr\u00e9ateur made in France - Maroquinerie de luxe","publisher":{"@id":"https:\/\/www.stephaniecesaire.com\/en\/#organization"},"potentialAction":[{"@type":"SearchAction","target":{"@type":"EntryPoint","urlTemplate":"https:\/\/www.stephaniecesaire.com\/en\/?s={search_term_string}"},"query-input":"required name=search_term_string"}],"inLanguage":"en-US"},{"@type":"Organization","@id":"https:\/\/www.stephaniecesaire.com\/en\/#organization","name":"St\u00e9phanie C\u00e9saire","url":"https:\/\/www.stephaniecesaire.com\/en\/","logo":{"@type":"ImageObject","inLanguage":"en-US","@id":"https:\/\/www.stephaniecesaire.com\/en\/#\/schema\/logo\/image\/","url":"https:\/\/www.stephaniecesaire.com\/wp-content\/uploads\/2023\/10\/favicon.png","contentUrl":"https:\/\/www.stephaniecesaire.com\/wp-content\/uploads\/2023\/10\/favicon.png","width":512,"height":512,"caption":"St\u00e9phanie C\u00e9saire"},"image":{"@id":"https:\/\/www.stephaniecesaire.com\/en\/#\/schema\/logo\/image\/"},"sameAs":["https:\/\/www.facebook.com\/cesaireparis\/","https:\/\/www.pinterest.fr\/cesaireparis\/","https:\/\/www.instagram.com\/cesaireparis.official\/"]}]}},"_links":{"self":[{"href":"https:\/\/www.stephaniecesaire.com\/en\/wp-json\/wp\/v2\/product\/38476","targetHints":{"allow":["GET"]}}],"collection":[{"href":"https:\/\/www.stephaniecesaire.com\/en\/wp-json\/wp\/v2\/product"}],"about":[{"href":"https:\/\/www.stephaniecesaire.com\/en\/wp-json\/wp\/v2\/types\/product"}],"wp:featuredmedia":[{"embeddable":true,"href":"https:\/\/www.stephaniecesaire.com\/en\/wp-json\/wp\/v2\/media\/38481"}],"wp:attachment":[{"href":"https:\/\/www.stephaniecesaire.com\/en\/wp-json\/wp\/v2\/media?parent=38476"}],"wp:term":[{"taxonomy":"product_cat","embeddable":true,"href":"https:\/\/www.stephaniecesaire.com\/en\/wp-json\/wp\/v2\/product_cat?post=38476"},{"taxonomy":"product_tag","embeddable":true,"href":"https:\/\/www.stephaniecesaire.com\/en\/wp-json\/wp\/v2\/product_tag?post=38476"}],"curies":[{"name":"wp","href":"https:\/\/api.w.org\/{rel}","templated":true}]}}