{"id":38616,"date":"2025-05-08T17:49:44","date_gmt":"2025-05-08T15:49:44","guid":{"rendered":"https:\/\/www.stephaniecesaire.com\/?post_type=product&#038;p=38616"},"modified":"2025-05-08T18:01:42","modified_gmt":"2025-05-08T16:01:42","slug":"ballotin-satin-calf-embossed-pony-black-copie","status":"publish","type":"product","link":"https:\/\/www.stephaniecesaire.com\/en\/boutique\/bags\/ballotin-en\/ballotin-satin-calf-embossed-pony-black-copie\/","title":{"rendered":"Ballotin \u2013 Embossed lambskin\u2013 Black"},"content":{"rendered":"<p>The Ballotin Bag is a mini rounded leather ballot. It features a slender sliding strap for versatile carrying options and closes with a central metal zipper. Lined with taupe cotton twill. Crafted in France using artisanal methods.<\/p>\n","protected":false},"excerpt":{"rendered":"<p>A delicately rolled leather mini Ballot, the Ballotin bag is wrapped with a slender sliding strap resembling a ribbon.<\/p>\n<p>Like in a \u201cCat\u2019s Cradle\u201d game, this leather ribbon allows this small leather volume to sway with a variety of classic or unconventional carries.<\/p>\n<p>Highlighted by a full-length zipper, its evolving design brings forth a surprising and confidently unique character.<\/p>\n","protected":false},"featured_media":38631,"template":"","meta":[],"product_cat":[1529],"product_tag":[672],"class_list":{"0":"post-38616","1":"product","2":"type-product","3":"status-publish","4":"has-post-thumbnail","6":"product_cat-ballotin-en","7":"product_tag-new-products","8":"product_shipping_class-classe-de-livraison-1","9":"pa_porte-handbags","10":"pa_porte-shoulder-bags","11":"pa_volume-small-bags","13":"first","14":"onbackorder","15":"taxable","16":"shipping-taxable","17":"purchasable","18":"product-type-simple"},"yoast_head":"<!-- This site is optimized with the Yoast SEO plugin v23.1 - https:\/\/yoast.com\/wordpress\/plugins\/seo\/ -->\n<title>Ballotin Baguette Bag - C\u00e9saire Paris \u2013 Bag Made in France<\/title>\n<meta name=\"description\" content=\"A mini roll of leather delicately wrapped, the Ballotin baguette bag is enveloped by a thin sliding strap, allowing it to sway gracefully with various ways of carrying.\" \/>\n<meta name=\"robots\" content=\"index, follow, max-snippet:-1, max-image-preview:large, max-video-preview:-1\" \/>\n<link rel=\"canonical\" href=\"https:\/\/www.stephaniecesaire.com\/en\/boutique\/bags\/ballotin-en\/ballotin-satin-calf-embossed-pony-black-copie\/\" \/>\n<meta property=\"og:locale\" content=\"en_US\" \/>\n<meta property=\"og:type\" content=\"article\" \/>\n<meta property=\"og:title\" content=\"Ballotin Baguette Bag - C\u00e9saire Paris \u2013 Bag Made in France\" \/>\n<meta property=\"og:description\" content=\"A mini roll of leather delicately wrapped, the Ballotin baguette bag is enveloped by a thin sliding strap, allowing it to sway gracefully with various ways of carrying.\" \/>\n<meta property=\"og:url\" content=\"https:\/\/www.stephaniecesaire.com\/en\/boutique\/bags\/ballotin-en\/ballotin-satin-calf-embossed-pony-black-copie\/\" \/>\n<meta property=\"og:site_name\" content=\"C\u00e9saire\" \/>\n<meta property=\"article:publisher\" content=\"https:\/\/www.facebook.com\/cesaireparis\/\" \/>\n<meta property=\"article:modified_time\" content=\"2025-05-08T16:01:42+00:00\" \/>\n<meta property=\"og:image\" content=\"https:\/\/www.stephaniecesaire.com\/wp-content\/uploads\/2025\/05\/BallotinAGINoirProfil.jpg\" \/>\n\t<meta property=\"og:image:width\" content=\"630\" \/>\n\t<meta property=\"og:image:height\" content=\"945\" \/>\n\t<meta property=\"og:image:type\" content=\"image\/jpeg\" \/>\n<meta name=\"twitter:card\" content=\"summary_large_image\" \/>\n<meta name=\"twitter:label1\" content=\"Est. reading time\" \/>\n\t<meta name=\"twitter:data1\" content=\"1 minute\" \/>\n<script type=\"application\/ld+json\" class=\"yoast-schema-graph\">{\"@context\":\"https:\/\/schema.org\",\"@graph\":[{\"@type\":\"WebPage\",\"@id\":\"https:\/\/www.stephaniecesaire.com\/en\/boutique\/bags\/ballotin-en\/ballotin-satin-calf-embossed-pony-black-copie\/\",\"url\":\"https:\/\/www.stephaniecesaire.com\/en\/boutique\/bags\/ballotin-en\/ballotin-satin-calf-embossed-pony-black-copie\/\",\"name\":\"Ballotin Baguette Bag - C\u00e9saire Paris \u2013 Bag Made in France\",\"isPartOf\":{\"@id\":\"https:\/\/www.stephaniecesaire.com\/en\/#website\"},\"primaryImageOfPage\":{\"@id\":\"https:\/\/www.stephaniecesaire.com\/en\/boutique\/bags\/ballotin-en\/ballotin-satin-calf-embossed-pony-black-copie\/#primaryimage\"},\"image\":{\"@id\":\"https:\/\/www.stephaniecesaire.com\/en\/boutique\/bags\/ballotin-en\/ballotin-satin-calf-embossed-pony-black-copie\/#primaryimage\"},\"thumbnailUrl\":\"https:\/\/www.stephaniecesaire.com\/wp-content\/uploads\/2025\/05\/BallotinAGINoirProfil.jpg\",\"datePublished\":\"2025-05-08T15:49:44+00:00\",\"dateModified\":\"2025-05-08T16:01:42+00:00\",\"description\":\"A mini roll of leather delicately wrapped, the Ballotin baguette bag is enveloped by a thin sliding strap, allowing it to sway gracefully with various ways of carrying.\",\"breadcrumb\":{\"@id\":\"https:\/\/www.stephaniecesaire.com\/en\/boutique\/bags\/ballotin-en\/ballotin-satin-calf-embossed-pony-black-copie\/#breadcrumb\"},\"inLanguage\":\"en-US\",\"potentialAction\":[{\"@type\":\"ReadAction\",\"target\":[\"https:\/\/www.stephaniecesaire.com\/en\/boutique\/bags\/ballotin-en\/ballotin-satin-calf-embossed-pony-black-copie\/\"]}]},{\"@type\":\"ImageObject\",\"inLanguage\":\"en-US\",\"@id\":\"https:\/\/www.stephaniecesaire.com\/en\/boutique\/bags\/ballotin-en\/ballotin-satin-calf-embossed-pony-black-copie\/#primaryimage\",\"url\":\"https:\/\/www.stephaniecesaire.com\/wp-content\/uploads\/2025\/05\/BallotinAGINoirProfil.jpg\",\"contentUrl\":\"https:\/\/www.stephaniecesaire.com\/wp-content\/uploads\/2025\/05\/BallotinAGINoirProfil.jpg\",\"width\":630,\"height\":945,\"caption\":\"Ballotin Baguette Bag - C\u00e9saire Paris \u2013 Bag Made in France\"},{\"@type\":\"BreadcrumbList\",\"@id\":\"https:\/\/www.stephaniecesaire.com\/en\/boutique\/bags\/ballotin-en\/ballotin-satin-calf-embossed-pony-black-copie\/#breadcrumb\",\"itemListElement\":[{\"@type\":\"ListItem\",\"position\":1,\"name\":\"Accueil\",\"item\":\"https:\/\/www.stephaniecesaire.com\/en\/\"},{\"@type\":\"ListItem\",\"position\":2,\"name\":\"Shop\",\"item\":\"https:\/\/www.stephaniecesaire.com\/en\/shop\/\"},{\"@type\":\"ListItem\",\"position\":3,\"name\":\"Ballotin \u2013 Embossed lambskin\u2013 Black\"}]},{\"@type\":\"WebSite\",\"@id\":\"https:\/\/www.stephaniecesaire.com\/en\/#website\",\"url\":\"https:\/\/www.stephaniecesaire.com\/en\/\",\"name\":\"St\u00e9phanie C\u00e9saire\",\"description\":\"Sac cr\u00e9ateur made in France - Maroquinerie de luxe\",\"publisher\":{\"@id\":\"https:\/\/www.stephaniecesaire.com\/en\/#organization\"},\"potentialAction\":[{\"@type\":\"SearchAction\",\"target\":{\"@type\":\"EntryPoint\",\"urlTemplate\":\"https:\/\/www.stephaniecesaire.com\/en\/?s={search_term_string}\"},\"query-input\":\"required name=search_term_string\"}],\"inLanguage\":\"en-US\"},{\"@type\":\"Organization\",\"@id\":\"https:\/\/www.stephaniecesaire.com\/en\/#organization\",\"name\":\"St\u00e9phanie C\u00e9saire\",\"url\":\"https:\/\/www.stephaniecesaire.com\/en\/\",\"logo\":{\"@type\":\"ImageObject\",\"inLanguage\":\"en-US\",\"@id\":\"https:\/\/www.stephaniecesaire.com\/en\/#\/schema\/logo\/image\/\",\"url\":\"https:\/\/www.stephaniecesaire.com\/wp-content\/uploads\/2023\/10\/favicon.png\",\"contentUrl\":\"https:\/\/www.stephaniecesaire.com\/wp-content\/uploads\/2023\/10\/favicon.png\",\"width\":512,\"height\":512,\"caption\":\"St\u00e9phanie C\u00e9saire\"},\"image\":{\"@id\":\"https:\/\/www.stephaniecesaire.com\/en\/#\/schema\/logo\/image\/\"},\"sameAs\":[\"https:\/\/www.facebook.com\/cesaireparis\/\",\"https:\/\/www.pinterest.fr\/cesaireparis\/\",\"https:\/\/www.instagram.com\/cesaireparis.official\/\"]}]}<\/script>\n<!-- \/ Yoast SEO plugin. -->","yoast_head_json":{"title":"Ballotin Baguette Bag - C\u00e9saire Paris \u2013 Bag Made in France","description":"A mini roll of leather delicately wrapped, the Ballotin baguette bag is enveloped by a thin sliding strap, allowing it to sway gracefully with various ways of carrying.","robots":{"index":"index","follow":"follow","max-snippet":"max-snippet:-1","max-image-preview":"max-image-preview:large","max-video-preview":"max-video-preview:-1"},"canonical":"https:\/\/www.stephaniecesaire.com\/en\/boutique\/bags\/ballotin-en\/ballotin-satin-calf-embossed-pony-black-copie\/","og_locale":"en_US","og_type":"article","og_title":"Ballotin Baguette Bag - C\u00e9saire Paris \u2013 Bag Made in France","og_description":"A mini roll of leather delicately wrapped, the Ballotin baguette bag is enveloped by a thin sliding strap, allowing it to sway gracefully with various ways of carrying.","og_url":"https:\/\/www.stephaniecesaire.com\/en\/boutique\/bags\/ballotin-en\/ballotin-satin-calf-embossed-pony-black-copie\/","og_site_name":"C\u00e9saire","article_publisher":"https:\/\/www.facebook.com\/cesaireparis\/","article_modified_time":"2025-05-08T16:01:42+00:00","og_image":[{"width":630,"height":945,"url":"https:\/\/www.stephaniecesaire.com\/wp-content\/uploads\/2025\/05\/BallotinAGINoirProfil.jpg","type":"image\/jpeg"}],"twitter_card":"summary_large_image","twitter_misc":{"Est. reading time":"1 minute"},"schema":{"@context":"https:\/\/schema.org","@graph":[{"@type":"WebPage","@id":"https:\/\/www.stephaniecesaire.com\/en\/boutique\/bags\/ballotin-en\/ballotin-satin-calf-embossed-pony-black-copie\/","url":"https:\/\/www.stephaniecesaire.com\/en\/boutique\/bags\/ballotin-en\/ballotin-satin-calf-embossed-pony-black-copie\/","name":"Ballotin Baguette Bag - C\u00e9saire Paris \u2013 Bag Made in France","isPartOf":{"@id":"https:\/\/www.stephaniecesaire.com\/en\/#website"},"primaryImageOfPage":{"@id":"https:\/\/www.stephaniecesaire.com\/en\/boutique\/bags\/ballotin-en\/ballotin-satin-calf-embossed-pony-black-copie\/#primaryimage"},"image":{"@id":"https:\/\/www.stephaniecesaire.com\/en\/boutique\/bags\/ballotin-en\/ballotin-satin-calf-embossed-pony-black-copie\/#primaryimage"},"thumbnailUrl":"https:\/\/www.stephaniecesaire.com\/wp-content\/uploads\/2025\/05\/BallotinAGINoirProfil.jpg","datePublished":"2025-05-08T15:49:44+00:00","dateModified":"2025-05-08T16:01:42+00:00","description":"A mini roll of leather delicately wrapped, the Ballotin baguette bag is enveloped by a thin sliding strap, allowing it to sway gracefully with various ways of carrying.","breadcrumb":{"@id":"https:\/\/www.stephaniecesaire.com\/en\/boutique\/bags\/ballotin-en\/ballotin-satin-calf-embossed-pony-black-copie\/#breadcrumb"},"inLanguage":"en-US","potentialAction":[{"@type":"ReadAction","target":["https:\/\/www.stephaniecesaire.com\/en\/boutique\/bags\/ballotin-en\/ballotin-satin-calf-embossed-pony-black-copie\/"]}]},{"@type":"ImageObject","inLanguage":"en-US","@id":"https:\/\/www.stephaniecesaire.com\/en\/boutique\/bags\/ballotin-en\/ballotin-satin-calf-embossed-pony-black-copie\/#primaryimage","url":"https:\/\/www.stephaniecesaire.com\/wp-content\/uploads\/2025\/05\/BallotinAGINoirProfil.jpg","contentUrl":"https:\/\/www.stephaniecesaire.com\/wp-content\/uploads\/2025\/05\/BallotinAGINoirProfil.jpg","width":630,"height":945,"caption":"Ballotin Baguette Bag - C\u00e9saire Paris \u2013 Bag Made in France"},{"@type":"BreadcrumbList","@id":"https:\/\/www.stephaniecesaire.com\/en\/boutique\/bags\/ballotin-en\/ballotin-satin-calf-embossed-pony-black-copie\/#breadcrumb","itemListElement":[{"@type":"ListItem","position":1,"name":"Accueil","item":"https:\/\/www.stephaniecesaire.com\/en\/"},{"@type":"ListItem","position":2,"name":"Shop","item":"https:\/\/www.stephaniecesaire.com\/en\/shop\/"},{"@type":"ListItem","position":3,"name":"Ballotin \u2013 Embossed lambskin\u2013 Black"}]},{"@type":"WebSite","@id":"https:\/\/www.stephaniecesaire.com\/en\/#website","url":"https:\/\/www.stephaniecesaire.com\/en\/","name":"St\u00e9phanie C\u00e9saire","description":"Sac cr\u00e9ateur made in France - Maroquinerie de luxe","publisher":{"@id":"https:\/\/www.stephaniecesaire.com\/en\/#organization"},"potentialAction":[{"@type":"SearchAction","target":{"@type":"EntryPoint","urlTemplate":"https:\/\/www.stephaniecesaire.com\/en\/?s={search_term_string}"},"query-input":"required name=search_term_string"}],"inLanguage":"en-US"},{"@type":"Organization","@id":"https:\/\/www.stephaniecesaire.com\/en\/#organization","name":"St\u00e9phanie C\u00e9saire","url":"https:\/\/www.stephaniecesaire.com\/en\/","logo":{"@type":"ImageObject","inLanguage":"en-US","@id":"https:\/\/www.stephaniecesaire.com\/en\/#\/schema\/logo\/image\/","url":"https:\/\/www.stephaniecesaire.com\/wp-content\/uploads\/2023\/10\/favicon.png","contentUrl":"https:\/\/www.stephaniecesaire.com\/wp-content\/uploads\/2023\/10\/favicon.png","width":512,"height":512,"caption":"St\u00e9phanie C\u00e9saire"},"image":{"@id":"https:\/\/www.stephaniecesaire.com\/en\/#\/schema\/logo\/image\/"},"sameAs":["https:\/\/www.facebook.com\/cesaireparis\/","https:\/\/www.pinterest.fr\/cesaireparis\/","https:\/\/www.instagram.com\/cesaireparis.official\/"]}]}},"_links":{"self":[{"href":"https:\/\/www.stephaniecesaire.com\/en\/wp-json\/wp\/v2\/product\/38616","targetHints":{"allow":["GET"]}}],"collection":[{"href":"https:\/\/www.stephaniecesaire.com\/en\/wp-json\/wp\/v2\/product"}],"about":[{"href":"https:\/\/www.stephaniecesaire.com\/en\/wp-json\/wp\/v2\/types\/product"}],"wp:featuredmedia":[{"embeddable":true,"href":"https:\/\/www.stephaniecesaire.com\/en\/wp-json\/wp\/v2\/media\/38631"}],"wp:attachment":[{"href":"https:\/\/www.stephaniecesaire.com\/en\/wp-json\/wp\/v2\/media?parent=38616"}],"wp:term":[{"taxonomy":"product_cat","embeddable":true,"href":"https:\/\/www.stephaniecesaire.com\/en\/wp-json\/wp\/v2\/product_cat?post=38616"},{"taxonomy":"product_tag","embeddable":true,"href":"https:\/\/www.stephaniecesaire.com\/en\/wp-json\/wp\/v2\/product_tag?post=38616"}],"curies":[{"name":"wp","href":"https:\/\/api.w.org\/{rel}","templated":true}]}}