{"id":39264,"date":"2025-08-21T18:05:32","date_gmt":"2025-08-21T16:05:32","guid":{"rendered":"https:\/\/www.stephaniecesaire.com\/?post_type=product&#038;p=39264"},"modified":"2026-04-14T14:55:15","modified_gmt":"2026-04-14T12:55:15","slug":"fan-wallet-saddle-calf-leather-brass-copie-2","status":"publish","type":"product","link":"https:\/\/www.stephaniecesaire.com\/en\/boutique\/small-leather-goods\/fan-wallet\/fan-wallet-saddle-calf-leather-brass-copie-2\/","title":{"rendered":"FAN WALLET &#8211; Saddle Calf Leather \u2013 Black"},"content":{"rendered":"<p>It is composed of two modules a zipped pocket for coins, 5 credit cards&#8217; department, 5 pockets of various sizes for banknote, credit card slip tickets <\/p>\n","protected":false},"excerpt":{"rendered":"<p>Just a simple sliding cord and your precious belongings are in front of you. The wallet Eventail (fan) is made in the nomad spirit in the\u00a0 design aesthetics following the concept of being able to arrange all the necessary.<\/p>\n","protected":false},"featured_media":39267,"template":"","meta":[],"product_cat":[592],"product_tag":[670,668,672],"class_list":{"0":"post-39264","1":"product","2":"type-product","3":"status-publish","4":"has-post-thumbnail","6":"product_cat-fan-wallet","7":"product_tag-iconic","8":"product_tag-men","9":"product_tag-new-products","10":"product_shipping_class-classe-de-livraison-5","12":"first","13":"instock","14":"sold-individually","15":"taxable","16":"shipping-taxable","17":"purchasable","18":"product-type-simple"},"yoast_head":"<!-- This site is optimized with the Yoast SEO plugin v23.1 - https:\/\/yoast.com\/wordpress\/plugins\/seo\/ -->\n<title>Design Fan Wallet \u2013 C\u00e9saire Paris \u2013 French handmade leather goods<\/title>\n<meta name=\"description\" content=\"This Fan wallet combines design and functionality, with a layout designed to hold the essentials. It unfolds in a unique and original gesture, like a fan.\" \/>\n<meta name=\"robots\" content=\"index, follow, max-snippet:-1, max-image-preview:large, max-video-preview:-1\" \/>\n<link rel=\"canonical\" href=\"https:\/\/www.stephaniecesaire.com\/en\/boutique\/small-leather-goods\/fan-wallet\/fan-wallet-saddle-calf-leather-brass-copie-2\/\" \/>\n<meta property=\"og:locale\" content=\"en_US\" \/>\n<meta property=\"og:type\" content=\"article\" \/>\n<meta property=\"og:title\" content=\"Design Fan Wallet \u2013 C\u00e9saire Paris \u2013 French handmade leather goods\" \/>\n<meta property=\"og:description\" content=\"This Fan wallet combines design and functionality, with a layout designed to hold the essentials. It unfolds in a unique and original gesture, like a fan.\" \/>\n<meta property=\"og:url\" content=\"https:\/\/www.stephaniecesaire.com\/en\/boutique\/small-leather-goods\/fan-wallet\/fan-wallet-saddle-calf-leather-brass-copie-2\/\" \/>\n<meta property=\"og:site_name\" content=\"C\u00e9saire\" \/>\n<meta property=\"article:publisher\" content=\"https:\/\/www.facebook.com\/cesaireparis\/\" \/>\n<meta property=\"article:modified_time\" content=\"2026-04-14T12:55:15+00:00\" \/>\n<meta property=\"og:image\" content=\"https:\/\/www.stephaniecesaire.com\/wp-content\/uploads\/2025\/08\/EventailVPONoirOuvert.jpg\" \/>\n\t<meta property=\"og:image:width\" content=\"630\" \/>\n\t<meta property=\"og:image:height\" content=\"945\" \/>\n\t<meta property=\"og:image:type\" content=\"image\/jpeg\" \/>\n<meta name=\"twitter:card\" content=\"summary_large_image\" \/>\n<meta name=\"twitter:label1\" content=\"Est. reading time\" \/>\n\t<meta name=\"twitter:data1\" content=\"1 minute\" \/>\n<script type=\"application\/ld+json\" class=\"yoast-schema-graph\">{\"@context\":\"https:\/\/schema.org\",\"@graph\":[{\"@type\":\"WebPage\",\"@id\":\"https:\/\/www.stephaniecesaire.com\/en\/boutique\/small-leather-goods\/fan-wallet\/fan-wallet-saddle-calf-leather-brass-copie-2\/\",\"url\":\"https:\/\/www.stephaniecesaire.com\/en\/boutique\/small-leather-goods\/fan-wallet\/fan-wallet-saddle-calf-leather-brass-copie-2\/\",\"name\":\"Design Fan Wallet \u2013 C\u00e9saire Paris \u2013 French handmade leather goods\",\"isPartOf\":{\"@id\":\"https:\/\/www.stephaniecesaire.com\/en\/#website\"},\"primaryImageOfPage\":{\"@id\":\"https:\/\/www.stephaniecesaire.com\/en\/boutique\/small-leather-goods\/fan-wallet\/fan-wallet-saddle-calf-leather-brass-copie-2\/#primaryimage\"},\"image\":{\"@id\":\"https:\/\/www.stephaniecesaire.com\/en\/boutique\/small-leather-goods\/fan-wallet\/fan-wallet-saddle-calf-leather-brass-copie-2\/#primaryimage\"},\"thumbnailUrl\":\"https:\/\/www.stephaniecesaire.com\/wp-content\/uploads\/2025\/08\/EventailVPONoirOuvert.jpg\",\"datePublished\":\"2025-08-21T16:05:32+00:00\",\"dateModified\":\"2026-04-14T12:55:15+00:00\",\"description\":\"This Fan wallet combines design and functionality, with a layout designed to hold the essentials. It unfolds in a unique and original gesture, like a fan.\",\"breadcrumb\":{\"@id\":\"https:\/\/www.stephaniecesaire.com\/en\/boutique\/small-leather-goods\/fan-wallet\/fan-wallet-saddle-calf-leather-brass-copie-2\/#breadcrumb\"},\"inLanguage\":\"en-US\",\"potentialAction\":[{\"@type\":\"ReadAction\",\"target\":[\"https:\/\/www.stephaniecesaire.com\/en\/boutique\/small-leather-goods\/fan-wallet\/fan-wallet-saddle-calf-leather-brass-copie-2\/\"]}]},{\"@type\":\"ImageObject\",\"inLanguage\":\"en-US\",\"@id\":\"https:\/\/www.stephaniecesaire.com\/en\/boutique\/small-leather-goods\/fan-wallet\/fan-wallet-saddle-calf-leather-brass-copie-2\/#primaryimage\",\"url\":\"https:\/\/www.stephaniecesaire.com\/wp-content\/uploads\/2025\/08\/EventailVPONoirOuvert.jpg\",\"contentUrl\":\"https:\/\/www.stephaniecesaire.com\/wp-content\/uploads\/2025\/08\/EventailVPONoirOuvert.jpg\",\"width\":630,\"height\":945,\"caption\":\"Design Fan Wallet \u2013 C\u00e9saire Paris \u2013 French handmade leather goods\"},{\"@type\":\"BreadcrumbList\",\"@id\":\"https:\/\/www.stephaniecesaire.com\/en\/boutique\/small-leather-goods\/fan-wallet\/fan-wallet-saddle-calf-leather-brass-copie-2\/#breadcrumb\",\"itemListElement\":[{\"@type\":\"ListItem\",\"position\":1,\"name\":\"Accueil\",\"item\":\"https:\/\/www.stephaniecesaire.com\/en\/\"},{\"@type\":\"ListItem\",\"position\":2,\"name\":\"Shop\",\"item\":\"https:\/\/www.stephaniecesaire.com\/en\/shop\/\"},{\"@type\":\"ListItem\",\"position\":3,\"name\":\"FAN WALLET &#8211; Saddle Calf Leather \u2013 Black\"}]},{\"@type\":\"WebSite\",\"@id\":\"https:\/\/www.stephaniecesaire.com\/en\/#website\",\"url\":\"https:\/\/www.stephaniecesaire.com\/en\/\",\"name\":\"St\u00e9phanie C\u00e9saire\",\"description\":\"Sac cr\u00e9ateur made in France - Maroquinerie de luxe\",\"publisher\":{\"@id\":\"https:\/\/www.stephaniecesaire.com\/en\/#organization\"},\"potentialAction\":[{\"@type\":\"SearchAction\",\"target\":{\"@type\":\"EntryPoint\",\"urlTemplate\":\"https:\/\/www.stephaniecesaire.com\/en\/?s={search_term_string}\"},\"query-input\":\"required name=search_term_string\"}],\"inLanguage\":\"en-US\"},{\"@type\":\"Organization\",\"@id\":\"https:\/\/www.stephaniecesaire.com\/en\/#organization\",\"name\":\"St\u00e9phanie C\u00e9saire\",\"url\":\"https:\/\/www.stephaniecesaire.com\/en\/\",\"logo\":{\"@type\":\"ImageObject\",\"inLanguage\":\"en-US\",\"@id\":\"https:\/\/www.stephaniecesaire.com\/en\/#\/schema\/logo\/image\/\",\"url\":\"https:\/\/www.stephaniecesaire.com\/wp-content\/uploads\/2023\/10\/favicon.png\",\"contentUrl\":\"https:\/\/www.stephaniecesaire.com\/wp-content\/uploads\/2023\/10\/favicon.png\",\"width\":512,\"height\":512,\"caption\":\"St\u00e9phanie C\u00e9saire\"},\"image\":{\"@id\":\"https:\/\/www.stephaniecesaire.com\/en\/#\/schema\/logo\/image\/\"},\"sameAs\":[\"https:\/\/www.facebook.com\/cesaireparis\/\",\"https:\/\/www.pinterest.fr\/cesaireparis\/\",\"https:\/\/www.instagram.com\/cesaireparis.official\/\"]}]}<\/script>\n<!-- \/ Yoast SEO plugin. -->","yoast_head_json":{"title":"Design Fan Wallet \u2013 C\u00e9saire Paris \u2013 French handmade leather goods","description":"This Fan wallet combines design and functionality, with a layout designed to hold the essentials. It unfolds in a unique and original gesture, like a fan.","robots":{"index":"index","follow":"follow","max-snippet":"max-snippet:-1","max-image-preview":"max-image-preview:large","max-video-preview":"max-video-preview:-1"},"canonical":"https:\/\/www.stephaniecesaire.com\/en\/boutique\/small-leather-goods\/fan-wallet\/fan-wallet-saddle-calf-leather-brass-copie-2\/","og_locale":"en_US","og_type":"article","og_title":"Design Fan Wallet \u2013 C\u00e9saire Paris \u2013 French handmade leather goods","og_description":"This Fan wallet combines design and functionality, with a layout designed to hold the essentials. It unfolds in a unique and original gesture, like a fan.","og_url":"https:\/\/www.stephaniecesaire.com\/en\/boutique\/small-leather-goods\/fan-wallet\/fan-wallet-saddle-calf-leather-brass-copie-2\/","og_site_name":"C\u00e9saire","article_publisher":"https:\/\/www.facebook.com\/cesaireparis\/","article_modified_time":"2026-04-14T12:55:15+00:00","og_image":[{"width":630,"height":945,"url":"https:\/\/www.stephaniecesaire.com\/wp-content\/uploads\/2025\/08\/EventailVPONoirOuvert.jpg","type":"image\/jpeg"}],"twitter_card":"summary_large_image","twitter_misc":{"Est. reading time":"1 minute"},"schema":{"@context":"https:\/\/schema.org","@graph":[{"@type":"WebPage","@id":"https:\/\/www.stephaniecesaire.com\/en\/boutique\/small-leather-goods\/fan-wallet\/fan-wallet-saddle-calf-leather-brass-copie-2\/","url":"https:\/\/www.stephaniecesaire.com\/en\/boutique\/small-leather-goods\/fan-wallet\/fan-wallet-saddle-calf-leather-brass-copie-2\/","name":"Design Fan Wallet \u2013 C\u00e9saire Paris \u2013 French handmade leather goods","isPartOf":{"@id":"https:\/\/www.stephaniecesaire.com\/en\/#website"},"primaryImageOfPage":{"@id":"https:\/\/www.stephaniecesaire.com\/en\/boutique\/small-leather-goods\/fan-wallet\/fan-wallet-saddle-calf-leather-brass-copie-2\/#primaryimage"},"image":{"@id":"https:\/\/www.stephaniecesaire.com\/en\/boutique\/small-leather-goods\/fan-wallet\/fan-wallet-saddle-calf-leather-brass-copie-2\/#primaryimage"},"thumbnailUrl":"https:\/\/www.stephaniecesaire.com\/wp-content\/uploads\/2025\/08\/EventailVPONoirOuvert.jpg","datePublished":"2025-08-21T16:05:32+00:00","dateModified":"2026-04-14T12:55:15+00:00","description":"This Fan wallet combines design and functionality, with a layout designed to hold the essentials. It unfolds in a unique and original gesture, like a fan.","breadcrumb":{"@id":"https:\/\/www.stephaniecesaire.com\/en\/boutique\/small-leather-goods\/fan-wallet\/fan-wallet-saddle-calf-leather-brass-copie-2\/#breadcrumb"},"inLanguage":"en-US","potentialAction":[{"@type":"ReadAction","target":["https:\/\/www.stephaniecesaire.com\/en\/boutique\/small-leather-goods\/fan-wallet\/fan-wallet-saddle-calf-leather-brass-copie-2\/"]}]},{"@type":"ImageObject","inLanguage":"en-US","@id":"https:\/\/www.stephaniecesaire.com\/en\/boutique\/small-leather-goods\/fan-wallet\/fan-wallet-saddle-calf-leather-brass-copie-2\/#primaryimage","url":"https:\/\/www.stephaniecesaire.com\/wp-content\/uploads\/2025\/08\/EventailVPONoirOuvert.jpg","contentUrl":"https:\/\/www.stephaniecesaire.com\/wp-content\/uploads\/2025\/08\/EventailVPONoirOuvert.jpg","width":630,"height":945,"caption":"Design Fan Wallet \u2013 C\u00e9saire Paris \u2013 French handmade leather goods"},{"@type":"BreadcrumbList","@id":"https:\/\/www.stephaniecesaire.com\/en\/boutique\/small-leather-goods\/fan-wallet\/fan-wallet-saddle-calf-leather-brass-copie-2\/#breadcrumb","itemListElement":[{"@type":"ListItem","position":1,"name":"Accueil","item":"https:\/\/www.stephaniecesaire.com\/en\/"},{"@type":"ListItem","position":2,"name":"Shop","item":"https:\/\/www.stephaniecesaire.com\/en\/shop\/"},{"@type":"ListItem","position":3,"name":"FAN WALLET &#8211; Saddle Calf Leather \u2013 Black"}]},{"@type":"WebSite","@id":"https:\/\/www.stephaniecesaire.com\/en\/#website","url":"https:\/\/www.stephaniecesaire.com\/en\/","name":"St\u00e9phanie C\u00e9saire","description":"Sac cr\u00e9ateur made in France - Maroquinerie de luxe","publisher":{"@id":"https:\/\/www.stephaniecesaire.com\/en\/#organization"},"potentialAction":[{"@type":"SearchAction","target":{"@type":"EntryPoint","urlTemplate":"https:\/\/www.stephaniecesaire.com\/en\/?s={search_term_string}"},"query-input":"required name=search_term_string"}],"inLanguage":"en-US"},{"@type":"Organization","@id":"https:\/\/www.stephaniecesaire.com\/en\/#organization","name":"St\u00e9phanie C\u00e9saire","url":"https:\/\/www.stephaniecesaire.com\/en\/","logo":{"@type":"ImageObject","inLanguage":"en-US","@id":"https:\/\/www.stephaniecesaire.com\/en\/#\/schema\/logo\/image\/","url":"https:\/\/www.stephaniecesaire.com\/wp-content\/uploads\/2023\/10\/favicon.png","contentUrl":"https:\/\/www.stephaniecesaire.com\/wp-content\/uploads\/2023\/10\/favicon.png","width":512,"height":512,"caption":"St\u00e9phanie C\u00e9saire"},"image":{"@id":"https:\/\/www.stephaniecesaire.com\/en\/#\/schema\/logo\/image\/"},"sameAs":["https:\/\/www.facebook.com\/cesaireparis\/","https:\/\/www.pinterest.fr\/cesaireparis\/","https:\/\/www.instagram.com\/cesaireparis.official\/"]}]}},"_links":{"self":[{"href":"https:\/\/www.stephaniecesaire.com\/en\/wp-json\/wp\/v2\/product\/39264","targetHints":{"allow":["GET"]}}],"collection":[{"href":"https:\/\/www.stephaniecesaire.com\/en\/wp-json\/wp\/v2\/product"}],"about":[{"href":"https:\/\/www.stephaniecesaire.com\/en\/wp-json\/wp\/v2\/types\/product"}],"wp:featuredmedia":[{"embeddable":true,"href":"https:\/\/www.stephaniecesaire.com\/en\/wp-json\/wp\/v2\/media\/39267"}],"wp:attachment":[{"href":"https:\/\/www.stephaniecesaire.com\/en\/wp-json\/wp\/v2\/media?parent=39264"}],"wp:term":[{"taxonomy":"product_cat","embeddable":true,"href":"https:\/\/www.stephaniecesaire.com\/en\/wp-json\/wp\/v2\/product_cat?post=39264"},{"taxonomy":"product_tag","embeddable":true,"href":"https:\/\/www.stephaniecesaire.com\/en\/wp-json\/wp\/v2\/product_tag?post=39264"}],"curies":[{"name":"wp","href":"https:\/\/api.w.org\/{rel}","templated":true}]}}