{"id":40093,"date":"2025-12-27T14:49:00","date_gmt":"2025-12-27T13:49:00","guid":{"rendered":"https:\/\/www.stephaniecesaire.com\/?post_type=product&#038;p=40093"},"modified":"2025-12-29T15:30:11","modified_gmt":"2025-12-29T14:30:11","slug":"joe-grained-nubuck-calfskin-chestnut-copie","status":"publish","type":"product","link":"https:\/\/www.stephaniecesaire.com\/en\/boutique\/bags\/joe-en\/joe-grained-nubuck-calfskin-chestnut-copie\/","title":{"rendered":"Joe \u2013 Grained nubuck calfskin \u2013 Dove"},"content":{"rendered":"<p>Derived from the design of our Little Joh bag, Joe is a crossbody bag secured with a large zip and made modular by the strap that wraps around it. Its removable strap is adjustable thanks to a metal carabiner, allowing for multiple ways of wearing. Lined with taupe cotton twill, it features an interior zip pocket as well as a phone pocket. Jo\u00e9 is handcrafted in France.<\/p>\n","protected":false},"excerpt":{"rendered":"<p>The Joe bag features an East\u2013West silhouette inspired by the design of our iconic and unconventional Little Joh bag.<br \/>\nUnisex and distinctive, this small soft leather pouch closes with a metal zip and adapts naturally to the body thanks to its strap with collar studs and its signature metal carabiner.<br \/>\nIts perfectly balanced format is crafted from leathers selected for their unique beauty and tactile qualities. Joe can be worn on the shoulder, crossbody, or at the waist for the boldest, becoming a truly contemporary urban companion.<\/p>\n","protected":false},"featured_media":40071,"template":"","meta":[],"product_cat":[2165],"product_tag":[672],"class_list":{"0":"post-40093","1":"product","2":"type-product","3":"status-publish","4":"has-post-thumbnail","6":"product_cat-joe-en","7":"product_tag-new-products","8":"product_shipping_class-classe-de-livraison-2","9":"pa_porte-crossbody-bags","10":"pa_porte-handbags","11":"pa_porte-shoulder-bags","12":"pa_volume-medium-bags","13":"pa_volume-sacs-souples-en","15":"first","16":"outofstock","17":"taxable","18":"shipping-taxable","19":"purchasable","20":"product-type-simple"},"yoast_head":"<!-- This site is optimized with the Yoast SEO plugin v23.1 - https:\/\/yoast.com\/wordpress\/plugins\/seo\/ -->\n<title>Joe \u2013 Modular Leather Crossbody Bag Made in France | C\u00e9saire Paris<\/title>\n<meta name=\"description\" content=\"Joe is a soft leather crossbody bag with an East\u2013West shape. Modular, unisex and made in France, it offers a contemporary and effortless urban style.\" \/>\n<meta name=\"robots\" content=\"index, follow, max-snippet:-1, max-image-preview:large, max-video-preview:-1\" \/>\n<link rel=\"canonical\" href=\"https:\/\/www.stephaniecesaire.com\/en\/boutique\/bags\/joe-en\/joe-grained-nubuck-calfskin-chestnut-copie\/\" \/>\n<meta property=\"og:locale\" content=\"en_US\" \/>\n<meta property=\"og:type\" content=\"article\" \/>\n<meta property=\"og:title\" content=\"Joe \u2013 Modular Leather Crossbody Bag Made in France | C\u00e9saire Paris\" \/>\n<meta property=\"og:description\" content=\"Joe is a soft leather crossbody bag with an East\u2013West shape. Modular, unisex and made in France, it offers a contemporary and effortless urban style.\" \/>\n<meta property=\"og:url\" content=\"https:\/\/www.stephaniecesaire.com\/en\/boutique\/bags\/joe-en\/joe-grained-nubuck-calfskin-chestnut-copie\/\" \/>\n<meta property=\"og:site_name\" content=\"C\u00e9saire\" \/>\n<meta property=\"article:publisher\" content=\"https:\/\/www.facebook.com\/cesaireparis\/\" \/>\n<meta property=\"article:modified_time\" content=\"2025-12-29T14:30:11+00:00\" \/>\n<meta property=\"og:image\" content=\"https:\/\/www.stephaniecesaire.com\/wp-content\/uploads\/2025\/12\/JoeNUGTourterelleFace.jpg\" \/>\n\t<meta property=\"og:image:width\" content=\"630\" \/>\n\t<meta property=\"og:image:height\" content=\"945\" \/>\n\t<meta property=\"og:image:type\" content=\"image\/jpeg\" \/>\n<meta name=\"twitter:card\" content=\"summary_large_image\" \/>\n<meta name=\"twitter:label1\" content=\"Est. reading time\" \/>\n\t<meta name=\"twitter:data1\" content=\"1 minute\" \/>\n<script type=\"application\/ld+json\" class=\"yoast-schema-graph\">{\"@context\":\"https:\/\/schema.org\",\"@graph\":[{\"@type\":\"WebPage\",\"@id\":\"https:\/\/www.stephaniecesaire.com\/en\/boutique\/bags\/joe-en\/joe-grained-nubuck-calfskin-chestnut-copie\/\",\"url\":\"https:\/\/www.stephaniecesaire.com\/en\/boutique\/bags\/joe-en\/joe-grained-nubuck-calfskin-chestnut-copie\/\",\"name\":\"Joe \u2013 Modular Leather Crossbody Bag Made in France | C\u00e9saire Paris\",\"isPartOf\":{\"@id\":\"https:\/\/www.stephaniecesaire.com\/en\/#website\"},\"primaryImageOfPage\":{\"@id\":\"https:\/\/www.stephaniecesaire.com\/en\/boutique\/bags\/joe-en\/joe-grained-nubuck-calfskin-chestnut-copie\/#primaryimage\"},\"image\":{\"@id\":\"https:\/\/www.stephaniecesaire.com\/en\/boutique\/bags\/joe-en\/joe-grained-nubuck-calfskin-chestnut-copie\/#primaryimage\"},\"thumbnailUrl\":\"https:\/\/www.stephaniecesaire.com\/wp-content\/uploads\/2025\/12\/JoeNUGTourterelleFace.jpg\",\"datePublished\":\"2025-12-27T13:49:00+00:00\",\"dateModified\":\"2025-12-29T14:30:11+00:00\",\"description\":\"Joe is a soft leather crossbody bag with an East\u2013West shape. Modular, unisex and made in France, it offers a contemporary and effortless urban style.\",\"breadcrumb\":{\"@id\":\"https:\/\/www.stephaniecesaire.com\/en\/boutique\/bags\/joe-en\/joe-grained-nubuck-calfskin-chestnut-copie\/#breadcrumb\"},\"inLanguage\":\"en-US\",\"potentialAction\":[{\"@type\":\"ReadAction\",\"target\":[\"https:\/\/www.stephaniecesaire.com\/en\/boutique\/bags\/joe-en\/joe-grained-nubuck-calfskin-chestnut-copie\/\"]}]},{\"@type\":\"ImageObject\",\"inLanguage\":\"en-US\",\"@id\":\"https:\/\/www.stephaniecesaire.com\/en\/boutique\/bags\/joe-en\/joe-grained-nubuck-calfskin-chestnut-copie\/#primaryimage\",\"url\":\"https:\/\/www.stephaniecesaire.com\/wp-content\/uploads\/2025\/12\/JoeNUGTourterelleFace.jpg\",\"contentUrl\":\"https:\/\/www.stephaniecesaire.com\/wp-content\/uploads\/2025\/12\/JoeNUGTourterelleFace.jpg\",\"width\":630,\"height\":945,\"caption\":\"Joe \u2013 Modular Leather Crossbody Bag Made in France | C\u00e9saire Paris\"},{\"@type\":\"BreadcrumbList\",\"@id\":\"https:\/\/www.stephaniecesaire.com\/en\/boutique\/bags\/joe-en\/joe-grained-nubuck-calfskin-chestnut-copie\/#breadcrumb\",\"itemListElement\":[{\"@type\":\"ListItem\",\"position\":1,\"name\":\"Accueil\",\"item\":\"https:\/\/www.stephaniecesaire.com\/en\/\"},{\"@type\":\"ListItem\",\"position\":2,\"name\":\"Shop\",\"item\":\"https:\/\/www.stephaniecesaire.com\/en\/shop\/\"},{\"@type\":\"ListItem\",\"position\":3,\"name\":\"Joe \u2013 Grained nubuck calfskin \u2013 Dove\"}]},{\"@type\":\"WebSite\",\"@id\":\"https:\/\/www.stephaniecesaire.com\/en\/#website\",\"url\":\"https:\/\/www.stephaniecesaire.com\/en\/\",\"name\":\"St\u00e9phanie C\u00e9saire\",\"description\":\"Sac cr\u00e9ateur made in France - Maroquinerie de luxe\",\"publisher\":{\"@id\":\"https:\/\/www.stephaniecesaire.com\/en\/#organization\"},\"potentialAction\":[{\"@type\":\"SearchAction\",\"target\":{\"@type\":\"EntryPoint\",\"urlTemplate\":\"https:\/\/www.stephaniecesaire.com\/en\/?s={search_term_string}\"},\"query-input\":\"required name=search_term_string\"}],\"inLanguage\":\"en-US\"},{\"@type\":\"Organization\",\"@id\":\"https:\/\/www.stephaniecesaire.com\/en\/#organization\",\"name\":\"St\u00e9phanie C\u00e9saire\",\"url\":\"https:\/\/www.stephaniecesaire.com\/en\/\",\"logo\":{\"@type\":\"ImageObject\",\"inLanguage\":\"en-US\",\"@id\":\"https:\/\/www.stephaniecesaire.com\/en\/#\/schema\/logo\/image\/\",\"url\":\"https:\/\/www.stephaniecesaire.com\/wp-content\/uploads\/2023\/10\/favicon.png\",\"contentUrl\":\"https:\/\/www.stephaniecesaire.com\/wp-content\/uploads\/2023\/10\/favicon.png\",\"width\":512,\"height\":512,\"caption\":\"St\u00e9phanie C\u00e9saire\"},\"image\":{\"@id\":\"https:\/\/www.stephaniecesaire.com\/en\/#\/schema\/logo\/image\/\"},\"sameAs\":[\"https:\/\/www.facebook.com\/cesaireparis\/\",\"https:\/\/www.pinterest.fr\/cesaireparis\/\",\"https:\/\/www.instagram.com\/cesaireparis.official\/\"]}]}<\/script>\n<!-- \/ Yoast SEO plugin. -->","yoast_head_json":{"title":"Joe \u2013 Modular Leather Crossbody Bag Made in France | C\u00e9saire Paris","description":"Joe is a soft leather crossbody bag with an East\u2013West shape. Modular, unisex and made in France, it offers a contemporary and effortless urban style.","robots":{"index":"index","follow":"follow","max-snippet":"max-snippet:-1","max-image-preview":"max-image-preview:large","max-video-preview":"max-video-preview:-1"},"canonical":"https:\/\/www.stephaniecesaire.com\/en\/boutique\/bags\/joe-en\/joe-grained-nubuck-calfskin-chestnut-copie\/","og_locale":"en_US","og_type":"article","og_title":"Joe \u2013 Modular Leather Crossbody Bag Made in France | C\u00e9saire Paris","og_description":"Joe is a soft leather crossbody bag with an East\u2013West shape. Modular, unisex and made in France, it offers a contemporary and effortless urban style.","og_url":"https:\/\/www.stephaniecesaire.com\/en\/boutique\/bags\/joe-en\/joe-grained-nubuck-calfskin-chestnut-copie\/","og_site_name":"C\u00e9saire","article_publisher":"https:\/\/www.facebook.com\/cesaireparis\/","article_modified_time":"2025-12-29T14:30:11+00:00","og_image":[{"width":630,"height":945,"url":"https:\/\/www.stephaniecesaire.com\/wp-content\/uploads\/2025\/12\/JoeNUGTourterelleFace.jpg","type":"image\/jpeg"}],"twitter_card":"summary_large_image","twitter_misc":{"Est. reading time":"1 minute"},"schema":{"@context":"https:\/\/schema.org","@graph":[{"@type":"WebPage","@id":"https:\/\/www.stephaniecesaire.com\/en\/boutique\/bags\/joe-en\/joe-grained-nubuck-calfskin-chestnut-copie\/","url":"https:\/\/www.stephaniecesaire.com\/en\/boutique\/bags\/joe-en\/joe-grained-nubuck-calfskin-chestnut-copie\/","name":"Joe \u2013 Modular Leather Crossbody Bag Made in France | C\u00e9saire Paris","isPartOf":{"@id":"https:\/\/www.stephaniecesaire.com\/en\/#website"},"primaryImageOfPage":{"@id":"https:\/\/www.stephaniecesaire.com\/en\/boutique\/bags\/joe-en\/joe-grained-nubuck-calfskin-chestnut-copie\/#primaryimage"},"image":{"@id":"https:\/\/www.stephaniecesaire.com\/en\/boutique\/bags\/joe-en\/joe-grained-nubuck-calfskin-chestnut-copie\/#primaryimage"},"thumbnailUrl":"https:\/\/www.stephaniecesaire.com\/wp-content\/uploads\/2025\/12\/JoeNUGTourterelleFace.jpg","datePublished":"2025-12-27T13:49:00+00:00","dateModified":"2025-12-29T14:30:11+00:00","description":"Joe is a soft leather crossbody bag with an East\u2013West shape. Modular, unisex and made in France, it offers a contemporary and effortless urban style.","breadcrumb":{"@id":"https:\/\/www.stephaniecesaire.com\/en\/boutique\/bags\/joe-en\/joe-grained-nubuck-calfskin-chestnut-copie\/#breadcrumb"},"inLanguage":"en-US","potentialAction":[{"@type":"ReadAction","target":["https:\/\/www.stephaniecesaire.com\/en\/boutique\/bags\/joe-en\/joe-grained-nubuck-calfskin-chestnut-copie\/"]}]},{"@type":"ImageObject","inLanguage":"en-US","@id":"https:\/\/www.stephaniecesaire.com\/en\/boutique\/bags\/joe-en\/joe-grained-nubuck-calfskin-chestnut-copie\/#primaryimage","url":"https:\/\/www.stephaniecesaire.com\/wp-content\/uploads\/2025\/12\/JoeNUGTourterelleFace.jpg","contentUrl":"https:\/\/www.stephaniecesaire.com\/wp-content\/uploads\/2025\/12\/JoeNUGTourterelleFace.jpg","width":630,"height":945,"caption":"Joe \u2013 Modular Leather Crossbody Bag Made in France | C\u00e9saire Paris"},{"@type":"BreadcrumbList","@id":"https:\/\/www.stephaniecesaire.com\/en\/boutique\/bags\/joe-en\/joe-grained-nubuck-calfskin-chestnut-copie\/#breadcrumb","itemListElement":[{"@type":"ListItem","position":1,"name":"Accueil","item":"https:\/\/www.stephaniecesaire.com\/en\/"},{"@type":"ListItem","position":2,"name":"Shop","item":"https:\/\/www.stephaniecesaire.com\/en\/shop\/"},{"@type":"ListItem","position":3,"name":"Joe \u2013 Grained nubuck calfskin \u2013 Dove"}]},{"@type":"WebSite","@id":"https:\/\/www.stephaniecesaire.com\/en\/#website","url":"https:\/\/www.stephaniecesaire.com\/en\/","name":"St\u00e9phanie C\u00e9saire","description":"Sac cr\u00e9ateur made in France - Maroquinerie de luxe","publisher":{"@id":"https:\/\/www.stephaniecesaire.com\/en\/#organization"},"potentialAction":[{"@type":"SearchAction","target":{"@type":"EntryPoint","urlTemplate":"https:\/\/www.stephaniecesaire.com\/en\/?s={search_term_string}"},"query-input":"required name=search_term_string"}],"inLanguage":"en-US"},{"@type":"Organization","@id":"https:\/\/www.stephaniecesaire.com\/en\/#organization","name":"St\u00e9phanie C\u00e9saire","url":"https:\/\/www.stephaniecesaire.com\/en\/","logo":{"@type":"ImageObject","inLanguage":"en-US","@id":"https:\/\/www.stephaniecesaire.com\/en\/#\/schema\/logo\/image\/","url":"https:\/\/www.stephaniecesaire.com\/wp-content\/uploads\/2023\/10\/favicon.png","contentUrl":"https:\/\/www.stephaniecesaire.com\/wp-content\/uploads\/2023\/10\/favicon.png","width":512,"height":512,"caption":"St\u00e9phanie C\u00e9saire"},"image":{"@id":"https:\/\/www.stephaniecesaire.com\/en\/#\/schema\/logo\/image\/"},"sameAs":["https:\/\/www.facebook.com\/cesaireparis\/","https:\/\/www.pinterest.fr\/cesaireparis\/","https:\/\/www.instagram.com\/cesaireparis.official\/"]}]}},"_links":{"self":[{"href":"https:\/\/www.stephaniecesaire.com\/en\/wp-json\/wp\/v2\/product\/40093","targetHints":{"allow":["GET"]}}],"collection":[{"href":"https:\/\/www.stephaniecesaire.com\/en\/wp-json\/wp\/v2\/product"}],"about":[{"href":"https:\/\/www.stephaniecesaire.com\/en\/wp-json\/wp\/v2\/types\/product"}],"wp:featuredmedia":[{"embeddable":true,"href":"https:\/\/www.stephaniecesaire.com\/en\/wp-json\/wp\/v2\/media\/40071"}],"wp:attachment":[{"href":"https:\/\/www.stephaniecesaire.com\/en\/wp-json\/wp\/v2\/media?parent=40093"}],"wp:term":[{"taxonomy":"product_cat","embeddable":true,"href":"https:\/\/www.stephaniecesaire.com\/en\/wp-json\/wp\/v2\/product_cat?post=40093"},{"taxonomy":"product_tag","embeddable":true,"href":"https:\/\/www.stephaniecesaire.com\/en\/wp-json\/wp\/v2\/product_tag?post=40093"}],"curies":[{"name":"wp","href":"https:\/\/api.w.org\/{rel}","templated":true}]}}