{"id":40618,"date":"2026-02-07T17:40:41","date_gmt":"2026-02-07T16:40:41","guid":{"rendered":"https:\/\/www.stephaniecesaire.com\/?post_type=product&#038;p=40618"},"modified":"2026-02-13T15:49:22","modified_gmt":"2026-02-13T14:49:22","slug":"no-josephine-x-cesaire-capsule-grained-taurillon-leather-silk-scarf-sky-blue-copie","status":"publish","type":"product","link":"https:\/\/www.stephaniecesaire.com\/en\/boutique\/bags\/capsule-cesaire-josephine-en\/no-josephine-x-cesaire-capsule-grained-taurillon-leather-silk-scarf-sky-blue-copie\/","title":{"rendered":"N\u00f4 &#8211; Jos\u00e9phine \u00d7 C\u00e9saire Capsule &#8211; Grained taurillon leather &#038; silk scarf &#8211; Papaya"},"content":{"rendered":"<p>N\u00f4 in leather, like an adorable and ever-changing mini bag, is shaped from a single cut piece of leather. It unfolds like a three-dimensional net and moves like a shifting mask around a soft leather pouch with sliding ties.<\/p>\n<p>Capsule edition: enlarged format, interior pouch in printed silk (Alain Jos\u00e9phine edition) lined with lambskin. Unique versions in sky-blue taurillon and papaya saddle calfskin.<\/p>\n<p>This charming handheld design, light and lively, brings a distinctive movement to the silhouette.<\/p>\n<p>N\u00f4 is handcrafted in France.<\/p>\n","protected":false},"excerpt":{"rendered":"<p>N\u00f4 is a kinetic creation, born from a single cut of leather that unfolds lightly into volume. Minimal and evolving, it reveals the beauty of craftsmanship in its purest simplicity.<\/p>\n<p>For this edition created with\u00a0<strong>St\u00e9phanie C\u00e9saire<\/strong>\u00a0and\u00a0<a href=\"https:\/\/www.instagram.com\/alainjosephineartist\/?hl=fr\" target=\"_blank\" rel=\"noopener\"><strong>Alain Jos\u00e9phine<\/strong><\/a>, the model takes on a more generous format and features an inner pouch crafted from a silk scarf edited by the artist and lined with lambskin, creating a dialogue between leather and color.<\/p>\n","protected":false},"featured_media":40627,"template":"","meta":[],"product_cat":[2222],"product_tag":[672],"class_list":{"0":"post-40618","1":"product","2":"type-product","3":"status-publish","4":"has-post-thumbnail","6":"product_cat-capsule-cesaire-josephine-en","7":"product_tag-new-products","8":"pa_porte-handbags","9":"pa_volume-sacs-souples-en","10":"pa_volume-small-bags","12":"first","13":"outofstock","14":"sold-individually","15":"taxable","16":"shipping-taxable","17":"purchasable","18":"product-type-simple"},"yoast_head":"<!-- This site is optimized with the Yoast SEO plugin v23.1 - https:\/\/yoast.com\/wordpress\/plugins\/seo\/ -->\n<title>Capsule C\u00e9saire \u00d7 Jos\u00e9phine \u2014 Limited edition handcrafted leather bags<\/title>\n<meta name=\"description\" content=\"C\u00e9saire \u00d7 Jos\u00e9phine capsule collection: six leather bags made in France, unique pieces inspired by the works of painter Alain Jos\u00e9phine.\" \/>\n<meta name=\"robots\" content=\"index, follow, max-snippet:-1, max-image-preview:large, max-video-preview:-1\" \/>\n<link rel=\"canonical\" href=\"https:\/\/www.stephaniecesaire.com\/en\/boutique\/bags\/capsule-cesaire-josephine-en\/no-josephine-x-cesaire-capsule-grained-taurillon-leather-silk-scarf-sky-blue-copie\/\" \/>\n<meta property=\"og:locale\" content=\"en_US\" \/>\n<meta property=\"og:type\" content=\"article\" \/>\n<meta property=\"og:title\" content=\"Capsule C\u00e9saire \u00d7 Jos\u00e9phine \u2014 Limited edition handcrafted leather bags\" \/>\n<meta property=\"og:description\" content=\"C\u00e9saire \u00d7 Jos\u00e9phine capsule collection: six leather bags made in France, unique pieces inspired by the works of painter Alain Jos\u00e9phine.\" \/>\n<meta property=\"og:url\" content=\"https:\/\/www.stephaniecesaire.com\/en\/boutique\/bags\/capsule-cesaire-josephine-en\/no-josephine-x-cesaire-capsule-grained-taurillon-leather-silk-scarf-sky-blue-copie\/\" \/>\n<meta property=\"og:site_name\" content=\"C\u00e9saire\" \/>\n<meta property=\"article:publisher\" content=\"https:\/\/www.facebook.com\/cesaireparis\/\" \/>\n<meta property=\"article:modified_time\" content=\"2026-02-13T14:49:22+00:00\" \/>\n<meta property=\"og:image\" content=\"https:\/\/www.stephaniecesaire.com\/wp-content\/uploads\/2026\/02\/GrdNoJOSGoldFace.jpg\" \/>\n\t<meta property=\"og:image:width\" content=\"630\" \/>\n\t<meta property=\"og:image:height\" content=\"945\" \/>\n\t<meta property=\"og:image:type\" content=\"image\/jpeg\" \/>\n<meta name=\"twitter:card\" content=\"summary_large_image\" \/>\n<meta name=\"twitter:label1\" content=\"Est. reading time\" \/>\n\t<meta name=\"twitter:data1\" content=\"1 minute\" \/>\n<script type=\"application\/ld+json\" class=\"yoast-schema-graph\">{\"@context\":\"https:\/\/schema.org\",\"@graph\":[{\"@type\":\"WebPage\",\"@id\":\"https:\/\/www.stephaniecesaire.com\/en\/boutique\/bags\/capsule-cesaire-josephine-en\/no-josephine-x-cesaire-capsule-grained-taurillon-leather-silk-scarf-sky-blue-copie\/\",\"url\":\"https:\/\/www.stephaniecesaire.com\/en\/boutique\/bags\/capsule-cesaire-josephine-en\/no-josephine-x-cesaire-capsule-grained-taurillon-leather-silk-scarf-sky-blue-copie\/\",\"name\":\"Capsule C\u00e9saire \u00d7 Jos\u00e9phine \u2014 Limited edition handcrafted leather bags\",\"isPartOf\":{\"@id\":\"https:\/\/www.stephaniecesaire.com\/en\/#website\"},\"primaryImageOfPage\":{\"@id\":\"https:\/\/www.stephaniecesaire.com\/en\/boutique\/bags\/capsule-cesaire-josephine-en\/no-josephine-x-cesaire-capsule-grained-taurillon-leather-silk-scarf-sky-blue-copie\/#primaryimage\"},\"image\":{\"@id\":\"https:\/\/www.stephaniecesaire.com\/en\/boutique\/bags\/capsule-cesaire-josephine-en\/no-josephine-x-cesaire-capsule-grained-taurillon-leather-silk-scarf-sky-blue-copie\/#primaryimage\"},\"thumbnailUrl\":\"https:\/\/www.stephaniecesaire.com\/wp-content\/uploads\/2026\/02\/GrdNoJOSGoldFace.jpg\",\"datePublished\":\"2026-02-07T16:40:41+00:00\",\"dateModified\":\"2026-02-13T14:49:22+00:00\",\"description\":\"C\u00e9saire \u00d7 Jos\u00e9phine capsule collection: six leather bags made in France, unique pieces inspired by the works of painter Alain Jos\u00e9phine.\",\"breadcrumb\":{\"@id\":\"https:\/\/www.stephaniecesaire.com\/en\/boutique\/bags\/capsule-cesaire-josephine-en\/no-josephine-x-cesaire-capsule-grained-taurillon-leather-silk-scarf-sky-blue-copie\/#breadcrumb\"},\"inLanguage\":\"en-US\",\"potentialAction\":[{\"@type\":\"ReadAction\",\"target\":[\"https:\/\/www.stephaniecesaire.com\/en\/boutique\/bags\/capsule-cesaire-josephine-en\/no-josephine-x-cesaire-capsule-grained-taurillon-leather-silk-scarf-sky-blue-copie\/\"]}]},{\"@type\":\"ImageObject\",\"inLanguage\":\"en-US\",\"@id\":\"https:\/\/www.stephaniecesaire.com\/en\/boutique\/bags\/capsule-cesaire-josephine-en\/no-josephine-x-cesaire-capsule-grained-taurillon-leather-silk-scarf-sky-blue-copie\/#primaryimage\",\"url\":\"https:\/\/www.stephaniecesaire.com\/wp-content\/uploads\/2026\/02\/GrdNoJOSGoldFace.jpg\",\"contentUrl\":\"https:\/\/www.stephaniecesaire.com\/wp-content\/uploads\/2026\/02\/GrdNoJOSGoldFace.jpg\",\"width\":630,\"height\":945,\"caption\":\"Capsule C\u00e9saire \u00d7 Jos\u00e9phine \u2014 Limited edition handcrafted leather bags\"},{\"@type\":\"BreadcrumbList\",\"@id\":\"https:\/\/www.stephaniecesaire.com\/en\/boutique\/bags\/capsule-cesaire-josephine-en\/no-josephine-x-cesaire-capsule-grained-taurillon-leather-silk-scarf-sky-blue-copie\/#breadcrumb\",\"itemListElement\":[{\"@type\":\"ListItem\",\"position\":1,\"name\":\"Accueil\",\"item\":\"https:\/\/www.stephaniecesaire.com\/en\/\"},{\"@type\":\"ListItem\",\"position\":2,\"name\":\"Shop\",\"item\":\"https:\/\/www.stephaniecesaire.com\/en\/shop\/\"},{\"@type\":\"ListItem\",\"position\":3,\"name\":\"N\u00f4 &#8211; Jos\u00e9phine \u00d7 C\u00e9saire Capsule &#8211; Grained taurillon leather &#038; silk scarf &#8211; Papaya\"}]},{\"@type\":\"WebSite\",\"@id\":\"https:\/\/www.stephaniecesaire.com\/en\/#website\",\"url\":\"https:\/\/www.stephaniecesaire.com\/en\/\",\"name\":\"St\u00e9phanie C\u00e9saire\",\"description\":\"Sac cr\u00e9ateur made in France - Maroquinerie de luxe\",\"publisher\":{\"@id\":\"https:\/\/www.stephaniecesaire.com\/en\/#organization\"},\"potentialAction\":[{\"@type\":\"SearchAction\",\"target\":{\"@type\":\"EntryPoint\",\"urlTemplate\":\"https:\/\/www.stephaniecesaire.com\/en\/?s={search_term_string}\"},\"query-input\":\"required name=search_term_string\"}],\"inLanguage\":\"en-US\"},{\"@type\":\"Organization\",\"@id\":\"https:\/\/www.stephaniecesaire.com\/en\/#organization\",\"name\":\"St\u00e9phanie C\u00e9saire\",\"url\":\"https:\/\/www.stephaniecesaire.com\/en\/\",\"logo\":{\"@type\":\"ImageObject\",\"inLanguage\":\"en-US\",\"@id\":\"https:\/\/www.stephaniecesaire.com\/en\/#\/schema\/logo\/image\/\",\"url\":\"https:\/\/www.stephaniecesaire.com\/wp-content\/uploads\/2023\/10\/favicon.png\",\"contentUrl\":\"https:\/\/www.stephaniecesaire.com\/wp-content\/uploads\/2023\/10\/favicon.png\",\"width\":512,\"height\":512,\"caption\":\"St\u00e9phanie C\u00e9saire\"},\"image\":{\"@id\":\"https:\/\/www.stephaniecesaire.com\/en\/#\/schema\/logo\/image\/\"},\"sameAs\":[\"https:\/\/www.facebook.com\/cesaireparis\/\",\"https:\/\/www.pinterest.fr\/cesaireparis\/\",\"https:\/\/www.instagram.com\/cesaireparis.official\/\"]}]}<\/script>\n<!-- \/ Yoast SEO plugin. -->","yoast_head_json":{"title":"Capsule C\u00e9saire \u00d7 Jos\u00e9phine \u2014 Limited edition handcrafted leather bags","description":"C\u00e9saire \u00d7 Jos\u00e9phine capsule collection: six leather bags made in France, unique pieces inspired by the works of painter Alain Jos\u00e9phine.","robots":{"index":"index","follow":"follow","max-snippet":"max-snippet:-1","max-image-preview":"max-image-preview:large","max-video-preview":"max-video-preview:-1"},"canonical":"https:\/\/www.stephaniecesaire.com\/en\/boutique\/bags\/capsule-cesaire-josephine-en\/no-josephine-x-cesaire-capsule-grained-taurillon-leather-silk-scarf-sky-blue-copie\/","og_locale":"en_US","og_type":"article","og_title":"Capsule C\u00e9saire \u00d7 Jos\u00e9phine \u2014 Limited edition handcrafted leather bags","og_description":"C\u00e9saire \u00d7 Jos\u00e9phine capsule collection: six leather bags made in France, unique pieces inspired by the works of painter Alain Jos\u00e9phine.","og_url":"https:\/\/www.stephaniecesaire.com\/en\/boutique\/bags\/capsule-cesaire-josephine-en\/no-josephine-x-cesaire-capsule-grained-taurillon-leather-silk-scarf-sky-blue-copie\/","og_site_name":"C\u00e9saire","article_publisher":"https:\/\/www.facebook.com\/cesaireparis\/","article_modified_time":"2026-02-13T14:49:22+00:00","og_image":[{"width":630,"height":945,"url":"https:\/\/www.stephaniecesaire.com\/wp-content\/uploads\/2026\/02\/GrdNoJOSGoldFace.jpg","type":"image\/jpeg"}],"twitter_card":"summary_large_image","twitter_misc":{"Est. reading time":"1 minute"},"schema":{"@context":"https:\/\/schema.org","@graph":[{"@type":"WebPage","@id":"https:\/\/www.stephaniecesaire.com\/en\/boutique\/bags\/capsule-cesaire-josephine-en\/no-josephine-x-cesaire-capsule-grained-taurillon-leather-silk-scarf-sky-blue-copie\/","url":"https:\/\/www.stephaniecesaire.com\/en\/boutique\/bags\/capsule-cesaire-josephine-en\/no-josephine-x-cesaire-capsule-grained-taurillon-leather-silk-scarf-sky-blue-copie\/","name":"Capsule C\u00e9saire \u00d7 Jos\u00e9phine \u2014 Limited edition handcrafted leather bags","isPartOf":{"@id":"https:\/\/www.stephaniecesaire.com\/en\/#website"},"primaryImageOfPage":{"@id":"https:\/\/www.stephaniecesaire.com\/en\/boutique\/bags\/capsule-cesaire-josephine-en\/no-josephine-x-cesaire-capsule-grained-taurillon-leather-silk-scarf-sky-blue-copie\/#primaryimage"},"image":{"@id":"https:\/\/www.stephaniecesaire.com\/en\/boutique\/bags\/capsule-cesaire-josephine-en\/no-josephine-x-cesaire-capsule-grained-taurillon-leather-silk-scarf-sky-blue-copie\/#primaryimage"},"thumbnailUrl":"https:\/\/www.stephaniecesaire.com\/wp-content\/uploads\/2026\/02\/GrdNoJOSGoldFace.jpg","datePublished":"2026-02-07T16:40:41+00:00","dateModified":"2026-02-13T14:49:22+00:00","description":"C\u00e9saire \u00d7 Jos\u00e9phine capsule collection: six leather bags made in France, unique pieces inspired by the works of painter Alain Jos\u00e9phine.","breadcrumb":{"@id":"https:\/\/www.stephaniecesaire.com\/en\/boutique\/bags\/capsule-cesaire-josephine-en\/no-josephine-x-cesaire-capsule-grained-taurillon-leather-silk-scarf-sky-blue-copie\/#breadcrumb"},"inLanguage":"en-US","potentialAction":[{"@type":"ReadAction","target":["https:\/\/www.stephaniecesaire.com\/en\/boutique\/bags\/capsule-cesaire-josephine-en\/no-josephine-x-cesaire-capsule-grained-taurillon-leather-silk-scarf-sky-blue-copie\/"]}]},{"@type":"ImageObject","inLanguage":"en-US","@id":"https:\/\/www.stephaniecesaire.com\/en\/boutique\/bags\/capsule-cesaire-josephine-en\/no-josephine-x-cesaire-capsule-grained-taurillon-leather-silk-scarf-sky-blue-copie\/#primaryimage","url":"https:\/\/www.stephaniecesaire.com\/wp-content\/uploads\/2026\/02\/GrdNoJOSGoldFace.jpg","contentUrl":"https:\/\/www.stephaniecesaire.com\/wp-content\/uploads\/2026\/02\/GrdNoJOSGoldFace.jpg","width":630,"height":945,"caption":"Capsule C\u00e9saire \u00d7 Jos\u00e9phine \u2014 Limited edition handcrafted leather bags"},{"@type":"BreadcrumbList","@id":"https:\/\/www.stephaniecesaire.com\/en\/boutique\/bags\/capsule-cesaire-josephine-en\/no-josephine-x-cesaire-capsule-grained-taurillon-leather-silk-scarf-sky-blue-copie\/#breadcrumb","itemListElement":[{"@type":"ListItem","position":1,"name":"Accueil","item":"https:\/\/www.stephaniecesaire.com\/en\/"},{"@type":"ListItem","position":2,"name":"Shop","item":"https:\/\/www.stephaniecesaire.com\/en\/shop\/"},{"@type":"ListItem","position":3,"name":"N\u00f4 &#8211; Jos\u00e9phine \u00d7 C\u00e9saire Capsule &#8211; Grained taurillon leather &#038; silk scarf &#8211; Papaya"}]},{"@type":"WebSite","@id":"https:\/\/www.stephaniecesaire.com\/en\/#website","url":"https:\/\/www.stephaniecesaire.com\/en\/","name":"St\u00e9phanie C\u00e9saire","description":"Sac cr\u00e9ateur made in France - Maroquinerie de luxe","publisher":{"@id":"https:\/\/www.stephaniecesaire.com\/en\/#organization"},"potentialAction":[{"@type":"SearchAction","target":{"@type":"EntryPoint","urlTemplate":"https:\/\/www.stephaniecesaire.com\/en\/?s={search_term_string}"},"query-input":"required name=search_term_string"}],"inLanguage":"en-US"},{"@type":"Organization","@id":"https:\/\/www.stephaniecesaire.com\/en\/#organization","name":"St\u00e9phanie C\u00e9saire","url":"https:\/\/www.stephaniecesaire.com\/en\/","logo":{"@type":"ImageObject","inLanguage":"en-US","@id":"https:\/\/www.stephaniecesaire.com\/en\/#\/schema\/logo\/image\/","url":"https:\/\/www.stephaniecesaire.com\/wp-content\/uploads\/2023\/10\/favicon.png","contentUrl":"https:\/\/www.stephaniecesaire.com\/wp-content\/uploads\/2023\/10\/favicon.png","width":512,"height":512,"caption":"St\u00e9phanie C\u00e9saire"},"image":{"@id":"https:\/\/www.stephaniecesaire.com\/en\/#\/schema\/logo\/image\/"},"sameAs":["https:\/\/www.facebook.com\/cesaireparis\/","https:\/\/www.pinterest.fr\/cesaireparis\/","https:\/\/www.instagram.com\/cesaireparis.official\/"]}]}},"_links":{"self":[{"href":"https:\/\/www.stephaniecesaire.com\/en\/wp-json\/wp\/v2\/product\/40618","targetHints":{"allow":["GET"]}}],"collection":[{"href":"https:\/\/www.stephaniecesaire.com\/en\/wp-json\/wp\/v2\/product"}],"about":[{"href":"https:\/\/www.stephaniecesaire.com\/en\/wp-json\/wp\/v2\/types\/product"}],"wp:featuredmedia":[{"embeddable":true,"href":"https:\/\/www.stephaniecesaire.com\/en\/wp-json\/wp\/v2\/media\/40627"}],"wp:attachment":[{"href":"https:\/\/www.stephaniecesaire.com\/en\/wp-json\/wp\/v2\/media?parent=40618"}],"wp:term":[{"taxonomy":"product_cat","embeddable":true,"href":"https:\/\/www.stephaniecesaire.com\/en\/wp-json\/wp\/v2\/product_cat?post=40618"},{"taxonomy":"product_tag","embeddable":true,"href":"https:\/\/www.stephaniecesaire.com\/en\/wp-json\/wp\/v2\/product_tag?post=40618"}],"curies":[{"name":"wp","href":"https:\/\/api.w.org\/{rel}","templated":true}]}}