{"id":40637,"date":"2026-02-09T15:32:49","date_gmt":"2026-02-09T14:32:49","guid":{"rendered":"https:\/\/www.stephaniecesaire.com\/?post_type=product&#038;p=40637"},"modified":"2026-02-24T23:16:45","modified_gmt":"2026-02-24T22:16:45","slug":"carambole-capsule-josephine-x-cesaire-saddle-print-calfskin-gold-rose-copie-2","status":"publish","type":"product","link":"https:\/\/www.stephaniecesaire.com\/en\/boutique\/bags\/capsule-cesaire-josephine-en\/carambole-capsule-josephine-x-cesaire-saddle-print-calfskin-gold-rose-copie-2\/","title":{"rendered":"Carambole &#8211; Capsule Jos\u00e9phine \u00d7 C\u00e9saire &#8211; Saddle &#038; print calfskin &#8211; Olive &#038; Rose"},"content":{"rendered":"<p data-start=\"738\" data-end=\"1036\">The Carambole bag is worn crossbody with an adjustable strap attached to an original metal ring sculpted for each model by <strong data-start=\"861\" data-end=\"902\"><span class=\"hover:entity-accent entity-underline inline cursor-pointer align-baseline\"><span class=\"whitespace-normal\">Ronan Masson<\/span><\/span><\/strong>.<br data-start=\"903\" data-end=\"906\" \/>Its soft leather body, finished with traditional saddle stitching, conceals a zip closure.<br data-start=\"996\" data-end=\"999\" \/>Carambole is lined in cotton twill.<\/p>\n<p data-start=\"1038\" data-end=\"1159\">Capsule edition: digitally printed calf leather featuring motifs from Alain Jos\u00e9phine\u2019s artworks. Each piece is unique.<\/p>\n<p data-start=\"1161\" data-end=\"1207\">This bag is handcrafted in France by artisans.<\/p>\n","protected":false},"excerpt":{"rendered":"<p data-start=\"282\" data-end=\"498\">This supple leather pouch, defined by its elongated shape, is worn crossbody. Its leather bell detail, sculpted metal ring and softly gathered folds create a nomadic volume, both jewel-like and an everyday companion.<\/p>\n<p data-start=\"500\" data-end=\"710\">For the capsule created with <a href=\"https:\/\/www.instagram.com\/alainjosephineartist\/?hl=fr\" target=\"_blank\" rel=\"noopener\"><strong data-start=\"529\" data-end=\"570\"><span class=\"hover:entity-accent entity-underline inline cursor-pointer align-baseline\"><span class=\"whitespace-normal\">Alain Jos\u00e9phine<\/span><\/span><\/strong><\/a>, the calf leather is digitally printed with fragments of his paintings. Each Carambole becomes a unique piece \u2014 like a work of art to wear.<\/p>\n","protected":false},"featured_media":40671,"template":"","meta":[],"product_cat":[2222],"product_tag":[672],"class_list":{"0":"post-40637","1":"product","2":"type-product","3":"status-publish","4":"has-post-thumbnail","6":"product_cat-capsule-cesaire-josephine-en","7":"product_tag-new-products","8":"product_shipping_class-classe-de-livraison-2","9":"pa_porte-crossbody-bags","10":"pa_volume-medium-bags","11":"pa_volume-sacs-souples-en","13":"first","14":"instock","15":"sold-individually","16":"taxable","17":"shipping-taxable","18":"purchasable","19":"product-type-simple"},"yoast_head":"<!-- This site is optimized with the Yoast SEO plugin v23.1 - https:\/\/yoast.com\/wordpress\/plugins\/seo\/ -->\n<title>Capsule C\u00e9saire \u00d7 Jos\u00e9phine \u2014 Limited edition handcrafted leather bags - handmade in France<\/title>\n<meta name=\"description\" content=\"SaC\u00e9saire \u00d7 Jos\u00e9phine capsule collection: six leather bags made in France, unique pieces inspired by the works of painter Alain Jos\u00e9phine.c bandouli\u00e8re design, Carambole est un \u00e9tui de cuir souple \u00e0 la forme oblongue qui se porte en travers du corps. Il se dessine \u00e0 une extr\u00e9mit\u00e9 par une cloche de cuir rehauss\u00e9e d\u2019un anneau de m\u00e9tal et \u00e0 l\u2019autre par de simples plis maintenus en corolle par un lien.\" \/>\n<meta name=\"robots\" content=\"index, follow, max-snippet:-1, max-image-preview:large, max-video-preview:-1\" \/>\n<link rel=\"canonical\" href=\"https:\/\/www.stephaniecesaire.com\/en\/boutique\/bags\/capsule-cesaire-josephine-en\/carambole-capsule-josephine-x-cesaire-saddle-print-calfskin-gold-rose-copie-2\/\" \/>\n<meta property=\"og:locale\" content=\"en_US\" \/>\n<meta property=\"og:type\" content=\"article\" \/>\n<meta property=\"og:title\" content=\"Capsule C\u00e9saire \u00d7 Jos\u00e9phine \u2014 Limited edition handcrafted leather bags - handmade in France\" \/>\n<meta property=\"og:description\" content=\"SaC\u00e9saire \u00d7 Jos\u00e9phine capsule collection: six leather bags made in France, unique pieces inspired by the works of painter Alain Jos\u00e9phine.c bandouli\u00e8re design, Carambole est un \u00e9tui de cuir souple \u00e0 la forme oblongue qui se porte en travers du corps. Il se dessine \u00e0 une extr\u00e9mit\u00e9 par une cloche de cuir rehauss\u00e9e d\u2019un anneau de m\u00e9tal et \u00e0 l\u2019autre par de simples plis maintenus en corolle par un lien.\" \/>\n<meta property=\"og:url\" content=\"https:\/\/www.stephaniecesaire.com\/en\/boutique\/bags\/capsule-cesaire-josephine-en\/carambole-capsule-josephine-x-cesaire-saddle-print-calfskin-gold-rose-copie-2\/\" \/>\n<meta property=\"og:site_name\" content=\"C\u00e9saire\" \/>\n<meta property=\"article:publisher\" content=\"https:\/\/www.facebook.com\/cesaireparis\/\" \/>\n<meta property=\"article:modified_time\" content=\"2026-02-24T22:16:45+00:00\" \/>\n<meta property=\"og:image\" content=\"https:\/\/www.stephaniecesaire.com\/wp-content\/uploads\/2026\/02\/CaramboleJOSOliveFace-1.jpg\" \/>\n\t<meta property=\"og:image:width\" content=\"630\" \/>\n\t<meta property=\"og:image:height\" content=\"945\" \/>\n\t<meta property=\"og:image:type\" content=\"image\/jpeg\" \/>\n<meta name=\"twitter:card\" content=\"summary_large_image\" \/>\n<meta name=\"twitter:label1\" content=\"Est. reading time\" \/>\n\t<meta name=\"twitter:data1\" content=\"1 minute\" \/>\n<script type=\"application\/ld+json\" class=\"yoast-schema-graph\">{\"@context\":\"https:\/\/schema.org\",\"@graph\":[{\"@type\":\"WebPage\",\"@id\":\"https:\/\/www.stephaniecesaire.com\/en\/boutique\/bags\/capsule-cesaire-josephine-en\/carambole-capsule-josephine-x-cesaire-saddle-print-calfskin-gold-rose-copie-2\/\",\"url\":\"https:\/\/www.stephaniecesaire.com\/en\/boutique\/bags\/capsule-cesaire-josephine-en\/carambole-capsule-josephine-x-cesaire-saddle-print-calfskin-gold-rose-copie-2\/\",\"name\":\"Capsule C\u00e9saire \u00d7 Jos\u00e9phine \u2014 Limited edition handcrafted leather bags - handmade in France\",\"isPartOf\":{\"@id\":\"https:\/\/www.stephaniecesaire.com\/en\/#website\"},\"primaryImageOfPage\":{\"@id\":\"https:\/\/www.stephaniecesaire.com\/en\/boutique\/bags\/capsule-cesaire-josephine-en\/carambole-capsule-josephine-x-cesaire-saddle-print-calfskin-gold-rose-copie-2\/#primaryimage\"},\"image\":{\"@id\":\"https:\/\/www.stephaniecesaire.com\/en\/boutique\/bags\/capsule-cesaire-josephine-en\/carambole-capsule-josephine-x-cesaire-saddle-print-calfskin-gold-rose-copie-2\/#primaryimage\"},\"thumbnailUrl\":\"https:\/\/www.stephaniecesaire.com\/wp-content\/uploads\/2026\/02\/CaramboleJOSOliveFace-1.jpg\",\"datePublished\":\"2026-02-09T14:32:49+00:00\",\"dateModified\":\"2026-02-24T22:16:45+00:00\",\"description\":\"SaC\u00e9saire \u00d7 Jos\u00e9phine capsule collection: six leather bags made in France, unique pieces inspired by the works of painter Alain Jos\u00e9phine.c bandouli\u00e8re design, Carambole est un \u00e9tui de cuir souple \u00e0 la forme oblongue qui se porte en travers du corps. Il se dessine \u00e0 une extr\u00e9mit\u00e9 par une cloche de cuir rehauss\u00e9e d\u2019un anneau de m\u00e9tal et \u00e0 l\u2019autre par de simples plis maintenus en corolle par un lien.\",\"breadcrumb\":{\"@id\":\"https:\/\/www.stephaniecesaire.com\/en\/boutique\/bags\/capsule-cesaire-josephine-en\/carambole-capsule-josephine-x-cesaire-saddle-print-calfskin-gold-rose-copie-2\/#breadcrumb\"},\"inLanguage\":\"en-US\",\"potentialAction\":[{\"@type\":\"ReadAction\",\"target\":[\"https:\/\/www.stephaniecesaire.com\/en\/boutique\/bags\/capsule-cesaire-josephine-en\/carambole-capsule-josephine-x-cesaire-saddle-print-calfskin-gold-rose-copie-2\/\"]}]},{\"@type\":\"ImageObject\",\"inLanguage\":\"en-US\",\"@id\":\"https:\/\/www.stephaniecesaire.com\/en\/boutique\/bags\/capsule-cesaire-josephine-en\/carambole-capsule-josephine-x-cesaire-saddle-print-calfskin-gold-rose-copie-2\/#primaryimage\",\"url\":\"https:\/\/www.stephaniecesaire.com\/wp-content\/uploads\/2026\/02\/CaramboleJOSOliveFace-1.jpg\",\"contentUrl\":\"https:\/\/www.stephaniecesaire.com\/wp-content\/uploads\/2026\/02\/CaramboleJOSOliveFace-1.jpg\",\"width\":630,\"height\":945},{\"@type\":\"BreadcrumbList\",\"@id\":\"https:\/\/www.stephaniecesaire.com\/en\/boutique\/bags\/capsule-cesaire-josephine-en\/carambole-capsule-josephine-x-cesaire-saddle-print-calfskin-gold-rose-copie-2\/#breadcrumb\",\"itemListElement\":[{\"@type\":\"ListItem\",\"position\":1,\"name\":\"Accueil\",\"item\":\"https:\/\/www.stephaniecesaire.com\/en\/\"},{\"@type\":\"ListItem\",\"position\":2,\"name\":\"Shop\",\"item\":\"https:\/\/www.stephaniecesaire.com\/en\/shop\/\"},{\"@type\":\"ListItem\",\"position\":3,\"name\":\"Carambole &#8211; Capsule Jos\u00e9phine \u00d7 C\u00e9saire &#8211; Saddle &#038; print calfskin &#8211; Olive &#038; Rose\"}]},{\"@type\":\"WebSite\",\"@id\":\"https:\/\/www.stephaniecesaire.com\/en\/#website\",\"url\":\"https:\/\/www.stephaniecesaire.com\/en\/\",\"name\":\"St\u00e9phanie C\u00e9saire\",\"description\":\"Sac cr\u00e9ateur made in France - Maroquinerie de luxe\",\"publisher\":{\"@id\":\"https:\/\/www.stephaniecesaire.com\/en\/#organization\"},\"potentialAction\":[{\"@type\":\"SearchAction\",\"target\":{\"@type\":\"EntryPoint\",\"urlTemplate\":\"https:\/\/www.stephaniecesaire.com\/en\/?s={search_term_string}\"},\"query-input\":\"required name=search_term_string\"}],\"inLanguage\":\"en-US\"},{\"@type\":\"Organization\",\"@id\":\"https:\/\/www.stephaniecesaire.com\/en\/#organization\",\"name\":\"St\u00e9phanie C\u00e9saire\",\"url\":\"https:\/\/www.stephaniecesaire.com\/en\/\",\"logo\":{\"@type\":\"ImageObject\",\"inLanguage\":\"en-US\",\"@id\":\"https:\/\/www.stephaniecesaire.com\/en\/#\/schema\/logo\/image\/\",\"url\":\"https:\/\/www.stephaniecesaire.com\/wp-content\/uploads\/2023\/10\/favicon.png\",\"contentUrl\":\"https:\/\/www.stephaniecesaire.com\/wp-content\/uploads\/2023\/10\/favicon.png\",\"width\":512,\"height\":512,\"caption\":\"St\u00e9phanie C\u00e9saire\"},\"image\":{\"@id\":\"https:\/\/www.stephaniecesaire.com\/en\/#\/schema\/logo\/image\/\"},\"sameAs\":[\"https:\/\/www.facebook.com\/cesaireparis\/\",\"https:\/\/www.pinterest.fr\/cesaireparis\/\",\"https:\/\/www.instagram.com\/cesaireparis.official\/\"]}]}<\/script>\n<!-- \/ Yoast SEO plugin. -->","yoast_head_json":{"title":"Capsule C\u00e9saire \u00d7 Jos\u00e9phine \u2014 Limited edition handcrafted leather bags - handmade in France","description":"SaC\u00e9saire \u00d7 Jos\u00e9phine capsule collection: six leather bags made in France, unique pieces inspired by the works of painter Alain Jos\u00e9phine.c bandouli\u00e8re design, Carambole est un \u00e9tui de cuir souple \u00e0 la forme oblongue qui se porte en travers du corps. Il se dessine \u00e0 une extr\u00e9mit\u00e9 par une cloche de cuir rehauss\u00e9e d\u2019un anneau de m\u00e9tal et \u00e0 l\u2019autre par de simples plis maintenus en corolle par un lien.","robots":{"index":"index","follow":"follow","max-snippet":"max-snippet:-1","max-image-preview":"max-image-preview:large","max-video-preview":"max-video-preview:-1"},"canonical":"https:\/\/www.stephaniecesaire.com\/en\/boutique\/bags\/capsule-cesaire-josephine-en\/carambole-capsule-josephine-x-cesaire-saddle-print-calfskin-gold-rose-copie-2\/","og_locale":"en_US","og_type":"article","og_title":"Capsule C\u00e9saire \u00d7 Jos\u00e9phine \u2014 Limited edition handcrafted leather bags - handmade in France","og_description":"SaC\u00e9saire \u00d7 Jos\u00e9phine capsule collection: six leather bags made in France, unique pieces inspired by the works of painter Alain Jos\u00e9phine.c bandouli\u00e8re design, Carambole est un \u00e9tui de cuir souple \u00e0 la forme oblongue qui se porte en travers du corps. Il se dessine \u00e0 une extr\u00e9mit\u00e9 par une cloche de cuir rehauss\u00e9e d\u2019un anneau de m\u00e9tal et \u00e0 l\u2019autre par de simples plis maintenus en corolle par un lien.","og_url":"https:\/\/www.stephaniecesaire.com\/en\/boutique\/bags\/capsule-cesaire-josephine-en\/carambole-capsule-josephine-x-cesaire-saddle-print-calfskin-gold-rose-copie-2\/","og_site_name":"C\u00e9saire","article_publisher":"https:\/\/www.facebook.com\/cesaireparis\/","article_modified_time":"2026-02-24T22:16:45+00:00","og_image":[{"width":630,"height":945,"url":"https:\/\/www.stephaniecesaire.com\/wp-content\/uploads\/2026\/02\/CaramboleJOSOliveFace-1.jpg","type":"image\/jpeg"}],"twitter_card":"summary_large_image","twitter_misc":{"Est. reading time":"1 minute"},"schema":{"@context":"https:\/\/schema.org","@graph":[{"@type":"WebPage","@id":"https:\/\/www.stephaniecesaire.com\/en\/boutique\/bags\/capsule-cesaire-josephine-en\/carambole-capsule-josephine-x-cesaire-saddle-print-calfskin-gold-rose-copie-2\/","url":"https:\/\/www.stephaniecesaire.com\/en\/boutique\/bags\/capsule-cesaire-josephine-en\/carambole-capsule-josephine-x-cesaire-saddle-print-calfskin-gold-rose-copie-2\/","name":"Capsule C\u00e9saire \u00d7 Jos\u00e9phine \u2014 Limited edition handcrafted leather bags - handmade in France","isPartOf":{"@id":"https:\/\/www.stephaniecesaire.com\/en\/#website"},"primaryImageOfPage":{"@id":"https:\/\/www.stephaniecesaire.com\/en\/boutique\/bags\/capsule-cesaire-josephine-en\/carambole-capsule-josephine-x-cesaire-saddle-print-calfskin-gold-rose-copie-2\/#primaryimage"},"image":{"@id":"https:\/\/www.stephaniecesaire.com\/en\/boutique\/bags\/capsule-cesaire-josephine-en\/carambole-capsule-josephine-x-cesaire-saddle-print-calfskin-gold-rose-copie-2\/#primaryimage"},"thumbnailUrl":"https:\/\/www.stephaniecesaire.com\/wp-content\/uploads\/2026\/02\/CaramboleJOSOliveFace-1.jpg","datePublished":"2026-02-09T14:32:49+00:00","dateModified":"2026-02-24T22:16:45+00:00","description":"SaC\u00e9saire \u00d7 Jos\u00e9phine capsule collection: six leather bags made in France, unique pieces inspired by the works of painter Alain Jos\u00e9phine.c bandouli\u00e8re design, Carambole est un \u00e9tui de cuir souple \u00e0 la forme oblongue qui se porte en travers du corps. Il se dessine \u00e0 une extr\u00e9mit\u00e9 par une cloche de cuir rehauss\u00e9e d\u2019un anneau de m\u00e9tal et \u00e0 l\u2019autre par de simples plis maintenus en corolle par un lien.","breadcrumb":{"@id":"https:\/\/www.stephaniecesaire.com\/en\/boutique\/bags\/capsule-cesaire-josephine-en\/carambole-capsule-josephine-x-cesaire-saddle-print-calfskin-gold-rose-copie-2\/#breadcrumb"},"inLanguage":"en-US","potentialAction":[{"@type":"ReadAction","target":["https:\/\/www.stephaniecesaire.com\/en\/boutique\/bags\/capsule-cesaire-josephine-en\/carambole-capsule-josephine-x-cesaire-saddle-print-calfskin-gold-rose-copie-2\/"]}]},{"@type":"ImageObject","inLanguage":"en-US","@id":"https:\/\/www.stephaniecesaire.com\/en\/boutique\/bags\/capsule-cesaire-josephine-en\/carambole-capsule-josephine-x-cesaire-saddle-print-calfskin-gold-rose-copie-2\/#primaryimage","url":"https:\/\/www.stephaniecesaire.com\/wp-content\/uploads\/2026\/02\/CaramboleJOSOliveFace-1.jpg","contentUrl":"https:\/\/www.stephaniecesaire.com\/wp-content\/uploads\/2026\/02\/CaramboleJOSOliveFace-1.jpg","width":630,"height":945},{"@type":"BreadcrumbList","@id":"https:\/\/www.stephaniecesaire.com\/en\/boutique\/bags\/capsule-cesaire-josephine-en\/carambole-capsule-josephine-x-cesaire-saddle-print-calfskin-gold-rose-copie-2\/#breadcrumb","itemListElement":[{"@type":"ListItem","position":1,"name":"Accueil","item":"https:\/\/www.stephaniecesaire.com\/en\/"},{"@type":"ListItem","position":2,"name":"Shop","item":"https:\/\/www.stephaniecesaire.com\/en\/shop\/"},{"@type":"ListItem","position":3,"name":"Carambole &#8211; Capsule Jos\u00e9phine \u00d7 C\u00e9saire &#8211; Saddle &#038; print calfskin &#8211; Olive &#038; Rose"}]},{"@type":"WebSite","@id":"https:\/\/www.stephaniecesaire.com\/en\/#website","url":"https:\/\/www.stephaniecesaire.com\/en\/","name":"St\u00e9phanie C\u00e9saire","description":"Sac cr\u00e9ateur made in France - Maroquinerie de luxe","publisher":{"@id":"https:\/\/www.stephaniecesaire.com\/en\/#organization"},"potentialAction":[{"@type":"SearchAction","target":{"@type":"EntryPoint","urlTemplate":"https:\/\/www.stephaniecesaire.com\/en\/?s={search_term_string}"},"query-input":"required name=search_term_string"}],"inLanguage":"en-US"},{"@type":"Organization","@id":"https:\/\/www.stephaniecesaire.com\/en\/#organization","name":"St\u00e9phanie C\u00e9saire","url":"https:\/\/www.stephaniecesaire.com\/en\/","logo":{"@type":"ImageObject","inLanguage":"en-US","@id":"https:\/\/www.stephaniecesaire.com\/en\/#\/schema\/logo\/image\/","url":"https:\/\/www.stephaniecesaire.com\/wp-content\/uploads\/2023\/10\/favicon.png","contentUrl":"https:\/\/www.stephaniecesaire.com\/wp-content\/uploads\/2023\/10\/favicon.png","width":512,"height":512,"caption":"St\u00e9phanie C\u00e9saire"},"image":{"@id":"https:\/\/www.stephaniecesaire.com\/en\/#\/schema\/logo\/image\/"},"sameAs":["https:\/\/www.facebook.com\/cesaireparis\/","https:\/\/www.pinterest.fr\/cesaireparis\/","https:\/\/www.instagram.com\/cesaireparis.official\/"]}]}},"_links":{"self":[{"href":"https:\/\/www.stephaniecesaire.com\/en\/wp-json\/wp\/v2\/product\/40637","targetHints":{"allow":["GET"]}}],"collection":[{"href":"https:\/\/www.stephaniecesaire.com\/en\/wp-json\/wp\/v2\/product"}],"about":[{"href":"https:\/\/www.stephaniecesaire.com\/en\/wp-json\/wp\/v2\/types\/product"}],"wp:featuredmedia":[{"embeddable":true,"href":"https:\/\/www.stephaniecesaire.com\/en\/wp-json\/wp\/v2\/media\/40671"}],"wp:attachment":[{"href":"https:\/\/www.stephaniecesaire.com\/en\/wp-json\/wp\/v2\/media?parent=40637"}],"wp:term":[{"taxonomy":"product_cat","embeddable":true,"href":"https:\/\/www.stephaniecesaire.com\/en\/wp-json\/wp\/v2\/product_cat?post=40637"},{"taxonomy":"product_tag","embeddable":true,"href":"https:\/\/www.stephaniecesaire.com\/en\/wp-json\/wp\/v2\/product_tag?post=40637"}],"curies":[{"name":"wp","href":"https:\/\/api.w.org\/{rel}","templated":true}]}}