{"id":30809,"date":"2019-03-17T15:40:42","date_gmt":"2019-03-17T14:40:42","guid":{"rendered":"https:\/\/stephaniecesaire.com\/faqs\/"},"modified":"2024-11-14T18:37:25","modified_gmt":"2024-11-14T17:37:25","slug":"%e3%82%b5%e3%83%bc%e3%83%93%e3%82%b9%e3%83%bb%e3%82%af%e3%83%a9%e3%82%a4%e3%82%a2%e3%83%b3%e3%83%88","status":"publish","type":"page","link":"https:\/\/www.stephaniecesaire.com\/ja\/%e3%82%b5%e3%83%bc%e3%83%93%e3%82%b9%e3%83%bb%e3%82%af%e3%83%a9%e3%82%a4%e3%82%a2%e3%83%b3%e3%83%88\/","title":{"rendered":"\u3088\u304f\u3042\u308b\u8cea\u554f"},"content":{"rendered":"<div class=\"wpb-content-wrapper\">[vc_row et_full_width=&#8221;true&#8221; et_row_padding=&#8221;true&#8221; parallax=&#8221;content-moving&#8221; thb_column_padding=&#8221;true&#8221; css=&#8221;.vc_custom_1731605843546{padding-top: 160px !important;padding-bottom: 160px !important;background-image: url(https:\/\/stephaniecesaire.com\/wp-content\/uploads\/2024\/11\/FloraVPOTourtValentineSPECIAL.jpg?id=36552) !important;background-position: center;background-repeat: no-repeat !important;background-size: cover !important;}&#8221;][vc_column et_column_color=&#8221;et-light-column&#8221;][vc_row_inner][vc_column_inner offset=&#8221;vc_col-lg-6&#8243;][vc_column_text css=&#8221;.vc_custom_1704821930758{margin-top: 20px !important;}&#8221;]\n<h1>\u3088\u304f\u3042\u308b\u8cea\u554f<\/h1>\n<h4>\u3088\u304f\u3042\u308b\u8cea\u554f\u3078\u306e\u56de\u7b54<\/h4>\n[\/vc_column_text][\/vc_column_inner][\/vc_row_inner][\/vc_column][\/vc_row][vc_row css=&#8221;.vc_custom_1579116490670{padding-top: 60px !important;}&#8221;][vc_column offset=&#8221;vc_col-lg-offset-1 vc_col-lg-3&#8243;][vc_column_text]\n<h3>\u914d\u9001<\/h3>\n[\/vc_column_text][vc_empty_space][\/vc_column][vc_column offset=&#8221;vc_col-lg-6&#8243;][vc_tta_accordion active_section=&#8221;99&#8243; collapsible_all=&#8221;true&#8221; style=&#8221;style2&#8243;][vc_tta_section title=&#8221;\u56fd\u969b\u767a\u9001\u306f\u884c\u3063\u3066\u3044\u307e\u3059\u304b\uff1f&#8221; tab_id=&#8221;1522322884722-77aa01b6-d3ecfe1b-0bf9&#8243;][vc_column_text]\n<ul>\n<li>\u306f\u3044\u3001Maison C\u00e9saire\u306f\u4e16\u754c\u306e\u307b\u3068\u3093\u3069\u306e\u56fd\u306b\u767a\u9001\u3057\u3066\u3044\u307e\u3059\u304c\u3001\u5317\u671d\u9bae\u3001\u30a4\u30e9\u30f3\u3001\u30a4\u30e9\u30af\u3001\u30ea\u30d3\u30a2\u3001\u30d1\u30ec\u30b9\u30c1\u30ca\u3001\u30b7\u30ea\u30a2\u3001\u30c8\u30eb\u30af\u30e1\u30cb\u30b9\u30bf\u30f3\u3001\u30a4\u30a8\u30e1\u30f3\u3092\u9664\u304d\u307e\u3059\u3002<\/li>\n<\/ul>\n[\/vc_column_text][\/vc_tta_section][vc_tta_section title=&#8221;\u5229\u7528\u53ef\u80fd\u306a\u914d\u9001\u65b9\u6cd5\u306f\u4f55\u3067\u3059\u304b\uff1f&#8221; tab_id=&#8221;1522322738673-aea3abb5-b800fe1b-0bf9&#8243;][vc_column_text]\n<ul>\n<li>\u30d5\u30e9\u30f3\u30b9\u56fd\u5185\u3078\u306e\u3054\u6ce8\u6587\u306f\u3001\u8ffd\u8de1\u6a5f\u80fd\u3068\u4fdd\u967a\u304c\u542b\u307e\u308c\u305f\u30af\u30ed\u30ce\u30dd\u30b9\u30c8\u306e\u30a8\u30af\u30b9\u30d7\u30ec\u30b9\u4fbf\u3067\u767a\u9001\u3055\u308c\u307e\u3059\u3002<\/li>\n<li>\u56fd\u969b\u914d\u9001\u306e\u5834\u5408\u3001\u6ce8\u6587\u306f\u8ffd\u8de1\u4ed8\u304d\u306e\u30a8\u30af\u30b9\u30d7\u30ec\u30b9\u3067\u767a\u9001\u3055\u308c\u3001\u4fdd\u967a\u6599\u304c\u542b\u307e\u308c\u3066\u3044\u307e\u3059\u3002<\/li>\n<\/ul>\n[\/vc_column_text][\/vc_tta_section][vc_tta_section title=&#8221;\u9001\u6599\u306f\u3044\u304f\u3089\u3067\u3059\u304b\uff1f&#8221; tab_id=&#8221;1522322738697-88e8c59b-62ccfe1b-0bf9&#8243;][vc_column_text]\n<ul>\n<li>\u30d5\u30e9\u30f3\u30b9\u672c\u571f\u3068\u30e2\u30ca\u30b3\u3078\u306e\u9001\u6599\u306f\u3001\u6700\u4f4e\u6ce8\u6587\u91d1\u984d\u306a\u3057\u3067\u7121\u6599\u3067\u3059\u3002<\/li>\n<li>\u56fd\u969b\u914d\u9001\u306e\u5834\u5408\u3001\u3054\u6ce8\u6587\u91d1\u984d\u304c1500\u30e6\u30fc\u30ed\uff08\u7a0e\u629c\uff09\u4ee5\u4e0a\u3067\u9001\u6599\u304c\u7121\u6599\u306b\u306a\u308a\u307e\u3059\u3002<\/li>\n<li>\u9001\u6599\u306e\u6b63\u78ba\u306a\u91d1\u984d\u306b\u3064\u3044\u3066\u306f\u3001\u3054\u6ce8\u6587\u306e\u78ba\u8a8d\u6642\u306b\u8a73\u7d30\u3092\u3054\u89a7\u3044\u305f\u3060\u304f\u304b\u3001\u304a\u554f\u3044\u5408\u308f\u305b\u304f\u3060\u3055\u3044\u3002<\/li>\n<\/ul>\n[\/vc_column_text][\/vc_tta_section][vc_tta_section title=&#8221;\u6ce8\u6587\u3092\u3044\u3064\u53d7\u3051\u53d6\u308b\u3053\u3068\u304c\u3067\u304d\u307e\u3059\u304b\uff1f&#8221; tab_id=&#8221;1704815068636-4647ff3e-ee8d&#8221;][vc_column_text]\n<ul>\n<li>\u5728\u5eab\u306e\u3042\u308b\u5546\u54c1\u306e\u3054\u8cfc\u5165\u306e\u5834\u5408\u3001\u652f\u6255\u3044\u304c\u78ba\u8a8d\u3055\u308c\u3066\u304b\u3089<strong>6\u65e5<\/strong>\u4ee5\u5185\u306b\u30d0\u30c3\u30b0\u3092\u304a\u5c4a\u3051\u3057\u307e\u3059\u3002<\/li>\n<li>\u6ce8\u6587\u88fd\u4f5c\u306e\u3054\u8cfc\u5165\u306e\u5834\u5408\u3001\u5e73\u5747\u7d0d\u671f\u306f<strong>4\u301c6\u9031\u9593<\/strong>\u3067\u3059\u3002\u3053\u308c\u306b\u306f\u30d0\u30c3\u30b0\u306e\u5236\u4f5c\u3001\u30a2\u30c8\u30ea\u30a8\u3067\u306e\u51e6\u7406\u3001\u304a\u3088\u3073\u767a\u9001\u304c\u542b\u307e\u308c\u307e\u3059\u3002\u7d0d\u671f\u304c\u5ef6\u9577\u3055\u308c\u305f\u5834\u5408\u306b\u306f\u305d\u306e\u60c5\u5831\u3092\u63d0\u4f9b\u3044\u305f\u3057\u307e\u3059\u3002\u8ffd\u52a0\u7d0d\u671f\u304c\u3054\u90fd\u5408\u306b\u5408\u308f\u306a\u3044\u5834\u5408\u306f\u3001\u3054\u6ce8\u6587\u3092\u30ad\u30e3\u30f3\u30bb\u30eb\u3057\u3001\u5168\u984d\u8fd4\u91d1\u3092\u627f\u308a\u307e\u3059\u3002<\/li>\n<\/ul>\n[\/vc_column_text][\/vc_tta_section][\/vc_tta_accordion][\/vc_column][\/vc_row][vc_row css=&#8221;.vc_custom_1579116498597{padding-top: 60px !important;}&#8221;][vc_column offset=&#8221;vc_col-lg-offset-1 vc_col-lg-3&#8243;][vc_column_text]\n<h3>\u652f\u6255\u3044<\/h3>\n[\/vc_column_text][vc_empty_space][\/vc_column][vc_column offset=&#8221;vc_col-lg-6&#8243;][vc_tta_accordion active_section=&#8221;99&#8243; collapsible_all=&#8221;true&#8221; style=&#8221;style2&#8243;][vc_tta_section title=&#8221;\u3069\u306e\u652f\u6255\u3044\u65b9\u6cd5\u304c\u53d7\u3051\u5165\u308c\u3089\u308c\u3066\u3044\u307e\u3059\u304b\uff1f&#8221; tab_id=&#8221;1555532166627-d18a27a7-6515&#8243;][vc_column_text]\n<ul>\n<li>\u5b89\u5168\u306a\u6c7a\u6e08\u30b7\u30b9\u30c6\u30e0Stripe\u3092\u901a\u3058\u3066\u3001\u30af\u30ec\u30b8\u30c3\u30c8\u30ab\u30fc\u30c9\uff08AMEX\u3001JCB\u3001Diners\u3001UnionPay\u306a\u3069\uff09\u3067\u306e\u304a\u652f\u6255\u3044\u304c\u53ef\u80fd\u3067\u3059\u3002\u307e\u305f\u3001\u9280\u884c\u632f\u8fbc\u306b\u3088\u308b\u6c7a\u6e08\u30b7\u30b9\u30c6\u30e0\uff08Bancontact\u3001Giropay\uff09\u3084\u3001\u5206\u5272\u6255\u3044\u3092\u9078\u629e\u3067\u304d\u308bKlarna\u3082\u3054\u5229\u7528\u3044\u305f\u3060\u3051\u307e\u3059\u3002\u3055\u3089\u306b\u3001PayPal\u3067\u306e\u304a\u652f\u6255\u3044\u3082\u63d0\u4f9b\u3057\u3066\u304a\u308a\u3001\u3053\u3061\u3089\u3067\u30824\u56de\u5206\u5272\u6255\u3044\u304c\u624b\u6570\u6599\u306a\u3057\u3067\u5229\u7528\u53ef\u80fd\u3067\u3059\u3002<\/li>\n<\/ul>\n[\/vc_column_text][\/vc_tta_section][vc_tta_section title=&#8221;\u6ce8\u6587\u306b\u306f\u3069\u306e\u7a0e\u91d1\u304c\u9069\u7528\u3055\u308c\u307e\u3059\u304b\uff1f&#8221; tab_id=&#8221;1555532166698-b9e07fe9-85b4&#8243;][vc_column_text]\n<ul>\n<li>\u6b27\u5dde\u9023\u5408\u5185\u3067\u306e\u8cfc\u5165\u306f\u3059\u3079\u3066\u7a0e\u8fbc\u307f\u4fa1\u683c\u3067\u3059\u3002\u9069\u7528\u3055\u308c\u308bVAT\u306f\u8acb\u6c42\u56fd\u306e\u3082\u306e\u3067\u3059\u3002\u3053\u308c\u306f\u6ce8\u6587\u78ba\u8a8d\u6642\u306b\u8868\u793a\u3055\u308c\u307e\u3059\u3002<\/li>\n<li>\u6b27\u5dde\u9023\u5408\u5916\uff08Dom-Tom\u3092\u542b\u3080\uff09\u3067\u306e\u8cfc\u5165\u306f\u7a0e\u629c\u304d\u4fa1\u683c\u3067\u3059\u304c\u3001\u76ee\u7684\u5730\u56fd\u3078\u306e\u5165\u56fd\u6642\u306b\u95a2\u7a0e\u304c\u304b\u304b\u308b\u53ef\u80fd\u6027\u304c\u3042\u308a\u307e\u3059\u3002\u3053\u308c\u3089\u306e\u8cbb\u7528\u306f\u56fd\u3084\u6642\u671f\u306b\u3088\u3063\u3066\u7570\u306a\u308a\u307e\u3059\u3002\u5730\u5143\u306e\u7a0e\u95a2\u306b\u304a\u554f\u3044\u5408\u308f\u305b\u304f\u3060\u3055\u3044\u3002<\/li>\n<\/ul>\n[\/vc_column_text][\/vc_tta_section][vc_tta_section title=&#8221;\u95a2\u7a0e\u304c\u767a\u751f\u3059\u308b\u53ef\u80fd\u6027\u304c\u3042\u308a\u307e\u3059\u304b\uff1f&#8221; tab_id=&#8221;1555532166782-e41f6de6-d637&#8243;][vc_column_text]\n<ul>\n<li>\u6b27\u5dde\u9023\u5408\u5916\u306b\u304a\u4f4f\u307e\u3044\u306e\u5834\u5408\u3001\u8cfc\u5165\u306f\u7a0e\u629c\u304d\u3067\u63d0\u4f9b\u3055\u308c\u307e\u3059\u304c\u3001\u76ee\u7684\u5730\u56fd\u3078\u306e\u5165\u56fd\u6642\u306b\u95a2\u7a0e\u304c\u304b\u304b\u308b\u53ef\u80fd\u6027\u304c\u3042\u308a\u307e\u3059\u3002\u3053\u308c\u3089\u306e\u8cbb\u7528\u306f\u56fd\u3084\u6642\u671f\u306b\u3088\u3063\u3066\u7570\u306a\u308a\u307e\u3059\u3002\u5730\u5143\u306e\u7a0e\u95a2\u306b\u304a\u554f\u3044\u5408\u308f\u305b\u304f\u3060\u3055\u3044\u3002<\/li>\n<\/ul>\n[\/vc_column_text][\/vc_tta_section][\/vc_tta_accordion][\/vc_column][\/vc_row][vc_row css=&#8221;.vc_custom_1579116504661{padding-top: 60px !important;padding-bottom: 60px !important;}&#8221;][vc_column offset=&#8221;vc_col-lg-offset-1 vc_col-lg-3&#8243;][vc_column_text]\n<h3>\u8fd4\u54c1\u3068\u30b5\u30dd\u30fc\u30c8<\/h3>\n[\/vc_column_text][vc_empty_space][\/vc_column][vc_column offset=&#8221;vc_col-lg-6&#8243;][vc_tta_accordion active_section=&#8221;99&#8243; collapsible_all=&#8221;true&#8221; style=&#8221;style2&#8243;][vc_tta_section title=&#8221;\u8fd4\u54c1\u306e\u6761\u4ef6\u306f\u4f55\u3067\u3059\u304b\uff1f&#8221; tab_id=&#8221;1554865954832-7b4f4f32-3205&#8243;][vc_column_text]\n<ul>\n<li>\u5546\u54c1\u3092\u8fd4\u54c1\u3057\u3066\u8fd4\u91d1\u3092\u53d7\u3051\u308b\u306b\u306f\u3001\u5546\u54c1\u3092\u53d7\u3051\u53d6\u3063\u3066\u304b\u308914\u65e5\u4ee5\u5185\u306b\u30ab\u30b9\u30bf\u30de\u30fc\u30b5\u30fc\u30d3\u30b9\u306b\u3054\u9023\u7d61\u3044\u305f\u3060\u304d\u3001\u8fd4\u54c1\u30ea\u30af\u30a8\u30b9\u30c8\u30d5\u30a9\u30fc\u30e0\u3092\u53d6\u5f97\u3057\u3001\u8a18\u5165\u3057\u3066\u304f\u3060\u3055\u3044\u3002<\/li>\n<li>\u5546\u54c1\u3092Maison C\u00e9saire\u306b14\u65e5\u4ee5\u5185\u306b\u304a\u9078\u3073\u306e\u904b\u9001\u696d\u8005\u3067\u8fd4\u9001\u3057\u3066\u304f\u3060\u3055\u3044\u3002\u904b\u9001\u8cbb\u7528\u306f\u304a\u5ba2\u69d8\u306e\u8ca0\u62c5\u3068\u306a\u308a\u307e\u3059\u3002<\/li>\n<li>\u5546\u54c1\u304c\u30aa\u30fc\u30c0\u30fc\u30e1\u30a4\u30c9\u3001\u30bb\u30fc\u30eb\u3001\u307e\u305f\u306f\u30d7\u30ed\u30e2\u30fc\u30b7\u30e7\u30f3\u4fa1\u683c\u3067\u8cfc\u5165\u3055\u308c\u305f\u3082\u306e\u3067\u306a\u3044\u3053\u3068\u3092\u78ba\u8a8d\u3057\u3066\u304f\u3060\u3055\u3044\u3002\u4f7f\u7528\u3001\u5909\u66f4\u3001\u307e\u305f\u306f\u640d\u50b7\u3055\u308c\u3066\u3044\u306a\u3044\u88fd\u54c1\u3092\u3001\u672a\u4f7f\u7528\u3067\u5143\u306e\u5305\u88c5\u306b\u5165\u308c\u3066\u8fd4\u9001\u3057\u3066\u304f\u3060\u3055\u3044\u3002<\/li>\n<li>\u8fd4\u91d1\u306f\u3001\u5546\u54c1\u304c\u5b8c\u74a7\u306a\u72b6\u614b\u3067\u53d7\u3051\u53d6\u3089\u308c\u3066\u304b\u308930\u65e5\u4ee5\u5185\u306bMaison C\u00e9saire\u306b\u3088\u3063\u3066\u884c\u308f\u308c\u307e\u3059\u3002<\/li>\n<\/ul>\n<p><a href=\"https:\/\/stephaniecesaire.com\/ja\/\u300c\u914d\u9001\u304a\u3088\u3073\u95a2\u7a0e\u300d\/\"><em><span style=\"color: #993300;\"><strong>\u300c\u914d\u9001\u3068\u95a2\u7a0e\u300d\u30da\u30fc\u30b8\u3092\u3054\u89a7\u304f\u3060\u3055\u3044<\/strong>.<\/span><\/em><\/a>[\/vc_column_text][\/vc_tta_section][vc_tta_section title=&#8221;\u30a2\u30d5\u30bf\u30fc\u30b5\u30fc\u30d3\u30b9\u306e\u4fdd\u8a3c\u306f\u4f55\u3067\u3059\u304b\uff1f&#8221; tab_id=&#8221;1554865954888-c3d499b3-2d6e&#8221;][vc_column_text]\n<ul>\n<li>Maison C\u00e9saire\u306e\u88fd\u54c1\u306f\u3001\u8cfc\u5165\u65e5\u304b\u30891\u5e74\u9593\u306e\u6cd5\u5b9a\u306e\u96a0\u308c\u305f\u6b20\u9665\u3084\u6b20\u9665\u306b\u5bfe\u3059\u308b\u4fdd\u8a3c\u304c\u3042\u308a\u307e\u3059\u3002<\/li>\n<li>\u4fdd\u8a3c\u306f\u901a\u5e38\u306e\u6469\u8017\u3001\u4e0d\u9069\u5207\u306a\u30e1\u30f3\u30c6\u30ca\u30f3\u30b9\u3001\u8aa4\u3063\u305f\u4f7f\u7528\u3001\u6469\u64e6\u306b\u3088\u308b\u6469\u8017\u3001\u6975\u7aef\u306a\u6e29\u5ea6\u3078\u306e\u9732\u51fa\u3001\u30a4\u30f3\u30af\u3001\u9178\u3001\u6eb6\u5264\u3001\u5316\u5b66\u7269\u8cea\u306b\u3088\u308b\u640d\u50b7\u3092\u30ab\u30d0\u30fc\u3057\u307e\u305b\u3093\u3002\u307e\u305f\u3001\u904b\u9001\u306a\u3069\u306e\u7b2c\u4e09\u8005\u306b\u3088\u308b\u640d\u50b7\u3082\u542b\u307e\u308c\u307e\u305b\u3093\u3002<\/li>\n<li>\u4fdd\u8a3c\u3092\u53d7\u3051\u308b\u306b\u306f\u3001\u4e8b\u524d\u306e\u627f\u8a8d\u3092\u5f97\u308b\u305f\u3081\u306b\u5f53\u793e\u306e\u30ab\u30b9\u30bf\u30de\u30fc\u30b5\u30fc\u30d3\u30b9\u306b\u9023\u7d61\u3057\u3066\u304f\u3060\u3055\u3044\u3002\u627f\u8a8d\u306a\u3057\u306b\u4fdd\u8a3c\u5bfe\u8c61\u306e\u88fd\u54c1\u306f\u53d7\u3051\u4ed8\u3051\u3089\u308c\u307e\u305b\u3093\u3002<\/li>\n<li>\u4fee\u5fa9\u4e0d\u53ef\u80fd\u306a\u6b20\u9665\u306e\u5834\u5408\u3001\u6b20\u9665\u304c\u767a\u898b\u3055\u308c\u3066\u304b\u308912\u9031\u9593\u4ee5\u5185\u306b\u4ea4\u63db\u304c\u884c\u308f\u308c\u308b\u304b\u3001\u88fd\u54c1\u304c\u4ea4\u63db\u3067\u304d\u306a\u3044\u5834\u5408\u306f\u8fd4\u91d1\u304c\u884c\u308f\u308c\u307e\u3059\u3002<\/li>\n<li>\u6b20\u9665\u54c1\u306e\u8fd4\u9001\u9001\u6599\u306f\u3001\u8acb\u6c42\u66f8\u306e\u63d0\u51fa\u306b\u57fa\u3065\u304dMaison C\u00e9saire\u306b\u3088\u3063\u3066\u6700\u5927\u306750\u30e6\u30fc\u30ed\uff08\u7a0e\u8fbc\u307f\uff09\u307e\u3067\u8fd4\u91d1\u3055\u308c\u307e\u3059\u3002\u518d\u767a\u9001\u306e\u9001\u6599\u306fMaison C\u00e9saire\u304c\u8ca0\u62c5\u3057\u307e\u3059\u3002<\/li>\n<\/ul>\n[\/vc_column_text][\/vc_tta_section][vc_tta_section title=&#8221;\u4fdd\u8a3c\u671f\u9593\u7d42\u4e86\u5f8c\u3001\u88fd\u54c1\u3092\u4fee\u7406\u3067\u304d\u307e\u3059\u304b\uff1f&#8221; tab_id=&#8221;1554865954966-a58332cc-34e7&#8243;][vc_column_text]\n<ul>\n<li>\u4fdd\u8a3c\u304c\u9069\u7528\u3055\u308c\u306a\u3044\u5834\u5408\u3001Maison C\u00e9saire\u306f\u6709\u6599\u3067\u30a2\u30d5\u30bf\u30fc\u30b5\u30fc\u30d3\u30b9\u3092\u63d0\u4f9b\u3057\u307e\u3059\u3002\u4fee\u7406\u524d\u306b\u898b\u7a4d\u3082\u308a\u304c\u9001\u4fe1\u3055\u308c\u3001\u904b\u9001\u8cbb\u7528\u306f\u304a\u5ba2\u69d8\u306e\u8ca0\u62c5\u3068\u306a\u308a\u307e\u3059\u3002<\/li>\n<\/ul>\n[\/vc_column_text][\/vc_tta_section][\/vc_tta_accordion][\/vc_column][\/vc_row][vc_row et_full_width=&#8221;true&#8221; et_row_padding=&#8221;true&#8221; css=&#8221;.vc_custom_1578537181414{padding-top: 90px !important;padding-bottom: 90px !important;background-color: #f8f8f8 !important;}&#8221;][vc_column][vc_row_inner content_placement=&#8221;middle&#8221;][vc_column_inner offset=&#8221;vc_col-lg-offset-1 vc_col-lg-6&#8243;][vc_column_text]\n<h5 class=\"fancy-title\">\u30b5\u30fc\u30d3\u30b9\u30fb\u30af\u30e9\u30a4\u30a2\u30f3\u30c8<\/h5>\n<h2>\u3054\u8cea\u554f\u306e\u56de\u7b54\u304c\u898b\u3064\u304b\u3089\u306a\u3044\u5834\u5408\u306f\uff1f<\/h2>\n[\/vc_column_text][\/vc_column_inner][vc_column_inner offset=&#8221;vc_col-lg-3&#8243;]\t\t<div id=\"et-button-69f355c60431a\" class=\"et_btn_align_center animation bottom-to-top\">\n\t\t\t<a href=\"\/ja\/\u304a\u554f\u3044\u5408\u308f\u305b\/\" class=\" et_btn button et_btn_md solid color-  arrow-enabled \"  role=\"button\" title=\"\u304a\u554f\u3044\u5408\u308f\u305b\" ><span>\u304a\u554f\u3044\u5408\u308f\u305b<\/span><svg xmlns=\"http:\/\/www.w3.org\/2000\/svg\" xmlns:xlink=\"http:\/\/www.w3.org\/1999\/xlink\" x=\"0px\" y=\"0px\"\r\n\t width=\"30px\" height=\"18px\" viewBox=\"0 0 30 18\" enable-background=\"new 0 0 30 18\" xml:space=\"preserve\">\r\n<path class=\"handle\" d=\"M20.305,16.212c-0.407,0.409-0.407,1.071,0,1.479s1.068,0.408,1.476,0l7.914-7.952c0.408-0.409,0.408-1.071,0-1.481\r\n\tl-7.914-7.952c-0.407-0.409-1.068-0.409-1.476,0s-0.407,1.071,0,1.48l7.185,7.221L20.305,16.212z\"\/>\r\n<path class=\"bar\" fill-rule=\"evenodd\" clip-rule=\"evenodd\" d=\"M1,8h28.001c0.551,0,1,0.448,1,1c0,0.553-0.449,1-1,1H1c-0.553,0-1-0.447-1-1\r\n\tC0,8.448,0.447,8,1,8z\"\/>\r\n<\/svg>\r\n<\/a>\n\t\t<\/div>\n\t\t\n\t[\/vc_column_inner][\/vc_row_inner][\/vc_column][\/vc_row]\n<\/div>","protected":false},"excerpt":{"rendered":"<p>[vc_row et_full_width=&#8221;true&#8221; et_row_pa [&hellip;]<\/p>\n","protected":false},"author":2,"featured_media":0,"parent":0,"menu_order":0,"comment_status":"closed","ping_status":"closed","template":"","meta":{"footnotes":""},"class_list":["post-30809","page","type-page","status-publish","hentry"],"yoast_head":"<!-- This site is optimized with the Yoast SEO plugin v23.1 - https:\/\/yoast.com\/wordpress\/plugins\/seo\/ -->\n<title>\u3088\u304f\u3042\u308b\u8cea\u554f - C\u00e9saire<\/title>\n<meta name=\"robots\" content=\"index, follow, max-snippet:-1, max-image-preview:large, max-video-preview:-1\" \/>\n<link rel=\"canonical\" href=\"https:\/\/www.stephaniecesaire.com\/ja\/%e3%82%b5%e3%83%bc%e3%83%93%e3%82%b9%e3%83%bb%e3%82%af%e3%83%a9%e3%82%a4%e3%82%a2%e3%83%b3%e3%83%88\/\" \/>\n<meta property=\"og:locale\" content=\"ja_JP\" \/>\n<meta property=\"og:type\" content=\"article\" \/>\n<meta property=\"og:title\" content=\"\u3088\u304f\u3042\u308b\u8cea\u554f - C\u00e9saire\" \/>\n<meta property=\"og:description\" content=\"[vc_row et_full_width=&#8221;true&#8221; et_row_pa [&hellip;]\" \/>\n<meta property=\"og:url\" content=\"https:\/\/www.stephaniecesaire.com\/ja\/%e3%82%b5%e3%83%bc%e3%83%93%e3%82%b9%e3%83%bb%e3%82%af%e3%83%a9%e3%82%a4%e3%82%a2%e3%83%b3%e3%83%88\/\" \/>\n<meta property=\"og:site_name\" content=\"C\u00e9saire\" \/>\n<meta property=\"article:publisher\" content=\"https:\/\/www.facebook.com\/cesaireparis\/\" \/>\n<meta property=\"article:modified_time\" content=\"2024-11-14T17:37:25+00:00\" \/>\n<meta property=\"og:image\" content=\"https:\/\/www.stephaniecesaire.com\/wp-content\/uploads\/2023\/10\/favicon.png\" \/>\n\t<meta property=\"og:image:width\" content=\"512\" \/>\n\t<meta property=\"og:image:height\" content=\"512\" \/>\n\t<meta property=\"og:image:type\" content=\"image\/png\" \/>\n<meta name=\"twitter:card\" content=\"summary_large_image\" \/>\n<meta name=\"twitter:label1\" content=\"\u63a8\u5b9a\u8aad\u307f\u53d6\u308a\u6642\u9593\" \/>\n\t<meta name=\"twitter:data1\" content=\"1\u5206\" \/>\n<script type=\"application\/ld+json\" class=\"yoast-schema-graph\">{\"@context\":\"https:\/\/schema.org\",\"@graph\":[{\"@type\":\"WebPage\",\"@id\":\"https:\/\/www.stephaniecesaire.com\/ja\/%e3%82%b5%e3%83%bc%e3%83%93%e3%82%b9%e3%83%bb%e3%82%af%e3%83%a9%e3%82%a4%e3%82%a2%e3%83%b3%e3%83%88\/\",\"url\":\"https:\/\/www.stephaniecesaire.com\/ja\/%e3%82%b5%e3%83%bc%e3%83%93%e3%82%b9%e3%83%bb%e3%82%af%e3%83%a9%e3%82%a4%e3%82%a2%e3%83%b3%e3%83%88\/\",\"name\":\"\u3088\u304f\u3042\u308b\u8cea\u554f - C\u00e9saire\",\"isPartOf\":{\"@id\":\"https:\/\/www.stephaniecesaire.com\/ja\/#website\"},\"datePublished\":\"2019-03-17T14:40:42+00:00\",\"dateModified\":\"2024-11-14T17:37:25+00:00\",\"breadcrumb\":{\"@id\":\"https:\/\/www.stephaniecesaire.com\/ja\/%e3%82%b5%e3%83%bc%e3%83%93%e3%82%b9%e3%83%bb%e3%82%af%e3%83%a9%e3%82%a4%e3%82%a2%e3%83%b3%e3%83%88\/#breadcrumb\"},\"inLanguage\":\"ja\",\"potentialAction\":[{\"@type\":\"ReadAction\",\"target\":[\"https:\/\/www.stephaniecesaire.com\/ja\/%e3%82%b5%e3%83%bc%e3%83%93%e3%82%b9%e3%83%bb%e3%82%af%e3%83%a9%e3%82%a4%e3%82%a2%e3%83%b3%e3%83%88\/\"]}]},{\"@type\":\"BreadcrumbList\",\"@id\":\"https:\/\/www.stephaniecesaire.com\/ja\/%e3%82%b5%e3%83%bc%e3%83%93%e3%82%b9%e3%83%bb%e3%82%af%e3%83%a9%e3%82%a4%e3%82%a2%e3%83%b3%e3%83%88\/#breadcrumb\",\"itemListElement\":[{\"@type\":\"ListItem\",\"position\":1,\"name\":\"Accueil\",\"item\":\"https:\/\/www.stephaniecesaire.com\/ja\/\"},{\"@type\":\"ListItem\",\"position\":2,\"name\":\"\u3088\u304f\u3042\u308b\u8cea\u554f\"}]},{\"@type\":\"WebSite\",\"@id\":\"https:\/\/www.stephaniecesaire.com\/ja\/#website\",\"url\":\"https:\/\/www.stephaniecesaire.com\/ja\/\",\"name\":\"St\u00e9phanie C\u00e9saire\",\"description\":\"Sac cr\u00e9ateur made in France - Maroquinerie de luxe\",\"publisher\":{\"@id\":\"https:\/\/www.stephaniecesaire.com\/ja\/#organization\"},\"potentialAction\":[{\"@type\":\"SearchAction\",\"target\":{\"@type\":\"EntryPoint\",\"urlTemplate\":\"https:\/\/www.stephaniecesaire.com\/ja\/?s={search_term_string}\"},\"query-input\":\"required name=search_term_string\"}],\"inLanguage\":\"ja\"},{\"@type\":\"Organization\",\"@id\":\"https:\/\/www.stephaniecesaire.com\/ja\/#organization\",\"name\":\"St\u00e9phanie C\u00e9saire\",\"url\":\"https:\/\/www.stephaniecesaire.com\/ja\/\",\"logo\":{\"@type\":\"ImageObject\",\"inLanguage\":\"ja\",\"@id\":\"https:\/\/www.stephaniecesaire.com\/ja\/#\/schema\/logo\/image\/\",\"url\":\"https:\/\/www.stephaniecesaire.com\/wp-content\/uploads\/2023\/10\/favicon.png\",\"contentUrl\":\"https:\/\/www.stephaniecesaire.com\/wp-content\/uploads\/2023\/10\/favicon.png\",\"width\":512,\"height\":512,\"caption\":\"St\u00e9phanie C\u00e9saire\"},\"image\":{\"@id\":\"https:\/\/www.stephaniecesaire.com\/ja\/#\/schema\/logo\/image\/\"},\"sameAs\":[\"https:\/\/www.facebook.com\/cesaireparis\/\",\"https:\/\/www.pinterest.fr\/cesaireparis\/\",\"https:\/\/www.instagram.com\/cesaireparis.official\/\"]}]}<\/script>\n<!-- \/ Yoast SEO plugin. -->","yoast_head_json":{"title":"\u3088\u304f\u3042\u308b\u8cea\u554f - C\u00e9saire","robots":{"index":"index","follow":"follow","max-snippet":"max-snippet:-1","max-image-preview":"max-image-preview:large","max-video-preview":"max-video-preview:-1"},"canonical":"https:\/\/www.stephaniecesaire.com\/ja\/%e3%82%b5%e3%83%bc%e3%83%93%e3%82%b9%e3%83%bb%e3%82%af%e3%83%a9%e3%82%a4%e3%82%a2%e3%83%b3%e3%83%88\/","og_locale":"ja_JP","og_type":"article","og_title":"\u3088\u304f\u3042\u308b\u8cea\u554f - C\u00e9saire","og_description":"[vc_row et_full_width=&#8221;true&#8221; et_row_pa [&hellip;]","og_url":"https:\/\/www.stephaniecesaire.com\/ja\/%e3%82%b5%e3%83%bc%e3%83%93%e3%82%b9%e3%83%bb%e3%82%af%e3%83%a9%e3%82%a4%e3%82%a2%e3%83%b3%e3%83%88\/","og_site_name":"C\u00e9saire","article_publisher":"https:\/\/www.facebook.com\/cesaireparis\/","article_modified_time":"2024-11-14T17:37:25+00:00","og_image":[{"width":512,"height":512,"url":"https:\/\/www.stephaniecesaire.com\/wp-content\/uploads\/2023\/10\/favicon.png","type":"image\/png"}],"twitter_card":"summary_large_image","twitter_misc":{"\u63a8\u5b9a\u8aad\u307f\u53d6\u308a\u6642\u9593":"1\u5206"},"schema":{"@context":"https:\/\/schema.org","@graph":[{"@type":"WebPage","@id":"https:\/\/www.stephaniecesaire.com\/ja\/%e3%82%b5%e3%83%bc%e3%83%93%e3%82%b9%e3%83%bb%e3%82%af%e3%83%a9%e3%82%a4%e3%82%a2%e3%83%b3%e3%83%88\/","url":"https:\/\/www.stephaniecesaire.com\/ja\/%e3%82%b5%e3%83%bc%e3%83%93%e3%82%b9%e3%83%bb%e3%82%af%e3%83%a9%e3%82%a4%e3%82%a2%e3%83%b3%e3%83%88\/","name":"\u3088\u304f\u3042\u308b\u8cea\u554f - C\u00e9saire","isPartOf":{"@id":"https:\/\/www.stephaniecesaire.com\/ja\/#website"},"datePublished":"2019-03-17T14:40:42+00:00","dateModified":"2024-11-14T17:37:25+00:00","breadcrumb":{"@id":"https:\/\/www.stephaniecesaire.com\/ja\/%e3%82%b5%e3%83%bc%e3%83%93%e3%82%b9%e3%83%bb%e3%82%af%e3%83%a9%e3%82%a4%e3%82%a2%e3%83%b3%e3%83%88\/#breadcrumb"},"inLanguage":"ja","potentialAction":[{"@type":"ReadAction","target":["https:\/\/www.stephaniecesaire.com\/ja\/%e3%82%b5%e3%83%bc%e3%83%93%e3%82%b9%e3%83%bb%e3%82%af%e3%83%a9%e3%82%a4%e3%82%a2%e3%83%b3%e3%83%88\/"]}]},{"@type":"BreadcrumbList","@id":"https:\/\/www.stephaniecesaire.com\/ja\/%e3%82%b5%e3%83%bc%e3%83%93%e3%82%b9%e3%83%bb%e3%82%af%e3%83%a9%e3%82%a4%e3%82%a2%e3%83%b3%e3%83%88\/#breadcrumb","itemListElement":[{"@type":"ListItem","position":1,"name":"Accueil","item":"https:\/\/www.stephaniecesaire.com\/ja\/"},{"@type":"ListItem","position":2,"name":"\u3088\u304f\u3042\u308b\u8cea\u554f"}]},{"@type":"WebSite","@id":"https:\/\/www.stephaniecesaire.com\/ja\/#website","url":"https:\/\/www.stephaniecesaire.com\/ja\/","name":"St\u00e9phanie C\u00e9saire","description":"Sac cr\u00e9ateur made in France - Maroquinerie de luxe","publisher":{"@id":"https:\/\/www.stephaniecesaire.com\/ja\/#organization"},"potentialAction":[{"@type":"SearchAction","target":{"@type":"EntryPoint","urlTemplate":"https:\/\/www.stephaniecesaire.com\/ja\/?s={search_term_string}"},"query-input":"required name=search_term_string"}],"inLanguage":"ja"},{"@type":"Organization","@id":"https:\/\/www.stephaniecesaire.com\/ja\/#organization","name":"St\u00e9phanie C\u00e9saire","url":"https:\/\/www.stephaniecesaire.com\/ja\/","logo":{"@type":"ImageObject","inLanguage":"ja","@id":"https:\/\/www.stephaniecesaire.com\/ja\/#\/schema\/logo\/image\/","url":"https:\/\/www.stephaniecesaire.com\/wp-content\/uploads\/2023\/10\/favicon.png","contentUrl":"https:\/\/www.stephaniecesaire.com\/wp-content\/uploads\/2023\/10\/favicon.png","width":512,"height":512,"caption":"St\u00e9phanie C\u00e9saire"},"image":{"@id":"https:\/\/www.stephaniecesaire.com\/ja\/#\/schema\/logo\/image\/"},"sameAs":["https:\/\/www.facebook.com\/cesaireparis\/","https:\/\/www.pinterest.fr\/cesaireparis\/","https:\/\/www.instagram.com\/cesaireparis.official\/"]}]}},"_links":{"self":[{"href":"https:\/\/www.stephaniecesaire.com\/ja\/wp-json\/wp\/v2\/pages\/30809","targetHints":{"allow":["GET"]}}],"collection":[{"href":"https:\/\/www.stephaniecesaire.com\/ja\/wp-json\/wp\/v2\/pages"}],"about":[{"href":"https:\/\/www.stephaniecesaire.com\/ja\/wp-json\/wp\/v2\/types\/page"}],"author":[{"embeddable":true,"href":"https:\/\/www.stephaniecesaire.com\/ja\/wp-json\/wp\/v2\/users\/2"}],"replies":[{"embeddable":true,"href":"https:\/\/www.stephaniecesaire.com\/ja\/wp-json\/wp\/v2\/comments?post=30809"}],"version-history":[{"count":13,"href":"https:\/\/www.stephaniecesaire.com\/ja\/wp-json\/wp\/v2\/pages\/30809\/revisions"}],"predecessor-version":[{"id":36555,"href":"https:\/\/www.stephaniecesaire.com\/ja\/wp-json\/wp\/v2\/pages\/30809\/revisions\/36555"}],"wp:attachment":[{"href":"https:\/\/www.stephaniecesaire.com\/ja\/wp-json\/wp\/v2\/media?parent=30809"}],"curies":[{"name":"wp","href":"https:\/\/api.w.org\/{rel}","templated":true}]}}