{"id":29518,"date":"2023-09-02T16:29:02","date_gmt":"2023-09-02T14:29:02","guid":{"rendered":"https:\/\/stephaniecesaire.com\/boutique\/uncategorized\/flora-sac-en-cuir-de-veau-sellier-chocolat-fabrique-en-france\/"},"modified":"2024-02-20T19:19:28","modified_gmt":"2024-02-20T18:19:28","slug":"flora-sac-en-cuir-de-veau-sellier-chocolat-fabrique-en-france","status":"publish","type":"product","link":"https:\/\/www.stephaniecesaire.com\/ja\/boutique\/%e3%83%90%e3%83%83%e3%82%b0\/%e3%83%95%e3%83%ad%e3%83%bc%e3%83%a9\/flora-sac-en-cuir-de-veau-sellier-chocolat-fabrique-en-france\/","title":{"rendered":"\u30d5\u30ed\u30fc\u30e9\u30fb\u4e57\u7528\u99ac \u30ab\u30fc\u30d5\u30ec\u30b6\u30fc \u30c1\u30e7\u30b3\u30ec\u30fc\u30c8\u30fb\u30d5\u30e9\u30f3\u30b9\u88fd"},"content":{"rendered":"<p>\u30d5\u30ed\u30fc\u30e9\u306f\u3001\u91d1\u5c5e\u88fd\u306e\u30e9\u30a6\u30f3\u30c9\u30b9\u30bf\u30c3\u30ba2\u500b\u3067\u7559\u3081\u305f\u30cf\u30f3\u30c9\u30eb\u3092\u80a9\u306b\u639b\u3051\u3066\u304a\u6301\u3061\u3044\u305f\u3060\u3051\u307e\u3059\u3002\u672c\u4f53\u306f\u5916\u304b\u3089\u306f\u898b\u3048\u306a\u3044\u30de\u30b0\u30cd\u30c3\u30c8\u3067\u958b\u9589\u3067\u304d\u3001\u5185\u90e8\u306b\u306f\u30b3\u30c3\u30c8\u30f3\u30b5\u30fc\u30b8\u306e\u88cf\u5730\u3068\u643a\u5e2f\u96fb\u8a71\u7528\u306e\u30dd\u30b1\u30c3\u30c8\u304c\u4ed8\u3044\u3066\u3044\u307e\u3059\u3002\u30d5\u30e9\u30f3\u30b9\u88fd\u3002<\/p>\n","protected":false},"excerpt":{"rendered":"<p>1\u672c\u306e\u30d1\u30a4\u30d4\u30f3\u30b0\u304c\u30d0\u30c3\u30b0\u672c\u4f53\u3092\u98fe\u308b\u30b7\u30f3\u30d7\u30eb\u3067\u7121\u99c4\u306e\u306a\u3044\u30c7\u30b6\u30a4\u30f3\u3002\u30b0\u30e9\u30d5\u30a3\u30ab\u30eb\u306a\u4e09\u89d2\u5f62\u306e\u8584\u578b\u30d0\u30c3\u30b0\u304c\u63a7\u3048\u3081\u306a\u30a8\u30ec\u30ac\u30f3\u30b9\u3092\u6f14\u51fa\u3057\u307e\u3059\u3002<\/p>\n<p>\u4f1d\u7d71\u7684\u306a\u99ac\u5177\u88fd\u6cd5\u3067\u4ed5\u7acb\u3066\u305f\u30cf\u30f3\u30c9\u30eb\u3092\u91d1\u5c5e\u88fd\u306e\u30e9\u30a6\u30f3\u30c9\u30b9\u30bf\u30c3\u30ba2\u500b\u3067\u7559\u3081\u3001\u80a9\u306b\u639b\u3051\u3066\u304a\u6301\u3061\u3044\u305f\u3060\u3051\u308b\u3088\u3046\u306b\u4ed5\u7acb\u3066\u307e\u3057\u305f\u3002<\/p>\n","protected":false},"featured_media":25794,"template":"","meta":[],"product_cat":[638],"product_tag":[671],"class_list":{"0":"post-29518","1":"product","2":"type-product","3":"status-publish","4":"has-post-thumbnail","6":"product_cat-638","7":"product_tag-671","8":"product_shipping_class-classe-de-livraison-3","9":"pa_porte-333","10":"pa_volume-339","12":"first","13":"onbackorder","14":"sold-individually","15":"taxable","16":"shipping-taxable","17":"purchasable","18":"product-type-simple"},"yoast_head":"<!-- This site is optimized with the Yoast SEO plugin v23.1 - https:\/\/yoast.com\/wordpress\/plugins\/seo\/ -->\n<title>\u30d5\u30ed\u30fc\u30e9\u30fb\u4e57\u7528\u99ac \u30ab\u30fc\u30d5\u30ec\u30b6\u30fc \u30c1\u30e7\u30b3\u30ec\u30fc\u30c8\u30fb\u30d5\u30e9\u30f3\u30b9\u88fd - C\u00e9saire sac \u00e0 main fabriqu\u00e9 en France<\/title>\n<meta name=\"description\" content=\"Une \u00e9l\u00e9gance sobre se d\u00e9gage de ce sac poche, plate et triangulaire au graphisme \u00e9pur\u00e9 soulign\u00e9e d\u2019un simple passepoil. Elle se porte \u00e0 l\u2019\u00e9paule gr\u00e2ce \u00e0 son anse aux finitions sellier. Sac en cuir artisanal fabriqu\u00e9 en France - marque de sac Fran\u00e7ais \u2013 maroquinerie de luxe artisanale Fran\u00e7aise \u2013 100% made in France\" \/>\n<meta name=\"robots\" content=\"index, follow, max-snippet:-1, max-image-preview:large, max-video-preview:-1\" \/>\n<link rel=\"canonical\" href=\"https:\/\/www.stephaniecesaire.com\/ja\/boutique\/%e3%83%90%e3%83%83%e3%82%b0\/%e3%83%95%e3%83%ad%e3%83%bc%e3%83%a9\/flora-sac-en-cuir-de-veau-sellier-chocolat-fabrique-en-france\/\" \/>\n<meta property=\"og:locale\" content=\"ja_JP\" \/>\n<meta property=\"og:type\" content=\"article\" \/>\n<meta property=\"og:title\" content=\"\u30d5\u30ed\u30fc\u30e9\u30fb\u4e57\u7528\u99ac \u30ab\u30fc\u30d5\u30ec\u30b6\u30fc \u30c1\u30e7\u30b3\u30ec\u30fc\u30c8\u30fb\u30d5\u30e9\u30f3\u30b9\u88fd - C\u00e9saire sac \u00e0 main fabriqu\u00e9 en France\" \/>\n<meta property=\"og:description\" content=\"Une \u00e9l\u00e9gance sobre se d\u00e9gage de ce sac poche, plate et triangulaire au graphisme \u00e9pur\u00e9 soulign\u00e9e d\u2019un simple passepoil. Elle se porte \u00e0 l\u2019\u00e9paule gr\u00e2ce \u00e0 son anse aux finitions sellier. Sac en cuir artisanal fabriqu\u00e9 en France - marque de sac Fran\u00e7ais \u2013 maroquinerie de luxe artisanale Fran\u00e7aise \u2013 100% made in France\" \/>\n<meta property=\"og:url\" content=\"https:\/\/www.stephaniecesaire.com\/ja\/boutique\/%e3%83%90%e3%83%83%e3%82%b0\/%e3%83%95%e3%83%ad%e3%83%bc%e3%83%a9\/flora-sac-en-cuir-de-veau-sellier-chocolat-fabrique-en-france\/\" \/>\n<meta property=\"og:site_name\" content=\"C\u00e9saire\" \/>\n<meta property=\"article:publisher\" content=\"https:\/\/www.facebook.com\/cesaireparis\/\" \/>\n<meta property=\"article:modified_time\" content=\"2024-02-20T18:19:28+00:00\" \/>\n<meta property=\"og:image\" content=\"https:\/\/www.stephaniecesaire.com\/wp-content\/uploads\/2023\/09\/FloraVPOChocoFace-jpg.webp\" \/>\n\t<meta property=\"og:image:width\" content=\"630\" \/>\n\t<meta property=\"og:image:height\" content=\"945\" \/>\n\t<meta property=\"og:image:type\" content=\"image\/jpeg\" \/>\n<meta name=\"twitter:card\" content=\"summary_large_image\" \/>\n<meta name=\"twitter:label1\" content=\"\u63a8\u5b9a\u8aad\u307f\u53d6\u308a\u6642\u9593\" \/>\n\t<meta name=\"twitter:data1\" content=\"1\u5206\" \/>\n<script type=\"application\/ld+json\" class=\"yoast-schema-graph\">{\"@context\":\"https:\/\/schema.org\",\"@graph\":[{\"@type\":\"WebPage\",\"@id\":\"https:\/\/www.stephaniecesaire.com\/ja\/boutique\/%e3%83%90%e3%83%83%e3%82%b0\/%e3%83%95%e3%83%ad%e3%83%bc%e3%83%a9\/flora-sac-en-cuir-de-veau-sellier-chocolat-fabrique-en-france\/\",\"url\":\"https:\/\/www.stephaniecesaire.com\/ja\/boutique\/%e3%83%90%e3%83%83%e3%82%b0\/%e3%83%95%e3%83%ad%e3%83%bc%e3%83%a9\/flora-sac-en-cuir-de-veau-sellier-chocolat-fabrique-en-france\/\",\"name\":\"\u30d5\u30ed\u30fc\u30e9\u30fb\u4e57\u7528\u99ac \u30ab\u30fc\u30d5\u30ec\u30b6\u30fc \u30c1\u30e7\u30b3\u30ec\u30fc\u30c8\u30fb\u30d5\u30e9\u30f3\u30b9\u88fd - C\u00e9saire sac \u00e0 main fabriqu\u00e9 en France\",\"isPartOf\":{\"@id\":\"https:\/\/www.stephaniecesaire.com\/ja\/#website\"},\"primaryImageOfPage\":{\"@id\":\"https:\/\/www.stephaniecesaire.com\/ja\/boutique\/%e3%83%90%e3%83%83%e3%82%b0\/%e3%83%95%e3%83%ad%e3%83%bc%e3%83%a9\/flora-sac-en-cuir-de-veau-sellier-chocolat-fabrique-en-france\/#primaryimage\"},\"image\":{\"@id\":\"https:\/\/www.stephaniecesaire.com\/ja\/boutique\/%e3%83%90%e3%83%83%e3%82%b0\/%e3%83%95%e3%83%ad%e3%83%bc%e3%83%a9\/flora-sac-en-cuir-de-veau-sellier-chocolat-fabrique-en-france\/#primaryimage\"},\"thumbnailUrl\":\"https:\/\/www.stephaniecesaire.com\/wp-content\/uploads\/2023\/09\/FloraVPOChocoFace-jpg.webp\",\"datePublished\":\"2023-09-02T14:29:02+00:00\",\"dateModified\":\"2024-02-20T18:19:28+00:00\",\"description\":\"Une \u00e9l\u00e9gance sobre se d\u00e9gage de ce sac poche, plate et triangulaire au graphisme \u00e9pur\u00e9 soulign\u00e9e d\u2019un simple passepoil. Elle se porte \u00e0 l\u2019\u00e9paule gr\u00e2ce \u00e0 son anse aux finitions sellier. Sac en cuir artisanal fabriqu\u00e9 en France - marque de sac Fran\u00e7ais \u2013 maroquinerie de luxe artisanale Fran\u00e7aise \u2013 100% made in France\",\"breadcrumb\":{\"@id\":\"https:\/\/www.stephaniecesaire.com\/ja\/boutique\/%e3%83%90%e3%83%83%e3%82%b0\/%e3%83%95%e3%83%ad%e3%83%bc%e3%83%a9\/flora-sac-en-cuir-de-veau-sellier-chocolat-fabrique-en-france\/#breadcrumb\"},\"inLanguage\":\"ja\",\"potentialAction\":[{\"@type\":\"ReadAction\",\"target\":[\"https:\/\/www.stephaniecesaire.com\/ja\/boutique\/%e3%83%90%e3%83%83%e3%82%b0\/%e3%83%95%e3%83%ad%e3%83%bc%e3%83%a9\/flora-sac-en-cuir-de-veau-sellier-chocolat-fabrique-en-france\/\"]}]},{\"@type\":\"ImageObject\",\"inLanguage\":\"ja\",\"@id\":\"https:\/\/www.stephaniecesaire.com\/ja\/boutique\/%e3%83%90%e3%83%83%e3%82%b0\/%e3%83%95%e3%83%ad%e3%83%bc%e3%83%a9\/flora-sac-en-cuir-de-veau-sellier-chocolat-fabrique-en-france\/#primaryimage\",\"url\":\"https:\/\/www.stephaniecesaire.com\/wp-content\/uploads\/2023\/09\/FloraVPOChocoFace-jpg.webp\",\"contentUrl\":\"https:\/\/www.stephaniecesaire.com\/wp-content\/uploads\/2023\/09\/FloraVPOChocoFace-jpg.webp\",\"width\":630,\"height\":945},{\"@type\":\"BreadcrumbList\",\"@id\":\"https:\/\/www.stephaniecesaire.com\/ja\/boutique\/%e3%83%90%e3%83%83%e3%82%b0\/%e3%83%95%e3%83%ad%e3%83%bc%e3%83%a9\/flora-sac-en-cuir-de-veau-sellier-chocolat-fabrique-en-france\/#breadcrumb\",\"itemListElement\":[{\"@type\":\"ListItem\",\"position\":1,\"name\":\"Accueil\",\"item\":\"https:\/\/www.stephaniecesaire.com\/ja\/\"},{\"@type\":\"ListItem\",\"position\":2,\"name\":\"\u30b7\u30e7\u30c3\u30d7\",\"item\":\"https:\/\/www.stephaniecesaire.com\/ja\/%e3%82%b7%e3%83%a7%e3%83%83%e3%83%97\/\"},{\"@type\":\"ListItem\",\"position\":3,\"name\":\"\u30d5\u30ed\u30fc\u30e9\u30fb\u4e57\u7528\u99ac \u30ab\u30fc\u30d5\u30ec\u30b6\u30fc \u30c1\u30e7\u30b3\u30ec\u30fc\u30c8\u30fb\u30d5\u30e9\u30f3\u30b9\u88fd\"}]},{\"@type\":\"WebSite\",\"@id\":\"https:\/\/www.stephaniecesaire.com\/ja\/#website\",\"url\":\"https:\/\/www.stephaniecesaire.com\/ja\/\",\"name\":\"St\u00e9phanie C\u00e9saire\",\"description\":\"Sac cr\u00e9ateur made in France - Maroquinerie de luxe\",\"publisher\":{\"@id\":\"https:\/\/www.stephaniecesaire.com\/ja\/#organization\"},\"potentialAction\":[{\"@type\":\"SearchAction\",\"target\":{\"@type\":\"EntryPoint\",\"urlTemplate\":\"https:\/\/www.stephaniecesaire.com\/ja\/?s={search_term_string}\"},\"query-input\":\"required name=search_term_string\"}],\"inLanguage\":\"ja\"},{\"@type\":\"Organization\",\"@id\":\"https:\/\/www.stephaniecesaire.com\/ja\/#organization\",\"name\":\"St\u00e9phanie C\u00e9saire\",\"url\":\"https:\/\/www.stephaniecesaire.com\/ja\/\",\"logo\":{\"@type\":\"ImageObject\",\"inLanguage\":\"ja\",\"@id\":\"https:\/\/www.stephaniecesaire.com\/ja\/#\/schema\/logo\/image\/\",\"url\":\"https:\/\/www.stephaniecesaire.com\/wp-content\/uploads\/2023\/10\/favicon.png\",\"contentUrl\":\"https:\/\/www.stephaniecesaire.com\/wp-content\/uploads\/2023\/10\/favicon.png\",\"width\":512,\"height\":512,\"caption\":\"St\u00e9phanie C\u00e9saire\"},\"image\":{\"@id\":\"https:\/\/www.stephaniecesaire.com\/ja\/#\/schema\/logo\/image\/\"},\"sameAs\":[\"https:\/\/www.facebook.com\/cesaireparis\/\",\"https:\/\/www.pinterest.fr\/cesaireparis\/\",\"https:\/\/www.instagram.com\/cesaireparis.official\/\"]}]}<\/script>\n<!-- \/ Yoast SEO plugin. -->","yoast_head_json":{"title":"\u30d5\u30ed\u30fc\u30e9\u30fb\u4e57\u7528\u99ac \u30ab\u30fc\u30d5\u30ec\u30b6\u30fc \u30c1\u30e7\u30b3\u30ec\u30fc\u30c8\u30fb\u30d5\u30e9\u30f3\u30b9\u88fd - C\u00e9saire sac \u00e0 main fabriqu\u00e9 en France","description":"Une \u00e9l\u00e9gance sobre se d\u00e9gage de ce sac poche, plate et triangulaire au graphisme \u00e9pur\u00e9 soulign\u00e9e d\u2019un simple passepoil. Elle se porte \u00e0 l\u2019\u00e9paule gr\u00e2ce \u00e0 son anse aux finitions sellier. Sac en cuir artisanal fabriqu\u00e9 en France - marque de sac Fran\u00e7ais \u2013 maroquinerie de luxe artisanale Fran\u00e7aise \u2013 100% made in France","robots":{"index":"index","follow":"follow","max-snippet":"max-snippet:-1","max-image-preview":"max-image-preview:large","max-video-preview":"max-video-preview:-1"},"canonical":"https:\/\/www.stephaniecesaire.com\/ja\/boutique\/%e3%83%90%e3%83%83%e3%82%b0\/%e3%83%95%e3%83%ad%e3%83%bc%e3%83%a9\/flora-sac-en-cuir-de-veau-sellier-chocolat-fabrique-en-france\/","og_locale":"ja_JP","og_type":"article","og_title":"\u30d5\u30ed\u30fc\u30e9\u30fb\u4e57\u7528\u99ac \u30ab\u30fc\u30d5\u30ec\u30b6\u30fc \u30c1\u30e7\u30b3\u30ec\u30fc\u30c8\u30fb\u30d5\u30e9\u30f3\u30b9\u88fd - C\u00e9saire sac \u00e0 main fabriqu\u00e9 en France","og_description":"Une \u00e9l\u00e9gance sobre se d\u00e9gage de ce sac poche, plate et triangulaire au graphisme \u00e9pur\u00e9 soulign\u00e9e d\u2019un simple passepoil. Elle se porte \u00e0 l\u2019\u00e9paule gr\u00e2ce \u00e0 son anse aux finitions sellier. Sac en cuir artisanal fabriqu\u00e9 en France - marque de sac Fran\u00e7ais \u2013 maroquinerie de luxe artisanale Fran\u00e7aise \u2013 100% made in France","og_url":"https:\/\/www.stephaniecesaire.com\/ja\/boutique\/%e3%83%90%e3%83%83%e3%82%b0\/%e3%83%95%e3%83%ad%e3%83%bc%e3%83%a9\/flora-sac-en-cuir-de-veau-sellier-chocolat-fabrique-en-france\/","og_site_name":"C\u00e9saire","article_publisher":"https:\/\/www.facebook.com\/cesaireparis\/","article_modified_time":"2024-02-20T18:19:28+00:00","og_image":[{"width":630,"height":945,"url":"https:\/\/www.stephaniecesaire.com\/wp-content\/uploads\/2023\/09\/FloraVPOChocoFace-jpg.webp","type":"image\/jpeg"}],"twitter_card":"summary_large_image","twitter_misc":{"\u63a8\u5b9a\u8aad\u307f\u53d6\u308a\u6642\u9593":"1\u5206"},"schema":{"@context":"https:\/\/schema.org","@graph":[{"@type":"WebPage","@id":"https:\/\/www.stephaniecesaire.com\/ja\/boutique\/%e3%83%90%e3%83%83%e3%82%b0\/%e3%83%95%e3%83%ad%e3%83%bc%e3%83%a9\/flora-sac-en-cuir-de-veau-sellier-chocolat-fabrique-en-france\/","url":"https:\/\/www.stephaniecesaire.com\/ja\/boutique\/%e3%83%90%e3%83%83%e3%82%b0\/%e3%83%95%e3%83%ad%e3%83%bc%e3%83%a9\/flora-sac-en-cuir-de-veau-sellier-chocolat-fabrique-en-france\/","name":"\u30d5\u30ed\u30fc\u30e9\u30fb\u4e57\u7528\u99ac \u30ab\u30fc\u30d5\u30ec\u30b6\u30fc \u30c1\u30e7\u30b3\u30ec\u30fc\u30c8\u30fb\u30d5\u30e9\u30f3\u30b9\u88fd - C\u00e9saire sac \u00e0 main fabriqu\u00e9 en France","isPartOf":{"@id":"https:\/\/www.stephaniecesaire.com\/ja\/#website"},"primaryImageOfPage":{"@id":"https:\/\/www.stephaniecesaire.com\/ja\/boutique\/%e3%83%90%e3%83%83%e3%82%b0\/%e3%83%95%e3%83%ad%e3%83%bc%e3%83%a9\/flora-sac-en-cuir-de-veau-sellier-chocolat-fabrique-en-france\/#primaryimage"},"image":{"@id":"https:\/\/www.stephaniecesaire.com\/ja\/boutique\/%e3%83%90%e3%83%83%e3%82%b0\/%e3%83%95%e3%83%ad%e3%83%bc%e3%83%a9\/flora-sac-en-cuir-de-veau-sellier-chocolat-fabrique-en-france\/#primaryimage"},"thumbnailUrl":"https:\/\/www.stephaniecesaire.com\/wp-content\/uploads\/2023\/09\/FloraVPOChocoFace-jpg.webp","datePublished":"2023-09-02T14:29:02+00:00","dateModified":"2024-02-20T18:19:28+00:00","description":"Une \u00e9l\u00e9gance sobre se d\u00e9gage de ce sac poche, plate et triangulaire au graphisme \u00e9pur\u00e9 soulign\u00e9e d\u2019un simple passepoil. Elle se porte \u00e0 l\u2019\u00e9paule gr\u00e2ce \u00e0 son anse aux finitions sellier. Sac en cuir artisanal fabriqu\u00e9 en France - marque de sac Fran\u00e7ais \u2013 maroquinerie de luxe artisanale Fran\u00e7aise \u2013 100% made in France","breadcrumb":{"@id":"https:\/\/www.stephaniecesaire.com\/ja\/boutique\/%e3%83%90%e3%83%83%e3%82%b0\/%e3%83%95%e3%83%ad%e3%83%bc%e3%83%a9\/flora-sac-en-cuir-de-veau-sellier-chocolat-fabrique-en-france\/#breadcrumb"},"inLanguage":"ja","potentialAction":[{"@type":"ReadAction","target":["https:\/\/www.stephaniecesaire.com\/ja\/boutique\/%e3%83%90%e3%83%83%e3%82%b0\/%e3%83%95%e3%83%ad%e3%83%bc%e3%83%a9\/flora-sac-en-cuir-de-veau-sellier-chocolat-fabrique-en-france\/"]}]},{"@type":"ImageObject","inLanguage":"ja","@id":"https:\/\/www.stephaniecesaire.com\/ja\/boutique\/%e3%83%90%e3%83%83%e3%82%b0\/%e3%83%95%e3%83%ad%e3%83%bc%e3%83%a9\/flora-sac-en-cuir-de-veau-sellier-chocolat-fabrique-en-france\/#primaryimage","url":"https:\/\/www.stephaniecesaire.com\/wp-content\/uploads\/2023\/09\/FloraVPOChocoFace-jpg.webp","contentUrl":"https:\/\/www.stephaniecesaire.com\/wp-content\/uploads\/2023\/09\/FloraVPOChocoFace-jpg.webp","width":630,"height":945},{"@type":"BreadcrumbList","@id":"https:\/\/www.stephaniecesaire.com\/ja\/boutique\/%e3%83%90%e3%83%83%e3%82%b0\/%e3%83%95%e3%83%ad%e3%83%bc%e3%83%a9\/flora-sac-en-cuir-de-veau-sellier-chocolat-fabrique-en-france\/#breadcrumb","itemListElement":[{"@type":"ListItem","position":1,"name":"Accueil","item":"https:\/\/www.stephaniecesaire.com\/ja\/"},{"@type":"ListItem","position":2,"name":"\u30b7\u30e7\u30c3\u30d7","item":"https:\/\/www.stephaniecesaire.com\/ja\/%e3%82%b7%e3%83%a7%e3%83%83%e3%83%97\/"},{"@type":"ListItem","position":3,"name":"\u30d5\u30ed\u30fc\u30e9\u30fb\u4e57\u7528\u99ac \u30ab\u30fc\u30d5\u30ec\u30b6\u30fc \u30c1\u30e7\u30b3\u30ec\u30fc\u30c8\u30fb\u30d5\u30e9\u30f3\u30b9\u88fd"}]},{"@type":"WebSite","@id":"https:\/\/www.stephaniecesaire.com\/ja\/#website","url":"https:\/\/www.stephaniecesaire.com\/ja\/","name":"St\u00e9phanie C\u00e9saire","description":"Sac cr\u00e9ateur made in France - Maroquinerie de luxe","publisher":{"@id":"https:\/\/www.stephaniecesaire.com\/ja\/#organization"},"potentialAction":[{"@type":"SearchAction","target":{"@type":"EntryPoint","urlTemplate":"https:\/\/www.stephaniecesaire.com\/ja\/?s={search_term_string}"},"query-input":"required name=search_term_string"}],"inLanguage":"ja"},{"@type":"Organization","@id":"https:\/\/www.stephaniecesaire.com\/ja\/#organization","name":"St\u00e9phanie C\u00e9saire","url":"https:\/\/www.stephaniecesaire.com\/ja\/","logo":{"@type":"ImageObject","inLanguage":"ja","@id":"https:\/\/www.stephaniecesaire.com\/ja\/#\/schema\/logo\/image\/","url":"https:\/\/www.stephaniecesaire.com\/wp-content\/uploads\/2023\/10\/favicon.png","contentUrl":"https:\/\/www.stephaniecesaire.com\/wp-content\/uploads\/2023\/10\/favicon.png","width":512,"height":512,"caption":"St\u00e9phanie C\u00e9saire"},"image":{"@id":"https:\/\/www.stephaniecesaire.com\/ja\/#\/schema\/logo\/image\/"},"sameAs":["https:\/\/www.facebook.com\/cesaireparis\/","https:\/\/www.pinterest.fr\/cesaireparis\/","https:\/\/www.instagram.com\/cesaireparis.official\/"]}]}},"_links":{"self":[{"href":"https:\/\/www.stephaniecesaire.com\/ja\/wp-json\/wp\/v2\/product\/29518","targetHints":{"allow":["GET"]}}],"collection":[{"href":"https:\/\/www.stephaniecesaire.com\/ja\/wp-json\/wp\/v2\/product"}],"about":[{"href":"https:\/\/www.stephaniecesaire.com\/ja\/wp-json\/wp\/v2\/types\/product"}],"wp:featuredmedia":[{"embeddable":true,"href":"https:\/\/www.stephaniecesaire.com\/ja\/wp-json\/wp\/v2\/media\/25794"}],"wp:attachment":[{"href":"https:\/\/www.stephaniecesaire.com\/ja\/wp-json\/wp\/v2\/media?parent=29518"}],"wp:term":[{"taxonomy":"product_cat","embeddable":true,"href":"https:\/\/www.stephaniecesaire.com\/ja\/wp-json\/wp\/v2\/product_cat?post=29518"},{"taxonomy":"product_tag","embeddable":true,"href":"https:\/\/www.stephaniecesaire.com\/ja\/wp-json\/wp\/v2\/product_tag?post=29518"}],"curies":[{"name":"wp","href":"https:\/\/api.w.org\/{rel}","templated":true}]}}