{"id":29566,"date":"2023-03-11T17:55:40","date_gmt":"2023-03-11T16:55:40","guid":{"rendered":"https:\/\/stephaniecesaire.com\/boutique\/uncategorized\/carambole-cuir-dagneau-tresse-bleu\/"},"modified":"2025-02-12T17:48:02","modified_gmt":"2025-02-12T16:48:02","slug":"carambole-cuir-dagneau-tresse-bleu","status":"publish","type":"product","link":"https:\/\/www.stephaniecesaire.com\/ja\/boutique\/%e3%83%90%e3%83%83%e3%82%b0\/%e3%82%ab%e3%83%a9%e3%83%b3%e3%83%9c%e3%83%ab\/carambole-cuir-dagneau-tresse-bleu\/","title":{"rendered":"\u30ab\u30e9\u30f3\u30dc\u30eb \u30fb\u7de8\u307f\u8fbc\u307f\u30e9\u30e0\u30b9\u30ad\u30f3\u30ec\u30b6\u30fc \u9752\u3044"},"content":{"rendered":"<p>\u30ab\u30e9\u30f3\u30dc\u30eb\u306e\u30a2\u30af\u30bb\u30f3\u30c8\u306f\u3001\u5f6b\u523b\u5bb6\u30ed\u30ca\u30f3\u30fb\u30de\u30c3\u30bd\u30f3\u6c0f\u304c\u3072\u3068\u3064\u3072\u3068\u3064\u5f6b\u308a\u4e0a\u3052\u305f\u30aa\u30ea\u30b8\u30ca\u30eb\u306e\u30e1\u30bf\u30eb\u30ea\u30f3\u30b0\u3002\u305d\u3053\u304b\u3089\u4f38\u3073\u308b\u8abf\u7bc0\u53ef\u80fd\u306a\u30b9\u30c8\u30e9\u30c3\u30d7\u3067\u659c\u3081\u639b\u3051\u3067\u304d\u307e\u3059\u3002<\/p>\n<p>\u7d20\u6750\u306f\u30b5\u30c9\u30eb\u30b9\u30c6\u30c3\u30c1\u4ed5\u4e0a\u3052\u306e\u30bd\u30d5\u30c8\u30ec\u30b6\u30fc\u3002\u30d5\u30a1\u30b9\u30ca\u30fc\u3092\u96a0\u3057\u305f\u672c\u4f53\u306b\u306f\u30b3\u30c3\u30c8\u30f3\u30b5\u30fc\u30b8\u306e\u88cf\u5730\u3092\u65bd\u3057\u307e\u3057\u305f\u3002<\/p>\n<p>\u30ab\u30e9\u30f3\u30dc\u30eb\u306f\u30d5\u30e9\u30f3\u30b9\u306e\u719f\u7df4\u3057\u305f\u8077\u4eba\u304c\u624b\u639b\u3051\u305f\u6975\u4e0a\u306e\u30d0\u30c3\u30b0\u3067\u3059\u3002<\/p>\n","protected":false},"excerpt":{"rendered":"<p>\u30ab\u30e9\u30f3\u30dc\u30eb\u306f\u30bd\u30d5\u30c8\u30ec\u30b6\u30fc\u3067\u4ed5\u7acb\u3066\u305f\u6955\u5186\u5f62\u306e\u30dc\u30c7\u30a3\u30d0\u30c3\u30b0\u3002\u672c\u4f53\u306e\u7247\u7aef\u306b\u306f\u30e1\u30bf\u30eb\u30ea\u30f3\u30b0\u304b\u3089\u5782\u308c\u308b\u9769\u88fd\u306e\u9418\u3092\u3001\u53cd\u5bfe\u5074\u306b\u306f\u9769\u7d10\u3067\u82b1\u5f01\u306e\u3088\u3046\u306a\u30b7\u30f3\u30d7\u30eb\u306a\u30d7\u30ea\u30fc\u30c4\u3092\u3042\u3057\u3089\u3044\u307e\u3057\u305f\u3002<\/p>\n<p>\u4f53\u306b\u3074\u3063\u305f\u308a\u3068\u6cbf\u3046\u3088\u3046\u306b\u8eab\u306b\u3064\u3051\u308c\u3070\u3001\u5f6b\u523b\u3092\u65bd\u3057\u305f\u30e1\u30bf\u30eb\u30ea\u30f3\u30b0\u304c\u30b8\u30e5\u30a8\u30ea\u30fc\u306e\u3088\u3046\u306b\u714c\u3081\u304d\u3001\u30d5\u30a1\u30b9\u30ca\u30fc\u304c\u96a0\u308c\u308b\u30c7\u30b6\u30a4\u30f3\u3067\u3059\u3002<\/p>\n<p>\u4f1d\u7d71\u5de5\u82b8\u3068\u82b8\u8853\u3092\u7d50\u3073\u3064\u3051\u308b\u30ab\u30e9\u30f3\u30dc\u30eb\u306f\u3001\u3086\u3063\u305f\u308a\u3068\u3057\u305f\u30ce\u30de\u30c9\u98a8\u306e\u30e6\u30cb\u30fc\u30af\u306a\u30d0\u30c3\u30b0\u3067\u3059\u3002<\/p>\n","protected":false},"featured_media":24979,"template":"","meta":[],"product_cat":[636],"product_tag":[],"class_list":{"0":"post-29566","1":"product","2":"type-product","3":"status-publish","4":"has-post-thumbnail","6":"product_cat-636","7":"product_shipping_class-classe-de-livraison-2","8":"pa_porte-331","9":"pa_volume-sacs-souples-ja","10":"pa_volume-sacs-tresses-ja","11":"pa_volume-339","13":"first","14":"outofstock","15":"sold-individually","16":"taxable","17":"shipping-taxable","18":"purchasable","19":"product-type-simple"},"yoast_head":"<!-- This site is optimized with the Yoast SEO plugin v23.1 - https:\/\/yoast.com\/wordpress\/plugins\/seo\/ -->\n<title>Sac bandouli\u00e8re tress\u00e9 - \u30ab\u30e9\u30f3\u30dc\u30eb \u30fb\u7de8\u307f\u8fbc\u307f\u30e9\u30e0\u30b9\u30ad\u30f3\u30ec\u30b6\u30fc \u9752\u3044 - C\u00e9saire<\/title>\n<meta name=\"description\" content=\"Sac bandouli\u00e8re, Carambole est un \u00e9tui de cuir souple \u00e0 la forme oblongue se porte en travers du corps. Il se dessine \u00e0 une extr\u00e9mit\u00e9 par une cloche de cuir rehauss\u00e9e d\u2019un anneau de m\u00e9tal et \u00e0 l\u2019autre par de simples plis maintenus en corolle par un lien.\" \/>\n<meta name=\"robots\" content=\"index, follow, max-snippet:-1, max-image-preview:large, max-video-preview:-1\" \/>\n<link rel=\"canonical\" href=\"https:\/\/www.stephaniecesaire.com\/ja\/boutique\/%e3%83%90%e3%83%83%e3%82%b0\/%e3%82%ab%e3%83%a9%e3%83%b3%e3%83%9c%e3%83%ab\/carambole-cuir-dagneau-tresse-bleu\/\" \/>\n<meta property=\"og:locale\" content=\"ja_JP\" \/>\n<meta property=\"og:type\" content=\"article\" \/>\n<meta property=\"og:title\" content=\"Sac bandouli\u00e8re tress\u00e9 - \u30ab\u30e9\u30f3\u30dc\u30eb \u30fb\u7de8\u307f\u8fbc\u307f\u30e9\u30e0\u30b9\u30ad\u30f3\u30ec\u30b6\u30fc \u9752\u3044 - C\u00e9saire\" \/>\n<meta property=\"og:description\" content=\"Sac bandouli\u00e8re, Carambole est un \u00e9tui de cuir souple \u00e0 la forme oblongue se porte en travers du corps. Il se dessine \u00e0 une extr\u00e9mit\u00e9 par une cloche de cuir rehauss\u00e9e d\u2019un anneau de m\u00e9tal et \u00e0 l\u2019autre par de simples plis maintenus en corolle par un lien.\" \/>\n<meta property=\"og:url\" content=\"https:\/\/www.stephaniecesaire.com\/ja\/boutique\/%e3%83%90%e3%83%83%e3%82%b0\/%e3%82%ab%e3%83%a9%e3%83%b3%e3%83%9c%e3%83%ab\/carambole-cuir-dagneau-tresse-bleu\/\" \/>\n<meta property=\"og:site_name\" content=\"C\u00e9saire\" \/>\n<meta property=\"article:publisher\" content=\"https:\/\/www.facebook.com\/cesaireparis\/\" \/>\n<meta property=\"article:modified_time\" content=\"2025-02-12T16:48:02+00:00\" \/>\n<meta property=\"og:image\" content=\"https:\/\/www.stephaniecesaire.com\/wp-content\/uploads\/2023\/09\/CaramboleTRESBleuFace-jpg.webp\" \/>\n\t<meta property=\"og:image:width\" content=\"630\" \/>\n\t<meta property=\"og:image:height\" content=\"945\" \/>\n\t<meta property=\"og:image:type\" content=\"image\/jpeg\" \/>\n<meta name=\"twitter:card\" content=\"summary_large_image\" \/>\n<script type=\"application\/ld+json\" class=\"yoast-schema-graph\">{\"@context\":\"https:\/\/schema.org\",\"@graph\":[{\"@type\":\"WebPage\",\"@id\":\"https:\/\/www.stephaniecesaire.com\/ja\/boutique\/%e3%83%90%e3%83%83%e3%82%b0\/%e3%82%ab%e3%83%a9%e3%83%b3%e3%83%9c%e3%83%ab\/carambole-cuir-dagneau-tresse-bleu\/\",\"url\":\"https:\/\/www.stephaniecesaire.com\/ja\/boutique\/%e3%83%90%e3%83%83%e3%82%b0\/%e3%82%ab%e3%83%a9%e3%83%b3%e3%83%9c%e3%83%ab\/carambole-cuir-dagneau-tresse-bleu\/\",\"name\":\"Sac bandouli\u00e8re tress\u00e9 - \u30ab\u30e9\u30f3\u30dc\u30eb \u30fb\u7de8\u307f\u8fbc\u307f\u30e9\u30e0\u30b9\u30ad\u30f3\u30ec\u30b6\u30fc \u9752\u3044 - C\u00e9saire\",\"isPartOf\":{\"@id\":\"https:\/\/www.stephaniecesaire.com\/ja\/#website\"},\"primaryImageOfPage\":{\"@id\":\"https:\/\/www.stephaniecesaire.com\/ja\/boutique\/%e3%83%90%e3%83%83%e3%82%b0\/%e3%82%ab%e3%83%a9%e3%83%b3%e3%83%9c%e3%83%ab\/carambole-cuir-dagneau-tresse-bleu\/#primaryimage\"},\"image\":{\"@id\":\"https:\/\/www.stephaniecesaire.com\/ja\/boutique\/%e3%83%90%e3%83%83%e3%82%b0\/%e3%82%ab%e3%83%a9%e3%83%b3%e3%83%9c%e3%83%ab\/carambole-cuir-dagneau-tresse-bleu\/#primaryimage\"},\"thumbnailUrl\":\"https:\/\/www.stephaniecesaire.com\/wp-content\/uploads\/2023\/09\/CaramboleTRESBleuFace-jpg.webp\",\"datePublished\":\"2023-03-11T16:55:40+00:00\",\"dateModified\":\"2025-02-12T16:48:02+00:00\",\"description\":\"Sac bandouli\u00e8re, Carambole est un \u00e9tui de cuir souple \u00e0 la forme oblongue se porte en travers du corps. Il se dessine \u00e0 une extr\u00e9mit\u00e9 par une cloche de cuir rehauss\u00e9e d\u2019un anneau de m\u00e9tal et \u00e0 l\u2019autre par de simples plis maintenus en corolle par un lien.\",\"breadcrumb\":{\"@id\":\"https:\/\/www.stephaniecesaire.com\/ja\/boutique\/%e3%83%90%e3%83%83%e3%82%b0\/%e3%82%ab%e3%83%a9%e3%83%b3%e3%83%9c%e3%83%ab\/carambole-cuir-dagneau-tresse-bleu\/#breadcrumb\"},\"inLanguage\":\"ja\",\"potentialAction\":[{\"@type\":\"ReadAction\",\"target\":[\"https:\/\/www.stephaniecesaire.com\/ja\/boutique\/%e3%83%90%e3%83%83%e3%82%b0\/%e3%82%ab%e3%83%a9%e3%83%b3%e3%83%9c%e3%83%ab\/carambole-cuir-dagneau-tresse-bleu\/\"]}]},{\"@type\":\"ImageObject\",\"inLanguage\":\"ja\",\"@id\":\"https:\/\/www.stephaniecesaire.com\/ja\/boutique\/%e3%83%90%e3%83%83%e3%82%b0\/%e3%82%ab%e3%83%a9%e3%83%b3%e3%83%9c%e3%83%ab\/carambole-cuir-dagneau-tresse-bleu\/#primaryimage\",\"url\":\"https:\/\/www.stephaniecesaire.com\/wp-content\/uploads\/2023\/09\/CaramboleTRESBleuFace-jpg.webp\",\"contentUrl\":\"https:\/\/www.stephaniecesaire.com\/wp-content\/uploads\/2023\/09\/CaramboleTRESBleuFace-jpg.webp\",\"width\":630,\"height\":945},{\"@type\":\"BreadcrumbList\",\"@id\":\"https:\/\/www.stephaniecesaire.com\/ja\/boutique\/%e3%83%90%e3%83%83%e3%82%b0\/%e3%82%ab%e3%83%a9%e3%83%b3%e3%83%9c%e3%83%ab\/carambole-cuir-dagneau-tresse-bleu\/#breadcrumb\",\"itemListElement\":[{\"@type\":\"ListItem\",\"position\":1,\"name\":\"Accueil\",\"item\":\"https:\/\/www.stephaniecesaire.com\/ja\/\"},{\"@type\":\"ListItem\",\"position\":2,\"name\":\"\u30b7\u30e7\u30c3\u30d7\",\"item\":\"https:\/\/www.stephaniecesaire.com\/ja\/%e3%82%b7%e3%83%a7%e3%83%83%e3%83%97\/\"},{\"@type\":\"ListItem\",\"position\":3,\"name\":\"\u30ab\u30e9\u30f3\u30dc\u30eb \u30fb\u7de8\u307f\u8fbc\u307f\u30e9\u30e0\u30b9\u30ad\u30f3\u30ec\u30b6\u30fc \u9752\u3044\"}]},{\"@type\":\"WebSite\",\"@id\":\"https:\/\/www.stephaniecesaire.com\/ja\/#website\",\"url\":\"https:\/\/www.stephaniecesaire.com\/ja\/\",\"name\":\"St\u00e9phanie C\u00e9saire\",\"description\":\"Sac cr\u00e9ateur made in France - Maroquinerie de luxe\",\"publisher\":{\"@id\":\"https:\/\/www.stephaniecesaire.com\/ja\/#organization\"},\"potentialAction\":[{\"@type\":\"SearchAction\",\"target\":{\"@type\":\"EntryPoint\",\"urlTemplate\":\"https:\/\/www.stephaniecesaire.com\/ja\/?s={search_term_string}\"},\"query-input\":\"required name=search_term_string\"}],\"inLanguage\":\"ja\"},{\"@type\":\"Organization\",\"@id\":\"https:\/\/www.stephaniecesaire.com\/ja\/#organization\",\"name\":\"St\u00e9phanie C\u00e9saire\",\"url\":\"https:\/\/www.stephaniecesaire.com\/ja\/\",\"logo\":{\"@type\":\"ImageObject\",\"inLanguage\":\"ja\",\"@id\":\"https:\/\/www.stephaniecesaire.com\/ja\/#\/schema\/logo\/image\/\",\"url\":\"https:\/\/www.stephaniecesaire.com\/wp-content\/uploads\/2023\/10\/favicon.png\",\"contentUrl\":\"https:\/\/www.stephaniecesaire.com\/wp-content\/uploads\/2023\/10\/favicon.png\",\"width\":512,\"height\":512,\"caption\":\"St\u00e9phanie C\u00e9saire\"},\"image\":{\"@id\":\"https:\/\/www.stephaniecesaire.com\/ja\/#\/schema\/logo\/image\/\"},\"sameAs\":[\"https:\/\/www.facebook.com\/cesaireparis\/\",\"https:\/\/www.pinterest.fr\/cesaireparis\/\",\"https:\/\/www.instagram.com\/cesaireparis.official\/\"]}]}<\/script>\n<!-- \/ Yoast SEO plugin. -->","yoast_head_json":{"title":"Sac bandouli\u00e8re tress\u00e9 - \u30ab\u30e9\u30f3\u30dc\u30eb \u30fb\u7de8\u307f\u8fbc\u307f\u30e9\u30e0\u30b9\u30ad\u30f3\u30ec\u30b6\u30fc \u9752\u3044 - C\u00e9saire","description":"Sac bandouli\u00e8re, Carambole est un \u00e9tui de cuir souple \u00e0 la forme oblongue se porte en travers du corps. Il se dessine \u00e0 une extr\u00e9mit\u00e9 par une cloche de cuir rehauss\u00e9e d\u2019un anneau de m\u00e9tal et \u00e0 l\u2019autre par de simples plis maintenus en corolle par un lien.","robots":{"index":"index","follow":"follow","max-snippet":"max-snippet:-1","max-image-preview":"max-image-preview:large","max-video-preview":"max-video-preview:-1"},"canonical":"https:\/\/www.stephaniecesaire.com\/ja\/boutique\/%e3%83%90%e3%83%83%e3%82%b0\/%e3%82%ab%e3%83%a9%e3%83%b3%e3%83%9c%e3%83%ab\/carambole-cuir-dagneau-tresse-bleu\/","og_locale":"ja_JP","og_type":"article","og_title":"Sac bandouli\u00e8re tress\u00e9 - \u30ab\u30e9\u30f3\u30dc\u30eb \u30fb\u7de8\u307f\u8fbc\u307f\u30e9\u30e0\u30b9\u30ad\u30f3\u30ec\u30b6\u30fc \u9752\u3044 - C\u00e9saire","og_description":"Sac bandouli\u00e8re, Carambole est un \u00e9tui de cuir souple \u00e0 la forme oblongue se porte en travers du corps. Il se dessine \u00e0 une extr\u00e9mit\u00e9 par une cloche de cuir rehauss\u00e9e d\u2019un anneau de m\u00e9tal et \u00e0 l\u2019autre par de simples plis maintenus en corolle par un lien.","og_url":"https:\/\/www.stephaniecesaire.com\/ja\/boutique\/%e3%83%90%e3%83%83%e3%82%b0\/%e3%82%ab%e3%83%a9%e3%83%b3%e3%83%9c%e3%83%ab\/carambole-cuir-dagneau-tresse-bleu\/","og_site_name":"C\u00e9saire","article_publisher":"https:\/\/www.facebook.com\/cesaireparis\/","article_modified_time":"2025-02-12T16:48:02+00:00","og_image":[{"width":630,"height":945,"url":"https:\/\/www.stephaniecesaire.com\/wp-content\/uploads\/2023\/09\/CaramboleTRESBleuFace-jpg.webp","type":"image\/jpeg"}],"twitter_card":"summary_large_image","schema":{"@context":"https:\/\/schema.org","@graph":[{"@type":"WebPage","@id":"https:\/\/www.stephaniecesaire.com\/ja\/boutique\/%e3%83%90%e3%83%83%e3%82%b0\/%e3%82%ab%e3%83%a9%e3%83%b3%e3%83%9c%e3%83%ab\/carambole-cuir-dagneau-tresse-bleu\/","url":"https:\/\/www.stephaniecesaire.com\/ja\/boutique\/%e3%83%90%e3%83%83%e3%82%b0\/%e3%82%ab%e3%83%a9%e3%83%b3%e3%83%9c%e3%83%ab\/carambole-cuir-dagneau-tresse-bleu\/","name":"Sac bandouli\u00e8re tress\u00e9 - \u30ab\u30e9\u30f3\u30dc\u30eb \u30fb\u7de8\u307f\u8fbc\u307f\u30e9\u30e0\u30b9\u30ad\u30f3\u30ec\u30b6\u30fc \u9752\u3044 - C\u00e9saire","isPartOf":{"@id":"https:\/\/www.stephaniecesaire.com\/ja\/#website"},"primaryImageOfPage":{"@id":"https:\/\/www.stephaniecesaire.com\/ja\/boutique\/%e3%83%90%e3%83%83%e3%82%b0\/%e3%82%ab%e3%83%a9%e3%83%b3%e3%83%9c%e3%83%ab\/carambole-cuir-dagneau-tresse-bleu\/#primaryimage"},"image":{"@id":"https:\/\/www.stephaniecesaire.com\/ja\/boutique\/%e3%83%90%e3%83%83%e3%82%b0\/%e3%82%ab%e3%83%a9%e3%83%b3%e3%83%9c%e3%83%ab\/carambole-cuir-dagneau-tresse-bleu\/#primaryimage"},"thumbnailUrl":"https:\/\/www.stephaniecesaire.com\/wp-content\/uploads\/2023\/09\/CaramboleTRESBleuFace-jpg.webp","datePublished":"2023-03-11T16:55:40+00:00","dateModified":"2025-02-12T16:48:02+00:00","description":"Sac bandouli\u00e8re, Carambole est un \u00e9tui de cuir souple \u00e0 la forme oblongue se porte en travers du corps. Il se dessine \u00e0 une extr\u00e9mit\u00e9 par une cloche de cuir rehauss\u00e9e d\u2019un anneau de m\u00e9tal et \u00e0 l\u2019autre par de simples plis maintenus en corolle par un lien.","breadcrumb":{"@id":"https:\/\/www.stephaniecesaire.com\/ja\/boutique\/%e3%83%90%e3%83%83%e3%82%b0\/%e3%82%ab%e3%83%a9%e3%83%b3%e3%83%9c%e3%83%ab\/carambole-cuir-dagneau-tresse-bleu\/#breadcrumb"},"inLanguage":"ja","potentialAction":[{"@type":"ReadAction","target":["https:\/\/www.stephaniecesaire.com\/ja\/boutique\/%e3%83%90%e3%83%83%e3%82%b0\/%e3%82%ab%e3%83%a9%e3%83%b3%e3%83%9c%e3%83%ab\/carambole-cuir-dagneau-tresse-bleu\/"]}]},{"@type":"ImageObject","inLanguage":"ja","@id":"https:\/\/www.stephaniecesaire.com\/ja\/boutique\/%e3%83%90%e3%83%83%e3%82%b0\/%e3%82%ab%e3%83%a9%e3%83%b3%e3%83%9c%e3%83%ab\/carambole-cuir-dagneau-tresse-bleu\/#primaryimage","url":"https:\/\/www.stephaniecesaire.com\/wp-content\/uploads\/2023\/09\/CaramboleTRESBleuFace-jpg.webp","contentUrl":"https:\/\/www.stephaniecesaire.com\/wp-content\/uploads\/2023\/09\/CaramboleTRESBleuFace-jpg.webp","width":630,"height":945},{"@type":"BreadcrumbList","@id":"https:\/\/www.stephaniecesaire.com\/ja\/boutique\/%e3%83%90%e3%83%83%e3%82%b0\/%e3%82%ab%e3%83%a9%e3%83%b3%e3%83%9c%e3%83%ab\/carambole-cuir-dagneau-tresse-bleu\/#breadcrumb","itemListElement":[{"@type":"ListItem","position":1,"name":"Accueil","item":"https:\/\/www.stephaniecesaire.com\/ja\/"},{"@type":"ListItem","position":2,"name":"\u30b7\u30e7\u30c3\u30d7","item":"https:\/\/www.stephaniecesaire.com\/ja\/%e3%82%b7%e3%83%a7%e3%83%83%e3%83%97\/"},{"@type":"ListItem","position":3,"name":"\u30ab\u30e9\u30f3\u30dc\u30eb \u30fb\u7de8\u307f\u8fbc\u307f\u30e9\u30e0\u30b9\u30ad\u30f3\u30ec\u30b6\u30fc \u9752\u3044"}]},{"@type":"WebSite","@id":"https:\/\/www.stephaniecesaire.com\/ja\/#website","url":"https:\/\/www.stephaniecesaire.com\/ja\/","name":"St\u00e9phanie C\u00e9saire","description":"Sac cr\u00e9ateur made in France - Maroquinerie de luxe","publisher":{"@id":"https:\/\/www.stephaniecesaire.com\/ja\/#organization"},"potentialAction":[{"@type":"SearchAction","target":{"@type":"EntryPoint","urlTemplate":"https:\/\/www.stephaniecesaire.com\/ja\/?s={search_term_string}"},"query-input":"required name=search_term_string"}],"inLanguage":"ja"},{"@type":"Organization","@id":"https:\/\/www.stephaniecesaire.com\/ja\/#organization","name":"St\u00e9phanie C\u00e9saire","url":"https:\/\/www.stephaniecesaire.com\/ja\/","logo":{"@type":"ImageObject","inLanguage":"ja","@id":"https:\/\/www.stephaniecesaire.com\/ja\/#\/schema\/logo\/image\/","url":"https:\/\/www.stephaniecesaire.com\/wp-content\/uploads\/2023\/10\/favicon.png","contentUrl":"https:\/\/www.stephaniecesaire.com\/wp-content\/uploads\/2023\/10\/favicon.png","width":512,"height":512,"caption":"St\u00e9phanie C\u00e9saire"},"image":{"@id":"https:\/\/www.stephaniecesaire.com\/ja\/#\/schema\/logo\/image\/"},"sameAs":["https:\/\/www.facebook.com\/cesaireparis\/","https:\/\/www.pinterest.fr\/cesaireparis\/","https:\/\/www.instagram.com\/cesaireparis.official\/"]}]}},"_links":{"self":[{"href":"https:\/\/www.stephaniecesaire.com\/ja\/wp-json\/wp\/v2\/product\/29566","targetHints":{"allow":["GET"]}}],"collection":[{"href":"https:\/\/www.stephaniecesaire.com\/ja\/wp-json\/wp\/v2\/product"}],"about":[{"href":"https:\/\/www.stephaniecesaire.com\/ja\/wp-json\/wp\/v2\/types\/product"}],"wp:featuredmedia":[{"embeddable":true,"href":"https:\/\/www.stephaniecesaire.com\/ja\/wp-json\/wp\/v2\/media\/24979"}],"wp:attachment":[{"href":"https:\/\/www.stephaniecesaire.com\/ja\/wp-json\/wp\/v2\/media?parent=29566"}],"wp:term":[{"taxonomy":"product_cat","embeddable":true,"href":"https:\/\/www.stephaniecesaire.com\/ja\/wp-json\/wp\/v2\/product_cat?post=29566"},{"taxonomy":"product_tag","embeddable":true,"href":"https:\/\/www.stephaniecesaire.com\/ja\/wp-json\/wp\/v2\/product_tag?post=29566"}],"curies":[{"name":"wp","href":"https:\/\/api.w.org\/{rel}","templated":true}]}}