{"id":29584,"date":"2023-01-19T12:25:58","date_gmt":"2023-01-19T11:25:58","guid":{"rendered":"https:\/\/stephaniecesaire.com\/boutique\/uncategorized\/joh-cuir-dagneau-bulle-taupe\/"},"modified":"2024-06-12T12:38:18","modified_gmt":"2024-06-12T10:38:18","slug":"joh-cuir-dagneau-bulle-taupe","status":"publish","type":"product","link":"https:\/\/www.stephaniecesaire.com\/ja\/boutique\/%e3%83%90%e3%83%83%e3%82%b0\/%e3%82%b8%e3%83%a7%e3%83%bc\/joh-cuir-dagneau-bulle-taupe\/","title":{"rendered":"\u30b8\u30e7\u30fc\u30fb\u30d0\u30d6\u30eb\u30e9\u30e0\u30ec\u30b6\u30fc\u30fb\u30c8\u30fc\u30d7"},"content":{"rendered":"<p><span lang=\"JA\">\u30b8\u30e7\u30fc\u306f\u305f\u3063\u3077\u308a\u3068\u3057\u305f\u672c\u4f53\u3092<\/span>1<span lang=\"JA\">\u30fb<\/span>2<span lang=\"JA\">\u56de\u6298\u308a\u8fbc\u307f\u3001\u30b9\u30c8\u30e9\u30c3\u30d7\u3067\u7559\u3081\u308b\u3053\u3068\u3067\u30dc\u30ea\u30e5\u30fc\u30e0\u611f\u3092\u81ea\u7531\u306b\u5909\u3048\u3089\u308c\u308b\u3057\u306a\u3084\u304b\u306a\u30a2\u30a4\u30c6\u30e0\u3067\u3059\u3002\u30d9\u30eb\u30c8\u306f\u91d1\u5c5e\u88fd\u306e\u30ab\u30e9\u30d3\u30ca\u3067\u53d6\u308a\u5916\u3057\u53ef\u80fd\u3002\u9577\u3055\u3082\u6301\u3061\u65b9\u3082\u81ea\u7531\u81ea\u5728\u306b\u30a2\u30ec\u30f3\u30b8\u3067\u304d\u307e\u3059\u3002\u88cf\u5730\u306f\u30c8\u30fc\u30d7\u8272\u306e\u30b3\u30c3\u30c8\u30f3\u30b5\u30fc\u30b8\u3002\u30d5\u30a1\u30b9\u30ca\u30fc\u30dd\u30b1\u30c3\u30c8\u3068\u643a\u5e2f\u96fb\u8a71\u7528\u306e\u30dd\u30b1\u30c3\u30c8\u304c\u4ed8\u5c5e\u3057\u3066\u3044\u307e\u3059\u3002\u30d5\u30e9\u30f3\u30b9\u88fd<\/span><\/p>\n","protected":false},"excerpt":{"rendered":"<p>\u30ce\u30de\u30c9&amp;\u30b3\u30f3\u30c6\u30f3\u30dd\u30e9\u30ea\u30fc\u306a\u30b8\u30e7\u30fc\u306f\u3001\u8ecd\u7528\u9632\u6c34\u30d0\u30c3\u30b0\u304b\u3089\u7740\u60f3\u3092\u5f97\u305f\u30aa\u30fc\u30d0\u30fc\u30b5\u30a4\u30ba\u30d0\u30c3\u30b0\u3002\u30e6\u30cb\u30bb\u30c3\u30af\u30b9&amp;\u30e6\u30cb\u30fc\u30af\u306a\u30dc\u30ea\u30e5\u30fc\u30e0\u306f\u3057\u306a\u3084\u304b\u306a\u30ec\u30b6\u30fc\u88fd\u3002\u30d0\u30c3\u30b0\u3092\u7559\u3081\u308b\u4e0a\u90e8\u306e\u30d9\u30eb\u30c8\u304c\u6301\u3061\u624b\u306b\u540a\u308a\u4e0b\u304c\u308b\u3088\u3046\u306a\u30c7\u30b6\u30a4\u30f3\u3067\u3059\u3002\u672c\u4f53\u3092\u304f\u308b\u304f\u308b\u4e38\u3081\u308c\u3070\u3001\u30b3\u30f3\u30d1\u30af\u30c8\u3067\u63a7\u3048\u3081\u306a\u5370\u8c61\u306b\u3002\u91d1\u5c5e\u88fd\u306e\u30ab\u30e9\u30d3\u30ca\u3067\u56fa\u5b9a\u3057\u305f\u30b9\u30c8\u30e9\u30c3\u30d7\u306b\u306f\u8abf\u7bc0\u53ef\u80fd\u306a\u30d9\u30eb\u30c8\u304c\u4ed8\u5c5e\u3002\u80a9\u639b\u3051\u3084\u30af\u30ed\u30b9\u30aa\u30fc\u30d0\u30fc\u3001\u3042\u308b\u3044\u306f\u30ec\u30b6\u30fc\u30a8\u30d7\u30ed\u30f3\u306e\u3088\u3046\u306b\u3001\u69d8\u3005\u306a\u6301\u3061\u65b9\u3092\u697d\u3057\u3081\u308b\u30d0\u30c3\u30b0\u3067\u3059\u3002\u4eca\u611f\u305f\u3063\u3077\u308a\u306e\u30d5\u30ec\u30ad\u30b7\u30d6\u30eb\u306a\u30c7\u30b6\u30a4\u30f3\u3068\u30ec\u30b6\u30fc\u305d\u306e\u3082\u306e\u304c\u653e\u3064\u7f8e\u3057\u3055\u304c\u3001\u6349\u3048\u3069\u3053\u308d\u306e<\/p>\n","protected":false},"featured_media":23814,"template":"","meta":[],"product_cat":[647],"product_tag":[],"class_list":{"0":"post-29584","1":"product","2":"type-product","3":"status-publish","4":"has-post-thumbnail","6":"product_cat-647","7":"product_shipping_class-classe-de-livraison-3","8":"pa_porte-331","9":"pa_porte-333","10":"pa_volume-sacs-souples-ja","11":"pa_volume-335","13":"first","14":"outofstock","15":"sold-individually","16":"taxable","17":"shipping-taxable","18":"purchasable","19":"product-type-simple"},"yoast_head":"<!-- This site is optimized with the Yoast SEO plugin v23.1 - https:\/\/yoast.com\/wordpress\/plugins\/seo\/ -->\n<title>\u7279\u5927\u30b7\u30e7\u30eb\u30c0\u30fc\u30d0\u30c3\u30b0 - \u30bb\u30bc\u30fc\u30eb \u30d1\u30ea - \u30d5\u30e9\u30f3\u30b9 \u30c7\u30b6\u30a4\u30ca\u30fc \u30ec\u30b6\u30fc \u30b0\u30c3\u30ba<\/title>\n<meta name=\"description\" content=\"\u30ce\u30de\u30c9&amp;\u30b3\u30f3\u30c6\u30f3\u30dd\u30e9\u30ea\u30fc\u306a\u30b8\u30e7\u30fc\u306f\u3001\u8ecd\u7528\u9632\u6c34\u30d0\u30c3\u30b0\u304b\u3089\u7740\u60f3\u3092\u5f97\u305f\u30aa\u30fc\u30d0\u30fc\u30b5\u30a4\u30ba\u30d0\u30c3\u30b0\u3002\u30e6\u30cb\u30bb\u30c3\u30af\u30b9&amp;\u30e6\u30cb\u30fc\u30af\u306a\u30dc\u30ea\u30e5\u30fc\u30e0\u306f\u3057\u306a\u3084\u304b\u306a\u30ec\u30b6\u30fc\u88fd\u3002\" \/>\n<meta name=\"robots\" content=\"index, follow, max-snippet:-1, max-image-preview:large, max-video-preview:-1\" \/>\n<link rel=\"canonical\" href=\"https:\/\/www.stephaniecesaire.com\/ja\/boutique\/%e3%83%90%e3%83%83%e3%82%b0\/%e3%82%b8%e3%83%a7%e3%83%bc\/joh-cuir-dagneau-bulle-taupe\/\" \/>\n<meta property=\"og:locale\" content=\"ja_JP\" \/>\n<meta property=\"og:type\" content=\"article\" \/>\n<meta property=\"og:title\" content=\"\u7279\u5927\u30b7\u30e7\u30eb\u30c0\u30fc\u30d0\u30c3\u30b0 - \u30bb\u30bc\u30fc\u30eb \u30d1\u30ea - \u30d5\u30e9\u30f3\u30b9 \u30c7\u30b6\u30a4\u30ca\u30fc \u30ec\u30b6\u30fc \u30b0\u30c3\u30ba\" \/>\n<meta property=\"og:description\" content=\"\u30ce\u30de\u30c9&amp;\u30b3\u30f3\u30c6\u30f3\u30dd\u30e9\u30ea\u30fc\u306a\u30b8\u30e7\u30fc\u306f\u3001\u8ecd\u7528\u9632\u6c34\u30d0\u30c3\u30b0\u304b\u3089\u7740\u60f3\u3092\u5f97\u305f\u30aa\u30fc\u30d0\u30fc\u30b5\u30a4\u30ba\u30d0\u30c3\u30b0\u3002\u30e6\u30cb\u30bb\u30c3\u30af\u30b9&amp;\u30e6\u30cb\u30fc\u30af\u306a\u30dc\u30ea\u30e5\u30fc\u30e0\u306f\u3057\u306a\u3084\u304b\u306a\u30ec\u30b6\u30fc\u88fd\u3002\" \/>\n<meta property=\"og:url\" content=\"https:\/\/www.stephaniecesaire.com\/ja\/boutique\/%e3%83%90%e3%83%83%e3%82%b0\/%e3%82%b8%e3%83%a7%e3%83%bc\/joh-cuir-dagneau-bulle-taupe\/\" \/>\n<meta property=\"og:site_name\" content=\"C\u00e9saire\" \/>\n<meta property=\"article:publisher\" content=\"https:\/\/www.facebook.com\/cesaireparis\/\" \/>\n<meta property=\"article:modified_time\" content=\"2024-06-12T10:38:18+00:00\" \/>\n<meta property=\"og:image\" content=\"https:\/\/www.stephaniecesaire.com\/wp-content\/uploads\/2023\/09\/JohAGBTaupeFace-jpg.webp\" \/>\n\t<meta property=\"og:image:width\" content=\"630\" \/>\n\t<meta property=\"og:image:height\" content=\"945\" \/>\n\t<meta property=\"og:image:type\" content=\"image\/jpeg\" \/>\n<meta name=\"twitter:card\" content=\"summary_large_image\" \/>\n<meta name=\"twitter:label1\" content=\"\u63a8\u5b9a\u8aad\u307f\u53d6\u308a\u6642\u9593\" \/>\n\t<meta name=\"twitter:data1\" content=\"1\u5206\" \/>\n<script type=\"application\/ld+json\" class=\"yoast-schema-graph\">{\"@context\":\"https:\/\/schema.org\",\"@graph\":[{\"@type\":\"WebPage\",\"@id\":\"https:\/\/www.stephaniecesaire.com\/ja\/boutique\/%e3%83%90%e3%83%83%e3%82%b0\/%e3%82%b8%e3%83%a7%e3%83%bc\/joh-cuir-dagneau-bulle-taupe\/\",\"url\":\"https:\/\/www.stephaniecesaire.com\/ja\/boutique\/%e3%83%90%e3%83%83%e3%82%b0\/%e3%82%b8%e3%83%a7%e3%83%bc\/joh-cuir-dagneau-bulle-taupe\/\",\"name\":\"\u7279\u5927\u30b7\u30e7\u30eb\u30c0\u30fc\u30d0\u30c3\u30b0 - \u30bb\u30bc\u30fc\u30eb \u30d1\u30ea - \u30d5\u30e9\u30f3\u30b9 \u30c7\u30b6\u30a4\u30ca\u30fc \u30ec\u30b6\u30fc \u30b0\u30c3\u30ba\",\"isPartOf\":{\"@id\":\"https:\/\/www.stephaniecesaire.com\/ja\/#website\"},\"primaryImageOfPage\":{\"@id\":\"https:\/\/www.stephaniecesaire.com\/ja\/boutique\/%e3%83%90%e3%83%83%e3%82%b0\/%e3%82%b8%e3%83%a7%e3%83%bc\/joh-cuir-dagneau-bulle-taupe\/#primaryimage\"},\"image\":{\"@id\":\"https:\/\/www.stephaniecesaire.com\/ja\/boutique\/%e3%83%90%e3%83%83%e3%82%b0\/%e3%82%b8%e3%83%a7%e3%83%bc\/joh-cuir-dagneau-bulle-taupe\/#primaryimage\"},\"thumbnailUrl\":\"https:\/\/www.stephaniecesaire.com\/wp-content\/uploads\/2023\/09\/JohAGBTaupeFace-jpg.webp\",\"datePublished\":\"2023-01-19T11:25:58+00:00\",\"dateModified\":\"2024-06-12T10:38:18+00:00\",\"description\":\"\u30ce\u30de\u30c9&\u30b3\u30f3\u30c6\u30f3\u30dd\u30e9\u30ea\u30fc\u306a\u30b8\u30e7\u30fc\u306f\u3001\u8ecd\u7528\u9632\u6c34\u30d0\u30c3\u30b0\u304b\u3089\u7740\u60f3\u3092\u5f97\u305f\u30aa\u30fc\u30d0\u30fc\u30b5\u30a4\u30ba\u30d0\u30c3\u30b0\u3002\u30e6\u30cb\u30bb\u30c3\u30af\u30b9&\u30e6\u30cb\u30fc\u30af\u306a\u30dc\u30ea\u30e5\u30fc\u30e0\u306f\u3057\u306a\u3084\u304b\u306a\u30ec\u30b6\u30fc\u88fd\u3002\",\"breadcrumb\":{\"@id\":\"https:\/\/www.stephaniecesaire.com\/ja\/boutique\/%e3%83%90%e3%83%83%e3%82%b0\/%e3%82%b8%e3%83%a7%e3%83%bc\/joh-cuir-dagneau-bulle-taupe\/#breadcrumb\"},\"inLanguage\":\"ja\",\"potentialAction\":[{\"@type\":\"ReadAction\",\"target\":[\"https:\/\/www.stephaniecesaire.com\/ja\/boutique\/%e3%83%90%e3%83%83%e3%82%b0\/%e3%82%b8%e3%83%a7%e3%83%bc\/joh-cuir-dagneau-bulle-taupe\/\"]}]},{\"@type\":\"ImageObject\",\"inLanguage\":\"ja\",\"@id\":\"https:\/\/www.stephaniecesaire.com\/ja\/boutique\/%e3%83%90%e3%83%83%e3%82%b0\/%e3%82%b8%e3%83%a7%e3%83%bc\/joh-cuir-dagneau-bulle-taupe\/#primaryimage\",\"url\":\"https:\/\/www.stephaniecesaire.com\/wp-content\/uploads\/2023\/09\/JohAGBTaupeFace-jpg.webp\",\"contentUrl\":\"https:\/\/www.stephaniecesaire.com\/wp-content\/uploads\/2023\/09\/JohAGBTaupeFace-jpg.webp\",\"width\":630,\"height\":945,\"caption\":\"\u7279\u5927\u30b7\u30e7\u30eb\u30c0\u30fc\u30d0\u30c3\u30b0 - \u30bb\u30bc\u30fc\u30eb \u30d1\u30ea - \u30d5\u30e9\u30f3\u30b9 \u30c7\u30b6\u30a4\u30ca\u30fc \u30ec\u30b6\u30fc \u30b0\u30c3\u30ba\"},{\"@type\":\"BreadcrumbList\",\"@id\":\"https:\/\/www.stephaniecesaire.com\/ja\/boutique\/%e3%83%90%e3%83%83%e3%82%b0\/%e3%82%b8%e3%83%a7%e3%83%bc\/joh-cuir-dagneau-bulle-taupe\/#breadcrumb\",\"itemListElement\":[{\"@type\":\"ListItem\",\"position\":1,\"name\":\"Accueil\",\"item\":\"https:\/\/www.stephaniecesaire.com\/ja\/\"},{\"@type\":\"ListItem\",\"position\":2,\"name\":\"\u30b7\u30e7\u30c3\u30d7\",\"item\":\"https:\/\/www.stephaniecesaire.com\/ja\/%e3%82%b7%e3%83%a7%e3%83%83%e3%83%97\/\"},{\"@type\":\"ListItem\",\"position\":3,\"name\":\"\u30b8\u30e7\u30fc\u30fb\u30d0\u30d6\u30eb\u30e9\u30e0\u30ec\u30b6\u30fc\u30fb\u30c8\u30fc\u30d7\"}]},{\"@type\":\"WebSite\",\"@id\":\"https:\/\/www.stephaniecesaire.com\/ja\/#website\",\"url\":\"https:\/\/www.stephaniecesaire.com\/ja\/\",\"name\":\"St\u00e9phanie C\u00e9saire\",\"description\":\"Sac cr\u00e9ateur made in France - Maroquinerie de luxe\",\"publisher\":{\"@id\":\"https:\/\/www.stephaniecesaire.com\/ja\/#organization\"},\"potentialAction\":[{\"@type\":\"SearchAction\",\"target\":{\"@type\":\"EntryPoint\",\"urlTemplate\":\"https:\/\/www.stephaniecesaire.com\/ja\/?s={search_term_string}\"},\"query-input\":\"required name=search_term_string\"}],\"inLanguage\":\"ja\"},{\"@type\":\"Organization\",\"@id\":\"https:\/\/www.stephaniecesaire.com\/ja\/#organization\",\"name\":\"St\u00e9phanie C\u00e9saire\",\"url\":\"https:\/\/www.stephaniecesaire.com\/ja\/\",\"logo\":{\"@type\":\"ImageObject\",\"inLanguage\":\"ja\",\"@id\":\"https:\/\/www.stephaniecesaire.com\/ja\/#\/schema\/logo\/image\/\",\"url\":\"https:\/\/www.stephaniecesaire.com\/wp-content\/uploads\/2023\/10\/favicon.png\",\"contentUrl\":\"https:\/\/www.stephaniecesaire.com\/wp-content\/uploads\/2023\/10\/favicon.png\",\"width\":512,\"height\":512,\"caption\":\"St\u00e9phanie C\u00e9saire\"},\"image\":{\"@id\":\"https:\/\/www.stephaniecesaire.com\/ja\/#\/schema\/logo\/image\/\"},\"sameAs\":[\"https:\/\/www.facebook.com\/cesaireparis\/\",\"https:\/\/www.pinterest.fr\/cesaireparis\/\",\"https:\/\/www.instagram.com\/cesaireparis.official\/\"]}]}<\/script>\n<!-- \/ Yoast SEO plugin. -->","yoast_head_json":{"title":"\u7279\u5927\u30b7\u30e7\u30eb\u30c0\u30fc\u30d0\u30c3\u30b0 - \u30bb\u30bc\u30fc\u30eb \u30d1\u30ea - \u30d5\u30e9\u30f3\u30b9 \u30c7\u30b6\u30a4\u30ca\u30fc \u30ec\u30b6\u30fc \u30b0\u30c3\u30ba","description":"\u30ce\u30de\u30c9&\u30b3\u30f3\u30c6\u30f3\u30dd\u30e9\u30ea\u30fc\u306a\u30b8\u30e7\u30fc\u306f\u3001\u8ecd\u7528\u9632\u6c34\u30d0\u30c3\u30b0\u304b\u3089\u7740\u60f3\u3092\u5f97\u305f\u30aa\u30fc\u30d0\u30fc\u30b5\u30a4\u30ba\u30d0\u30c3\u30b0\u3002\u30e6\u30cb\u30bb\u30c3\u30af\u30b9&\u30e6\u30cb\u30fc\u30af\u306a\u30dc\u30ea\u30e5\u30fc\u30e0\u306f\u3057\u306a\u3084\u304b\u306a\u30ec\u30b6\u30fc\u88fd\u3002","robots":{"index":"index","follow":"follow","max-snippet":"max-snippet:-1","max-image-preview":"max-image-preview:large","max-video-preview":"max-video-preview:-1"},"canonical":"https:\/\/www.stephaniecesaire.com\/ja\/boutique\/%e3%83%90%e3%83%83%e3%82%b0\/%e3%82%b8%e3%83%a7%e3%83%bc\/joh-cuir-dagneau-bulle-taupe\/","og_locale":"ja_JP","og_type":"article","og_title":"\u7279\u5927\u30b7\u30e7\u30eb\u30c0\u30fc\u30d0\u30c3\u30b0 - \u30bb\u30bc\u30fc\u30eb \u30d1\u30ea - \u30d5\u30e9\u30f3\u30b9 \u30c7\u30b6\u30a4\u30ca\u30fc \u30ec\u30b6\u30fc \u30b0\u30c3\u30ba","og_description":"\u30ce\u30de\u30c9&\u30b3\u30f3\u30c6\u30f3\u30dd\u30e9\u30ea\u30fc\u306a\u30b8\u30e7\u30fc\u306f\u3001\u8ecd\u7528\u9632\u6c34\u30d0\u30c3\u30b0\u304b\u3089\u7740\u60f3\u3092\u5f97\u305f\u30aa\u30fc\u30d0\u30fc\u30b5\u30a4\u30ba\u30d0\u30c3\u30b0\u3002\u30e6\u30cb\u30bb\u30c3\u30af\u30b9&\u30e6\u30cb\u30fc\u30af\u306a\u30dc\u30ea\u30e5\u30fc\u30e0\u306f\u3057\u306a\u3084\u304b\u306a\u30ec\u30b6\u30fc\u88fd\u3002","og_url":"https:\/\/www.stephaniecesaire.com\/ja\/boutique\/%e3%83%90%e3%83%83%e3%82%b0\/%e3%82%b8%e3%83%a7%e3%83%bc\/joh-cuir-dagneau-bulle-taupe\/","og_site_name":"C\u00e9saire","article_publisher":"https:\/\/www.facebook.com\/cesaireparis\/","article_modified_time":"2024-06-12T10:38:18+00:00","og_image":[{"width":630,"height":945,"url":"https:\/\/www.stephaniecesaire.com\/wp-content\/uploads\/2023\/09\/JohAGBTaupeFace-jpg.webp","type":"image\/jpeg"}],"twitter_card":"summary_large_image","twitter_misc":{"\u63a8\u5b9a\u8aad\u307f\u53d6\u308a\u6642\u9593":"1\u5206"},"schema":{"@context":"https:\/\/schema.org","@graph":[{"@type":"WebPage","@id":"https:\/\/www.stephaniecesaire.com\/ja\/boutique\/%e3%83%90%e3%83%83%e3%82%b0\/%e3%82%b8%e3%83%a7%e3%83%bc\/joh-cuir-dagneau-bulle-taupe\/","url":"https:\/\/www.stephaniecesaire.com\/ja\/boutique\/%e3%83%90%e3%83%83%e3%82%b0\/%e3%82%b8%e3%83%a7%e3%83%bc\/joh-cuir-dagneau-bulle-taupe\/","name":"\u7279\u5927\u30b7\u30e7\u30eb\u30c0\u30fc\u30d0\u30c3\u30b0 - \u30bb\u30bc\u30fc\u30eb \u30d1\u30ea - \u30d5\u30e9\u30f3\u30b9 \u30c7\u30b6\u30a4\u30ca\u30fc \u30ec\u30b6\u30fc \u30b0\u30c3\u30ba","isPartOf":{"@id":"https:\/\/www.stephaniecesaire.com\/ja\/#website"},"primaryImageOfPage":{"@id":"https:\/\/www.stephaniecesaire.com\/ja\/boutique\/%e3%83%90%e3%83%83%e3%82%b0\/%e3%82%b8%e3%83%a7%e3%83%bc\/joh-cuir-dagneau-bulle-taupe\/#primaryimage"},"image":{"@id":"https:\/\/www.stephaniecesaire.com\/ja\/boutique\/%e3%83%90%e3%83%83%e3%82%b0\/%e3%82%b8%e3%83%a7%e3%83%bc\/joh-cuir-dagneau-bulle-taupe\/#primaryimage"},"thumbnailUrl":"https:\/\/www.stephaniecesaire.com\/wp-content\/uploads\/2023\/09\/JohAGBTaupeFace-jpg.webp","datePublished":"2023-01-19T11:25:58+00:00","dateModified":"2024-06-12T10:38:18+00:00","description":"\u30ce\u30de\u30c9&\u30b3\u30f3\u30c6\u30f3\u30dd\u30e9\u30ea\u30fc\u306a\u30b8\u30e7\u30fc\u306f\u3001\u8ecd\u7528\u9632\u6c34\u30d0\u30c3\u30b0\u304b\u3089\u7740\u60f3\u3092\u5f97\u305f\u30aa\u30fc\u30d0\u30fc\u30b5\u30a4\u30ba\u30d0\u30c3\u30b0\u3002\u30e6\u30cb\u30bb\u30c3\u30af\u30b9&\u30e6\u30cb\u30fc\u30af\u306a\u30dc\u30ea\u30e5\u30fc\u30e0\u306f\u3057\u306a\u3084\u304b\u306a\u30ec\u30b6\u30fc\u88fd\u3002","breadcrumb":{"@id":"https:\/\/www.stephaniecesaire.com\/ja\/boutique\/%e3%83%90%e3%83%83%e3%82%b0\/%e3%82%b8%e3%83%a7%e3%83%bc\/joh-cuir-dagneau-bulle-taupe\/#breadcrumb"},"inLanguage":"ja","potentialAction":[{"@type":"ReadAction","target":["https:\/\/www.stephaniecesaire.com\/ja\/boutique\/%e3%83%90%e3%83%83%e3%82%b0\/%e3%82%b8%e3%83%a7%e3%83%bc\/joh-cuir-dagneau-bulle-taupe\/"]}]},{"@type":"ImageObject","inLanguage":"ja","@id":"https:\/\/www.stephaniecesaire.com\/ja\/boutique\/%e3%83%90%e3%83%83%e3%82%b0\/%e3%82%b8%e3%83%a7%e3%83%bc\/joh-cuir-dagneau-bulle-taupe\/#primaryimage","url":"https:\/\/www.stephaniecesaire.com\/wp-content\/uploads\/2023\/09\/JohAGBTaupeFace-jpg.webp","contentUrl":"https:\/\/www.stephaniecesaire.com\/wp-content\/uploads\/2023\/09\/JohAGBTaupeFace-jpg.webp","width":630,"height":945,"caption":"\u7279\u5927\u30b7\u30e7\u30eb\u30c0\u30fc\u30d0\u30c3\u30b0 - \u30bb\u30bc\u30fc\u30eb \u30d1\u30ea - \u30d5\u30e9\u30f3\u30b9 \u30c7\u30b6\u30a4\u30ca\u30fc \u30ec\u30b6\u30fc \u30b0\u30c3\u30ba"},{"@type":"BreadcrumbList","@id":"https:\/\/www.stephaniecesaire.com\/ja\/boutique\/%e3%83%90%e3%83%83%e3%82%b0\/%e3%82%b8%e3%83%a7%e3%83%bc\/joh-cuir-dagneau-bulle-taupe\/#breadcrumb","itemListElement":[{"@type":"ListItem","position":1,"name":"Accueil","item":"https:\/\/www.stephaniecesaire.com\/ja\/"},{"@type":"ListItem","position":2,"name":"\u30b7\u30e7\u30c3\u30d7","item":"https:\/\/www.stephaniecesaire.com\/ja\/%e3%82%b7%e3%83%a7%e3%83%83%e3%83%97\/"},{"@type":"ListItem","position":3,"name":"\u30b8\u30e7\u30fc\u30fb\u30d0\u30d6\u30eb\u30e9\u30e0\u30ec\u30b6\u30fc\u30fb\u30c8\u30fc\u30d7"}]},{"@type":"WebSite","@id":"https:\/\/www.stephaniecesaire.com\/ja\/#website","url":"https:\/\/www.stephaniecesaire.com\/ja\/","name":"St\u00e9phanie C\u00e9saire","description":"Sac cr\u00e9ateur made in France - Maroquinerie de luxe","publisher":{"@id":"https:\/\/www.stephaniecesaire.com\/ja\/#organization"},"potentialAction":[{"@type":"SearchAction","target":{"@type":"EntryPoint","urlTemplate":"https:\/\/www.stephaniecesaire.com\/ja\/?s={search_term_string}"},"query-input":"required name=search_term_string"}],"inLanguage":"ja"},{"@type":"Organization","@id":"https:\/\/www.stephaniecesaire.com\/ja\/#organization","name":"St\u00e9phanie C\u00e9saire","url":"https:\/\/www.stephaniecesaire.com\/ja\/","logo":{"@type":"ImageObject","inLanguage":"ja","@id":"https:\/\/www.stephaniecesaire.com\/ja\/#\/schema\/logo\/image\/","url":"https:\/\/www.stephaniecesaire.com\/wp-content\/uploads\/2023\/10\/favicon.png","contentUrl":"https:\/\/www.stephaniecesaire.com\/wp-content\/uploads\/2023\/10\/favicon.png","width":512,"height":512,"caption":"St\u00e9phanie C\u00e9saire"},"image":{"@id":"https:\/\/www.stephaniecesaire.com\/ja\/#\/schema\/logo\/image\/"},"sameAs":["https:\/\/www.facebook.com\/cesaireparis\/","https:\/\/www.pinterest.fr\/cesaireparis\/","https:\/\/www.instagram.com\/cesaireparis.official\/"]}]}},"_links":{"self":[{"href":"https:\/\/www.stephaniecesaire.com\/ja\/wp-json\/wp\/v2\/product\/29584","targetHints":{"allow":["GET"]}}],"collection":[{"href":"https:\/\/www.stephaniecesaire.com\/ja\/wp-json\/wp\/v2\/product"}],"about":[{"href":"https:\/\/www.stephaniecesaire.com\/ja\/wp-json\/wp\/v2\/types\/product"}],"wp:featuredmedia":[{"embeddable":true,"href":"https:\/\/www.stephaniecesaire.com\/ja\/wp-json\/wp\/v2\/media\/23814"}],"wp:attachment":[{"href":"https:\/\/www.stephaniecesaire.com\/ja\/wp-json\/wp\/v2\/media?parent=29584"}],"wp:term":[{"taxonomy":"product_cat","embeddable":true,"href":"https:\/\/www.stephaniecesaire.com\/ja\/wp-json\/wp\/v2\/product_cat?post=29584"},{"taxonomy":"product_tag","embeddable":true,"href":"https:\/\/www.stephaniecesaire.com\/ja\/wp-json\/wp\/v2\/product_tag?post=29584"}],"curies":[{"name":"wp","href":"https:\/\/api.w.org\/{rel}","templated":true}]}}