{"id":29598,"date":"2022-12-07T17:15:41","date_gmt":"2022-12-07T16:15:41","guid":{"rendered":"https:\/\/stephaniecesaire.com\/boutique\/uncategorized\/boop-cuir-de-veau-satin-craie\/"},"modified":"2024-02-20T19:19:31","modified_gmt":"2024-02-20T18:19:31","slug":"boop-cuir-de-veau-satin-craie","status":"publish","type":"product","link":"https:\/\/www.stephaniecesaire.com\/ja\/boutique\/%e3%83%90%e3%83%83%e3%82%b0\/%e3%83%96%e3%83%bc%e3%83%97\/boop-cuir-de-veau-satin-craie\/","title":{"rendered":"\u30d6\u30fc\u30d7 \u30fb \u30d3\u30ed\u30fc\u30c9\u306e\u3088\u3046\u306a\u5b50\u725b\u9769\u30fb \u30c1\u30e7\u30fc\u30af"},"content":{"rendered":"<p>\u30df\u30cb\u30d0\u30c3\u30b0\u30fb\u30d6\u30fc\u30d7\u306f\u67d4\u3089\u304b\u3044\u30ec\u30b6\u30fc\u3067\u4ed5\u7acb\u3066\u307e\u3057\u305f\u3002\u672c\u4f53\u306f\u30de\u30b0\u30cd\u30c3\u30c8\u30db\u30c3\u30af\u3067\u958b\u9589\u3067\u304d\u3001\u6298\u308a\u305f\u305f\u3093\u3067\u30de\u30c3\u30c8\u30e1\u30bf\u30eb\u306e\u30ea\u30f3\u30b0\u306b\u624b\u3092\u901a\u305b\u3070\u30af\u30e9\u30c3\u30c1\u30d0\u30c3\u30b0\u3068\u3057\u3066\u3082\u304a\u4f7f\u3044\u3044\u305f\u3060\u3051\u307e\u3059\u3002\u30ec\u30b6\u30fc\u88fd\u306e\u83ef\u5962\u306a\u30ed\u30f3\u30b0\u30b9\u30c8\u30e9\u30c3\u30d7\u306f\u53d6\u308a\u5916\u3057\u3067\u304d\u3001\u96a0\u3057\u3066\u6301\u3064\u3053\u3068\u3082\u53ef\u80fd\u3067\u3059\u3002\u00a0 \u307e\u305f\u3001\u88cf\u5730\u306b\u306f\u30b3\u30c3\u30c8\u30f3\u30b5\u30fc\u30b8\u3092\u65bd\u3057\u307e\u3057\u305f\u3002\u30d5\u30e9\u30f3\u30b9\u88fd\u3002<\/p>\n","protected":false},"excerpt":{"rendered":"<p>\u30df\u30cb\u30fb\u30d6\u30fc\u30d7\u306f\u3001\u67d4\u3089\u304b\u3067\u9b45\u529b\u7684\u306a\u30ab\u30fc\u30d6\u306b\u30e1\u30bf\u30ea\u30c3\u30af\u306a\u30ea\u30f3\u30b0\u3092\u30a2\u30af\u30bb\u30f3\u30c8\u306b\u65bd\u3057\u305f\u3001\u3042\u306e\u6709\u540d\u30ad\u30e3\u30e9\u30af\u30bf\u30fc\u306b\u30a4\u30f3\u30b9\u30d1\u30a4\u30a2\u3055\u308c\u305f\u73fe\u4ee3\u7684\u306a\u30c7\u30b6\u30a4\u30f3\u306e\u30d0\u30c3\u30b0\u3067\u3059\u3002\u67d4\u3089\u304b\u306a\u30ec\u30b6\u30fc\u306e\u672c\u4f53\u306f\u3001\u6298\u308a\u305f\u305f\u3080\u3068\u8276\u6d88\u3057\u30e1\u30bf\u30ea\u30c3\u30af\u306e\u4e0a\u54c1\u306a\u30ea\u30f3\u30b0\u304c\u5f15\u304d\u7acb\u3064\u30af\u30e9\u30c3\u30c1\u30d0\u30c3\u30b0\u306b\u306a\u308a\u3001\u5e83\u3052\u308b\u3068\u30ea\u30f3\u30b0\u3092\u30cf\u30f3\u30c9\u30eb\u3068\u3057\u3066\u304a\u6301\u3061\u3044\u305f\u3060\u3051\u308b\u30b7\u30e7\u30eb\u30c0\u30fc\u30d0\u30c3\u30b0\u306b\u5909\u8eab\u3057\u307e\u3059\u3002<\/p>\n","protected":false},"featured_media":24219,"template":"","meta":[],"product_cat":[635],"product_tag":[],"class_list":{"0":"post-29598","1":"product","2":"type-product","3":"status-publish","4":"has-post-thumbnail","6":"product_cat-635","7":"product_shipping_class-classe-de-livraison-1","8":"pa_porte-331","9":"pa_porte-329","10":"pa_volume-sacs-souples-ja","11":"pa_volume-337","13":"first","14":"outofstock","15":"sold-individually","16":"taxable","17":"shipping-taxable","18":"purchasable","19":"product-type-simple"},"yoast_head":"<!-- This site is optimized with the Yoast SEO plugin v23.1 - https:\/\/yoast.com\/wordpress\/plugins\/seo\/ -->\n<title>Pochette bandouli\u00e8re \u30d6\u30fc\u30d7 \u30fb \u30d3\u30ed\u30fc\u30c9\u306e\u3088\u3046\u306a\u5b50\u725b\u9769\u30fb \u30c1\u30e7\u30fc\u30af - C\u00e9saire Fabriqu\u00e9 en France<\/title>\n<meta name=\"description\" content=\"Pochette bandouli\u00e8re, les lignes charmantes et courbes arrondies rehauss\u00e9es d\u2019un anneau de m\u00e9tal dessinent notre mini Boop, clin d\u2019\u0153il contemporain \u00e0 l\u2019h\u00e9ro\u00efne dont il s\u2019inspire.\u00a0Son volume de cuir souple permet de le porter pli\u00e9 en pochette, anim\u00e9 de son anneau de m\u00e9tal bross\u00e9 d\u00e9coratif ou d\u00e9ploy\u00e9 et son anneau devient poign\u00e9e, ainsi qu\u2019en bandouli\u00e8re.\" \/>\n<meta name=\"robots\" content=\"index, follow, max-snippet:-1, max-image-preview:large, max-video-preview:-1\" \/>\n<link rel=\"canonical\" href=\"https:\/\/www.stephaniecesaire.com\/ja\/boutique\/%e3%83%90%e3%83%83%e3%82%b0\/%e3%83%96%e3%83%bc%e3%83%97\/boop-cuir-de-veau-satin-craie\/\" \/>\n<meta property=\"og:locale\" content=\"ja_JP\" \/>\n<meta property=\"og:type\" content=\"article\" \/>\n<meta property=\"og:title\" content=\"Pochette bandouli\u00e8re \u30d6\u30fc\u30d7 \u30fb \u30d3\u30ed\u30fc\u30c9\u306e\u3088\u3046\u306a\u5b50\u725b\u9769\u30fb \u30c1\u30e7\u30fc\u30af - C\u00e9saire Fabriqu\u00e9 en France\" \/>\n<meta property=\"og:description\" content=\"Pochette bandouli\u00e8re, les lignes charmantes et courbes arrondies rehauss\u00e9es d\u2019un anneau de m\u00e9tal dessinent notre mini Boop, clin d\u2019\u0153il contemporain \u00e0 l\u2019h\u00e9ro\u00efne dont il s\u2019inspire.\u00a0Son volume de cuir souple permet de le porter pli\u00e9 en pochette, anim\u00e9 de son anneau de m\u00e9tal bross\u00e9 d\u00e9coratif ou d\u00e9ploy\u00e9 et son anneau devient poign\u00e9e, ainsi qu\u2019en bandouli\u00e8re.\" \/>\n<meta property=\"og:url\" content=\"https:\/\/www.stephaniecesaire.com\/ja\/boutique\/%e3%83%90%e3%83%83%e3%82%b0\/%e3%83%96%e3%83%bc%e3%83%97\/boop-cuir-de-veau-satin-craie\/\" \/>\n<meta property=\"og:site_name\" content=\"C\u00e9saire\" \/>\n<meta property=\"article:publisher\" content=\"https:\/\/www.facebook.com\/cesaireparis\/\" \/>\n<meta property=\"article:modified_time\" content=\"2024-02-20T18:19:31+00:00\" \/>\n<meta property=\"og:image\" content=\"https:\/\/www.stephaniecesaire.com\/wp-content\/uploads\/2023\/09\/BoopVLSCraieFace-1-jpg.webp\" \/>\n\t<meta property=\"og:image:width\" content=\"630\" \/>\n\t<meta property=\"og:image:height\" content=\"945\" \/>\n\t<meta property=\"og:image:type\" content=\"image\/jpeg\" \/>\n<meta name=\"twitter:card\" content=\"summary_large_image\" \/>\n<script type=\"application\/ld+json\" class=\"yoast-schema-graph\">{\"@context\":\"https:\/\/schema.org\",\"@graph\":[{\"@type\":\"WebPage\",\"@id\":\"https:\/\/www.stephaniecesaire.com\/ja\/boutique\/%e3%83%90%e3%83%83%e3%82%b0\/%e3%83%96%e3%83%bc%e3%83%97\/boop-cuir-de-veau-satin-craie\/\",\"url\":\"https:\/\/www.stephaniecesaire.com\/ja\/boutique\/%e3%83%90%e3%83%83%e3%82%b0\/%e3%83%96%e3%83%bc%e3%83%97\/boop-cuir-de-veau-satin-craie\/\",\"name\":\"Pochette bandouli\u00e8re \u30d6\u30fc\u30d7 \u30fb \u30d3\u30ed\u30fc\u30c9\u306e\u3088\u3046\u306a\u5b50\u725b\u9769\u30fb \u30c1\u30e7\u30fc\u30af - C\u00e9saire Fabriqu\u00e9 en France\",\"isPartOf\":{\"@id\":\"https:\/\/www.stephaniecesaire.com\/ja\/#website\"},\"primaryImageOfPage\":{\"@id\":\"https:\/\/www.stephaniecesaire.com\/ja\/boutique\/%e3%83%90%e3%83%83%e3%82%b0\/%e3%83%96%e3%83%bc%e3%83%97\/boop-cuir-de-veau-satin-craie\/#primaryimage\"},\"image\":{\"@id\":\"https:\/\/www.stephaniecesaire.com\/ja\/boutique\/%e3%83%90%e3%83%83%e3%82%b0\/%e3%83%96%e3%83%bc%e3%83%97\/boop-cuir-de-veau-satin-craie\/#primaryimage\"},\"thumbnailUrl\":\"https:\/\/www.stephaniecesaire.com\/wp-content\/uploads\/2023\/09\/BoopVLSCraieFace-1-jpg.webp\",\"datePublished\":\"2022-12-07T16:15:41+00:00\",\"dateModified\":\"2024-02-20T18:19:31+00:00\",\"description\":\"Pochette bandouli\u00e8re, les lignes charmantes et courbes arrondies rehauss\u00e9es d\u2019un anneau de m\u00e9tal dessinent notre mini Boop, clin d\u2019\u0153il contemporain \u00e0 l\u2019h\u00e9ro\u00efne dont il s\u2019inspire.\u00a0Son volume de cuir souple permet de le porter pli\u00e9 en pochette, anim\u00e9 de son anneau de m\u00e9tal bross\u00e9 d\u00e9coratif ou d\u00e9ploy\u00e9 et son anneau devient poign\u00e9e, ainsi qu\u2019en bandouli\u00e8re.\",\"breadcrumb\":{\"@id\":\"https:\/\/www.stephaniecesaire.com\/ja\/boutique\/%e3%83%90%e3%83%83%e3%82%b0\/%e3%83%96%e3%83%bc%e3%83%97\/boop-cuir-de-veau-satin-craie\/#breadcrumb\"},\"inLanguage\":\"ja\",\"potentialAction\":[{\"@type\":\"ReadAction\",\"target\":[\"https:\/\/www.stephaniecesaire.com\/ja\/boutique\/%e3%83%90%e3%83%83%e3%82%b0\/%e3%83%96%e3%83%bc%e3%83%97\/boop-cuir-de-veau-satin-craie\/\"]}]},{\"@type\":\"ImageObject\",\"inLanguage\":\"ja\",\"@id\":\"https:\/\/www.stephaniecesaire.com\/ja\/boutique\/%e3%83%90%e3%83%83%e3%82%b0\/%e3%83%96%e3%83%bc%e3%83%97\/boop-cuir-de-veau-satin-craie\/#primaryimage\",\"url\":\"https:\/\/www.stephaniecesaire.com\/wp-content\/uploads\/2023\/09\/BoopVLSCraieFace-1-jpg.webp\",\"contentUrl\":\"https:\/\/www.stephaniecesaire.com\/wp-content\/uploads\/2023\/09\/BoopVLSCraieFace-1-jpg.webp\",\"width\":630,\"height\":945},{\"@type\":\"BreadcrumbList\",\"@id\":\"https:\/\/www.stephaniecesaire.com\/ja\/boutique\/%e3%83%90%e3%83%83%e3%82%b0\/%e3%83%96%e3%83%bc%e3%83%97\/boop-cuir-de-veau-satin-craie\/#breadcrumb\",\"itemListElement\":[{\"@type\":\"ListItem\",\"position\":1,\"name\":\"Accueil\",\"item\":\"https:\/\/www.stephaniecesaire.com\/ja\/\"},{\"@type\":\"ListItem\",\"position\":2,\"name\":\"\u30b7\u30e7\u30c3\u30d7\",\"item\":\"https:\/\/www.stephaniecesaire.com\/ja\/%e3%82%b7%e3%83%a7%e3%83%83%e3%83%97\/\"},{\"@type\":\"ListItem\",\"position\":3,\"name\":\"\u30d6\u30fc\u30d7 \u30fb \u30d3\u30ed\u30fc\u30c9\u306e\u3088\u3046\u306a\u5b50\u725b\u9769\u30fb \u30c1\u30e7\u30fc\u30af\"}]},{\"@type\":\"WebSite\",\"@id\":\"https:\/\/www.stephaniecesaire.com\/ja\/#website\",\"url\":\"https:\/\/www.stephaniecesaire.com\/ja\/\",\"name\":\"St\u00e9phanie C\u00e9saire\",\"description\":\"Sac cr\u00e9ateur made in France - Maroquinerie de luxe\",\"publisher\":{\"@id\":\"https:\/\/www.stephaniecesaire.com\/ja\/#organization\"},\"potentialAction\":[{\"@type\":\"SearchAction\",\"target\":{\"@type\":\"EntryPoint\",\"urlTemplate\":\"https:\/\/www.stephaniecesaire.com\/ja\/?s={search_term_string}\"},\"query-input\":\"required name=search_term_string\"}],\"inLanguage\":\"ja\"},{\"@type\":\"Organization\",\"@id\":\"https:\/\/www.stephaniecesaire.com\/ja\/#organization\",\"name\":\"St\u00e9phanie C\u00e9saire\",\"url\":\"https:\/\/www.stephaniecesaire.com\/ja\/\",\"logo\":{\"@type\":\"ImageObject\",\"inLanguage\":\"ja\",\"@id\":\"https:\/\/www.stephaniecesaire.com\/ja\/#\/schema\/logo\/image\/\",\"url\":\"https:\/\/www.stephaniecesaire.com\/wp-content\/uploads\/2023\/10\/favicon.png\",\"contentUrl\":\"https:\/\/www.stephaniecesaire.com\/wp-content\/uploads\/2023\/10\/favicon.png\",\"width\":512,\"height\":512,\"caption\":\"St\u00e9phanie C\u00e9saire\"},\"image\":{\"@id\":\"https:\/\/www.stephaniecesaire.com\/ja\/#\/schema\/logo\/image\/\"},\"sameAs\":[\"https:\/\/www.facebook.com\/cesaireparis\/\",\"https:\/\/www.pinterest.fr\/cesaireparis\/\",\"https:\/\/www.instagram.com\/cesaireparis.official\/\"]}]}<\/script>\n<!-- \/ Yoast SEO plugin. -->","yoast_head_json":{"title":"Pochette bandouli\u00e8re \u30d6\u30fc\u30d7 \u30fb \u30d3\u30ed\u30fc\u30c9\u306e\u3088\u3046\u306a\u5b50\u725b\u9769\u30fb \u30c1\u30e7\u30fc\u30af - C\u00e9saire Fabriqu\u00e9 en France","description":"Pochette bandouli\u00e8re, les lignes charmantes et courbes arrondies rehauss\u00e9es d\u2019un anneau de m\u00e9tal dessinent notre mini Boop, clin d\u2019\u0153il contemporain \u00e0 l\u2019h\u00e9ro\u00efne dont il s\u2019inspire.\u00a0Son volume de cuir souple permet de le porter pli\u00e9 en pochette, anim\u00e9 de son anneau de m\u00e9tal bross\u00e9 d\u00e9coratif ou d\u00e9ploy\u00e9 et son anneau devient poign\u00e9e, ainsi qu\u2019en bandouli\u00e8re.","robots":{"index":"index","follow":"follow","max-snippet":"max-snippet:-1","max-image-preview":"max-image-preview:large","max-video-preview":"max-video-preview:-1"},"canonical":"https:\/\/www.stephaniecesaire.com\/ja\/boutique\/%e3%83%90%e3%83%83%e3%82%b0\/%e3%83%96%e3%83%bc%e3%83%97\/boop-cuir-de-veau-satin-craie\/","og_locale":"ja_JP","og_type":"article","og_title":"Pochette bandouli\u00e8re \u30d6\u30fc\u30d7 \u30fb \u30d3\u30ed\u30fc\u30c9\u306e\u3088\u3046\u306a\u5b50\u725b\u9769\u30fb \u30c1\u30e7\u30fc\u30af - C\u00e9saire Fabriqu\u00e9 en France","og_description":"Pochette bandouli\u00e8re, les lignes charmantes et courbes arrondies rehauss\u00e9es d\u2019un anneau de m\u00e9tal dessinent notre mini Boop, clin d\u2019\u0153il contemporain \u00e0 l\u2019h\u00e9ro\u00efne dont il s\u2019inspire.\u00a0Son volume de cuir souple permet de le porter pli\u00e9 en pochette, anim\u00e9 de son anneau de m\u00e9tal bross\u00e9 d\u00e9coratif ou d\u00e9ploy\u00e9 et son anneau devient poign\u00e9e, ainsi qu\u2019en bandouli\u00e8re.","og_url":"https:\/\/www.stephaniecesaire.com\/ja\/boutique\/%e3%83%90%e3%83%83%e3%82%b0\/%e3%83%96%e3%83%bc%e3%83%97\/boop-cuir-de-veau-satin-craie\/","og_site_name":"C\u00e9saire","article_publisher":"https:\/\/www.facebook.com\/cesaireparis\/","article_modified_time":"2024-02-20T18:19:31+00:00","og_image":[{"width":630,"height":945,"url":"https:\/\/www.stephaniecesaire.com\/wp-content\/uploads\/2023\/09\/BoopVLSCraieFace-1-jpg.webp","type":"image\/jpeg"}],"twitter_card":"summary_large_image","schema":{"@context":"https:\/\/schema.org","@graph":[{"@type":"WebPage","@id":"https:\/\/www.stephaniecesaire.com\/ja\/boutique\/%e3%83%90%e3%83%83%e3%82%b0\/%e3%83%96%e3%83%bc%e3%83%97\/boop-cuir-de-veau-satin-craie\/","url":"https:\/\/www.stephaniecesaire.com\/ja\/boutique\/%e3%83%90%e3%83%83%e3%82%b0\/%e3%83%96%e3%83%bc%e3%83%97\/boop-cuir-de-veau-satin-craie\/","name":"Pochette bandouli\u00e8re \u30d6\u30fc\u30d7 \u30fb \u30d3\u30ed\u30fc\u30c9\u306e\u3088\u3046\u306a\u5b50\u725b\u9769\u30fb \u30c1\u30e7\u30fc\u30af - C\u00e9saire Fabriqu\u00e9 en France","isPartOf":{"@id":"https:\/\/www.stephaniecesaire.com\/ja\/#website"},"primaryImageOfPage":{"@id":"https:\/\/www.stephaniecesaire.com\/ja\/boutique\/%e3%83%90%e3%83%83%e3%82%b0\/%e3%83%96%e3%83%bc%e3%83%97\/boop-cuir-de-veau-satin-craie\/#primaryimage"},"image":{"@id":"https:\/\/www.stephaniecesaire.com\/ja\/boutique\/%e3%83%90%e3%83%83%e3%82%b0\/%e3%83%96%e3%83%bc%e3%83%97\/boop-cuir-de-veau-satin-craie\/#primaryimage"},"thumbnailUrl":"https:\/\/www.stephaniecesaire.com\/wp-content\/uploads\/2023\/09\/BoopVLSCraieFace-1-jpg.webp","datePublished":"2022-12-07T16:15:41+00:00","dateModified":"2024-02-20T18:19:31+00:00","description":"Pochette bandouli\u00e8re, les lignes charmantes et courbes arrondies rehauss\u00e9es d\u2019un anneau de m\u00e9tal dessinent notre mini Boop, clin d\u2019\u0153il contemporain \u00e0 l\u2019h\u00e9ro\u00efne dont il s\u2019inspire.\u00a0Son volume de cuir souple permet de le porter pli\u00e9 en pochette, anim\u00e9 de son anneau de m\u00e9tal bross\u00e9 d\u00e9coratif ou d\u00e9ploy\u00e9 et son anneau devient poign\u00e9e, ainsi qu\u2019en bandouli\u00e8re.","breadcrumb":{"@id":"https:\/\/www.stephaniecesaire.com\/ja\/boutique\/%e3%83%90%e3%83%83%e3%82%b0\/%e3%83%96%e3%83%bc%e3%83%97\/boop-cuir-de-veau-satin-craie\/#breadcrumb"},"inLanguage":"ja","potentialAction":[{"@type":"ReadAction","target":["https:\/\/www.stephaniecesaire.com\/ja\/boutique\/%e3%83%90%e3%83%83%e3%82%b0\/%e3%83%96%e3%83%bc%e3%83%97\/boop-cuir-de-veau-satin-craie\/"]}]},{"@type":"ImageObject","inLanguage":"ja","@id":"https:\/\/www.stephaniecesaire.com\/ja\/boutique\/%e3%83%90%e3%83%83%e3%82%b0\/%e3%83%96%e3%83%bc%e3%83%97\/boop-cuir-de-veau-satin-craie\/#primaryimage","url":"https:\/\/www.stephaniecesaire.com\/wp-content\/uploads\/2023\/09\/BoopVLSCraieFace-1-jpg.webp","contentUrl":"https:\/\/www.stephaniecesaire.com\/wp-content\/uploads\/2023\/09\/BoopVLSCraieFace-1-jpg.webp","width":630,"height":945},{"@type":"BreadcrumbList","@id":"https:\/\/www.stephaniecesaire.com\/ja\/boutique\/%e3%83%90%e3%83%83%e3%82%b0\/%e3%83%96%e3%83%bc%e3%83%97\/boop-cuir-de-veau-satin-craie\/#breadcrumb","itemListElement":[{"@type":"ListItem","position":1,"name":"Accueil","item":"https:\/\/www.stephaniecesaire.com\/ja\/"},{"@type":"ListItem","position":2,"name":"\u30b7\u30e7\u30c3\u30d7","item":"https:\/\/www.stephaniecesaire.com\/ja\/%e3%82%b7%e3%83%a7%e3%83%83%e3%83%97\/"},{"@type":"ListItem","position":3,"name":"\u30d6\u30fc\u30d7 \u30fb \u30d3\u30ed\u30fc\u30c9\u306e\u3088\u3046\u306a\u5b50\u725b\u9769\u30fb \u30c1\u30e7\u30fc\u30af"}]},{"@type":"WebSite","@id":"https:\/\/www.stephaniecesaire.com\/ja\/#website","url":"https:\/\/www.stephaniecesaire.com\/ja\/","name":"St\u00e9phanie C\u00e9saire","description":"Sac cr\u00e9ateur made in France - Maroquinerie de luxe","publisher":{"@id":"https:\/\/www.stephaniecesaire.com\/ja\/#organization"},"potentialAction":[{"@type":"SearchAction","target":{"@type":"EntryPoint","urlTemplate":"https:\/\/www.stephaniecesaire.com\/ja\/?s={search_term_string}"},"query-input":"required name=search_term_string"}],"inLanguage":"ja"},{"@type":"Organization","@id":"https:\/\/www.stephaniecesaire.com\/ja\/#organization","name":"St\u00e9phanie C\u00e9saire","url":"https:\/\/www.stephaniecesaire.com\/ja\/","logo":{"@type":"ImageObject","inLanguage":"ja","@id":"https:\/\/www.stephaniecesaire.com\/ja\/#\/schema\/logo\/image\/","url":"https:\/\/www.stephaniecesaire.com\/wp-content\/uploads\/2023\/10\/favicon.png","contentUrl":"https:\/\/www.stephaniecesaire.com\/wp-content\/uploads\/2023\/10\/favicon.png","width":512,"height":512,"caption":"St\u00e9phanie C\u00e9saire"},"image":{"@id":"https:\/\/www.stephaniecesaire.com\/ja\/#\/schema\/logo\/image\/"},"sameAs":["https:\/\/www.facebook.com\/cesaireparis\/","https:\/\/www.pinterest.fr\/cesaireparis\/","https:\/\/www.instagram.com\/cesaireparis.official\/"]}]}},"_links":{"self":[{"href":"https:\/\/www.stephaniecesaire.com\/ja\/wp-json\/wp\/v2\/product\/29598","targetHints":{"allow":["GET"]}}],"collection":[{"href":"https:\/\/www.stephaniecesaire.com\/ja\/wp-json\/wp\/v2\/product"}],"about":[{"href":"https:\/\/www.stephaniecesaire.com\/ja\/wp-json\/wp\/v2\/types\/product"}],"wp:featuredmedia":[{"embeddable":true,"href":"https:\/\/www.stephaniecesaire.com\/ja\/wp-json\/wp\/v2\/media\/24219"}],"wp:attachment":[{"href":"https:\/\/www.stephaniecesaire.com\/ja\/wp-json\/wp\/v2\/media?parent=29598"}],"wp:term":[{"taxonomy":"product_cat","embeddable":true,"href":"https:\/\/www.stephaniecesaire.com\/ja\/wp-json\/wp\/v2\/product_cat?post=29598"},{"taxonomy":"product_tag","embeddable":true,"href":"https:\/\/www.stephaniecesaire.com\/ja\/wp-json\/wp\/v2\/product_tag?post=29598"}],"curies":[{"name":"wp","href":"https:\/\/api.w.org\/{rel}","templated":true}]}}