{"id":29635,"date":"2022-07-30T18:44:59","date_gmt":"2022-07-30T16:44:59","guid":{"rendered":"https:\/\/stephaniecesaire.com\/boutique\/uncategorized\/bahia-cuir-de-veau-lisse-et-agneau-embosse-taupe-gold\/"},"modified":"2024-02-20T19:19:33","modified_gmt":"2024-02-20T18:19:33","slug":"bahia-cuir-de-veau-lisse-et-agneau-embosse-taupe-gold","status":"publish","type":"product","link":"https:\/\/www.stephaniecesaire.com\/ja\/boutique\/%e3%83%90%e3%83%83%e3%82%b0\/%e3%81%b0%e3%81%b2%e3%81%82\/bahia-cuir-de-veau-lisse-et-agneau-embosse-taupe-gold\/","title":{"rendered":"\u3070\u3072\u3042\u30fb\u30a8\u30f3\u30dc\u30b9\u52a0\u5de5\u306e\u30e9\u30e0\u30b9\u30ad\u30f3\u30c8\u30fc\u30d7\u3068\u30b5\u30c9\u30eb\u30ab\u30fc\u30d5\u30b9\u30ad\u30f3\u30b4\u30fc\u30eb\u30c9"},"content":{"rendered":"<p>\u30dd\u30b7\u30a7\u30c3\u30c8\u30fb\u30d0\u30a4\u30a2\u306f\u624b\u3067\u304a\u6301\u3061\u3044\u305f\u3060\u304f\u304b\u3001\u80a9\u306b\u639b\u3051\u3066\u304a\u6301\u3061\u3044\u305f\u3060\u3051\u307e\u3059\u3002\u30cf\u30f3\u30c9\u30eb\u306b\u306f\u771f\u936e\u30e1\u30c3\u30ad\u306e\u30d0\u30c3\u30af\u30eb\u304c2\u3064\u4ed8\u3044\u3066\u3044\u307e\u3059\u3002\u78c1\u77f3\u3067\u958b\u9589\u3059\u308b\u4f7f\u3044\u3084\u3059\u3044\u30d0\u30a4\u30a2\u306e\u5185\u90e8\u306f\u7acb\u4f53\u7684\u30672\u3064\u306b\u5206\u304b\u308c\u3066\u3044\u307e\u3059\u3002\u5927\u5c0f\u306e\u30d5\u30a1\u30b9\u30ca\u30fc\u30dd\u30b1\u30c3\u30c8\u304c1\u3064\u305a\u3064\u4ed8\u3044\u3066\u3044\u307e\u3059\u3002\u30d5\u30e9\u30f3\u30b9\u88fd<\/p>\n","protected":false},"excerpt":{"rendered":"<p>\u30b0\u30e9\u30e0\u30fc\u30eb\u306a\u30d0\u30a4\u30a2\u306f\u30012\u7a2e\u985e\u306e\u6301\u3061\u65b9\u304c\u51fa\u6765\u308b\u3001\u975e\u5e38\u306b\u30b7\u30c3\u30af\u3067\u30d5\u30a7\u30df\u30cb\u30f3\u306a\u7acb\u4f53\u7684\u306a\u30dd\u30b7\u30a7\u30c3\u30c8\u3067\u3059\u3002\u30d0\u30a4\u30a2\u306e\u30a2\u30af\u30bb\u30f3\u30c8\u306f\u305d\u306e\u30cf\u30f3\u30c9\u30eb\u3002\u73fe\u4ee3\u7684\u306a\u614b\u5ea6\u3092\u6f14\u51fa\u3057\u3001\u7aef\u6b63\u3067\u5e7e\u4f55\u5b66\u7684\u306a\u30e9\u30a4\u30f3\u3092\u5f15\u304d\u7acb\u305f\u305b\u307e\u3059\u3002<\/p>\n","protected":false},"featured_media":23652,"template":"","meta":[],"product_cat":[633],"product_tag":[671],"class_list":{"0":"post-29635","1":"product","2":"type-product","3":"status-publish","4":"has-post-thumbnail","6":"product_cat-633","7":"product_tag-671","8":"product_shipping_class-classe-de-livraison-1","9":"pa_porte-333","10":"pa_porte-329","11":"pa_volume-337","13":"first","14":"outofstock","15":"sold-individually","16":"taxable","17":"shipping-taxable","18":"purchasable","19":"product-type-simple"},"yoast_head":"<!-- This site is optimized with the Yoast SEO plugin v23.1 - https:\/\/yoast.com\/wordpress\/plugins\/seo\/ -->\n<title>\u3070\u3072\u3042\u30fb\u30a8\u30f3\u30dc\u30b9\u52a0\u5de5\u306e\u30e9\u30e0\u30b9\u30ad\u30f3\u30c8\u30fc\u30d7\u3068\u30b5\u30c9\u30eb\u30ab\u30fc\u30d5\u30b9\u30ad\u30f3\u30b4\u30fc\u30eb\u30c9 - C\u00e9saire<\/title>\n<meta name=\"description\" content=\"Des sacs cr\u00e9ateur mode et tendance fabriqu\u00e9s en France, cr\u00e9\u00e9s dans la plus pure tradition de la maroquinerie Fran\u00e7aise - sacs en cuir artisanal France - marque de sac Fran\u00e7ais \u2013 maroquinerie de luxe artisanale Fran\u00e7aise \u2013 100% made in France\" \/>\n<meta name=\"robots\" content=\"index, follow, max-snippet:-1, max-image-preview:large, max-video-preview:-1\" \/>\n<link rel=\"canonical\" href=\"https:\/\/www.stephaniecesaire.com\/ja\/boutique\/%e3%83%90%e3%83%83%e3%82%b0\/%e3%81%b0%e3%81%b2%e3%81%82\/bahia-cuir-de-veau-lisse-et-agneau-embosse-taupe-gold\/\" \/>\n<meta property=\"og:locale\" content=\"ja_JP\" \/>\n<meta property=\"og:type\" content=\"article\" \/>\n<meta property=\"og:title\" content=\"\u3070\u3072\u3042\u30fb\u30a8\u30f3\u30dc\u30b9\u52a0\u5de5\u306e\u30e9\u30e0\u30b9\u30ad\u30f3\u30c8\u30fc\u30d7\u3068\u30b5\u30c9\u30eb\u30ab\u30fc\u30d5\u30b9\u30ad\u30f3\u30b4\u30fc\u30eb\u30c9 - C\u00e9saire\" \/>\n<meta property=\"og:description\" content=\"Des sacs cr\u00e9ateur mode et tendance fabriqu\u00e9s en France, cr\u00e9\u00e9s dans la plus pure tradition de la maroquinerie Fran\u00e7aise - sacs en cuir artisanal France - marque de sac Fran\u00e7ais \u2013 maroquinerie de luxe artisanale Fran\u00e7aise \u2013 100% made in France\" \/>\n<meta property=\"og:url\" content=\"https:\/\/www.stephaniecesaire.com\/ja\/boutique\/%e3%83%90%e3%83%83%e3%82%b0\/%e3%81%b0%e3%81%b2%e3%81%82\/bahia-cuir-de-veau-lisse-et-agneau-embosse-taupe-gold\/\" \/>\n<meta property=\"og:site_name\" content=\"C\u00e9saire\" \/>\n<meta property=\"article:publisher\" content=\"https:\/\/www.facebook.com\/cesaireparis\/\" \/>\n<meta property=\"article:modified_time\" content=\"2024-02-20T18:19:33+00:00\" \/>\n<meta property=\"og:image\" content=\"https:\/\/www.stephaniecesaire.com\/wp-content\/uploads\/2023\/09\/BahiaAGGTaupeGoldFace-jpg.webp\" \/>\n\t<meta property=\"og:image:width\" content=\"630\" \/>\n\t<meta property=\"og:image:height\" content=\"945\" \/>\n\t<meta property=\"og:image:type\" content=\"image\/jpeg\" \/>\n<meta name=\"twitter:card\" content=\"summary_large_image\" \/>\n<meta name=\"twitter:label1\" content=\"\u63a8\u5b9a\u8aad\u307f\u53d6\u308a\u6642\u9593\" \/>\n\t<meta name=\"twitter:data1\" content=\"1\u5206\" \/>\n<script type=\"application\/ld+json\" class=\"yoast-schema-graph\">{\"@context\":\"https:\/\/schema.org\",\"@graph\":[{\"@type\":\"WebPage\",\"@id\":\"https:\/\/www.stephaniecesaire.com\/ja\/boutique\/%e3%83%90%e3%83%83%e3%82%b0\/%e3%81%b0%e3%81%b2%e3%81%82\/bahia-cuir-de-veau-lisse-et-agneau-embosse-taupe-gold\/\",\"url\":\"https:\/\/www.stephaniecesaire.com\/ja\/boutique\/%e3%83%90%e3%83%83%e3%82%b0\/%e3%81%b0%e3%81%b2%e3%81%82\/bahia-cuir-de-veau-lisse-et-agneau-embosse-taupe-gold\/\",\"name\":\"\u3070\u3072\u3042\u30fb\u30a8\u30f3\u30dc\u30b9\u52a0\u5de5\u306e\u30e9\u30e0\u30b9\u30ad\u30f3\u30c8\u30fc\u30d7\u3068\u30b5\u30c9\u30eb\u30ab\u30fc\u30d5\u30b9\u30ad\u30f3\u30b4\u30fc\u30eb\u30c9 - C\u00e9saire\",\"isPartOf\":{\"@id\":\"https:\/\/www.stephaniecesaire.com\/ja\/#website\"},\"primaryImageOfPage\":{\"@id\":\"https:\/\/www.stephaniecesaire.com\/ja\/boutique\/%e3%83%90%e3%83%83%e3%82%b0\/%e3%81%b0%e3%81%b2%e3%81%82\/bahia-cuir-de-veau-lisse-et-agneau-embosse-taupe-gold\/#primaryimage\"},\"image\":{\"@id\":\"https:\/\/www.stephaniecesaire.com\/ja\/boutique\/%e3%83%90%e3%83%83%e3%82%b0\/%e3%81%b0%e3%81%b2%e3%81%82\/bahia-cuir-de-veau-lisse-et-agneau-embosse-taupe-gold\/#primaryimage\"},\"thumbnailUrl\":\"https:\/\/www.stephaniecesaire.com\/wp-content\/uploads\/2023\/09\/BahiaAGGTaupeGoldFace-jpg.webp\",\"datePublished\":\"2022-07-30T16:44:59+00:00\",\"dateModified\":\"2024-02-20T18:19:33+00:00\",\"description\":\"Des sacs cr\u00e9ateur mode et tendance fabriqu\u00e9s en France, cr\u00e9\u00e9s dans la plus pure tradition de la maroquinerie Fran\u00e7aise - sacs en cuir artisanal France - marque de sac Fran\u00e7ais \u2013 maroquinerie de luxe artisanale Fran\u00e7aise \u2013 100% made in France\",\"breadcrumb\":{\"@id\":\"https:\/\/www.stephaniecesaire.com\/ja\/boutique\/%e3%83%90%e3%83%83%e3%82%b0\/%e3%81%b0%e3%81%b2%e3%81%82\/bahia-cuir-de-veau-lisse-et-agneau-embosse-taupe-gold\/#breadcrumb\"},\"inLanguage\":\"ja\",\"potentialAction\":[{\"@type\":\"ReadAction\",\"target\":[\"https:\/\/www.stephaniecesaire.com\/ja\/boutique\/%e3%83%90%e3%83%83%e3%82%b0\/%e3%81%b0%e3%81%b2%e3%81%82\/bahia-cuir-de-veau-lisse-et-agneau-embosse-taupe-gold\/\"]}]},{\"@type\":\"ImageObject\",\"inLanguage\":\"ja\",\"@id\":\"https:\/\/www.stephaniecesaire.com\/ja\/boutique\/%e3%83%90%e3%83%83%e3%82%b0\/%e3%81%b0%e3%81%b2%e3%81%82\/bahia-cuir-de-veau-lisse-et-agneau-embosse-taupe-gold\/#primaryimage\",\"url\":\"https:\/\/www.stephaniecesaire.com\/wp-content\/uploads\/2023\/09\/BahiaAGGTaupeGoldFace-jpg.webp\",\"contentUrl\":\"https:\/\/www.stephaniecesaire.com\/wp-content\/uploads\/2023\/09\/BahiaAGGTaupeGoldFace-jpg.webp\",\"width\":630,\"height\":945},{\"@type\":\"BreadcrumbList\",\"@id\":\"https:\/\/www.stephaniecesaire.com\/ja\/boutique\/%e3%83%90%e3%83%83%e3%82%b0\/%e3%81%b0%e3%81%b2%e3%81%82\/bahia-cuir-de-veau-lisse-et-agneau-embosse-taupe-gold\/#breadcrumb\",\"itemListElement\":[{\"@type\":\"ListItem\",\"position\":1,\"name\":\"Accueil\",\"item\":\"https:\/\/www.stephaniecesaire.com\/ja\/\"},{\"@type\":\"ListItem\",\"position\":2,\"name\":\"\u30b7\u30e7\u30c3\u30d7\",\"item\":\"https:\/\/www.stephaniecesaire.com\/ja\/%e3%82%b7%e3%83%a7%e3%83%83%e3%83%97\/\"},{\"@type\":\"ListItem\",\"position\":3,\"name\":\"\u3070\u3072\u3042\u30fb\u30a8\u30f3\u30dc\u30b9\u52a0\u5de5\u306e\u30e9\u30e0\u30b9\u30ad\u30f3\u30c8\u30fc\u30d7\u3068\u30b5\u30c9\u30eb\u30ab\u30fc\u30d5\u30b9\u30ad\u30f3\u30b4\u30fc\u30eb\u30c9\"}]},{\"@type\":\"WebSite\",\"@id\":\"https:\/\/www.stephaniecesaire.com\/ja\/#website\",\"url\":\"https:\/\/www.stephaniecesaire.com\/ja\/\",\"name\":\"St\u00e9phanie C\u00e9saire\",\"description\":\"Sac cr\u00e9ateur made in France - Maroquinerie de luxe\",\"publisher\":{\"@id\":\"https:\/\/www.stephaniecesaire.com\/ja\/#organization\"},\"potentialAction\":[{\"@type\":\"SearchAction\",\"target\":{\"@type\":\"EntryPoint\",\"urlTemplate\":\"https:\/\/www.stephaniecesaire.com\/ja\/?s={search_term_string}\"},\"query-input\":\"required name=search_term_string\"}],\"inLanguage\":\"ja\"},{\"@type\":\"Organization\",\"@id\":\"https:\/\/www.stephaniecesaire.com\/ja\/#organization\",\"name\":\"St\u00e9phanie C\u00e9saire\",\"url\":\"https:\/\/www.stephaniecesaire.com\/ja\/\",\"logo\":{\"@type\":\"ImageObject\",\"inLanguage\":\"ja\",\"@id\":\"https:\/\/www.stephaniecesaire.com\/ja\/#\/schema\/logo\/image\/\",\"url\":\"https:\/\/www.stephaniecesaire.com\/wp-content\/uploads\/2023\/10\/favicon.png\",\"contentUrl\":\"https:\/\/www.stephaniecesaire.com\/wp-content\/uploads\/2023\/10\/favicon.png\",\"width\":512,\"height\":512,\"caption\":\"St\u00e9phanie C\u00e9saire\"},\"image\":{\"@id\":\"https:\/\/www.stephaniecesaire.com\/ja\/#\/schema\/logo\/image\/\"},\"sameAs\":[\"https:\/\/www.facebook.com\/cesaireparis\/\",\"https:\/\/www.pinterest.fr\/cesaireparis\/\",\"https:\/\/www.instagram.com\/cesaireparis.official\/\"]}]}<\/script>\n<!-- \/ Yoast SEO plugin. -->","yoast_head_json":{"title":"\u3070\u3072\u3042\u30fb\u30a8\u30f3\u30dc\u30b9\u52a0\u5de5\u306e\u30e9\u30e0\u30b9\u30ad\u30f3\u30c8\u30fc\u30d7\u3068\u30b5\u30c9\u30eb\u30ab\u30fc\u30d5\u30b9\u30ad\u30f3\u30b4\u30fc\u30eb\u30c9 - C\u00e9saire","description":"Des sacs cr\u00e9ateur mode et tendance fabriqu\u00e9s en France, cr\u00e9\u00e9s dans la plus pure tradition de la maroquinerie Fran\u00e7aise - sacs en cuir artisanal France - marque de sac Fran\u00e7ais \u2013 maroquinerie de luxe artisanale Fran\u00e7aise \u2013 100% made in France","robots":{"index":"index","follow":"follow","max-snippet":"max-snippet:-1","max-image-preview":"max-image-preview:large","max-video-preview":"max-video-preview:-1"},"canonical":"https:\/\/www.stephaniecesaire.com\/ja\/boutique\/%e3%83%90%e3%83%83%e3%82%b0\/%e3%81%b0%e3%81%b2%e3%81%82\/bahia-cuir-de-veau-lisse-et-agneau-embosse-taupe-gold\/","og_locale":"ja_JP","og_type":"article","og_title":"\u3070\u3072\u3042\u30fb\u30a8\u30f3\u30dc\u30b9\u52a0\u5de5\u306e\u30e9\u30e0\u30b9\u30ad\u30f3\u30c8\u30fc\u30d7\u3068\u30b5\u30c9\u30eb\u30ab\u30fc\u30d5\u30b9\u30ad\u30f3\u30b4\u30fc\u30eb\u30c9 - C\u00e9saire","og_description":"Des sacs cr\u00e9ateur mode et tendance fabriqu\u00e9s en France, cr\u00e9\u00e9s dans la plus pure tradition de la maroquinerie Fran\u00e7aise - sacs en cuir artisanal France - marque de sac Fran\u00e7ais \u2013 maroquinerie de luxe artisanale Fran\u00e7aise \u2013 100% made in France","og_url":"https:\/\/www.stephaniecesaire.com\/ja\/boutique\/%e3%83%90%e3%83%83%e3%82%b0\/%e3%81%b0%e3%81%b2%e3%81%82\/bahia-cuir-de-veau-lisse-et-agneau-embosse-taupe-gold\/","og_site_name":"C\u00e9saire","article_publisher":"https:\/\/www.facebook.com\/cesaireparis\/","article_modified_time":"2024-02-20T18:19:33+00:00","og_image":[{"width":630,"height":945,"url":"https:\/\/www.stephaniecesaire.com\/wp-content\/uploads\/2023\/09\/BahiaAGGTaupeGoldFace-jpg.webp","type":"image\/jpeg"}],"twitter_card":"summary_large_image","twitter_misc":{"\u63a8\u5b9a\u8aad\u307f\u53d6\u308a\u6642\u9593":"1\u5206"},"schema":{"@context":"https:\/\/schema.org","@graph":[{"@type":"WebPage","@id":"https:\/\/www.stephaniecesaire.com\/ja\/boutique\/%e3%83%90%e3%83%83%e3%82%b0\/%e3%81%b0%e3%81%b2%e3%81%82\/bahia-cuir-de-veau-lisse-et-agneau-embosse-taupe-gold\/","url":"https:\/\/www.stephaniecesaire.com\/ja\/boutique\/%e3%83%90%e3%83%83%e3%82%b0\/%e3%81%b0%e3%81%b2%e3%81%82\/bahia-cuir-de-veau-lisse-et-agneau-embosse-taupe-gold\/","name":"\u3070\u3072\u3042\u30fb\u30a8\u30f3\u30dc\u30b9\u52a0\u5de5\u306e\u30e9\u30e0\u30b9\u30ad\u30f3\u30c8\u30fc\u30d7\u3068\u30b5\u30c9\u30eb\u30ab\u30fc\u30d5\u30b9\u30ad\u30f3\u30b4\u30fc\u30eb\u30c9 - C\u00e9saire","isPartOf":{"@id":"https:\/\/www.stephaniecesaire.com\/ja\/#website"},"primaryImageOfPage":{"@id":"https:\/\/www.stephaniecesaire.com\/ja\/boutique\/%e3%83%90%e3%83%83%e3%82%b0\/%e3%81%b0%e3%81%b2%e3%81%82\/bahia-cuir-de-veau-lisse-et-agneau-embosse-taupe-gold\/#primaryimage"},"image":{"@id":"https:\/\/www.stephaniecesaire.com\/ja\/boutique\/%e3%83%90%e3%83%83%e3%82%b0\/%e3%81%b0%e3%81%b2%e3%81%82\/bahia-cuir-de-veau-lisse-et-agneau-embosse-taupe-gold\/#primaryimage"},"thumbnailUrl":"https:\/\/www.stephaniecesaire.com\/wp-content\/uploads\/2023\/09\/BahiaAGGTaupeGoldFace-jpg.webp","datePublished":"2022-07-30T16:44:59+00:00","dateModified":"2024-02-20T18:19:33+00:00","description":"Des sacs cr\u00e9ateur mode et tendance fabriqu\u00e9s en France, cr\u00e9\u00e9s dans la plus pure tradition de la maroquinerie Fran\u00e7aise - sacs en cuir artisanal France - marque de sac Fran\u00e7ais \u2013 maroquinerie de luxe artisanale Fran\u00e7aise \u2013 100% made in France","breadcrumb":{"@id":"https:\/\/www.stephaniecesaire.com\/ja\/boutique\/%e3%83%90%e3%83%83%e3%82%b0\/%e3%81%b0%e3%81%b2%e3%81%82\/bahia-cuir-de-veau-lisse-et-agneau-embosse-taupe-gold\/#breadcrumb"},"inLanguage":"ja","potentialAction":[{"@type":"ReadAction","target":["https:\/\/www.stephaniecesaire.com\/ja\/boutique\/%e3%83%90%e3%83%83%e3%82%b0\/%e3%81%b0%e3%81%b2%e3%81%82\/bahia-cuir-de-veau-lisse-et-agneau-embosse-taupe-gold\/"]}]},{"@type":"ImageObject","inLanguage":"ja","@id":"https:\/\/www.stephaniecesaire.com\/ja\/boutique\/%e3%83%90%e3%83%83%e3%82%b0\/%e3%81%b0%e3%81%b2%e3%81%82\/bahia-cuir-de-veau-lisse-et-agneau-embosse-taupe-gold\/#primaryimage","url":"https:\/\/www.stephaniecesaire.com\/wp-content\/uploads\/2023\/09\/BahiaAGGTaupeGoldFace-jpg.webp","contentUrl":"https:\/\/www.stephaniecesaire.com\/wp-content\/uploads\/2023\/09\/BahiaAGGTaupeGoldFace-jpg.webp","width":630,"height":945},{"@type":"BreadcrumbList","@id":"https:\/\/www.stephaniecesaire.com\/ja\/boutique\/%e3%83%90%e3%83%83%e3%82%b0\/%e3%81%b0%e3%81%b2%e3%81%82\/bahia-cuir-de-veau-lisse-et-agneau-embosse-taupe-gold\/#breadcrumb","itemListElement":[{"@type":"ListItem","position":1,"name":"Accueil","item":"https:\/\/www.stephaniecesaire.com\/ja\/"},{"@type":"ListItem","position":2,"name":"\u30b7\u30e7\u30c3\u30d7","item":"https:\/\/www.stephaniecesaire.com\/ja\/%e3%82%b7%e3%83%a7%e3%83%83%e3%83%97\/"},{"@type":"ListItem","position":3,"name":"\u3070\u3072\u3042\u30fb\u30a8\u30f3\u30dc\u30b9\u52a0\u5de5\u306e\u30e9\u30e0\u30b9\u30ad\u30f3\u30c8\u30fc\u30d7\u3068\u30b5\u30c9\u30eb\u30ab\u30fc\u30d5\u30b9\u30ad\u30f3\u30b4\u30fc\u30eb\u30c9"}]},{"@type":"WebSite","@id":"https:\/\/www.stephaniecesaire.com\/ja\/#website","url":"https:\/\/www.stephaniecesaire.com\/ja\/","name":"St\u00e9phanie C\u00e9saire","description":"Sac cr\u00e9ateur made in France - Maroquinerie de luxe","publisher":{"@id":"https:\/\/www.stephaniecesaire.com\/ja\/#organization"},"potentialAction":[{"@type":"SearchAction","target":{"@type":"EntryPoint","urlTemplate":"https:\/\/www.stephaniecesaire.com\/ja\/?s={search_term_string}"},"query-input":"required name=search_term_string"}],"inLanguage":"ja"},{"@type":"Organization","@id":"https:\/\/www.stephaniecesaire.com\/ja\/#organization","name":"St\u00e9phanie C\u00e9saire","url":"https:\/\/www.stephaniecesaire.com\/ja\/","logo":{"@type":"ImageObject","inLanguage":"ja","@id":"https:\/\/www.stephaniecesaire.com\/ja\/#\/schema\/logo\/image\/","url":"https:\/\/www.stephaniecesaire.com\/wp-content\/uploads\/2023\/10\/favicon.png","contentUrl":"https:\/\/www.stephaniecesaire.com\/wp-content\/uploads\/2023\/10\/favicon.png","width":512,"height":512,"caption":"St\u00e9phanie C\u00e9saire"},"image":{"@id":"https:\/\/www.stephaniecesaire.com\/ja\/#\/schema\/logo\/image\/"},"sameAs":["https:\/\/www.facebook.com\/cesaireparis\/","https:\/\/www.pinterest.fr\/cesaireparis\/","https:\/\/www.instagram.com\/cesaireparis.official\/"]}]}},"_links":{"self":[{"href":"https:\/\/www.stephaniecesaire.com\/ja\/wp-json\/wp\/v2\/product\/29635","targetHints":{"allow":["GET"]}}],"collection":[{"href":"https:\/\/www.stephaniecesaire.com\/ja\/wp-json\/wp\/v2\/product"}],"about":[{"href":"https:\/\/www.stephaniecesaire.com\/ja\/wp-json\/wp\/v2\/types\/product"}],"wp:featuredmedia":[{"embeddable":true,"href":"https:\/\/www.stephaniecesaire.com\/ja\/wp-json\/wp\/v2\/media\/23652"}],"wp:attachment":[{"href":"https:\/\/www.stephaniecesaire.com\/ja\/wp-json\/wp\/v2\/media?parent=29635"}],"wp:term":[{"taxonomy":"product_cat","embeddable":true,"href":"https:\/\/www.stephaniecesaire.com\/ja\/wp-json\/wp\/v2\/product_cat?post=29635"},{"taxonomy":"product_tag","embeddable":true,"href":"https:\/\/www.stephaniecesaire.com\/ja\/wp-json\/wp\/v2\/product_tag?post=29635"}],"curies":[{"name":"wp","href":"https:\/\/api.w.org\/{rel}","templated":true}]}}