{"id":29662,"date":"2022-05-24T13:20:17","date_gmt":"2022-05-24T11:20:17","guid":{"rendered":"https:\/\/stephaniecesaire.com\/boutique\/uncategorized\/idole-cuir-de-veau-vegetal-sanguine\/"},"modified":"2024-02-20T19:19:34","modified_gmt":"2024-02-20T18:19:34","slug":"idole-cuir-de-veau-vegetal-sanguine","status":"publish","type":"product","link":"https:\/\/www.stephaniecesaire.com\/ja\/boutique\/%e3%83%90%e3%83%83%e3%82%b0\/%e3%82%a4%e3%83%89%e3%83%ab\/idole-cuir-de-veau-vegetal-sanguine\/","title":{"rendered":"\u30a4\u30c9\u30eb &#8211; \u690d\u7269\u30bf\u30f3\u30cb\u30f3\u30ec\u30b6\u30fc \u8840\u306e\u8d64"},"content":{"rendered":"<p>\u30a4\u30c9\u30eb\u306f\u99ac\u5177\u88fd\u9020\u6280\u8853\u3092\u99c6\u4f7f\u3057\u3001\u30d9\u30b8\u30bf\u30d6\u30eb\u30bf\u30f3\u30cb\u30f3\u30ec\u30b6\u30fc\u3092\u88cf\u5730\u306a\u3057\u3067\u4ed5\u7acb\u3066\u305f\u30a2\u30a4\u30c6\u30e0\u3002\u30aa\u30fc\u30bb\u30f3\u30c6\u30a3\u30c3\u30af\u3067\u30ec\u30b6\u30fc\u305d\u306e\u3082\u306e\u306e\u9b45\u529b\u3092\u304a\u697d\u3057\u307f\u3044\u305f\u3060\u3051\u307e\u3059\u3002\u30de\u30b0\u30cd\u30c3\u30c8\u5f0f\u958b\u53e3\u90e8\u306e\u6298\u308a\u305f\u305f\u3093\u3060\u90e8\u5206\u306f\u3001\u30e9\u30a6\u30f3\u30c9\u30b9\u30bf\u30c3\u30ba\u3067\u7559\u3081\u308b\u30c7\u30b6\u30a4\u30f3\u3002\u30ab\u30e9\u30d3\u30ca\u4ed8\u304d\u306e\u8abf\u7bc0\u53ef\u80fd\u306a\u30d9\u30eb\u30c8\u3067\u80a9\u304b\u3089\u4e0b\u3052\u305f\u308a\u3001\u666e\u901a\u306e\u30dd\u30b7\u30a7\u30c3\u30c8\u3068\u3057\u3066\u304a\u4f7f\u3044\u3044\u305f\u3060\u3051\u307e\u3059\u3002\u30d5\u30e9\u30f3\u30b9\u88fd\u3002<\/p>\n","protected":false},"excerpt":{"rendered":"<p><a href=\"https:\/\/www.stephaniecesaire.com\/product-category\/sacs-en\/icone-en\/?lang=en\" target=\"_blank\" rel=\"noopener\">\u300c\u30a4\u30b3\u30fc\u30cc\u300d<\/a>\u306b\u30a4\u30f3\u30b9\u30d1\u30a4\u30a2\u3055\u308c\u305f\u3001\u30df\u30cb\u30de\u30eb\u30c7\u30b6\u30a4\u30f3\u306e\u9577\u65b9\u5f62\u306e\u30dd\u30b7\u30a7\u30c3\u30c8\u3067\u3059\u3002\u305d\u306e\u6298\u308a\u305f\u305f\u307e\u308c\u305f\u89d2\u306f\u3001\u91d1\u5c5e\u88fd\u306e\u30e9\u30a6\u30f3\u30c9\u30b9\u30bf\u30c3\u30ba2\u3064\u3067\u3067\u7559\u3081\u308b\u3064\u304f\u308a\u306b\u306a\u3063\u3066\u3044\u307e\u3059\u3002\u30b7\u30e7\u30eb\u30c0\u30fc\u30d0\u30c3\u30b0\u3084\u30cf\u30f3\u30c9\u30d0\u30c3\u30b0\u3068\u3057\u3066\u304a\u6301\u3061\u3044\u305f\u3060\u3051\u3070\u3001\u30aa\u30fc\u30bb\u30f3\u30c6\u30a3\u30c3\u30af\u306a\u30b7\u30eb\u30a8\u30c3\u30c8\u306b\u3002<\/p>\n","protected":false},"featured_media":17496,"template":"","meta":[],"product_cat":[646],"product_tag":[],"class_list":{"0":"post-29662","1":"product","2":"type-product","3":"status-publish","4":"has-post-thumbnail","6":"product_cat-646","7":"product_shipping_class-classe-de-livraison-1","8":"pa_porte-331","9":"pa_porte-333","10":"pa_volume-337","12":"first","13":"outofstock","14":"sold-individually","15":"taxable","16":"shipping-taxable","17":"purchasable","18":"product-type-simple"},"yoast_head":"<!-- This site is optimized with the Yoast SEO plugin v23.1 - https:\/\/yoast.com\/wordpress\/plugins\/seo\/ -->\n<title>Sac \u00e0 main \u30a4\u30c9\u30eb - \u690d\u7269\u30bf\u30f3\u30cb\u30f3\u30ec\u30b6\u30fc \u8840\u306e\u8d64 - C\u00e9saire Fabriqu\u00e9 en France<\/title>\n<meta name=\"description\" content=\"Pochette rectangle \u00e0 l\u2019architecture minimaliste inspir\u00e9e par le sac Ic\u00f4ne.\u00a0Piqures sellier, Ses coins sont simplement repli\u00e9s et maintenus par deux clous de m\u00e9tal bomb\u00e9s.\u00a0Il peut se porter en bandouli\u00e8re ou main pour une silhouette \u00e0 la simplicit\u00e9 authentique. Maroquinerie artisanale Fran\u00e7aise.\" \/>\n<meta name=\"robots\" content=\"index, follow, max-snippet:-1, max-image-preview:large, max-video-preview:-1\" \/>\n<link rel=\"canonical\" href=\"https:\/\/www.stephaniecesaire.com\/ja\/boutique\/%e3%83%90%e3%83%83%e3%82%b0\/%e3%82%a4%e3%83%89%e3%83%ab\/idole-cuir-de-veau-vegetal-sanguine\/\" \/>\n<meta property=\"og:locale\" content=\"ja_JP\" \/>\n<meta property=\"og:type\" content=\"article\" \/>\n<meta property=\"og:title\" content=\"Sac \u00e0 main \u30a4\u30c9\u30eb - \u690d\u7269\u30bf\u30f3\u30cb\u30f3\u30ec\u30b6\u30fc \u8840\u306e\u8d64 - C\u00e9saire Fabriqu\u00e9 en France\" \/>\n<meta property=\"og:description\" content=\"Pochette rectangle \u00e0 l\u2019architecture minimaliste inspir\u00e9e par le sac Ic\u00f4ne.\u00a0Piqures sellier, Ses coins sont simplement repli\u00e9s et maintenus par deux clous de m\u00e9tal bomb\u00e9s.\u00a0Il peut se porter en bandouli\u00e8re ou main pour une silhouette \u00e0 la simplicit\u00e9 authentique. Maroquinerie artisanale Fran\u00e7aise.\" \/>\n<meta property=\"og:url\" content=\"https:\/\/www.stephaniecesaire.com\/ja\/boutique\/%e3%83%90%e3%83%83%e3%82%b0\/%e3%82%a4%e3%83%89%e3%83%ab\/idole-cuir-de-veau-vegetal-sanguine\/\" \/>\n<meta property=\"og:site_name\" content=\"C\u00e9saire\" \/>\n<meta property=\"article:publisher\" content=\"https:\/\/www.facebook.com\/cesaireparis\/\" \/>\n<meta property=\"article:modified_time\" content=\"2024-02-20T18:19:34+00:00\" \/>\n<meta property=\"og:image\" content=\"https:\/\/www.stephaniecesaire.com\/wp-content\/uploads\/2023\/09\/Idole_VEGRougeFace-jpg.webp\" \/>\n\t<meta property=\"og:image:width\" content=\"630\" \/>\n\t<meta property=\"og:image:height\" content=\"945\" \/>\n\t<meta property=\"og:image:type\" content=\"image\/jpeg\" \/>\n<meta name=\"twitter:card\" content=\"summary_large_image\" \/>\n<meta name=\"twitter:label1\" content=\"\u63a8\u5b9a\u8aad\u307f\u53d6\u308a\u6642\u9593\" \/>\n\t<meta name=\"twitter:data1\" content=\"1\u5206\" \/>\n<script type=\"application\/ld+json\" class=\"yoast-schema-graph\">{\"@context\":\"https:\/\/schema.org\",\"@graph\":[{\"@type\":\"WebPage\",\"@id\":\"https:\/\/www.stephaniecesaire.com\/ja\/boutique\/%e3%83%90%e3%83%83%e3%82%b0\/%e3%82%a4%e3%83%89%e3%83%ab\/idole-cuir-de-veau-vegetal-sanguine\/\",\"url\":\"https:\/\/www.stephaniecesaire.com\/ja\/boutique\/%e3%83%90%e3%83%83%e3%82%b0\/%e3%82%a4%e3%83%89%e3%83%ab\/idole-cuir-de-veau-vegetal-sanguine\/\",\"name\":\"Sac \u00e0 main \u30a4\u30c9\u30eb - \u690d\u7269\u30bf\u30f3\u30cb\u30f3\u30ec\u30b6\u30fc \u8840\u306e\u8d64 - C\u00e9saire Fabriqu\u00e9 en France\",\"isPartOf\":{\"@id\":\"https:\/\/www.stephaniecesaire.com\/ja\/#website\"},\"primaryImageOfPage\":{\"@id\":\"https:\/\/www.stephaniecesaire.com\/ja\/boutique\/%e3%83%90%e3%83%83%e3%82%b0\/%e3%82%a4%e3%83%89%e3%83%ab\/idole-cuir-de-veau-vegetal-sanguine\/#primaryimage\"},\"image\":{\"@id\":\"https:\/\/www.stephaniecesaire.com\/ja\/boutique\/%e3%83%90%e3%83%83%e3%82%b0\/%e3%82%a4%e3%83%89%e3%83%ab\/idole-cuir-de-veau-vegetal-sanguine\/#primaryimage\"},\"thumbnailUrl\":\"https:\/\/www.stephaniecesaire.com\/wp-content\/uploads\/2023\/09\/Idole_VEGRougeFace-jpg.webp\",\"datePublished\":\"2022-05-24T11:20:17+00:00\",\"dateModified\":\"2024-02-20T18:19:34+00:00\",\"description\":\"Pochette rectangle \u00e0 l\u2019architecture minimaliste inspir\u00e9e par le sac Ic\u00f4ne.\u00a0Piqures sellier, Ses coins sont simplement repli\u00e9s et maintenus par deux clous de m\u00e9tal bomb\u00e9s.\u00a0Il peut se porter en bandouli\u00e8re ou main pour une silhouette \u00e0 la simplicit\u00e9 authentique. Maroquinerie artisanale Fran\u00e7aise.\",\"breadcrumb\":{\"@id\":\"https:\/\/www.stephaniecesaire.com\/ja\/boutique\/%e3%83%90%e3%83%83%e3%82%b0\/%e3%82%a4%e3%83%89%e3%83%ab\/idole-cuir-de-veau-vegetal-sanguine\/#breadcrumb\"},\"inLanguage\":\"ja\",\"potentialAction\":[{\"@type\":\"ReadAction\",\"target\":[\"https:\/\/www.stephaniecesaire.com\/ja\/boutique\/%e3%83%90%e3%83%83%e3%82%b0\/%e3%82%a4%e3%83%89%e3%83%ab\/idole-cuir-de-veau-vegetal-sanguine\/\"]}]},{\"@type\":\"ImageObject\",\"inLanguage\":\"ja\",\"@id\":\"https:\/\/www.stephaniecesaire.com\/ja\/boutique\/%e3%83%90%e3%83%83%e3%82%b0\/%e3%82%a4%e3%83%89%e3%83%ab\/idole-cuir-de-veau-vegetal-sanguine\/#primaryimage\",\"url\":\"https:\/\/www.stephaniecesaire.com\/wp-content\/uploads\/2023\/09\/Idole_VEGRougeFace-jpg.webp\",\"contentUrl\":\"https:\/\/www.stephaniecesaire.com\/wp-content\/uploads\/2023\/09\/Idole_VEGRougeFace-jpg.webp\",\"width\":630,\"height\":945},{\"@type\":\"BreadcrumbList\",\"@id\":\"https:\/\/www.stephaniecesaire.com\/ja\/boutique\/%e3%83%90%e3%83%83%e3%82%b0\/%e3%82%a4%e3%83%89%e3%83%ab\/idole-cuir-de-veau-vegetal-sanguine\/#breadcrumb\",\"itemListElement\":[{\"@type\":\"ListItem\",\"position\":1,\"name\":\"Accueil\",\"item\":\"https:\/\/www.stephaniecesaire.com\/ja\/\"},{\"@type\":\"ListItem\",\"position\":2,\"name\":\"\u30b7\u30e7\u30c3\u30d7\",\"item\":\"https:\/\/www.stephaniecesaire.com\/ja\/%e3%82%b7%e3%83%a7%e3%83%83%e3%83%97\/\"},{\"@type\":\"ListItem\",\"position\":3,\"name\":\"\u30a4\u30c9\u30eb &#8211; \u690d\u7269\u30bf\u30f3\u30cb\u30f3\u30ec\u30b6\u30fc \u8840\u306e\u8d64\"}]},{\"@type\":\"WebSite\",\"@id\":\"https:\/\/www.stephaniecesaire.com\/ja\/#website\",\"url\":\"https:\/\/www.stephaniecesaire.com\/ja\/\",\"name\":\"St\u00e9phanie C\u00e9saire\",\"description\":\"Sac cr\u00e9ateur made in France - Maroquinerie de luxe\",\"publisher\":{\"@id\":\"https:\/\/www.stephaniecesaire.com\/ja\/#organization\"},\"potentialAction\":[{\"@type\":\"SearchAction\",\"target\":{\"@type\":\"EntryPoint\",\"urlTemplate\":\"https:\/\/www.stephaniecesaire.com\/ja\/?s={search_term_string}\"},\"query-input\":\"required name=search_term_string\"}],\"inLanguage\":\"ja\"},{\"@type\":\"Organization\",\"@id\":\"https:\/\/www.stephaniecesaire.com\/ja\/#organization\",\"name\":\"St\u00e9phanie C\u00e9saire\",\"url\":\"https:\/\/www.stephaniecesaire.com\/ja\/\",\"logo\":{\"@type\":\"ImageObject\",\"inLanguage\":\"ja\",\"@id\":\"https:\/\/www.stephaniecesaire.com\/ja\/#\/schema\/logo\/image\/\",\"url\":\"https:\/\/www.stephaniecesaire.com\/wp-content\/uploads\/2023\/10\/favicon.png\",\"contentUrl\":\"https:\/\/www.stephaniecesaire.com\/wp-content\/uploads\/2023\/10\/favicon.png\",\"width\":512,\"height\":512,\"caption\":\"St\u00e9phanie C\u00e9saire\"},\"image\":{\"@id\":\"https:\/\/www.stephaniecesaire.com\/ja\/#\/schema\/logo\/image\/\"},\"sameAs\":[\"https:\/\/www.facebook.com\/cesaireparis\/\",\"https:\/\/www.pinterest.fr\/cesaireparis\/\",\"https:\/\/www.instagram.com\/cesaireparis.official\/\"]}]}<\/script>\n<!-- \/ Yoast SEO plugin. -->","yoast_head_json":{"title":"Sac \u00e0 main \u30a4\u30c9\u30eb - \u690d\u7269\u30bf\u30f3\u30cb\u30f3\u30ec\u30b6\u30fc \u8840\u306e\u8d64 - C\u00e9saire Fabriqu\u00e9 en France","description":"Pochette rectangle \u00e0 l\u2019architecture minimaliste inspir\u00e9e par le sac Ic\u00f4ne.\u00a0Piqures sellier, Ses coins sont simplement repli\u00e9s et maintenus par deux clous de m\u00e9tal bomb\u00e9s.\u00a0Il peut se porter en bandouli\u00e8re ou main pour une silhouette \u00e0 la simplicit\u00e9 authentique. Maroquinerie artisanale Fran\u00e7aise.","robots":{"index":"index","follow":"follow","max-snippet":"max-snippet:-1","max-image-preview":"max-image-preview:large","max-video-preview":"max-video-preview:-1"},"canonical":"https:\/\/www.stephaniecesaire.com\/ja\/boutique\/%e3%83%90%e3%83%83%e3%82%b0\/%e3%82%a4%e3%83%89%e3%83%ab\/idole-cuir-de-veau-vegetal-sanguine\/","og_locale":"ja_JP","og_type":"article","og_title":"Sac \u00e0 main \u30a4\u30c9\u30eb - \u690d\u7269\u30bf\u30f3\u30cb\u30f3\u30ec\u30b6\u30fc \u8840\u306e\u8d64 - C\u00e9saire Fabriqu\u00e9 en France","og_description":"Pochette rectangle \u00e0 l\u2019architecture minimaliste inspir\u00e9e par le sac Ic\u00f4ne.\u00a0Piqures sellier, Ses coins sont simplement repli\u00e9s et maintenus par deux clous de m\u00e9tal bomb\u00e9s.\u00a0Il peut se porter en bandouli\u00e8re ou main pour une silhouette \u00e0 la simplicit\u00e9 authentique. Maroquinerie artisanale Fran\u00e7aise.","og_url":"https:\/\/www.stephaniecesaire.com\/ja\/boutique\/%e3%83%90%e3%83%83%e3%82%b0\/%e3%82%a4%e3%83%89%e3%83%ab\/idole-cuir-de-veau-vegetal-sanguine\/","og_site_name":"C\u00e9saire","article_publisher":"https:\/\/www.facebook.com\/cesaireparis\/","article_modified_time":"2024-02-20T18:19:34+00:00","og_image":[{"width":630,"height":945,"url":"https:\/\/www.stephaniecesaire.com\/wp-content\/uploads\/2023\/09\/Idole_VEGRougeFace-jpg.webp","type":"image\/jpeg"}],"twitter_card":"summary_large_image","twitter_misc":{"\u63a8\u5b9a\u8aad\u307f\u53d6\u308a\u6642\u9593":"1\u5206"},"schema":{"@context":"https:\/\/schema.org","@graph":[{"@type":"WebPage","@id":"https:\/\/www.stephaniecesaire.com\/ja\/boutique\/%e3%83%90%e3%83%83%e3%82%b0\/%e3%82%a4%e3%83%89%e3%83%ab\/idole-cuir-de-veau-vegetal-sanguine\/","url":"https:\/\/www.stephaniecesaire.com\/ja\/boutique\/%e3%83%90%e3%83%83%e3%82%b0\/%e3%82%a4%e3%83%89%e3%83%ab\/idole-cuir-de-veau-vegetal-sanguine\/","name":"Sac \u00e0 main \u30a4\u30c9\u30eb - \u690d\u7269\u30bf\u30f3\u30cb\u30f3\u30ec\u30b6\u30fc \u8840\u306e\u8d64 - C\u00e9saire Fabriqu\u00e9 en France","isPartOf":{"@id":"https:\/\/www.stephaniecesaire.com\/ja\/#website"},"primaryImageOfPage":{"@id":"https:\/\/www.stephaniecesaire.com\/ja\/boutique\/%e3%83%90%e3%83%83%e3%82%b0\/%e3%82%a4%e3%83%89%e3%83%ab\/idole-cuir-de-veau-vegetal-sanguine\/#primaryimage"},"image":{"@id":"https:\/\/www.stephaniecesaire.com\/ja\/boutique\/%e3%83%90%e3%83%83%e3%82%b0\/%e3%82%a4%e3%83%89%e3%83%ab\/idole-cuir-de-veau-vegetal-sanguine\/#primaryimage"},"thumbnailUrl":"https:\/\/www.stephaniecesaire.com\/wp-content\/uploads\/2023\/09\/Idole_VEGRougeFace-jpg.webp","datePublished":"2022-05-24T11:20:17+00:00","dateModified":"2024-02-20T18:19:34+00:00","description":"Pochette rectangle \u00e0 l\u2019architecture minimaliste inspir\u00e9e par le sac Ic\u00f4ne.\u00a0Piqures sellier, Ses coins sont simplement repli\u00e9s et maintenus par deux clous de m\u00e9tal bomb\u00e9s.\u00a0Il peut se porter en bandouli\u00e8re ou main pour une silhouette \u00e0 la simplicit\u00e9 authentique. Maroquinerie artisanale Fran\u00e7aise.","breadcrumb":{"@id":"https:\/\/www.stephaniecesaire.com\/ja\/boutique\/%e3%83%90%e3%83%83%e3%82%b0\/%e3%82%a4%e3%83%89%e3%83%ab\/idole-cuir-de-veau-vegetal-sanguine\/#breadcrumb"},"inLanguage":"ja","potentialAction":[{"@type":"ReadAction","target":["https:\/\/www.stephaniecesaire.com\/ja\/boutique\/%e3%83%90%e3%83%83%e3%82%b0\/%e3%82%a4%e3%83%89%e3%83%ab\/idole-cuir-de-veau-vegetal-sanguine\/"]}]},{"@type":"ImageObject","inLanguage":"ja","@id":"https:\/\/www.stephaniecesaire.com\/ja\/boutique\/%e3%83%90%e3%83%83%e3%82%b0\/%e3%82%a4%e3%83%89%e3%83%ab\/idole-cuir-de-veau-vegetal-sanguine\/#primaryimage","url":"https:\/\/www.stephaniecesaire.com\/wp-content\/uploads\/2023\/09\/Idole_VEGRougeFace-jpg.webp","contentUrl":"https:\/\/www.stephaniecesaire.com\/wp-content\/uploads\/2023\/09\/Idole_VEGRougeFace-jpg.webp","width":630,"height":945},{"@type":"BreadcrumbList","@id":"https:\/\/www.stephaniecesaire.com\/ja\/boutique\/%e3%83%90%e3%83%83%e3%82%b0\/%e3%82%a4%e3%83%89%e3%83%ab\/idole-cuir-de-veau-vegetal-sanguine\/#breadcrumb","itemListElement":[{"@type":"ListItem","position":1,"name":"Accueil","item":"https:\/\/www.stephaniecesaire.com\/ja\/"},{"@type":"ListItem","position":2,"name":"\u30b7\u30e7\u30c3\u30d7","item":"https:\/\/www.stephaniecesaire.com\/ja\/%e3%82%b7%e3%83%a7%e3%83%83%e3%83%97\/"},{"@type":"ListItem","position":3,"name":"\u30a4\u30c9\u30eb &#8211; \u690d\u7269\u30bf\u30f3\u30cb\u30f3\u30ec\u30b6\u30fc \u8840\u306e\u8d64"}]},{"@type":"WebSite","@id":"https:\/\/www.stephaniecesaire.com\/ja\/#website","url":"https:\/\/www.stephaniecesaire.com\/ja\/","name":"St\u00e9phanie C\u00e9saire","description":"Sac cr\u00e9ateur made in France - Maroquinerie de luxe","publisher":{"@id":"https:\/\/www.stephaniecesaire.com\/ja\/#organization"},"potentialAction":[{"@type":"SearchAction","target":{"@type":"EntryPoint","urlTemplate":"https:\/\/www.stephaniecesaire.com\/ja\/?s={search_term_string}"},"query-input":"required name=search_term_string"}],"inLanguage":"ja"},{"@type":"Organization","@id":"https:\/\/www.stephaniecesaire.com\/ja\/#organization","name":"St\u00e9phanie C\u00e9saire","url":"https:\/\/www.stephaniecesaire.com\/ja\/","logo":{"@type":"ImageObject","inLanguage":"ja","@id":"https:\/\/www.stephaniecesaire.com\/ja\/#\/schema\/logo\/image\/","url":"https:\/\/www.stephaniecesaire.com\/wp-content\/uploads\/2023\/10\/favicon.png","contentUrl":"https:\/\/www.stephaniecesaire.com\/wp-content\/uploads\/2023\/10\/favicon.png","width":512,"height":512,"caption":"St\u00e9phanie C\u00e9saire"},"image":{"@id":"https:\/\/www.stephaniecesaire.com\/ja\/#\/schema\/logo\/image\/"},"sameAs":["https:\/\/www.facebook.com\/cesaireparis\/","https:\/\/www.pinterest.fr\/cesaireparis\/","https:\/\/www.instagram.com\/cesaireparis.official\/"]}]}},"_links":{"self":[{"href":"https:\/\/www.stephaniecesaire.com\/ja\/wp-json\/wp\/v2\/product\/29662","targetHints":{"allow":["GET"]}}],"collection":[{"href":"https:\/\/www.stephaniecesaire.com\/ja\/wp-json\/wp\/v2\/product"}],"about":[{"href":"https:\/\/www.stephaniecesaire.com\/ja\/wp-json\/wp\/v2\/types\/product"}],"wp:featuredmedia":[{"embeddable":true,"href":"https:\/\/www.stephaniecesaire.com\/ja\/wp-json\/wp\/v2\/media\/17496"}],"wp:attachment":[{"href":"https:\/\/www.stephaniecesaire.com\/ja\/wp-json\/wp\/v2\/media?parent=29662"}],"wp:term":[{"taxonomy":"product_cat","embeddable":true,"href":"https:\/\/www.stephaniecesaire.com\/ja\/wp-json\/wp\/v2\/product_cat?post=29662"},{"taxonomy":"product_tag","embeddable":true,"href":"https:\/\/www.stephaniecesaire.com\/ja\/wp-json\/wp\/v2\/product_tag?post=29662"}],"curies":[{"name":"wp","href":"https:\/\/api.w.org\/{rel}","templated":true}]}}