{"id":29666,"date":"2022-05-13T18:30:25","date_gmt":"2022-05-13T16:30:25","guid":{"rendered":"https:\/\/stephaniecesaire.com\/boutique\/uncategorized\/noa-cuir-dagneau-tresse-multicolore\/"},"modified":"2025-06-19T19:11:42","modified_gmt":"2025-06-19T17:11:42","slug":"noa-cuir-dagneau-tresse-multicolore","status":"publish","type":"product","link":"https:\/\/www.stephaniecesaire.com\/ja\/boutique\/%e3%83%90%e3%83%83%e3%82%b0\/%e3%83%8e%e3%82%a2\/noa-cuir-dagneau-tresse-multicolore\/","title":{"rendered":"\u30ce\u30a2\u30fb\u7de8\u307f\u8fbc\u307f\u30e9\u30e0\u30b9\u30ad\u30f3\u30ec\u30b6\u30fc\u30fb\u591a\u8272\u306e"},"content":{"rendered":"<p>\u30ce\u30a2\u306f\u4fbf\u5229\u306a\u30de\u30b0\u30cd\u30c3\u30c8\u30dc\u30bf\u30f3\u304c\u5b09\u3057\u3044\u30de\u30c1\u4ed8\u304d\u306e\u53f0\u5f62\u30ec\u30b6\u30fc\u30d0\u30c3\u30b0\u3067\u3059\u3002<\/p>\n<p>\u80a9\u306b\u3057\u3063\u304f\u308a\u99b4\u67d3\u3080\u30cf\u30f3\u30c9\u30eb\u306e\u9577\u3055\u306f\u3001\u30ca\u30c1\u30e5\u30e9\u30eb\u306a\u30db\u30fc\u30f3\u306b\u771f\u936e\u306e\u30d4\u30f3\u3092\u65bd\u3057\u305f\u30d0\u30c3\u30af\u30eb\u3067\u7c21\u5358\u306b\u8abf\u7bc0\u53ef\u80fd\u3002\u624b\u9803\u306a\u30b5\u30a4\u30ba\u611f\u306e\u53ce\u7d0d\u90e8\u5206\u306f\u30ec\u30b6\u30fc\u88fd\u306e\u30d5\u30a1\u30b9\u30ca\u30fc\u30dd\u30b1\u30c3\u30c8\u30672\u3064\u306b\u5206\u304b\u308c\u3066\u3044\u307e\u3059\u3002\u30b3\u30c3\u30c8\u30f3\u30b5\u30fc\u30b8\u306e\u88cf\u5730\u4ed8\u304d\u306e\u5185\u90e8\u306b\u306f\u643a\u5e2f\u96fb\u8a71\u7528\u306e\u30dd\u30b1\u30c3\u30c8\u3082\u3002\u30d5\u30e9\u30f3\u30b9\u88fd\u3002<\/p>\n","protected":false},"excerpt":{"rendered":"<p>\u30ac\u30b9\u30d1\u30fc\u30eb\u306f\u6ed1\u3089\u304b\u306a\u30c7\u30b6\u30a4\u30f3\u306e\u30b0\u30e9\u30d5\u30a3\u30ab\u30eb\u306a\u30b5\u30b3\u30c3\u30b7\u30e5\u3002\u68a8\u578b\u306e\u5074\u9762\u3068\u7d30\u9577\u3044\u672c\u4f53\u3092\u3001\u4e01\u5be7\u306b\u4e38\u307f\u3092\u5e2f\u3073\u305f\u7e01\u3092\u65bd\u3057\u305f\u7de9\u3084\u304b\u306a\u30ab\u30fc\u30d6\u3092\u63cf\u304f\u30d5\u30e9\u30c3\u30d7\u304c\u5305\u307f\u8fbc\u307f\u307e\u3059\u3002<\/p>\n<p>\u30b7\u30f3\u30b0\u30eb\u30ea\u30dc\u30f3\u304c\u30a2\u30af\u30bb\u30f3\u30c8\u306e\u3057\u306a\u3084\u304b\u3067\u3086\u3063\u305f\u308a\u3068\u3057\u305f\u5e45\u5e83\u306e\u30b9\u30c8\u30e9\u30c3\u30d7\u304c\u3001\u7d76\u5999\u306a\u8272\u5408\u3044\u3068\u914d\u8272\u3092\u969b\u7acb\u305f\u305b\u307e\u3059\u3002<\/p>\n<p>\u7dfb\u5bc6\u306b\u8a08\u7b97\u3055\u308c\u305f\u30c7\u30b6\u30a4\u30f3\u306f\u3001\u73fe\u4ee3\u306e\u30a2\u30fc\u30d0\u30f3\u30b9\u30bf\u30a4\u30eb\u306b\u76f8\u5fdc\u3057\u3044\u9038\u54c1\u3002\u4e21\u30b5\u30a4\u30c9\u306e\u895f\u30dc\u30bf\u30f3\u3067\u30b9\u30c8\u30e9\u30c3\u30d7\u306e\u4f4d\u7f6e\u3092\u5909\u3048\u308b\u3053\u3068\u3067\u3001\u69d8\u3005\u306a\u6301\u3061\u65b9\u3084\u4f47\u307e\u3044\u3092\u304a\u697d\u3057\u307f\u3044\u305f\u3060\u3051\u307e\u3059\u3002<\/p>\n","protected":false},"featured_media":38869,"template":"","meta":[],"product_cat":[655],"product_tag":[673],"class_list":{"0":"post-29666","1":"product","2":"type-product","3":"status-publish","4":"has-post-thumbnail","6":"product_cat-655","7":"product_tag-673","8":"product_shipping_class-classe-de-livraison-2","9":"pa_porte-333","10":"pa_volume-sacs-tresses-ja","11":"pa_volume-339","13":"first","14":"instock","15":"sold-individually","16":"taxable","17":"shipping-taxable","18":"purchasable","19":"product-type-simple"},"yoast_head":"<!-- This site is optimized with the Yoast SEO plugin v23.1 - https:\/\/yoast.com\/wordpress\/plugins\/seo\/ -->\n<title>\u30ce\u30a2 \u7de8\u307f\u8fbc\u307f\u30ec\u30b6\u30fc \u30c8\u30fc\u30c8\u30d0\u30c3\u30b0 \u30bb\u30bc\u30fc\u30eb \u30d1\u30ea \u30d5\u30e9\u30f3\u30b9\u88fd<\/title>\n<meta name=\"description\" content=\"\u30ac\u30b9\u30d1\u30fc\u30eb\u306f\u6ed1\u3089\u304b\u306a\u30c7\u30b6\u30a4\u30f3\u306e\u30b0\u30e9\u30d5\u30a3\u30ab\u30eb\u306a\u30b5\u30b3\u30c3\u30b7\u30e5\u3002\u68a8\u578b\u306e\u5074\u9762\u3068\u7d30\u9577\u3044\u672c\u4f53\u3092\u3001\u4e01\u5be7\u306b\u4e38\u307f\u3092\u5e2f\u3073\u305f\u7e01\u3092\u65bd\u3057\u305f\u7de9\u3084\u304b\u306a\u30ab\u30fc\u30d6\u3092\u63cf\u304f\u30d5\u30e9\u30c3\u30d7\u304c\u5305\u307f\u8fbc\u307f\u307e\u3059\u3002\" \/>\n<meta name=\"robots\" content=\"index, follow, max-snippet:-1, max-image-preview:large, max-video-preview:-1\" \/>\n<link rel=\"canonical\" href=\"https:\/\/www.stephaniecesaire.com\/ja\/boutique\/%e3%83%90%e3%83%83%e3%82%b0\/%e3%83%8e%e3%82%a2\/noa-cuir-dagneau-tresse-multicolore\/\" \/>\n<meta property=\"og:locale\" content=\"ja_JP\" \/>\n<meta property=\"og:type\" content=\"article\" \/>\n<meta property=\"og:title\" content=\"\u30ce\u30a2 \u7de8\u307f\u8fbc\u307f\u30ec\u30b6\u30fc \u30c8\u30fc\u30c8\u30d0\u30c3\u30b0 \u30bb\u30bc\u30fc\u30eb \u30d1\u30ea \u30d5\u30e9\u30f3\u30b9\u88fd\" \/>\n<meta property=\"og:description\" content=\"\u30ac\u30b9\u30d1\u30fc\u30eb\u306f\u6ed1\u3089\u304b\u306a\u30c7\u30b6\u30a4\u30f3\u306e\u30b0\u30e9\u30d5\u30a3\u30ab\u30eb\u306a\u30b5\u30b3\u30c3\u30b7\u30e5\u3002\u68a8\u578b\u306e\u5074\u9762\u3068\u7d30\u9577\u3044\u672c\u4f53\u3092\u3001\u4e01\u5be7\u306b\u4e38\u307f\u3092\u5e2f\u3073\u305f\u7e01\u3092\u65bd\u3057\u305f\u7de9\u3084\u304b\u306a\u30ab\u30fc\u30d6\u3092\u63cf\u304f\u30d5\u30e9\u30c3\u30d7\u304c\u5305\u307f\u8fbc\u307f\u307e\u3059\u3002\" \/>\n<meta property=\"og:url\" content=\"https:\/\/www.stephaniecesaire.com\/ja\/boutique\/%e3%83%90%e3%83%83%e3%82%b0\/%e3%83%8e%e3%82%a2\/noa-cuir-dagneau-tresse-multicolore\/\" \/>\n<meta property=\"og:site_name\" content=\"C\u00e9saire\" \/>\n<meta property=\"article:publisher\" content=\"https:\/\/www.facebook.com\/cesaireparis\/\" \/>\n<meta property=\"article:modified_time\" content=\"2025-06-19T17:11:42+00:00\" \/>\n<meta property=\"og:image\" content=\"https:\/\/www.stephaniecesaire.com\/wp-content\/uploads\/2022\/05\/NoaTREMultiCielGif-1.gif\" \/>\n\t<meta property=\"og:image:width\" content=\"630\" \/>\n\t<meta property=\"og:image:height\" content=\"945\" \/>\n\t<meta property=\"og:image:type\" content=\"image\/gif\" \/>\n<meta name=\"twitter:card\" content=\"summary_large_image\" \/>\n<script type=\"application\/ld+json\" class=\"yoast-schema-graph\">{\"@context\":\"https:\/\/schema.org\",\"@graph\":[{\"@type\":\"WebPage\",\"@id\":\"https:\/\/www.stephaniecesaire.com\/ja\/boutique\/%e3%83%90%e3%83%83%e3%82%b0\/%e3%83%8e%e3%82%a2\/noa-cuir-dagneau-tresse-multicolore\/\",\"url\":\"https:\/\/www.stephaniecesaire.com\/ja\/boutique\/%e3%83%90%e3%83%83%e3%82%b0\/%e3%83%8e%e3%82%a2\/noa-cuir-dagneau-tresse-multicolore\/\",\"name\":\"\u30ce\u30a2 \u7de8\u307f\u8fbc\u307f\u30ec\u30b6\u30fc \u30c8\u30fc\u30c8\u30d0\u30c3\u30b0 \u30bb\u30bc\u30fc\u30eb \u30d1\u30ea \u30d5\u30e9\u30f3\u30b9\u88fd\",\"isPartOf\":{\"@id\":\"https:\/\/www.stephaniecesaire.com\/ja\/#website\"},\"primaryImageOfPage\":{\"@id\":\"https:\/\/www.stephaniecesaire.com\/ja\/boutique\/%e3%83%90%e3%83%83%e3%82%b0\/%e3%83%8e%e3%82%a2\/noa-cuir-dagneau-tresse-multicolore\/#primaryimage\"},\"image\":{\"@id\":\"https:\/\/www.stephaniecesaire.com\/ja\/boutique\/%e3%83%90%e3%83%83%e3%82%b0\/%e3%83%8e%e3%82%a2\/noa-cuir-dagneau-tresse-multicolore\/#primaryimage\"},\"thumbnailUrl\":\"https:\/\/www.stephaniecesaire.com\/wp-content\/uploads\/2022\/05\/NoaTREMultiCielGif-1.gif\",\"datePublished\":\"2022-05-13T16:30:25+00:00\",\"dateModified\":\"2025-06-19T17:11:42+00:00\",\"description\":\"\u30ac\u30b9\u30d1\u30fc\u30eb\u306f\u6ed1\u3089\u304b\u306a\u30c7\u30b6\u30a4\u30f3\u306e\u30b0\u30e9\u30d5\u30a3\u30ab\u30eb\u306a\u30b5\u30b3\u30c3\u30b7\u30e5\u3002\u68a8\u578b\u306e\u5074\u9762\u3068\u7d30\u9577\u3044\u672c\u4f53\u3092\u3001\u4e01\u5be7\u306b\u4e38\u307f\u3092\u5e2f\u3073\u305f\u7e01\u3092\u65bd\u3057\u305f\u7de9\u3084\u304b\u306a\u30ab\u30fc\u30d6\u3092\u63cf\u304f\u30d5\u30e9\u30c3\u30d7\u304c\u5305\u307f\u8fbc\u307f\u307e\u3059\u3002\",\"breadcrumb\":{\"@id\":\"https:\/\/www.stephaniecesaire.com\/ja\/boutique\/%e3%83%90%e3%83%83%e3%82%b0\/%e3%83%8e%e3%82%a2\/noa-cuir-dagneau-tresse-multicolore\/#breadcrumb\"},\"inLanguage\":\"ja\",\"potentialAction\":[{\"@type\":\"ReadAction\",\"target\":[\"https:\/\/www.stephaniecesaire.com\/ja\/boutique\/%e3%83%90%e3%83%83%e3%82%b0\/%e3%83%8e%e3%82%a2\/noa-cuir-dagneau-tresse-multicolore\/\"]}]},{\"@type\":\"ImageObject\",\"inLanguage\":\"ja\",\"@id\":\"https:\/\/www.stephaniecesaire.com\/ja\/boutique\/%e3%83%90%e3%83%83%e3%82%b0\/%e3%83%8e%e3%82%a2\/noa-cuir-dagneau-tresse-multicolore\/#primaryimage\",\"url\":\"https:\/\/www.stephaniecesaire.com\/wp-content\/uploads\/2022\/05\/NoaTREMultiCielGif-1.gif\",\"contentUrl\":\"https:\/\/www.stephaniecesaire.com\/wp-content\/uploads\/2022\/05\/NoaTREMultiCielGif-1.gif\",\"width\":630,\"height\":945,\"caption\":\"\u30ce\u30a2 \u7de8\u307f\u8fbc\u307f\u30ec\u30b6\u30fc \u30c8\u30fc\u30c8\u30d0\u30c3\u30b0 \u30bb\u30bc\u30fc\u30eb \u30d1\u30ea \u30d5\u30e9\u30f3\u30b9\u88fd\"},{\"@type\":\"BreadcrumbList\",\"@id\":\"https:\/\/www.stephaniecesaire.com\/ja\/boutique\/%e3%83%90%e3%83%83%e3%82%b0\/%e3%83%8e%e3%82%a2\/noa-cuir-dagneau-tresse-multicolore\/#breadcrumb\",\"itemListElement\":[{\"@type\":\"ListItem\",\"position\":1,\"name\":\"Accueil\",\"item\":\"https:\/\/www.stephaniecesaire.com\/ja\/\"},{\"@type\":\"ListItem\",\"position\":2,\"name\":\"\u30b7\u30e7\u30c3\u30d7\",\"item\":\"https:\/\/www.stephaniecesaire.com\/ja\/%e3%82%b7%e3%83%a7%e3%83%83%e3%83%97\/\"},{\"@type\":\"ListItem\",\"position\":3,\"name\":\"\u30ce\u30a2\u30fb\u7de8\u307f\u8fbc\u307f\u30e9\u30e0\u30b9\u30ad\u30f3\u30ec\u30b6\u30fc\u30fb\u591a\u8272\u306e\"}]},{\"@type\":\"WebSite\",\"@id\":\"https:\/\/www.stephaniecesaire.com\/ja\/#website\",\"url\":\"https:\/\/www.stephaniecesaire.com\/ja\/\",\"name\":\"St\u00e9phanie C\u00e9saire\",\"description\":\"Sac cr\u00e9ateur made in France - Maroquinerie de luxe\",\"publisher\":{\"@id\":\"https:\/\/www.stephaniecesaire.com\/ja\/#organization\"},\"potentialAction\":[{\"@type\":\"SearchAction\",\"target\":{\"@type\":\"EntryPoint\",\"urlTemplate\":\"https:\/\/www.stephaniecesaire.com\/ja\/?s={search_term_string}\"},\"query-input\":\"required name=search_term_string\"}],\"inLanguage\":\"ja\"},{\"@type\":\"Organization\",\"@id\":\"https:\/\/www.stephaniecesaire.com\/ja\/#organization\",\"name\":\"St\u00e9phanie C\u00e9saire\",\"url\":\"https:\/\/www.stephaniecesaire.com\/ja\/\",\"logo\":{\"@type\":\"ImageObject\",\"inLanguage\":\"ja\",\"@id\":\"https:\/\/www.stephaniecesaire.com\/ja\/#\/schema\/logo\/image\/\",\"url\":\"https:\/\/www.stephaniecesaire.com\/wp-content\/uploads\/2023\/10\/favicon.png\",\"contentUrl\":\"https:\/\/www.stephaniecesaire.com\/wp-content\/uploads\/2023\/10\/favicon.png\",\"width\":512,\"height\":512,\"caption\":\"St\u00e9phanie C\u00e9saire\"},\"image\":{\"@id\":\"https:\/\/www.stephaniecesaire.com\/ja\/#\/schema\/logo\/image\/\"},\"sameAs\":[\"https:\/\/www.facebook.com\/cesaireparis\/\",\"https:\/\/www.pinterest.fr\/cesaireparis\/\",\"https:\/\/www.instagram.com\/cesaireparis.official\/\"]}]}<\/script>\n<!-- \/ Yoast SEO plugin. -->","yoast_head_json":{"title":"\u30ce\u30a2 \u7de8\u307f\u8fbc\u307f\u30ec\u30b6\u30fc \u30c8\u30fc\u30c8\u30d0\u30c3\u30b0 \u30bb\u30bc\u30fc\u30eb \u30d1\u30ea \u30d5\u30e9\u30f3\u30b9\u88fd","description":"\u30ac\u30b9\u30d1\u30fc\u30eb\u306f\u6ed1\u3089\u304b\u306a\u30c7\u30b6\u30a4\u30f3\u306e\u30b0\u30e9\u30d5\u30a3\u30ab\u30eb\u306a\u30b5\u30b3\u30c3\u30b7\u30e5\u3002\u68a8\u578b\u306e\u5074\u9762\u3068\u7d30\u9577\u3044\u672c\u4f53\u3092\u3001\u4e01\u5be7\u306b\u4e38\u307f\u3092\u5e2f\u3073\u305f\u7e01\u3092\u65bd\u3057\u305f\u7de9\u3084\u304b\u306a\u30ab\u30fc\u30d6\u3092\u63cf\u304f\u30d5\u30e9\u30c3\u30d7\u304c\u5305\u307f\u8fbc\u307f\u307e\u3059\u3002","robots":{"index":"index","follow":"follow","max-snippet":"max-snippet:-1","max-image-preview":"max-image-preview:large","max-video-preview":"max-video-preview:-1"},"canonical":"https:\/\/www.stephaniecesaire.com\/ja\/boutique\/%e3%83%90%e3%83%83%e3%82%b0\/%e3%83%8e%e3%82%a2\/noa-cuir-dagneau-tresse-multicolore\/","og_locale":"ja_JP","og_type":"article","og_title":"\u30ce\u30a2 \u7de8\u307f\u8fbc\u307f\u30ec\u30b6\u30fc \u30c8\u30fc\u30c8\u30d0\u30c3\u30b0 \u30bb\u30bc\u30fc\u30eb \u30d1\u30ea \u30d5\u30e9\u30f3\u30b9\u88fd","og_description":"\u30ac\u30b9\u30d1\u30fc\u30eb\u306f\u6ed1\u3089\u304b\u306a\u30c7\u30b6\u30a4\u30f3\u306e\u30b0\u30e9\u30d5\u30a3\u30ab\u30eb\u306a\u30b5\u30b3\u30c3\u30b7\u30e5\u3002\u68a8\u578b\u306e\u5074\u9762\u3068\u7d30\u9577\u3044\u672c\u4f53\u3092\u3001\u4e01\u5be7\u306b\u4e38\u307f\u3092\u5e2f\u3073\u305f\u7e01\u3092\u65bd\u3057\u305f\u7de9\u3084\u304b\u306a\u30ab\u30fc\u30d6\u3092\u63cf\u304f\u30d5\u30e9\u30c3\u30d7\u304c\u5305\u307f\u8fbc\u307f\u307e\u3059\u3002","og_url":"https:\/\/www.stephaniecesaire.com\/ja\/boutique\/%e3%83%90%e3%83%83%e3%82%b0\/%e3%83%8e%e3%82%a2\/noa-cuir-dagneau-tresse-multicolore\/","og_site_name":"C\u00e9saire","article_publisher":"https:\/\/www.facebook.com\/cesaireparis\/","article_modified_time":"2025-06-19T17:11:42+00:00","og_image":[{"width":630,"height":945,"url":"https:\/\/www.stephaniecesaire.com\/wp-content\/uploads\/2022\/05\/NoaTREMultiCielGif-1.gif","type":"image\/gif"}],"twitter_card":"summary_large_image","schema":{"@context":"https:\/\/schema.org","@graph":[{"@type":"WebPage","@id":"https:\/\/www.stephaniecesaire.com\/ja\/boutique\/%e3%83%90%e3%83%83%e3%82%b0\/%e3%83%8e%e3%82%a2\/noa-cuir-dagneau-tresse-multicolore\/","url":"https:\/\/www.stephaniecesaire.com\/ja\/boutique\/%e3%83%90%e3%83%83%e3%82%b0\/%e3%83%8e%e3%82%a2\/noa-cuir-dagneau-tresse-multicolore\/","name":"\u30ce\u30a2 \u7de8\u307f\u8fbc\u307f\u30ec\u30b6\u30fc \u30c8\u30fc\u30c8\u30d0\u30c3\u30b0 \u30bb\u30bc\u30fc\u30eb \u30d1\u30ea \u30d5\u30e9\u30f3\u30b9\u88fd","isPartOf":{"@id":"https:\/\/www.stephaniecesaire.com\/ja\/#website"},"primaryImageOfPage":{"@id":"https:\/\/www.stephaniecesaire.com\/ja\/boutique\/%e3%83%90%e3%83%83%e3%82%b0\/%e3%83%8e%e3%82%a2\/noa-cuir-dagneau-tresse-multicolore\/#primaryimage"},"image":{"@id":"https:\/\/www.stephaniecesaire.com\/ja\/boutique\/%e3%83%90%e3%83%83%e3%82%b0\/%e3%83%8e%e3%82%a2\/noa-cuir-dagneau-tresse-multicolore\/#primaryimage"},"thumbnailUrl":"https:\/\/www.stephaniecesaire.com\/wp-content\/uploads\/2022\/05\/NoaTREMultiCielGif-1.gif","datePublished":"2022-05-13T16:30:25+00:00","dateModified":"2025-06-19T17:11:42+00:00","description":"\u30ac\u30b9\u30d1\u30fc\u30eb\u306f\u6ed1\u3089\u304b\u306a\u30c7\u30b6\u30a4\u30f3\u306e\u30b0\u30e9\u30d5\u30a3\u30ab\u30eb\u306a\u30b5\u30b3\u30c3\u30b7\u30e5\u3002\u68a8\u578b\u306e\u5074\u9762\u3068\u7d30\u9577\u3044\u672c\u4f53\u3092\u3001\u4e01\u5be7\u306b\u4e38\u307f\u3092\u5e2f\u3073\u305f\u7e01\u3092\u65bd\u3057\u305f\u7de9\u3084\u304b\u306a\u30ab\u30fc\u30d6\u3092\u63cf\u304f\u30d5\u30e9\u30c3\u30d7\u304c\u5305\u307f\u8fbc\u307f\u307e\u3059\u3002","breadcrumb":{"@id":"https:\/\/www.stephaniecesaire.com\/ja\/boutique\/%e3%83%90%e3%83%83%e3%82%b0\/%e3%83%8e%e3%82%a2\/noa-cuir-dagneau-tresse-multicolore\/#breadcrumb"},"inLanguage":"ja","potentialAction":[{"@type":"ReadAction","target":["https:\/\/www.stephaniecesaire.com\/ja\/boutique\/%e3%83%90%e3%83%83%e3%82%b0\/%e3%83%8e%e3%82%a2\/noa-cuir-dagneau-tresse-multicolore\/"]}]},{"@type":"ImageObject","inLanguage":"ja","@id":"https:\/\/www.stephaniecesaire.com\/ja\/boutique\/%e3%83%90%e3%83%83%e3%82%b0\/%e3%83%8e%e3%82%a2\/noa-cuir-dagneau-tresse-multicolore\/#primaryimage","url":"https:\/\/www.stephaniecesaire.com\/wp-content\/uploads\/2022\/05\/NoaTREMultiCielGif-1.gif","contentUrl":"https:\/\/www.stephaniecesaire.com\/wp-content\/uploads\/2022\/05\/NoaTREMultiCielGif-1.gif","width":630,"height":945,"caption":"\u30ce\u30a2 \u7de8\u307f\u8fbc\u307f\u30ec\u30b6\u30fc \u30c8\u30fc\u30c8\u30d0\u30c3\u30b0 \u30bb\u30bc\u30fc\u30eb \u30d1\u30ea \u30d5\u30e9\u30f3\u30b9\u88fd"},{"@type":"BreadcrumbList","@id":"https:\/\/www.stephaniecesaire.com\/ja\/boutique\/%e3%83%90%e3%83%83%e3%82%b0\/%e3%83%8e%e3%82%a2\/noa-cuir-dagneau-tresse-multicolore\/#breadcrumb","itemListElement":[{"@type":"ListItem","position":1,"name":"Accueil","item":"https:\/\/www.stephaniecesaire.com\/ja\/"},{"@type":"ListItem","position":2,"name":"\u30b7\u30e7\u30c3\u30d7","item":"https:\/\/www.stephaniecesaire.com\/ja\/%e3%82%b7%e3%83%a7%e3%83%83%e3%83%97\/"},{"@type":"ListItem","position":3,"name":"\u30ce\u30a2\u30fb\u7de8\u307f\u8fbc\u307f\u30e9\u30e0\u30b9\u30ad\u30f3\u30ec\u30b6\u30fc\u30fb\u591a\u8272\u306e"}]},{"@type":"WebSite","@id":"https:\/\/www.stephaniecesaire.com\/ja\/#website","url":"https:\/\/www.stephaniecesaire.com\/ja\/","name":"St\u00e9phanie C\u00e9saire","description":"Sac cr\u00e9ateur made in France - Maroquinerie de luxe","publisher":{"@id":"https:\/\/www.stephaniecesaire.com\/ja\/#organization"},"potentialAction":[{"@type":"SearchAction","target":{"@type":"EntryPoint","urlTemplate":"https:\/\/www.stephaniecesaire.com\/ja\/?s={search_term_string}"},"query-input":"required name=search_term_string"}],"inLanguage":"ja"},{"@type":"Organization","@id":"https:\/\/www.stephaniecesaire.com\/ja\/#organization","name":"St\u00e9phanie C\u00e9saire","url":"https:\/\/www.stephaniecesaire.com\/ja\/","logo":{"@type":"ImageObject","inLanguage":"ja","@id":"https:\/\/www.stephaniecesaire.com\/ja\/#\/schema\/logo\/image\/","url":"https:\/\/www.stephaniecesaire.com\/wp-content\/uploads\/2023\/10\/favicon.png","contentUrl":"https:\/\/www.stephaniecesaire.com\/wp-content\/uploads\/2023\/10\/favicon.png","width":512,"height":512,"caption":"St\u00e9phanie C\u00e9saire"},"image":{"@id":"https:\/\/www.stephaniecesaire.com\/ja\/#\/schema\/logo\/image\/"},"sameAs":["https:\/\/www.facebook.com\/cesaireparis\/","https:\/\/www.pinterest.fr\/cesaireparis\/","https:\/\/www.instagram.com\/cesaireparis.official\/"]}]}},"_links":{"self":[{"href":"https:\/\/www.stephaniecesaire.com\/ja\/wp-json\/wp\/v2\/product\/29666","targetHints":{"allow":["GET"]}}],"collection":[{"href":"https:\/\/www.stephaniecesaire.com\/ja\/wp-json\/wp\/v2\/product"}],"about":[{"href":"https:\/\/www.stephaniecesaire.com\/ja\/wp-json\/wp\/v2\/types\/product"}],"wp:featuredmedia":[{"embeddable":true,"href":"https:\/\/www.stephaniecesaire.com\/ja\/wp-json\/wp\/v2\/media\/38869"}],"wp:attachment":[{"href":"https:\/\/www.stephaniecesaire.com\/ja\/wp-json\/wp\/v2\/media?parent=29666"}],"wp:term":[{"taxonomy":"product_cat","embeddable":true,"href":"https:\/\/www.stephaniecesaire.com\/ja\/wp-json\/wp\/v2\/product_cat?post=29666"},{"taxonomy":"product_tag","embeddable":true,"href":"https:\/\/www.stephaniecesaire.com\/ja\/wp-json\/wp\/v2\/product_tag?post=29666"}],"curies":[{"name":"wp","href":"https:\/\/api.w.org\/{rel}","templated":true}]}}