{"id":29719,"date":"2021-01-09T17:35:39","date_gmt":"2021-01-09T16:35:39","guid":{"rendered":"https:\/\/stephaniecesaire.com\/boutique\/uncategorized\/little-joh-cuir-de-veau-nubuck-brun\/"},"modified":"2025-01-30T09:17:25","modified_gmt":"2025-01-30T08:17:25","slug":"little-joh-cuir-de-veau-nubuck-brun","status":"publish","type":"product","link":"https:\/\/www.stephaniecesaire.com\/ja\/boutique\/%e3%83%90%e3%83%83%e3%82%b0\/little-joh-ja\/little-joh-cuir-de-veau-nubuck-brun\/","title":{"rendered":"\u5c0f\u578b \u30b8\u30e7\u30fc\u30fb\u76ba\u52a0\u5de5\u30e9\u30e0\u30ec\u30b6\u30fc\u30fb\u6df1\u3044 \u8910\u8272"},"content":{"rendered":"<p>\u5c0f\u578b \u30b8\u30e7\u30fc\u30e2\u30b8\u30e5\u30e9\u30fc\u888b\u306f\u30b8\u30e7\u30fc\u30e2\u30c7\u30eb\u306e\u3088\u308a\u5c0f\u3055\u3044\u7248\u3067\u3042\u308b. \u30b8\u30e7\u30fc\u306f\u305f\u3063\u3077\u308a\u3068\u3057\u305f\u672c\u4f53\u3092\u56de\u6298\u308a\u8fbc\u307f\u3001\u30b9\u30c8\u30e9\u30c3\u30d7\u3067\u7559\u3081\u308b\u3053\u3068\u3067\u30dc\u30ea\u30e5\u30fc\u30e0\u611f\u3092\u81ea\u7531\u306b\u5909\u3048\u3089\u308c\u308b\u3057\u306a\u3084\u304b\u306a\u30a2\u30a4\u30c6\u30e0\u3067\u3059\u3002\u30d9\u30eb\u30c8\u306f\u91d1\u5c5e\u88fd\u306e\u30ab\u30e9\u30d3\u30ca\u3067\u53d6\u308a\u5916\u3057\u53ef\u80fd\u3002\u9577\u3055\u3082\u6301\u3061\u65b9\u3082\u81ea\u7531\u81ea\u5728\u306b\u30a2\u30ec\u30f3\u30b8\u3067\u304d\u307e\u3059\u3002\u88cf\u5730\u306f\u30c8\u30fc\u30d7\u8272\u306e\u30b3\u30c3\u30c8\u30f3\u30b5\u30fc\u30b8\u3002\u30d5\u30a1\u30b9\u30ca\u30fc\u30dd\u30b1\u30c3\u30c8\u3068\u643a\u5e2f\u96fb\u8a71\u7528\u306e\u30dd\u30b1\u30c3\u30c8\u304c\u4ed8\u5c5e\u3057\u3066\u3044\u307e\u3059\u3002\u30d5\u30e9\u30f3\u30b9\u88fd<\/p>\n","protected":false},"excerpt":{"rendered":"<p>\u30ce\u30de\u30c9&amp;\u30b3\u30f3\u30c6\u30f3\u30dd\u30e9\u30ea\u30fc\u306a\u5c0f\u578b \u30b8\u30e7\u30fc\u306f\u3001\u8ecd\u7528\u9632\u6c34\u30d0\u30c3\u30b0\u304b\u3089\u7740\u60f3\u3092\u5f97\u305f\u30ba\u30d0\u30c3\u30b0\u3002\u30e6\u30cb\u30bb\u30c3\u30af\u30b9&amp;\u30e6\u30cb\u30fc\u30af\u306a\u30dc\u30ea\u30e5\u30fc\u30e0\u306f\u3057\u306a\u3084\u304b\u306a\u30ec\u30b6\u30fc\u88fd\u3002\u30d0\u30c3\u30b0\u3092\u7559\u3081\u308b\u4e0a\u90e8\u306e\u30d9\u30eb\u30c8\u304c\u6301\u3061\u624b\u306b\u540a\u308a\u4e0b\u304c\u308b\u3088\u3046\u306a\u30c7\u30b6\u30a4\u30f3\u3067\u3059\u3002\u672c\u4f53\u3092\u304f\u308b\u304f\u308b\u4e38\u3081\u308c\u3070\u3001\u30b3\u30f3\u30d1\u30af\u30c8\u3067\u63a7\u3048\u3081\u306a\u5370\u8c61\u306b\u3002\u91d1\u5c5e\u88fd\u306e\u30ab\u30e9\u30d3\u30ca\u3067\u56fa\u5b9a\u3057\u305f\u30b9\u30c8\u30e9\u30c3\u30d7\u306b\u306f\u8abf\u7bc0\u53ef\u80fd\u306a\u30d9\u30eb\u30c8\u304c\u4ed8\u5c5e\u3002\u80a9\u639b\u3051\u3084\u30af\u30ed\u30b9\u30aa\u30fc\u30d0\u30fc\u3001\u3042\u308b\u3044\u306f\u30ec\u30b6\u30fc\u30a8\u30d7\u30ed\u30f3\u306e\u3088\u3046\u306b\u3001\u69d8\u3005\u306a\u6301\u3061\u65b9\u3092\u697d\u3057\u3081\u308b\u30d0\u30c3\u30b0\u3067\u3059\u3002\u4eca\u611f\u305f\u3063\u3077\u308a\u306e\u30d5\u30ec\u30ad\u30b7\u30d6\u30eb\u306a\u30c7\u30b6\u30a4\u30f3\u3068\u30ec\u30b6\u30fc\u305d\u306e\u3082\u306e\u304c\u653e\u3064\u7f8e\u3057\u3055\u304c\u3001\u6349\u3048\u3069\u3053\u308d\u306e\u306a\u3044\u30ce<\/p>\n","protected":false},"featured_media":34053,"template":"","meta":[],"product_cat":[1564],"product_tag":[1525,673],"class_list":{"0":"post-29719","1":"product","2":"type-product","3":"status-publish","4":"has-post-thumbnail","6":"product_cat-little-joh-ja","7":"product_tag-backorder-ja","8":"product_tag-673","10":"first","11":"instock","12":"sold-individually","13":"taxable","14":"shipping-taxable","15":"purchasable","16":"product-type-simple"},"yoast_head":"<!-- This site is optimized with the Yoast SEO plugin v23.1 - https:\/\/yoast.com\/wordpress\/plugins\/seo\/ -->\n<title>Sac modulable Joh - Cuir d&#039;agneau froiss\u00e9 - C\u00e9saire Paris - fabriqu\u00e9 en France<\/title>\n<meta name=\"description\" content=\"Nomade et contemporain, voici le sac modulable Joh, oversize \u00e9volutif inspir\u00e9 du sac \u00e9tanche militaire. Mixte et atypique, son grand volume de cuir souple tombe simplement au bout de la sangle qui le ceinture.\" \/>\n<meta name=\"robots\" content=\"index, follow, max-snippet:-1, max-image-preview:large, max-video-preview:-1\" \/>\n<link rel=\"canonical\" href=\"https:\/\/www.stephaniecesaire.com\/ja\/boutique\/%e3%83%90%e3%83%83%e3%82%b0\/little-joh-ja\/little-joh-cuir-de-veau-nubuck-brun\/\" \/>\n<meta property=\"og:locale\" content=\"ja_JP\" \/>\n<meta property=\"og:type\" content=\"article\" \/>\n<meta property=\"og:title\" content=\"Sac modulable Joh - Cuir d&#039;agneau froiss\u00e9 - C\u00e9saire Paris - fabriqu\u00e9 en France\" \/>\n<meta property=\"og:description\" content=\"Nomade et contemporain, voici le sac modulable Joh, oversize \u00e9volutif inspir\u00e9 du sac \u00e9tanche militaire. Mixte et atypique, son grand volume de cuir souple tombe simplement au bout de la sangle qui le ceinture.\" \/>\n<meta property=\"og:url\" content=\"https:\/\/www.stephaniecesaire.com\/ja\/boutique\/%e3%83%90%e3%83%83%e3%82%b0\/little-joh-ja\/little-joh-cuir-de-veau-nubuck-brun\/\" \/>\n<meta property=\"og:site_name\" content=\"C\u00e9saire\" \/>\n<meta property=\"article:publisher\" content=\"https:\/\/www.facebook.com\/cesaireparis\/\" \/>\n<meta property=\"article:modified_time\" content=\"2025-01-30T08:17:25+00:00\" \/>\n<meta property=\"og:image\" content=\"https:\/\/www.stephaniecesaire.com\/wp-content\/uploads\/2021\/01\/LittleJohNUBBrunFace-jpg.webp\" \/>\n\t<meta property=\"og:image:width\" content=\"630\" \/>\n\t<meta property=\"og:image:height\" content=\"945\" \/>\n\t<meta property=\"og:image:type\" content=\"image\/jpeg\" \/>\n<meta name=\"twitter:card\" content=\"summary_large_image\" \/>\n<meta name=\"twitter:label1\" content=\"\u63a8\u5b9a\u8aad\u307f\u53d6\u308a\u6642\u9593\" \/>\n\t<meta name=\"twitter:data1\" content=\"1\u5206\" \/>\n<script type=\"application\/ld+json\" class=\"yoast-schema-graph\">{\"@context\":\"https:\/\/schema.org\",\"@graph\":[{\"@type\":\"WebPage\",\"@id\":\"https:\/\/www.stephaniecesaire.com\/ja\/boutique\/%e3%83%90%e3%83%83%e3%82%b0\/little-joh-ja\/little-joh-cuir-de-veau-nubuck-brun\/\",\"url\":\"https:\/\/www.stephaniecesaire.com\/ja\/boutique\/%e3%83%90%e3%83%83%e3%82%b0\/little-joh-ja\/little-joh-cuir-de-veau-nubuck-brun\/\",\"name\":\"Sac modulable Joh - Cuir d'agneau froiss\u00e9 - C\u00e9saire Paris - fabriqu\u00e9 en France\",\"isPartOf\":{\"@id\":\"https:\/\/www.stephaniecesaire.com\/ja\/#website\"},\"primaryImageOfPage\":{\"@id\":\"https:\/\/www.stephaniecesaire.com\/ja\/boutique\/%e3%83%90%e3%83%83%e3%82%b0\/little-joh-ja\/little-joh-cuir-de-veau-nubuck-brun\/#primaryimage\"},\"image\":{\"@id\":\"https:\/\/www.stephaniecesaire.com\/ja\/boutique\/%e3%83%90%e3%83%83%e3%82%b0\/little-joh-ja\/little-joh-cuir-de-veau-nubuck-brun\/#primaryimage\"},\"thumbnailUrl\":\"https:\/\/www.stephaniecesaire.com\/wp-content\/uploads\/2021\/01\/LittleJohNUBBrunFace-jpg.webp\",\"datePublished\":\"2021-01-09T16:35:39+00:00\",\"dateModified\":\"2025-01-30T08:17:25+00:00\",\"description\":\"Nomade et contemporain, voici le sac modulable Joh, oversize \u00e9volutif inspir\u00e9 du sac \u00e9tanche militaire. Mixte et atypique, son grand volume de cuir souple tombe simplement au bout de la sangle qui le ceinture.\",\"breadcrumb\":{\"@id\":\"https:\/\/www.stephaniecesaire.com\/ja\/boutique\/%e3%83%90%e3%83%83%e3%82%b0\/little-joh-ja\/little-joh-cuir-de-veau-nubuck-brun\/#breadcrumb\"},\"inLanguage\":\"ja\",\"potentialAction\":[{\"@type\":\"ReadAction\",\"target\":[\"https:\/\/www.stephaniecesaire.com\/ja\/boutique\/%e3%83%90%e3%83%83%e3%82%b0\/little-joh-ja\/little-joh-cuir-de-veau-nubuck-brun\/\"]}]},{\"@type\":\"ImageObject\",\"inLanguage\":\"ja\",\"@id\":\"https:\/\/www.stephaniecesaire.com\/ja\/boutique\/%e3%83%90%e3%83%83%e3%82%b0\/little-joh-ja\/little-joh-cuir-de-veau-nubuck-brun\/#primaryimage\",\"url\":\"https:\/\/www.stephaniecesaire.com\/wp-content\/uploads\/2021\/01\/LittleJohNUBBrunFace-jpg.webp\",\"contentUrl\":\"https:\/\/www.stephaniecesaire.com\/wp-content\/uploads\/2021\/01\/LittleJohNUBBrunFace-jpg.webp\",\"width\":630,\"height\":945,\"caption\":\"Sac cabas bandouli\u00e8re Little Joh C\u00e9saire Paris Sac cr\u00e9ateur Fran\u00e7ais fabriqu\u00e9 en France\"},{\"@type\":\"BreadcrumbList\",\"@id\":\"https:\/\/www.stephaniecesaire.com\/ja\/boutique\/%e3%83%90%e3%83%83%e3%82%b0\/little-joh-ja\/little-joh-cuir-de-veau-nubuck-brun\/#breadcrumb\",\"itemListElement\":[{\"@type\":\"ListItem\",\"position\":1,\"name\":\"Accueil\",\"item\":\"https:\/\/www.stephaniecesaire.com\/ja\/\"},{\"@type\":\"ListItem\",\"position\":2,\"name\":\"\u30b7\u30e7\u30c3\u30d7\",\"item\":\"https:\/\/www.stephaniecesaire.com\/ja\/%e3%82%b7%e3%83%a7%e3%83%83%e3%83%97\/\"},{\"@type\":\"ListItem\",\"position\":3,\"name\":\"\u5c0f\u578b \u30b8\u30e7\u30fc\u30fb\u76ba\u52a0\u5de5\u30e9\u30e0\u30ec\u30b6\u30fc\u30fb\u6df1\u3044 \u8910\u8272\"}]},{\"@type\":\"WebSite\",\"@id\":\"https:\/\/www.stephaniecesaire.com\/ja\/#website\",\"url\":\"https:\/\/www.stephaniecesaire.com\/ja\/\",\"name\":\"St\u00e9phanie C\u00e9saire\",\"description\":\"Sac cr\u00e9ateur made in France - Maroquinerie de luxe\",\"publisher\":{\"@id\":\"https:\/\/www.stephaniecesaire.com\/ja\/#organization\"},\"potentialAction\":[{\"@type\":\"SearchAction\",\"target\":{\"@type\":\"EntryPoint\",\"urlTemplate\":\"https:\/\/www.stephaniecesaire.com\/ja\/?s={search_term_string}\"},\"query-input\":\"required name=search_term_string\"}],\"inLanguage\":\"ja\"},{\"@type\":\"Organization\",\"@id\":\"https:\/\/www.stephaniecesaire.com\/ja\/#organization\",\"name\":\"St\u00e9phanie C\u00e9saire\",\"url\":\"https:\/\/www.stephaniecesaire.com\/ja\/\",\"logo\":{\"@type\":\"ImageObject\",\"inLanguage\":\"ja\",\"@id\":\"https:\/\/www.stephaniecesaire.com\/ja\/#\/schema\/logo\/image\/\",\"url\":\"https:\/\/www.stephaniecesaire.com\/wp-content\/uploads\/2023\/10\/favicon.png\",\"contentUrl\":\"https:\/\/www.stephaniecesaire.com\/wp-content\/uploads\/2023\/10\/favicon.png\",\"width\":512,\"height\":512,\"caption\":\"St\u00e9phanie C\u00e9saire\"},\"image\":{\"@id\":\"https:\/\/www.stephaniecesaire.com\/ja\/#\/schema\/logo\/image\/\"},\"sameAs\":[\"https:\/\/www.facebook.com\/cesaireparis\/\",\"https:\/\/www.pinterest.fr\/cesaireparis\/\",\"https:\/\/www.instagram.com\/cesaireparis.official\/\"]}]}<\/script>\n<!-- \/ Yoast SEO plugin. -->","yoast_head_json":{"title":"Sac modulable Joh - Cuir d'agneau froiss\u00e9 - C\u00e9saire Paris - fabriqu\u00e9 en France","description":"Nomade et contemporain, voici le sac modulable Joh, oversize \u00e9volutif inspir\u00e9 du sac \u00e9tanche militaire. Mixte et atypique, son grand volume de cuir souple tombe simplement au bout de la sangle qui le ceinture.","robots":{"index":"index","follow":"follow","max-snippet":"max-snippet:-1","max-image-preview":"max-image-preview:large","max-video-preview":"max-video-preview:-1"},"canonical":"https:\/\/www.stephaniecesaire.com\/ja\/boutique\/%e3%83%90%e3%83%83%e3%82%b0\/little-joh-ja\/little-joh-cuir-de-veau-nubuck-brun\/","og_locale":"ja_JP","og_type":"article","og_title":"Sac modulable Joh - Cuir d'agneau froiss\u00e9 - C\u00e9saire Paris - fabriqu\u00e9 en France","og_description":"Nomade et contemporain, voici le sac modulable Joh, oversize \u00e9volutif inspir\u00e9 du sac \u00e9tanche militaire. Mixte et atypique, son grand volume de cuir souple tombe simplement au bout de la sangle qui le ceinture.","og_url":"https:\/\/www.stephaniecesaire.com\/ja\/boutique\/%e3%83%90%e3%83%83%e3%82%b0\/little-joh-ja\/little-joh-cuir-de-veau-nubuck-brun\/","og_site_name":"C\u00e9saire","article_publisher":"https:\/\/www.facebook.com\/cesaireparis\/","article_modified_time":"2025-01-30T08:17:25+00:00","og_image":[{"width":630,"height":945,"url":"https:\/\/www.stephaniecesaire.com\/wp-content\/uploads\/2021\/01\/LittleJohNUBBrunFace-jpg.webp","type":"image\/jpeg"}],"twitter_card":"summary_large_image","twitter_misc":{"\u63a8\u5b9a\u8aad\u307f\u53d6\u308a\u6642\u9593":"1\u5206"},"schema":{"@context":"https:\/\/schema.org","@graph":[{"@type":"WebPage","@id":"https:\/\/www.stephaniecesaire.com\/ja\/boutique\/%e3%83%90%e3%83%83%e3%82%b0\/little-joh-ja\/little-joh-cuir-de-veau-nubuck-brun\/","url":"https:\/\/www.stephaniecesaire.com\/ja\/boutique\/%e3%83%90%e3%83%83%e3%82%b0\/little-joh-ja\/little-joh-cuir-de-veau-nubuck-brun\/","name":"Sac modulable Joh - Cuir d'agneau froiss\u00e9 - C\u00e9saire Paris - fabriqu\u00e9 en France","isPartOf":{"@id":"https:\/\/www.stephaniecesaire.com\/ja\/#website"},"primaryImageOfPage":{"@id":"https:\/\/www.stephaniecesaire.com\/ja\/boutique\/%e3%83%90%e3%83%83%e3%82%b0\/little-joh-ja\/little-joh-cuir-de-veau-nubuck-brun\/#primaryimage"},"image":{"@id":"https:\/\/www.stephaniecesaire.com\/ja\/boutique\/%e3%83%90%e3%83%83%e3%82%b0\/little-joh-ja\/little-joh-cuir-de-veau-nubuck-brun\/#primaryimage"},"thumbnailUrl":"https:\/\/www.stephaniecesaire.com\/wp-content\/uploads\/2021\/01\/LittleJohNUBBrunFace-jpg.webp","datePublished":"2021-01-09T16:35:39+00:00","dateModified":"2025-01-30T08:17:25+00:00","description":"Nomade et contemporain, voici le sac modulable Joh, oversize \u00e9volutif inspir\u00e9 du sac \u00e9tanche militaire. Mixte et atypique, son grand volume de cuir souple tombe simplement au bout de la sangle qui le ceinture.","breadcrumb":{"@id":"https:\/\/www.stephaniecesaire.com\/ja\/boutique\/%e3%83%90%e3%83%83%e3%82%b0\/little-joh-ja\/little-joh-cuir-de-veau-nubuck-brun\/#breadcrumb"},"inLanguage":"ja","potentialAction":[{"@type":"ReadAction","target":["https:\/\/www.stephaniecesaire.com\/ja\/boutique\/%e3%83%90%e3%83%83%e3%82%b0\/little-joh-ja\/little-joh-cuir-de-veau-nubuck-brun\/"]}]},{"@type":"ImageObject","inLanguage":"ja","@id":"https:\/\/www.stephaniecesaire.com\/ja\/boutique\/%e3%83%90%e3%83%83%e3%82%b0\/little-joh-ja\/little-joh-cuir-de-veau-nubuck-brun\/#primaryimage","url":"https:\/\/www.stephaniecesaire.com\/wp-content\/uploads\/2021\/01\/LittleJohNUBBrunFace-jpg.webp","contentUrl":"https:\/\/www.stephaniecesaire.com\/wp-content\/uploads\/2021\/01\/LittleJohNUBBrunFace-jpg.webp","width":630,"height":945,"caption":"Sac cabas bandouli\u00e8re Little Joh C\u00e9saire Paris Sac cr\u00e9ateur Fran\u00e7ais fabriqu\u00e9 en France"},{"@type":"BreadcrumbList","@id":"https:\/\/www.stephaniecesaire.com\/ja\/boutique\/%e3%83%90%e3%83%83%e3%82%b0\/little-joh-ja\/little-joh-cuir-de-veau-nubuck-brun\/#breadcrumb","itemListElement":[{"@type":"ListItem","position":1,"name":"Accueil","item":"https:\/\/www.stephaniecesaire.com\/ja\/"},{"@type":"ListItem","position":2,"name":"\u30b7\u30e7\u30c3\u30d7","item":"https:\/\/www.stephaniecesaire.com\/ja\/%e3%82%b7%e3%83%a7%e3%83%83%e3%83%97\/"},{"@type":"ListItem","position":3,"name":"\u5c0f\u578b \u30b8\u30e7\u30fc\u30fb\u76ba\u52a0\u5de5\u30e9\u30e0\u30ec\u30b6\u30fc\u30fb\u6df1\u3044 \u8910\u8272"}]},{"@type":"WebSite","@id":"https:\/\/www.stephaniecesaire.com\/ja\/#website","url":"https:\/\/www.stephaniecesaire.com\/ja\/","name":"St\u00e9phanie C\u00e9saire","description":"Sac cr\u00e9ateur made in France - Maroquinerie de luxe","publisher":{"@id":"https:\/\/www.stephaniecesaire.com\/ja\/#organization"},"potentialAction":[{"@type":"SearchAction","target":{"@type":"EntryPoint","urlTemplate":"https:\/\/www.stephaniecesaire.com\/ja\/?s={search_term_string}"},"query-input":"required name=search_term_string"}],"inLanguage":"ja"},{"@type":"Organization","@id":"https:\/\/www.stephaniecesaire.com\/ja\/#organization","name":"St\u00e9phanie C\u00e9saire","url":"https:\/\/www.stephaniecesaire.com\/ja\/","logo":{"@type":"ImageObject","inLanguage":"ja","@id":"https:\/\/www.stephaniecesaire.com\/ja\/#\/schema\/logo\/image\/","url":"https:\/\/www.stephaniecesaire.com\/wp-content\/uploads\/2023\/10\/favicon.png","contentUrl":"https:\/\/www.stephaniecesaire.com\/wp-content\/uploads\/2023\/10\/favicon.png","width":512,"height":512,"caption":"St\u00e9phanie C\u00e9saire"},"image":{"@id":"https:\/\/www.stephaniecesaire.com\/ja\/#\/schema\/logo\/image\/"},"sameAs":["https:\/\/www.facebook.com\/cesaireparis\/","https:\/\/www.pinterest.fr\/cesaireparis\/","https:\/\/www.instagram.com\/cesaireparis.official\/"]}]}},"_links":{"self":[{"href":"https:\/\/www.stephaniecesaire.com\/ja\/wp-json\/wp\/v2\/product\/29719","targetHints":{"allow":["GET"]}}],"collection":[{"href":"https:\/\/www.stephaniecesaire.com\/ja\/wp-json\/wp\/v2\/product"}],"about":[{"href":"https:\/\/www.stephaniecesaire.com\/ja\/wp-json\/wp\/v2\/types\/product"}],"wp:featuredmedia":[{"embeddable":true,"href":"https:\/\/www.stephaniecesaire.com\/ja\/wp-json\/wp\/v2\/media\/34053"}],"wp:attachment":[{"href":"https:\/\/www.stephaniecesaire.com\/ja\/wp-json\/wp\/v2\/media?parent=29719"}],"wp:term":[{"taxonomy":"product_cat","embeddable":true,"href":"https:\/\/www.stephaniecesaire.com\/ja\/wp-json\/wp\/v2\/product_cat?post=29719"},{"taxonomy":"product_tag","embeddable":true,"href":"https:\/\/www.stephaniecesaire.com\/ja\/wp-json\/wp\/v2\/product_tag?post=29719"}],"curies":[{"name":"wp","href":"https:\/\/api.w.org\/{rel}","templated":true}]}}