{"id":29738,"date":"2021-01-27T18:09:52","date_gmt":"2021-01-27T17:09:52","guid":{"rendered":"https:\/\/stephaniecesaire.com\/boutique\/uncategorized\/leo-cuir-de-veau-sellier-bronze\/"},"modified":"2024-06-11T18:46:07","modified_gmt":"2024-06-11T16:46:07","slug":"leo-cuir-de-veau-sellier-bronze","status":"publish","type":"product","link":"https:\/\/www.stephaniecesaire.com\/ja\/boutique\/%e3%83%90%e3%83%83%e3%82%b0\/%e3%83%ac%e3%82%aa\/leo-cuir-de-veau-sellier-bronze\/","title":{"rendered":"\u30ec\u30aa\u30fb \u4e57\u7528\u99ac \u30ab\u30fc\u30d5\u30ec\u30b6\u30fc\u30fb\u30d6\u30ed\u30f3\u30ba"},"content":{"rendered":"<p>\u30df\u30cb\u30dd\u30b7\u30a7\u30c3\u30c8\u30fb\u30ec\u30aa\u306f\u30c0\u30d6\u30eb\u30b3\u30f3\u30d1\u30fc\u30c8\u30e1\u30f3\u30c8\u5f0f\u3002\u540c\u30b5\u30a4\u30ba\u306e\u53ce\u7d0d\u90e8\u5206\u306b\u643a\u5e2f\u96fb\u8a71\u3084\u30af\u30ec\u30b8\u30c3\u30c8\u30ab\u30fc\u30c9\u3001\u5c0f\u7269\u985e\u3092\u304d\u3061\u3093\u3068\u53ce\u7d0d\u3067\u304d\u307e\u3059\u3002\u30ec\u30b6\u30fc\u306e\u30d9\u30ed\u3068\u895f\u30dc\u30bf\u30f3\u3067\u3057\u3063\u304b\u308a\u3068\u9589\u3081\u3089\u308c\u308b\u306e\u3082\u30dd\u30a4\u30f3\u30c8\u3002\u659c\u3081\u639b\u3051\u3084\u80a9\u639b\u3051\u306e\u307b\u304b\u3001\u9996\u306e\u5468\u308a\u306b\u639b\u3051\u3066\u304a\u6301\u3061\u3044\u305f\u3060\u304f\u3053\u3068\u3082\u53ef\u80fd\u3067\u3059\u3002\u306a\u3081\u3089\u304b\u306a\u30ab\u30fc\u30d5\u30b9\u30a8\u30fc\u30c9\u306e\u88cf\u5730\u4ed8\u304d\u3002\u30d5\u30e9\u30f3\u30b9\u88fd\u3002<\/p>\n","protected":false},"excerpt":{"rendered":"<p>\u30ec\u30aa\u306f\u30df\u30cb\u30de\u30eb\u3092\u6975\u3081\u305f\u7e26\u578b\u306e\u30dd\u30b7\u30a7\u30c3\u30c8\u3002\u5185\u90e8\u306f\u643a\u5e2f\u96fb\u8a71\u3084\u30af\u30ec\u30b8\u30c3\u30c8\u30ab\u30fc\u30c9\u3001\u5c0f\u7269\u985e\u3092\u53ce\u7d0d\u3067\u304d\u308b\u4fbf\u5229\u306a\u30c0\u30d6\u30eb\u30b3\u30f3\u30d1\u30fc\u30c8\u30e1\u30f3\u30c8\u5f0f\u3002\u304a\u82b1\u3092\u30e2\u30c1\u30fc\u30d5\u306b\u3057\u305f\u7a74\u3042\u304d\u30c7\u30b6\u30a4\u30f3\u304b\u3089\u643a\u5e2f\u96fb\u8a71\u306e\u97f3\u3084\u5149\u304c\u697d\u3057\u3081\u308b\u3068\u3044\u3046\u904a\u3073\u5fc3\u3082\u6f14\u51fa\u3057\u3066\u3044\u307e\u3059\u3002\u30ec\u30b6\u30fc\u3092\u30b7\u30f3\u30d7\u30eb\u306b\u6298\u308a\u305f\u305f\u3093\u3067\u53ce\u7d0d\u90e8\u5206\u30922\u3064\u306b\u5206\u3051\u308b\u72ec\u7279\u306a\u69cb\u9020\u3084\u3001\u30ec\u30b6\u30fc\u306e\u30d9\u30ed\u3092\u895f\u30dc\u30bf\u30f3\u3067\u7559\u3081\u308b\u3053\u3068\u3067\u30dd\u30b7\u30a7\u30c3\u30c8\u3092\u304d\u3061\u3093\u3068\u9589\u3081\u3089\u308c\u308b\u306e\u3082\u30dd\u30a4\u30f3\u30c8\u3002\u83ef\u5962\u306a\u30b9\u30c8\u30e9\u30c3\u30d7\u306f\u3001\u659c\u3081\u639b\u3051\u3084\u80a9\u639b\u3051\u306f\u3082\u3061\u308d\u3093\u3001\u9996\u306e\u5468\u308a\u306b\u639b\u3051\u308b\u3068\u3044\u3046\u5927\u80c6\u306a\u6301\u3061\u65b9\u3082\u53ef\u80fd\u3002\u99ac\u5177\u88fd\u9020\u6280\u8853\u3067\u4e01\u5be7\u306b\u4ed5\u7acb\u3066\u305f\u7d30\u90e8\u3068\u3001\u30ab\u30fc\u30d5\u30b9\u30a8\u30fc\u30c9\u306e\u88cf\u5730<\/p>\n","protected":false},"featured_media":21439,"template":"","meta":[],"product_cat":[648,2343],"product_tag":[],"class_list":{"0":"post-29738","1":"product","2":"type-product","3":"status-publish","4":"has-post-thumbnail","6":"product_cat-648","7":"product_cat---leo-ja","8":"product_shipping_class-classe-de-livraison-5","9":"pa_porte-331","10":"pa_porte-333","11":"pa_volume-337","13":"first","14":"instock","15":"sold-individually","16":"taxable","17":"shipping-taxable","18":"purchasable","19":"product-type-simple"},"yoast_head":"<!-- This site is optimized with the Yoast SEO plugin v23.1 - https:\/\/yoast.com\/wordpress\/plugins\/seo\/ -->\n<title>Mini sac Leo - Cuir de veau sellier Bronze - C\u00e9saire Paris - Fabriqu\u00e9 en France<\/title>\n<meta name=\"description\" content=\"Leo le mini sac essentiel, pochette verticale \u00e0 double compartiments, pour loger t\u00e9l\u00e9phone, cartes et menus accessoires. L\u00e9o est orn\u00e9 \u00a0sur sa face d\u2019une perforation fleurie pour jouer avec le son et la lumi\u00e8re de votre \u00e9cran.\" \/>\n<meta name=\"robots\" content=\"index, follow, max-snippet:-1, max-image-preview:large, max-video-preview:-1\" \/>\n<link rel=\"canonical\" href=\"https:\/\/www.stephaniecesaire.com\/ja\/boutique\/%e3%83%90%e3%83%83%e3%82%b0\/%e3%83%ac%e3%82%aa\/leo-cuir-de-veau-sellier-bronze\/\" \/>\n<meta property=\"og:locale\" content=\"ja_JP\" \/>\n<meta property=\"og:type\" content=\"article\" \/>\n<meta property=\"og:title\" content=\"Mini sac Leo - Cuir de veau sellier Bronze - C\u00e9saire Paris - Fabriqu\u00e9 en France\" \/>\n<meta property=\"og:description\" content=\"Leo le mini sac essentiel, pochette verticale \u00e0 double compartiments, pour loger t\u00e9l\u00e9phone, cartes et menus accessoires. L\u00e9o est orn\u00e9 \u00a0sur sa face d\u2019une perforation fleurie pour jouer avec le son et la lumi\u00e8re de votre \u00e9cran.\" \/>\n<meta property=\"og:url\" content=\"https:\/\/www.stephaniecesaire.com\/ja\/boutique\/%e3%83%90%e3%83%83%e3%82%b0\/%e3%83%ac%e3%82%aa\/leo-cuir-de-veau-sellier-bronze\/\" \/>\n<meta property=\"og:site_name\" content=\"C\u00e9saire\" \/>\n<meta property=\"article:publisher\" content=\"https:\/\/www.facebook.com\/cesaireparis\/\" \/>\n<meta property=\"article:modified_time\" content=\"2024-06-11T16:46:07+00:00\" \/>\n<meta property=\"og:image\" content=\"https:\/\/www.stephaniecesaire.com\/wp-content\/uploads\/2023\/09\/LeoVPObronzeFace-jpg.webp\" \/>\n\t<meta property=\"og:image:width\" content=\"630\" \/>\n\t<meta property=\"og:image:height\" content=\"945\" \/>\n\t<meta property=\"og:image:type\" content=\"image\/jpeg\" \/>\n<meta name=\"twitter:card\" content=\"summary_large_image\" \/>\n<script type=\"application\/ld+json\" class=\"yoast-schema-graph\">{\"@context\":\"https:\/\/schema.org\",\"@graph\":[{\"@type\":\"WebPage\",\"@id\":\"https:\/\/www.stephaniecesaire.com\/ja\/boutique\/%e3%83%90%e3%83%83%e3%82%b0\/%e3%83%ac%e3%82%aa\/leo-cuir-de-veau-sellier-bronze\/\",\"url\":\"https:\/\/www.stephaniecesaire.com\/ja\/boutique\/%e3%83%90%e3%83%83%e3%82%b0\/%e3%83%ac%e3%82%aa\/leo-cuir-de-veau-sellier-bronze\/\",\"name\":\"Mini sac Leo - Cuir de veau sellier Bronze - C\u00e9saire Paris - Fabriqu\u00e9 en France\",\"isPartOf\":{\"@id\":\"https:\/\/www.stephaniecesaire.com\/ja\/#website\"},\"primaryImageOfPage\":{\"@id\":\"https:\/\/www.stephaniecesaire.com\/ja\/boutique\/%e3%83%90%e3%83%83%e3%82%b0\/%e3%83%ac%e3%82%aa\/leo-cuir-de-veau-sellier-bronze\/#primaryimage\"},\"image\":{\"@id\":\"https:\/\/www.stephaniecesaire.com\/ja\/boutique\/%e3%83%90%e3%83%83%e3%82%b0\/%e3%83%ac%e3%82%aa\/leo-cuir-de-veau-sellier-bronze\/#primaryimage\"},\"thumbnailUrl\":\"https:\/\/www.stephaniecesaire.com\/wp-content\/uploads\/2023\/09\/LeoVPObronzeFace-jpg.webp\",\"datePublished\":\"2021-01-27T17:09:52+00:00\",\"dateModified\":\"2024-06-11T16:46:07+00:00\",\"description\":\"Leo le mini sac essentiel, pochette verticale \u00e0 double compartiments, pour loger t\u00e9l\u00e9phone, cartes et menus accessoires. L\u00e9o est orn\u00e9 \u00a0sur sa face d\u2019une perforation fleurie pour jouer avec le son et la lumi\u00e8re de votre \u00e9cran.\",\"breadcrumb\":{\"@id\":\"https:\/\/www.stephaniecesaire.com\/ja\/boutique\/%e3%83%90%e3%83%83%e3%82%b0\/%e3%83%ac%e3%82%aa\/leo-cuir-de-veau-sellier-bronze\/#breadcrumb\"},\"inLanguage\":\"ja\",\"potentialAction\":[{\"@type\":\"ReadAction\",\"target\":[\"https:\/\/www.stephaniecesaire.com\/ja\/boutique\/%e3%83%90%e3%83%83%e3%82%b0\/%e3%83%ac%e3%82%aa\/leo-cuir-de-veau-sellier-bronze\/\"]}]},{\"@type\":\"ImageObject\",\"inLanguage\":\"ja\",\"@id\":\"https:\/\/www.stephaniecesaire.com\/ja\/boutique\/%e3%83%90%e3%83%83%e3%82%b0\/%e3%83%ac%e3%82%aa\/leo-cuir-de-veau-sellier-bronze\/#primaryimage\",\"url\":\"https:\/\/www.stephaniecesaire.com\/wp-content\/uploads\/2023\/09\/LeoVPObronzeFace-jpg.webp\",\"contentUrl\":\"https:\/\/www.stephaniecesaire.com\/wp-content\/uploads\/2023\/09\/LeoVPObronzeFace-jpg.webp\",\"width\":630,\"height\":945},{\"@type\":\"BreadcrumbList\",\"@id\":\"https:\/\/www.stephaniecesaire.com\/ja\/boutique\/%e3%83%90%e3%83%83%e3%82%b0\/%e3%83%ac%e3%82%aa\/leo-cuir-de-veau-sellier-bronze\/#breadcrumb\",\"itemListElement\":[{\"@type\":\"ListItem\",\"position\":1,\"name\":\"Accueil\",\"item\":\"https:\/\/www.stephaniecesaire.com\/ja\/\"},{\"@type\":\"ListItem\",\"position\":2,\"name\":\"\u30b7\u30e7\u30c3\u30d7\",\"item\":\"https:\/\/www.stephaniecesaire.com\/ja\/%e3%82%b7%e3%83%a7%e3%83%83%e3%83%97\/\"},{\"@type\":\"ListItem\",\"position\":3,\"name\":\"\u30ec\u30aa\u30fb \u4e57\u7528\u99ac \u30ab\u30fc\u30d5\u30ec\u30b6\u30fc\u30fb\u30d6\u30ed\u30f3\u30ba\"}]},{\"@type\":\"WebSite\",\"@id\":\"https:\/\/www.stephaniecesaire.com\/ja\/#website\",\"url\":\"https:\/\/www.stephaniecesaire.com\/ja\/\",\"name\":\"St\u00e9phanie C\u00e9saire\",\"description\":\"Sac cr\u00e9ateur made in France - Maroquinerie de luxe\",\"publisher\":{\"@id\":\"https:\/\/www.stephaniecesaire.com\/ja\/#organization\"},\"potentialAction\":[{\"@type\":\"SearchAction\",\"target\":{\"@type\":\"EntryPoint\",\"urlTemplate\":\"https:\/\/www.stephaniecesaire.com\/ja\/?s={search_term_string}\"},\"query-input\":\"required name=search_term_string\"}],\"inLanguage\":\"ja\"},{\"@type\":\"Organization\",\"@id\":\"https:\/\/www.stephaniecesaire.com\/ja\/#organization\",\"name\":\"St\u00e9phanie C\u00e9saire\",\"url\":\"https:\/\/www.stephaniecesaire.com\/ja\/\",\"logo\":{\"@type\":\"ImageObject\",\"inLanguage\":\"ja\",\"@id\":\"https:\/\/www.stephaniecesaire.com\/ja\/#\/schema\/logo\/image\/\",\"url\":\"https:\/\/www.stephaniecesaire.com\/wp-content\/uploads\/2023\/10\/favicon.png\",\"contentUrl\":\"https:\/\/www.stephaniecesaire.com\/wp-content\/uploads\/2023\/10\/favicon.png\",\"width\":512,\"height\":512,\"caption\":\"St\u00e9phanie C\u00e9saire\"},\"image\":{\"@id\":\"https:\/\/www.stephaniecesaire.com\/ja\/#\/schema\/logo\/image\/\"},\"sameAs\":[\"https:\/\/www.facebook.com\/cesaireparis\/\",\"https:\/\/www.pinterest.fr\/cesaireparis\/\",\"https:\/\/www.instagram.com\/cesaireparis.official\/\"]}]}<\/script>\n<!-- \/ Yoast SEO plugin. -->","yoast_head_json":{"title":"Mini sac Leo - Cuir de veau sellier Bronze - C\u00e9saire Paris - Fabriqu\u00e9 en France","description":"Leo le mini sac essentiel, pochette verticale \u00e0 double compartiments, pour loger t\u00e9l\u00e9phone, cartes et menus accessoires. L\u00e9o est orn\u00e9 \u00a0sur sa face d\u2019une perforation fleurie pour jouer avec le son et la lumi\u00e8re de votre \u00e9cran.","robots":{"index":"index","follow":"follow","max-snippet":"max-snippet:-1","max-image-preview":"max-image-preview:large","max-video-preview":"max-video-preview:-1"},"canonical":"https:\/\/www.stephaniecesaire.com\/ja\/boutique\/%e3%83%90%e3%83%83%e3%82%b0\/%e3%83%ac%e3%82%aa\/leo-cuir-de-veau-sellier-bronze\/","og_locale":"ja_JP","og_type":"article","og_title":"Mini sac Leo - Cuir de veau sellier Bronze - C\u00e9saire Paris - Fabriqu\u00e9 en France","og_description":"Leo le mini sac essentiel, pochette verticale \u00e0 double compartiments, pour loger t\u00e9l\u00e9phone, cartes et menus accessoires. L\u00e9o est orn\u00e9 \u00a0sur sa face d\u2019une perforation fleurie pour jouer avec le son et la lumi\u00e8re de votre \u00e9cran.","og_url":"https:\/\/www.stephaniecesaire.com\/ja\/boutique\/%e3%83%90%e3%83%83%e3%82%b0\/%e3%83%ac%e3%82%aa\/leo-cuir-de-veau-sellier-bronze\/","og_site_name":"C\u00e9saire","article_publisher":"https:\/\/www.facebook.com\/cesaireparis\/","article_modified_time":"2024-06-11T16:46:07+00:00","og_image":[{"width":630,"height":945,"url":"https:\/\/www.stephaniecesaire.com\/wp-content\/uploads\/2023\/09\/LeoVPObronzeFace-jpg.webp","type":"image\/jpeg"}],"twitter_card":"summary_large_image","schema":{"@context":"https:\/\/schema.org","@graph":[{"@type":"WebPage","@id":"https:\/\/www.stephaniecesaire.com\/ja\/boutique\/%e3%83%90%e3%83%83%e3%82%b0\/%e3%83%ac%e3%82%aa\/leo-cuir-de-veau-sellier-bronze\/","url":"https:\/\/www.stephaniecesaire.com\/ja\/boutique\/%e3%83%90%e3%83%83%e3%82%b0\/%e3%83%ac%e3%82%aa\/leo-cuir-de-veau-sellier-bronze\/","name":"Mini sac Leo - Cuir de veau sellier Bronze - C\u00e9saire Paris - Fabriqu\u00e9 en France","isPartOf":{"@id":"https:\/\/www.stephaniecesaire.com\/ja\/#website"},"primaryImageOfPage":{"@id":"https:\/\/www.stephaniecesaire.com\/ja\/boutique\/%e3%83%90%e3%83%83%e3%82%b0\/%e3%83%ac%e3%82%aa\/leo-cuir-de-veau-sellier-bronze\/#primaryimage"},"image":{"@id":"https:\/\/www.stephaniecesaire.com\/ja\/boutique\/%e3%83%90%e3%83%83%e3%82%b0\/%e3%83%ac%e3%82%aa\/leo-cuir-de-veau-sellier-bronze\/#primaryimage"},"thumbnailUrl":"https:\/\/www.stephaniecesaire.com\/wp-content\/uploads\/2023\/09\/LeoVPObronzeFace-jpg.webp","datePublished":"2021-01-27T17:09:52+00:00","dateModified":"2024-06-11T16:46:07+00:00","description":"Leo le mini sac essentiel, pochette verticale \u00e0 double compartiments, pour loger t\u00e9l\u00e9phone, cartes et menus accessoires. L\u00e9o est orn\u00e9 \u00a0sur sa face d\u2019une perforation fleurie pour jouer avec le son et la lumi\u00e8re de votre \u00e9cran.","breadcrumb":{"@id":"https:\/\/www.stephaniecesaire.com\/ja\/boutique\/%e3%83%90%e3%83%83%e3%82%b0\/%e3%83%ac%e3%82%aa\/leo-cuir-de-veau-sellier-bronze\/#breadcrumb"},"inLanguage":"ja","potentialAction":[{"@type":"ReadAction","target":["https:\/\/www.stephaniecesaire.com\/ja\/boutique\/%e3%83%90%e3%83%83%e3%82%b0\/%e3%83%ac%e3%82%aa\/leo-cuir-de-veau-sellier-bronze\/"]}]},{"@type":"ImageObject","inLanguage":"ja","@id":"https:\/\/www.stephaniecesaire.com\/ja\/boutique\/%e3%83%90%e3%83%83%e3%82%b0\/%e3%83%ac%e3%82%aa\/leo-cuir-de-veau-sellier-bronze\/#primaryimage","url":"https:\/\/www.stephaniecesaire.com\/wp-content\/uploads\/2023\/09\/LeoVPObronzeFace-jpg.webp","contentUrl":"https:\/\/www.stephaniecesaire.com\/wp-content\/uploads\/2023\/09\/LeoVPObronzeFace-jpg.webp","width":630,"height":945},{"@type":"BreadcrumbList","@id":"https:\/\/www.stephaniecesaire.com\/ja\/boutique\/%e3%83%90%e3%83%83%e3%82%b0\/%e3%83%ac%e3%82%aa\/leo-cuir-de-veau-sellier-bronze\/#breadcrumb","itemListElement":[{"@type":"ListItem","position":1,"name":"Accueil","item":"https:\/\/www.stephaniecesaire.com\/ja\/"},{"@type":"ListItem","position":2,"name":"\u30b7\u30e7\u30c3\u30d7","item":"https:\/\/www.stephaniecesaire.com\/ja\/%e3%82%b7%e3%83%a7%e3%83%83%e3%83%97\/"},{"@type":"ListItem","position":3,"name":"\u30ec\u30aa\u30fb \u4e57\u7528\u99ac \u30ab\u30fc\u30d5\u30ec\u30b6\u30fc\u30fb\u30d6\u30ed\u30f3\u30ba"}]},{"@type":"WebSite","@id":"https:\/\/www.stephaniecesaire.com\/ja\/#website","url":"https:\/\/www.stephaniecesaire.com\/ja\/","name":"St\u00e9phanie C\u00e9saire","description":"Sac cr\u00e9ateur made in France - Maroquinerie de luxe","publisher":{"@id":"https:\/\/www.stephaniecesaire.com\/ja\/#organization"},"potentialAction":[{"@type":"SearchAction","target":{"@type":"EntryPoint","urlTemplate":"https:\/\/www.stephaniecesaire.com\/ja\/?s={search_term_string}"},"query-input":"required name=search_term_string"}],"inLanguage":"ja"},{"@type":"Organization","@id":"https:\/\/www.stephaniecesaire.com\/ja\/#organization","name":"St\u00e9phanie C\u00e9saire","url":"https:\/\/www.stephaniecesaire.com\/ja\/","logo":{"@type":"ImageObject","inLanguage":"ja","@id":"https:\/\/www.stephaniecesaire.com\/ja\/#\/schema\/logo\/image\/","url":"https:\/\/www.stephaniecesaire.com\/wp-content\/uploads\/2023\/10\/favicon.png","contentUrl":"https:\/\/www.stephaniecesaire.com\/wp-content\/uploads\/2023\/10\/favicon.png","width":512,"height":512,"caption":"St\u00e9phanie C\u00e9saire"},"image":{"@id":"https:\/\/www.stephaniecesaire.com\/ja\/#\/schema\/logo\/image\/"},"sameAs":["https:\/\/www.facebook.com\/cesaireparis\/","https:\/\/www.pinterest.fr\/cesaireparis\/","https:\/\/www.instagram.com\/cesaireparis.official\/"]}]}},"_links":{"self":[{"href":"https:\/\/www.stephaniecesaire.com\/ja\/wp-json\/wp\/v2\/product\/29738","targetHints":{"allow":["GET"]}}],"collection":[{"href":"https:\/\/www.stephaniecesaire.com\/ja\/wp-json\/wp\/v2\/product"}],"about":[{"href":"https:\/\/www.stephaniecesaire.com\/ja\/wp-json\/wp\/v2\/types\/product"}],"wp:featuredmedia":[{"embeddable":true,"href":"https:\/\/www.stephaniecesaire.com\/ja\/wp-json\/wp\/v2\/media\/21439"}],"wp:attachment":[{"href":"https:\/\/www.stephaniecesaire.com\/ja\/wp-json\/wp\/v2\/media?parent=29738"}],"wp:term":[{"taxonomy":"product_cat","embeddable":true,"href":"https:\/\/www.stephaniecesaire.com\/ja\/wp-json\/wp\/v2\/product_cat?post=29738"},{"taxonomy":"product_tag","embeddable":true,"href":"https:\/\/www.stephaniecesaire.com\/ja\/wp-json\/wp\/v2\/product_tag?post=29738"}],"curies":[{"name":"wp","href":"https:\/\/api.w.org\/{rel}","templated":true}]}}