{"id":29755,"date":"2021-11-10T17:03:23","date_gmt":"2021-11-10T16:03:23","guid":{"rendered":"https:\/\/stephaniecesaire.com\/boutique\/uncategorized\/titania-cuir-de-veau-mat-noir\/"},"modified":"2025-07-23T19:04:00","modified_gmt":"2025-07-23T17:04:00","slug":"titania-cuir-de-veau-mat-noir","status":"publish","type":"product","link":"https:\/\/www.stephaniecesaire.com\/ja\/boutique\/%e3%83%90%e3%83%83%e3%82%b0\/%e3%83%86%e3%82%a3%e3%82%bf%e3%83%8b%e3%82%a2\/titania-cuir-de-veau-mat-noir\/","title":{"rendered":"\u30c6\u30a3\u30bf\u30cb\u30a2\u30fb\u30de\u30c3\u30c8\u30ab\u30fc\u30d5\u30b9\u30ad\u30f3\u30fb\u30d6\u30e9\u30c3\u30af"},"content":{"rendered":"<p>\u30c6\u30a3\u30bf\u30cb\u30a2\u306f\u7acb\u4f53\u7684\u306a\u30cf\u30f3\u30c9\u30eb\u304c\u7f8e\u3057\u3044\u30cf\u30f3\u30c9\u30d0\u30c3\u30b0\u3002\u307e\u305f\u30012\u3064\u306e\u30ab\u30e9\u30d3\u30ca\u3067\u53d6\u308a\u5916\u3057\u53ef\u80fd\u306a\u30c1\u30a7\u30fc\u30f3\u3092\u4ed8\u3051\u308c\u3070\u30af\u30ed\u30b9\u30aa\u30fc\u30d0\u30fc\u6301\u3061\u3082\u53ef\u80fd\u3067\u3059\u3002\u30de\u30b0\u30cd\u30c3\u30c8\u3067\u958b\u9589\u3067\u304d\u308b\u30d5\u30e9\u30c3\u30d7\u306e\u4e0b\u306b\u306f\u3001\u30ab\u30fc\u30d5\u30b9\u30a8\u30fc\u30c9\u306e\u88cf\u5730\u3092\u65bd\u3057\u305f\u30a2\u30b3\u30fc\u30c7\u30a3\u30aa\u30f3\u4ed5\u69d8\u306e\u30dd\u30b1\u30c3\u30c8\u3068\u3001\u30b3\u30c3\u30c8\u30f3\u30b5\u30fc\u30b8\u306e\u88cf\u5730\u4ed8\u304d\u306e\u5927\u578b\u30b8\u30c3\u30d7\u30b3\u30f3\u30d1\u30fc\u30c8\u30e1\u30f3\u30c8\u304c\u3002\u30d5\u30e9\u30f3\u30b9\u88fd\u3002<\/p>\n","protected":false},"excerpt":{"rendered":"<p>\u30c6\u30a3\u30bf\u30cb\u30a2\u306f\u30de\u30b0\u30cd\u30c3\u30c8\u5f0f\u306e\u30d5\u30e9\u30c3\u30d7\u304c\u4fbf\u5229\u306a\u300c\u30d0\u30b2\u30c3\u30c8\u30d0\u30c3\u30b0\u300d\u3002\u7acb\u4f53\u611f\u3068\u67d4\u3089\u304b\u306a\u30ab\u30fc\u30d6\u304c\u7f8e\u3057\u3044\u30cf\u30f3\u30c9\u30eb\u3067\u30ec\u30c8\u30ed\u611f\u3092\u697d\u3057\u3081\u308b\u30a2\u30a4\u30c6\u30e0\u3067\u3059\u3002\u53d6\u308a\u5916\u3057\u53ef\u80fd\u306a\u30c1\u30a7\u30fc\u30f3\u3067\u30af\u30ed\u30b9\u30aa\u30fc\u30d0\u30fc\u306b\u6301\u3066\u3070\u3001\u30c8\u30ec\u30f3\u30c9\u611f\u6ea2\u308c\u308b\u30a2\u30fc\u30d0\u30f3\u30fb\u30df\u30cb\u30de\u30eb\u30b9\u30bf\u30a4\u30eb\u306b\u3002<\/p>\n","protected":false},"featured_media":39140,"template":"","meta":[],"product_cat":[665],"product_tag":[673],"class_list":{"0":"post-29755","1":"product","2":"type-product","3":"status-publish","4":"has-post-thumbnail","6":"product_cat-665","7":"product_tag-673","8":"product_shipping_class-classe-de-livraison-2","9":"pa_porte-331","10":"pa_porte-333","11":"pa_porte-329","12":"pa_volume-337","14":"first","15":"instock","16":"sold-individually","17":"taxable","18":"shipping-taxable","19":"purchasable","20":"product-type-simple"},"yoast_head":"<!-- This site is optimized with the Yoast SEO plugin v23.1 - https:\/\/yoast.com\/wordpress\/plugins\/seo\/ -->\n<title>\u30c6\u30a3\u30bf\u30cb\u30a2 \u2013 \u30ec\u30b6\u30fc\u30d0\u30b2\u30c3\u30c8\u30d0\u30c3\u30b0\uff5c\u30d5\u30e9\u30f3\u30b9\u8077\u4eba\u88fd\uff5c\u30bb\u30bc\u30fc\u30eb\u30fb\u30d1\u30ea<\/title>\n<meta name=\"description\" content=\"\u30ec\u30c8\u30ed\u3067\u6d17\u7df4\u3055\u308c\u305f\u30ec\u30b6\u30fc\u30d0\u30b2\u30c3\u30c8\u30d0\u30c3\u30b0\u3002Titania\u306f\u30d5\u30e9\u30f3\u30b9\u8077\u4eba\u306e\u624b\u4ed5\u4e8b\u306b\u3088\u308b\u30a8\u30ec\u30ac\u30f3\u30b9\u3092\u4f53\u73fe\u3057\u307e\u3059\u3002\" \/>\n<meta name=\"robots\" content=\"index, follow, max-snippet:-1, max-image-preview:large, max-video-preview:-1\" \/>\n<link rel=\"canonical\" href=\"https:\/\/www.stephaniecesaire.com\/ja\/boutique\/%e3%83%90%e3%83%83%e3%82%b0\/%e3%83%86%e3%82%a3%e3%82%bf%e3%83%8b%e3%82%a2\/titania-cuir-de-veau-mat-noir\/\" \/>\n<meta property=\"og:locale\" content=\"ja_JP\" \/>\n<meta property=\"og:type\" content=\"article\" \/>\n<meta property=\"og:title\" content=\"\u30c6\u30a3\u30bf\u30cb\u30a2 \u2013 \u30ec\u30b6\u30fc\u30d0\u30b2\u30c3\u30c8\u30d0\u30c3\u30b0\uff5c\u30d5\u30e9\u30f3\u30b9\u8077\u4eba\u88fd\uff5c\u30bb\u30bc\u30fc\u30eb\u30fb\u30d1\u30ea\" \/>\n<meta property=\"og:description\" content=\"\u30ec\u30c8\u30ed\u3067\u6d17\u7df4\u3055\u308c\u305f\u30ec\u30b6\u30fc\u30d0\u30b2\u30c3\u30c8\u30d0\u30c3\u30b0\u3002Titania\u306f\u30d5\u30e9\u30f3\u30b9\u8077\u4eba\u306e\u624b\u4ed5\u4e8b\u306b\u3088\u308b\u30a8\u30ec\u30ac\u30f3\u30b9\u3092\u4f53\u73fe\u3057\u307e\u3059\u3002\" \/>\n<meta property=\"og:url\" content=\"https:\/\/www.stephaniecesaire.com\/ja\/boutique\/%e3%83%90%e3%83%83%e3%82%b0\/%e3%83%86%e3%82%a3%e3%82%bf%e3%83%8b%e3%82%a2\/titania-cuir-de-veau-mat-noir\/\" \/>\n<meta property=\"og:site_name\" content=\"C\u00e9saire\" \/>\n<meta property=\"article:publisher\" content=\"https:\/\/www.facebook.com\/cesaireparis\/\" \/>\n<meta property=\"article:modified_time\" content=\"2025-07-23T17:04:00+00:00\" \/>\n<meta property=\"og:image\" content=\"https:\/\/www.stephaniecesaire.com\/wp-content\/uploads\/2021\/11\/TitaniaVPONoirFace.jpg\" \/>\n\t<meta property=\"og:image:width\" content=\"630\" \/>\n\t<meta property=\"og:image:height\" content=\"945\" \/>\n\t<meta property=\"og:image:type\" content=\"image\/jpeg\" \/>\n<meta name=\"twitter:card\" content=\"summary_large_image\" \/>\n<meta name=\"twitter:label1\" content=\"\u63a8\u5b9a\u8aad\u307f\u53d6\u308a\u6642\u9593\" \/>\n\t<meta name=\"twitter:data1\" content=\"1\u5206\" \/>\n<script type=\"application\/ld+json\" class=\"yoast-schema-graph\">{\"@context\":\"https:\/\/schema.org\",\"@graph\":[{\"@type\":\"WebPage\",\"@id\":\"https:\/\/www.stephaniecesaire.com\/ja\/boutique\/%e3%83%90%e3%83%83%e3%82%b0\/%e3%83%86%e3%82%a3%e3%82%bf%e3%83%8b%e3%82%a2\/titania-cuir-de-veau-mat-noir\/\",\"url\":\"https:\/\/www.stephaniecesaire.com\/ja\/boutique\/%e3%83%90%e3%83%83%e3%82%b0\/%e3%83%86%e3%82%a3%e3%82%bf%e3%83%8b%e3%82%a2\/titania-cuir-de-veau-mat-noir\/\",\"name\":\"\u30c6\u30a3\u30bf\u30cb\u30a2 \u2013 \u30ec\u30b6\u30fc\u30d0\u30b2\u30c3\u30c8\u30d0\u30c3\u30b0\uff5c\u30d5\u30e9\u30f3\u30b9\u8077\u4eba\u88fd\uff5c\u30bb\u30bc\u30fc\u30eb\u30fb\u30d1\u30ea\",\"isPartOf\":{\"@id\":\"https:\/\/www.stephaniecesaire.com\/ja\/#website\"},\"primaryImageOfPage\":{\"@id\":\"https:\/\/www.stephaniecesaire.com\/ja\/boutique\/%e3%83%90%e3%83%83%e3%82%b0\/%e3%83%86%e3%82%a3%e3%82%bf%e3%83%8b%e3%82%a2\/titania-cuir-de-veau-mat-noir\/#primaryimage\"},\"image\":{\"@id\":\"https:\/\/www.stephaniecesaire.com\/ja\/boutique\/%e3%83%90%e3%83%83%e3%82%b0\/%e3%83%86%e3%82%a3%e3%82%bf%e3%83%8b%e3%82%a2\/titania-cuir-de-veau-mat-noir\/#primaryimage\"},\"thumbnailUrl\":\"https:\/\/www.stephaniecesaire.com\/wp-content\/uploads\/2021\/11\/TitaniaVPONoirFace.jpg\",\"datePublished\":\"2021-11-10T16:03:23+00:00\",\"dateModified\":\"2025-07-23T17:04:00+00:00\",\"description\":\"\u30ec\u30c8\u30ed\u3067\u6d17\u7df4\u3055\u308c\u305f\u30ec\u30b6\u30fc\u30d0\u30b2\u30c3\u30c8\u30d0\u30c3\u30b0\u3002Titania\u306f\u30d5\u30e9\u30f3\u30b9\u8077\u4eba\u306e\u624b\u4ed5\u4e8b\u306b\u3088\u308b\u30a8\u30ec\u30ac\u30f3\u30b9\u3092\u4f53\u73fe\u3057\u307e\u3059\u3002\",\"breadcrumb\":{\"@id\":\"https:\/\/www.stephaniecesaire.com\/ja\/boutique\/%e3%83%90%e3%83%83%e3%82%b0\/%e3%83%86%e3%82%a3%e3%82%bf%e3%83%8b%e3%82%a2\/titania-cuir-de-veau-mat-noir\/#breadcrumb\"},\"inLanguage\":\"ja\",\"potentialAction\":[{\"@type\":\"ReadAction\",\"target\":[\"https:\/\/www.stephaniecesaire.com\/ja\/boutique\/%e3%83%90%e3%83%83%e3%82%b0\/%e3%83%86%e3%82%a3%e3%82%bf%e3%83%8b%e3%82%a2\/titania-cuir-de-veau-mat-noir\/\"]}]},{\"@type\":\"ImageObject\",\"inLanguage\":\"ja\",\"@id\":\"https:\/\/www.stephaniecesaire.com\/ja\/boutique\/%e3%83%90%e3%83%83%e3%82%b0\/%e3%83%86%e3%82%a3%e3%82%bf%e3%83%8b%e3%82%a2\/titania-cuir-de-veau-mat-noir\/#primaryimage\",\"url\":\"https:\/\/www.stephaniecesaire.com\/wp-content\/uploads\/2021\/11\/TitaniaVPONoirFace.jpg\",\"contentUrl\":\"https:\/\/www.stephaniecesaire.com\/wp-content\/uploads\/2021\/11\/TitaniaVPONoirFace.jpg\",\"width\":630,\"height\":945,\"caption\":\"\u30c6\u30a3\u30bf\u30cb\u30a2 \u2013 \u30ec\u30b6\u30fc\u30d0\u30b2\u30c3\u30c8\u30d0\u30c3\u30b0\uff5c\u30d5\u30e9\u30f3\u30b9\u8077\u4eba\u88fd\uff5c\u30bb\u30bc\u30fc\u30eb\u30fb\u30d1\u30ea\"},{\"@type\":\"BreadcrumbList\",\"@id\":\"https:\/\/www.stephaniecesaire.com\/ja\/boutique\/%e3%83%90%e3%83%83%e3%82%b0\/%e3%83%86%e3%82%a3%e3%82%bf%e3%83%8b%e3%82%a2\/titania-cuir-de-veau-mat-noir\/#breadcrumb\",\"itemListElement\":[{\"@type\":\"ListItem\",\"position\":1,\"name\":\"Accueil\",\"item\":\"https:\/\/www.stephaniecesaire.com\/ja\/\"},{\"@type\":\"ListItem\",\"position\":2,\"name\":\"\u30b7\u30e7\u30c3\u30d7\",\"item\":\"https:\/\/www.stephaniecesaire.com\/ja\/%e3%82%b7%e3%83%a7%e3%83%83%e3%83%97\/\"},{\"@type\":\"ListItem\",\"position\":3,\"name\":\"\u30c6\u30a3\u30bf\u30cb\u30a2\u30fb\u30de\u30c3\u30c8\u30ab\u30fc\u30d5\u30b9\u30ad\u30f3\u30fb\u30d6\u30e9\u30c3\u30af\"}]},{\"@type\":\"WebSite\",\"@id\":\"https:\/\/www.stephaniecesaire.com\/ja\/#website\",\"url\":\"https:\/\/www.stephaniecesaire.com\/ja\/\",\"name\":\"St\u00e9phanie C\u00e9saire\",\"description\":\"Sac cr\u00e9ateur made in France - Maroquinerie de luxe\",\"publisher\":{\"@id\":\"https:\/\/www.stephaniecesaire.com\/ja\/#organization\"},\"potentialAction\":[{\"@type\":\"SearchAction\",\"target\":{\"@type\":\"EntryPoint\",\"urlTemplate\":\"https:\/\/www.stephaniecesaire.com\/ja\/?s={search_term_string}\"},\"query-input\":\"required name=search_term_string\"}],\"inLanguage\":\"ja\"},{\"@type\":\"Organization\",\"@id\":\"https:\/\/www.stephaniecesaire.com\/ja\/#organization\",\"name\":\"St\u00e9phanie C\u00e9saire\",\"url\":\"https:\/\/www.stephaniecesaire.com\/ja\/\",\"logo\":{\"@type\":\"ImageObject\",\"inLanguage\":\"ja\",\"@id\":\"https:\/\/www.stephaniecesaire.com\/ja\/#\/schema\/logo\/image\/\",\"url\":\"https:\/\/www.stephaniecesaire.com\/wp-content\/uploads\/2023\/10\/favicon.png\",\"contentUrl\":\"https:\/\/www.stephaniecesaire.com\/wp-content\/uploads\/2023\/10\/favicon.png\",\"width\":512,\"height\":512,\"caption\":\"St\u00e9phanie C\u00e9saire\"},\"image\":{\"@id\":\"https:\/\/www.stephaniecesaire.com\/ja\/#\/schema\/logo\/image\/\"},\"sameAs\":[\"https:\/\/www.facebook.com\/cesaireparis\/\",\"https:\/\/www.pinterest.fr\/cesaireparis\/\",\"https:\/\/www.instagram.com\/cesaireparis.official\/\"]}]}<\/script>\n<!-- \/ Yoast SEO plugin. -->","yoast_head_json":{"title":"\u30c6\u30a3\u30bf\u30cb\u30a2 \u2013 \u30ec\u30b6\u30fc\u30d0\u30b2\u30c3\u30c8\u30d0\u30c3\u30b0\uff5c\u30d5\u30e9\u30f3\u30b9\u8077\u4eba\u88fd\uff5c\u30bb\u30bc\u30fc\u30eb\u30fb\u30d1\u30ea","description":"\u30ec\u30c8\u30ed\u3067\u6d17\u7df4\u3055\u308c\u305f\u30ec\u30b6\u30fc\u30d0\u30b2\u30c3\u30c8\u30d0\u30c3\u30b0\u3002Titania\u306f\u30d5\u30e9\u30f3\u30b9\u8077\u4eba\u306e\u624b\u4ed5\u4e8b\u306b\u3088\u308b\u30a8\u30ec\u30ac\u30f3\u30b9\u3092\u4f53\u73fe\u3057\u307e\u3059\u3002","robots":{"index":"index","follow":"follow","max-snippet":"max-snippet:-1","max-image-preview":"max-image-preview:large","max-video-preview":"max-video-preview:-1"},"canonical":"https:\/\/www.stephaniecesaire.com\/ja\/boutique\/%e3%83%90%e3%83%83%e3%82%b0\/%e3%83%86%e3%82%a3%e3%82%bf%e3%83%8b%e3%82%a2\/titania-cuir-de-veau-mat-noir\/","og_locale":"ja_JP","og_type":"article","og_title":"\u30c6\u30a3\u30bf\u30cb\u30a2 \u2013 \u30ec\u30b6\u30fc\u30d0\u30b2\u30c3\u30c8\u30d0\u30c3\u30b0\uff5c\u30d5\u30e9\u30f3\u30b9\u8077\u4eba\u88fd\uff5c\u30bb\u30bc\u30fc\u30eb\u30fb\u30d1\u30ea","og_description":"\u30ec\u30c8\u30ed\u3067\u6d17\u7df4\u3055\u308c\u305f\u30ec\u30b6\u30fc\u30d0\u30b2\u30c3\u30c8\u30d0\u30c3\u30b0\u3002Titania\u306f\u30d5\u30e9\u30f3\u30b9\u8077\u4eba\u306e\u624b\u4ed5\u4e8b\u306b\u3088\u308b\u30a8\u30ec\u30ac\u30f3\u30b9\u3092\u4f53\u73fe\u3057\u307e\u3059\u3002","og_url":"https:\/\/www.stephaniecesaire.com\/ja\/boutique\/%e3%83%90%e3%83%83%e3%82%b0\/%e3%83%86%e3%82%a3%e3%82%bf%e3%83%8b%e3%82%a2\/titania-cuir-de-veau-mat-noir\/","og_site_name":"C\u00e9saire","article_publisher":"https:\/\/www.facebook.com\/cesaireparis\/","article_modified_time":"2025-07-23T17:04:00+00:00","og_image":[{"width":630,"height":945,"url":"https:\/\/www.stephaniecesaire.com\/wp-content\/uploads\/2021\/11\/TitaniaVPONoirFace.jpg","type":"image\/jpeg"}],"twitter_card":"summary_large_image","twitter_misc":{"\u63a8\u5b9a\u8aad\u307f\u53d6\u308a\u6642\u9593":"1\u5206"},"schema":{"@context":"https:\/\/schema.org","@graph":[{"@type":"WebPage","@id":"https:\/\/www.stephaniecesaire.com\/ja\/boutique\/%e3%83%90%e3%83%83%e3%82%b0\/%e3%83%86%e3%82%a3%e3%82%bf%e3%83%8b%e3%82%a2\/titania-cuir-de-veau-mat-noir\/","url":"https:\/\/www.stephaniecesaire.com\/ja\/boutique\/%e3%83%90%e3%83%83%e3%82%b0\/%e3%83%86%e3%82%a3%e3%82%bf%e3%83%8b%e3%82%a2\/titania-cuir-de-veau-mat-noir\/","name":"\u30c6\u30a3\u30bf\u30cb\u30a2 \u2013 \u30ec\u30b6\u30fc\u30d0\u30b2\u30c3\u30c8\u30d0\u30c3\u30b0\uff5c\u30d5\u30e9\u30f3\u30b9\u8077\u4eba\u88fd\uff5c\u30bb\u30bc\u30fc\u30eb\u30fb\u30d1\u30ea","isPartOf":{"@id":"https:\/\/www.stephaniecesaire.com\/ja\/#website"},"primaryImageOfPage":{"@id":"https:\/\/www.stephaniecesaire.com\/ja\/boutique\/%e3%83%90%e3%83%83%e3%82%b0\/%e3%83%86%e3%82%a3%e3%82%bf%e3%83%8b%e3%82%a2\/titania-cuir-de-veau-mat-noir\/#primaryimage"},"image":{"@id":"https:\/\/www.stephaniecesaire.com\/ja\/boutique\/%e3%83%90%e3%83%83%e3%82%b0\/%e3%83%86%e3%82%a3%e3%82%bf%e3%83%8b%e3%82%a2\/titania-cuir-de-veau-mat-noir\/#primaryimage"},"thumbnailUrl":"https:\/\/www.stephaniecesaire.com\/wp-content\/uploads\/2021\/11\/TitaniaVPONoirFace.jpg","datePublished":"2021-11-10T16:03:23+00:00","dateModified":"2025-07-23T17:04:00+00:00","description":"\u30ec\u30c8\u30ed\u3067\u6d17\u7df4\u3055\u308c\u305f\u30ec\u30b6\u30fc\u30d0\u30b2\u30c3\u30c8\u30d0\u30c3\u30b0\u3002Titania\u306f\u30d5\u30e9\u30f3\u30b9\u8077\u4eba\u306e\u624b\u4ed5\u4e8b\u306b\u3088\u308b\u30a8\u30ec\u30ac\u30f3\u30b9\u3092\u4f53\u73fe\u3057\u307e\u3059\u3002","breadcrumb":{"@id":"https:\/\/www.stephaniecesaire.com\/ja\/boutique\/%e3%83%90%e3%83%83%e3%82%b0\/%e3%83%86%e3%82%a3%e3%82%bf%e3%83%8b%e3%82%a2\/titania-cuir-de-veau-mat-noir\/#breadcrumb"},"inLanguage":"ja","potentialAction":[{"@type":"ReadAction","target":["https:\/\/www.stephaniecesaire.com\/ja\/boutique\/%e3%83%90%e3%83%83%e3%82%b0\/%e3%83%86%e3%82%a3%e3%82%bf%e3%83%8b%e3%82%a2\/titania-cuir-de-veau-mat-noir\/"]}]},{"@type":"ImageObject","inLanguage":"ja","@id":"https:\/\/www.stephaniecesaire.com\/ja\/boutique\/%e3%83%90%e3%83%83%e3%82%b0\/%e3%83%86%e3%82%a3%e3%82%bf%e3%83%8b%e3%82%a2\/titania-cuir-de-veau-mat-noir\/#primaryimage","url":"https:\/\/www.stephaniecesaire.com\/wp-content\/uploads\/2021\/11\/TitaniaVPONoirFace.jpg","contentUrl":"https:\/\/www.stephaniecesaire.com\/wp-content\/uploads\/2021\/11\/TitaniaVPONoirFace.jpg","width":630,"height":945,"caption":"\u30c6\u30a3\u30bf\u30cb\u30a2 \u2013 \u30ec\u30b6\u30fc\u30d0\u30b2\u30c3\u30c8\u30d0\u30c3\u30b0\uff5c\u30d5\u30e9\u30f3\u30b9\u8077\u4eba\u88fd\uff5c\u30bb\u30bc\u30fc\u30eb\u30fb\u30d1\u30ea"},{"@type":"BreadcrumbList","@id":"https:\/\/www.stephaniecesaire.com\/ja\/boutique\/%e3%83%90%e3%83%83%e3%82%b0\/%e3%83%86%e3%82%a3%e3%82%bf%e3%83%8b%e3%82%a2\/titania-cuir-de-veau-mat-noir\/#breadcrumb","itemListElement":[{"@type":"ListItem","position":1,"name":"Accueil","item":"https:\/\/www.stephaniecesaire.com\/ja\/"},{"@type":"ListItem","position":2,"name":"\u30b7\u30e7\u30c3\u30d7","item":"https:\/\/www.stephaniecesaire.com\/ja\/%e3%82%b7%e3%83%a7%e3%83%83%e3%83%97\/"},{"@type":"ListItem","position":3,"name":"\u30c6\u30a3\u30bf\u30cb\u30a2\u30fb\u30de\u30c3\u30c8\u30ab\u30fc\u30d5\u30b9\u30ad\u30f3\u30fb\u30d6\u30e9\u30c3\u30af"}]},{"@type":"WebSite","@id":"https:\/\/www.stephaniecesaire.com\/ja\/#website","url":"https:\/\/www.stephaniecesaire.com\/ja\/","name":"St\u00e9phanie C\u00e9saire","description":"Sac cr\u00e9ateur made in France - Maroquinerie de luxe","publisher":{"@id":"https:\/\/www.stephaniecesaire.com\/ja\/#organization"},"potentialAction":[{"@type":"SearchAction","target":{"@type":"EntryPoint","urlTemplate":"https:\/\/www.stephaniecesaire.com\/ja\/?s={search_term_string}"},"query-input":"required name=search_term_string"}],"inLanguage":"ja"},{"@type":"Organization","@id":"https:\/\/www.stephaniecesaire.com\/ja\/#organization","name":"St\u00e9phanie C\u00e9saire","url":"https:\/\/www.stephaniecesaire.com\/ja\/","logo":{"@type":"ImageObject","inLanguage":"ja","@id":"https:\/\/www.stephaniecesaire.com\/ja\/#\/schema\/logo\/image\/","url":"https:\/\/www.stephaniecesaire.com\/wp-content\/uploads\/2023\/10\/favicon.png","contentUrl":"https:\/\/www.stephaniecesaire.com\/wp-content\/uploads\/2023\/10\/favicon.png","width":512,"height":512,"caption":"St\u00e9phanie C\u00e9saire"},"image":{"@id":"https:\/\/www.stephaniecesaire.com\/ja\/#\/schema\/logo\/image\/"},"sameAs":["https:\/\/www.facebook.com\/cesaireparis\/","https:\/\/www.pinterest.fr\/cesaireparis\/","https:\/\/www.instagram.com\/cesaireparis.official\/"]}]}},"_links":{"self":[{"href":"https:\/\/www.stephaniecesaire.com\/ja\/wp-json\/wp\/v2\/product\/29755","targetHints":{"allow":["GET"]}}],"collection":[{"href":"https:\/\/www.stephaniecesaire.com\/ja\/wp-json\/wp\/v2\/product"}],"about":[{"href":"https:\/\/www.stephaniecesaire.com\/ja\/wp-json\/wp\/v2\/types\/product"}],"wp:featuredmedia":[{"embeddable":true,"href":"https:\/\/www.stephaniecesaire.com\/ja\/wp-json\/wp\/v2\/media\/39140"}],"wp:attachment":[{"href":"https:\/\/www.stephaniecesaire.com\/ja\/wp-json\/wp\/v2\/media?parent=29755"}],"wp:term":[{"taxonomy":"product_cat","embeddable":true,"href":"https:\/\/www.stephaniecesaire.com\/ja\/wp-json\/wp\/v2\/product_cat?post=29755"},{"taxonomy":"product_tag","embeddable":true,"href":"https:\/\/www.stephaniecesaire.com\/ja\/wp-json\/wp\/v2\/product_tag?post=29755"}],"curies":[{"name":"wp","href":"https:\/\/api.w.org\/{rel}","templated":true}]}}