{"id":29840,"date":"2019-11-01T16:17:29","date_gmt":"2019-11-01T15:17:29","guid":{"rendered":"https:\/\/stephaniecesaire.com\/boutique\/uncategorized\/gavroche-cuir-de-taurillon-graine-sesame\/"},"modified":"2024-07-02T18:53:43","modified_gmt":"2024-07-02T16:53:43","slug":"gavroche-cuir-de-taurillon-graine-sesame","status":"publish","type":"product","link":"https:\/\/www.stephaniecesaire.com\/ja\/boutique\/%e3%83%90%e3%83%83%e3%82%b0\/%e3%82%ac%e3%83%b4%e3%83%ad%e3%82%b7%e3%83%a5\/gavroche-cuir-de-taurillon-graine-sesame\/","title":{"rendered":"\u30ac\u30f4\u30ed\u30b7\u30e5\u30fb\u30b0\u30ec\u30a4\u30f3\u30c9\u30fb\u30c8\u30ea\u30e8\u30f3\u30fb\u3054\u307e"},"content":{"rendered":"<p>100%\u30b3\u30c3\u30c8\u30f3\u30b5\u30fc\u30b8\u306e\u30e9\u30a4\u30cb\u30f3\u30b0\u3002\u30ac\u30f4\u30ed\u30b7\u30e5 \u306f\u3001\u5185\u5074\u306e\u30d1\u30fc\u30c6\u30a3\u30b7\u30e7\u30f3\u3092\u63d0\u4f9b\u3057\u3066\u3044\u307e\u3059 \u306f\u5185\u306b\u30d5\u30a1\u30b9\u30ca\u30fc\u306e\u4ed8\u3044\u305f\u30dd\u30b1\u30c3\u30c8\u3068\u3001\u30b9\u30de\u30fc\u30c8\u30d5\u30a9\u30f3\u306b\u3082\u5bfe\u5fdc\u3059\u308b\u5927\u304d\u306a\u643a\u5e2f\u96fb\u8a71\u7528\u30dd\u30b1\u30c3\u30c8\u304c\u4ed8\u3044\u3066\u3044\u307e\u3059\u3002\u30a2\u30af\u30bb\u30b5\u30ea\u30fc\u3068\u3057\u3066\u5e95\u90e8\u5206\u306b\u771f\u936e\u306e\u30b9\u30bf\u30c3\u30ba\u304c\u4ed8\u3044\u3066\u3044\u307e\u3059\u3002\u30d5\u30e9\u30f3\u30b9\u88fd<\/p>\n","protected":false},"excerpt":{"rendered":"<p>\u30f4\u30a3\u30f3\u30c6\u30fc\u30b8\u3067\u30a8\u30ec\u30ac\u30f3\u30c8\u306a\u30a8\u30b9\u30d7\u30ea\u3092\u6301\u3064\u30ac\u30f4\u30ed\u30b7\u30e5\u306f\u3001\u53e4\u304d\u826f\u304d\u30ef\u30fc\u30af\u9784\u3092\u601d\u3044\u304a\u3053\u3055\u305b\u308b\u659c\u3081\u304c\u3051\u30d0\u30c3\u30b0\u3067\u3059\u3002\u30cf\u30f3\u30c9\u30d0\u30c3\u30b0\u3068\u3057\u3066\u3082\u3001\u659c\u3081\u304c\u3051\u3068\u3057\u3066\u3082\u4f7f\u3063\u3066\u9802\u3051\u308b\u30c4\u30fc\u30a6\u30a7\u30a4\u4ed5\u69d8\u3067\u3001\u30b7\u30eb\u30a8\u30c3\u30c8\u306b\u30c0\u30a4\u30ca\u30df\u30c3\u30af\u3055\u3092\u4e0e\u3048\u3001\u8272\u3005\u306a\u30b7\u30fc\u30f3\u306b\u8eab\u306b\u7740\u3051\u3066\u9802\u3051\u308b\u30a8\u30ec\u30ac\u30f3\u30c8\u306a\u30d0\u30c3\u30b0\u3067\u3059\u3002<\/p>\n","protected":false},"featured_media":15981,"template":"","meta":[],"product_cat":[641],"product_tag":[1525,671],"class_list":{"0":"post-29840","1":"product","2":"type-product","3":"status-publish","4":"has-post-thumbnail","6":"product_cat-641","7":"product_tag-backorder-ja","8":"product_tag-671","9":"product_shipping_class-classe-de-livraison-2","10":"pa_porte-331","11":"pa_porte-333","12":"pa_porte-329","13":"pa_volume-339","15":"first","16":"onbackorder","17":"sold-individually","18":"taxable","19":"shipping-taxable","20":"purchasable","21":"product-type-simple"},"yoast_head":"<!-- This site is optimized with the Yoast SEO plugin v23.1 - https:\/\/yoast.com\/wordpress\/plugins\/seo\/ -->\n<title>\u30ac\u30f4\u30ed\u30b7\u30e5\u30fb\u30b0\u30ec\u30a4\u30f3\u30c9\u30fb\u30c8\u30ea\u30e8\u30f3\u30fb\u3054\u307e - C\u00e9saire<\/title>\n<meta name=\"robots\" content=\"index, follow, max-snippet:-1, max-image-preview:large, max-video-preview:-1\" \/>\n<link rel=\"canonical\" href=\"https:\/\/www.stephaniecesaire.com\/ja\/boutique\/%e3%83%90%e3%83%83%e3%82%b0\/%e3%82%ac%e3%83%b4%e3%83%ad%e3%82%b7%e3%83%a5\/gavroche-cuir-de-taurillon-graine-sesame\/\" \/>\n<meta property=\"og:locale\" content=\"ja_JP\" \/>\n<meta property=\"og:type\" content=\"article\" \/>\n<meta property=\"og:title\" content=\"\u30ac\u30f4\u30ed\u30b7\u30e5\u30fb\u30b0\u30ec\u30a4\u30f3\u30c9\u30fb\u30c8\u30ea\u30e8\u30f3\u30fb\u3054\u307e - C\u00e9saire\" \/>\n<meta property=\"og:description\" content=\"\u30f4\u30a3\u30f3\u30c6\u30fc\u30b8\u3067\u30a8\u30ec\u30ac\u30f3\u30c8\u306a\u30a8\u30b9\u30d7\u30ea\u3092\u6301\u3064\u30ac\u30f4\u30ed\u30b7\u30e5\u306f\u3001\u53e4\u304d\u826f\u304d\u30ef\u30fc\u30af\u9784\u3092\u601d\u3044\u304a\u3053\u3055\u305b\u308b\u659c\u3081\u304c\u3051\u30d0\u30c3\u30b0\u3067\u3059\u3002\u30cf\u30f3\u30c9\u30d0\u30c3\u30b0\u3068\u3057\u3066\u3082\u3001\u659c\u3081\u304c\u3051\u3068\u3057\u3066\u3082\u4f7f\u3063\u3066\u9802\u3051\u308b\u30c4\u30fc\u30a6\u30a7\u30a4\u4ed5\u69d8\u3067\u3001\u30b7\u30eb\u30a8\u30c3\u30c8\u306b\u30c0\u30a4\u30ca\u30df\u30c3\u30af\u3055\u3092\u4e0e\u3048\u3001\u8272\u3005\u306a\u30b7\u30fc\u30f3\u306b\u8eab\u306b\u7740\u3051\u3066\u9802\u3051\u308b\u30a8\u30ec\u30ac\u30f3\u30c8\u306a\u30d0\u30c3\u30b0\u3067\u3059\u3002\" \/>\n<meta property=\"og:url\" content=\"https:\/\/www.stephaniecesaire.com\/ja\/boutique\/%e3%83%90%e3%83%83%e3%82%b0\/%e3%82%ac%e3%83%b4%e3%83%ad%e3%82%b7%e3%83%a5\/gavroche-cuir-de-taurillon-graine-sesame\/\" \/>\n<meta property=\"og:site_name\" content=\"C\u00e9saire\" \/>\n<meta property=\"article:publisher\" content=\"https:\/\/www.facebook.com\/cesaireparis\/\" \/>\n<meta property=\"article:modified_time\" content=\"2024-07-02T16:53:43+00:00\" \/>\n<meta property=\"og:image\" content=\"https:\/\/www.stephaniecesaire.com\/wp-content\/uploads\/2023\/09\/Gavroche_RAGSesameFace-jpg.webp\" \/>\n\t<meta property=\"og:image:width\" content=\"630\" \/>\n\t<meta property=\"og:image:height\" content=\"945\" \/>\n\t<meta property=\"og:image:type\" content=\"image\/jpeg\" \/>\n<meta name=\"twitter:card\" content=\"summary_large_image\" \/>\n<meta name=\"twitter:label1\" content=\"\u63a8\u5b9a\u8aad\u307f\u53d6\u308a\u6642\u9593\" \/>\n\t<meta name=\"twitter:data1\" content=\"1\u5206\" \/>\n<script type=\"application\/ld+json\" class=\"yoast-schema-graph\">{\"@context\":\"https:\/\/schema.org\",\"@graph\":[{\"@type\":\"WebPage\",\"@id\":\"https:\/\/www.stephaniecesaire.com\/ja\/boutique\/%e3%83%90%e3%83%83%e3%82%b0\/%e3%82%ac%e3%83%b4%e3%83%ad%e3%82%b7%e3%83%a5\/gavroche-cuir-de-taurillon-graine-sesame\/\",\"url\":\"https:\/\/www.stephaniecesaire.com\/ja\/boutique\/%e3%83%90%e3%83%83%e3%82%b0\/%e3%82%ac%e3%83%b4%e3%83%ad%e3%82%b7%e3%83%a5\/gavroche-cuir-de-taurillon-graine-sesame\/\",\"name\":\"\u30ac\u30f4\u30ed\u30b7\u30e5\u30fb\u30b0\u30ec\u30a4\u30f3\u30c9\u30fb\u30c8\u30ea\u30e8\u30f3\u30fb\u3054\u307e - C\u00e9saire\",\"isPartOf\":{\"@id\":\"https:\/\/www.stephaniecesaire.com\/ja\/#website\"},\"primaryImageOfPage\":{\"@id\":\"https:\/\/www.stephaniecesaire.com\/ja\/boutique\/%e3%83%90%e3%83%83%e3%82%b0\/%e3%82%ac%e3%83%b4%e3%83%ad%e3%82%b7%e3%83%a5\/gavroche-cuir-de-taurillon-graine-sesame\/#primaryimage\"},\"image\":{\"@id\":\"https:\/\/www.stephaniecesaire.com\/ja\/boutique\/%e3%83%90%e3%83%83%e3%82%b0\/%e3%82%ac%e3%83%b4%e3%83%ad%e3%82%b7%e3%83%a5\/gavroche-cuir-de-taurillon-graine-sesame\/#primaryimage\"},\"thumbnailUrl\":\"https:\/\/www.stephaniecesaire.com\/wp-content\/uploads\/2023\/09\/Gavroche_RAGSesameFace-jpg.webp\",\"datePublished\":\"2019-11-01T15:17:29+00:00\",\"dateModified\":\"2024-07-02T16:53:43+00:00\",\"breadcrumb\":{\"@id\":\"https:\/\/www.stephaniecesaire.com\/ja\/boutique\/%e3%83%90%e3%83%83%e3%82%b0\/%e3%82%ac%e3%83%b4%e3%83%ad%e3%82%b7%e3%83%a5\/gavroche-cuir-de-taurillon-graine-sesame\/#breadcrumb\"},\"inLanguage\":\"ja\",\"potentialAction\":[{\"@type\":\"ReadAction\",\"target\":[\"https:\/\/www.stephaniecesaire.com\/ja\/boutique\/%e3%83%90%e3%83%83%e3%82%b0\/%e3%82%ac%e3%83%b4%e3%83%ad%e3%82%b7%e3%83%a5\/gavroche-cuir-de-taurillon-graine-sesame\/\"]}]},{\"@type\":\"ImageObject\",\"inLanguage\":\"ja\",\"@id\":\"https:\/\/www.stephaniecesaire.com\/ja\/boutique\/%e3%83%90%e3%83%83%e3%82%b0\/%e3%82%ac%e3%83%b4%e3%83%ad%e3%82%b7%e3%83%a5\/gavroche-cuir-de-taurillon-graine-sesame\/#primaryimage\",\"url\":\"https:\/\/www.stephaniecesaire.com\/wp-content\/uploads\/2023\/09\/Gavroche_RAGSesameFace-jpg.webp\",\"contentUrl\":\"https:\/\/www.stephaniecesaire.com\/wp-content\/uploads\/2023\/09\/Gavroche_RAGSesameFace-jpg.webp\",\"width\":630,\"height\":945,\"caption\":\"\u30ac\u30f4\u30ed\u30c3\u30b7\u30e5 \u30e1\u30c3\u30bb\u30f3\u30b8\u30e3\u30fc\u30d0\u30c3\u30b0 \u30c7\u30b6\u30a4\u30ca\u30fc\u30cf\u30f3\u30c9\u30d0\u30c3\u30b0 \u30bb\u30bc\u30fc\u30eb \u30d1\u30ea \u30d5\u30e9\u30f3\u30b9\u88fd\"},{\"@type\":\"BreadcrumbList\",\"@id\":\"https:\/\/www.stephaniecesaire.com\/ja\/boutique\/%e3%83%90%e3%83%83%e3%82%b0\/%e3%82%ac%e3%83%b4%e3%83%ad%e3%82%b7%e3%83%a5\/gavroche-cuir-de-taurillon-graine-sesame\/#breadcrumb\",\"itemListElement\":[{\"@type\":\"ListItem\",\"position\":1,\"name\":\"Accueil\",\"item\":\"https:\/\/www.stephaniecesaire.com\/ja\/\"},{\"@type\":\"ListItem\",\"position\":2,\"name\":\"\u30b7\u30e7\u30c3\u30d7\",\"item\":\"https:\/\/www.stephaniecesaire.com\/ja\/%e3%82%b7%e3%83%a7%e3%83%83%e3%83%97\/\"},{\"@type\":\"ListItem\",\"position\":3,\"name\":\"\u30ac\u30f4\u30ed\u30b7\u30e5\u30fb\u30b0\u30ec\u30a4\u30f3\u30c9\u30fb\u30c8\u30ea\u30e8\u30f3\u30fb\u3054\u307e\"}]},{\"@type\":\"WebSite\",\"@id\":\"https:\/\/www.stephaniecesaire.com\/ja\/#website\",\"url\":\"https:\/\/www.stephaniecesaire.com\/ja\/\",\"name\":\"St\u00e9phanie C\u00e9saire\",\"description\":\"Sac cr\u00e9ateur made in France - Maroquinerie de luxe\",\"publisher\":{\"@id\":\"https:\/\/www.stephaniecesaire.com\/ja\/#organization\"},\"potentialAction\":[{\"@type\":\"SearchAction\",\"target\":{\"@type\":\"EntryPoint\",\"urlTemplate\":\"https:\/\/www.stephaniecesaire.com\/ja\/?s={search_term_string}\"},\"query-input\":\"required name=search_term_string\"}],\"inLanguage\":\"ja\"},{\"@type\":\"Organization\",\"@id\":\"https:\/\/www.stephaniecesaire.com\/ja\/#organization\",\"name\":\"St\u00e9phanie C\u00e9saire\",\"url\":\"https:\/\/www.stephaniecesaire.com\/ja\/\",\"logo\":{\"@type\":\"ImageObject\",\"inLanguage\":\"ja\",\"@id\":\"https:\/\/www.stephaniecesaire.com\/ja\/#\/schema\/logo\/image\/\",\"url\":\"https:\/\/www.stephaniecesaire.com\/wp-content\/uploads\/2023\/10\/favicon.png\",\"contentUrl\":\"https:\/\/www.stephaniecesaire.com\/wp-content\/uploads\/2023\/10\/favicon.png\",\"width\":512,\"height\":512,\"caption\":\"St\u00e9phanie C\u00e9saire\"},\"image\":{\"@id\":\"https:\/\/www.stephaniecesaire.com\/ja\/#\/schema\/logo\/image\/\"},\"sameAs\":[\"https:\/\/www.facebook.com\/cesaireparis\/\",\"https:\/\/www.pinterest.fr\/cesaireparis\/\",\"https:\/\/www.instagram.com\/cesaireparis.official\/\"]}]}<\/script>\n<!-- \/ Yoast SEO plugin. -->","yoast_head_json":{"title":"\u30ac\u30f4\u30ed\u30b7\u30e5\u30fb\u30b0\u30ec\u30a4\u30f3\u30c9\u30fb\u30c8\u30ea\u30e8\u30f3\u30fb\u3054\u307e - C\u00e9saire","robots":{"index":"index","follow":"follow","max-snippet":"max-snippet:-1","max-image-preview":"max-image-preview:large","max-video-preview":"max-video-preview:-1"},"canonical":"https:\/\/www.stephaniecesaire.com\/ja\/boutique\/%e3%83%90%e3%83%83%e3%82%b0\/%e3%82%ac%e3%83%b4%e3%83%ad%e3%82%b7%e3%83%a5\/gavroche-cuir-de-taurillon-graine-sesame\/","og_locale":"ja_JP","og_type":"article","og_title":"\u30ac\u30f4\u30ed\u30b7\u30e5\u30fb\u30b0\u30ec\u30a4\u30f3\u30c9\u30fb\u30c8\u30ea\u30e8\u30f3\u30fb\u3054\u307e - C\u00e9saire","og_description":"\u30f4\u30a3\u30f3\u30c6\u30fc\u30b8\u3067\u30a8\u30ec\u30ac\u30f3\u30c8\u306a\u30a8\u30b9\u30d7\u30ea\u3092\u6301\u3064\u30ac\u30f4\u30ed\u30b7\u30e5\u306f\u3001\u53e4\u304d\u826f\u304d\u30ef\u30fc\u30af\u9784\u3092\u601d\u3044\u304a\u3053\u3055\u305b\u308b\u659c\u3081\u304c\u3051\u30d0\u30c3\u30b0\u3067\u3059\u3002\u30cf\u30f3\u30c9\u30d0\u30c3\u30b0\u3068\u3057\u3066\u3082\u3001\u659c\u3081\u304c\u3051\u3068\u3057\u3066\u3082\u4f7f\u3063\u3066\u9802\u3051\u308b\u30c4\u30fc\u30a6\u30a7\u30a4\u4ed5\u69d8\u3067\u3001\u30b7\u30eb\u30a8\u30c3\u30c8\u306b\u30c0\u30a4\u30ca\u30df\u30c3\u30af\u3055\u3092\u4e0e\u3048\u3001\u8272\u3005\u306a\u30b7\u30fc\u30f3\u306b\u8eab\u306b\u7740\u3051\u3066\u9802\u3051\u308b\u30a8\u30ec\u30ac\u30f3\u30c8\u306a\u30d0\u30c3\u30b0\u3067\u3059\u3002","og_url":"https:\/\/www.stephaniecesaire.com\/ja\/boutique\/%e3%83%90%e3%83%83%e3%82%b0\/%e3%82%ac%e3%83%b4%e3%83%ad%e3%82%b7%e3%83%a5\/gavroche-cuir-de-taurillon-graine-sesame\/","og_site_name":"C\u00e9saire","article_publisher":"https:\/\/www.facebook.com\/cesaireparis\/","article_modified_time":"2024-07-02T16:53:43+00:00","og_image":[{"width":630,"height":945,"url":"https:\/\/www.stephaniecesaire.com\/wp-content\/uploads\/2023\/09\/Gavroche_RAGSesameFace-jpg.webp","type":"image\/jpeg"}],"twitter_card":"summary_large_image","twitter_misc":{"\u63a8\u5b9a\u8aad\u307f\u53d6\u308a\u6642\u9593":"1\u5206"},"schema":{"@context":"https:\/\/schema.org","@graph":[{"@type":"WebPage","@id":"https:\/\/www.stephaniecesaire.com\/ja\/boutique\/%e3%83%90%e3%83%83%e3%82%b0\/%e3%82%ac%e3%83%b4%e3%83%ad%e3%82%b7%e3%83%a5\/gavroche-cuir-de-taurillon-graine-sesame\/","url":"https:\/\/www.stephaniecesaire.com\/ja\/boutique\/%e3%83%90%e3%83%83%e3%82%b0\/%e3%82%ac%e3%83%b4%e3%83%ad%e3%82%b7%e3%83%a5\/gavroche-cuir-de-taurillon-graine-sesame\/","name":"\u30ac\u30f4\u30ed\u30b7\u30e5\u30fb\u30b0\u30ec\u30a4\u30f3\u30c9\u30fb\u30c8\u30ea\u30e8\u30f3\u30fb\u3054\u307e - C\u00e9saire","isPartOf":{"@id":"https:\/\/www.stephaniecesaire.com\/ja\/#website"},"primaryImageOfPage":{"@id":"https:\/\/www.stephaniecesaire.com\/ja\/boutique\/%e3%83%90%e3%83%83%e3%82%b0\/%e3%82%ac%e3%83%b4%e3%83%ad%e3%82%b7%e3%83%a5\/gavroche-cuir-de-taurillon-graine-sesame\/#primaryimage"},"image":{"@id":"https:\/\/www.stephaniecesaire.com\/ja\/boutique\/%e3%83%90%e3%83%83%e3%82%b0\/%e3%82%ac%e3%83%b4%e3%83%ad%e3%82%b7%e3%83%a5\/gavroche-cuir-de-taurillon-graine-sesame\/#primaryimage"},"thumbnailUrl":"https:\/\/www.stephaniecesaire.com\/wp-content\/uploads\/2023\/09\/Gavroche_RAGSesameFace-jpg.webp","datePublished":"2019-11-01T15:17:29+00:00","dateModified":"2024-07-02T16:53:43+00:00","breadcrumb":{"@id":"https:\/\/www.stephaniecesaire.com\/ja\/boutique\/%e3%83%90%e3%83%83%e3%82%b0\/%e3%82%ac%e3%83%b4%e3%83%ad%e3%82%b7%e3%83%a5\/gavroche-cuir-de-taurillon-graine-sesame\/#breadcrumb"},"inLanguage":"ja","potentialAction":[{"@type":"ReadAction","target":["https:\/\/www.stephaniecesaire.com\/ja\/boutique\/%e3%83%90%e3%83%83%e3%82%b0\/%e3%82%ac%e3%83%b4%e3%83%ad%e3%82%b7%e3%83%a5\/gavroche-cuir-de-taurillon-graine-sesame\/"]}]},{"@type":"ImageObject","inLanguage":"ja","@id":"https:\/\/www.stephaniecesaire.com\/ja\/boutique\/%e3%83%90%e3%83%83%e3%82%b0\/%e3%82%ac%e3%83%b4%e3%83%ad%e3%82%b7%e3%83%a5\/gavroche-cuir-de-taurillon-graine-sesame\/#primaryimage","url":"https:\/\/www.stephaniecesaire.com\/wp-content\/uploads\/2023\/09\/Gavroche_RAGSesameFace-jpg.webp","contentUrl":"https:\/\/www.stephaniecesaire.com\/wp-content\/uploads\/2023\/09\/Gavroche_RAGSesameFace-jpg.webp","width":630,"height":945,"caption":"\u30ac\u30f4\u30ed\u30c3\u30b7\u30e5 \u30e1\u30c3\u30bb\u30f3\u30b8\u30e3\u30fc\u30d0\u30c3\u30b0 \u30c7\u30b6\u30a4\u30ca\u30fc\u30cf\u30f3\u30c9\u30d0\u30c3\u30b0 \u30bb\u30bc\u30fc\u30eb \u30d1\u30ea \u30d5\u30e9\u30f3\u30b9\u88fd"},{"@type":"BreadcrumbList","@id":"https:\/\/www.stephaniecesaire.com\/ja\/boutique\/%e3%83%90%e3%83%83%e3%82%b0\/%e3%82%ac%e3%83%b4%e3%83%ad%e3%82%b7%e3%83%a5\/gavroche-cuir-de-taurillon-graine-sesame\/#breadcrumb","itemListElement":[{"@type":"ListItem","position":1,"name":"Accueil","item":"https:\/\/www.stephaniecesaire.com\/ja\/"},{"@type":"ListItem","position":2,"name":"\u30b7\u30e7\u30c3\u30d7","item":"https:\/\/www.stephaniecesaire.com\/ja\/%e3%82%b7%e3%83%a7%e3%83%83%e3%83%97\/"},{"@type":"ListItem","position":3,"name":"\u30ac\u30f4\u30ed\u30b7\u30e5\u30fb\u30b0\u30ec\u30a4\u30f3\u30c9\u30fb\u30c8\u30ea\u30e8\u30f3\u30fb\u3054\u307e"}]},{"@type":"WebSite","@id":"https:\/\/www.stephaniecesaire.com\/ja\/#website","url":"https:\/\/www.stephaniecesaire.com\/ja\/","name":"St\u00e9phanie C\u00e9saire","description":"Sac cr\u00e9ateur made in France - Maroquinerie de luxe","publisher":{"@id":"https:\/\/www.stephaniecesaire.com\/ja\/#organization"},"potentialAction":[{"@type":"SearchAction","target":{"@type":"EntryPoint","urlTemplate":"https:\/\/www.stephaniecesaire.com\/ja\/?s={search_term_string}"},"query-input":"required name=search_term_string"}],"inLanguage":"ja"},{"@type":"Organization","@id":"https:\/\/www.stephaniecesaire.com\/ja\/#organization","name":"St\u00e9phanie C\u00e9saire","url":"https:\/\/www.stephaniecesaire.com\/ja\/","logo":{"@type":"ImageObject","inLanguage":"ja","@id":"https:\/\/www.stephaniecesaire.com\/ja\/#\/schema\/logo\/image\/","url":"https:\/\/www.stephaniecesaire.com\/wp-content\/uploads\/2023\/10\/favicon.png","contentUrl":"https:\/\/www.stephaniecesaire.com\/wp-content\/uploads\/2023\/10\/favicon.png","width":512,"height":512,"caption":"St\u00e9phanie C\u00e9saire"},"image":{"@id":"https:\/\/www.stephaniecesaire.com\/ja\/#\/schema\/logo\/image\/"},"sameAs":["https:\/\/www.facebook.com\/cesaireparis\/","https:\/\/www.pinterest.fr\/cesaireparis\/","https:\/\/www.instagram.com\/cesaireparis.official\/"]}]}},"_links":{"self":[{"href":"https:\/\/www.stephaniecesaire.com\/ja\/wp-json\/wp\/v2\/product\/29840","targetHints":{"allow":["GET"]}}],"collection":[{"href":"https:\/\/www.stephaniecesaire.com\/ja\/wp-json\/wp\/v2\/product"}],"about":[{"href":"https:\/\/www.stephaniecesaire.com\/ja\/wp-json\/wp\/v2\/types\/product"}],"wp:featuredmedia":[{"embeddable":true,"href":"https:\/\/www.stephaniecesaire.com\/ja\/wp-json\/wp\/v2\/media\/15981"}],"wp:attachment":[{"href":"https:\/\/www.stephaniecesaire.com\/ja\/wp-json\/wp\/v2\/media?parent=29840"}],"wp:term":[{"taxonomy":"product_cat","embeddable":true,"href":"https:\/\/www.stephaniecesaire.com\/ja\/wp-json\/wp\/v2\/product_cat?post=29840"},{"taxonomy":"product_tag","embeddable":true,"href":"https:\/\/www.stephaniecesaire.com\/ja\/wp-json\/wp\/v2\/product_tag?post=29840"}],"curies":[{"name":"wp","href":"https:\/\/api.w.org\/{rel}","templated":true}]}}