{"id":29852,"date":"2019-09-02T16:39:18","date_gmt":"2019-09-02T14:39:18","guid":{"rendered":"https:\/\/stephaniecesaire.com\/boutique\/uncategorized\/musette-cuir-de-veau-lisse-et-nubuck-prune-sesame\/"},"modified":"2024-02-20T19:19:46","modified_gmt":"2024-02-20T18:19:46","slug":"musette-cuir-de-veau-lisse-et-nubuck-prune-sesame","status":"publish","type":"product","link":"https:\/\/www.stephaniecesaire.com\/ja\/boutique\/%e3%83%90%e3%83%83%e3%82%b0\/%e3%83%9f%e3%83%a5%e3%82%bc%e3%83%83%e3%83%88\/musette-cuir-de-veau-lisse-et-nubuck-prune-sesame\/","title":{"rendered":"\u30df\u30e5\u30bc\u30c3\u30c8\u30fb\u306a\u3081\u3089\u304b\u306a\u30ab\u30fc\u30d5\u30ec\u30b6\u30fc &#038; \u30cc\u30d0\u30c3\u30af \u30d7\u30eb\u30fc\u30f3&#038;\u3054\u307e"},"content":{"rendered":"<p><span lang=\"EN-US\">\u30df\u30e5\u30bc\u30c3\u30c8\u306e\u30d5\u30e9\u30c3\u30d7\u3092\u88c5\u3046\u306e\u306f<\/span>2<span lang=\"EN-US\">\u672c\u306e\u30af\u30ed\u30b9\u3059\u308b\u83ef\u5962\u306a\u9769\u7d10\u3002\u30b7\u30e7\u30eb\u30c0\u30fc\u30d9\u30eb\u30c8\u3092\u8abf\u7bc0\u3059\u308b\u3053\u3068\u3067\u30b7\u30e7\u30eb\u30c0\u30fc\u30d0\u30c3\u30b0<\/span><span lang=\"EN-US\">\uff06<\/span><span lang=\"EN-US\">\u30af\u30ed\u30b9\u30aa\u30fc\u30d0\u30fc\u3068\u3057\u3066\u304a\u6301\u3061\u3044\u305f\u3060\u3051\u308b\u4fbf\u5229<\/span><\/p>\n","protected":false},"excerpt":{"rendered":"<p>\u30df\u30e5\u30bc\u30c3\u30c8\u306f\u5c0f\u632f\u308a\u3067\u30ab\u30b8\u30e5\u30a2\u30eb\u306a\u30b7\u30e7\u30eb\u30c0\u30fc\u30d0\u30c3\u30b0\u3002\u534a\u6708\u578b\u306e\u30d5\u30a9\u30eb\u30e0\u3068\u5e45\u5e83\u306e\u30b9\u30af\u30a8\u30a2\u30d5\u30e9\u30c3\u30d7\u306e\u30b3\u30f3\u30c8\u30e9\u30b9\u30c8\u306b\u904a\u3073\u5fc3\u304c\u898b\u3089\u308c\u307e\u3059\u3002\u307e\u308b\u3067\u30a8\u30d7\u30ed\u30f3\u306e\u3088\u3046\u306b\u30d5\u30e9\u30c3\u30d7\u3092\u7559\u3081\u308b\u83ef\u5962\u306a\u30ec\u30b6\u30fc\u30d9\u30eb\u30c8\u3001\u305d\u3057\u3066\u7d20\u6750\u3068\u8272\u9063\u3044\u304c\u91b8\u3057\u51fa\u3059\u610f\u5916\u6027\u6ea2\u308c\u308b\u30cf\u30fc\u30e2\u30cb\u30fc\u304c\u9b45\u529b\u7684\u3002\u30c8\u30ec\u30f3\u30c9\u611f\u6ea2\u308c\u308b\u30df\u30e5\u30bc\u30c3\u30c8\u306f\u3001\u73fe\u4ee3\u7684\u306a\u30b7\u30eb\u30a8\u30c3\u30c8\u3092\u6f14\u51fa\u3057\u3066\u304f\u308c\u308b\u30a2\u30a4\u30c6\u30e0\u3067\u3059\u3002<\/p>\n","protected":false},"featured_media":15066,"template":"","meta":[],"product_cat":[650],"product_tag":[],"class_list":{"0":"post-29852","1":"product","2":"type-product","3":"status-publish","4":"has-post-thumbnail","6":"product_cat-650","7":"product_shipping_class-classe-de-livraison-1","8":"pa_porte-331","9":"pa_volume-sacs-souples-ja","10":"pa_volume-337","12":"first","13":"outofstock","14":"sold-individually","15":"taxable","16":"shipping-taxable","17":"purchasable","18":"product-type-simple"},"yoast_head":"<!-- This site is optimized with the Yoast SEO plugin v23.1 - https:\/\/yoast.com\/wordpress\/plugins\/seo\/ -->\n<title>Sac besace bandouli\u00e8re Musette - C\u00e9saire - Fabriqu\u00e9 en France<\/title>\n<meta name=\"description\" content=\"Le Musette petite besace casual, sa forme de demi-lune joue les contrastes avec son large rabat carr\u00e9, ferm\u00e9 par de fines sangles de cuirs crois\u00e9es. Dans l\u2019air du temps elle apporte une touche contemporaine \u00e0 votre allure.\" \/>\n<meta name=\"robots\" content=\"index, follow, max-snippet:-1, max-image-preview:large, max-video-preview:-1\" \/>\n<link rel=\"canonical\" href=\"https:\/\/www.stephaniecesaire.com\/ja\/boutique\/%e3%83%90%e3%83%83%e3%82%b0\/%e3%83%9f%e3%83%a5%e3%82%bc%e3%83%83%e3%83%88\/musette-cuir-de-veau-lisse-et-nubuck-prune-sesame\/\" \/>\n<meta property=\"og:locale\" content=\"ja_JP\" \/>\n<meta property=\"og:type\" content=\"article\" \/>\n<meta property=\"og:title\" content=\"Sac besace bandouli\u00e8re Musette - C\u00e9saire - Fabriqu\u00e9 en France\" \/>\n<meta property=\"og:description\" content=\"Le Musette petite besace casual, sa forme de demi-lune joue les contrastes avec son large rabat carr\u00e9, ferm\u00e9 par de fines sangles de cuirs crois\u00e9es. Dans l\u2019air du temps elle apporte une touche contemporaine \u00e0 votre allure.\" \/>\n<meta property=\"og:url\" content=\"https:\/\/www.stephaniecesaire.com\/ja\/boutique\/%e3%83%90%e3%83%83%e3%82%b0\/%e3%83%9f%e3%83%a5%e3%82%bc%e3%83%83%e3%83%88\/musette-cuir-de-veau-lisse-et-nubuck-prune-sesame\/\" \/>\n<meta property=\"og:site_name\" content=\"C\u00e9saire\" \/>\n<meta property=\"article:publisher\" content=\"https:\/\/www.facebook.com\/cesaireparis\/\" \/>\n<meta property=\"article:modified_time\" content=\"2024-02-20T18:19:46+00:00\" \/>\n<meta property=\"og:image\" content=\"https:\/\/www.stephaniecesaire.com\/wp-content\/uploads\/2023\/09\/MusetteVLSCognacBisFace-jpg.webp\" \/>\n\t<meta property=\"og:image:width\" content=\"630\" \/>\n\t<meta property=\"og:image:height\" content=\"945\" \/>\n\t<meta property=\"og:image:type\" content=\"image\/jpeg\" \/>\n<meta name=\"twitter:card\" content=\"summary_large_image\" \/>\n<script type=\"application\/ld+json\" class=\"yoast-schema-graph\">{\"@context\":\"https:\/\/schema.org\",\"@graph\":[{\"@type\":\"WebPage\",\"@id\":\"https:\/\/www.stephaniecesaire.com\/ja\/boutique\/%e3%83%90%e3%83%83%e3%82%b0\/%e3%83%9f%e3%83%a5%e3%82%bc%e3%83%83%e3%83%88\/musette-cuir-de-veau-lisse-et-nubuck-prune-sesame\/\",\"url\":\"https:\/\/www.stephaniecesaire.com\/ja\/boutique\/%e3%83%90%e3%83%83%e3%82%b0\/%e3%83%9f%e3%83%a5%e3%82%bc%e3%83%83%e3%83%88\/musette-cuir-de-veau-lisse-et-nubuck-prune-sesame\/\",\"name\":\"Sac besace bandouli\u00e8re Musette - C\u00e9saire - Fabriqu\u00e9 en France\",\"isPartOf\":{\"@id\":\"https:\/\/www.stephaniecesaire.com\/ja\/#website\"},\"primaryImageOfPage\":{\"@id\":\"https:\/\/www.stephaniecesaire.com\/ja\/boutique\/%e3%83%90%e3%83%83%e3%82%b0\/%e3%83%9f%e3%83%a5%e3%82%bc%e3%83%83%e3%83%88\/musette-cuir-de-veau-lisse-et-nubuck-prune-sesame\/#primaryimage\"},\"image\":{\"@id\":\"https:\/\/www.stephaniecesaire.com\/ja\/boutique\/%e3%83%90%e3%83%83%e3%82%b0\/%e3%83%9f%e3%83%a5%e3%82%bc%e3%83%83%e3%83%88\/musette-cuir-de-veau-lisse-et-nubuck-prune-sesame\/#primaryimage\"},\"thumbnailUrl\":\"https:\/\/www.stephaniecesaire.com\/wp-content\/uploads\/2023\/09\/MusetteVLSCognacBisFace-jpg.webp\",\"datePublished\":\"2019-09-02T14:39:18+00:00\",\"dateModified\":\"2024-02-20T18:19:46+00:00\",\"description\":\"Le Musette petite besace casual, sa forme de demi-lune joue les contrastes avec son large rabat carr\u00e9, ferm\u00e9 par de fines sangles de cuirs crois\u00e9es. Dans l\u2019air du temps elle apporte une touche contemporaine \u00e0 votre allure.\",\"breadcrumb\":{\"@id\":\"https:\/\/www.stephaniecesaire.com\/ja\/boutique\/%e3%83%90%e3%83%83%e3%82%b0\/%e3%83%9f%e3%83%a5%e3%82%bc%e3%83%83%e3%83%88\/musette-cuir-de-veau-lisse-et-nubuck-prune-sesame\/#breadcrumb\"},\"inLanguage\":\"ja\",\"potentialAction\":[{\"@type\":\"ReadAction\",\"target\":[\"https:\/\/www.stephaniecesaire.com\/ja\/boutique\/%e3%83%90%e3%83%83%e3%82%b0\/%e3%83%9f%e3%83%a5%e3%82%bc%e3%83%83%e3%83%88\/musette-cuir-de-veau-lisse-et-nubuck-prune-sesame\/\"]}]},{\"@type\":\"ImageObject\",\"inLanguage\":\"ja\",\"@id\":\"https:\/\/www.stephaniecesaire.com\/ja\/boutique\/%e3%83%90%e3%83%83%e3%82%b0\/%e3%83%9f%e3%83%a5%e3%82%bc%e3%83%83%e3%83%88\/musette-cuir-de-veau-lisse-et-nubuck-prune-sesame\/#primaryimage\",\"url\":\"https:\/\/www.stephaniecesaire.com\/wp-content\/uploads\/2023\/09\/MusetteVLSCognacBisFace-jpg.webp\",\"contentUrl\":\"https:\/\/www.stephaniecesaire.com\/wp-content\/uploads\/2023\/09\/MusetteVLSCognacBisFace-jpg.webp\",\"width\":630,\"height\":945},{\"@type\":\"BreadcrumbList\",\"@id\":\"https:\/\/www.stephaniecesaire.com\/ja\/boutique\/%e3%83%90%e3%83%83%e3%82%b0\/%e3%83%9f%e3%83%a5%e3%82%bc%e3%83%83%e3%83%88\/musette-cuir-de-veau-lisse-et-nubuck-prune-sesame\/#breadcrumb\",\"itemListElement\":[{\"@type\":\"ListItem\",\"position\":1,\"name\":\"Accueil\",\"item\":\"https:\/\/www.stephaniecesaire.com\/ja\/\"},{\"@type\":\"ListItem\",\"position\":2,\"name\":\"\u30b7\u30e7\u30c3\u30d7\",\"item\":\"https:\/\/www.stephaniecesaire.com\/ja\/%e3%82%b7%e3%83%a7%e3%83%83%e3%83%97\/\"},{\"@type\":\"ListItem\",\"position\":3,\"name\":\"\u30df\u30e5\u30bc\u30c3\u30c8\u30fb\u306a\u3081\u3089\u304b\u306a\u30ab\u30fc\u30d5\u30ec\u30b6\u30fc &#038; \u30cc\u30d0\u30c3\u30af \u30d7\u30eb\u30fc\u30f3&#038;\u3054\u307e\"}]},{\"@type\":\"WebSite\",\"@id\":\"https:\/\/www.stephaniecesaire.com\/ja\/#website\",\"url\":\"https:\/\/www.stephaniecesaire.com\/ja\/\",\"name\":\"St\u00e9phanie C\u00e9saire\",\"description\":\"Sac cr\u00e9ateur made in France - Maroquinerie de luxe\",\"publisher\":{\"@id\":\"https:\/\/www.stephaniecesaire.com\/ja\/#organization\"},\"potentialAction\":[{\"@type\":\"SearchAction\",\"target\":{\"@type\":\"EntryPoint\",\"urlTemplate\":\"https:\/\/www.stephaniecesaire.com\/ja\/?s={search_term_string}\"},\"query-input\":\"required name=search_term_string\"}],\"inLanguage\":\"ja\"},{\"@type\":\"Organization\",\"@id\":\"https:\/\/www.stephaniecesaire.com\/ja\/#organization\",\"name\":\"St\u00e9phanie C\u00e9saire\",\"url\":\"https:\/\/www.stephaniecesaire.com\/ja\/\",\"logo\":{\"@type\":\"ImageObject\",\"inLanguage\":\"ja\",\"@id\":\"https:\/\/www.stephaniecesaire.com\/ja\/#\/schema\/logo\/image\/\",\"url\":\"https:\/\/www.stephaniecesaire.com\/wp-content\/uploads\/2023\/10\/favicon.png\",\"contentUrl\":\"https:\/\/www.stephaniecesaire.com\/wp-content\/uploads\/2023\/10\/favicon.png\",\"width\":512,\"height\":512,\"caption\":\"St\u00e9phanie C\u00e9saire\"},\"image\":{\"@id\":\"https:\/\/www.stephaniecesaire.com\/ja\/#\/schema\/logo\/image\/\"},\"sameAs\":[\"https:\/\/www.facebook.com\/cesaireparis\/\",\"https:\/\/www.pinterest.fr\/cesaireparis\/\",\"https:\/\/www.instagram.com\/cesaireparis.official\/\"]}]}<\/script>\n<!-- \/ Yoast SEO plugin. -->","yoast_head_json":{"title":"Sac besace bandouli\u00e8re Musette - C\u00e9saire - Fabriqu\u00e9 en France","description":"Le Musette petite besace casual, sa forme de demi-lune joue les contrastes avec son large rabat carr\u00e9, ferm\u00e9 par de fines sangles de cuirs crois\u00e9es. Dans l\u2019air du temps elle apporte une touche contemporaine \u00e0 votre allure.","robots":{"index":"index","follow":"follow","max-snippet":"max-snippet:-1","max-image-preview":"max-image-preview:large","max-video-preview":"max-video-preview:-1"},"canonical":"https:\/\/www.stephaniecesaire.com\/ja\/boutique\/%e3%83%90%e3%83%83%e3%82%b0\/%e3%83%9f%e3%83%a5%e3%82%bc%e3%83%83%e3%83%88\/musette-cuir-de-veau-lisse-et-nubuck-prune-sesame\/","og_locale":"ja_JP","og_type":"article","og_title":"Sac besace bandouli\u00e8re Musette - C\u00e9saire - Fabriqu\u00e9 en France","og_description":"Le Musette petite besace casual, sa forme de demi-lune joue les contrastes avec son large rabat carr\u00e9, ferm\u00e9 par de fines sangles de cuirs crois\u00e9es. Dans l\u2019air du temps elle apporte une touche contemporaine \u00e0 votre allure.","og_url":"https:\/\/www.stephaniecesaire.com\/ja\/boutique\/%e3%83%90%e3%83%83%e3%82%b0\/%e3%83%9f%e3%83%a5%e3%82%bc%e3%83%83%e3%83%88\/musette-cuir-de-veau-lisse-et-nubuck-prune-sesame\/","og_site_name":"C\u00e9saire","article_publisher":"https:\/\/www.facebook.com\/cesaireparis\/","article_modified_time":"2024-02-20T18:19:46+00:00","og_image":[{"width":630,"height":945,"url":"https:\/\/www.stephaniecesaire.com\/wp-content\/uploads\/2023\/09\/MusetteVLSCognacBisFace-jpg.webp","type":"image\/jpeg"}],"twitter_card":"summary_large_image","schema":{"@context":"https:\/\/schema.org","@graph":[{"@type":"WebPage","@id":"https:\/\/www.stephaniecesaire.com\/ja\/boutique\/%e3%83%90%e3%83%83%e3%82%b0\/%e3%83%9f%e3%83%a5%e3%82%bc%e3%83%83%e3%83%88\/musette-cuir-de-veau-lisse-et-nubuck-prune-sesame\/","url":"https:\/\/www.stephaniecesaire.com\/ja\/boutique\/%e3%83%90%e3%83%83%e3%82%b0\/%e3%83%9f%e3%83%a5%e3%82%bc%e3%83%83%e3%83%88\/musette-cuir-de-veau-lisse-et-nubuck-prune-sesame\/","name":"Sac besace bandouli\u00e8re Musette - C\u00e9saire - Fabriqu\u00e9 en France","isPartOf":{"@id":"https:\/\/www.stephaniecesaire.com\/ja\/#website"},"primaryImageOfPage":{"@id":"https:\/\/www.stephaniecesaire.com\/ja\/boutique\/%e3%83%90%e3%83%83%e3%82%b0\/%e3%83%9f%e3%83%a5%e3%82%bc%e3%83%83%e3%83%88\/musette-cuir-de-veau-lisse-et-nubuck-prune-sesame\/#primaryimage"},"image":{"@id":"https:\/\/www.stephaniecesaire.com\/ja\/boutique\/%e3%83%90%e3%83%83%e3%82%b0\/%e3%83%9f%e3%83%a5%e3%82%bc%e3%83%83%e3%83%88\/musette-cuir-de-veau-lisse-et-nubuck-prune-sesame\/#primaryimage"},"thumbnailUrl":"https:\/\/www.stephaniecesaire.com\/wp-content\/uploads\/2023\/09\/MusetteVLSCognacBisFace-jpg.webp","datePublished":"2019-09-02T14:39:18+00:00","dateModified":"2024-02-20T18:19:46+00:00","description":"Le Musette petite besace casual, sa forme de demi-lune joue les contrastes avec son large rabat carr\u00e9, ferm\u00e9 par de fines sangles de cuirs crois\u00e9es. Dans l\u2019air du temps elle apporte une touche contemporaine \u00e0 votre allure.","breadcrumb":{"@id":"https:\/\/www.stephaniecesaire.com\/ja\/boutique\/%e3%83%90%e3%83%83%e3%82%b0\/%e3%83%9f%e3%83%a5%e3%82%bc%e3%83%83%e3%83%88\/musette-cuir-de-veau-lisse-et-nubuck-prune-sesame\/#breadcrumb"},"inLanguage":"ja","potentialAction":[{"@type":"ReadAction","target":["https:\/\/www.stephaniecesaire.com\/ja\/boutique\/%e3%83%90%e3%83%83%e3%82%b0\/%e3%83%9f%e3%83%a5%e3%82%bc%e3%83%83%e3%83%88\/musette-cuir-de-veau-lisse-et-nubuck-prune-sesame\/"]}]},{"@type":"ImageObject","inLanguage":"ja","@id":"https:\/\/www.stephaniecesaire.com\/ja\/boutique\/%e3%83%90%e3%83%83%e3%82%b0\/%e3%83%9f%e3%83%a5%e3%82%bc%e3%83%83%e3%83%88\/musette-cuir-de-veau-lisse-et-nubuck-prune-sesame\/#primaryimage","url":"https:\/\/www.stephaniecesaire.com\/wp-content\/uploads\/2023\/09\/MusetteVLSCognacBisFace-jpg.webp","contentUrl":"https:\/\/www.stephaniecesaire.com\/wp-content\/uploads\/2023\/09\/MusetteVLSCognacBisFace-jpg.webp","width":630,"height":945},{"@type":"BreadcrumbList","@id":"https:\/\/www.stephaniecesaire.com\/ja\/boutique\/%e3%83%90%e3%83%83%e3%82%b0\/%e3%83%9f%e3%83%a5%e3%82%bc%e3%83%83%e3%83%88\/musette-cuir-de-veau-lisse-et-nubuck-prune-sesame\/#breadcrumb","itemListElement":[{"@type":"ListItem","position":1,"name":"Accueil","item":"https:\/\/www.stephaniecesaire.com\/ja\/"},{"@type":"ListItem","position":2,"name":"\u30b7\u30e7\u30c3\u30d7","item":"https:\/\/www.stephaniecesaire.com\/ja\/%e3%82%b7%e3%83%a7%e3%83%83%e3%83%97\/"},{"@type":"ListItem","position":3,"name":"\u30df\u30e5\u30bc\u30c3\u30c8\u30fb\u306a\u3081\u3089\u304b\u306a\u30ab\u30fc\u30d5\u30ec\u30b6\u30fc &#038; \u30cc\u30d0\u30c3\u30af \u30d7\u30eb\u30fc\u30f3&#038;\u3054\u307e"}]},{"@type":"WebSite","@id":"https:\/\/www.stephaniecesaire.com\/ja\/#website","url":"https:\/\/www.stephaniecesaire.com\/ja\/","name":"St\u00e9phanie C\u00e9saire","description":"Sac cr\u00e9ateur made in France - Maroquinerie de luxe","publisher":{"@id":"https:\/\/www.stephaniecesaire.com\/ja\/#organization"},"potentialAction":[{"@type":"SearchAction","target":{"@type":"EntryPoint","urlTemplate":"https:\/\/www.stephaniecesaire.com\/ja\/?s={search_term_string}"},"query-input":"required name=search_term_string"}],"inLanguage":"ja"},{"@type":"Organization","@id":"https:\/\/www.stephaniecesaire.com\/ja\/#organization","name":"St\u00e9phanie C\u00e9saire","url":"https:\/\/www.stephaniecesaire.com\/ja\/","logo":{"@type":"ImageObject","inLanguage":"ja","@id":"https:\/\/www.stephaniecesaire.com\/ja\/#\/schema\/logo\/image\/","url":"https:\/\/www.stephaniecesaire.com\/wp-content\/uploads\/2023\/10\/favicon.png","contentUrl":"https:\/\/www.stephaniecesaire.com\/wp-content\/uploads\/2023\/10\/favicon.png","width":512,"height":512,"caption":"St\u00e9phanie C\u00e9saire"},"image":{"@id":"https:\/\/www.stephaniecesaire.com\/ja\/#\/schema\/logo\/image\/"},"sameAs":["https:\/\/www.facebook.com\/cesaireparis\/","https:\/\/www.pinterest.fr\/cesaireparis\/","https:\/\/www.instagram.com\/cesaireparis.official\/"]}]}},"_links":{"self":[{"href":"https:\/\/www.stephaniecesaire.com\/ja\/wp-json\/wp\/v2\/product\/29852","targetHints":{"allow":["GET"]}}],"collection":[{"href":"https:\/\/www.stephaniecesaire.com\/ja\/wp-json\/wp\/v2\/product"}],"about":[{"href":"https:\/\/www.stephaniecesaire.com\/ja\/wp-json\/wp\/v2\/types\/product"}],"wp:featuredmedia":[{"embeddable":true,"href":"https:\/\/www.stephaniecesaire.com\/ja\/wp-json\/wp\/v2\/media\/15066"}],"wp:attachment":[{"href":"https:\/\/www.stephaniecesaire.com\/ja\/wp-json\/wp\/v2\/media?parent=29852"}],"wp:term":[{"taxonomy":"product_cat","embeddable":true,"href":"https:\/\/www.stephaniecesaire.com\/ja\/wp-json\/wp\/v2\/product_cat?post=29852"},{"taxonomy":"product_tag","embeddable":true,"href":"https:\/\/www.stephaniecesaire.com\/ja\/wp-json\/wp\/v2\/product_tag?post=29852"}],"curies":[{"name":"wp","href":"https:\/\/api.w.org\/{rel}","templated":true}]}}