{"id":29883,"date":"2019-04-16T16:30:35","date_gmt":"2019-04-16T14:30:35","guid":{"rendered":"https:\/\/stephaniecesaire.com\/boutique\/uncategorized\/hussard-cuir-de-buffle-graine-noir\/"},"modified":"2024-07-04T16:01:21","modified_gmt":"2024-07-04T14:01:21","slug":"hussard-cuir-de-buffle-graine-noir","status":"publish","type":"product","link":"https:\/\/www.stephaniecesaire.com\/ja\/boutique\/%e3%83%90%e3%83%83%e3%82%b0\/%e3%83%a6%e3%82%b5%e3%83%bc%e3%83%ab\/hussard-cuir-de-buffle-graine-noir\/","title":{"rendered":"\u30e6\u30b5\u30fc\u30eb\u30fb\u30d0\u30c3\u30d5\u30a1\u30ed\u30fc\u30fb\u30ec\u30b6\u30fc\u30fb\u30d6\u30e9\u30c3\u30af"},"content":{"rendered":"<p>\u88cf\u5730\u7121\u3057\u306e\u672c\u4f53\u306f\u30d5\u30e9\u30c3\u30d7\u3092\u895f\u30dc\u30bf\u30f3\u3067\u7559\u3081\u308b\u30c7\u30b6\u30a4\u30f3\u3002\u80cc\u9762\u306b\u306f\u540c\u3058\u304f\u895f\u30dc\u30bf\u30f3\u3067\u7559\u3081\u308b\u643a\u5e2f\u96fb\u8a71\u7528\u306e\u30dd\u30b1\u30c3\u30c8\u3082\u3002\u30b7\u30e7\u30eb\u30c0\u30fc\u30d9\u30eb\u30c8\u3092\u8abf\u7bc0\u3057\u3066\u3001\u30b7\u30e7\u30eb\u30c0\u30fc\u30d0\u30c3\u30b0\u3084\u30af\u30ed\u30b9\u30aa\u30fc\u30d0\u30fc\u30d0\u30c3\u30b0\u3068\u3057\u3066\u304a\u4f7f\u3044\u3044\u305f\u3060\u3051\u307e\u3059\u3002\u30d5\u30e9\u30f3\u30b9\u88fd\u3002<\/p>\n","protected":false},"excerpt":{"rendered":"<p>\u9a0e\u5175\u306e\u3088\u3046\u306a\u51db\u3005\u3057\u3044\u96f0\u56f2\u6c17\u306e\u30e6\u30b5\u30fc\u30eb\u306f\u3001\u30af\u30e9\u30b7\u30ab\u30eb\u306a\u30e6\u30cb\u30bb\u30c3\u30af\u30b9\u30c7\u30b6\u30a4\u30f3\u306e\u30b5\u30b3\u30fc\u30b7\u30e5\u3002\u4e08\u592b\u3067\u4f7f\u3044\u3084\u3059\u304f\u3001\u30bf\u30a4\u30e0\u30ec\u30b9\u306a\u30ea\u30e9\u30c3\u30af\u30b9\u30b9\u30bf\u30a4\u30eb\u3092\u6f14\u51fa\u3057\u307e\u3059\u3002\u30aa\u30fc\u30bb\u30f3\u30c6\u30a3\u30c3\u30af\u306a\u30b9\u30af\u30a8\u30a2\u30d5\u30a9\u30eb\u30e0\u306e\u672c\u4f53\u306f\u30b7\u30f3\u30d7\u30eb\u3067\u8efd\u3084\u304b\u3002\u7740\u3053\u306a\u3057\u306b\u30d1\u30f3\u30c1\u3092\u4e0e\u3048\u3066\u304f\u308c\u308b\u30e6\u30b5\u30fc\u30eb\u306f\u3001\u3069\u3053\u3078\u884c\u304f\u306b\u3082\u6301\u3063\u3066\u3044\u304d\u305f\u3044\u30a2\u30a4\u30c6\u30e0\u3067\u3059\u3002<\/p>\n","protected":false},"featured_media":12071,"template":"","meta":[],"product_cat":[644],"product_tag":[1525],"class_list":{"0":"post-29883","1":"product","2":"type-product","3":"status-publish","4":"has-post-thumbnail","6":"product_cat-644","7":"product_tag-backorder-ja","8":"product_shipping_class-classe-de-livraison-2","9":"pa_porte-331","10":"pa_porte-333","11":"pa_volume-339","13":"first","14":"onbackorder","15":"sold-individually","16":"taxable","17":"shipping-taxable","18":"purchasable","19":"product-type-simple"},"yoast_head":"<!-- This site is optimized with the Yoast SEO plugin v23.1 - https:\/\/yoast.com\/wordpress\/plugins\/seo\/ -->\n<title>Hussard sacoche made in France - C\u00e9saire Maroquinerie Fran\u00e7aise<\/title>\n<meta name=\"description\" content=\"Avec son allure cavali\u00e8re, Hussard, est une sacoche mixte \u00e0 la fa\u00e7on traditionnelle. Elle se veut robuste et pratique pour une d\u00e9contraction intemporelle. Son volume authentique, carr\u00e9, simple et l\u00e9ger vous suit partout en donnant du mordant \u00e0 votre allure.\" \/>\n<meta name=\"robots\" content=\"index, follow, max-snippet:-1, max-image-preview:large, max-video-preview:-1\" \/>\n<link rel=\"canonical\" href=\"https:\/\/www.stephaniecesaire.com\/ja\/boutique\/%e3%83%90%e3%83%83%e3%82%b0\/%e3%83%a6%e3%82%b5%e3%83%bc%e3%83%ab\/hussard-cuir-de-buffle-graine-noir\/\" \/>\n<meta property=\"og:locale\" content=\"ja_JP\" \/>\n<meta property=\"og:type\" content=\"article\" \/>\n<meta property=\"og:title\" content=\"Hussard sacoche made in France - C\u00e9saire Maroquinerie Fran\u00e7aise\" \/>\n<meta property=\"og:description\" content=\"Avec son allure cavali\u00e8re, Hussard, est une sacoche mixte \u00e0 la fa\u00e7on traditionnelle. Elle se veut robuste et pratique pour une d\u00e9contraction intemporelle. Son volume authentique, carr\u00e9, simple et l\u00e9ger vous suit partout en donnant du mordant \u00e0 votre allure.\" \/>\n<meta property=\"og:url\" content=\"https:\/\/www.stephaniecesaire.com\/ja\/boutique\/%e3%83%90%e3%83%83%e3%82%b0\/%e3%83%a6%e3%82%b5%e3%83%bc%e3%83%ab\/hussard-cuir-de-buffle-graine-noir\/\" \/>\n<meta property=\"og:site_name\" content=\"C\u00e9saire\" \/>\n<meta property=\"article:publisher\" content=\"https:\/\/www.facebook.com\/cesaireparis\/\" \/>\n<meta property=\"article:modified_time\" content=\"2024-07-04T14:01:21+00:00\" \/>\n<meta property=\"og:image\" content=\"https:\/\/www.stephaniecesaire.com\/wp-content\/uploads\/2023\/09\/Hussard_BUFnoirFace-jpg.webp\" \/>\n\t<meta property=\"og:image:width\" content=\"630\" \/>\n\t<meta property=\"og:image:height\" content=\"945\" \/>\n\t<meta property=\"og:image:type\" content=\"image\/jpeg\" \/>\n<meta name=\"twitter:card\" content=\"summary_large_image\" \/>\n<meta name=\"twitter:label1\" content=\"\u63a8\u5b9a\u8aad\u307f\u53d6\u308a\u6642\u9593\" \/>\n\t<meta name=\"twitter:data1\" content=\"1\u5206\" \/>\n<script type=\"application\/ld+json\" class=\"yoast-schema-graph\">{\"@context\":\"https:\/\/schema.org\",\"@graph\":[{\"@type\":\"WebPage\",\"@id\":\"https:\/\/www.stephaniecesaire.com\/ja\/boutique\/%e3%83%90%e3%83%83%e3%82%b0\/%e3%83%a6%e3%82%b5%e3%83%bc%e3%83%ab\/hussard-cuir-de-buffle-graine-noir\/\",\"url\":\"https:\/\/www.stephaniecesaire.com\/ja\/boutique\/%e3%83%90%e3%83%83%e3%82%b0\/%e3%83%a6%e3%82%b5%e3%83%bc%e3%83%ab\/hussard-cuir-de-buffle-graine-noir\/\",\"name\":\"Hussard sacoche made in France - C\u00e9saire Maroquinerie Fran\u00e7aise\",\"isPartOf\":{\"@id\":\"https:\/\/www.stephaniecesaire.com\/ja\/#website\"},\"primaryImageOfPage\":{\"@id\":\"https:\/\/www.stephaniecesaire.com\/ja\/boutique\/%e3%83%90%e3%83%83%e3%82%b0\/%e3%83%a6%e3%82%b5%e3%83%bc%e3%83%ab\/hussard-cuir-de-buffle-graine-noir\/#primaryimage\"},\"image\":{\"@id\":\"https:\/\/www.stephaniecesaire.com\/ja\/boutique\/%e3%83%90%e3%83%83%e3%82%b0\/%e3%83%a6%e3%82%b5%e3%83%bc%e3%83%ab\/hussard-cuir-de-buffle-graine-noir\/#primaryimage\"},\"thumbnailUrl\":\"https:\/\/www.stephaniecesaire.com\/wp-content\/uploads\/2023\/09\/Hussard_BUFnoirFace-jpg.webp\",\"datePublished\":\"2019-04-16T14:30:35+00:00\",\"dateModified\":\"2024-07-04T14:01:21+00:00\",\"description\":\"Avec son allure cavali\u00e8re, Hussard, est une sacoche mixte \u00e0 la fa\u00e7on traditionnelle. Elle se veut robuste et pratique pour une d\u00e9contraction intemporelle. Son volume authentique, carr\u00e9, simple et l\u00e9ger vous suit partout en donnant du mordant \u00e0 votre allure.\",\"breadcrumb\":{\"@id\":\"https:\/\/www.stephaniecesaire.com\/ja\/boutique\/%e3%83%90%e3%83%83%e3%82%b0\/%e3%83%a6%e3%82%b5%e3%83%bc%e3%83%ab\/hussard-cuir-de-buffle-graine-noir\/#breadcrumb\"},\"inLanguage\":\"ja\",\"potentialAction\":[{\"@type\":\"ReadAction\",\"target\":[\"https:\/\/www.stephaniecesaire.com\/ja\/boutique\/%e3%83%90%e3%83%83%e3%82%b0\/%e3%83%a6%e3%82%b5%e3%83%bc%e3%83%ab\/hussard-cuir-de-buffle-graine-noir\/\"]}]},{\"@type\":\"ImageObject\",\"inLanguage\":\"ja\",\"@id\":\"https:\/\/www.stephaniecesaire.com\/ja\/boutique\/%e3%83%90%e3%83%83%e3%82%b0\/%e3%83%a6%e3%82%b5%e3%83%bc%e3%83%ab\/hussard-cuir-de-buffle-graine-noir\/#primaryimage\",\"url\":\"https:\/\/www.stephaniecesaire.com\/wp-content\/uploads\/2023\/09\/Hussard_BUFnoirFace-jpg.webp\",\"contentUrl\":\"https:\/\/www.stephaniecesaire.com\/wp-content\/uploads\/2023\/09\/Hussard_BUFnoirFace-jpg.webp\",\"width\":630,\"height\":945},{\"@type\":\"BreadcrumbList\",\"@id\":\"https:\/\/www.stephaniecesaire.com\/ja\/boutique\/%e3%83%90%e3%83%83%e3%82%b0\/%e3%83%a6%e3%82%b5%e3%83%bc%e3%83%ab\/hussard-cuir-de-buffle-graine-noir\/#breadcrumb\",\"itemListElement\":[{\"@type\":\"ListItem\",\"position\":1,\"name\":\"Accueil\",\"item\":\"https:\/\/www.stephaniecesaire.com\/ja\/\"},{\"@type\":\"ListItem\",\"position\":2,\"name\":\"\u30b7\u30e7\u30c3\u30d7\",\"item\":\"https:\/\/www.stephaniecesaire.com\/ja\/%e3%82%b7%e3%83%a7%e3%83%83%e3%83%97\/\"},{\"@type\":\"ListItem\",\"position\":3,\"name\":\"\u30e6\u30b5\u30fc\u30eb\u30fb\u30d0\u30c3\u30d5\u30a1\u30ed\u30fc\u30fb\u30ec\u30b6\u30fc\u30fb\u30d6\u30e9\u30c3\u30af\"}]},{\"@type\":\"WebSite\",\"@id\":\"https:\/\/www.stephaniecesaire.com\/ja\/#website\",\"url\":\"https:\/\/www.stephaniecesaire.com\/ja\/\",\"name\":\"St\u00e9phanie C\u00e9saire\",\"description\":\"Sac cr\u00e9ateur made in France - Maroquinerie de luxe\",\"publisher\":{\"@id\":\"https:\/\/www.stephaniecesaire.com\/ja\/#organization\"},\"potentialAction\":[{\"@type\":\"SearchAction\",\"target\":{\"@type\":\"EntryPoint\",\"urlTemplate\":\"https:\/\/www.stephaniecesaire.com\/ja\/?s={search_term_string}\"},\"query-input\":\"required name=search_term_string\"}],\"inLanguage\":\"ja\"},{\"@type\":\"Organization\",\"@id\":\"https:\/\/www.stephaniecesaire.com\/ja\/#organization\",\"name\":\"St\u00e9phanie C\u00e9saire\",\"url\":\"https:\/\/www.stephaniecesaire.com\/ja\/\",\"logo\":{\"@type\":\"ImageObject\",\"inLanguage\":\"ja\",\"@id\":\"https:\/\/www.stephaniecesaire.com\/ja\/#\/schema\/logo\/image\/\",\"url\":\"https:\/\/www.stephaniecesaire.com\/wp-content\/uploads\/2023\/10\/favicon.png\",\"contentUrl\":\"https:\/\/www.stephaniecesaire.com\/wp-content\/uploads\/2023\/10\/favicon.png\",\"width\":512,\"height\":512,\"caption\":\"St\u00e9phanie C\u00e9saire\"},\"image\":{\"@id\":\"https:\/\/www.stephaniecesaire.com\/ja\/#\/schema\/logo\/image\/\"},\"sameAs\":[\"https:\/\/www.facebook.com\/cesaireparis\/\",\"https:\/\/www.pinterest.fr\/cesaireparis\/\",\"https:\/\/www.instagram.com\/cesaireparis.official\/\"]}]}<\/script>\n<!-- \/ Yoast SEO plugin. -->","yoast_head_json":{"title":"Hussard sacoche made in France - C\u00e9saire Maroquinerie Fran\u00e7aise","description":"Avec son allure cavali\u00e8re, Hussard, est une sacoche mixte \u00e0 la fa\u00e7on traditionnelle. Elle se veut robuste et pratique pour une d\u00e9contraction intemporelle. Son volume authentique, carr\u00e9, simple et l\u00e9ger vous suit partout en donnant du mordant \u00e0 votre allure.","robots":{"index":"index","follow":"follow","max-snippet":"max-snippet:-1","max-image-preview":"max-image-preview:large","max-video-preview":"max-video-preview:-1"},"canonical":"https:\/\/www.stephaniecesaire.com\/ja\/boutique\/%e3%83%90%e3%83%83%e3%82%b0\/%e3%83%a6%e3%82%b5%e3%83%bc%e3%83%ab\/hussard-cuir-de-buffle-graine-noir\/","og_locale":"ja_JP","og_type":"article","og_title":"Hussard sacoche made in France - C\u00e9saire Maroquinerie Fran\u00e7aise","og_description":"Avec son allure cavali\u00e8re, Hussard, est une sacoche mixte \u00e0 la fa\u00e7on traditionnelle. Elle se veut robuste et pratique pour une d\u00e9contraction intemporelle. Son volume authentique, carr\u00e9, simple et l\u00e9ger vous suit partout en donnant du mordant \u00e0 votre allure.","og_url":"https:\/\/www.stephaniecesaire.com\/ja\/boutique\/%e3%83%90%e3%83%83%e3%82%b0\/%e3%83%a6%e3%82%b5%e3%83%bc%e3%83%ab\/hussard-cuir-de-buffle-graine-noir\/","og_site_name":"C\u00e9saire","article_publisher":"https:\/\/www.facebook.com\/cesaireparis\/","article_modified_time":"2024-07-04T14:01:21+00:00","og_image":[{"width":630,"height":945,"url":"https:\/\/www.stephaniecesaire.com\/wp-content\/uploads\/2023\/09\/Hussard_BUFnoirFace-jpg.webp","type":"image\/jpeg"}],"twitter_card":"summary_large_image","twitter_misc":{"\u63a8\u5b9a\u8aad\u307f\u53d6\u308a\u6642\u9593":"1\u5206"},"schema":{"@context":"https:\/\/schema.org","@graph":[{"@type":"WebPage","@id":"https:\/\/www.stephaniecesaire.com\/ja\/boutique\/%e3%83%90%e3%83%83%e3%82%b0\/%e3%83%a6%e3%82%b5%e3%83%bc%e3%83%ab\/hussard-cuir-de-buffle-graine-noir\/","url":"https:\/\/www.stephaniecesaire.com\/ja\/boutique\/%e3%83%90%e3%83%83%e3%82%b0\/%e3%83%a6%e3%82%b5%e3%83%bc%e3%83%ab\/hussard-cuir-de-buffle-graine-noir\/","name":"Hussard sacoche made in France - C\u00e9saire Maroquinerie Fran\u00e7aise","isPartOf":{"@id":"https:\/\/www.stephaniecesaire.com\/ja\/#website"},"primaryImageOfPage":{"@id":"https:\/\/www.stephaniecesaire.com\/ja\/boutique\/%e3%83%90%e3%83%83%e3%82%b0\/%e3%83%a6%e3%82%b5%e3%83%bc%e3%83%ab\/hussard-cuir-de-buffle-graine-noir\/#primaryimage"},"image":{"@id":"https:\/\/www.stephaniecesaire.com\/ja\/boutique\/%e3%83%90%e3%83%83%e3%82%b0\/%e3%83%a6%e3%82%b5%e3%83%bc%e3%83%ab\/hussard-cuir-de-buffle-graine-noir\/#primaryimage"},"thumbnailUrl":"https:\/\/www.stephaniecesaire.com\/wp-content\/uploads\/2023\/09\/Hussard_BUFnoirFace-jpg.webp","datePublished":"2019-04-16T14:30:35+00:00","dateModified":"2024-07-04T14:01:21+00:00","description":"Avec son allure cavali\u00e8re, Hussard, est une sacoche mixte \u00e0 la fa\u00e7on traditionnelle. Elle se veut robuste et pratique pour une d\u00e9contraction intemporelle. Son volume authentique, carr\u00e9, simple et l\u00e9ger vous suit partout en donnant du mordant \u00e0 votre allure.","breadcrumb":{"@id":"https:\/\/www.stephaniecesaire.com\/ja\/boutique\/%e3%83%90%e3%83%83%e3%82%b0\/%e3%83%a6%e3%82%b5%e3%83%bc%e3%83%ab\/hussard-cuir-de-buffle-graine-noir\/#breadcrumb"},"inLanguage":"ja","potentialAction":[{"@type":"ReadAction","target":["https:\/\/www.stephaniecesaire.com\/ja\/boutique\/%e3%83%90%e3%83%83%e3%82%b0\/%e3%83%a6%e3%82%b5%e3%83%bc%e3%83%ab\/hussard-cuir-de-buffle-graine-noir\/"]}]},{"@type":"ImageObject","inLanguage":"ja","@id":"https:\/\/www.stephaniecesaire.com\/ja\/boutique\/%e3%83%90%e3%83%83%e3%82%b0\/%e3%83%a6%e3%82%b5%e3%83%bc%e3%83%ab\/hussard-cuir-de-buffle-graine-noir\/#primaryimage","url":"https:\/\/www.stephaniecesaire.com\/wp-content\/uploads\/2023\/09\/Hussard_BUFnoirFace-jpg.webp","contentUrl":"https:\/\/www.stephaniecesaire.com\/wp-content\/uploads\/2023\/09\/Hussard_BUFnoirFace-jpg.webp","width":630,"height":945},{"@type":"BreadcrumbList","@id":"https:\/\/www.stephaniecesaire.com\/ja\/boutique\/%e3%83%90%e3%83%83%e3%82%b0\/%e3%83%a6%e3%82%b5%e3%83%bc%e3%83%ab\/hussard-cuir-de-buffle-graine-noir\/#breadcrumb","itemListElement":[{"@type":"ListItem","position":1,"name":"Accueil","item":"https:\/\/www.stephaniecesaire.com\/ja\/"},{"@type":"ListItem","position":2,"name":"\u30b7\u30e7\u30c3\u30d7","item":"https:\/\/www.stephaniecesaire.com\/ja\/%e3%82%b7%e3%83%a7%e3%83%83%e3%83%97\/"},{"@type":"ListItem","position":3,"name":"\u30e6\u30b5\u30fc\u30eb\u30fb\u30d0\u30c3\u30d5\u30a1\u30ed\u30fc\u30fb\u30ec\u30b6\u30fc\u30fb\u30d6\u30e9\u30c3\u30af"}]},{"@type":"WebSite","@id":"https:\/\/www.stephaniecesaire.com\/ja\/#website","url":"https:\/\/www.stephaniecesaire.com\/ja\/","name":"St\u00e9phanie C\u00e9saire","description":"Sac cr\u00e9ateur made in France - Maroquinerie de luxe","publisher":{"@id":"https:\/\/www.stephaniecesaire.com\/ja\/#organization"},"potentialAction":[{"@type":"SearchAction","target":{"@type":"EntryPoint","urlTemplate":"https:\/\/www.stephaniecesaire.com\/ja\/?s={search_term_string}"},"query-input":"required name=search_term_string"}],"inLanguage":"ja"},{"@type":"Organization","@id":"https:\/\/www.stephaniecesaire.com\/ja\/#organization","name":"St\u00e9phanie C\u00e9saire","url":"https:\/\/www.stephaniecesaire.com\/ja\/","logo":{"@type":"ImageObject","inLanguage":"ja","@id":"https:\/\/www.stephaniecesaire.com\/ja\/#\/schema\/logo\/image\/","url":"https:\/\/www.stephaniecesaire.com\/wp-content\/uploads\/2023\/10\/favicon.png","contentUrl":"https:\/\/www.stephaniecesaire.com\/wp-content\/uploads\/2023\/10\/favicon.png","width":512,"height":512,"caption":"St\u00e9phanie C\u00e9saire"},"image":{"@id":"https:\/\/www.stephaniecesaire.com\/ja\/#\/schema\/logo\/image\/"},"sameAs":["https:\/\/www.facebook.com\/cesaireparis\/","https:\/\/www.pinterest.fr\/cesaireparis\/","https:\/\/www.instagram.com\/cesaireparis.official\/"]}]}},"_links":{"self":[{"href":"https:\/\/www.stephaniecesaire.com\/ja\/wp-json\/wp\/v2\/product\/29883","targetHints":{"allow":["GET"]}}],"collection":[{"href":"https:\/\/www.stephaniecesaire.com\/ja\/wp-json\/wp\/v2\/product"}],"about":[{"href":"https:\/\/www.stephaniecesaire.com\/ja\/wp-json\/wp\/v2\/types\/product"}],"wp:featuredmedia":[{"embeddable":true,"href":"https:\/\/www.stephaniecesaire.com\/ja\/wp-json\/wp\/v2\/media\/12071"}],"wp:attachment":[{"href":"https:\/\/www.stephaniecesaire.com\/ja\/wp-json\/wp\/v2\/media?parent=29883"}],"wp:term":[{"taxonomy":"product_cat","embeddable":true,"href":"https:\/\/www.stephaniecesaire.com\/ja\/wp-json\/wp\/v2\/product_cat?post=29883"},{"taxonomy":"product_tag","embeddable":true,"href":"https:\/\/www.stephaniecesaire.com\/ja\/wp-json\/wp\/v2\/product_tag?post=29883"}],"curies":[{"name":"wp","href":"https:\/\/api.w.org\/{rel}","templated":true}]}}