{"id":29900,"date":"2019-03-23T16:45:36","date_gmt":"2019-03-23T15:45:36","guid":{"rendered":"https:\/\/stephaniecesaire.com\/boutique\/uncategorized\/tac-o-tac-cuir-de-veau-satin-camel\/"},"modified":"2024-02-20T19:19:48","modified_gmt":"2024-02-20T18:19:48","slug":"tac-o-tac-cuir-de-veau-satin-camel","status":"publish","type":"product","link":"https:\/\/www.stephaniecesaire.com\/ja\/boutique\/%e3%83%90%e3%83%83%e3%82%b0\/%e3%82%bf%e3%82%af%e3%83%bb%e3%82%aa%e3%83%bb%e3%82%bf%e3%82%af\/tac-o-tac-cuir-de-veau-satin-camel\/","title":{"rendered":"\u30bf\u30af\u30fb\u30aa\u30fb\u30bf\u30af\u30fb\u306a\u3081\u3089\u304b\u306a\u30ab\u30fc\u30d5\u30ec\u30b6\u30fc \u30ad\u30e3\u30e1\u30eb"},"content":{"rendered":"<p>\u30bf\u30af\u30fb\u30aa\u30fb\u30bf\u30af\u306b\u306f2\u672c\u306e\u771f\u936e\u88fd\u306e\u30cf\u30f3\u30c9\u30eb\u306b\u52a0\u3048\u3001\u53d6\u308a\u5916\u3057\u53ef\u80fd\u306a\u67d4\u3089\u304b\u306a\u30ec\u30b6\u30fc\u306e\u6301\u3061\u624b\u3082\u4ed8\u5c5e\u3002\u88cf\u5730\u306f\u30b3\u30c3\u30c8\u30f3\u30b5\u30fc\u30b8100\uff05\u3002\u958b\u9589\u306f\u4fbf\u5229\u306a\u30de\u30b0\u30cd\u30c3\u30c8\u30dc\u30bf\u30f3\u3067\u3002\u5185\u90e8\u306b\u306f\u643a\u5e2f\u96fb\u8a71\u7528\u306e\u30dd\u30b1\u30c3\u30c8\u3068\u30d5\u30a1\u30b9\u30ca\u30fc\u30dd\u30b1\u30c3\u30c8\u4ed8\u304d\u3002\u307e\u305f\u30014\u3064\u306e\u771f\u936e\u30b9\u30bf\u30c3\u30ba\u304c\u30d0\u30c3\u30b0\u306e\u5e95\u3092\u3057\u3063\u304b\u308a\u3068\u4fdd\u8b77\u3057\u307e\u3059\u3002\u30d5\u30e9\u30f3\u30b9\u88fd<\/p>\n","protected":false},"excerpt":{"rendered":"<p>\u30bf\u30af\u30fb\u30aa\u30fb\u30bf\u30af\u306e\u3057\u306a\u3084\u304b\u306a\u30ec\u30b6\u30fc\u30cf\u30f3\u30c9\u30eb\u306e\u4e21\u7aef\u3092\u98fe\u308b\u306e\u306f\u3001\u30dd\u30ea\u30c3\u30b7\u30e5\u30c9\u30e1\u30bf\u30eb\u306e\u7d30\u9577\u3044\u30ea\u30f3\u30b0\u3002\u305d\u3053\u306b\u3076\u3089\u4e0b\u304c\u3063\u305f\u3088\u3046\u306a\u30c7\u30b6\u30a4\u30f3\u306e\u30d0\u30c3\u30b0\u306f\u3001\u6d17\u7df4\u3055\u308c\u305f\u30d0\u30ea\u30e5\u30b7\u30e7\u30f3\uff08\u9577\u3044\u68d2\u306e\u5148\u306b\u4e0b\u3052\u308b\u5c0f\u3055\u306a\u5305\u307f\uff09\u3068\u3082\u8a00\u3048\u308b\u30a2\u30a4\u30c6\u30e0\u3002\u80a9\u306b\u304b\u3051\u308c\u3070\u30d0\u30c3\u30b0\u304c\u4e3b\u5f79\u306e\u30b3\u30fc\u30c7\u306b\u3001\u624b\u306b\u6301\u3066\u3070\u30c0\u30a4\u30ca\u30df\u30c3\u30af\u3067\u73fe\u4ee3\u7684\u306a\u96f0\u56f2\u6c17\u3092\u6f14\u51fa\u3059\u308b\u30bf\u30af\u30fb\u30aa\u30fb\u30bf\u30af\u306f\u3001\u3069\u3093\u306a\u30b7\u30fc\u30f3\u3067\u3082\u6d3b\u8e8d\u3059\u308b2WAY\u4ed5\u69d8\u3002<\/p>\n","protected":false},"featured_media":8050,"template":"","meta":[],"product_cat":[664],"product_tag":[],"class_list":{"0":"post-29900","1":"product","2":"type-product","3":"status-publish","4":"has-post-thumbnail","6":"product_cat-664","7":"product_shipping_class-classe-de-livraison-2","8":"pa_porte-333","9":"pa_porte-329","10":"pa_volume-sacs-souples-ja","11":"pa_volume-339","13":"first","14":"outofstock","15":"sold-individually","16":"taxable","17":"shipping-taxable","18":"purchasable","19":"product-type-simple"},"yoast_head":"<!-- This site is optimized with the Yoast SEO plugin v23.1 - https:\/\/yoast.com\/wordpress\/plugins\/seo\/ -->\n<title>\u30bf\u30af\u30fb\u30aa\u30fb\u30bf\u30af\u30fb\u306a\u3081\u3089\u304b\u306a\u30ab\u30fc\u30d5\u30ec\u30b6\u30fc \u30ad\u30e3\u30e1\u30eb - C\u00e9saire<\/title>\n<meta name=\"robots\" content=\"index, follow, max-snippet:-1, max-image-preview:large, max-video-preview:-1\" \/>\n<link rel=\"canonical\" href=\"https:\/\/www.stephaniecesaire.com\/ja\/boutique\/%e3%83%90%e3%83%83%e3%82%b0\/%e3%82%bf%e3%82%af%e3%83%bb%e3%82%aa%e3%83%bb%e3%82%bf%e3%82%af\/tac-o-tac-cuir-de-veau-satin-camel\/\" \/>\n<meta property=\"og:locale\" content=\"ja_JP\" \/>\n<meta property=\"og:type\" content=\"article\" \/>\n<meta property=\"og:title\" content=\"\u30bf\u30af\u30fb\u30aa\u30fb\u30bf\u30af\u30fb\u306a\u3081\u3089\u304b\u306a\u30ab\u30fc\u30d5\u30ec\u30b6\u30fc \u30ad\u30e3\u30e1\u30eb - C\u00e9saire\" \/>\n<meta property=\"og:description\" content=\"\u30bf\u30af\u30fb\u30aa\u30fb\u30bf\u30af\u306e\u3057\u306a\u3084\u304b\u306a\u30ec\u30b6\u30fc\u30cf\u30f3\u30c9\u30eb\u306e\u4e21\u7aef\u3092\u98fe\u308b\u306e\u306f\u3001\u30dd\u30ea\u30c3\u30b7\u30e5\u30c9\u30e1\u30bf\u30eb\u306e\u7d30\u9577\u3044\u30ea\u30f3\u30b0\u3002\u305d\u3053\u306b\u3076\u3089\u4e0b\u304c\u3063\u305f\u3088\u3046\u306a\u30c7\u30b6\u30a4\u30f3\u306e\u30d0\u30c3\u30b0\u306f\u3001\u6d17\u7df4\u3055\u308c\u305f\u30d0\u30ea\u30e5\u30b7\u30e7\u30f3\uff08\u9577\u3044\u68d2\u306e\u5148\u306b\u4e0b\u3052\u308b\u5c0f\u3055\u306a\u5305\u307f\uff09\u3068\u3082\u8a00\u3048\u308b\u30a2\u30a4\u30c6\u30e0\u3002\u80a9\u306b\u304b\u3051\u308c\u3070\u30d0\u30c3\u30b0\u304c\u4e3b\u5f79\u306e\u30b3\u30fc\u30c7\u306b\u3001\u624b\u306b\u6301\u3066\u3070\u30c0\u30a4\u30ca\u30df\u30c3\u30af\u3067\u73fe\u4ee3\u7684\u306a\u96f0\u56f2\u6c17\u3092\u6f14\u51fa\u3059\u308b\u30bf\u30af\u30fb\u30aa\u30fb\u30bf\u30af\u306f\u3001\u3069\u3093\u306a\u30b7\u30fc\u30f3\u3067\u3082\u6d3b\u8e8d\u3059\u308b2WAY\u4ed5\u69d8\u3002\" \/>\n<meta property=\"og:url\" content=\"https:\/\/www.stephaniecesaire.com\/ja\/boutique\/%e3%83%90%e3%83%83%e3%82%b0\/%e3%82%bf%e3%82%af%e3%83%bb%e3%82%aa%e3%83%bb%e3%82%bf%e3%82%af\/tac-o-tac-cuir-de-veau-satin-camel\/\" \/>\n<meta property=\"og:site_name\" content=\"C\u00e9saire\" \/>\n<meta property=\"article:publisher\" content=\"https:\/\/www.facebook.com\/cesaireparis\/\" \/>\n<meta property=\"article:modified_time\" content=\"2024-02-20T18:19:48+00:00\" \/>\n<meta property=\"og:image\" content=\"https:\/\/www.stephaniecesaire.com\/wp-content\/uploads\/2023\/09\/TACVEL_Camel_WEB1-scaled.webp\" \/>\n\t<meta property=\"og:image:width\" content=\"1707\" \/>\n\t<meta property=\"og:image:height\" content=\"2560\" \/>\n\t<meta property=\"og:image:type\" content=\"image\/jpeg\" \/>\n<meta name=\"twitter:card\" content=\"summary_large_image\" \/>\n<meta name=\"twitter:label1\" content=\"\u63a8\u5b9a\u8aad\u307f\u53d6\u308a\u6642\u9593\" \/>\n\t<meta name=\"twitter:data1\" content=\"1\u5206\" \/>\n<script type=\"application\/ld+json\" class=\"yoast-schema-graph\">{\"@context\":\"https:\/\/schema.org\",\"@graph\":[{\"@type\":\"WebPage\",\"@id\":\"https:\/\/www.stephaniecesaire.com\/ja\/boutique\/%e3%83%90%e3%83%83%e3%82%b0\/%e3%82%bf%e3%82%af%e3%83%bb%e3%82%aa%e3%83%bb%e3%82%bf%e3%82%af\/tac-o-tac-cuir-de-veau-satin-camel\/\",\"url\":\"https:\/\/www.stephaniecesaire.com\/ja\/boutique\/%e3%83%90%e3%83%83%e3%82%b0\/%e3%82%bf%e3%82%af%e3%83%bb%e3%82%aa%e3%83%bb%e3%82%bf%e3%82%af\/tac-o-tac-cuir-de-veau-satin-camel\/\",\"name\":\"\u30bf\u30af\u30fb\u30aa\u30fb\u30bf\u30af\u30fb\u306a\u3081\u3089\u304b\u306a\u30ab\u30fc\u30d5\u30ec\u30b6\u30fc \u30ad\u30e3\u30e1\u30eb - C\u00e9saire\",\"isPartOf\":{\"@id\":\"https:\/\/www.stephaniecesaire.com\/ja\/#website\"},\"primaryImageOfPage\":{\"@id\":\"https:\/\/www.stephaniecesaire.com\/ja\/boutique\/%e3%83%90%e3%83%83%e3%82%b0\/%e3%82%bf%e3%82%af%e3%83%bb%e3%82%aa%e3%83%bb%e3%82%bf%e3%82%af\/tac-o-tac-cuir-de-veau-satin-camel\/#primaryimage\"},\"image\":{\"@id\":\"https:\/\/www.stephaniecesaire.com\/ja\/boutique\/%e3%83%90%e3%83%83%e3%82%b0\/%e3%82%bf%e3%82%af%e3%83%bb%e3%82%aa%e3%83%bb%e3%82%bf%e3%82%af\/tac-o-tac-cuir-de-veau-satin-camel\/#primaryimage\"},\"thumbnailUrl\":\"https:\/\/www.stephaniecesaire.com\/wp-content\/uploads\/2023\/09\/TACVEL_Camel_WEB1-scaled.webp\",\"datePublished\":\"2019-03-23T15:45:36+00:00\",\"dateModified\":\"2024-02-20T18:19:48+00:00\",\"breadcrumb\":{\"@id\":\"https:\/\/www.stephaniecesaire.com\/ja\/boutique\/%e3%83%90%e3%83%83%e3%82%b0\/%e3%82%bf%e3%82%af%e3%83%bb%e3%82%aa%e3%83%bb%e3%82%bf%e3%82%af\/tac-o-tac-cuir-de-veau-satin-camel\/#breadcrumb\"},\"inLanguage\":\"ja\",\"potentialAction\":[{\"@type\":\"ReadAction\",\"target\":[\"https:\/\/www.stephaniecesaire.com\/ja\/boutique\/%e3%83%90%e3%83%83%e3%82%b0\/%e3%82%bf%e3%82%af%e3%83%bb%e3%82%aa%e3%83%bb%e3%82%bf%e3%82%af\/tac-o-tac-cuir-de-veau-satin-camel\/\"]}]},{\"@type\":\"ImageObject\",\"inLanguage\":\"ja\",\"@id\":\"https:\/\/www.stephaniecesaire.com\/ja\/boutique\/%e3%83%90%e3%83%83%e3%82%b0\/%e3%82%bf%e3%82%af%e3%83%bb%e3%82%aa%e3%83%bb%e3%82%bf%e3%82%af\/tac-o-tac-cuir-de-veau-satin-camel\/#primaryimage\",\"url\":\"https:\/\/www.stephaniecesaire.com\/wp-content\/uploads\/2023\/09\/TACVEL_Camel_WEB1-scaled.webp\",\"contentUrl\":\"https:\/\/www.stephaniecesaire.com\/wp-content\/uploads\/2023\/09\/TACVEL_Camel_WEB1-scaled.webp\",\"width\":1707,\"height\":2560},{\"@type\":\"BreadcrumbList\",\"@id\":\"https:\/\/www.stephaniecesaire.com\/ja\/boutique\/%e3%83%90%e3%83%83%e3%82%b0\/%e3%82%bf%e3%82%af%e3%83%bb%e3%82%aa%e3%83%bb%e3%82%bf%e3%82%af\/tac-o-tac-cuir-de-veau-satin-camel\/#breadcrumb\",\"itemListElement\":[{\"@type\":\"ListItem\",\"position\":1,\"name\":\"Accueil\",\"item\":\"https:\/\/www.stephaniecesaire.com\/ja\/\"},{\"@type\":\"ListItem\",\"position\":2,\"name\":\"\u30b7\u30e7\u30c3\u30d7\",\"item\":\"https:\/\/www.stephaniecesaire.com\/ja\/%e3%82%b7%e3%83%a7%e3%83%83%e3%83%97\/\"},{\"@type\":\"ListItem\",\"position\":3,\"name\":\"\u30bf\u30af\u30fb\u30aa\u30fb\u30bf\u30af\u30fb\u306a\u3081\u3089\u304b\u306a\u30ab\u30fc\u30d5\u30ec\u30b6\u30fc \u30ad\u30e3\u30e1\u30eb\"}]},{\"@type\":\"WebSite\",\"@id\":\"https:\/\/www.stephaniecesaire.com\/ja\/#website\",\"url\":\"https:\/\/www.stephaniecesaire.com\/ja\/\",\"name\":\"St\u00e9phanie C\u00e9saire\",\"description\":\"Sac cr\u00e9ateur made in France - Maroquinerie de luxe\",\"publisher\":{\"@id\":\"https:\/\/www.stephaniecesaire.com\/ja\/#organization\"},\"potentialAction\":[{\"@type\":\"SearchAction\",\"target\":{\"@type\":\"EntryPoint\",\"urlTemplate\":\"https:\/\/www.stephaniecesaire.com\/ja\/?s={search_term_string}\"},\"query-input\":\"required name=search_term_string\"}],\"inLanguage\":\"ja\"},{\"@type\":\"Organization\",\"@id\":\"https:\/\/www.stephaniecesaire.com\/ja\/#organization\",\"name\":\"St\u00e9phanie C\u00e9saire\",\"url\":\"https:\/\/www.stephaniecesaire.com\/ja\/\",\"logo\":{\"@type\":\"ImageObject\",\"inLanguage\":\"ja\",\"@id\":\"https:\/\/www.stephaniecesaire.com\/ja\/#\/schema\/logo\/image\/\",\"url\":\"https:\/\/www.stephaniecesaire.com\/wp-content\/uploads\/2023\/10\/favicon.png\",\"contentUrl\":\"https:\/\/www.stephaniecesaire.com\/wp-content\/uploads\/2023\/10\/favicon.png\",\"width\":512,\"height\":512,\"caption\":\"St\u00e9phanie C\u00e9saire\"},\"image\":{\"@id\":\"https:\/\/www.stephaniecesaire.com\/ja\/#\/schema\/logo\/image\/\"},\"sameAs\":[\"https:\/\/www.facebook.com\/cesaireparis\/\",\"https:\/\/www.pinterest.fr\/cesaireparis\/\",\"https:\/\/www.instagram.com\/cesaireparis.official\/\"]}]}<\/script>\n<!-- \/ Yoast SEO plugin. -->","yoast_head_json":{"title":"\u30bf\u30af\u30fb\u30aa\u30fb\u30bf\u30af\u30fb\u306a\u3081\u3089\u304b\u306a\u30ab\u30fc\u30d5\u30ec\u30b6\u30fc \u30ad\u30e3\u30e1\u30eb - C\u00e9saire","robots":{"index":"index","follow":"follow","max-snippet":"max-snippet:-1","max-image-preview":"max-image-preview:large","max-video-preview":"max-video-preview:-1"},"canonical":"https:\/\/www.stephaniecesaire.com\/ja\/boutique\/%e3%83%90%e3%83%83%e3%82%b0\/%e3%82%bf%e3%82%af%e3%83%bb%e3%82%aa%e3%83%bb%e3%82%bf%e3%82%af\/tac-o-tac-cuir-de-veau-satin-camel\/","og_locale":"ja_JP","og_type":"article","og_title":"\u30bf\u30af\u30fb\u30aa\u30fb\u30bf\u30af\u30fb\u306a\u3081\u3089\u304b\u306a\u30ab\u30fc\u30d5\u30ec\u30b6\u30fc \u30ad\u30e3\u30e1\u30eb - C\u00e9saire","og_description":"\u30bf\u30af\u30fb\u30aa\u30fb\u30bf\u30af\u306e\u3057\u306a\u3084\u304b\u306a\u30ec\u30b6\u30fc\u30cf\u30f3\u30c9\u30eb\u306e\u4e21\u7aef\u3092\u98fe\u308b\u306e\u306f\u3001\u30dd\u30ea\u30c3\u30b7\u30e5\u30c9\u30e1\u30bf\u30eb\u306e\u7d30\u9577\u3044\u30ea\u30f3\u30b0\u3002\u305d\u3053\u306b\u3076\u3089\u4e0b\u304c\u3063\u305f\u3088\u3046\u306a\u30c7\u30b6\u30a4\u30f3\u306e\u30d0\u30c3\u30b0\u306f\u3001\u6d17\u7df4\u3055\u308c\u305f\u30d0\u30ea\u30e5\u30b7\u30e7\u30f3\uff08\u9577\u3044\u68d2\u306e\u5148\u306b\u4e0b\u3052\u308b\u5c0f\u3055\u306a\u5305\u307f\uff09\u3068\u3082\u8a00\u3048\u308b\u30a2\u30a4\u30c6\u30e0\u3002\u80a9\u306b\u304b\u3051\u308c\u3070\u30d0\u30c3\u30b0\u304c\u4e3b\u5f79\u306e\u30b3\u30fc\u30c7\u306b\u3001\u624b\u306b\u6301\u3066\u3070\u30c0\u30a4\u30ca\u30df\u30c3\u30af\u3067\u73fe\u4ee3\u7684\u306a\u96f0\u56f2\u6c17\u3092\u6f14\u51fa\u3059\u308b\u30bf\u30af\u30fb\u30aa\u30fb\u30bf\u30af\u306f\u3001\u3069\u3093\u306a\u30b7\u30fc\u30f3\u3067\u3082\u6d3b\u8e8d\u3059\u308b2WAY\u4ed5\u69d8\u3002","og_url":"https:\/\/www.stephaniecesaire.com\/ja\/boutique\/%e3%83%90%e3%83%83%e3%82%b0\/%e3%82%bf%e3%82%af%e3%83%bb%e3%82%aa%e3%83%bb%e3%82%bf%e3%82%af\/tac-o-tac-cuir-de-veau-satin-camel\/","og_site_name":"C\u00e9saire","article_publisher":"https:\/\/www.facebook.com\/cesaireparis\/","article_modified_time":"2024-02-20T18:19:48+00:00","og_image":[{"width":1707,"height":2560,"url":"https:\/\/www.stephaniecesaire.com\/wp-content\/uploads\/2023\/09\/TACVEL_Camel_WEB1-scaled.webp","type":"image\/jpeg"}],"twitter_card":"summary_large_image","twitter_misc":{"\u63a8\u5b9a\u8aad\u307f\u53d6\u308a\u6642\u9593":"1\u5206"},"schema":{"@context":"https:\/\/schema.org","@graph":[{"@type":"WebPage","@id":"https:\/\/www.stephaniecesaire.com\/ja\/boutique\/%e3%83%90%e3%83%83%e3%82%b0\/%e3%82%bf%e3%82%af%e3%83%bb%e3%82%aa%e3%83%bb%e3%82%bf%e3%82%af\/tac-o-tac-cuir-de-veau-satin-camel\/","url":"https:\/\/www.stephaniecesaire.com\/ja\/boutique\/%e3%83%90%e3%83%83%e3%82%b0\/%e3%82%bf%e3%82%af%e3%83%bb%e3%82%aa%e3%83%bb%e3%82%bf%e3%82%af\/tac-o-tac-cuir-de-veau-satin-camel\/","name":"\u30bf\u30af\u30fb\u30aa\u30fb\u30bf\u30af\u30fb\u306a\u3081\u3089\u304b\u306a\u30ab\u30fc\u30d5\u30ec\u30b6\u30fc \u30ad\u30e3\u30e1\u30eb - C\u00e9saire","isPartOf":{"@id":"https:\/\/www.stephaniecesaire.com\/ja\/#website"},"primaryImageOfPage":{"@id":"https:\/\/www.stephaniecesaire.com\/ja\/boutique\/%e3%83%90%e3%83%83%e3%82%b0\/%e3%82%bf%e3%82%af%e3%83%bb%e3%82%aa%e3%83%bb%e3%82%bf%e3%82%af\/tac-o-tac-cuir-de-veau-satin-camel\/#primaryimage"},"image":{"@id":"https:\/\/www.stephaniecesaire.com\/ja\/boutique\/%e3%83%90%e3%83%83%e3%82%b0\/%e3%82%bf%e3%82%af%e3%83%bb%e3%82%aa%e3%83%bb%e3%82%bf%e3%82%af\/tac-o-tac-cuir-de-veau-satin-camel\/#primaryimage"},"thumbnailUrl":"https:\/\/www.stephaniecesaire.com\/wp-content\/uploads\/2023\/09\/TACVEL_Camel_WEB1-scaled.webp","datePublished":"2019-03-23T15:45:36+00:00","dateModified":"2024-02-20T18:19:48+00:00","breadcrumb":{"@id":"https:\/\/www.stephaniecesaire.com\/ja\/boutique\/%e3%83%90%e3%83%83%e3%82%b0\/%e3%82%bf%e3%82%af%e3%83%bb%e3%82%aa%e3%83%bb%e3%82%bf%e3%82%af\/tac-o-tac-cuir-de-veau-satin-camel\/#breadcrumb"},"inLanguage":"ja","potentialAction":[{"@type":"ReadAction","target":["https:\/\/www.stephaniecesaire.com\/ja\/boutique\/%e3%83%90%e3%83%83%e3%82%b0\/%e3%82%bf%e3%82%af%e3%83%bb%e3%82%aa%e3%83%bb%e3%82%bf%e3%82%af\/tac-o-tac-cuir-de-veau-satin-camel\/"]}]},{"@type":"ImageObject","inLanguage":"ja","@id":"https:\/\/www.stephaniecesaire.com\/ja\/boutique\/%e3%83%90%e3%83%83%e3%82%b0\/%e3%82%bf%e3%82%af%e3%83%bb%e3%82%aa%e3%83%bb%e3%82%bf%e3%82%af\/tac-o-tac-cuir-de-veau-satin-camel\/#primaryimage","url":"https:\/\/www.stephaniecesaire.com\/wp-content\/uploads\/2023\/09\/TACVEL_Camel_WEB1-scaled.webp","contentUrl":"https:\/\/www.stephaniecesaire.com\/wp-content\/uploads\/2023\/09\/TACVEL_Camel_WEB1-scaled.webp","width":1707,"height":2560},{"@type":"BreadcrumbList","@id":"https:\/\/www.stephaniecesaire.com\/ja\/boutique\/%e3%83%90%e3%83%83%e3%82%b0\/%e3%82%bf%e3%82%af%e3%83%bb%e3%82%aa%e3%83%bb%e3%82%bf%e3%82%af\/tac-o-tac-cuir-de-veau-satin-camel\/#breadcrumb","itemListElement":[{"@type":"ListItem","position":1,"name":"Accueil","item":"https:\/\/www.stephaniecesaire.com\/ja\/"},{"@type":"ListItem","position":2,"name":"\u30b7\u30e7\u30c3\u30d7","item":"https:\/\/www.stephaniecesaire.com\/ja\/%e3%82%b7%e3%83%a7%e3%83%83%e3%83%97\/"},{"@type":"ListItem","position":3,"name":"\u30bf\u30af\u30fb\u30aa\u30fb\u30bf\u30af\u30fb\u306a\u3081\u3089\u304b\u306a\u30ab\u30fc\u30d5\u30ec\u30b6\u30fc \u30ad\u30e3\u30e1\u30eb"}]},{"@type":"WebSite","@id":"https:\/\/www.stephaniecesaire.com\/ja\/#website","url":"https:\/\/www.stephaniecesaire.com\/ja\/","name":"St\u00e9phanie C\u00e9saire","description":"Sac cr\u00e9ateur made in France - Maroquinerie de luxe","publisher":{"@id":"https:\/\/www.stephaniecesaire.com\/ja\/#organization"},"potentialAction":[{"@type":"SearchAction","target":{"@type":"EntryPoint","urlTemplate":"https:\/\/www.stephaniecesaire.com\/ja\/?s={search_term_string}"},"query-input":"required name=search_term_string"}],"inLanguage":"ja"},{"@type":"Organization","@id":"https:\/\/www.stephaniecesaire.com\/ja\/#organization","name":"St\u00e9phanie C\u00e9saire","url":"https:\/\/www.stephaniecesaire.com\/ja\/","logo":{"@type":"ImageObject","inLanguage":"ja","@id":"https:\/\/www.stephaniecesaire.com\/ja\/#\/schema\/logo\/image\/","url":"https:\/\/www.stephaniecesaire.com\/wp-content\/uploads\/2023\/10\/favicon.png","contentUrl":"https:\/\/www.stephaniecesaire.com\/wp-content\/uploads\/2023\/10\/favicon.png","width":512,"height":512,"caption":"St\u00e9phanie C\u00e9saire"},"image":{"@id":"https:\/\/www.stephaniecesaire.com\/ja\/#\/schema\/logo\/image\/"},"sameAs":["https:\/\/www.facebook.com\/cesaireparis\/","https:\/\/www.pinterest.fr\/cesaireparis\/","https:\/\/www.instagram.com\/cesaireparis.official\/"]}]}},"_links":{"self":[{"href":"https:\/\/www.stephaniecesaire.com\/ja\/wp-json\/wp\/v2\/product\/29900","targetHints":{"allow":["GET"]}}],"collection":[{"href":"https:\/\/www.stephaniecesaire.com\/ja\/wp-json\/wp\/v2\/product"}],"about":[{"href":"https:\/\/www.stephaniecesaire.com\/ja\/wp-json\/wp\/v2\/types\/product"}],"wp:featuredmedia":[{"embeddable":true,"href":"https:\/\/www.stephaniecesaire.com\/ja\/wp-json\/wp\/v2\/media\/8050"}],"wp:attachment":[{"href":"https:\/\/www.stephaniecesaire.com\/ja\/wp-json\/wp\/v2\/media?parent=29900"}],"wp:term":[{"taxonomy":"product_cat","embeddable":true,"href":"https:\/\/www.stephaniecesaire.com\/ja\/wp-json\/wp\/v2\/product_cat?post=29900"},{"taxonomy":"product_tag","embeddable":true,"href":"https:\/\/www.stephaniecesaire.com\/ja\/wp-json\/wp\/v2\/product_tag?post=29900"}],"curies":[{"name":"wp","href":"https:\/\/api.w.org\/{rel}","templated":true}]}}