{"id":29941,"date":"2018-10-12T16:11:34","date_gmt":"2018-10-12T14:11:34","guid":{"rendered":"https:\/\/stephaniecesaire.com\/boutique\/uncategorized\/pochette-eventail-peau-de-python-taupe\/"},"modified":"2024-02-20T19:19:52","modified_gmt":"2024-02-20T18:19:52","slug":"pochette-eventail-peau-de-python-taupe","status":"publish","type":"product","link":"https:\/\/www.stephaniecesaire.com\/ja\/boutique\/%e3%83%90%e3%83%83%e3%82%b0\/%e3%83%9d%e3%82%b7%e3%82%a7%e3%83%83%e3%83%88%e3%83%bb%e3%82%a8%e3%83%b4%e3%82%a1%e3%83%b3%e3%82%bf%e3%82%a4%e3%83%a6\/pochette-eventail-peau-de-python-taupe\/","title":{"rendered":"\u30dd\u30b7\u30a7\u30c3\u30c8\u30fb\u30a8\u30f4\u30a1\u30f3\u30bf\u30a4\u30e6\u30fb\u30d1\u30a4\u30bd\u30f3\u30ec\u30b6\u30fc \u30c8\u30fc\u30d7"},"content":{"rendered":"<p>\u91d1\u5c5e\u88fd\u306e\u30dc\u30bf\u30f3\u3067\u7559\u3081\u3089\u308c\u305f\u53ef\u52d5\u5f0f\u306e\u53ce\u7d0d\u30d5\u30e9\u30c3\u30d72\u679a\u306b\u306f\u3001\u30b9\u30de\u30fc\u30c8\u30d5\u30a9\u30f3\u30b1\u30fc\u30b9\u300110\u679a\u5206\u306e\u30ab\u30fc\u30c9\u30b1\u30fc\u30b9\u30012\u3064\u306b\u5206\u304b\u308c\u305f\u304a\u672d\u5165\u308c\u3001\u5c0f\u92ad\u3084\u9375\u3092\u53ce\u7d0d\u3067\u304d\u308b\u30d5\u30a1\u30b9\u30ca\u30fc\u4ed8\u304d\u306e\u5927\u304d\u30dd\u30b1\u30c3\u30c8\u3068\u30b9\u30c6\u30f3\u30ec\u30b9\u306e\u30df\u30e9\u30fc\u304c\u4ed8\u3044\u3066\u3044\u307e\u3059\u3002 \u30dd\u30b7\u30a7\u30c3\u30c8\u30fb\u30a8\u30f4\u30a1\u30f3\u30bf\u30a4\u30e6\u306f\u4ed8\u5c5e\u306e\u30d9\u30eb\u30c8\u3092\u30b9\u30e9\u30a4\u30c9\u3055\u305b\u3066\u958b\u9589\u3057\u307e\u3059\u3002\u624b\u9996\u306b\u639b\u3051\u3066\u304a\u6301\u3061\u3044\u305f\u3060\u304d\u305f\u3044\u6642\u306f\u3001\u3053\u306e\u30d9\u30eb\u30c8\u3092\u30b9\u30c8\u30e9\u30c3\u30d7\u306e\u3088\u3046\u306b\u3059\u308b\u3053\u3068\u3082\u53ef\u80fd\u3067\u3059\u3002<\/p>\n","protected":false},"excerpt":{"rendered":"<p>\u69d8\u3005\u306a\u5834\u6240\u3092\u65c5\u3059\u308b\u30a2\u30a4\u30c6\u30e0\u3068\u3044\u3046\u30b3\u30f3\u30bb\u30d7\u30c8\u304b\u3089\u5275\u308a\u3042\u3052\u305f\u304a\u8ca1\u5e03\u306e\u59c9\u59b9\u7248\u3068\u3057\u3066\u3001\u30b9\u30c6\u30d5\u30a1\u30cb\u30fc\u306f\u300c\u30aa\u30fc\u30eb\u30a4\u30f3\u30ef\u30f3\u300d\u306b\u5bfe\u3059\u308b\u30f4\u30a3\u30b8\u30e7\u30f3\u3092\u4f53\u73fe\u3059\u308b\u30dd\u30b7\u30a7\u30c3\u30c8\u30fb\u30a8\u30f4\u30a1\u30f3\u30bf\u30a4\u30e6\u3092\u63d0\u6848\u3057\u307e\u3059\u3002 \u500b\u6027\u6ea2\u308c\u308b\u7f8e\u3057\u3044\u30c7\u30b6\u30a4\u30f3\u306f\u30e1\u30be\u30f3\u306e\u30a2\u30a4\u30b3\u30f3\u306b\u3075\u3055\u308f\u3057\u304f\u3001\u6247\u306e\u3088\u3046\u306b\u5e83\u3052\u3089\u308c\u308b\u30e6\u30cb\u30fc\u30af\u306a\u4f5c\u308a\u306b\u306a\u3063\u3066\u3044\u307e\u3059\u3002 \u4ed8\u5c5e\u306e\u30d9\u30eb\u30c8\u3092\u30b9\u30e9\u30a4\u30c9\u3055\u305b\u308b\u3068\u30b9\u30c8\u30e9\u30c3\u30d7\u306b\u5909\u308f\u308a\u3001\u624b\u9996\u306b\u639b\u3051\u3066\u304a\u6301\u3061\u3044\u305f\u3060\u3051\u307e\u3059\u3002 \u663c\u9593\u306f\u304a\u8ca1\u5e03\u3001\u305d\u3057\u3066\u591c\u306f\u30dd\u30b7\u30a7\u30c3\u30c8\u306e\u9854\u3092\u898b\u305b\u308b\u30dd\u30b7\u30a7\u30c3\u30c8\u30fb\u30a8\u30f4\u30a1\u30f3\u30bf\u30a4\u30e6\u306f\u3001\u7e1b\u3089\u308c\u305f\u65e5\u5e38\u304b\u3089\u89e3\u653e\u3055\u308c\u3066\u3082\u3063\u3068\u81ea\u7531\u306b\u697d\u3057\u307f\u305f\u3044\u8cb4\u5973\u306b\u30d4\u30c3\u30bf\u30ea<\/p>\n","protected":false},"featured_media":8021,"template":"","meta":[],"product_cat":[659],"product_tag":[],"class_list":{"0":"post-29941","1":"product","2":"type-product","3":"status-publish","4":"has-post-thumbnail","6":"product_cat-659","7":"product_shipping_class-classe-de-livraison-1","8":"pa_porte-329","9":"pa_volume-337","11":"first","12":"outofstock","13":"sold-individually","14":"taxable","15":"shipping-taxable","16":"purchasable","17":"product-type-simple"},"yoast_head":"<!-- This site is optimized with the Yoast SEO plugin v23.1 - https:\/\/yoast.com\/wordpress\/plugins\/seo\/ -->\n<title>\u30dd\u30b7\u30a7\u30c3\u30c8\u30fb\u30a8\u30f4\u30a1\u30f3\u30bf\u30a4\u30e6\u30fb\u30d1\u30a4\u30bd\u30f3\u30ec\u30b6\u30fc \u30c8\u30fc\u30d7 - C\u00e9saire<\/title>\n<meta name=\"robots\" content=\"index, follow, max-snippet:-1, max-image-preview:large, max-video-preview:-1\" \/>\n<link rel=\"canonical\" href=\"https:\/\/www.stephaniecesaire.com\/ja\/boutique\/%e3%83%90%e3%83%83%e3%82%b0\/%e3%83%9d%e3%82%b7%e3%82%a7%e3%83%83%e3%83%88%e3%83%bb%e3%82%a8%e3%83%b4%e3%82%a1%e3%83%b3%e3%82%bf%e3%82%a4%e3%83%a6\/pochette-eventail-peau-de-python-taupe\/\" \/>\n<meta property=\"og:locale\" content=\"ja_JP\" \/>\n<meta property=\"og:type\" content=\"article\" \/>\n<meta property=\"og:title\" content=\"\u30dd\u30b7\u30a7\u30c3\u30c8\u30fb\u30a8\u30f4\u30a1\u30f3\u30bf\u30a4\u30e6\u30fb\u30d1\u30a4\u30bd\u30f3\u30ec\u30b6\u30fc \u30c8\u30fc\u30d7 - C\u00e9saire\" \/>\n<meta property=\"og:description\" content=\"\u69d8\u3005\u306a\u5834\u6240\u3092\u65c5\u3059\u308b\u30a2\u30a4\u30c6\u30e0\u3068\u3044\u3046\u30b3\u30f3\u30bb\u30d7\u30c8\u304b\u3089\u5275\u308a\u3042\u3052\u305f\u304a\u8ca1\u5e03\u306e\u59c9\u59b9\u7248\u3068\u3057\u3066\u3001\u30b9\u30c6\u30d5\u30a1\u30cb\u30fc\u306f\u300c\u30aa\u30fc\u30eb\u30a4\u30f3\u30ef\u30f3\u300d\u306b\u5bfe\u3059\u308b\u30f4\u30a3\u30b8\u30e7\u30f3\u3092\u4f53\u73fe\u3059\u308b\u30dd\u30b7\u30a7\u30c3\u30c8\u30fb\u30a8\u30f4\u30a1\u30f3\u30bf\u30a4\u30e6\u3092\u63d0\u6848\u3057\u307e\u3059\u3002 \u500b\u6027\u6ea2\u308c\u308b\u7f8e\u3057\u3044\u30c7\u30b6\u30a4\u30f3\u306f\u30e1\u30be\u30f3\u306e\u30a2\u30a4\u30b3\u30f3\u306b\u3075\u3055\u308f\u3057\u304f\u3001\u6247\u306e\u3088\u3046\u306b\u5e83\u3052\u3089\u308c\u308b\u30e6\u30cb\u30fc\u30af\u306a\u4f5c\u308a\u306b\u306a\u3063\u3066\u3044\u307e\u3059\u3002 \u4ed8\u5c5e\u306e\u30d9\u30eb\u30c8\u3092\u30b9\u30e9\u30a4\u30c9\u3055\u305b\u308b\u3068\u30b9\u30c8\u30e9\u30c3\u30d7\u306b\u5909\u308f\u308a\u3001\u624b\u9996\u306b\u639b\u3051\u3066\u304a\u6301\u3061\u3044\u305f\u3060\u3051\u307e\u3059\u3002 \u663c\u9593\u306f\u304a\u8ca1\u5e03\u3001\u305d\u3057\u3066\u591c\u306f\u30dd\u30b7\u30a7\u30c3\u30c8\u306e\u9854\u3092\u898b\u305b\u308b\u30dd\u30b7\u30a7\u30c3\u30c8\u30fb\u30a8\u30f4\u30a1\u30f3\u30bf\u30a4\u30e6\u306f\u3001\u7e1b\u3089\u308c\u305f\u65e5\u5e38\u304b\u3089\u89e3\u653e\u3055\u308c\u3066\u3082\u3063\u3068\u81ea\u7531\u306b\u697d\u3057\u307f\u305f\u3044\u8cb4\u5973\u306b\u30d4\u30c3\u30bf\u30ea\" \/>\n<meta property=\"og:url\" content=\"https:\/\/www.stephaniecesaire.com\/ja\/boutique\/%e3%83%90%e3%83%83%e3%82%b0\/%e3%83%9d%e3%82%b7%e3%82%a7%e3%83%83%e3%83%88%e3%83%bb%e3%82%a8%e3%83%b4%e3%82%a1%e3%83%b3%e3%82%bf%e3%82%a4%e3%83%a6\/pochette-eventail-peau-de-python-taupe\/\" \/>\n<meta property=\"og:site_name\" content=\"C\u00e9saire\" \/>\n<meta property=\"article:publisher\" content=\"https:\/\/www.facebook.com\/cesaireparis\/\" \/>\n<meta property=\"article:modified_time\" content=\"2024-02-20T18:19:52+00:00\" \/>\n<meta property=\"og:image\" content=\"https:\/\/www.stephaniecesaire.com\/wp-content\/uploads\/2023\/09\/PEVPYT_Taupe_WEB3-scaled.webp\" \/>\n\t<meta property=\"og:image:width\" content=\"1707\" \/>\n\t<meta property=\"og:image:height\" content=\"2560\" \/>\n\t<meta property=\"og:image:type\" content=\"image\/jpeg\" \/>\n<meta name=\"twitter:card\" content=\"summary_large_image\" \/>\n<script type=\"application\/ld+json\" class=\"yoast-schema-graph\">{\"@context\":\"https:\/\/schema.org\",\"@graph\":[{\"@type\":\"WebPage\",\"@id\":\"https:\/\/www.stephaniecesaire.com\/ja\/boutique\/%e3%83%90%e3%83%83%e3%82%b0\/%e3%83%9d%e3%82%b7%e3%82%a7%e3%83%83%e3%83%88%e3%83%bb%e3%82%a8%e3%83%b4%e3%82%a1%e3%83%b3%e3%82%bf%e3%82%a4%e3%83%a6\/pochette-eventail-peau-de-python-taupe\/\",\"url\":\"https:\/\/www.stephaniecesaire.com\/ja\/boutique\/%e3%83%90%e3%83%83%e3%82%b0\/%e3%83%9d%e3%82%b7%e3%82%a7%e3%83%83%e3%83%88%e3%83%bb%e3%82%a8%e3%83%b4%e3%82%a1%e3%83%b3%e3%82%bf%e3%82%a4%e3%83%a6\/pochette-eventail-peau-de-python-taupe\/\",\"name\":\"\u30dd\u30b7\u30a7\u30c3\u30c8\u30fb\u30a8\u30f4\u30a1\u30f3\u30bf\u30a4\u30e6\u30fb\u30d1\u30a4\u30bd\u30f3\u30ec\u30b6\u30fc \u30c8\u30fc\u30d7 - C\u00e9saire\",\"isPartOf\":{\"@id\":\"https:\/\/www.stephaniecesaire.com\/ja\/#website\"},\"primaryImageOfPage\":{\"@id\":\"https:\/\/www.stephaniecesaire.com\/ja\/boutique\/%e3%83%90%e3%83%83%e3%82%b0\/%e3%83%9d%e3%82%b7%e3%82%a7%e3%83%83%e3%83%88%e3%83%bb%e3%82%a8%e3%83%b4%e3%82%a1%e3%83%b3%e3%82%bf%e3%82%a4%e3%83%a6\/pochette-eventail-peau-de-python-taupe\/#primaryimage\"},\"image\":{\"@id\":\"https:\/\/www.stephaniecesaire.com\/ja\/boutique\/%e3%83%90%e3%83%83%e3%82%b0\/%e3%83%9d%e3%82%b7%e3%82%a7%e3%83%83%e3%83%88%e3%83%bb%e3%82%a8%e3%83%b4%e3%82%a1%e3%83%b3%e3%82%bf%e3%82%a4%e3%83%a6\/pochette-eventail-peau-de-python-taupe\/#primaryimage\"},\"thumbnailUrl\":\"https:\/\/www.stephaniecesaire.com\/wp-content\/uploads\/2023\/09\/PEVPYT_Taupe_WEB3-scaled.webp\",\"datePublished\":\"2018-10-12T14:11:34+00:00\",\"dateModified\":\"2024-02-20T18:19:52+00:00\",\"breadcrumb\":{\"@id\":\"https:\/\/www.stephaniecesaire.com\/ja\/boutique\/%e3%83%90%e3%83%83%e3%82%b0\/%e3%83%9d%e3%82%b7%e3%82%a7%e3%83%83%e3%83%88%e3%83%bb%e3%82%a8%e3%83%b4%e3%82%a1%e3%83%b3%e3%82%bf%e3%82%a4%e3%83%a6\/pochette-eventail-peau-de-python-taupe\/#breadcrumb\"},\"inLanguage\":\"ja\",\"potentialAction\":[{\"@type\":\"ReadAction\",\"target\":[\"https:\/\/www.stephaniecesaire.com\/ja\/boutique\/%e3%83%90%e3%83%83%e3%82%b0\/%e3%83%9d%e3%82%b7%e3%82%a7%e3%83%83%e3%83%88%e3%83%bb%e3%82%a8%e3%83%b4%e3%82%a1%e3%83%b3%e3%82%bf%e3%82%a4%e3%83%a6\/pochette-eventail-peau-de-python-taupe\/\"]}]},{\"@type\":\"ImageObject\",\"inLanguage\":\"ja\",\"@id\":\"https:\/\/www.stephaniecesaire.com\/ja\/boutique\/%e3%83%90%e3%83%83%e3%82%b0\/%e3%83%9d%e3%82%b7%e3%82%a7%e3%83%83%e3%83%88%e3%83%bb%e3%82%a8%e3%83%b4%e3%82%a1%e3%83%b3%e3%82%bf%e3%82%a4%e3%83%a6\/pochette-eventail-peau-de-python-taupe\/#primaryimage\",\"url\":\"https:\/\/www.stephaniecesaire.com\/wp-content\/uploads\/2023\/09\/PEVPYT_Taupe_WEB3-scaled.webp\",\"contentUrl\":\"https:\/\/www.stephaniecesaire.com\/wp-content\/uploads\/2023\/09\/PEVPYT_Taupe_WEB3-scaled.webp\",\"width\":1707,\"height\":2560},{\"@type\":\"BreadcrumbList\",\"@id\":\"https:\/\/www.stephaniecesaire.com\/ja\/boutique\/%e3%83%90%e3%83%83%e3%82%b0\/%e3%83%9d%e3%82%b7%e3%82%a7%e3%83%83%e3%83%88%e3%83%bb%e3%82%a8%e3%83%b4%e3%82%a1%e3%83%b3%e3%82%bf%e3%82%a4%e3%83%a6\/pochette-eventail-peau-de-python-taupe\/#breadcrumb\",\"itemListElement\":[{\"@type\":\"ListItem\",\"position\":1,\"name\":\"Accueil\",\"item\":\"https:\/\/www.stephaniecesaire.com\/ja\/\"},{\"@type\":\"ListItem\",\"position\":2,\"name\":\"\u30b7\u30e7\u30c3\u30d7\",\"item\":\"https:\/\/www.stephaniecesaire.com\/ja\/%e3%82%b7%e3%83%a7%e3%83%83%e3%83%97\/\"},{\"@type\":\"ListItem\",\"position\":3,\"name\":\"\u30dd\u30b7\u30a7\u30c3\u30c8\u30fb\u30a8\u30f4\u30a1\u30f3\u30bf\u30a4\u30e6\u30fb\u30d1\u30a4\u30bd\u30f3\u30ec\u30b6\u30fc \u30c8\u30fc\u30d7\"}]},{\"@type\":\"WebSite\",\"@id\":\"https:\/\/www.stephaniecesaire.com\/ja\/#website\",\"url\":\"https:\/\/www.stephaniecesaire.com\/ja\/\",\"name\":\"St\u00e9phanie C\u00e9saire\",\"description\":\"Sac cr\u00e9ateur made in France - Maroquinerie de luxe\",\"publisher\":{\"@id\":\"https:\/\/www.stephaniecesaire.com\/ja\/#organization\"},\"potentialAction\":[{\"@type\":\"SearchAction\",\"target\":{\"@type\":\"EntryPoint\",\"urlTemplate\":\"https:\/\/www.stephaniecesaire.com\/ja\/?s={search_term_string}\"},\"query-input\":\"required name=search_term_string\"}],\"inLanguage\":\"ja\"},{\"@type\":\"Organization\",\"@id\":\"https:\/\/www.stephaniecesaire.com\/ja\/#organization\",\"name\":\"St\u00e9phanie C\u00e9saire\",\"url\":\"https:\/\/www.stephaniecesaire.com\/ja\/\",\"logo\":{\"@type\":\"ImageObject\",\"inLanguage\":\"ja\",\"@id\":\"https:\/\/www.stephaniecesaire.com\/ja\/#\/schema\/logo\/image\/\",\"url\":\"https:\/\/www.stephaniecesaire.com\/wp-content\/uploads\/2023\/10\/favicon.png\",\"contentUrl\":\"https:\/\/www.stephaniecesaire.com\/wp-content\/uploads\/2023\/10\/favicon.png\",\"width\":512,\"height\":512,\"caption\":\"St\u00e9phanie C\u00e9saire\"},\"image\":{\"@id\":\"https:\/\/www.stephaniecesaire.com\/ja\/#\/schema\/logo\/image\/\"},\"sameAs\":[\"https:\/\/www.facebook.com\/cesaireparis\/\",\"https:\/\/www.pinterest.fr\/cesaireparis\/\",\"https:\/\/www.instagram.com\/cesaireparis.official\/\"]}]}<\/script>\n<!-- \/ Yoast SEO plugin. -->","yoast_head_json":{"title":"\u30dd\u30b7\u30a7\u30c3\u30c8\u30fb\u30a8\u30f4\u30a1\u30f3\u30bf\u30a4\u30e6\u30fb\u30d1\u30a4\u30bd\u30f3\u30ec\u30b6\u30fc \u30c8\u30fc\u30d7 - C\u00e9saire","robots":{"index":"index","follow":"follow","max-snippet":"max-snippet:-1","max-image-preview":"max-image-preview:large","max-video-preview":"max-video-preview:-1"},"canonical":"https:\/\/www.stephaniecesaire.com\/ja\/boutique\/%e3%83%90%e3%83%83%e3%82%b0\/%e3%83%9d%e3%82%b7%e3%82%a7%e3%83%83%e3%83%88%e3%83%bb%e3%82%a8%e3%83%b4%e3%82%a1%e3%83%b3%e3%82%bf%e3%82%a4%e3%83%a6\/pochette-eventail-peau-de-python-taupe\/","og_locale":"ja_JP","og_type":"article","og_title":"\u30dd\u30b7\u30a7\u30c3\u30c8\u30fb\u30a8\u30f4\u30a1\u30f3\u30bf\u30a4\u30e6\u30fb\u30d1\u30a4\u30bd\u30f3\u30ec\u30b6\u30fc \u30c8\u30fc\u30d7 - C\u00e9saire","og_description":"\u69d8\u3005\u306a\u5834\u6240\u3092\u65c5\u3059\u308b\u30a2\u30a4\u30c6\u30e0\u3068\u3044\u3046\u30b3\u30f3\u30bb\u30d7\u30c8\u304b\u3089\u5275\u308a\u3042\u3052\u305f\u304a\u8ca1\u5e03\u306e\u59c9\u59b9\u7248\u3068\u3057\u3066\u3001\u30b9\u30c6\u30d5\u30a1\u30cb\u30fc\u306f\u300c\u30aa\u30fc\u30eb\u30a4\u30f3\u30ef\u30f3\u300d\u306b\u5bfe\u3059\u308b\u30f4\u30a3\u30b8\u30e7\u30f3\u3092\u4f53\u73fe\u3059\u308b\u30dd\u30b7\u30a7\u30c3\u30c8\u30fb\u30a8\u30f4\u30a1\u30f3\u30bf\u30a4\u30e6\u3092\u63d0\u6848\u3057\u307e\u3059\u3002 \u500b\u6027\u6ea2\u308c\u308b\u7f8e\u3057\u3044\u30c7\u30b6\u30a4\u30f3\u306f\u30e1\u30be\u30f3\u306e\u30a2\u30a4\u30b3\u30f3\u306b\u3075\u3055\u308f\u3057\u304f\u3001\u6247\u306e\u3088\u3046\u306b\u5e83\u3052\u3089\u308c\u308b\u30e6\u30cb\u30fc\u30af\u306a\u4f5c\u308a\u306b\u306a\u3063\u3066\u3044\u307e\u3059\u3002 \u4ed8\u5c5e\u306e\u30d9\u30eb\u30c8\u3092\u30b9\u30e9\u30a4\u30c9\u3055\u305b\u308b\u3068\u30b9\u30c8\u30e9\u30c3\u30d7\u306b\u5909\u308f\u308a\u3001\u624b\u9996\u306b\u639b\u3051\u3066\u304a\u6301\u3061\u3044\u305f\u3060\u3051\u307e\u3059\u3002 \u663c\u9593\u306f\u304a\u8ca1\u5e03\u3001\u305d\u3057\u3066\u591c\u306f\u30dd\u30b7\u30a7\u30c3\u30c8\u306e\u9854\u3092\u898b\u305b\u308b\u30dd\u30b7\u30a7\u30c3\u30c8\u30fb\u30a8\u30f4\u30a1\u30f3\u30bf\u30a4\u30e6\u306f\u3001\u7e1b\u3089\u308c\u305f\u65e5\u5e38\u304b\u3089\u89e3\u653e\u3055\u308c\u3066\u3082\u3063\u3068\u81ea\u7531\u306b\u697d\u3057\u307f\u305f\u3044\u8cb4\u5973\u306b\u30d4\u30c3\u30bf\u30ea","og_url":"https:\/\/www.stephaniecesaire.com\/ja\/boutique\/%e3%83%90%e3%83%83%e3%82%b0\/%e3%83%9d%e3%82%b7%e3%82%a7%e3%83%83%e3%83%88%e3%83%bb%e3%82%a8%e3%83%b4%e3%82%a1%e3%83%b3%e3%82%bf%e3%82%a4%e3%83%a6\/pochette-eventail-peau-de-python-taupe\/","og_site_name":"C\u00e9saire","article_publisher":"https:\/\/www.facebook.com\/cesaireparis\/","article_modified_time":"2024-02-20T18:19:52+00:00","og_image":[{"width":1707,"height":2560,"url":"https:\/\/www.stephaniecesaire.com\/wp-content\/uploads\/2023\/09\/PEVPYT_Taupe_WEB3-scaled.webp","type":"image\/jpeg"}],"twitter_card":"summary_large_image","schema":{"@context":"https:\/\/schema.org","@graph":[{"@type":"WebPage","@id":"https:\/\/www.stephaniecesaire.com\/ja\/boutique\/%e3%83%90%e3%83%83%e3%82%b0\/%e3%83%9d%e3%82%b7%e3%82%a7%e3%83%83%e3%83%88%e3%83%bb%e3%82%a8%e3%83%b4%e3%82%a1%e3%83%b3%e3%82%bf%e3%82%a4%e3%83%a6\/pochette-eventail-peau-de-python-taupe\/","url":"https:\/\/www.stephaniecesaire.com\/ja\/boutique\/%e3%83%90%e3%83%83%e3%82%b0\/%e3%83%9d%e3%82%b7%e3%82%a7%e3%83%83%e3%83%88%e3%83%bb%e3%82%a8%e3%83%b4%e3%82%a1%e3%83%b3%e3%82%bf%e3%82%a4%e3%83%a6\/pochette-eventail-peau-de-python-taupe\/","name":"\u30dd\u30b7\u30a7\u30c3\u30c8\u30fb\u30a8\u30f4\u30a1\u30f3\u30bf\u30a4\u30e6\u30fb\u30d1\u30a4\u30bd\u30f3\u30ec\u30b6\u30fc \u30c8\u30fc\u30d7 - C\u00e9saire","isPartOf":{"@id":"https:\/\/www.stephaniecesaire.com\/ja\/#website"},"primaryImageOfPage":{"@id":"https:\/\/www.stephaniecesaire.com\/ja\/boutique\/%e3%83%90%e3%83%83%e3%82%b0\/%e3%83%9d%e3%82%b7%e3%82%a7%e3%83%83%e3%83%88%e3%83%bb%e3%82%a8%e3%83%b4%e3%82%a1%e3%83%b3%e3%82%bf%e3%82%a4%e3%83%a6\/pochette-eventail-peau-de-python-taupe\/#primaryimage"},"image":{"@id":"https:\/\/www.stephaniecesaire.com\/ja\/boutique\/%e3%83%90%e3%83%83%e3%82%b0\/%e3%83%9d%e3%82%b7%e3%82%a7%e3%83%83%e3%83%88%e3%83%bb%e3%82%a8%e3%83%b4%e3%82%a1%e3%83%b3%e3%82%bf%e3%82%a4%e3%83%a6\/pochette-eventail-peau-de-python-taupe\/#primaryimage"},"thumbnailUrl":"https:\/\/www.stephaniecesaire.com\/wp-content\/uploads\/2023\/09\/PEVPYT_Taupe_WEB3-scaled.webp","datePublished":"2018-10-12T14:11:34+00:00","dateModified":"2024-02-20T18:19:52+00:00","breadcrumb":{"@id":"https:\/\/www.stephaniecesaire.com\/ja\/boutique\/%e3%83%90%e3%83%83%e3%82%b0\/%e3%83%9d%e3%82%b7%e3%82%a7%e3%83%83%e3%83%88%e3%83%bb%e3%82%a8%e3%83%b4%e3%82%a1%e3%83%b3%e3%82%bf%e3%82%a4%e3%83%a6\/pochette-eventail-peau-de-python-taupe\/#breadcrumb"},"inLanguage":"ja","potentialAction":[{"@type":"ReadAction","target":["https:\/\/www.stephaniecesaire.com\/ja\/boutique\/%e3%83%90%e3%83%83%e3%82%b0\/%e3%83%9d%e3%82%b7%e3%82%a7%e3%83%83%e3%83%88%e3%83%bb%e3%82%a8%e3%83%b4%e3%82%a1%e3%83%b3%e3%82%bf%e3%82%a4%e3%83%a6\/pochette-eventail-peau-de-python-taupe\/"]}]},{"@type":"ImageObject","inLanguage":"ja","@id":"https:\/\/www.stephaniecesaire.com\/ja\/boutique\/%e3%83%90%e3%83%83%e3%82%b0\/%e3%83%9d%e3%82%b7%e3%82%a7%e3%83%83%e3%83%88%e3%83%bb%e3%82%a8%e3%83%b4%e3%82%a1%e3%83%b3%e3%82%bf%e3%82%a4%e3%83%a6\/pochette-eventail-peau-de-python-taupe\/#primaryimage","url":"https:\/\/www.stephaniecesaire.com\/wp-content\/uploads\/2023\/09\/PEVPYT_Taupe_WEB3-scaled.webp","contentUrl":"https:\/\/www.stephaniecesaire.com\/wp-content\/uploads\/2023\/09\/PEVPYT_Taupe_WEB3-scaled.webp","width":1707,"height":2560},{"@type":"BreadcrumbList","@id":"https:\/\/www.stephaniecesaire.com\/ja\/boutique\/%e3%83%90%e3%83%83%e3%82%b0\/%e3%83%9d%e3%82%b7%e3%82%a7%e3%83%83%e3%83%88%e3%83%bb%e3%82%a8%e3%83%b4%e3%82%a1%e3%83%b3%e3%82%bf%e3%82%a4%e3%83%a6\/pochette-eventail-peau-de-python-taupe\/#breadcrumb","itemListElement":[{"@type":"ListItem","position":1,"name":"Accueil","item":"https:\/\/www.stephaniecesaire.com\/ja\/"},{"@type":"ListItem","position":2,"name":"\u30b7\u30e7\u30c3\u30d7","item":"https:\/\/www.stephaniecesaire.com\/ja\/%e3%82%b7%e3%83%a7%e3%83%83%e3%83%97\/"},{"@type":"ListItem","position":3,"name":"\u30dd\u30b7\u30a7\u30c3\u30c8\u30fb\u30a8\u30f4\u30a1\u30f3\u30bf\u30a4\u30e6\u30fb\u30d1\u30a4\u30bd\u30f3\u30ec\u30b6\u30fc \u30c8\u30fc\u30d7"}]},{"@type":"WebSite","@id":"https:\/\/www.stephaniecesaire.com\/ja\/#website","url":"https:\/\/www.stephaniecesaire.com\/ja\/","name":"St\u00e9phanie C\u00e9saire","description":"Sac cr\u00e9ateur made in France - Maroquinerie de luxe","publisher":{"@id":"https:\/\/www.stephaniecesaire.com\/ja\/#organization"},"potentialAction":[{"@type":"SearchAction","target":{"@type":"EntryPoint","urlTemplate":"https:\/\/www.stephaniecesaire.com\/ja\/?s={search_term_string}"},"query-input":"required name=search_term_string"}],"inLanguage":"ja"},{"@type":"Organization","@id":"https:\/\/www.stephaniecesaire.com\/ja\/#organization","name":"St\u00e9phanie C\u00e9saire","url":"https:\/\/www.stephaniecesaire.com\/ja\/","logo":{"@type":"ImageObject","inLanguage":"ja","@id":"https:\/\/www.stephaniecesaire.com\/ja\/#\/schema\/logo\/image\/","url":"https:\/\/www.stephaniecesaire.com\/wp-content\/uploads\/2023\/10\/favicon.png","contentUrl":"https:\/\/www.stephaniecesaire.com\/wp-content\/uploads\/2023\/10\/favicon.png","width":512,"height":512,"caption":"St\u00e9phanie C\u00e9saire"},"image":{"@id":"https:\/\/www.stephaniecesaire.com\/ja\/#\/schema\/logo\/image\/"},"sameAs":["https:\/\/www.facebook.com\/cesaireparis\/","https:\/\/www.pinterest.fr\/cesaireparis\/","https:\/\/www.instagram.com\/cesaireparis.official\/"]}]}},"_links":{"self":[{"href":"https:\/\/www.stephaniecesaire.com\/ja\/wp-json\/wp\/v2\/product\/29941","targetHints":{"allow":["GET"]}}],"collection":[{"href":"https:\/\/www.stephaniecesaire.com\/ja\/wp-json\/wp\/v2\/product"}],"about":[{"href":"https:\/\/www.stephaniecesaire.com\/ja\/wp-json\/wp\/v2\/types\/product"}],"wp:featuredmedia":[{"embeddable":true,"href":"https:\/\/www.stephaniecesaire.com\/ja\/wp-json\/wp\/v2\/media\/8021"}],"wp:attachment":[{"href":"https:\/\/www.stephaniecesaire.com\/ja\/wp-json\/wp\/v2\/media?parent=29941"}],"wp:term":[{"taxonomy":"product_cat","embeddable":true,"href":"https:\/\/www.stephaniecesaire.com\/ja\/wp-json\/wp\/v2\/product_cat?post=29941"},{"taxonomy":"product_tag","embeddable":true,"href":"https:\/\/www.stephaniecesaire.com\/ja\/wp-json\/wp\/v2\/product_tag?post=29941"}],"curies":[{"name":"wp","href":"https:\/\/api.w.org\/{rel}","templated":true}]}}