{"id":29950,"date":"2018-10-12T15:34:15","date_gmt":"2018-10-12T13:34:15","guid":{"rendered":"https:\/\/stephaniecesaire.com\/boutique\/uncategorized\/ode-cuir-dagneau-bulle-bronze\/"},"modified":"2024-06-25T19:09:18","modified_gmt":"2024-06-25T17:09:18","slug":"ode-cuir-dagneau-bulle-bronze","status":"publish","type":"product","link":"https:\/\/www.stephaniecesaire.com\/ja\/boutique\/%e3%83%90%e3%83%83%e3%82%b0\/%e3%82%aa%e3%83%bc%e3%83%89\/ode-cuir-dagneau-bulle-bronze\/","title":{"rendered":"\u30aa\u30fc\u30c9\u30fb\u30d0\u30d6\u30eb\u30e9\u30e0\u30ec\u30b6\u30fc\u30fb\u30d6\u30ed\u30f3\u30ba"},"content":{"rendered":"<p>\u305f\u3063\u3077\u308a\u3068\u3057\u305f\u5bb9\u91cf\u306e\u300c\u30aa\u30fc\u30c9\u300d\u30d0\u30c3\u30b0\u306f\u3001\u5e45\u5e83\u306e\u30b7\u30f3\u30b0\u30eb\u30cf\u30f3\u30c9\u30eb\u3067\u80a9\u306b\u304b\u3051\u305f\u308a\u3001\u659c\u3081\u304c\u3051\u3057\u305f\u308a\u3067\u304d\u307e\u3059\u3002\u958b\u9589\u306f\u30de\u30b0\u30cd\u30c3\u30c8\u5f0f\u3067\u3059\u3002\u78c1\u77f3\u3067\u306e\u958b\u9589\u304c\u53ef\u80fd\u3067\u3059\u3002 \u88cf\u5730\u306b\u306f\u30b3\u30c3\u30c8\u30f3\u30b5\u30fc\u30b8\u3092\u4f7f\u7528\u3002\u5185\u90e8\u306b\u306f\u3001\u30d5\u30a1\u30b9\u30ca\u30fc\u4ed8\u304d\u306e\u30dd\u30b1\u30c3\u30c8\u3068\u643a\u5e2f\u96fb\u8a71\u7528\u306e\u30dd\u30b1\u30c3\u30c8\u304c1\u3064\u305a\u3064\u4ed8\u3044\u3066\u3044\u307e\u3059\u3002 \u30d9\u30eb\u30c8\u306e\u9577\u3055\u306f\u89d2\u578b\u306e\u30d0\u30c3\u30af\u30eb\u3067\u8abf\u6574\u304c\u53ef\u80fd\u3067\u3059\u3002\u30d5\u30e9\u30f3\u30b9\u88fd<\/p>\n","protected":false},"excerpt":{"rendered":"<p>\u4e38\u3044\u30e9\u30a4\u30f3\u306b\u8abf\u548c\u3068\u7121\u90aa\u6c17\u3055\u3092\u8868\u73fe\u3057\u305f\u7e4a\u7d30\u306a\u30e2\u30c7\u30eb\u3002\u89d2\u578b\u306e\u5e45\u5e83\u30d0\u30c3\u30af\u30eb\u306b\u98fe\u3089\u308c\u305f\u30d9\u30eb\u30c8\u3082\u30dd\u30a4\u30f3\u30c8\u3002 \u3053\u306e\u67d4\u8edf\u3067\u8efd\u3044\u30d0\u30c3\u30b0\u306f\u3001\u80a9\u3084\u4f53\u5168\u4f53\u306b\u7740\u7528\u3057\u3066\u3001\u3044\u3064\u3067\u3082\u3042\u306a\u305f\u306b\u540c\u884c\u3057\u307e\u3059\u3002\u6d17\u7df4\u3055\u308c\u305f\u96f0\u56f2\u6c17\u3068\u7a0b\u3088\u3044\u8131\u529b\u611f\u3092\u6f14\u51fa\u3057\u307e\u3059\u3002<\/p>\n","protected":false},"featured_media":14948,"template":"","meta":[],"product_cat":[657],"product_tag":[1525],"class_list":{"0":"post-29950","1":"product","2":"type-product","3":"status-publish","4":"has-post-thumbnail","6":"product_cat-657","7":"product_tag-backorder-ja","8":"product_shipping_class-classe-de-livraison-3","9":"pa_porte-333","10":"pa_volume-sacs-souples-ja","11":"pa_volume-335","13":"first","14":"onbackorder","15":"sold-individually","16":"taxable","17":"shipping-taxable","18":"purchasable","19":"product-type-simple"},"yoast_head":"<!-- This site is optimized with the Yoast SEO plugin v23.1 - https:\/\/yoast.com\/wordpress\/plugins\/seo\/ -->\n<title>Sac bandouli\u00e8re \u30aa\u30fc\u30c9\u30fb\u30d0\u30d6\u30eb\u30e9\u30e0\u30ec\u30b6\u30fc\u30fb\u30d6\u30ed\u30f3\u30ba - C\u00e9saire Made in France<\/title>\n<meta name=\"description\" content=\"Harmonie et na\u00efvet\u00e9 s\u2019expriment dans les rondeurs de ce mod\u00e8le d\u00e9licat, suspendu \u00e0 sa sangle orn\u00e9e d\u2019une large boucle de corne.\u00a0Ce sac souple et l\u00e9ger saura vous accompagner en toute occasion, port\u00e9 \u00e9paule ou bandouli\u00e8re, avec une certaine d\u00e9contraction sophistiqu\u00e9e.\" \/>\n<meta name=\"robots\" content=\"index, follow, max-snippet:-1, max-image-preview:large, max-video-preview:-1\" \/>\n<link rel=\"canonical\" href=\"https:\/\/www.stephaniecesaire.com\/ja\/boutique\/%e3%83%90%e3%83%83%e3%82%b0\/%e3%82%aa%e3%83%bc%e3%83%89\/ode-cuir-dagneau-bulle-bronze\/\" \/>\n<meta property=\"og:locale\" content=\"ja_JP\" \/>\n<meta property=\"og:type\" content=\"article\" \/>\n<meta property=\"og:title\" content=\"Sac bandouli\u00e8re \u30aa\u30fc\u30c9\u30fb\u30d0\u30d6\u30eb\u30e9\u30e0\u30ec\u30b6\u30fc\u30fb\u30d6\u30ed\u30f3\u30ba - C\u00e9saire Made in France\" \/>\n<meta property=\"og:description\" content=\"Harmonie et na\u00efvet\u00e9 s\u2019expriment dans les rondeurs de ce mod\u00e8le d\u00e9licat, suspendu \u00e0 sa sangle orn\u00e9e d\u2019une large boucle de corne.\u00a0Ce sac souple et l\u00e9ger saura vous accompagner en toute occasion, port\u00e9 \u00e9paule ou bandouli\u00e8re, avec une certaine d\u00e9contraction sophistiqu\u00e9e.\" \/>\n<meta property=\"og:url\" content=\"https:\/\/www.stephaniecesaire.com\/ja\/boutique\/%e3%83%90%e3%83%83%e3%82%b0\/%e3%82%aa%e3%83%bc%e3%83%89\/ode-cuir-dagneau-bulle-bronze\/\" \/>\n<meta property=\"og:site_name\" content=\"C\u00e9saire\" \/>\n<meta property=\"article:publisher\" content=\"https:\/\/www.facebook.com\/cesaireparis\/\" \/>\n<meta property=\"article:modified_time\" content=\"2024-06-25T17:09:18+00:00\" \/>\n<meta property=\"og:image\" content=\"https:\/\/www.stephaniecesaire.com\/wp-content\/uploads\/2023\/09\/Ode_AGBBronzeFace-jpg.webp\" \/>\n\t<meta property=\"og:image:width\" content=\"630\" \/>\n\t<meta property=\"og:image:height\" content=\"945\" \/>\n\t<meta property=\"og:image:type\" content=\"image\/jpeg\" \/>\n<meta name=\"twitter:card\" content=\"summary_large_image\" \/>\n<script type=\"application\/ld+json\" class=\"yoast-schema-graph\">{\"@context\":\"https:\/\/schema.org\",\"@graph\":[{\"@type\":\"WebPage\",\"@id\":\"https:\/\/www.stephaniecesaire.com\/ja\/boutique\/%e3%83%90%e3%83%83%e3%82%b0\/%e3%82%aa%e3%83%bc%e3%83%89\/ode-cuir-dagneau-bulle-bronze\/\",\"url\":\"https:\/\/www.stephaniecesaire.com\/ja\/boutique\/%e3%83%90%e3%83%83%e3%82%b0\/%e3%82%aa%e3%83%bc%e3%83%89\/ode-cuir-dagneau-bulle-bronze\/\",\"name\":\"Sac bandouli\u00e8re \u30aa\u30fc\u30c9\u30fb\u30d0\u30d6\u30eb\u30e9\u30e0\u30ec\u30b6\u30fc\u30fb\u30d6\u30ed\u30f3\u30ba - C\u00e9saire Made in France\",\"isPartOf\":{\"@id\":\"https:\/\/www.stephaniecesaire.com\/ja\/#website\"},\"primaryImageOfPage\":{\"@id\":\"https:\/\/www.stephaniecesaire.com\/ja\/boutique\/%e3%83%90%e3%83%83%e3%82%b0\/%e3%82%aa%e3%83%bc%e3%83%89\/ode-cuir-dagneau-bulle-bronze\/#primaryimage\"},\"image\":{\"@id\":\"https:\/\/www.stephaniecesaire.com\/ja\/boutique\/%e3%83%90%e3%83%83%e3%82%b0\/%e3%82%aa%e3%83%bc%e3%83%89\/ode-cuir-dagneau-bulle-bronze\/#primaryimage\"},\"thumbnailUrl\":\"https:\/\/www.stephaniecesaire.com\/wp-content\/uploads\/2023\/09\/Ode_AGBBronzeFace-jpg.webp\",\"datePublished\":\"2018-10-12T13:34:15+00:00\",\"dateModified\":\"2024-06-25T17:09:18+00:00\",\"description\":\"Harmonie et na\u00efvet\u00e9 s\u2019expriment dans les rondeurs de ce mod\u00e8le d\u00e9licat, suspendu \u00e0 sa sangle orn\u00e9e d\u2019une large boucle de corne.\u00a0Ce sac souple et l\u00e9ger saura vous accompagner en toute occasion, port\u00e9 \u00e9paule ou bandouli\u00e8re, avec une certaine d\u00e9contraction sophistiqu\u00e9e.\",\"breadcrumb\":{\"@id\":\"https:\/\/www.stephaniecesaire.com\/ja\/boutique\/%e3%83%90%e3%83%83%e3%82%b0\/%e3%82%aa%e3%83%bc%e3%83%89\/ode-cuir-dagneau-bulle-bronze\/#breadcrumb\"},\"inLanguage\":\"ja\",\"potentialAction\":[{\"@type\":\"ReadAction\",\"target\":[\"https:\/\/www.stephaniecesaire.com\/ja\/boutique\/%e3%83%90%e3%83%83%e3%82%b0\/%e3%82%aa%e3%83%bc%e3%83%89\/ode-cuir-dagneau-bulle-bronze\/\"]}]},{\"@type\":\"ImageObject\",\"inLanguage\":\"ja\",\"@id\":\"https:\/\/www.stephaniecesaire.com\/ja\/boutique\/%e3%83%90%e3%83%83%e3%82%b0\/%e3%82%aa%e3%83%bc%e3%83%89\/ode-cuir-dagneau-bulle-bronze\/#primaryimage\",\"url\":\"https:\/\/www.stephaniecesaire.com\/wp-content\/uploads\/2023\/09\/Ode_AGBBronzeFace-jpg.webp\",\"contentUrl\":\"https:\/\/www.stephaniecesaire.com\/wp-content\/uploads\/2023\/09\/Ode_AGBBronzeFace-jpg.webp\",\"width\":630,\"height\":945},{\"@type\":\"BreadcrumbList\",\"@id\":\"https:\/\/www.stephaniecesaire.com\/ja\/boutique\/%e3%83%90%e3%83%83%e3%82%b0\/%e3%82%aa%e3%83%bc%e3%83%89\/ode-cuir-dagneau-bulle-bronze\/#breadcrumb\",\"itemListElement\":[{\"@type\":\"ListItem\",\"position\":1,\"name\":\"Accueil\",\"item\":\"https:\/\/www.stephaniecesaire.com\/ja\/\"},{\"@type\":\"ListItem\",\"position\":2,\"name\":\"\u30b7\u30e7\u30c3\u30d7\",\"item\":\"https:\/\/www.stephaniecesaire.com\/ja\/%e3%82%b7%e3%83%a7%e3%83%83%e3%83%97\/\"},{\"@type\":\"ListItem\",\"position\":3,\"name\":\"\u30aa\u30fc\u30c9\u30fb\u30d0\u30d6\u30eb\u30e9\u30e0\u30ec\u30b6\u30fc\u30fb\u30d6\u30ed\u30f3\u30ba\"}]},{\"@type\":\"WebSite\",\"@id\":\"https:\/\/www.stephaniecesaire.com\/ja\/#website\",\"url\":\"https:\/\/www.stephaniecesaire.com\/ja\/\",\"name\":\"St\u00e9phanie C\u00e9saire\",\"description\":\"Sac cr\u00e9ateur made in France - Maroquinerie de luxe\",\"publisher\":{\"@id\":\"https:\/\/www.stephaniecesaire.com\/ja\/#organization\"},\"potentialAction\":[{\"@type\":\"SearchAction\",\"target\":{\"@type\":\"EntryPoint\",\"urlTemplate\":\"https:\/\/www.stephaniecesaire.com\/ja\/?s={search_term_string}\"},\"query-input\":\"required name=search_term_string\"}],\"inLanguage\":\"ja\"},{\"@type\":\"Organization\",\"@id\":\"https:\/\/www.stephaniecesaire.com\/ja\/#organization\",\"name\":\"St\u00e9phanie C\u00e9saire\",\"url\":\"https:\/\/www.stephaniecesaire.com\/ja\/\",\"logo\":{\"@type\":\"ImageObject\",\"inLanguage\":\"ja\",\"@id\":\"https:\/\/www.stephaniecesaire.com\/ja\/#\/schema\/logo\/image\/\",\"url\":\"https:\/\/www.stephaniecesaire.com\/wp-content\/uploads\/2023\/10\/favicon.png\",\"contentUrl\":\"https:\/\/www.stephaniecesaire.com\/wp-content\/uploads\/2023\/10\/favicon.png\",\"width\":512,\"height\":512,\"caption\":\"St\u00e9phanie C\u00e9saire\"},\"image\":{\"@id\":\"https:\/\/www.stephaniecesaire.com\/ja\/#\/schema\/logo\/image\/\"},\"sameAs\":[\"https:\/\/www.facebook.com\/cesaireparis\/\",\"https:\/\/www.pinterest.fr\/cesaireparis\/\",\"https:\/\/www.instagram.com\/cesaireparis.official\/\"]}]}<\/script>\n<!-- \/ Yoast SEO plugin. -->","yoast_head_json":{"title":"Sac bandouli\u00e8re \u30aa\u30fc\u30c9\u30fb\u30d0\u30d6\u30eb\u30e9\u30e0\u30ec\u30b6\u30fc\u30fb\u30d6\u30ed\u30f3\u30ba - C\u00e9saire Made in France","description":"Harmonie et na\u00efvet\u00e9 s\u2019expriment dans les rondeurs de ce mod\u00e8le d\u00e9licat, suspendu \u00e0 sa sangle orn\u00e9e d\u2019une large boucle de corne.\u00a0Ce sac souple et l\u00e9ger saura vous accompagner en toute occasion, port\u00e9 \u00e9paule ou bandouli\u00e8re, avec une certaine d\u00e9contraction sophistiqu\u00e9e.","robots":{"index":"index","follow":"follow","max-snippet":"max-snippet:-1","max-image-preview":"max-image-preview:large","max-video-preview":"max-video-preview:-1"},"canonical":"https:\/\/www.stephaniecesaire.com\/ja\/boutique\/%e3%83%90%e3%83%83%e3%82%b0\/%e3%82%aa%e3%83%bc%e3%83%89\/ode-cuir-dagneau-bulle-bronze\/","og_locale":"ja_JP","og_type":"article","og_title":"Sac bandouli\u00e8re \u30aa\u30fc\u30c9\u30fb\u30d0\u30d6\u30eb\u30e9\u30e0\u30ec\u30b6\u30fc\u30fb\u30d6\u30ed\u30f3\u30ba - C\u00e9saire Made in France","og_description":"Harmonie et na\u00efvet\u00e9 s\u2019expriment dans les rondeurs de ce mod\u00e8le d\u00e9licat, suspendu \u00e0 sa sangle orn\u00e9e d\u2019une large boucle de corne.\u00a0Ce sac souple et l\u00e9ger saura vous accompagner en toute occasion, port\u00e9 \u00e9paule ou bandouli\u00e8re, avec une certaine d\u00e9contraction sophistiqu\u00e9e.","og_url":"https:\/\/www.stephaniecesaire.com\/ja\/boutique\/%e3%83%90%e3%83%83%e3%82%b0\/%e3%82%aa%e3%83%bc%e3%83%89\/ode-cuir-dagneau-bulle-bronze\/","og_site_name":"C\u00e9saire","article_publisher":"https:\/\/www.facebook.com\/cesaireparis\/","article_modified_time":"2024-06-25T17:09:18+00:00","og_image":[{"width":630,"height":945,"url":"https:\/\/www.stephaniecesaire.com\/wp-content\/uploads\/2023\/09\/Ode_AGBBronzeFace-jpg.webp","type":"image\/jpeg"}],"twitter_card":"summary_large_image","schema":{"@context":"https:\/\/schema.org","@graph":[{"@type":"WebPage","@id":"https:\/\/www.stephaniecesaire.com\/ja\/boutique\/%e3%83%90%e3%83%83%e3%82%b0\/%e3%82%aa%e3%83%bc%e3%83%89\/ode-cuir-dagneau-bulle-bronze\/","url":"https:\/\/www.stephaniecesaire.com\/ja\/boutique\/%e3%83%90%e3%83%83%e3%82%b0\/%e3%82%aa%e3%83%bc%e3%83%89\/ode-cuir-dagneau-bulle-bronze\/","name":"Sac bandouli\u00e8re \u30aa\u30fc\u30c9\u30fb\u30d0\u30d6\u30eb\u30e9\u30e0\u30ec\u30b6\u30fc\u30fb\u30d6\u30ed\u30f3\u30ba - C\u00e9saire Made in France","isPartOf":{"@id":"https:\/\/www.stephaniecesaire.com\/ja\/#website"},"primaryImageOfPage":{"@id":"https:\/\/www.stephaniecesaire.com\/ja\/boutique\/%e3%83%90%e3%83%83%e3%82%b0\/%e3%82%aa%e3%83%bc%e3%83%89\/ode-cuir-dagneau-bulle-bronze\/#primaryimage"},"image":{"@id":"https:\/\/www.stephaniecesaire.com\/ja\/boutique\/%e3%83%90%e3%83%83%e3%82%b0\/%e3%82%aa%e3%83%bc%e3%83%89\/ode-cuir-dagneau-bulle-bronze\/#primaryimage"},"thumbnailUrl":"https:\/\/www.stephaniecesaire.com\/wp-content\/uploads\/2023\/09\/Ode_AGBBronzeFace-jpg.webp","datePublished":"2018-10-12T13:34:15+00:00","dateModified":"2024-06-25T17:09:18+00:00","description":"Harmonie et na\u00efvet\u00e9 s\u2019expriment dans les rondeurs de ce mod\u00e8le d\u00e9licat, suspendu \u00e0 sa sangle orn\u00e9e d\u2019une large boucle de corne.\u00a0Ce sac souple et l\u00e9ger saura vous accompagner en toute occasion, port\u00e9 \u00e9paule ou bandouli\u00e8re, avec une certaine d\u00e9contraction sophistiqu\u00e9e.","breadcrumb":{"@id":"https:\/\/www.stephaniecesaire.com\/ja\/boutique\/%e3%83%90%e3%83%83%e3%82%b0\/%e3%82%aa%e3%83%bc%e3%83%89\/ode-cuir-dagneau-bulle-bronze\/#breadcrumb"},"inLanguage":"ja","potentialAction":[{"@type":"ReadAction","target":["https:\/\/www.stephaniecesaire.com\/ja\/boutique\/%e3%83%90%e3%83%83%e3%82%b0\/%e3%82%aa%e3%83%bc%e3%83%89\/ode-cuir-dagneau-bulle-bronze\/"]}]},{"@type":"ImageObject","inLanguage":"ja","@id":"https:\/\/www.stephaniecesaire.com\/ja\/boutique\/%e3%83%90%e3%83%83%e3%82%b0\/%e3%82%aa%e3%83%bc%e3%83%89\/ode-cuir-dagneau-bulle-bronze\/#primaryimage","url":"https:\/\/www.stephaniecesaire.com\/wp-content\/uploads\/2023\/09\/Ode_AGBBronzeFace-jpg.webp","contentUrl":"https:\/\/www.stephaniecesaire.com\/wp-content\/uploads\/2023\/09\/Ode_AGBBronzeFace-jpg.webp","width":630,"height":945},{"@type":"BreadcrumbList","@id":"https:\/\/www.stephaniecesaire.com\/ja\/boutique\/%e3%83%90%e3%83%83%e3%82%b0\/%e3%82%aa%e3%83%bc%e3%83%89\/ode-cuir-dagneau-bulle-bronze\/#breadcrumb","itemListElement":[{"@type":"ListItem","position":1,"name":"Accueil","item":"https:\/\/www.stephaniecesaire.com\/ja\/"},{"@type":"ListItem","position":2,"name":"\u30b7\u30e7\u30c3\u30d7","item":"https:\/\/www.stephaniecesaire.com\/ja\/%e3%82%b7%e3%83%a7%e3%83%83%e3%83%97\/"},{"@type":"ListItem","position":3,"name":"\u30aa\u30fc\u30c9\u30fb\u30d0\u30d6\u30eb\u30e9\u30e0\u30ec\u30b6\u30fc\u30fb\u30d6\u30ed\u30f3\u30ba"}]},{"@type":"WebSite","@id":"https:\/\/www.stephaniecesaire.com\/ja\/#website","url":"https:\/\/www.stephaniecesaire.com\/ja\/","name":"St\u00e9phanie C\u00e9saire","description":"Sac cr\u00e9ateur made in France - Maroquinerie de luxe","publisher":{"@id":"https:\/\/www.stephaniecesaire.com\/ja\/#organization"},"potentialAction":[{"@type":"SearchAction","target":{"@type":"EntryPoint","urlTemplate":"https:\/\/www.stephaniecesaire.com\/ja\/?s={search_term_string}"},"query-input":"required name=search_term_string"}],"inLanguage":"ja"},{"@type":"Organization","@id":"https:\/\/www.stephaniecesaire.com\/ja\/#organization","name":"St\u00e9phanie C\u00e9saire","url":"https:\/\/www.stephaniecesaire.com\/ja\/","logo":{"@type":"ImageObject","inLanguage":"ja","@id":"https:\/\/www.stephaniecesaire.com\/ja\/#\/schema\/logo\/image\/","url":"https:\/\/www.stephaniecesaire.com\/wp-content\/uploads\/2023\/10\/favicon.png","contentUrl":"https:\/\/www.stephaniecesaire.com\/wp-content\/uploads\/2023\/10\/favicon.png","width":512,"height":512,"caption":"St\u00e9phanie C\u00e9saire"},"image":{"@id":"https:\/\/www.stephaniecesaire.com\/ja\/#\/schema\/logo\/image\/"},"sameAs":["https:\/\/www.facebook.com\/cesaireparis\/","https:\/\/www.pinterest.fr\/cesaireparis\/","https:\/\/www.instagram.com\/cesaireparis.official\/"]}]}},"_links":{"self":[{"href":"https:\/\/www.stephaniecesaire.com\/ja\/wp-json\/wp\/v2\/product\/29950","targetHints":{"allow":["GET"]}}],"collection":[{"href":"https:\/\/www.stephaniecesaire.com\/ja\/wp-json\/wp\/v2\/product"}],"about":[{"href":"https:\/\/www.stephaniecesaire.com\/ja\/wp-json\/wp\/v2\/types\/product"}],"wp:featuredmedia":[{"embeddable":true,"href":"https:\/\/www.stephaniecesaire.com\/ja\/wp-json\/wp\/v2\/media\/14948"}],"wp:attachment":[{"href":"https:\/\/www.stephaniecesaire.com\/ja\/wp-json\/wp\/v2\/media?parent=29950"}],"wp:term":[{"taxonomy":"product_cat","embeddable":true,"href":"https:\/\/www.stephaniecesaire.com\/ja\/wp-json\/wp\/v2\/product_cat?post=29950"},{"taxonomy":"product_tag","embeddable":true,"href":"https:\/\/www.stephaniecesaire.com\/ja\/wp-json\/wp\/v2\/product_tag?post=29950"}],"curies":[{"name":"wp","href":"https:\/\/api.w.org\/{rel}","templated":true}]}}