{"id":29974,"date":"2018-09-25T10:08:29","date_gmt":"2018-09-25T08:08:29","guid":{"rendered":"https:\/\/stephaniecesaire.com\/boutique\/uncategorized\/georges-cuir-de-veau-vegetal-noir\/"},"modified":"2024-02-20T19:19:54","modified_gmt":"2024-02-20T18:19:54","slug":"georges-cuir-de-veau-vegetal-noir","status":"publish","type":"product","link":"https:\/\/www.stephaniecesaire.com\/ja\/boutique\/%e3%83%90%e3%83%83%e3%82%b0\/%e3%82%b8%e3%83%a7%e3%83%ab%e3%82%b8%e3%83%a5\/georges-cuir-de-veau-vegetal-noir\/","title":{"rendered":"\u30b8\u30e7\u30eb\u30b8\u30e5\u30fb\u30ab\u30fc\u30d5\u30bf\u30f3\u30cb\u30f3 \u30d6\u30e9\u30c3\u30af"},"content":{"rendered":"<p>\u300c\u30b8\u30e7\u30eb\u30b8\u30e5\u300d\u306f\u30aa\u30fc\u30d0\u30fc\u30b5\u30a4\u30ba\u306a\u30d5\u30a1\u30b9\u30ca\u30fc\u3067\u958b\u9589\u3067\u304d\u3001\u5185\u5074\u306b\u306f\u30d5\u30a1\u30b9\u30ca\u30fc\u30dd\u30b1\u30c3\u30c8\u3068\u643a\u5e2f\u96fb\u8a71\u7528\u306e\u5927\u304d\u306a\u30dd\u30b1\u30c3\u30c8\u304c\u3064\u3044\u3066\u3044\u307e\u3059\u3002 \u88cf\u5730\u306f\u30b3\u30c3\u30c8\u30f3\u30b5\u30fc\u30b8100%\u3002\u30d0\u30c3\u30b0\u4e21\u5074\u306f\u6298\u308a\u7573\u307f\u7528\u306e\u30dc\u30bf\u30f3\u3001\u305d\u3057\u3066\u5e95\u90e8\u306f\u4fdd\u8b77\u7528\u306e\u771f\u936e\u30b9\u30bf\u30c3\u30ba\u3067\u98fe\u308a\u307e\u3057\u305f\u3002\u3000- \u30d5\u30e9\u30f3\u30b9\u88fd<\/p>\n","protected":false},"excerpt":{"rendered":"<p>\u3086\u3063\u305f\u308a\u3068\u3057\u305f\u30b7\u30e7\u30eb\u30c0\u30fc\u30d0\u30c3\u30b0\u300c\u30b8\u30e7\u30eb\u30b8\u30e5\u300d\u306e\u30b9\u30bf\u30a4\u30ea\u30c3\u30b7\u30e5\u306a\u5f62\u304c\u8868\u73fe\u3059\u308b\u306e\u306f\u3001\u529b\u5f37\u3055\u3068\u6bc5\u7136\u3068\u3057\u305f\u96f0\u56f2\u6c17\u3002 \u300c\u30ae\u30e3\u30d0\u30f3\u300d\u306e\u30a8\u30b9\u30d7\u30ea\u3092\u53d7\u3051\u7d99\u3044\u3060\u300c\u30b8\u30e7\u30eb\u30b8\u30e5\u300d\u306b\u306f\u9032\u5316\u3059\u308b\u30d5\u30a9\u30eb\u30e0\u304c\u79d8\u3081\u3089\u308c\u3066\u3044\u307e\u3059\u3002\u4e21\u7aef\u306e\u7559\u3081\u5177\u3092\u5916\u3057\u3066\u5e83\u3052\u308c\u3070\u30c8\u30fc\u30c8\u30d0\u30c3\u30b0\u306b\u65e9\u5909\u308f\u308a\u3059\u308b\u306e\u3067\u3059\u3002<\/p>\n","protected":false},"featured_media":7375,"template":"","meta":[],"product_cat":[643],"product_tag":[1525,669],"class_list":{"0":"post-29974","1":"product","2":"type-product","3":"status-publish","4":"has-post-thumbnail","6":"product_cat-643","7":"product_tag-backorder-ja","8":"product_tag-669","9":"pa_porte-333","10":"pa_volume-335","12":"first","13":"onbackorder","14":"sold-individually","15":"taxable","16":"shipping-taxable","17":"purchasable","18":"product-type-simple"},"yoast_head":"<!-- This site is optimized with the Yoast SEO plugin v23.1 - https:\/\/yoast.com\/wordpress\/plugins\/seo\/ -->\n<title>\u30b8\u30e7\u30eb\u30b8\u30e5\u30fb\u30ab\u30fc\u30d5\u30bf\u30f3\u30cb\u30f3 \u30d6\u30e9\u30c3\u30af - C\u00e9saire<\/title>\n<meta name=\"robots\" content=\"index, follow, max-snippet:-1, max-image-preview:large, max-video-preview:-1\" \/>\n<link rel=\"canonical\" href=\"https:\/\/www.stephaniecesaire.com\/ja\/boutique\/%e3%83%90%e3%83%83%e3%82%b0\/%e3%82%b8%e3%83%a7%e3%83%ab%e3%82%b8%e3%83%a5\/georges-cuir-de-veau-vegetal-noir\/\" \/>\n<meta property=\"og:locale\" content=\"ja_JP\" \/>\n<meta property=\"og:type\" content=\"article\" \/>\n<meta property=\"og:title\" content=\"\u30b8\u30e7\u30eb\u30b8\u30e5\u30fb\u30ab\u30fc\u30d5\u30bf\u30f3\u30cb\u30f3 \u30d6\u30e9\u30c3\u30af - C\u00e9saire\" \/>\n<meta property=\"og:description\" content=\"\u3086\u3063\u305f\u308a\u3068\u3057\u305f\u30b7\u30e7\u30eb\u30c0\u30fc\u30d0\u30c3\u30b0\u300c\u30b8\u30e7\u30eb\u30b8\u30e5\u300d\u306e\u30b9\u30bf\u30a4\u30ea\u30c3\u30b7\u30e5\u306a\u5f62\u304c\u8868\u73fe\u3059\u308b\u306e\u306f\u3001\u529b\u5f37\u3055\u3068\u6bc5\u7136\u3068\u3057\u305f\u96f0\u56f2\u6c17\u3002 \u300c\u30ae\u30e3\u30d0\u30f3\u300d\u306e\u30a8\u30b9\u30d7\u30ea\u3092\u53d7\u3051\u7d99\u3044\u3060\u300c\u30b8\u30e7\u30eb\u30b8\u30e5\u300d\u306b\u306f\u9032\u5316\u3059\u308b\u30d5\u30a9\u30eb\u30e0\u304c\u79d8\u3081\u3089\u308c\u3066\u3044\u307e\u3059\u3002\u4e21\u7aef\u306e\u7559\u3081\u5177\u3092\u5916\u3057\u3066\u5e83\u3052\u308c\u3070\u30c8\u30fc\u30c8\u30d0\u30c3\u30b0\u306b\u65e9\u5909\u308f\u308a\u3059\u308b\u306e\u3067\u3059\u3002\" \/>\n<meta property=\"og:url\" content=\"https:\/\/www.stephaniecesaire.com\/ja\/boutique\/%e3%83%90%e3%83%83%e3%82%b0\/%e3%82%b8%e3%83%a7%e3%83%ab%e3%82%b8%e3%83%a5\/georges-cuir-de-veau-vegetal-noir\/\" \/>\n<meta property=\"og:site_name\" content=\"C\u00e9saire\" \/>\n<meta property=\"article:publisher\" content=\"https:\/\/www.facebook.com\/cesaireparis\/\" \/>\n<meta property=\"article:modified_time\" content=\"2024-02-20T18:19:54+00:00\" \/>\n<meta property=\"og:image\" content=\"https:\/\/www.stephaniecesaire.com\/wp-content\/uploads\/2023\/09\/Georges_VEGNoirFace-jpg.webp\" \/>\n\t<meta property=\"og:image:width\" content=\"630\" \/>\n\t<meta property=\"og:image:height\" content=\"945\" \/>\n\t<meta property=\"og:image:type\" content=\"image\/jpeg\" \/>\n<meta name=\"twitter:card\" content=\"summary_large_image\" \/>\n<script type=\"application\/ld+json\" class=\"yoast-schema-graph\">{\"@context\":\"https:\/\/schema.org\",\"@graph\":[{\"@type\":\"WebPage\",\"@id\":\"https:\/\/www.stephaniecesaire.com\/ja\/boutique\/%e3%83%90%e3%83%83%e3%82%b0\/%e3%82%b8%e3%83%a7%e3%83%ab%e3%82%b8%e3%83%a5\/georges-cuir-de-veau-vegetal-noir\/\",\"url\":\"https:\/\/www.stephaniecesaire.com\/ja\/boutique\/%e3%83%90%e3%83%83%e3%82%b0\/%e3%82%b8%e3%83%a7%e3%83%ab%e3%82%b8%e3%83%a5\/georges-cuir-de-veau-vegetal-noir\/\",\"name\":\"\u30b8\u30e7\u30eb\u30b8\u30e5\u30fb\u30ab\u30fc\u30d5\u30bf\u30f3\u30cb\u30f3 \u30d6\u30e9\u30c3\u30af - C\u00e9saire\",\"isPartOf\":{\"@id\":\"https:\/\/www.stephaniecesaire.com\/ja\/#website\"},\"primaryImageOfPage\":{\"@id\":\"https:\/\/www.stephaniecesaire.com\/ja\/boutique\/%e3%83%90%e3%83%83%e3%82%b0\/%e3%82%b8%e3%83%a7%e3%83%ab%e3%82%b8%e3%83%a5\/georges-cuir-de-veau-vegetal-noir\/#primaryimage\"},\"image\":{\"@id\":\"https:\/\/www.stephaniecesaire.com\/ja\/boutique\/%e3%83%90%e3%83%83%e3%82%b0\/%e3%82%b8%e3%83%a7%e3%83%ab%e3%82%b8%e3%83%a5\/georges-cuir-de-veau-vegetal-noir\/#primaryimage\"},\"thumbnailUrl\":\"https:\/\/www.stephaniecesaire.com\/wp-content\/uploads\/2023\/09\/Georges_VEGNoirFace-jpg.webp\",\"datePublished\":\"2018-09-25T08:08:29+00:00\",\"dateModified\":\"2024-02-20T18:19:54+00:00\",\"breadcrumb\":{\"@id\":\"https:\/\/www.stephaniecesaire.com\/ja\/boutique\/%e3%83%90%e3%83%83%e3%82%b0\/%e3%82%b8%e3%83%a7%e3%83%ab%e3%82%b8%e3%83%a5\/georges-cuir-de-veau-vegetal-noir\/#breadcrumb\"},\"inLanguage\":\"ja\",\"potentialAction\":[{\"@type\":\"ReadAction\",\"target\":[\"https:\/\/www.stephaniecesaire.com\/ja\/boutique\/%e3%83%90%e3%83%83%e3%82%b0\/%e3%82%b8%e3%83%a7%e3%83%ab%e3%82%b8%e3%83%a5\/georges-cuir-de-veau-vegetal-noir\/\"]}]},{\"@type\":\"ImageObject\",\"inLanguage\":\"ja\",\"@id\":\"https:\/\/www.stephaniecesaire.com\/ja\/boutique\/%e3%83%90%e3%83%83%e3%82%b0\/%e3%82%b8%e3%83%a7%e3%83%ab%e3%82%b8%e3%83%a5\/georges-cuir-de-veau-vegetal-noir\/#primaryimage\",\"url\":\"https:\/\/www.stephaniecesaire.com\/wp-content\/uploads\/2023\/09\/Georges_VEGNoirFace-jpg.webp\",\"contentUrl\":\"https:\/\/www.stephaniecesaire.com\/wp-content\/uploads\/2023\/09\/Georges_VEGNoirFace-jpg.webp\",\"width\":630,\"height\":945},{\"@type\":\"BreadcrumbList\",\"@id\":\"https:\/\/www.stephaniecesaire.com\/ja\/boutique\/%e3%83%90%e3%83%83%e3%82%b0\/%e3%82%b8%e3%83%a7%e3%83%ab%e3%82%b8%e3%83%a5\/georges-cuir-de-veau-vegetal-noir\/#breadcrumb\",\"itemListElement\":[{\"@type\":\"ListItem\",\"position\":1,\"name\":\"Accueil\",\"item\":\"https:\/\/www.stephaniecesaire.com\/ja\/\"},{\"@type\":\"ListItem\",\"position\":2,\"name\":\"\u30b7\u30e7\u30c3\u30d7\",\"item\":\"https:\/\/www.stephaniecesaire.com\/ja\/%e3%82%b7%e3%83%a7%e3%83%83%e3%83%97\/\"},{\"@type\":\"ListItem\",\"position\":3,\"name\":\"\u30b8\u30e7\u30eb\u30b8\u30e5\u30fb\u30ab\u30fc\u30d5\u30bf\u30f3\u30cb\u30f3 \u30d6\u30e9\u30c3\u30af\"}]},{\"@type\":\"WebSite\",\"@id\":\"https:\/\/www.stephaniecesaire.com\/ja\/#website\",\"url\":\"https:\/\/www.stephaniecesaire.com\/ja\/\",\"name\":\"St\u00e9phanie C\u00e9saire\",\"description\":\"Sac cr\u00e9ateur made in France - Maroquinerie de luxe\",\"publisher\":{\"@id\":\"https:\/\/www.stephaniecesaire.com\/ja\/#organization\"},\"potentialAction\":[{\"@type\":\"SearchAction\",\"target\":{\"@type\":\"EntryPoint\",\"urlTemplate\":\"https:\/\/www.stephaniecesaire.com\/ja\/?s={search_term_string}\"},\"query-input\":\"required name=search_term_string\"}],\"inLanguage\":\"ja\"},{\"@type\":\"Organization\",\"@id\":\"https:\/\/www.stephaniecesaire.com\/ja\/#organization\",\"name\":\"St\u00e9phanie C\u00e9saire\",\"url\":\"https:\/\/www.stephaniecesaire.com\/ja\/\",\"logo\":{\"@type\":\"ImageObject\",\"inLanguage\":\"ja\",\"@id\":\"https:\/\/www.stephaniecesaire.com\/ja\/#\/schema\/logo\/image\/\",\"url\":\"https:\/\/www.stephaniecesaire.com\/wp-content\/uploads\/2023\/10\/favicon.png\",\"contentUrl\":\"https:\/\/www.stephaniecesaire.com\/wp-content\/uploads\/2023\/10\/favicon.png\",\"width\":512,\"height\":512,\"caption\":\"St\u00e9phanie C\u00e9saire\"},\"image\":{\"@id\":\"https:\/\/www.stephaniecesaire.com\/ja\/#\/schema\/logo\/image\/\"},\"sameAs\":[\"https:\/\/www.facebook.com\/cesaireparis\/\",\"https:\/\/www.pinterest.fr\/cesaireparis\/\",\"https:\/\/www.instagram.com\/cesaireparis.official\/\"]}]}<\/script>\n<!-- \/ Yoast SEO plugin. -->","yoast_head_json":{"title":"\u30b8\u30e7\u30eb\u30b8\u30e5\u30fb\u30ab\u30fc\u30d5\u30bf\u30f3\u30cb\u30f3 \u30d6\u30e9\u30c3\u30af - C\u00e9saire","robots":{"index":"index","follow":"follow","max-snippet":"max-snippet:-1","max-image-preview":"max-image-preview:large","max-video-preview":"max-video-preview:-1"},"canonical":"https:\/\/www.stephaniecesaire.com\/ja\/boutique\/%e3%83%90%e3%83%83%e3%82%b0\/%e3%82%b8%e3%83%a7%e3%83%ab%e3%82%b8%e3%83%a5\/georges-cuir-de-veau-vegetal-noir\/","og_locale":"ja_JP","og_type":"article","og_title":"\u30b8\u30e7\u30eb\u30b8\u30e5\u30fb\u30ab\u30fc\u30d5\u30bf\u30f3\u30cb\u30f3 \u30d6\u30e9\u30c3\u30af - C\u00e9saire","og_description":"\u3086\u3063\u305f\u308a\u3068\u3057\u305f\u30b7\u30e7\u30eb\u30c0\u30fc\u30d0\u30c3\u30b0\u300c\u30b8\u30e7\u30eb\u30b8\u30e5\u300d\u306e\u30b9\u30bf\u30a4\u30ea\u30c3\u30b7\u30e5\u306a\u5f62\u304c\u8868\u73fe\u3059\u308b\u306e\u306f\u3001\u529b\u5f37\u3055\u3068\u6bc5\u7136\u3068\u3057\u305f\u96f0\u56f2\u6c17\u3002 \u300c\u30ae\u30e3\u30d0\u30f3\u300d\u306e\u30a8\u30b9\u30d7\u30ea\u3092\u53d7\u3051\u7d99\u3044\u3060\u300c\u30b8\u30e7\u30eb\u30b8\u30e5\u300d\u306b\u306f\u9032\u5316\u3059\u308b\u30d5\u30a9\u30eb\u30e0\u304c\u79d8\u3081\u3089\u308c\u3066\u3044\u307e\u3059\u3002\u4e21\u7aef\u306e\u7559\u3081\u5177\u3092\u5916\u3057\u3066\u5e83\u3052\u308c\u3070\u30c8\u30fc\u30c8\u30d0\u30c3\u30b0\u306b\u65e9\u5909\u308f\u308a\u3059\u308b\u306e\u3067\u3059\u3002","og_url":"https:\/\/www.stephaniecesaire.com\/ja\/boutique\/%e3%83%90%e3%83%83%e3%82%b0\/%e3%82%b8%e3%83%a7%e3%83%ab%e3%82%b8%e3%83%a5\/georges-cuir-de-veau-vegetal-noir\/","og_site_name":"C\u00e9saire","article_publisher":"https:\/\/www.facebook.com\/cesaireparis\/","article_modified_time":"2024-02-20T18:19:54+00:00","og_image":[{"width":630,"height":945,"url":"https:\/\/www.stephaniecesaire.com\/wp-content\/uploads\/2023\/09\/Georges_VEGNoirFace-jpg.webp","type":"image\/jpeg"}],"twitter_card":"summary_large_image","schema":{"@context":"https:\/\/schema.org","@graph":[{"@type":"WebPage","@id":"https:\/\/www.stephaniecesaire.com\/ja\/boutique\/%e3%83%90%e3%83%83%e3%82%b0\/%e3%82%b8%e3%83%a7%e3%83%ab%e3%82%b8%e3%83%a5\/georges-cuir-de-veau-vegetal-noir\/","url":"https:\/\/www.stephaniecesaire.com\/ja\/boutique\/%e3%83%90%e3%83%83%e3%82%b0\/%e3%82%b8%e3%83%a7%e3%83%ab%e3%82%b8%e3%83%a5\/georges-cuir-de-veau-vegetal-noir\/","name":"\u30b8\u30e7\u30eb\u30b8\u30e5\u30fb\u30ab\u30fc\u30d5\u30bf\u30f3\u30cb\u30f3 \u30d6\u30e9\u30c3\u30af - C\u00e9saire","isPartOf":{"@id":"https:\/\/www.stephaniecesaire.com\/ja\/#website"},"primaryImageOfPage":{"@id":"https:\/\/www.stephaniecesaire.com\/ja\/boutique\/%e3%83%90%e3%83%83%e3%82%b0\/%e3%82%b8%e3%83%a7%e3%83%ab%e3%82%b8%e3%83%a5\/georges-cuir-de-veau-vegetal-noir\/#primaryimage"},"image":{"@id":"https:\/\/www.stephaniecesaire.com\/ja\/boutique\/%e3%83%90%e3%83%83%e3%82%b0\/%e3%82%b8%e3%83%a7%e3%83%ab%e3%82%b8%e3%83%a5\/georges-cuir-de-veau-vegetal-noir\/#primaryimage"},"thumbnailUrl":"https:\/\/www.stephaniecesaire.com\/wp-content\/uploads\/2023\/09\/Georges_VEGNoirFace-jpg.webp","datePublished":"2018-09-25T08:08:29+00:00","dateModified":"2024-02-20T18:19:54+00:00","breadcrumb":{"@id":"https:\/\/www.stephaniecesaire.com\/ja\/boutique\/%e3%83%90%e3%83%83%e3%82%b0\/%e3%82%b8%e3%83%a7%e3%83%ab%e3%82%b8%e3%83%a5\/georges-cuir-de-veau-vegetal-noir\/#breadcrumb"},"inLanguage":"ja","potentialAction":[{"@type":"ReadAction","target":["https:\/\/www.stephaniecesaire.com\/ja\/boutique\/%e3%83%90%e3%83%83%e3%82%b0\/%e3%82%b8%e3%83%a7%e3%83%ab%e3%82%b8%e3%83%a5\/georges-cuir-de-veau-vegetal-noir\/"]}]},{"@type":"ImageObject","inLanguage":"ja","@id":"https:\/\/www.stephaniecesaire.com\/ja\/boutique\/%e3%83%90%e3%83%83%e3%82%b0\/%e3%82%b8%e3%83%a7%e3%83%ab%e3%82%b8%e3%83%a5\/georges-cuir-de-veau-vegetal-noir\/#primaryimage","url":"https:\/\/www.stephaniecesaire.com\/wp-content\/uploads\/2023\/09\/Georges_VEGNoirFace-jpg.webp","contentUrl":"https:\/\/www.stephaniecesaire.com\/wp-content\/uploads\/2023\/09\/Georges_VEGNoirFace-jpg.webp","width":630,"height":945},{"@type":"BreadcrumbList","@id":"https:\/\/www.stephaniecesaire.com\/ja\/boutique\/%e3%83%90%e3%83%83%e3%82%b0\/%e3%82%b8%e3%83%a7%e3%83%ab%e3%82%b8%e3%83%a5\/georges-cuir-de-veau-vegetal-noir\/#breadcrumb","itemListElement":[{"@type":"ListItem","position":1,"name":"Accueil","item":"https:\/\/www.stephaniecesaire.com\/ja\/"},{"@type":"ListItem","position":2,"name":"\u30b7\u30e7\u30c3\u30d7","item":"https:\/\/www.stephaniecesaire.com\/ja\/%e3%82%b7%e3%83%a7%e3%83%83%e3%83%97\/"},{"@type":"ListItem","position":3,"name":"\u30b8\u30e7\u30eb\u30b8\u30e5\u30fb\u30ab\u30fc\u30d5\u30bf\u30f3\u30cb\u30f3 \u30d6\u30e9\u30c3\u30af"}]},{"@type":"WebSite","@id":"https:\/\/www.stephaniecesaire.com\/ja\/#website","url":"https:\/\/www.stephaniecesaire.com\/ja\/","name":"St\u00e9phanie C\u00e9saire","description":"Sac cr\u00e9ateur made in France - Maroquinerie de luxe","publisher":{"@id":"https:\/\/www.stephaniecesaire.com\/ja\/#organization"},"potentialAction":[{"@type":"SearchAction","target":{"@type":"EntryPoint","urlTemplate":"https:\/\/www.stephaniecesaire.com\/ja\/?s={search_term_string}"},"query-input":"required name=search_term_string"}],"inLanguage":"ja"},{"@type":"Organization","@id":"https:\/\/www.stephaniecesaire.com\/ja\/#organization","name":"St\u00e9phanie C\u00e9saire","url":"https:\/\/www.stephaniecesaire.com\/ja\/","logo":{"@type":"ImageObject","inLanguage":"ja","@id":"https:\/\/www.stephaniecesaire.com\/ja\/#\/schema\/logo\/image\/","url":"https:\/\/www.stephaniecesaire.com\/wp-content\/uploads\/2023\/10\/favicon.png","contentUrl":"https:\/\/www.stephaniecesaire.com\/wp-content\/uploads\/2023\/10\/favicon.png","width":512,"height":512,"caption":"St\u00e9phanie C\u00e9saire"},"image":{"@id":"https:\/\/www.stephaniecesaire.com\/ja\/#\/schema\/logo\/image\/"},"sameAs":["https:\/\/www.facebook.com\/cesaireparis\/","https:\/\/www.pinterest.fr\/cesaireparis\/","https:\/\/www.instagram.com\/cesaireparis.official\/"]}]}},"_links":{"self":[{"href":"https:\/\/www.stephaniecesaire.com\/ja\/wp-json\/wp\/v2\/product\/29974","targetHints":{"allow":["GET"]}}],"collection":[{"href":"https:\/\/www.stephaniecesaire.com\/ja\/wp-json\/wp\/v2\/product"}],"about":[{"href":"https:\/\/www.stephaniecesaire.com\/ja\/wp-json\/wp\/v2\/types\/product"}],"wp:featuredmedia":[{"embeddable":true,"href":"https:\/\/www.stephaniecesaire.com\/ja\/wp-json\/wp\/v2\/media\/7375"}],"wp:attachment":[{"href":"https:\/\/www.stephaniecesaire.com\/ja\/wp-json\/wp\/v2\/media?parent=29974"}],"wp:term":[{"taxonomy":"product_cat","embeddable":true,"href":"https:\/\/www.stephaniecesaire.com\/ja\/wp-json\/wp\/v2\/product_cat?post=29974"},{"taxonomy":"product_tag","embeddable":true,"href":"https:\/\/www.stephaniecesaire.com\/ja\/wp-json\/wp\/v2\/product_tag?post=29974"}],"curies":[{"name":"wp","href":"https:\/\/api.w.org\/{rel}","templated":true}]}}