{"id":29993,"date":"2018-09-24T17:44:55","date_gmt":"2018-09-24T15:44:55","guid":{"rendered":"https:\/\/stephaniecesaire.com\/boutique\/uncategorized\/bettina-cuir-de-veau-box-gris\/"},"modified":"2024-02-20T19:19:55","modified_gmt":"2024-02-20T18:19:55","slug":"bettina-cuir-de-veau-box-gris","status":"publish","type":"product","link":"https:\/\/www.stephaniecesaire.com\/ja\/boutique\/%e3%83%90%e3%83%83%e3%82%b0\/%e3%83%99%e3%83%86%e3%82%a3%e3%83%8a\/bettina-cuir-de-veau-box-gris\/","title":{"rendered":"\u30d9\u30c6\u30a3\u30ca\u30fb\u30dc\u30c3\u30af\u30b9\u30ab\u30fc\u30d5\u30ec\u30b6\u30fc \u30b0\u30ec\u30fc"},"content":{"rendered":"<p>100%\u30b3\u30c3\u30c8\u30f3\u30b5\u30fc\u30b8\u306e\u30e9\u30a4\u30cb\u30f3\u30b0\u3002\u30d9\u30c6\u30a3\u30ca\u306f\u5185\u5074\u306b\u30d5\u30a1\u30b9\u30ca\u30fc\u306e\u4ed8\u3044\u305f\u30dd\u30b1\u30c3\u30c8\u3068\u3001\u30b9\u30de\u30fc\u30c8\u30d5\u30a9\u30f3\u306b\u3082\u5bfe\u5fdc\u3059\u308b\u5927\u304d\u306a\u643a\u5e2f\u96fb\u8a71\u7528\u30dd\u30b1\u30c3\u30c8\u304c\u4ed8\u3044\u3066\u3044\u307e\u3059\u3002 \u89d2\u30ab\u30e9\u30d3\u30ca\u306e\u30a2\u30af\u30bb\u30b5\u30ea\u30fc\u3068\u3001\u5e95\u90e8\u5206\u3092\u5b88\u308b\u771f\u936e\u306e\u30b9\u30bf\u30c3\u30ba\u304c\u4ed8\u3044\u3066\u3044\u307e\u3059\u3002\u30d5\u30e9\u30f3\u30b9\u88fd<\/p>\n","protected":false},"excerpt":{"rendered":"<p>\u30d9\u30c6\u30a3\u30ca\u306f\u3001\u30af\u30e9\u30b7\u30c3\u30af\u306a\u30dc\u30ea\u30e5\u30fc\u30e0\u306e\u30d0\u30c3\u30b0\u3092\u30bb\u30bc\u30fc\u30eb\u6d41\u306b\u518d\u89e3\u91c8\u3057\u3001\u6607\u83ef\u3057\u305f\u30cf\u30f3\u30c9\u30d0\u30c3\u30b0\u3067\u3059\u3002\u4e00\u672c\u3060\u3051\u306e\u6301\u3061\u624b\u304c\u3001\u632f\u308a\u5b50\u306e\u3088\u3046\u306a\u52b9\u679c\u3092\u5091\u51fa\u3057\u3066\u3044\u307e\u3059\u3002\u99ac\u5177\u306e\u30a8\u30b9\u30d7\u30ea\u3092\u6301\u3064\u3053\u306e\u30d0\u30c3\u30b0\u306f\u3001\u65e5\u5e38\u306e\u6d17\u7df4\u3055\u308c\u305f\u4f34\u4fb6\u3068\u306a\u308b\u3067\u3057\u3087\u3046<\/p>\n","protected":false},"featured_media":14853,"template":"","meta":[],"product_cat":[634],"product_tag":[671],"class_list":{"0":"post-29993","1":"product","2":"type-product","3":"status-publish","4":"has-post-thumbnail","6":"product_cat-634","7":"product_tag-671","8":"product_shipping_class-classe-de-livraison-2","9":"pa_porte-329","10":"pa_volume-339","12":"first","13":"outofstock","14":"sold-individually","15":"taxable","16":"shipping-taxable","17":"purchasable","18":"product-type-simple"},"yoast_head":"<!-- This site is optimized with the Yoast SEO plugin v23.1 - https:\/\/yoast.com\/wordpress\/plugins\/seo\/ -->\n<title>Bettina - Sac \u00e0 main cr\u00e9ateur cuir - C\u00e9saire Fabriqu\u00e9 en France<\/title>\n<meta name=\"description\" content=\"Le Bettina est un sac port\u00e9 main au volume classique, revisit\u00e9 par les codes de la Maison et sublim\u00e9 par une anse unique lui donnant un port\u00e9 pendulaire remarquable. L\u2019esprit sellier de ce sac en fait un compagnon sophistiqu\u00e9 au quotidien.\" \/>\n<meta name=\"robots\" content=\"index, follow, max-snippet:-1, max-image-preview:large, max-video-preview:-1\" \/>\n<link rel=\"canonical\" href=\"https:\/\/www.stephaniecesaire.com\/ja\/boutique\/%e3%83%90%e3%83%83%e3%82%b0\/%e3%83%99%e3%83%86%e3%82%a3%e3%83%8a\/bettina-cuir-de-veau-box-gris\/\" \/>\n<meta property=\"og:locale\" content=\"ja_JP\" \/>\n<meta property=\"og:type\" content=\"article\" \/>\n<meta property=\"og:title\" content=\"Bettina - Sac \u00e0 main cr\u00e9ateur cuir - C\u00e9saire Fabriqu\u00e9 en France\" \/>\n<meta property=\"og:description\" content=\"Le Bettina est un sac port\u00e9 main au volume classique, revisit\u00e9 par les codes de la Maison et sublim\u00e9 par une anse unique lui donnant un port\u00e9 pendulaire remarquable. L\u2019esprit sellier de ce sac en fait un compagnon sophistiqu\u00e9 au quotidien.\" \/>\n<meta property=\"og:url\" content=\"https:\/\/www.stephaniecesaire.com\/ja\/boutique\/%e3%83%90%e3%83%83%e3%82%b0\/%e3%83%99%e3%83%86%e3%82%a3%e3%83%8a\/bettina-cuir-de-veau-box-gris\/\" \/>\n<meta property=\"og:site_name\" content=\"C\u00e9saire\" \/>\n<meta property=\"article:publisher\" content=\"https:\/\/www.facebook.com\/cesaireparis\/\" \/>\n<meta property=\"article:modified_time\" content=\"2024-02-20T18:19:55+00:00\" \/>\n<meta property=\"og:image\" content=\"https:\/\/www.stephaniecesaire.com\/wp-content\/uploads\/2023\/09\/Bettina_BOXGrisFace-jpg.webp\" \/>\n\t<meta property=\"og:image:width\" content=\"630\" \/>\n\t<meta property=\"og:image:height\" content=\"945\" \/>\n\t<meta property=\"og:image:type\" content=\"image\/jpeg\" \/>\n<meta name=\"twitter:card\" content=\"summary_large_image\" \/>\n<script type=\"application\/ld+json\" class=\"yoast-schema-graph\">{\"@context\":\"https:\/\/schema.org\",\"@graph\":[{\"@type\":\"WebPage\",\"@id\":\"https:\/\/www.stephaniecesaire.com\/ja\/boutique\/%e3%83%90%e3%83%83%e3%82%b0\/%e3%83%99%e3%83%86%e3%82%a3%e3%83%8a\/bettina-cuir-de-veau-box-gris\/\",\"url\":\"https:\/\/www.stephaniecesaire.com\/ja\/boutique\/%e3%83%90%e3%83%83%e3%82%b0\/%e3%83%99%e3%83%86%e3%82%a3%e3%83%8a\/bettina-cuir-de-veau-box-gris\/\",\"name\":\"Bettina - Sac \u00e0 main cr\u00e9ateur cuir - C\u00e9saire Fabriqu\u00e9 en France\",\"isPartOf\":{\"@id\":\"https:\/\/www.stephaniecesaire.com\/ja\/#website\"},\"primaryImageOfPage\":{\"@id\":\"https:\/\/www.stephaniecesaire.com\/ja\/boutique\/%e3%83%90%e3%83%83%e3%82%b0\/%e3%83%99%e3%83%86%e3%82%a3%e3%83%8a\/bettina-cuir-de-veau-box-gris\/#primaryimage\"},\"image\":{\"@id\":\"https:\/\/www.stephaniecesaire.com\/ja\/boutique\/%e3%83%90%e3%83%83%e3%82%b0\/%e3%83%99%e3%83%86%e3%82%a3%e3%83%8a\/bettina-cuir-de-veau-box-gris\/#primaryimage\"},\"thumbnailUrl\":\"https:\/\/www.stephaniecesaire.com\/wp-content\/uploads\/2023\/09\/Bettina_BOXGrisFace-jpg.webp\",\"datePublished\":\"2018-09-24T15:44:55+00:00\",\"dateModified\":\"2024-02-20T18:19:55+00:00\",\"description\":\"Le Bettina est un sac port\u00e9 main au volume classique, revisit\u00e9 par les codes de la Maison et sublim\u00e9 par une anse unique lui donnant un port\u00e9 pendulaire remarquable. L\u2019esprit sellier de ce sac en fait un compagnon sophistiqu\u00e9 au quotidien.\",\"breadcrumb\":{\"@id\":\"https:\/\/www.stephaniecesaire.com\/ja\/boutique\/%e3%83%90%e3%83%83%e3%82%b0\/%e3%83%99%e3%83%86%e3%82%a3%e3%83%8a\/bettina-cuir-de-veau-box-gris\/#breadcrumb\"},\"inLanguage\":\"ja\",\"potentialAction\":[{\"@type\":\"ReadAction\",\"target\":[\"https:\/\/www.stephaniecesaire.com\/ja\/boutique\/%e3%83%90%e3%83%83%e3%82%b0\/%e3%83%99%e3%83%86%e3%82%a3%e3%83%8a\/bettina-cuir-de-veau-box-gris\/\"]}]},{\"@type\":\"ImageObject\",\"inLanguage\":\"ja\",\"@id\":\"https:\/\/www.stephaniecesaire.com\/ja\/boutique\/%e3%83%90%e3%83%83%e3%82%b0\/%e3%83%99%e3%83%86%e3%82%a3%e3%83%8a\/bettina-cuir-de-veau-box-gris\/#primaryimage\",\"url\":\"https:\/\/www.stephaniecesaire.com\/wp-content\/uploads\/2023\/09\/Bettina_BOXGrisFace-jpg.webp\",\"contentUrl\":\"https:\/\/www.stephaniecesaire.com\/wp-content\/uploads\/2023\/09\/Bettina_BOXGrisFace-jpg.webp\",\"width\":630,\"height\":945},{\"@type\":\"BreadcrumbList\",\"@id\":\"https:\/\/www.stephaniecesaire.com\/ja\/boutique\/%e3%83%90%e3%83%83%e3%82%b0\/%e3%83%99%e3%83%86%e3%82%a3%e3%83%8a\/bettina-cuir-de-veau-box-gris\/#breadcrumb\",\"itemListElement\":[{\"@type\":\"ListItem\",\"position\":1,\"name\":\"Accueil\",\"item\":\"https:\/\/www.stephaniecesaire.com\/ja\/\"},{\"@type\":\"ListItem\",\"position\":2,\"name\":\"\u30b7\u30e7\u30c3\u30d7\",\"item\":\"https:\/\/www.stephaniecesaire.com\/ja\/%e3%82%b7%e3%83%a7%e3%83%83%e3%83%97\/\"},{\"@type\":\"ListItem\",\"position\":3,\"name\":\"\u30d9\u30c6\u30a3\u30ca\u30fb\u30dc\u30c3\u30af\u30b9\u30ab\u30fc\u30d5\u30ec\u30b6\u30fc \u30b0\u30ec\u30fc\"}]},{\"@type\":\"WebSite\",\"@id\":\"https:\/\/www.stephaniecesaire.com\/ja\/#website\",\"url\":\"https:\/\/www.stephaniecesaire.com\/ja\/\",\"name\":\"St\u00e9phanie C\u00e9saire\",\"description\":\"Sac cr\u00e9ateur made in France - Maroquinerie de luxe\",\"publisher\":{\"@id\":\"https:\/\/www.stephaniecesaire.com\/ja\/#organization\"},\"potentialAction\":[{\"@type\":\"SearchAction\",\"target\":{\"@type\":\"EntryPoint\",\"urlTemplate\":\"https:\/\/www.stephaniecesaire.com\/ja\/?s={search_term_string}\"},\"query-input\":\"required name=search_term_string\"}],\"inLanguage\":\"ja\"},{\"@type\":\"Organization\",\"@id\":\"https:\/\/www.stephaniecesaire.com\/ja\/#organization\",\"name\":\"St\u00e9phanie C\u00e9saire\",\"url\":\"https:\/\/www.stephaniecesaire.com\/ja\/\",\"logo\":{\"@type\":\"ImageObject\",\"inLanguage\":\"ja\",\"@id\":\"https:\/\/www.stephaniecesaire.com\/ja\/#\/schema\/logo\/image\/\",\"url\":\"https:\/\/www.stephaniecesaire.com\/wp-content\/uploads\/2023\/10\/favicon.png\",\"contentUrl\":\"https:\/\/www.stephaniecesaire.com\/wp-content\/uploads\/2023\/10\/favicon.png\",\"width\":512,\"height\":512,\"caption\":\"St\u00e9phanie C\u00e9saire\"},\"image\":{\"@id\":\"https:\/\/www.stephaniecesaire.com\/ja\/#\/schema\/logo\/image\/\"},\"sameAs\":[\"https:\/\/www.facebook.com\/cesaireparis\/\",\"https:\/\/www.pinterest.fr\/cesaireparis\/\",\"https:\/\/www.instagram.com\/cesaireparis.official\/\"]}]}<\/script>\n<!-- \/ Yoast SEO plugin. -->","yoast_head_json":{"title":"Bettina - Sac \u00e0 main cr\u00e9ateur cuir - C\u00e9saire Fabriqu\u00e9 en France","description":"Le Bettina est un sac port\u00e9 main au volume classique, revisit\u00e9 par les codes de la Maison et sublim\u00e9 par une anse unique lui donnant un port\u00e9 pendulaire remarquable. L\u2019esprit sellier de ce sac en fait un compagnon sophistiqu\u00e9 au quotidien.","robots":{"index":"index","follow":"follow","max-snippet":"max-snippet:-1","max-image-preview":"max-image-preview:large","max-video-preview":"max-video-preview:-1"},"canonical":"https:\/\/www.stephaniecesaire.com\/ja\/boutique\/%e3%83%90%e3%83%83%e3%82%b0\/%e3%83%99%e3%83%86%e3%82%a3%e3%83%8a\/bettina-cuir-de-veau-box-gris\/","og_locale":"ja_JP","og_type":"article","og_title":"Bettina - Sac \u00e0 main cr\u00e9ateur cuir - C\u00e9saire Fabriqu\u00e9 en France","og_description":"Le Bettina est un sac port\u00e9 main au volume classique, revisit\u00e9 par les codes de la Maison et sublim\u00e9 par une anse unique lui donnant un port\u00e9 pendulaire remarquable. L\u2019esprit sellier de ce sac en fait un compagnon sophistiqu\u00e9 au quotidien.","og_url":"https:\/\/www.stephaniecesaire.com\/ja\/boutique\/%e3%83%90%e3%83%83%e3%82%b0\/%e3%83%99%e3%83%86%e3%82%a3%e3%83%8a\/bettina-cuir-de-veau-box-gris\/","og_site_name":"C\u00e9saire","article_publisher":"https:\/\/www.facebook.com\/cesaireparis\/","article_modified_time":"2024-02-20T18:19:55+00:00","og_image":[{"width":630,"height":945,"url":"https:\/\/www.stephaniecesaire.com\/wp-content\/uploads\/2023\/09\/Bettina_BOXGrisFace-jpg.webp","type":"image\/jpeg"}],"twitter_card":"summary_large_image","schema":{"@context":"https:\/\/schema.org","@graph":[{"@type":"WebPage","@id":"https:\/\/www.stephaniecesaire.com\/ja\/boutique\/%e3%83%90%e3%83%83%e3%82%b0\/%e3%83%99%e3%83%86%e3%82%a3%e3%83%8a\/bettina-cuir-de-veau-box-gris\/","url":"https:\/\/www.stephaniecesaire.com\/ja\/boutique\/%e3%83%90%e3%83%83%e3%82%b0\/%e3%83%99%e3%83%86%e3%82%a3%e3%83%8a\/bettina-cuir-de-veau-box-gris\/","name":"Bettina - Sac \u00e0 main cr\u00e9ateur cuir - C\u00e9saire Fabriqu\u00e9 en France","isPartOf":{"@id":"https:\/\/www.stephaniecesaire.com\/ja\/#website"},"primaryImageOfPage":{"@id":"https:\/\/www.stephaniecesaire.com\/ja\/boutique\/%e3%83%90%e3%83%83%e3%82%b0\/%e3%83%99%e3%83%86%e3%82%a3%e3%83%8a\/bettina-cuir-de-veau-box-gris\/#primaryimage"},"image":{"@id":"https:\/\/www.stephaniecesaire.com\/ja\/boutique\/%e3%83%90%e3%83%83%e3%82%b0\/%e3%83%99%e3%83%86%e3%82%a3%e3%83%8a\/bettina-cuir-de-veau-box-gris\/#primaryimage"},"thumbnailUrl":"https:\/\/www.stephaniecesaire.com\/wp-content\/uploads\/2023\/09\/Bettina_BOXGrisFace-jpg.webp","datePublished":"2018-09-24T15:44:55+00:00","dateModified":"2024-02-20T18:19:55+00:00","description":"Le Bettina est un sac port\u00e9 main au volume classique, revisit\u00e9 par les codes de la Maison et sublim\u00e9 par une anse unique lui donnant un port\u00e9 pendulaire remarquable. L\u2019esprit sellier de ce sac en fait un compagnon sophistiqu\u00e9 au quotidien.","breadcrumb":{"@id":"https:\/\/www.stephaniecesaire.com\/ja\/boutique\/%e3%83%90%e3%83%83%e3%82%b0\/%e3%83%99%e3%83%86%e3%82%a3%e3%83%8a\/bettina-cuir-de-veau-box-gris\/#breadcrumb"},"inLanguage":"ja","potentialAction":[{"@type":"ReadAction","target":["https:\/\/www.stephaniecesaire.com\/ja\/boutique\/%e3%83%90%e3%83%83%e3%82%b0\/%e3%83%99%e3%83%86%e3%82%a3%e3%83%8a\/bettina-cuir-de-veau-box-gris\/"]}]},{"@type":"ImageObject","inLanguage":"ja","@id":"https:\/\/www.stephaniecesaire.com\/ja\/boutique\/%e3%83%90%e3%83%83%e3%82%b0\/%e3%83%99%e3%83%86%e3%82%a3%e3%83%8a\/bettina-cuir-de-veau-box-gris\/#primaryimage","url":"https:\/\/www.stephaniecesaire.com\/wp-content\/uploads\/2023\/09\/Bettina_BOXGrisFace-jpg.webp","contentUrl":"https:\/\/www.stephaniecesaire.com\/wp-content\/uploads\/2023\/09\/Bettina_BOXGrisFace-jpg.webp","width":630,"height":945},{"@type":"BreadcrumbList","@id":"https:\/\/www.stephaniecesaire.com\/ja\/boutique\/%e3%83%90%e3%83%83%e3%82%b0\/%e3%83%99%e3%83%86%e3%82%a3%e3%83%8a\/bettina-cuir-de-veau-box-gris\/#breadcrumb","itemListElement":[{"@type":"ListItem","position":1,"name":"Accueil","item":"https:\/\/www.stephaniecesaire.com\/ja\/"},{"@type":"ListItem","position":2,"name":"\u30b7\u30e7\u30c3\u30d7","item":"https:\/\/www.stephaniecesaire.com\/ja\/%e3%82%b7%e3%83%a7%e3%83%83%e3%83%97\/"},{"@type":"ListItem","position":3,"name":"\u30d9\u30c6\u30a3\u30ca\u30fb\u30dc\u30c3\u30af\u30b9\u30ab\u30fc\u30d5\u30ec\u30b6\u30fc \u30b0\u30ec\u30fc"}]},{"@type":"WebSite","@id":"https:\/\/www.stephaniecesaire.com\/ja\/#website","url":"https:\/\/www.stephaniecesaire.com\/ja\/","name":"St\u00e9phanie C\u00e9saire","description":"Sac cr\u00e9ateur made in France - Maroquinerie de luxe","publisher":{"@id":"https:\/\/www.stephaniecesaire.com\/ja\/#organization"},"potentialAction":[{"@type":"SearchAction","target":{"@type":"EntryPoint","urlTemplate":"https:\/\/www.stephaniecesaire.com\/ja\/?s={search_term_string}"},"query-input":"required name=search_term_string"}],"inLanguage":"ja"},{"@type":"Organization","@id":"https:\/\/www.stephaniecesaire.com\/ja\/#organization","name":"St\u00e9phanie C\u00e9saire","url":"https:\/\/www.stephaniecesaire.com\/ja\/","logo":{"@type":"ImageObject","inLanguage":"ja","@id":"https:\/\/www.stephaniecesaire.com\/ja\/#\/schema\/logo\/image\/","url":"https:\/\/www.stephaniecesaire.com\/wp-content\/uploads\/2023\/10\/favicon.png","contentUrl":"https:\/\/www.stephaniecesaire.com\/wp-content\/uploads\/2023\/10\/favicon.png","width":512,"height":512,"caption":"St\u00e9phanie C\u00e9saire"},"image":{"@id":"https:\/\/www.stephaniecesaire.com\/ja\/#\/schema\/logo\/image\/"},"sameAs":["https:\/\/www.facebook.com\/cesaireparis\/","https:\/\/www.pinterest.fr\/cesaireparis\/","https:\/\/www.instagram.com\/cesaireparis.official\/"]}]}},"_links":{"self":[{"href":"https:\/\/www.stephaniecesaire.com\/ja\/wp-json\/wp\/v2\/product\/29993","targetHints":{"allow":["GET"]}}],"collection":[{"href":"https:\/\/www.stephaniecesaire.com\/ja\/wp-json\/wp\/v2\/product"}],"about":[{"href":"https:\/\/www.stephaniecesaire.com\/ja\/wp-json\/wp\/v2\/types\/product"}],"wp:featuredmedia":[{"embeddable":true,"href":"https:\/\/www.stephaniecesaire.com\/ja\/wp-json\/wp\/v2\/media\/14853"}],"wp:attachment":[{"href":"https:\/\/www.stephaniecesaire.com\/ja\/wp-json\/wp\/v2\/media?parent=29993"}],"wp:term":[{"taxonomy":"product_cat","embeddable":true,"href":"https:\/\/www.stephaniecesaire.com\/ja\/wp-json\/wp\/v2\/product_cat?post=29993"},{"taxonomy":"product_tag","embeddable":true,"href":"https:\/\/www.stephaniecesaire.com\/ja\/wp-json\/wp\/v2\/product_tag?post=29993"}],"curies":[{"name":"wp","href":"https:\/\/api.w.org\/{rel}","templated":true}]}}