{"id":29996,"date":"2018-09-24T17:44:44","date_gmt":"2018-09-24T15:44:44","guid":{"rendered":"https:\/\/stephaniecesaire.com\/boutique\/uncategorized\/bettina-cuir-de-taurillon-graine-cumin\/"},"modified":"2024-08-09T13:45:34","modified_gmt":"2024-08-09T11:45:34","slug":"bettina-cuir-de-taurillon-graine-cumin","status":"publish","type":"product","link":"https:\/\/www.stephaniecesaire.com\/ja\/boutique\/%e3%83%90%e3%83%83%e3%82%b0\/%e3%83%99%e3%83%86%e3%82%a3%e3%83%8a\/bettina-cuir-de-taurillon-graine-cumin\/","title":{"rendered":"\u30d9\u30c6\u30a3\u30ca\u30fb\u30b0\u30ec\u30a4\u30f3\u30c9\u30fb\u30c8\u30ea\u30e8\u30f3\u30fb\u30d6\u30ed\u30f3\u30ba"},"content":{"rendered":"<p>\u300c\u30d9\u30c6\u30a3\u30fc\u30ca\u300d\u306b\u306f\u30b7\u30e7\u30eb\u30c0\u30fc\u30b9\u30c8\u30e9\u30c3\u30d7\u3001\u30e6\u30cb\u30fc\u30af\u306a\u30cf\u30f3\u30c9\u30eb\u30012\u3064\u306e\u30b9\u30da\u30fc\u30b9\u306b\u5206\u304b\u308c\u305f\u5185\u90e8\u4ed5\u5207\u308a\u3001\u30b8\u30c3\u30d1\u30fc\u30dd\u30b1\u30c3\u30c8\u3001\u643a\u5e2f\u96fb\u8a71\u7528\u306e\u5927\u304d\u306a\u30dd\u30b1\u30c3\u30c8\u304c\u5099\u308f\u3063\u3066\u3044\u307e\u3059\u3002100\uff05\u30b3\u30c3\u30c8\u30f3\u30c4\u30a4\u30eb\u3067\u5b8c\u5168\u306b\u88cf\u6253\u3061\u3055\u308c\u3001\u30db\u30fc\u30f3\u306e\u30ab\u30e9\u30d3\u30ca\u3068\u771f\u936e\u306e\u30b9\u30bf\u30c3\u30ba\u3067\u5e95\u3092\u4fdd\u8b77\u3059\u308b\u305f\u3081\u306e\u30a2\u30af\u30bb\u30b5\u30ea\u30fc\u304c\u65bd\u3055\u308c\u3066\u3044\u307e\u3059\u3002- \u30d5\u30e9\u30f3\u30b9\u88fd\u3002<\/p>\n","protected":false},"excerpt":{"rendered":"<p>\u300c\u30d9\u30c6\u30a3\u30fc\u30ca\u300d\u306f\u3001\u30af\u30e9\u30b7\u30c3\u30af\u306a\u5bb9\u91cf\u306e\u624b\u6301\u3061\u307e\u305f\u306f\u30b7\u30e7\u30eb\u30c0\u30fc\u30d0\u30c3\u30b0\u3067\u3001\u30e1\u30be\u30f3\u306e\u30b3\u30fc\u30c9\u306b\u3088\u3063\u3066\u518d\u69cb\u7bc9\u3055\u308c\u3001\u72ec\u7279\u306e\u30cf\u30f3\u30c9\u30eb\u306b\u3088\u3063\u3066\u5f15\u304d\u7acb\u3066\u3089\u308c\u3001\u5370\u8c61\u7684\u306a\u30da\u30f3\u30c7\u30e5\u30e9\u30e0\u306e\u3088\u3046\u306a\u6301\u3061\u624b\u304c\u4e0e\u3048\u3089\u308c\u3066\u3044\u307e\u3059\u3002\u3053\u306e\u30d0\u30c3\u30b0\u306e\u30b5\u30c9\u30eb\u30e1\u30fc\u30ab\u30fc\u306e\u30b9\u30d4\u30ea\u30c3\u30c8\u306f\u3001\u65e5\u5e38\u306e\u6d17\u7df4\u3055\u308c\u305f\u30b3\u30f3\u30d1\u30cb\u30aa\u30f3\u306b\u4ed5\u7acb\u3066\u4e0a\u3052\u3066\u3044\u307e\u3059\u3002<\/p>\n","protected":false},"featured_media":34506,"template":"","meta":[],"product_cat":[634],"product_tag":[671],"class_list":{"0":"post-29996","1":"product","2":"type-product","3":"status-publish","4":"has-post-thumbnail","6":"product_cat-634","7":"product_tag-671","8":"product_shipping_class-classe-de-livraison-2","9":"pa_porte-331","10":"pa_porte-329","11":"pa_volume-339","13":"first","14":"instock","15":"sold-individually","16":"taxable","17":"shipping-taxable","18":"purchasable","19":"product-type-simple"},"yoast_head":"<!-- This site is optimized with the Yoast SEO plugin v23.1 - https:\/\/yoast.com\/wordpress\/plugins\/seo\/ -->\n<title>\u30d9\u30c3\u30c6\u30a3\u30ca \u30cf\u30f3\u30c9\u30d0\u30c3\u30b0 \u2013 \u30bb\u30bc\u30fc\u30eb \u30d1\u30ea \u2013 \u30d5\u30e9\u30f3\u30b9\u88fd\u30d0\u30c3\u30b0<\/title>\n<meta name=\"description\" content=\"\u30d9\u30c3\u30c6\u30a3\u30ca \u30cf\u30f3\u30c9\u30d0\u30c3\u30b0\u306f\u3001\u624b\u6301\u3061\u307e\u305f\u306f\u30b7\u30e7\u30eb\u30c0\u30fc\u3067\u4f7f\u7528\u3067\u304d\u308b\u30af\u30e9\u30b7\u30c3\u30af\u306a\u30dc\u30ea\u30e5\u30fc\u30e0\u306e\u30d0\u30c3\u30b0\u3067\u3059\u3002\u3053\u306e\u30d0\u30c3\u30b0\u306e\u30bb\u30ea\u30a8\u7cbe\u795e\u304c\u3001\u65e5\u5e38\u306e\u6d17\u7df4\u3055\u308c\u305f\u30b3\u30f3\u30d1\u30cb\u30aa\u30f3\u306b\u4ed5\u7acb\u3066\u3066\u3044\u307e\u3059\u3002\" \/>\n<meta name=\"robots\" content=\"index, follow, max-snippet:-1, max-image-preview:large, max-video-preview:-1\" \/>\n<link rel=\"canonical\" href=\"https:\/\/www.stephaniecesaire.com\/ja\/boutique\/%e3%83%90%e3%83%83%e3%82%b0\/%e3%83%99%e3%83%86%e3%82%a3%e3%83%8a\/bettina-cuir-de-taurillon-graine-cumin\/\" \/>\n<meta property=\"og:locale\" content=\"ja_JP\" \/>\n<meta property=\"og:type\" content=\"article\" \/>\n<meta property=\"og:title\" content=\"\u30d9\u30c3\u30c6\u30a3\u30ca \u30cf\u30f3\u30c9\u30d0\u30c3\u30b0 \u2013 \u30bb\u30bc\u30fc\u30eb \u30d1\u30ea \u2013 \u30d5\u30e9\u30f3\u30b9\u88fd\u30d0\u30c3\u30b0\" \/>\n<meta property=\"og:description\" content=\"\u30d9\u30c3\u30c6\u30a3\u30ca \u30cf\u30f3\u30c9\u30d0\u30c3\u30b0\u306f\u3001\u624b\u6301\u3061\u307e\u305f\u306f\u30b7\u30e7\u30eb\u30c0\u30fc\u3067\u4f7f\u7528\u3067\u304d\u308b\u30af\u30e9\u30b7\u30c3\u30af\u306a\u30dc\u30ea\u30e5\u30fc\u30e0\u306e\u30d0\u30c3\u30b0\u3067\u3059\u3002\u3053\u306e\u30d0\u30c3\u30b0\u306e\u30bb\u30ea\u30a8\u7cbe\u795e\u304c\u3001\u65e5\u5e38\u306e\u6d17\u7df4\u3055\u308c\u305f\u30b3\u30f3\u30d1\u30cb\u30aa\u30f3\u306b\u4ed5\u7acb\u3066\u3066\u3044\u307e\u3059\u3002\" \/>\n<meta property=\"og:url\" content=\"https:\/\/www.stephaniecesaire.com\/ja\/boutique\/%e3%83%90%e3%83%83%e3%82%b0\/%e3%83%99%e3%83%86%e3%82%a3%e3%83%8a\/bettina-cuir-de-taurillon-graine-cumin\/\" \/>\n<meta property=\"og:site_name\" content=\"C\u00e9saire\" \/>\n<meta property=\"article:publisher\" content=\"https:\/\/www.facebook.com\/cesaireparis\/\" \/>\n<meta property=\"article:modified_time\" content=\"2024-08-09T11:45:34+00:00\" \/>\n<meta property=\"og:image\" content=\"https:\/\/www.stephaniecesaire.com\/wp-content\/uploads\/2018\/09\/BettinaRAGBronzeFace-2-jpg.webp\" \/>\n\t<meta property=\"og:image:width\" content=\"630\" \/>\n\t<meta property=\"og:image:height\" content=\"945\" \/>\n\t<meta property=\"og:image:type\" content=\"image\/jpeg\" \/>\n<meta name=\"twitter:card\" content=\"summary_large_image\" \/>\n<script type=\"application\/ld+json\" class=\"yoast-schema-graph\">{\"@context\":\"https:\/\/schema.org\",\"@graph\":[{\"@type\":\"WebPage\",\"@id\":\"https:\/\/www.stephaniecesaire.com\/ja\/boutique\/%e3%83%90%e3%83%83%e3%82%b0\/%e3%83%99%e3%83%86%e3%82%a3%e3%83%8a\/bettina-cuir-de-taurillon-graine-cumin\/\",\"url\":\"https:\/\/www.stephaniecesaire.com\/ja\/boutique\/%e3%83%90%e3%83%83%e3%82%b0\/%e3%83%99%e3%83%86%e3%82%a3%e3%83%8a\/bettina-cuir-de-taurillon-graine-cumin\/\",\"name\":\"\u30d9\u30c3\u30c6\u30a3\u30ca \u30cf\u30f3\u30c9\u30d0\u30c3\u30b0 \u2013 \u30bb\u30bc\u30fc\u30eb \u30d1\u30ea \u2013 \u30d5\u30e9\u30f3\u30b9\u88fd\u30d0\u30c3\u30b0\",\"isPartOf\":{\"@id\":\"https:\/\/www.stephaniecesaire.com\/ja\/#website\"},\"primaryImageOfPage\":{\"@id\":\"https:\/\/www.stephaniecesaire.com\/ja\/boutique\/%e3%83%90%e3%83%83%e3%82%b0\/%e3%83%99%e3%83%86%e3%82%a3%e3%83%8a\/bettina-cuir-de-taurillon-graine-cumin\/#primaryimage\"},\"image\":{\"@id\":\"https:\/\/www.stephaniecesaire.com\/ja\/boutique\/%e3%83%90%e3%83%83%e3%82%b0\/%e3%83%99%e3%83%86%e3%82%a3%e3%83%8a\/bettina-cuir-de-taurillon-graine-cumin\/#primaryimage\"},\"thumbnailUrl\":\"https:\/\/www.stephaniecesaire.com\/wp-content\/uploads\/2018\/09\/BettinaRAGBronzeFace-2-jpg.webp\",\"datePublished\":\"2018-09-24T15:44:44+00:00\",\"dateModified\":\"2024-08-09T11:45:34+00:00\",\"description\":\"\u30d9\u30c3\u30c6\u30a3\u30ca \u30cf\u30f3\u30c9\u30d0\u30c3\u30b0\u306f\u3001\u624b\u6301\u3061\u307e\u305f\u306f\u30b7\u30e7\u30eb\u30c0\u30fc\u3067\u4f7f\u7528\u3067\u304d\u308b\u30af\u30e9\u30b7\u30c3\u30af\u306a\u30dc\u30ea\u30e5\u30fc\u30e0\u306e\u30d0\u30c3\u30b0\u3067\u3059\u3002\u3053\u306e\u30d0\u30c3\u30b0\u306e\u30bb\u30ea\u30a8\u7cbe\u795e\u304c\u3001\u65e5\u5e38\u306e\u6d17\u7df4\u3055\u308c\u305f\u30b3\u30f3\u30d1\u30cb\u30aa\u30f3\u306b\u4ed5\u7acb\u3066\u3066\u3044\u307e\u3059\u3002\",\"breadcrumb\":{\"@id\":\"https:\/\/www.stephaniecesaire.com\/ja\/boutique\/%e3%83%90%e3%83%83%e3%82%b0\/%e3%83%99%e3%83%86%e3%82%a3%e3%83%8a\/bettina-cuir-de-taurillon-graine-cumin\/#breadcrumb\"},\"inLanguage\":\"ja\",\"potentialAction\":[{\"@type\":\"ReadAction\",\"target\":[\"https:\/\/www.stephaniecesaire.com\/ja\/boutique\/%e3%83%90%e3%83%83%e3%82%b0\/%e3%83%99%e3%83%86%e3%82%a3%e3%83%8a\/bettina-cuir-de-taurillon-graine-cumin\/\"]}]},{\"@type\":\"ImageObject\",\"inLanguage\":\"ja\",\"@id\":\"https:\/\/www.stephaniecesaire.com\/ja\/boutique\/%e3%83%90%e3%83%83%e3%82%b0\/%e3%83%99%e3%83%86%e3%82%a3%e3%83%8a\/bettina-cuir-de-taurillon-graine-cumin\/#primaryimage\",\"url\":\"https:\/\/www.stephaniecesaire.com\/wp-content\/uploads\/2018\/09\/BettinaRAGBronzeFace-2-jpg.webp\",\"contentUrl\":\"https:\/\/www.stephaniecesaire.com\/wp-content\/uploads\/2018\/09\/BettinaRAGBronzeFace-2-jpg.webp\",\"width\":630,\"height\":945,\"caption\":\"\u30d9\u30c3\u30c6\u30a3\u30fc\u30ca \u30cf\u30f3\u30c9\u30d0\u30c3\u30b0\u3068\u30b7\u30e7\u30eb\u30c0\u30fc \u30b9\u30c8\u30e9\u30c3\u30d7 - \u30d9\u30c3\u30c6\u30a3\u30fc\u30ca \u30bb\u30bc\u30fc\u30eb \u30d1\u30ea - \u30d5\u30e9\u30f3\u30b9\u88fd\u306e\u6700\u9ad8\u306e\u30cf\u30f3\u30c9\u30d0\u30c3\u30b0\"},{\"@type\":\"BreadcrumbList\",\"@id\":\"https:\/\/www.stephaniecesaire.com\/ja\/boutique\/%e3%83%90%e3%83%83%e3%82%b0\/%e3%83%99%e3%83%86%e3%82%a3%e3%83%8a\/bettina-cuir-de-taurillon-graine-cumin\/#breadcrumb\",\"itemListElement\":[{\"@type\":\"ListItem\",\"position\":1,\"name\":\"Accueil\",\"item\":\"https:\/\/www.stephaniecesaire.com\/ja\/\"},{\"@type\":\"ListItem\",\"position\":2,\"name\":\"\u30b7\u30e7\u30c3\u30d7\",\"item\":\"https:\/\/www.stephaniecesaire.com\/ja\/%e3%82%b7%e3%83%a7%e3%83%83%e3%83%97\/\"},{\"@type\":\"ListItem\",\"position\":3,\"name\":\"\u30d9\u30c6\u30a3\u30ca\u30fb\u30b0\u30ec\u30a4\u30f3\u30c9\u30fb\u30c8\u30ea\u30e8\u30f3\u30fb\u30d6\u30ed\u30f3\u30ba\"}]},{\"@type\":\"WebSite\",\"@id\":\"https:\/\/www.stephaniecesaire.com\/ja\/#website\",\"url\":\"https:\/\/www.stephaniecesaire.com\/ja\/\",\"name\":\"St\u00e9phanie C\u00e9saire\",\"description\":\"Sac cr\u00e9ateur made in France - Maroquinerie de luxe\",\"publisher\":{\"@id\":\"https:\/\/www.stephaniecesaire.com\/ja\/#organization\"},\"potentialAction\":[{\"@type\":\"SearchAction\",\"target\":{\"@type\":\"EntryPoint\",\"urlTemplate\":\"https:\/\/www.stephaniecesaire.com\/ja\/?s={search_term_string}\"},\"query-input\":\"required name=search_term_string\"}],\"inLanguage\":\"ja\"},{\"@type\":\"Organization\",\"@id\":\"https:\/\/www.stephaniecesaire.com\/ja\/#organization\",\"name\":\"St\u00e9phanie C\u00e9saire\",\"url\":\"https:\/\/www.stephaniecesaire.com\/ja\/\",\"logo\":{\"@type\":\"ImageObject\",\"inLanguage\":\"ja\",\"@id\":\"https:\/\/www.stephaniecesaire.com\/ja\/#\/schema\/logo\/image\/\",\"url\":\"https:\/\/www.stephaniecesaire.com\/wp-content\/uploads\/2023\/10\/favicon.png\",\"contentUrl\":\"https:\/\/www.stephaniecesaire.com\/wp-content\/uploads\/2023\/10\/favicon.png\",\"width\":512,\"height\":512,\"caption\":\"St\u00e9phanie C\u00e9saire\"},\"image\":{\"@id\":\"https:\/\/www.stephaniecesaire.com\/ja\/#\/schema\/logo\/image\/\"},\"sameAs\":[\"https:\/\/www.facebook.com\/cesaireparis\/\",\"https:\/\/www.pinterest.fr\/cesaireparis\/\",\"https:\/\/www.instagram.com\/cesaireparis.official\/\"]}]}<\/script>\n<!-- \/ Yoast SEO plugin. -->","yoast_head_json":{"title":"\u30d9\u30c3\u30c6\u30a3\u30ca \u30cf\u30f3\u30c9\u30d0\u30c3\u30b0 \u2013 \u30bb\u30bc\u30fc\u30eb \u30d1\u30ea \u2013 \u30d5\u30e9\u30f3\u30b9\u88fd\u30d0\u30c3\u30b0","description":"\u30d9\u30c3\u30c6\u30a3\u30ca \u30cf\u30f3\u30c9\u30d0\u30c3\u30b0\u306f\u3001\u624b\u6301\u3061\u307e\u305f\u306f\u30b7\u30e7\u30eb\u30c0\u30fc\u3067\u4f7f\u7528\u3067\u304d\u308b\u30af\u30e9\u30b7\u30c3\u30af\u306a\u30dc\u30ea\u30e5\u30fc\u30e0\u306e\u30d0\u30c3\u30b0\u3067\u3059\u3002\u3053\u306e\u30d0\u30c3\u30b0\u306e\u30bb\u30ea\u30a8\u7cbe\u795e\u304c\u3001\u65e5\u5e38\u306e\u6d17\u7df4\u3055\u308c\u305f\u30b3\u30f3\u30d1\u30cb\u30aa\u30f3\u306b\u4ed5\u7acb\u3066\u3066\u3044\u307e\u3059\u3002","robots":{"index":"index","follow":"follow","max-snippet":"max-snippet:-1","max-image-preview":"max-image-preview:large","max-video-preview":"max-video-preview:-1"},"canonical":"https:\/\/www.stephaniecesaire.com\/ja\/boutique\/%e3%83%90%e3%83%83%e3%82%b0\/%e3%83%99%e3%83%86%e3%82%a3%e3%83%8a\/bettina-cuir-de-taurillon-graine-cumin\/","og_locale":"ja_JP","og_type":"article","og_title":"\u30d9\u30c3\u30c6\u30a3\u30ca \u30cf\u30f3\u30c9\u30d0\u30c3\u30b0 \u2013 \u30bb\u30bc\u30fc\u30eb \u30d1\u30ea \u2013 \u30d5\u30e9\u30f3\u30b9\u88fd\u30d0\u30c3\u30b0","og_description":"\u30d9\u30c3\u30c6\u30a3\u30ca \u30cf\u30f3\u30c9\u30d0\u30c3\u30b0\u306f\u3001\u624b\u6301\u3061\u307e\u305f\u306f\u30b7\u30e7\u30eb\u30c0\u30fc\u3067\u4f7f\u7528\u3067\u304d\u308b\u30af\u30e9\u30b7\u30c3\u30af\u306a\u30dc\u30ea\u30e5\u30fc\u30e0\u306e\u30d0\u30c3\u30b0\u3067\u3059\u3002\u3053\u306e\u30d0\u30c3\u30b0\u306e\u30bb\u30ea\u30a8\u7cbe\u795e\u304c\u3001\u65e5\u5e38\u306e\u6d17\u7df4\u3055\u308c\u305f\u30b3\u30f3\u30d1\u30cb\u30aa\u30f3\u306b\u4ed5\u7acb\u3066\u3066\u3044\u307e\u3059\u3002","og_url":"https:\/\/www.stephaniecesaire.com\/ja\/boutique\/%e3%83%90%e3%83%83%e3%82%b0\/%e3%83%99%e3%83%86%e3%82%a3%e3%83%8a\/bettina-cuir-de-taurillon-graine-cumin\/","og_site_name":"C\u00e9saire","article_publisher":"https:\/\/www.facebook.com\/cesaireparis\/","article_modified_time":"2024-08-09T11:45:34+00:00","og_image":[{"width":630,"height":945,"url":"https:\/\/www.stephaniecesaire.com\/wp-content\/uploads\/2018\/09\/BettinaRAGBronzeFace-2-jpg.webp","type":"image\/jpeg"}],"twitter_card":"summary_large_image","schema":{"@context":"https:\/\/schema.org","@graph":[{"@type":"WebPage","@id":"https:\/\/www.stephaniecesaire.com\/ja\/boutique\/%e3%83%90%e3%83%83%e3%82%b0\/%e3%83%99%e3%83%86%e3%82%a3%e3%83%8a\/bettina-cuir-de-taurillon-graine-cumin\/","url":"https:\/\/www.stephaniecesaire.com\/ja\/boutique\/%e3%83%90%e3%83%83%e3%82%b0\/%e3%83%99%e3%83%86%e3%82%a3%e3%83%8a\/bettina-cuir-de-taurillon-graine-cumin\/","name":"\u30d9\u30c3\u30c6\u30a3\u30ca \u30cf\u30f3\u30c9\u30d0\u30c3\u30b0 \u2013 \u30bb\u30bc\u30fc\u30eb \u30d1\u30ea \u2013 \u30d5\u30e9\u30f3\u30b9\u88fd\u30d0\u30c3\u30b0","isPartOf":{"@id":"https:\/\/www.stephaniecesaire.com\/ja\/#website"},"primaryImageOfPage":{"@id":"https:\/\/www.stephaniecesaire.com\/ja\/boutique\/%e3%83%90%e3%83%83%e3%82%b0\/%e3%83%99%e3%83%86%e3%82%a3%e3%83%8a\/bettina-cuir-de-taurillon-graine-cumin\/#primaryimage"},"image":{"@id":"https:\/\/www.stephaniecesaire.com\/ja\/boutique\/%e3%83%90%e3%83%83%e3%82%b0\/%e3%83%99%e3%83%86%e3%82%a3%e3%83%8a\/bettina-cuir-de-taurillon-graine-cumin\/#primaryimage"},"thumbnailUrl":"https:\/\/www.stephaniecesaire.com\/wp-content\/uploads\/2018\/09\/BettinaRAGBronzeFace-2-jpg.webp","datePublished":"2018-09-24T15:44:44+00:00","dateModified":"2024-08-09T11:45:34+00:00","description":"\u30d9\u30c3\u30c6\u30a3\u30ca \u30cf\u30f3\u30c9\u30d0\u30c3\u30b0\u306f\u3001\u624b\u6301\u3061\u307e\u305f\u306f\u30b7\u30e7\u30eb\u30c0\u30fc\u3067\u4f7f\u7528\u3067\u304d\u308b\u30af\u30e9\u30b7\u30c3\u30af\u306a\u30dc\u30ea\u30e5\u30fc\u30e0\u306e\u30d0\u30c3\u30b0\u3067\u3059\u3002\u3053\u306e\u30d0\u30c3\u30b0\u306e\u30bb\u30ea\u30a8\u7cbe\u795e\u304c\u3001\u65e5\u5e38\u306e\u6d17\u7df4\u3055\u308c\u305f\u30b3\u30f3\u30d1\u30cb\u30aa\u30f3\u306b\u4ed5\u7acb\u3066\u3066\u3044\u307e\u3059\u3002","breadcrumb":{"@id":"https:\/\/www.stephaniecesaire.com\/ja\/boutique\/%e3%83%90%e3%83%83%e3%82%b0\/%e3%83%99%e3%83%86%e3%82%a3%e3%83%8a\/bettina-cuir-de-taurillon-graine-cumin\/#breadcrumb"},"inLanguage":"ja","potentialAction":[{"@type":"ReadAction","target":["https:\/\/www.stephaniecesaire.com\/ja\/boutique\/%e3%83%90%e3%83%83%e3%82%b0\/%e3%83%99%e3%83%86%e3%82%a3%e3%83%8a\/bettina-cuir-de-taurillon-graine-cumin\/"]}]},{"@type":"ImageObject","inLanguage":"ja","@id":"https:\/\/www.stephaniecesaire.com\/ja\/boutique\/%e3%83%90%e3%83%83%e3%82%b0\/%e3%83%99%e3%83%86%e3%82%a3%e3%83%8a\/bettina-cuir-de-taurillon-graine-cumin\/#primaryimage","url":"https:\/\/www.stephaniecesaire.com\/wp-content\/uploads\/2018\/09\/BettinaRAGBronzeFace-2-jpg.webp","contentUrl":"https:\/\/www.stephaniecesaire.com\/wp-content\/uploads\/2018\/09\/BettinaRAGBronzeFace-2-jpg.webp","width":630,"height":945,"caption":"\u30d9\u30c3\u30c6\u30a3\u30fc\u30ca \u30cf\u30f3\u30c9\u30d0\u30c3\u30b0\u3068\u30b7\u30e7\u30eb\u30c0\u30fc \u30b9\u30c8\u30e9\u30c3\u30d7 - \u30d9\u30c3\u30c6\u30a3\u30fc\u30ca \u30bb\u30bc\u30fc\u30eb \u30d1\u30ea - \u30d5\u30e9\u30f3\u30b9\u88fd\u306e\u6700\u9ad8\u306e\u30cf\u30f3\u30c9\u30d0\u30c3\u30b0"},{"@type":"BreadcrumbList","@id":"https:\/\/www.stephaniecesaire.com\/ja\/boutique\/%e3%83%90%e3%83%83%e3%82%b0\/%e3%83%99%e3%83%86%e3%82%a3%e3%83%8a\/bettina-cuir-de-taurillon-graine-cumin\/#breadcrumb","itemListElement":[{"@type":"ListItem","position":1,"name":"Accueil","item":"https:\/\/www.stephaniecesaire.com\/ja\/"},{"@type":"ListItem","position":2,"name":"\u30b7\u30e7\u30c3\u30d7","item":"https:\/\/www.stephaniecesaire.com\/ja\/%e3%82%b7%e3%83%a7%e3%83%83%e3%83%97\/"},{"@type":"ListItem","position":3,"name":"\u30d9\u30c6\u30a3\u30ca\u30fb\u30b0\u30ec\u30a4\u30f3\u30c9\u30fb\u30c8\u30ea\u30e8\u30f3\u30fb\u30d6\u30ed\u30f3\u30ba"}]},{"@type":"WebSite","@id":"https:\/\/www.stephaniecesaire.com\/ja\/#website","url":"https:\/\/www.stephaniecesaire.com\/ja\/","name":"St\u00e9phanie C\u00e9saire","description":"Sac cr\u00e9ateur made in France - Maroquinerie de luxe","publisher":{"@id":"https:\/\/www.stephaniecesaire.com\/ja\/#organization"},"potentialAction":[{"@type":"SearchAction","target":{"@type":"EntryPoint","urlTemplate":"https:\/\/www.stephaniecesaire.com\/ja\/?s={search_term_string}"},"query-input":"required name=search_term_string"}],"inLanguage":"ja"},{"@type":"Organization","@id":"https:\/\/www.stephaniecesaire.com\/ja\/#organization","name":"St\u00e9phanie C\u00e9saire","url":"https:\/\/www.stephaniecesaire.com\/ja\/","logo":{"@type":"ImageObject","inLanguage":"ja","@id":"https:\/\/www.stephaniecesaire.com\/ja\/#\/schema\/logo\/image\/","url":"https:\/\/www.stephaniecesaire.com\/wp-content\/uploads\/2023\/10\/favicon.png","contentUrl":"https:\/\/www.stephaniecesaire.com\/wp-content\/uploads\/2023\/10\/favicon.png","width":512,"height":512,"caption":"St\u00e9phanie C\u00e9saire"},"image":{"@id":"https:\/\/www.stephaniecesaire.com\/ja\/#\/schema\/logo\/image\/"},"sameAs":["https:\/\/www.facebook.com\/cesaireparis\/","https:\/\/www.pinterest.fr\/cesaireparis\/","https:\/\/www.instagram.com\/cesaireparis.official\/"]}]}},"_links":{"self":[{"href":"https:\/\/www.stephaniecesaire.com\/ja\/wp-json\/wp\/v2\/product\/29996","targetHints":{"allow":["GET"]}}],"collection":[{"href":"https:\/\/www.stephaniecesaire.com\/ja\/wp-json\/wp\/v2\/product"}],"about":[{"href":"https:\/\/www.stephaniecesaire.com\/ja\/wp-json\/wp\/v2\/types\/product"}],"wp:featuredmedia":[{"embeddable":true,"href":"https:\/\/www.stephaniecesaire.com\/ja\/wp-json\/wp\/v2\/media\/34506"}],"wp:attachment":[{"href":"https:\/\/www.stephaniecesaire.com\/ja\/wp-json\/wp\/v2\/media?parent=29996"}],"wp:term":[{"taxonomy":"product_cat","embeddable":true,"href":"https:\/\/www.stephaniecesaire.com\/ja\/wp-json\/wp\/v2\/product_cat?post=29996"},{"taxonomy":"product_tag","embeddable":true,"href":"https:\/\/www.stephaniecesaire.com\/ja\/wp-json\/wp\/v2\/product_tag?post=29996"}],"curies":[{"name":"wp","href":"https:\/\/api.w.org\/{rel}","templated":true}]}}