{"id":30052,"date":"2018-05-14T14:18:57","date_gmt":"2018-05-14T12:18:57","guid":{"rendered":"https:\/\/stephaniecesaire.com\/boutique\/uncategorized\/bracelet-double-tour-petit-modele-cuir-dagneau-estampe-iguane-noir\/"},"modified":"2024-02-20T19:19:57","modified_gmt":"2024-02-20T18:19:57","slug":"bracelet-double-tour-petit-modele-cuir-dagneau-estampe-iguane-noir","status":"publish","type":"product","link":"https:\/\/www.stephaniecesaire.com\/ja\/boutique\/%e9%9d%a9%e5%b0%8f%e7%89%a9\/2%e9%80%a3%e3%83%96%e3%83%ac%e3%82%b9%e3%83%ac%e3%83%83%e3%83%88-%e5%b0%8f%e3%81%95%e3%81%84%e3%82%b5%e3%82%a4%e3%82%ba-%e3%83%91%e3%82%a4%e3%82%bd%e3%83%b3%e3%83%ac%e3%82%b6%e3%83%bc-%e3%82%aa\/bracelet-double-tour-petit-modele-cuir-dagneau-estampe-iguane-noir\/","title":{"rendered":"2\u9023\u30d6\u30ec\u30b9\u30ec\u30c3\u30c8 &#8211; \u5c0f\u3055\u3044\u30b5\u30a4\u30ba\u30fb\u30a4\u30b0\u30a2\u30ca\u30d7\u30ea\u30f3\u30c8\u30e9\u30e0\u30ec\u30b6\u30fc \u30d6\u30e9\u30c3\u30af"},"content":{"rendered":"<p>\u3053\u306e\u30ec\u30b6\u30fc2\u9023\u30d6\u30ec\u30b9\u30ec\u30c3\u30c8\u306f\u3001\u30cb\u30c3\u30b1\u30eb\u4ed5\u4e0a\u3052\u306e\u91d1\u5c5e\u88fd\u306e\u895f\u30dc\u30bf\u30f3\u3092\u30df\u30cb\u30c1\u30e5\u30a2\u306e\u89d2\u306e\u30ab\u30e9\u30d3\u30ca\u306b\u7559\u3081\u3066\u304a\u7740\u3051\u3044\u305f\u3060\u304d\u307e\u3059\u3002\u7e01\u306f\u5f69\u8272\u30fb\u98fe\u308a\u30e9\u30a4\u30f3\u304c\u65bd\u3055\u308c\u3066\u3044\u307e\u3059\u3002\u7740\u3051\u5fc3\u5730\u3092\u3088\u308a\u826f\u304f\u3059\u308b\u305f\u3081\u306b\u3001\u6ed1\u3089\u304b\u306a\u30ab\u30fc\u30d5\u30ec\u30b6\u30fc\u306e\u88cf\u5730\u304c\u3064\u3051\u3089\u308c\u3066\u3044\u307e\u3059\u3002\u6b27\u5dde\u5b89\u5168\u30ac\u30a4\u30c9\u30e9\u30a4\u30f3\u3092\u6e80\u305f\u3059EU\u570f\u7523\u306e\u30ec\u30b6\u30fc\u3092\u4f7f\u7528\u3057\u3066\u304a\u308a\u307e\u3059\u3002\u30d5\u30e9\u30f3\u30b9\u88fd<\/p>\n<p>\u9577\u3055\uff1a34cm\/13.38\u30d7\u30fc\u30b9\u3001\u30ab\u30e9\u30d3\u30ca\u542b\u3080\u3092\u5e451cm\/0.39\u30d7\u30fc\u30b9\uff08\u624b\u9996\u5468\u308a15cm\/5.9\u30d7\u30fc\u30b9\u4ee5\u4e0b\uff09<\/p>\n","protected":false},"excerpt":{"rendered":"<p>\u30bb\u30bc\u30fc\u30eb\u306e2\u9023\u30d6\u30ec\u30b9\u30ec\u30c3\u30c8\u306f\u305d\u306e\u7e4a\u7d30\u3067\u9bae\u660e\u306a\u30c7\u30b6\u30a4\u30f3\u3067\u8cb4\u5973\u306e\u624b\u9996\u3092\u98fe\u308a\u307e\u3059\u3002 \u30d6\u30e9\u30f3\u30c9\u30b7\u30f3\u30dc\u30eb\u3067\u3042\u308b\u89d2\u306e\u30ab\u30e9\u30d3\u30ca\u3068\u7dfb\u5bc6\u306a\u4ed5\u4e0a\u3052\u304c\u4ed6\u306b\u985e\u3092\u898b\u306a\u3044\u30a2\u30af\u30bb\u30b5\u30ea\u30fc\u3092\u5275\u308a\u3042\u3052\u3066\u3044\u307e\u3059\u3002\u3053\u306e\u30ec\u30b6\u30fc\u30a2\u30af\u30bb\u30b5\u30ea\u30fc\u306f\u8cb4\u5973\u306e\u88c5\u3044\u306b\u6d17\u7df4\u3055\u308c\u305f\u96f0\u56f2\u6c17\u3092\u4e0e\u3048\u307e\u3059\u3002\u7d30\u90e8\u307e\u3067\u8a08\u7b97\u3055\u308c\u305f\u30b9\u30bf\u30a4\u30eb\u306b\u6700\u9069\u3067\u3059\u3002<\/p>\n","protected":false},"featured_media":13364,"template":"","meta":[],"product_cat":[589],"product_tag":[],"class_list":{"0":"post-30052","1":"product","2":"type-product","3":"status-publish","4":"has-post-thumbnail","6":"product_cat-2---","7":"product_shipping_class-classe-de-livraison-6","9":"first","10":"outofstock","11":"sold-individually","12":"taxable","13":"shipping-taxable","14":"purchasable","15":"product-type-simple"},"yoast_head":"<!-- This site is optimized with the Yoast SEO plugin v23.1 - https:\/\/yoast.com\/wordpress\/plugins\/seo\/ -->\n<title>2\u9023\u30d6\u30ec\u30b9\u30ec\u30c3\u30c8 - \u5c0f\u3055\u3044\u30b5\u30a4\u30ba\u30fb\u30a4\u30b0\u30a2\u30ca\u30d7\u30ea\u30f3\u30c8\u30e9\u30e0\u30ec\u30b6\u30fc \u30d6\u30e9\u30c3\u30af - C\u00e9saire<\/title>\n<meta name=\"description\" content=\"Bracelet cuir fabriqu\u00e9 en France \u2013 Petite maroquinerie Fran\u00e7aise en cuir v\u00e9ritable pleine fleur - maroquinerie de luxe artisanale Fran\u00e7aise \u2013 100% made in France\" \/>\n<meta name=\"robots\" content=\"index, follow, max-snippet:-1, max-image-preview:large, max-video-preview:-1\" \/>\n<link rel=\"canonical\" href=\"https:\/\/www.stephaniecesaire.com\/ja\/boutique\/%e9%9d%a9%e5%b0%8f%e7%89%a9\/2%e9%80%a3%e3%83%96%e3%83%ac%e3%82%b9%e3%83%ac%e3%83%83%e3%83%88-%e5%b0%8f%e3%81%95%e3%81%84%e3%82%b5%e3%82%a4%e3%82%ba-%e3%83%91%e3%82%a4%e3%82%bd%e3%83%b3%e3%83%ac%e3%82%b6%e3%83%bc-%e3%82%aa\/bracelet-double-tour-petit-modele-cuir-dagneau-estampe-iguane-noir\/\" \/>\n<meta property=\"og:locale\" content=\"ja_JP\" \/>\n<meta property=\"og:type\" content=\"article\" \/>\n<meta property=\"og:title\" content=\"2\u9023\u30d6\u30ec\u30b9\u30ec\u30c3\u30c8 - \u5c0f\u3055\u3044\u30b5\u30a4\u30ba\u30fb\u30a4\u30b0\u30a2\u30ca\u30d7\u30ea\u30f3\u30c8\u30e9\u30e0\u30ec\u30b6\u30fc \u30d6\u30e9\u30c3\u30af - C\u00e9saire\" \/>\n<meta property=\"og:description\" content=\"Bracelet cuir fabriqu\u00e9 en France \u2013 Petite maroquinerie Fran\u00e7aise en cuir v\u00e9ritable pleine fleur - maroquinerie de luxe artisanale Fran\u00e7aise \u2013 100% made in France\" \/>\n<meta property=\"og:url\" content=\"https:\/\/www.stephaniecesaire.com\/ja\/boutique\/%e9%9d%a9%e5%b0%8f%e7%89%a9\/2%e9%80%a3%e3%83%96%e3%83%ac%e3%82%b9%e3%83%ac%e3%83%83%e3%83%88-%e5%b0%8f%e3%81%95%e3%81%84%e3%82%b5%e3%82%a4%e3%82%ba-%e3%83%91%e3%82%a4%e3%82%bd%e3%83%b3%e3%83%ac%e3%82%b6%e3%83%bc-%e3%82%aa\/bracelet-double-tour-petit-modele-cuir-dagneau-estampe-iguane-noir\/\" \/>\n<meta property=\"og:site_name\" content=\"C\u00e9saire\" \/>\n<meta property=\"article:publisher\" content=\"https:\/\/www.facebook.com\/cesaireparis\/\" \/>\n<meta property=\"article:modified_time\" content=\"2024-02-20T18:19:57+00:00\" \/>\n<meta property=\"og:image\" content=\"https:\/\/www.stephaniecesaire.com\/wp-content\/uploads\/2023\/09\/Bracelet_AGINoirTroisQuart-jpg.webp\" \/>\n\t<meta property=\"og:image:width\" content=\"630\" \/>\n\t<meta property=\"og:image:height\" content=\"945\" \/>\n\t<meta property=\"og:image:type\" content=\"image\/jpeg\" \/>\n<meta name=\"twitter:card\" content=\"summary_large_image\" \/>\n<meta name=\"twitter:label1\" content=\"\u63a8\u5b9a\u8aad\u307f\u53d6\u308a\u6642\u9593\" \/>\n\t<meta name=\"twitter:data1\" content=\"1\u5206\" \/>\n<script type=\"application\/ld+json\" class=\"yoast-schema-graph\">{\"@context\":\"https:\/\/schema.org\",\"@graph\":[{\"@type\":\"WebPage\",\"@id\":\"https:\/\/www.stephaniecesaire.com\/ja\/boutique\/%e9%9d%a9%e5%b0%8f%e7%89%a9\/2%e9%80%a3%e3%83%96%e3%83%ac%e3%82%b9%e3%83%ac%e3%83%83%e3%83%88-%e5%b0%8f%e3%81%95%e3%81%84%e3%82%b5%e3%82%a4%e3%82%ba-%e3%83%91%e3%82%a4%e3%82%bd%e3%83%b3%e3%83%ac%e3%82%b6%e3%83%bc-%e3%82%aa\/bracelet-double-tour-petit-modele-cuir-dagneau-estampe-iguane-noir\/\",\"url\":\"https:\/\/www.stephaniecesaire.com\/ja\/boutique\/%e9%9d%a9%e5%b0%8f%e7%89%a9\/2%e9%80%a3%e3%83%96%e3%83%ac%e3%82%b9%e3%83%ac%e3%83%83%e3%83%88-%e5%b0%8f%e3%81%95%e3%81%84%e3%82%b5%e3%82%a4%e3%82%ba-%e3%83%91%e3%82%a4%e3%82%bd%e3%83%b3%e3%83%ac%e3%82%b6%e3%83%bc-%e3%82%aa\/bracelet-double-tour-petit-modele-cuir-dagneau-estampe-iguane-noir\/\",\"name\":\"2\u9023\u30d6\u30ec\u30b9\u30ec\u30c3\u30c8 - \u5c0f\u3055\u3044\u30b5\u30a4\u30ba\u30fb\u30a4\u30b0\u30a2\u30ca\u30d7\u30ea\u30f3\u30c8\u30e9\u30e0\u30ec\u30b6\u30fc \u30d6\u30e9\u30c3\u30af - C\u00e9saire\",\"isPartOf\":{\"@id\":\"https:\/\/www.stephaniecesaire.com\/ja\/#website\"},\"primaryImageOfPage\":{\"@id\":\"https:\/\/www.stephaniecesaire.com\/ja\/boutique\/%e9%9d%a9%e5%b0%8f%e7%89%a9\/2%e9%80%a3%e3%83%96%e3%83%ac%e3%82%b9%e3%83%ac%e3%83%83%e3%83%88-%e5%b0%8f%e3%81%95%e3%81%84%e3%82%b5%e3%82%a4%e3%82%ba-%e3%83%91%e3%82%a4%e3%82%bd%e3%83%b3%e3%83%ac%e3%82%b6%e3%83%bc-%e3%82%aa\/bracelet-double-tour-petit-modele-cuir-dagneau-estampe-iguane-noir\/#primaryimage\"},\"image\":{\"@id\":\"https:\/\/www.stephaniecesaire.com\/ja\/boutique\/%e9%9d%a9%e5%b0%8f%e7%89%a9\/2%e9%80%a3%e3%83%96%e3%83%ac%e3%82%b9%e3%83%ac%e3%83%83%e3%83%88-%e5%b0%8f%e3%81%95%e3%81%84%e3%82%b5%e3%82%a4%e3%82%ba-%e3%83%91%e3%82%a4%e3%82%bd%e3%83%b3%e3%83%ac%e3%82%b6%e3%83%bc-%e3%82%aa\/bracelet-double-tour-petit-modele-cuir-dagneau-estampe-iguane-noir\/#primaryimage\"},\"thumbnailUrl\":\"https:\/\/www.stephaniecesaire.com\/wp-content\/uploads\/2023\/09\/Bracelet_AGINoirTroisQuart-jpg.webp\",\"datePublished\":\"2018-05-14T12:18:57+00:00\",\"dateModified\":\"2024-02-20T18:19:57+00:00\",\"description\":\"Bracelet cuir fabriqu\u00e9 en France \u2013 Petite maroquinerie Fran\u00e7aise en cuir v\u00e9ritable pleine fleur - maroquinerie de luxe artisanale Fran\u00e7aise \u2013 100% made in France\",\"breadcrumb\":{\"@id\":\"https:\/\/www.stephaniecesaire.com\/ja\/boutique\/%e9%9d%a9%e5%b0%8f%e7%89%a9\/2%e9%80%a3%e3%83%96%e3%83%ac%e3%82%b9%e3%83%ac%e3%83%83%e3%83%88-%e5%b0%8f%e3%81%95%e3%81%84%e3%82%b5%e3%82%a4%e3%82%ba-%e3%83%91%e3%82%a4%e3%82%bd%e3%83%b3%e3%83%ac%e3%82%b6%e3%83%bc-%e3%82%aa\/bracelet-double-tour-petit-modele-cuir-dagneau-estampe-iguane-noir\/#breadcrumb\"},\"inLanguage\":\"ja\",\"potentialAction\":[{\"@type\":\"ReadAction\",\"target\":[\"https:\/\/www.stephaniecesaire.com\/ja\/boutique\/%e9%9d%a9%e5%b0%8f%e7%89%a9\/2%e9%80%a3%e3%83%96%e3%83%ac%e3%82%b9%e3%83%ac%e3%83%83%e3%83%88-%e5%b0%8f%e3%81%95%e3%81%84%e3%82%b5%e3%82%a4%e3%82%ba-%e3%83%91%e3%82%a4%e3%82%bd%e3%83%b3%e3%83%ac%e3%82%b6%e3%83%bc-%e3%82%aa\/bracelet-double-tour-petit-modele-cuir-dagneau-estampe-iguane-noir\/\"]}]},{\"@type\":\"ImageObject\",\"inLanguage\":\"ja\",\"@id\":\"https:\/\/www.stephaniecesaire.com\/ja\/boutique\/%e9%9d%a9%e5%b0%8f%e7%89%a9\/2%e9%80%a3%e3%83%96%e3%83%ac%e3%82%b9%e3%83%ac%e3%83%83%e3%83%88-%e5%b0%8f%e3%81%95%e3%81%84%e3%82%b5%e3%82%a4%e3%82%ba-%e3%83%91%e3%82%a4%e3%82%bd%e3%83%b3%e3%83%ac%e3%82%b6%e3%83%bc-%e3%82%aa\/bracelet-double-tour-petit-modele-cuir-dagneau-estampe-iguane-noir\/#primaryimage\",\"url\":\"https:\/\/www.stephaniecesaire.com\/wp-content\/uploads\/2023\/09\/Bracelet_AGINoirTroisQuart-jpg.webp\",\"contentUrl\":\"https:\/\/www.stephaniecesaire.com\/wp-content\/uploads\/2023\/09\/Bracelet_AGINoirTroisQuart-jpg.webp\",\"width\":630,\"height\":945},{\"@type\":\"BreadcrumbList\",\"@id\":\"https:\/\/www.stephaniecesaire.com\/ja\/boutique\/%e9%9d%a9%e5%b0%8f%e7%89%a9\/2%e9%80%a3%e3%83%96%e3%83%ac%e3%82%b9%e3%83%ac%e3%83%83%e3%83%88-%e5%b0%8f%e3%81%95%e3%81%84%e3%82%b5%e3%82%a4%e3%82%ba-%e3%83%91%e3%82%a4%e3%82%bd%e3%83%b3%e3%83%ac%e3%82%b6%e3%83%bc-%e3%82%aa\/bracelet-double-tour-petit-modele-cuir-dagneau-estampe-iguane-noir\/#breadcrumb\",\"itemListElement\":[{\"@type\":\"ListItem\",\"position\":1,\"name\":\"Accueil\",\"item\":\"https:\/\/www.stephaniecesaire.com\/ja\/\"},{\"@type\":\"ListItem\",\"position\":2,\"name\":\"\u30b7\u30e7\u30c3\u30d7\",\"item\":\"https:\/\/www.stephaniecesaire.com\/ja\/%e3%82%b7%e3%83%a7%e3%83%83%e3%83%97\/\"},{\"@type\":\"ListItem\",\"position\":3,\"name\":\"2\u9023\u30d6\u30ec\u30b9\u30ec\u30c3\u30c8 &#8211; \u5c0f\u3055\u3044\u30b5\u30a4\u30ba\u30fb\u30a4\u30b0\u30a2\u30ca\u30d7\u30ea\u30f3\u30c8\u30e9\u30e0\u30ec\u30b6\u30fc \u30d6\u30e9\u30c3\u30af\"}]},{\"@type\":\"WebSite\",\"@id\":\"https:\/\/www.stephaniecesaire.com\/ja\/#website\",\"url\":\"https:\/\/www.stephaniecesaire.com\/ja\/\",\"name\":\"St\u00e9phanie C\u00e9saire\",\"description\":\"Sac cr\u00e9ateur made in France - Maroquinerie de luxe\",\"publisher\":{\"@id\":\"https:\/\/www.stephaniecesaire.com\/ja\/#organization\"},\"potentialAction\":[{\"@type\":\"SearchAction\",\"target\":{\"@type\":\"EntryPoint\",\"urlTemplate\":\"https:\/\/www.stephaniecesaire.com\/ja\/?s={search_term_string}\"},\"query-input\":\"required name=search_term_string\"}],\"inLanguage\":\"ja\"},{\"@type\":\"Organization\",\"@id\":\"https:\/\/www.stephaniecesaire.com\/ja\/#organization\",\"name\":\"St\u00e9phanie C\u00e9saire\",\"url\":\"https:\/\/www.stephaniecesaire.com\/ja\/\",\"logo\":{\"@type\":\"ImageObject\",\"inLanguage\":\"ja\",\"@id\":\"https:\/\/www.stephaniecesaire.com\/ja\/#\/schema\/logo\/image\/\",\"url\":\"https:\/\/www.stephaniecesaire.com\/wp-content\/uploads\/2023\/10\/favicon.png\",\"contentUrl\":\"https:\/\/www.stephaniecesaire.com\/wp-content\/uploads\/2023\/10\/favicon.png\",\"width\":512,\"height\":512,\"caption\":\"St\u00e9phanie C\u00e9saire\"},\"image\":{\"@id\":\"https:\/\/www.stephaniecesaire.com\/ja\/#\/schema\/logo\/image\/\"},\"sameAs\":[\"https:\/\/www.facebook.com\/cesaireparis\/\",\"https:\/\/www.pinterest.fr\/cesaireparis\/\",\"https:\/\/www.instagram.com\/cesaireparis.official\/\"]}]}<\/script>\n<!-- \/ Yoast SEO plugin. -->","yoast_head_json":{"title":"2\u9023\u30d6\u30ec\u30b9\u30ec\u30c3\u30c8 - \u5c0f\u3055\u3044\u30b5\u30a4\u30ba\u30fb\u30a4\u30b0\u30a2\u30ca\u30d7\u30ea\u30f3\u30c8\u30e9\u30e0\u30ec\u30b6\u30fc \u30d6\u30e9\u30c3\u30af - C\u00e9saire","description":"Bracelet cuir fabriqu\u00e9 en France \u2013 Petite maroquinerie Fran\u00e7aise en cuir v\u00e9ritable pleine fleur - maroquinerie de luxe artisanale Fran\u00e7aise \u2013 100% made in France","robots":{"index":"index","follow":"follow","max-snippet":"max-snippet:-1","max-image-preview":"max-image-preview:large","max-video-preview":"max-video-preview:-1"},"canonical":"https:\/\/www.stephaniecesaire.com\/ja\/boutique\/%e9%9d%a9%e5%b0%8f%e7%89%a9\/2%e9%80%a3%e3%83%96%e3%83%ac%e3%82%b9%e3%83%ac%e3%83%83%e3%83%88-%e5%b0%8f%e3%81%95%e3%81%84%e3%82%b5%e3%82%a4%e3%82%ba-%e3%83%91%e3%82%a4%e3%82%bd%e3%83%b3%e3%83%ac%e3%82%b6%e3%83%bc-%e3%82%aa\/bracelet-double-tour-petit-modele-cuir-dagneau-estampe-iguane-noir\/","og_locale":"ja_JP","og_type":"article","og_title":"2\u9023\u30d6\u30ec\u30b9\u30ec\u30c3\u30c8 - \u5c0f\u3055\u3044\u30b5\u30a4\u30ba\u30fb\u30a4\u30b0\u30a2\u30ca\u30d7\u30ea\u30f3\u30c8\u30e9\u30e0\u30ec\u30b6\u30fc \u30d6\u30e9\u30c3\u30af - C\u00e9saire","og_description":"Bracelet cuir fabriqu\u00e9 en France \u2013 Petite maroquinerie Fran\u00e7aise en cuir v\u00e9ritable pleine fleur - maroquinerie de luxe artisanale Fran\u00e7aise \u2013 100% made in France","og_url":"https:\/\/www.stephaniecesaire.com\/ja\/boutique\/%e9%9d%a9%e5%b0%8f%e7%89%a9\/2%e9%80%a3%e3%83%96%e3%83%ac%e3%82%b9%e3%83%ac%e3%83%83%e3%83%88-%e5%b0%8f%e3%81%95%e3%81%84%e3%82%b5%e3%82%a4%e3%82%ba-%e3%83%91%e3%82%a4%e3%82%bd%e3%83%b3%e3%83%ac%e3%82%b6%e3%83%bc-%e3%82%aa\/bracelet-double-tour-petit-modele-cuir-dagneau-estampe-iguane-noir\/","og_site_name":"C\u00e9saire","article_publisher":"https:\/\/www.facebook.com\/cesaireparis\/","article_modified_time":"2024-02-20T18:19:57+00:00","og_image":[{"width":630,"height":945,"url":"https:\/\/www.stephaniecesaire.com\/wp-content\/uploads\/2023\/09\/Bracelet_AGINoirTroisQuart-jpg.webp","type":"image\/jpeg"}],"twitter_card":"summary_large_image","twitter_misc":{"\u63a8\u5b9a\u8aad\u307f\u53d6\u308a\u6642\u9593":"1\u5206"},"schema":{"@context":"https:\/\/schema.org","@graph":[{"@type":"WebPage","@id":"https:\/\/www.stephaniecesaire.com\/ja\/boutique\/%e9%9d%a9%e5%b0%8f%e7%89%a9\/2%e9%80%a3%e3%83%96%e3%83%ac%e3%82%b9%e3%83%ac%e3%83%83%e3%83%88-%e5%b0%8f%e3%81%95%e3%81%84%e3%82%b5%e3%82%a4%e3%82%ba-%e3%83%91%e3%82%a4%e3%82%bd%e3%83%b3%e3%83%ac%e3%82%b6%e3%83%bc-%e3%82%aa\/bracelet-double-tour-petit-modele-cuir-dagneau-estampe-iguane-noir\/","url":"https:\/\/www.stephaniecesaire.com\/ja\/boutique\/%e9%9d%a9%e5%b0%8f%e7%89%a9\/2%e9%80%a3%e3%83%96%e3%83%ac%e3%82%b9%e3%83%ac%e3%83%83%e3%83%88-%e5%b0%8f%e3%81%95%e3%81%84%e3%82%b5%e3%82%a4%e3%82%ba-%e3%83%91%e3%82%a4%e3%82%bd%e3%83%b3%e3%83%ac%e3%82%b6%e3%83%bc-%e3%82%aa\/bracelet-double-tour-petit-modele-cuir-dagneau-estampe-iguane-noir\/","name":"2\u9023\u30d6\u30ec\u30b9\u30ec\u30c3\u30c8 - \u5c0f\u3055\u3044\u30b5\u30a4\u30ba\u30fb\u30a4\u30b0\u30a2\u30ca\u30d7\u30ea\u30f3\u30c8\u30e9\u30e0\u30ec\u30b6\u30fc \u30d6\u30e9\u30c3\u30af - C\u00e9saire","isPartOf":{"@id":"https:\/\/www.stephaniecesaire.com\/ja\/#website"},"primaryImageOfPage":{"@id":"https:\/\/www.stephaniecesaire.com\/ja\/boutique\/%e9%9d%a9%e5%b0%8f%e7%89%a9\/2%e9%80%a3%e3%83%96%e3%83%ac%e3%82%b9%e3%83%ac%e3%83%83%e3%83%88-%e5%b0%8f%e3%81%95%e3%81%84%e3%82%b5%e3%82%a4%e3%82%ba-%e3%83%91%e3%82%a4%e3%82%bd%e3%83%b3%e3%83%ac%e3%82%b6%e3%83%bc-%e3%82%aa\/bracelet-double-tour-petit-modele-cuir-dagneau-estampe-iguane-noir\/#primaryimage"},"image":{"@id":"https:\/\/www.stephaniecesaire.com\/ja\/boutique\/%e9%9d%a9%e5%b0%8f%e7%89%a9\/2%e9%80%a3%e3%83%96%e3%83%ac%e3%82%b9%e3%83%ac%e3%83%83%e3%83%88-%e5%b0%8f%e3%81%95%e3%81%84%e3%82%b5%e3%82%a4%e3%82%ba-%e3%83%91%e3%82%a4%e3%82%bd%e3%83%b3%e3%83%ac%e3%82%b6%e3%83%bc-%e3%82%aa\/bracelet-double-tour-petit-modele-cuir-dagneau-estampe-iguane-noir\/#primaryimage"},"thumbnailUrl":"https:\/\/www.stephaniecesaire.com\/wp-content\/uploads\/2023\/09\/Bracelet_AGINoirTroisQuart-jpg.webp","datePublished":"2018-05-14T12:18:57+00:00","dateModified":"2024-02-20T18:19:57+00:00","description":"Bracelet cuir fabriqu\u00e9 en France \u2013 Petite maroquinerie Fran\u00e7aise en cuir v\u00e9ritable pleine fleur - maroquinerie de luxe artisanale Fran\u00e7aise \u2013 100% made in France","breadcrumb":{"@id":"https:\/\/www.stephaniecesaire.com\/ja\/boutique\/%e9%9d%a9%e5%b0%8f%e7%89%a9\/2%e9%80%a3%e3%83%96%e3%83%ac%e3%82%b9%e3%83%ac%e3%83%83%e3%83%88-%e5%b0%8f%e3%81%95%e3%81%84%e3%82%b5%e3%82%a4%e3%82%ba-%e3%83%91%e3%82%a4%e3%82%bd%e3%83%b3%e3%83%ac%e3%82%b6%e3%83%bc-%e3%82%aa\/bracelet-double-tour-petit-modele-cuir-dagneau-estampe-iguane-noir\/#breadcrumb"},"inLanguage":"ja","potentialAction":[{"@type":"ReadAction","target":["https:\/\/www.stephaniecesaire.com\/ja\/boutique\/%e9%9d%a9%e5%b0%8f%e7%89%a9\/2%e9%80%a3%e3%83%96%e3%83%ac%e3%82%b9%e3%83%ac%e3%83%83%e3%83%88-%e5%b0%8f%e3%81%95%e3%81%84%e3%82%b5%e3%82%a4%e3%82%ba-%e3%83%91%e3%82%a4%e3%82%bd%e3%83%b3%e3%83%ac%e3%82%b6%e3%83%bc-%e3%82%aa\/bracelet-double-tour-petit-modele-cuir-dagneau-estampe-iguane-noir\/"]}]},{"@type":"ImageObject","inLanguage":"ja","@id":"https:\/\/www.stephaniecesaire.com\/ja\/boutique\/%e9%9d%a9%e5%b0%8f%e7%89%a9\/2%e9%80%a3%e3%83%96%e3%83%ac%e3%82%b9%e3%83%ac%e3%83%83%e3%83%88-%e5%b0%8f%e3%81%95%e3%81%84%e3%82%b5%e3%82%a4%e3%82%ba-%e3%83%91%e3%82%a4%e3%82%bd%e3%83%b3%e3%83%ac%e3%82%b6%e3%83%bc-%e3%82%aa\/bracelet-double-tour-petit-modele-cuir-dagneau-estampe-iguane-noir\/#primaryimage","url":"https:\/\/www.stephaniecesaire.com\/wp-content\/uploads\/2023\/09\/Bracelet_AGINoirTroisQuart-jpg.webp","contentUrl":"https:\/\/www.stephaniecesaire.com\/wp-content\/uploads\/2023\/09\/Bracelet_AGINoirTroisQuart-jpg.webp","width":630,"height":945},{"@type":"BreadcrumbList","@id":"https:\/\/www.stephaniecesaire.com\/ja\/boutique\/%e9%9d%a9%e5%b0%8f%e7%89%a9\/2%e9%80%a3%e3%83%96%e3%83%ac%e3%82%b9%e3%83%ac%e3%83%83%e3%83%88-%e5%b0%8f%e3%81%95%e3%81%84%e3%82%b5%e3%82%a4%e3%82%ba-%e3%83%91%e3%82%a4%e3%82%bd%e3%83%b3%e3%83%ac%e3%82%b6%e3%83%bc-%e3%82%aa\/bracelet-double-tour-petit-modele-cuir-dagneau-estampe-iguane-noir\/#breadcrumb","itemListElement":[{"@type":"ListItem","position":1,"name":"Accueil","item":"https:\/\/www.stephaniecesaire.com\/ja\/"},{"@type":"ListItem","position":2,"name":"\u30b7\u30e7\u30c3\u30d7","item":"https:\/\/www.stephaniecesaire.com\/ja\/%e3%82%b7%e3%83%a7%e3%83%83%e3%83%97\/"},{"@type":"ListItem","position":3,"name":"2\u9023\u30d6\u30ec\u30b9\u30ec\u30c3\u30c8 &#8211; \u5c0f\u3055\u3044\u30b5\u30a4\u30ba\u30fb\u30a4\u30b0\u30a2\u30ca\u30d7\u30ea\u30f3\u30c8\u30e9\u30e0\u30ec\u30b6\u30fc \u30d6\u30e9\u30c3\u30af"}]},{"@type":"WebSite","@id":"https:\/\/www.stephaniecesaire.com\/ja\/#website","url":"https:\/\/www.stephaniecesaire.com\/ja\/","name":"St\u00e9phanie C\u00e9saire","description":"Sac cr\u00e9ateur made in France - Maroquinerie de luxe","publisher":{"@id":"https:\/\/www.stephaniecesaire.com\/ja\/#organization"},"potentialAction":[{"@type":"SearchAction","target":{"@type":"EntryPoint","urlTemplate":"https:\/\/www.stephaniecesaire.com\/ja\/?s={search_term_string}"},"query-input":"required name=search_term_string"}],"inLanguage":"ja"},{"@type":"Organization","@id":"https:\/\/www.stephaniecesaire.com\/ja\/#organization","name":"St\u00e9phanie C\u00e9saire","url":"https:\/\/www.stephaniecesaire.com\/ja\/","logo":{"@type":"ImageObject","inLanguage":"ja","@id":"https:\/\/www.stephaniecesaire.com\/ja\/#\/schema\/logo\/image\/","url":"https:\/\/www.stephaniecesaire.com\/wp-content\/uploads\/2023\/10\/favicon.png","contentUrl":"https:\/\/www.stephaniecesaire.com\/wp-content\/uploads\/2023\/10\/favicon.png","width":512,"height":512,"caption":"St\u00e9phanie C\u00e9saire"},"image":{"@id":"https:\/\/www.stephaniecesaire.com\/ja\/#\/schema\/logo\/image\/"},"sameAs":["https:\/\/www.facebook.com\/cesaireparis\/","https:\/\/www.pinterest.fr\/cesaireparis\/","https:\/\/www.instagram.com\/cesaireparis.official\/"]}]}},"_links":{"self":[{"href":"https:\/\/www.stephaniecesaire.com\/ja\/wp-json\/wp\/v2\/product\/30052","targetHints":{"allow":["GET"]}}],"collection":[{"href":"https:\/\/www.stephaniecesaire.com\/ja\/wp-json\/wp\/v2\/product"}],"about":[{"href":"https:\/\/www.stephaniecesaire.com\/ja\/wp-json\/wp\/v2\/types\/product"}],"wp:featuredmedia":[{"embeddable":true,"href":"https:\/\/www.stephaniecesaire.com\/ja\/wp-json\/wp\/v2\/media\/13364"}],"wp:attachment":[{"href":"https:\/\/www.stephaniecesaire.com\/ja\/wp-json\/wp\/v2\/media?parent=30052"}],"wp:term":[{"taxonomy":"product_cat","embeddable":true,"href":"https:\/\/www.stephaniecesaire.com\/ja\/wp-json\/wp\/v2\/product_cat?post=30052"},{"taxonomy":"product_tag","embeddable":true,"href":"https:\/\/www.stephaniecesaire.com\/ja\/wp-json\/wp\/v2\/product_tag?post=30052"}],"curies":[{"name":"wp","href":"https:\/\/api.w.org\/{rel}","templated":true}]}}